{"id":1280,"date":"2023-06-30T17:01:51","date_gmt":"2023-06-30T15:01:51","guid":{"rendered":"https:\/\/apolinar.eu\/?page_id=1280"},"modified":"2023-06-30T17:01:51","modified_gmt":"2023-06-30T15:01:51","slug":"mam-problemy-spojene-s-dutinou-delozni-srusty-polyp-nepravidelnost-sliznice-a-dalsi","status":"publish","type":"page","link":"https:\/\/apolinar.capta.cz\/en\/gynekologie\/mam-problemy-spojene-s-dutinou-delozni-srusty-polyp-nepravidelnost-sliznice-a-dalsi\/","title":{"rendered":"M\u00e1m probl\u00e9my spojen\u00e9 s dutinou d\u011blo\u017en\u00ed"},"content":{"rendered":"                <div class=\"wrapper2 pdt-40 \"\r\n            >\r\n            <div class=\"text_block\">\r\n                <h1 class=\"title_h2 \">M\u00e1m probl\u00e9my spojen\u00e9 s dutinou d\u011blo\u017en\u00ed<\/h1>                <div class=\"page_content reset_margins\">\r\n                                                                                        <p>Metodou pro \u0159e\u0161en\u00ed probl\u00e9m\u016f t\u00fdkaj\u00edc\u00edch se dutiny d\u011blo\u017en\u00ed je hysteroskopie. Jedn\u00e1 se o v\u00fdkon, kdy je do d\u011blohy zavedena kamera a pracovn\u00ed n\u00e1stroje. Pomoc\u00ed nich je mo\u017en\u00e9 mimo jin\u00e9 odstranit polyp, sr\u016fsty nebo odebrat vzorek sliznice podez\u0159el\u00e9 z rakovinn\u00e9ho bujen\u00ed. Spektrum v\u00fdkon\u016f je v\u0161ak v dne\u0161n\u00ed dob\u011b daleko \u0161ir\u0161\u00ed.<\/p>\n<p>&nbsp;<\/p>\n                                    <\/div>\r\n            <\/div>\r\n                                <\/div>\r\n    \n\n        <section\r\n            class=\" pdb-20 \"\r\n        >\r\n        <div class=\"wrapper2\">\r\n                            <div class=\"text_block observe anim_drop1 anim_delay\">\r\n                                                                                                                <h3 class=\"title_h3 color2\">\r\n                                Kde m\u016f\u017eete hledat pomoc?                            <\/h3>\r\n                                                                <div class=\"page_content reset_margins\">\r\n                        <p><p>Pokud v\u00e1m byl diagnostikov\u00e1n podobn\u00fd probl\u00e9m, nev\u00e1hejte se obr\u00e1tit na na\u0161e experty z hysteroskopick\u00e9 ambulance, kte\u0159\u00ed se touto problematikou zab\u00fdvaj\u00ed.<\/p>\n<\/p>\r\n                    <\/div>\r\n                                    <\/div>\r\n                    <\/div>\r\n    <\/section>\r\n\n\n    <!-- BLOK I - Neonatologie -->\r\n    <section\r\n            class=\"pdt-40 pdb-40 \"\r\n        >\r\n        <div class=\"wrapper2\">\r\n            <div class=\"grid small-space\">\r\n                <!-- LEFT SIDE -->\r\n                <div class=\"text_block col_equal col1_lgm pdr-20 pd-0lg observe anim_drop1 anim_delay\">\r\n                    <h2 class=\"title_h3 \">Hysteroskopick\u00e1 ambulance<\/h2>                    <div class=\"tags responsive text_w500\">\r\n                        <div class=\"inner\">\r\n                                                                                                                                                <a href=\"tel:+420224967162\">+420 224 967 162<\/a>\r\n                                                                                                            <\/div>\r\n                    <\/div>\r\n                    <div class=\"page_content reset_margins\">\r\n                        Objednejte se na v\u00fd\u0161e uveden\u00e9m telefonn\u00edm \u010d\u00edsle.                    <\/div>\r\n                                                        <\/div>\r\n                <!-- RIGHT SIDE -->\r\n                <div class=\"col_default w370_lg col1_lgm list_items mgt-40lg observe anim_drop1 anim_delay\">\r\n                    <div class=\"bg3 radius10 pd-30 pd-25md\">\r\n                        <h3 class=\"title_h5 color2 text_uc text_w500\">\r\n                            Ordina\u010dn\u00ed hodiny                        <\/h3>\r\n                                                                            <table class=\"table_hours text_s16 mgt-10\">\r\n                                                                    <tr>\r\n                                        <th scope=\"row\">P\u00e1tek<\/th>\r\n                                                                                    <td>9:00 &#8211; 12:00<\/td>\r\n                                                                            <\/tr>\r\n                                                            <\/table>\r\n                                            <\/div>\r\n                <\/div>\r\n            <\/div>\r\n        <\/div>\r\n    <\/section>\r\n","protected":false},"excerpt":{"rendered":"","protected":false},"author":4,"featured_media":0,"parent":4067,"menu_order":0,"comment_status":"closed","ping_status":"closed","template":"","meta":{"_acf_changed":false,"footnotes":""},"class_list":["post-1280","page","type-page","status-publish","hentry"],"acf":[],"yoast_head":"<!-- This site is optimized with the Yoast SEO plugin v25.5 - https:\/\/yoast.com\/wordpress\/plugins\/seo\/ -->\n<title>M\u00e1m probl\u00e9my spojen\u00e9 s dutinou d\u011blo\u017en\u00ed - Porodnice U Apolin\u00e1\u0159e<\/title>\n<meta name=\"robots\" content=\"noindex, follow, max-snippet:-1, max-image-preview:large, max-video-preview:-1\" \/>\n<meta property=\"og:locale\" content=\"en_US\" \/>\n<meta property=\"og:type\" content=\"article\" \/>\n<meta property=\"og:title\" content=\"M\u00e1m probl\u00e9my spojen\u00e9 s dutinou d\u011blo\u017en\u00ed - Porodnice U Apolin\u00e1\u0159e\" \/>\n<meta property=\"og:url\" content=\"https:\/\/apolinar.capta.cz\/en\/gynekologie\/mam-problemy-spojene-s-dutinou-delozni-srusty-polyp-nepravidelnost-sliznice-a-dalsi\/\" \/>\n<meta property=\"og:site_name\" content=\"Porodnice U Apolin\u00e1\u0159e\" \/>\n<meta name=\"twitter:card\" content=\"summary_large_image\" \/>\n<script type=\"application\/ld+json\" class=\"yoast-schema-graph\">{\"@context\":\"https:\/\/schema.org\",\"@graph\":[{\"@type\":\"WebPage\",\"@id\":\"https:\/\/apolinar.capta.cz\/en\/gynekologie\/mam-problemy-spojene-s-dutinou-delozni-srusty-polyp-nepravidelnost-sliznice-a-dalsi\/\",\"url\":\"https:\/\/apolinar.capta.cz\/en\/gynekologie\/mam-problemy-spojene-s-dutinou-delozni-srusty-polyp-nepravidelnost-sliznice-a-dalsi\/\",\"name\":\"M\u00e1m probl\u00e9my spojen\u00e9 s dutinou d\u011blo\u017en\u00ed - Porodnice U Apolin\u00e1\u0159e\",\"isPartOf\":{\"@id\":\"https:\/\/apolinar.capta.cz\/en\/#website\"},\"datePublished\":\"2023-06-30T15:01:51+00:00\",\"breadcrumb\":{\"@id\":\"https:\/\/apolinar.capta.cz\/en\/gynekologie\/mam-problemy-spojene-s-dutinou-delozni-srusty-polyp-nepravidelnost-sliznice-a-dalsi\/#breadcrumb\"},\"inLanguage\":\"en-US\",\"potentialAction\":[{\"@type\":\"ReadAction\",\"target\":[\"https:\/\/apolinar.capta.cz\/en\/gynekologie\/mam-problemy-spojene-s-dutinou-delozni-srusty-polyp-nepravidelnost-sliznice-a-dalsi\/\"]}]},{\"@type\":\"BreadcrumbList\",\"@id\":\"https:\/\/apolinar.capta.cz\/en\/gynekologie\/mam-problemy-spojene-s-dutinou-delozni-srusty-polyp-nepravidelnost-sliznice-a-dalsi\/#breadcrumb\",\"itemListElement\":[{\"@type\":\"ListItem\",\"position\":1,\"name\":\"Dom\u016f\",\"item\":\"https:\/\/apolinar.capta.cz\/en\/\"},{\"@type\":\"ListItem\",\"position\":2,\"name\":\"M\u00e1m probl\u00e9my spojen\u00e9 s dutinou d\u011blo\u017en\u00ed\"}]},{\"@type\":\"WebSite\",\"@id\":\"https:\/\/apolinar.capta.cz\/en\/#website\",\"url\":\"https:\/\/apolinar.capta.cz\/en\/\",\"name\":\"Porodnice U Apolin\u00e1\u0159e\",\"description\":\"Klinika gynekologie, porodnictv\u00ed a neonatologie 1. LF UK a VFN v Praze\",\"potentialAction\":[{\"@type\":\"SearchAction\",\"target\":{\"@type\":\"EntryPoint\",\"urlTemplate\":\"https:\/\/apolinar.capta.cz\/en\/?s={search_term_string}\"},\"query-input\":{\"@type\":\"PropertyValueSpecification\",\"valueRequired\":true,\"valueName\":\"search_term_string\"}}],\"inLanguage\":\"en-US\"}]}<\/script>\n<!-- \/ Yoast SEO plugin. -->","yoast_head_json":{"title":"M\u00e1m probl\u00e9my spojen\u00e9 s dutinou d\u011blo\u017en\u00ed - Porodnice U Apolin\u00e1\u0159e","robots":{"index":"noindex","follow":"follow","max-snippet":"max-snippet:-1","max-image-preview":"max-image-preview:large","max-video-preview":"max-video-preview:-1"},"og_locale":"en_US","og_type":"article","og_title":"M\u00e1m probl\u00e9my spojen\u00e9 s dutinou d\u011blo\u017en\u00ed - Porodnice U Apolin\u00e1\u0159e","og_url":"https:\/\/apolinar.capta.cz\/en\/gynekologie\/mam-problemy-spojene-s-dutinou-delozni-srusty-polyp-nepravidelnost-sliznice-a-dalsi\/","og_site_name":"Porodnice U Apolin\u00e1\u0159e","twitter_card":"summary_large_image","schema":{"@context":"https:\/\/schema.org","@graph":[{"@type":"WebPage","@id":"https:\/\/apolinar.capta.cz\/en\/gynekologie\/mam-problemy-spojene-s-dutinou-delozni-srusty-polyp-nepravidelnost-sliznice-a-dalsi\/","url":"https:\/\/apolinar.capta.cz\/en\/gynekologie\/mam-problemy-spojene-s-dutinou-delozni-srusty-polyp-nepravidelnost-sliznice-a-dalsi\/","name":"M\u00e1m probl\u00e9my spojen\u00e9 s dutinou d\u011blo\u017en\u00ed - Porodnice U Apolin\u00e1\u0159e","isPartOf":{"@id":"https:\/\/apolinar.capta.cz\/en\/#website"},"datePublished":"2023-06-30T15:01:51+00:00","breadcrumb":{"@id":"https:\/\/apolinar.capta.cz\/en\/gynekologie\/mam-problemy-spojene-s-dutinou-delozni-srusty-polyp-nepravidelnost-sliznice-a-dalsi\/#breadcrumb"},"inLanguage":"en-US","potentialAction":[{"@type":"ReadAction","target":["https:\/\/apolinar.capta.cz\/en\/gynekologie\/mam-problemy-spojene-s-dutinou-delozni-srusty-polyp-nepravidelnost-sliznice-a-dalsi\/"]}]},{"@type":"BreadcrumbList","@id":"https:\/\/apolinar.capta.cz\/en\/gynekologie\/mam-problemy-spojene-s-dutinou-delozni-srusty-polyp-nepravidelnost-sliznice-a-dalsi\/#breadcrumb","itemListElement":[{"@type":"ListItem","position":1,"name":"Dom\u016f","item":"https:\/\/apolinar.capta.cz\/en\/"},{"@type":"ListItem","position":2,"name":"M\u00e1m probl\u00e9my spojen\u00e9 s dutinou d\u011blo\u017en\u00ed"}]},{"@type":"WebSite","@id":"https:\/\/apolinar.capta.cz\/en\/#website","url":"https:\/\/apolinar.capta.cz\/en\/","name":"Porodnice U Apolin\u00e1\u0159e","description":"Klinika gynekologie, porodnictv\u00ed a neonatologie 1. LF UK a VFN v Praze","potentialAction":[{"@type":"SearchAction","target":{"@type":"EntryPoint","urlTemplate":"https:\/\/apolinar.capta.cz\/en\/?s={search_term_string}"},"query-input":{"@type":"PropertyValueSpecification","valueRequired":true,"valueName":"search_term_string"}}],"inLanguage":"en-US"}]}},"_links":{"self":[{"href":"https:\/\/apolinar.capta.cz\/en\/wp-json\/wp\/v2\/pages\/1280","targetHints":{"allow":["GET"]}}],"collection":[{"href":"https:\/\/apolinar.capta.cz\/en\/wp-json\/wp\/v2\/pages"}],"about":[{"href":"https:\/\/apolinar.capta.cz\/en\/wp-json\/wp\/v2\/types\/page"}],"author":[{"embeddable":true,"href":"https:\/\/apolinar.capta.cz\/en\/wp-json\/wp\/v2\/users\/4"}],"replies":[{"embeddable":true,"href":"https:\/\/apolinar.capta.cz\/en\/wp-json\/wp\/v2\/comments?post=1280"}],"version-history":[{"count":0,"href":"https:\/\/apolinar.capta.cz\/en\/wp-json\/wp\/v2\/pages\/1280\/revisions"}],"up":[{"embeddable":true,"href":"https:\/\/apolinar.capta.cz\/en\/wp-json\/wp\/v2\/pages\/4067"}],"wp:attachment":[{"href":"https:\/\/apolinar.capta.cz\/en\/wp-json\/wp\/v2\/media?parent=1280"}],"curies":[{"name":"wp","href":"https:\/\/api.w.org\/{rel}","templated":true}]}}