{"id":1300,"date":"2023-07-04T12:18:24","date_gmt":"2023-07-04T10:18:24","guid":{"rendered":"https:\/\/apolinar.eu\/?page_id=1300"},"modified":"2023-07-04T12:18:24","modified_gmt":"2023-07-04T10:18:24","slug":"mam-onemocneni-prsu","status":"publish","type":"page","link":"https:\/\/apolinar.capta.cz\/en\/gynekologie\/mam-onemocneni-prsu\/","title":{"rendered":"M\u00e1m onemocn\u011bn\u00ed prsu"},"content":{"rendered":"                <!-- TEXT BLOCK -->\r\n        <section\r\n                class=\"pdt-40 pdb-40 \"\r\n            >\r\n            <div class=\"wrapper2 text_block\">\r\n                <h2 class=\"title_h2 text_center_mdm\">Onemocn\u011bn\u00ed prsu<\/h2>                                                                                    <h3 class=\"title_h3 text_center_mdm\">KONTAKTUJTE N\u00c1S: Ambulance pro nemoci prsu, tel.: \u00a0+420 607 115 051<\/h3>\r\n                                                <div class=\"page_content reset_margins\">\r\n                                                                                        <p><strong>N\u00e1\u0161 t\u00fdm zaji\u0161tuje v komplexn\u00ed p\u00e9\u010di o prsy:<\/strong><\/p>\n<ul>\n<li>Diagnostiku a l\u00e9\u010dbu nezhoubn\u00fdch i zhoubn\u00fdch onemocn\u011bn\u00ed prsu.<\/li>\n<li>Poskytujeme p\u00e9\u010di i t\u011bhotn\u00fdm a koj\u00edc\u00edm \u017een\u00e1m.<\/li>\n<li>V\u011bnujeme se i \u017een\u00e1m se vz\u00e1cn\u00fdmi nemocemi prsu.<\/li>\n<li>Nab\u00edz\u00edme i tzv. \u201esecond opinion\u201c (druh\u00fd n\u00e1zor) na management nemoc\u00ed prsu.<\/li>\n<\/ul>\n<p><strong>Opera\u010dn\u00ed l\u00e9\u010dba<\/strong><\/p>\n<p>V r\u00e1mci p\u00e9\u010de o pacientky s karcinomem prsu zaji\u0161\u0165ujeme krom\u011b komplexn\u00ed diagnostiky p\u0159edev\u0161\u00edm opera\u010dn\u00ed l\u00e9\u010dbu. Prov\u00e1d\u00edme cel\u00e9 spektrum opera\u010dn\u00edch v\u00fdkon\u016f, v\u010detn\u011b k\u016f\u017ei \u0161et\u0159\u00edc\u00edch mastektomi\u00ed, c\u00edlen\u00e9 disekce axily, r\u00e1diov\u011b navigovan\u00e9 exstirpace nehmatn\u00fdch okultn\u00edch l\u00e9z\u00ed pomoc\u00ed jodov\u00fdch zrn.<\/p>\n<ul>\n<li>P\u0159\u00edmo na opera\u010dn\u00edch s\u00e1lech je k\u00a0dispozici 3D mamograf s tomosynt\u00e9zou.<\/li>\n<\/ul>\n<p><strong>N\u00e1sledn\u00e1 l\u00e9\u010dba<\/strong><\/p>\n<p>N\u00e1sledn\u00e1 onkologick\u00e1 l\u00e9\u010dba pacientek je zaji\u0161t\u011bna ve spolupr\u00e1ci s onkologickou klinikou na\u0161\u00ed nemocnice.<\/p>\n                                    <\/div>\r\n            <\/div>\r\n        <\/section>\r\n    \n\n                <!-- TEXT BLOCK -->\r\n        <section\r\n                class=\"pdt-40 pdb-80 bg3\"\r\n            >\r\n            <div class=\"wrapper2 text_block\">\r\n                                                                                                    <h3 class=\"title_h3 text_center_mdm\">D\u016fle\u017eit\u00e1 informace:<\/h3>\r\n                                                <div class=\"page_content reset_margins\">\r\n                                                                                        <p><strong>Mu\u017ee na na\u0161\u00ed klinice bohu\u017eel neo\u0161et\u0159ujeme.<\/strong><\/p>\n<p><strong>Mamografii ani ultrazvuk prsu neprov\u00e1d\u00edme.<\/strong><br \/>\nObjednat na mamografii i ultrazvuk prs\u016f se m\u016f\u017eete v Centru diagnostiky chorob prsu V. Polaka:<br \/>\nPond\u011bl\u00ed &#8211; p\u00e1tek: 8 &#8211; 12:00<br \/>\nTel.: +420 224 966 344<\/p>\n<p>&nbsp;<\/p>\n<p><img loading=\"lazy\" decoding=\"async\" class=\"wp-image-10354 alignleft\" src=\"https:\/\/apolinar.capta.cz\/wp-content\/uploads\/2024\/10\/Snimek-obrazovky-2024-10-11-115807.png\" alt=\"\" width=\"106\" height=\"77\" \/><\/p>\n<h3><a href=\"https:\/\/youtu.be\/R3kyQbPUrY0\" target=\"_blank\" rel=\"noopener\">POD\u00cdVEJTE SE, JAK TO U N\u00c1S VYPAD\u00c1.<\/a><\/h3>\n                                    <\/div>\r\n            <\/div>\r\n        <\/section>\r\n    \n\n                <div class=\"pdt-40 pdb-40 \"\r\n            >\r\n            <div class=\"wrapper2 anim_delay anim_drop1 observe\">\r\n                <h2 class=\"title_h3 \">M\u00e1te z\u00e1jem o preventivn\u00ed vy\u0161et\u0159en\u00ed prs\u016f?<\/h2>                <div class=\"page_content reset_margins mgt-30\">\r\n                                                                                        <p>N\u00e1\u0161 t\u00fdm zaji\u0161\u0165uje v r\u00e1mci komplexn\u00ed p\u00e9\u010de o prsy i preventivn\u00ed vy\u0161et\u0159en\u00ed prs\u016f v\u010detn\u011b v\u0161ech dostupn\u00fdch zobrazovac\u00edch vy\u0161et\u0159en\u00ed prsu (ultrazvuk, digit\u00e1ln\u00ed mamografie, magnetick\u00e1 rezonance). V p\u0159\u00edpad\u011b zji\u0161t\u011bn\u00ed d\u011bdi\u010dn\u00e9 dispozice pro vznik rakoviny spolupracuje s ostatn\u00edmi klinick\u00fdmi obory (klinick\u00e1 genetika, onkogynekologie, onkologie).<\/p>\n<p><strong>Kontaktujte pros\u00edm na\u0161i koordin\u00e1torku:<\/strong> +420 607 115 051<\/p>\n                                    <\/div>\r\n            <\/div>\r\n        <\/div>\r\n    ","protected":false},"excerpt":{"rendered":"","protected":false},"author":4,"featured_media":0,"parent":4067,"menu_order":0,"comment_status":"closed","ping_status":"closed","template":"","meta":{"_acf_changed":false,"footnotes":""},"class_list":["post-1300","page","type-page","status-publish","hentry"],"acf":[],"yoast_head":"<!-- This site is optimized with the Yoast SEO plugin v25.5 - https:\/\/yoast.com\/wordpress\/plugins\/seo\/ -->\n<title>M\u00e1m onemocn\u011bn\u00ed prsu - Porodnice U Apolin\u00e1\u0159e<\/title>\n<meta name=\"robots\" content=\"noindex, follow, max-snippet:-1, max-image-preview:large, max-video-preview:-1\" \/>\n<meta property=\"og:locale\" content=\"en_US\" \/>\n<meta property=\"og:type\" content=\"article\" \/>\n<meta property=\"og:title\" content=\"M\u00e1m onemocn\u011bn\u00ed prsu - Porodnice U Apolin\u00e1\u0159e\" \/>\n<meta property=\"og:url\" content=\"https:\/\/apolinar.capta.cz\/en\/gynekologie\/mam-onemocneni-prsu\/\" \/>\n<meta property=\"og:site_name\" content=\"Porodnice U Apolin\u00e1\u0159e\" \/>\n<meta name=\"twitter:card\" content=\"summary_large_image\" \/>\n<script type=\"application\/ld+json\" class=\"yoast-schema-graph\">{\"@context\":\"https:\/\/schema.org\",\"@graph\":[{\"@type\":\"WebPage\",\"@id\":\"https:\/\/apolinar.capta.cz\/en\/gynekologie\/mam-onemocneni-prsu\/\",\"url\":\"https:\/\/apolinar.capta.cz\/en\/gynekologie\/mam-onemocneni-prsu\/\",\"name\":\"M\u00e1m onemocn\u011bn\u00ed prsu - Porodnice U Apolin\u00e1\u0159e\",\"isPartOf\":{\"@id\":\"https:\/\/apolinar.capta.cz\/en\/#website\"},\"datePublished\":\"2023-07-04T10:18:24+00:00\",\"breadcrumb\":{\"@id\":\"https:\/\/apolinar.capta.cz\/en\/gynekologie\/mam-onemocneni-prsu\/#breadcrumb\"},\"inLanguage\":\"en-US\",\"potentialAction\":[{\"@type\":\"ReadAction\",\"target\":[\"https:\/\/apolinar.capta.cz\/en\/gynekologie\/mam-onemocneni-prsu\/\"]}]},{\"@type\":\"BreadcrumbList\",\"@id\":\"https:\/\/apolinar.capta.cz\/en\/gynekologie\/mam-onemocneni-prsu\/#breadcrumb\",\"itemListElement\":[{\"@type\":\"ListItem\",\"position\":1,\"name\":\"Dom\u016f\",\"item\":\"https:\/\/apolinar.capta.cz\/en\/\"},{\"@type\":\"ListItem\",\"position\":2,\"name\":\"M\u00e1m onemocn\u011bn\u00ed prsu\"}]},{\"@type\":\"WebSite\",\"@id\":\"https:\/\/apolinar.capta.cz\/en\/#website\",\"url\":\"https:\/\/apolinar.capta.cz\/en\/\",\"name\":\"Porodnice U Apolin\u00e1\u0159e\",\"description\":\"Klinika gynekologie, porodnictv\u00ed a neonatologie 1. LF UK a VFN v Praze\",\"potentialAction\":[{\"@type\":\"SearchAction\",\"target\":{\"@type\":\"EntryPoint\",\"urlTemplate\":\"https:\/\/apolinar.capta.cz\/en\/?s={search_term_string}\"},\"query-input\":{\"@type\":\"PropertyValueSpecification\",\"valueRequired\":true,\"valueName\":\"search_term_string\"}}],\"inLanguage\":\"en-US\"}]}<\/script>\n<!-- \/ Yoast SEO plugin. -->","yoast_head_json":{"title":"M\u00e1m onemocn\u011bn\u00ed prsu - Porodnice U Apolin\u00e1\u0159e","robots":{"index":"noindex","follow":"follow","max-snippet":"max-snippet:-1","max-image-preview":"max-image-preview:large","max-video-preview":"max-video-preview:-1"},"og_locale":"en_US","og_type":"article","og_title":"M\u00e1m onemocn\u011bn\u00ed prsu - Porodnice U Apolin\u00e1\u0159e","og_url":"https:\/\/apolinar.capta.cz\/en\/gynekologie\/mam-onemocneni-prsu\/","og_site_name":"Porodnice U Apolin\u00e1\u0159e","twitter_card":"summary_large_image","schema":{"@context":"https:\/\/schema.org","@graph":[{"@type":"WebPage","@id":"https:\/\/apolinar.capta.cz\/en\/gynekologie\/mam-onemocneni-prsu\/","url":"https:\/\/apolinar.capta.cz\/en\/gynekologie\/mam-onemocneni-prsu\/","name":"M\u00e1m onemocn\u011bn\u00ed prsu - Porodnice U Apolin\u00e1\u0159e","isPartOf":{"@id":"https:\/\/apolinar.capta.cz\/en\/#website"},"datePublished":"2023-07-04T10:18:24+00:00","breadcrumb":{"@id":"https:\/\/apolinar.capta.cz\/en\/gynekologie\/mam-onemocneni-prsu\/#breadcrumb"},"inLanguage":"en-US","potentialAction":[{"@type":"ReadAction","target":["https:\/\/apolinar.capta.cz\/en\/gynekologie\/mam-onemocneni-prsu\/"]}]},{"@type":"BreadcrumbList","@id":"https:\/\/apolinar.capta.cz\/en\/gynekologie\/mam-onemocneni-prsu\/#breadcrumb","itemListElement":[{"@type":"ListItem","position":1,"name":"Dom\u016f","item":"https:\/\/apolinar.capta.cz\/en\/"},{"@type":"ListItem","position":2,"name":"M\u00e1m onemocn\u011bn\u00ed prsu"}]},{"@type":"WebSite","@id":"https:\/\/apolinar.capta.cz\/en\/#website","url":"https:\/\/apolinar.capta.cz\/en\/","name":"Porodnice U Apolin\u00e1\u0159e","description":"Klinika gynekologie, porodnictv\u00ed a neonatologie 1. LF UK a VFN v Praze","potentialAction":[{"@type":"SearchAction","target":{"@type":"EntryPoint","urlTemplate":"https:\/\/apolinar.capta.cz\/en\/?s={search_term_string}"},"query-input":{"@type":"PropertyValueSpecification","valueRequired":true,"valueName":"search_term_string"}}],"inLanguage":"en-US"}]}},"_links":{"self":[{"href":"https:\/\/apolinar.capta.cz\/en\/wp-json\/wp\/v2\/pages\/1300","targetHints":{"allow":["GET"]}}],"collection":[{"href":"https:\/\/apolinar.capta.cz\/en\/wp-json\/wp\/v2\/pages"}],"about":[{"href":"https:\/\/apolinar.capta.cz\/en\/wp-json\/wp\/v2\/types\/page"}],"author":[{"embeddable":true,"href":"https:\/\/apolinar.capta.cz\/en\/wp-json\/wp\/v2\/users\/4"}],"replies":[{"embeddable":true,"href":"https:\/\/apolinar.capta.cz\/en\/wp-json\/wp\/v2\/comments?post=1300"}],"version-history":[{"count":0,"href":"https:\/\/apolinar.capta.cz\/en\/wp-json\/wp\/v2\/pages\/1300\/revisions"}],"up":[{"embeddable":true,"href":"https:\/\/apolinar.capta.cz\/en\/wp-json\/wp\/v2\/pages\/4067"}],"wp:attachment":[{"href":"https:\/\/apolinar.capta.cz\/en\/wp-json\/wp\/v2\/media?parent=1300"}],"curies":[{"name":"wp","href":"https:\/\/api.w.org\/{rel}","templated":true}]}}