{"id":1323,"date":"2023-07-09T16:41:35","date_gmt":"2023-07-09T14:41:35","guid":{"rendered":"https:\/\/apolinar.eu\/?page_id=1323"},"modified":"2023-07-09T16:41:35","modified_gmt":"2023-07-09T14:41:35","slug":"akutni-potize-po-porodu","status":"publish","type":"page","link":"https:\/\/apolinar.capta.cz\/en\/akutni-obtize\/akutni-potize-po-porodu\/","title":{"rendered":"Akutn\u00ed pot\u00ed\u017ee po porodu"},"content":{"rendered":"                <div class=\"wrapper2 pdt-80 pdb-40 \"\r\n            >\r\n            <div class=\"text_block\">\r\n                <h1 class=\"title_h2 \">Akutn\u00ed pot\u00ed\u017ee po porodu<\/h1>                <div class=\"page_content reset_margins\">\r\n                                                                                        <p><strong>V \u0161estined\u011bl\u00ed se mohou objevit tyto obt\u00ed\u017ee:<\/strong><\/p>\n<ul>\n<li>siln\u011bj\u0161\u00ed krv\u00e1cen\u00ed (v\u00edce krve ne\u017e p\u0159i menstruaci)<\/li>\n<li>hore\u010dka (teplota vy\u0161\u0161\u00ed ne\u017e 38\u00baC)<\/li>\n<li>bolesti b\u0159icha<\/li>\n<li>z\u00e1n\u011bt prsu (prs zarudl\u00fd a bolestiv\u00fd na dotek)<\/li>\n<li>z\u00e1n\u011bt mo\u010dov\u00e9ho m\u011bch\u00fd\u0159e (p\u00e1len\u00ed a \u0159ez\u00e1n\u00ed p\u0159i mo\u010den\u00ed)<\/li>\n<li>z\u00e1n\u011bt \u017eil doln\u00edch kon\u010detin apod.<\/li>\n<li>nebo i dal\u0161\u00ed gynekologick\u00e9 obt\u00ed\u017ee, <strong>je mo\u017en\u00e9 p\u0159ij\u00edt na kontrolu na gynekologickou ambulanci do na\u0161\u00ed porodnice (p\u0159\u00edzem\u00ed, ambulantn\u00ed chodba vpravo), kter\u00e1 funguje 24\/7<\/strong>.<\/li>\n<\/ul>\n<p>Na tuto kontrolu si s sebou vezm\u011bte i sv\u00e9 d\u00edt\u011b, proto\u017ee nikdy nen\u00ed dop\u0159edu jasn\u00e9, jak dlouho se v nemocnici zdr\u017e\u00edte. Person\u00e1l gynekologick\u00e9 ambulance se sna\u017e\u00ed v\u017edy up\u0159ednostnit matky po porodu p\u0159ed ostatn\u00edmi pacientkami.<br \/>\nPokud V\u00e1s tr\u00e1p\u00ed jin\u00e9 onemocn\u011bn\u00ed, nap\u0159\u00edklad ch\u0159ipka (\u010di jin\u00e1 vir\u00f3za), ang\u00edna apod., nav\u0161tivte i b\u011bhem \u0161estined\u011bl\u00ed sv\u00e9ho praktick\u00e9ho l\u00e9ka\u0159e.<br \/>\nPo propu\u0161t\u011bn\u00ed z odd\u011blen\u00ed \u0161estined\u011bl\u00ed se objednejte ke sv\u00e9mu obvodn\u00edmu gynekologovi, kter\u00fd po \u0161estined\u011bl\u00ed zkontroluje V\u00e1\u0161 stav a zhojen\u00ed. Ve\u0161ker\u00e9 gynekologick\u00e9 obt\u00ed\u017ee po \u0161estined\u011bl\u00ed ji\u017e \u0159e\u0161te s n\u00edm.<\/p>\n                                    <\/div>\r\n            <\/div>\r\n                                <\/div>\r\n    ","protected":false},"excerpt":{"rendered":"","protected":false},"author":3,"featured_media":0,"parent":3948,"menu_order":0,"comment_status":"closed","ping_status":"closed","template":"","meta":{"_acf_changed":false,"footnotes":""},"class_list":["post-1323","page","type-page","status-publish","hentry"],"acf":[],"yoast_head":"<!-- This site is optimized with the Yoast SEO plugin v25.5 - https:\/\/yoast.com\/wordpress\/plugins\/seo\/ -->\n<title>Akutn\u00ed pot\u00ed\u017ee po porodu - Porodnice U Apolin\u00e1\u0159e<\/title>\n<meta name=\"robots\" content=\"noindex, follow, max-snippet:-1, max-image-preview:large, max-video-preview:-1\" \/>\n<meta property=\"og:locale\" content=\"en_US\" \/>\n<meta property=\"og:type\" content=\"article\" \/>\n<meta property=\"og:title\" content=\"Akutn\u00ed pot\u00ed\u017ee po porodu - Porodnice U Apolin\u00e1\u0159e\" \/>\n<meta property=\"og:url\" content=\"https:\/\/apolinar.capta.cz\/en\/akutni-obtize\/akutni-potize-po-porodu\/\" \/>\n<meta property=\"og:site_name\" content=\"Porodnice U Apolin\u00e1\u0159e\" \/>\n<meta name=\"twitter:card\" content=\"summary_large_image\" \/>\n<script type=\"application\/ld+json\" class=\"yoast-schema-graph\">{\"@context\":\"https:\/\/schema.org\",\"@graph\":[{\"@type\":\"WebPage\",\"@id\":\"https:\/\/apolinar.capta.cz\/en\/akutni-obtize\/akutni-potize-po-porodu\/\",\"url\":\"https:\/\/apolinar.capta.cz\/en\/akutni-obtize\/akutni-potize-po-porodu\/\",\"name\":\"Akutn\u00ed pot\u00ed\u017ee po porodu - Porodnice U Apolin\u00e1\u0159e\",\"isPartOf\":{\"@id\":\"https:\/\/apolinar.capta.cz\/en\/#website\"},\"datePublished\":\"2023-07-09T14:41:35+00:00\",\"breadcrumb\":{\"@id\":\"https:\/\/apolinar.capta.cz\/en\/akutni-obtize\/akutni-potize-po-porodu\/#breadcrumb\"},\"inLanguage\":\"en-US\",\"potentialAction\":[{\"@type\":\"ReadAction\",\"target\":[\"https:\/\/apolinar.capta.cz\/en\/akutni-obtize\/akutni-potize-po-porodu\/\"]}]},{\"@type\":\"BreadcrumbList\",\"@id\":\"https:\/\/apolinar.capta.cz\/en\/akutni-obtize\/akutni-potize-po-porodu\/#breadcrumb\",\"itemListElement\":[{\"@type\":\"ListItem\",\"position\":1,\"name\":\"Dom\u016f\",\"item\":\"https:\/\/apolinar.capta.cz\/en\/\"},{\"@type\":\"ListItem\",\"position\":2,\"name\":\"Akutn\u00ed pot\u00ed\u017ee po porodu\"}]},{\"@type\":\"WebSite\",\"@id\":\"https:\/\/apolinar.capta.cz\/en\/#website\",\"url\":\"https:\/\/apolinar.capta.cz\/en\/\",\"name\":\"Porodnice U Apolin\u00e1\u0159e\",\"description\":\"Klinika gynekologie, porodnictv\u00ed a neonatologie 1. LF UK a VFN v Praze\",\"potentialAction\":[{\"@type\":\"SearchAction\",\"target\":{\"@type\":\"EntryPoint\",\"urlTemplate\":\"https:\/\/apolinar.capta.cz\/en\/?s={search_term_string}\"},\"query-input\":{\"@type\":\"PropertyValueSpecification\",\"valueRequired\":true,\"valueName\":\"search_term_string\"}}],\"inLanguage\":\"en-US\"}]}<\/script>\n<!-- \/ Yoast SEO plugin. -->","yoast_head_json":{"title":"Akutn\u00ed pot\u00ed\u017ee po porodu - Porodnice U Apolin\u00e1\u0159e","robots":{"index":"noindex","follow":"follow","max-snippet":"max-snippet:-1","max-image-preview":"max-image-preview:large","max-video-preview":"max-video-preview:-1"},"og_locale":"en_US","og_type":"article","og_title":"Akutn\u00ed pot\u00ed\u017ee po porodu - Porodnice U Apolin\u00e1\u0159e","og_url":"https:\/\/apolinar.capta.cz\/en\/akutni-obtize\/akutni-potize-po-porodu\/","og_site_name":"Porodnice U Apolin\u00e1\u0159e","twitter_card":"summary_large_image","schema":{"@context":"https:\/\/schema.org","@graph":[{"@type":"WebPage","@id":"https:\/\/apolinar.capta.cz\/en\/akutni-obtize\/akutni-potize-po-porodu\/","url":"https:\/\/apolinar.capta.cz\/en\/akutni-obtize\/akutni-potize-po-porodu\/","name":"Akutn\u00ed pot\u00ed\u017ee po porodu - Porodnice U Apolin\u00e1\u0159e","isPartOf":{"@id":"https:\/\/apolinar.capta.cz\/en\/#website"},"datePublished":"2023-07-09T14:41:35+00:00","breadcrumb":{"@id":"https:\/\/apolinar.capta.cz\/en\/akutni-obtize\/akutni-potize-po-porodu\/#breadcrumb"},"inLanguage":"en-US","potentialAction":[{"@type":"ReadAction","target":["https:\/\/apolinar.capta.cz\/en\/akutni-obtize\/akutni-potize-po-porodu\/"]}]},{"@type":"BreadcrumbList","@id":"https:\/\/apolinar.capta.cz\/en\/akutni-obtize\/akutni-potize-po-porodu\/#breadcrumb","itemListElement":[{"@type":"ListItem","position":1,"name":"Dom\u016f","item":"https:\/\/apolinar.capta.cz\/en\/"},{"@type":"ListItem","position":2,"name":"Akutn\u00ed pot\u00ed\u017ee po porodu"}]},{"@type":"WebSite","@id":"https:\/\/apolinar.capta.cz\/en\/#website","url":"https:\/\/apolinar.capta.cz\/en\/","name":"Porodnice U Apolin\u00e1\u0159e","description":"Klinika gynekologie, porodnictv\u00ed a neonatologie 1. LF UK a VFN v Praze","potentialAction":[{"@type":"SearchAction","target":{"@type":"EntryPoint","urlTemplate":"https:\/\/apolinar.capta.cz\/en\/?s={search_term_string}"},"query-input":{"@type":"PropertyValueSpecification","valueRequired":true,"valueName":"search_term_string"}}],"inLanguage":"en-US"}]}},"_links":{"self":[{"href":"https:\/\/apolinar.capta.cz\/en\/wp-json\/wp\/v2\/pages\/1323","targetHints":{"allow":["GET"]}}],"collection":[{"href":"https:\/\/apolinar.capta.cz\/en\/wp-json\/wp\/v2\/pages"}],"about":[{"href":"https:\/\/apolinar.capta.cz\/en\/wp-json\/wp\/v2\/types\/page"}],"author":[{"embeddable":true,"href":"https:\/\/apolinar.capta.cz\/en\/wp-json\/wp\/v2\/users\/3"}],"replies":[{"embeddable":true,"href":"https:\/\/apolinar.capta.cz\/en\/wp-json\/wp\/v2\/comments?post=1323"}],"version-history":[{"count":0,"href":"https:\/\/apolinar.capta.cz\/en\/wp-json\/wp\/v2\/pages\/1323\/revisions"}],"up":[{"embeddable":true,"href":"https:\/\/apolinar.capta.cz\/en\/wp-json\/wp\/v2\/pages\/3948"}],"wp:attachment":[{"href":"https:\/\/apolinar.capta.cz\/en\/wp-json\/wp\/v2\/media?parent=1323"}],"curies":[{"name":"wp","href":"https:\/\/api.w.org\/{rel}","templated":true}]}}