{"id":1414,"date":"2023-07-07T15:19:18","date_gmt":"2023-07-07T13:19:18","guid":{"rendered":"https:\/\/apolinar.eu\/?page_id=1414"},"modified":"2023-07-07T15:19:18","modified_gmt":"2023-07-07T13:19:18","slug":"mam-podezreni-na-nadorove-onemocneni","status":"publish","type":"page","link":"https:\/\/apolinar.capta.cz\/en\/gynekologie\/onkogynekologie-2\/mam-podezreni-na-nadorove-onemocneni\/","title":{"rendered":"Obecn\u00e9 informace"},"content":{"rendered":"                <!-- TEXT BLOCK -->\r\n        <section\r\n                class=\"pdt-80 pdb-40 \"\r\n            >\r\n            <div class=\"wrapper2 text_block\">\r\n                <h1 class=\"title_h2 text_center_mdm\">Obecn\u00e9 informace<\/h1>                                                                                                <div class=\"page_content reset_margins\">\r\n                                                        <\/div>\r\n            <\/div>\r\n        <\/section>\r\n    \n\n                <!-- TEXT BLOCK -->\r\n        <section\r\n                class=\"pdt-40 pdb-40 bg3\"\r\n            id=\"01\">\r\n            <div class=\"wrapper2 text_block\">\r\n                                                                    <div class=\"tags mgt-10 responsive\">\r\n                        <div class=\"inner justify-center-mdm\">\r\n                                                                                                                <\/div>\r\n                    <\/div>\r\n                                                                    <h3 class=\"title_h3 text_center_mdm\">Jste odesl\u00e1na na expertn\u00ed vy\u0161et\u0159en\u00ed d\u011blo\u017en\u00edho \u010d\u00edpku nebo zevn\u00edch rodidel \/Je v\u00e1m doporu\u010dena konizace nebo biopsie<\/h3>\r\n                                                <div class=\"page_content reset_margins\">\r\n                                                                                        <p>N\u00e1lez na d\u011blo\u017en\u00edm \u010d\u00edpku nebo zevn\u00edch rodidlech v\u00e1m vy\u0161et\u0159\u00edme pomoc\u00ed kolposkopu v r\u00e1mci prohl\u00eddky v Centru onkologick\u00e9 prevence (COP). Jedn\u00e1 se vy\u0161et\u0159en\u00ed podobn\u00e9 tomu, na kter\u00e9 jste zvykl\u00e1 u sv\u00e9ho gynekologa. L\u00e9ka\u0159 specialista v na\u0161em centru d\u00e1le zhodnot\u00ed v\u00fdsledky va\u0161ich dosavadn\u00edch vy\u0161et\u0159en\u00ed a doporu\u010d\u00ed dal\u0161\u00ed postup. V\u011bt\u0161ina n\u00e1lez\u016f nevy\u017eaduje chirurgick\u00e9 o\u0161et\u0159en\u00ed. V tom p\u0159\u00edpad\u011b si v\u00e1s pozveme na dal\u0161\u00ed kontrolu nebo doporu\u010d\u00edme sledov\u00e1n\u00ed u va\u0161eho gynekologa.<br \/>\nV n\u011bkter\u00fdch p\u0159\u00edpadech bude diagn\u00f3za up\u0159esn\u011bna pomoc\u00ed odb\u011bru vzorku tk\u00e1n\u011b.<\/p>\n<p>V p\u0159\u00edpad\u011b z\u00e1va\u017en\u011bj\u0161\u00edch n\u00e1lez\u016f v\u00e1m bude doporu\u010deno proveden\u00ed konizace \u2013 kr\u00e1tk\u00e9ho v\u00fdkonu na d\u011blo\u017en\u00edm hrdle, kdy je odstran\u011bna tk\u00e1\u0148 s p\u0159edn\u00e1dorov\u00fdm stavem. Tento v\u00fdkon je mo\u017en\u00e9 na na\u0161em pracovi\u0161ti prov\u00e9st v celkov\u00e9 i m\u00edstn\u00ed anestezii.<\/p>\n<h4><strong>Kontakt: Centrum onkologick\u00e9 prevence, +420 224 967 480, +420 224 967 481.\u00a0<\/strong><\/h4>\n                                    <\/div>\r\n            <\/div>\r\n        <\/section>\r\n    \n\n        <section\r\n            class=\"pdt-40 pdb-40 \"\r\n        id=\"02\">\r\n        <div class=\"wrapper2\">\r\n                            <div class=\"text_block observe anim_drop1 anim_delay\">\r\n                                                                                                                <h3 class=\"title_h3 color2\">\r\n                                Jste odesl\u00e1na na expertn\u00ed ultrazvukov\u00e9 vy\u0161et\u0159en\u00ed                             <\/h3>\r\n                                                                <div class=\"page_content reset_margins\">\r\n                        <p><p>Ultrazvukov\u00e9 vy\u0161et\u0159en\u00ed p\u0159edstavuje nejp\u0159esn\u011bj\u0161\u00ed metodu diagnostiky gynekologick\u00fdch n\u00e1dor\u016f. V p\u0159\u00edpad\u011b podez\u0159en\u00ed na gynekologickou malignitu v\u00e1m m\u016f\u017ee b\u00fdt doporu\u010deno odebr\u00e1n\u00ed vzorku tru-cut jehlou. Toto modern\u00ed vy\u0161et\u0159en\u00ed umo\u017e\u0148uje histologick\u00e9 stanoven\u00ed diagn\u00f3zy bez nutnosti operace.<\/p>\n<\/p>\r\n                    <\/div>\r\n                                            <a href=\"https:\/\/apolinar.capta.cz\/gynekologie\/gynekologicky-ultrazvuk\/\"\r\n                           title=\"Objednat se\"\r\n                                                      class=\"btn_basic\">\r\n                            Objednat se                        <\/a>\r\n                                    <\/div>\r\n                    <\/div>\r\n    <\/section>\r\n\n\n                <!-- TEXT BLOCK -->\r\n        <section\r\n                class=\"pdt-40 pdb-40 bg3\"\r\n            id=\"03\">\r\n            <div class=\"wrapper2 text_block\">\r\n                                                                                                    <h3 class=\"title_h3 text_center_mdm\">Jste odesl\u00e1na k operaci pro n\u00e1dor<\/h3>\r\n                                                <div class=\"page_content reset_margins\">\r\n                                                                                        <p>P\u0159ed onkogynekologickou operac\u00ed je kl\u00ed\u010dov\u00e9 zhodnotit v\u00fdsledky va\u0161ich dosavadn\u00edch vy\u0161et\u0159en\u00ed a napl\u00e1novat nejvhodn\u011bj\u0161\u00ed typ z\u00e1kroku.<\/p>\n<p>K tomuto \u00fa\u010delu slou\u017e\u00ed indika\u010dn\u00ed ambulance, kde se potk\u00e1te s na\u0161imi experty a osobn\u011b s nimi prodiskutujete va\u0161e obt\u00ed\u017ee. U v\u011bt\u0161iny pacientek je v r\u00e1mci tohoto setk\u00e1n\u00ed rovn\u011b\u017e dopln\u011bn onkogynekologick\u00fd ultrazvuk. Na z\u00e1v\u011br vy\u0161et\u0159en\u00ed v\u00e1m bude doporu\u010den nejvhodn\u011bj\u0161\u00ed postup \u2013 proveden\u00ed operace, zah\u00e1jen\u00ed l\u00e9\u010dby pomoc\u00ed l\u00e9k\u016f, sledov\u00e1n\u00ed apod.<\/p>\n<p>Ned\u00edlnou sou\u010d\u00e1st\u00ed onkologick\u00e9 l\u00e9\u010dby je i p\u00e9\u010de o va\u0161i psychiku a v\u00fd\u017eivu. Proto jsou sou\u010d\u00e1st\u00ed na\u0161eho t\u00fdmu rovn\u011b\u017e psycholo\u017eka a nutri\u010dn\u00ed specialistka.<\/p>\n<p><strong>Kontakt: Indika\u010dn\u00ed ambulance, +420 224 967 480,\u00a0<\/strong><strong>+420 224 967 481.<\/strong><\/p>\n                                    <\/div>\r\n            <\/div>\r\n        <\/section>\r\n    \n\n                <!-- TEXT BLOCK -->\r\n        <section\r\n                class=\"pdt-40 pdb-40 \"\r\n            id=\"04\">\r\n            <div class=\"wrapper2 text_block\">\r\n                                                                                                    <h3 class=\"title_h3 text_center_mdm\">Kdy\u017e chcete zn\u00e1t druh\u00fd n\u00e1zor na l\u00e9\u010dbu<\/h3>\r\n                                                <div class=\"page_content reset_margins\">\r\n                                                                                        <p>Onkogynekologick\u00e1 l\u00e9\u010dba zahrnuje v \u0159ad\u011b p\u0159\u00edpad\u016f rozs\u00e1hl\u00e9 opera\u010dn\u00ed z\u00e1kroky, chemoterapii \u010di jin\u00e9 n\u00e1ro\u010dn\u00e9 v\u00fdkony. Je proto p\u0159irozen\u00e9, \u017ee si chcete b\u00fdt jista navr\u017een\u00fdm postupem. Pokud se chcete poradit o postupu navr\u017een\u00e9m na jin\u00e9m pracovi\u0161ti, r\u00e1di s v\u00e1mi budeme va\u0161i z\u00e1le\u017eitost nez\u00e1vazn\u011b konzultovat.<\/p>\n<p><strong>Kontakt: Onkogynekologick\u00e1 ambulance, +420 224 967 480,\u00a0+420 224 967 481.<\/strong><\/p>\n                                    <\/div>\r\n            <\/div>\r\n        <\/section>\r\n    \n\n                <!-- TEXT BLOCK -->\r\n        <section\r\n                class=\"pdt-40 pdb-40 bg3\"\r\n            id=\"05\">\r\n            <div class=\"wrapper2 text_block\">\r\n                                                                                                    <h3 class=\"title_h3 text_center_mdm\">Vyskytuje se u v\u00e1s vz\u00e1cn\u00fd typ n\u00e1doru<\/h3>\r\n                                                <div class=\"page_content reset_margins\">\r\n                                                                                        <p>V gynekologii se vyskytuje cel\u00e1 \u0159ada n\u00e1dor\u016f, kter\u00e9 jsou velice vz\u00e1cn\u00e9. B\u011b\u017en\u00fd l\u00e9ka\u0159 se s nimi za svou profesn\u00ed kari\u00e9ru nesetk\u00e1 bu\u010f v\u016fbec, nebo pouze z\u0159\u00eddka. Tyto atypick\u00e9 n\u00e1dory jsou v \u0159ad\u011b p\u0159\u00edpad\u016f spojeny s nutnost\u00ed specifick\u00e9 l\u00e9\u010dby a sledov\u00e1n\u00ed. Pokud byl u v\u00e1s (i v minulosti) diagnostikov\u00e1n takov\u00fd typ n\u00e1doru, <strong>r\u00e1di v\u00e1s p\u0159iv\u00edt\u00e1me v na\u0161\u00ed Ambulanci pro vz\u00e1cn\u00e9 n\u00e1dory.<\/strong><\/p>\n<p><strong>Kontakt: Ambulance pro vz\u00e1cn\u00e9 n\u00e1dory, +420 224 967 480,\u00a0<\/strong><strong>+420 224 967 481.<\/strong><\/p>\n                                    <\/div>\r\n            <\/div>\r\n        <\/section>\r\n    \n\n                <!-- TEXT BLOCK -->\r\n        <section\r\n                class=\"pdt-40 pdb-40 \"\r\n            id=\"06\">\r\n            <div class=\"wrapper2 text_block\">\r\n                                                                                                    <h3 class=\"title_h3 text_center_mdm\">M\u00e1m genetick\u00e9 riziko n\u00e1dorov\u00e9ho onemocn\u011bn\u00ed<\/h3>\r\n                                                <div class=\"page_content reset_margins\">\r\n                                                                                        <p>\u0158ada gynekologick\u00fdch n\u00e1dor\u016f je \u00fazce spjata s po\u0161kozen\u00edm (mutacemi) konkr\u00e9tn\u00edch gen\u016f. Pacientky, kter\u00e9 jsou nosi\u010dkami t\u011bchto mutac\u00ed, jsou dispenzarizov\u00e1ny ve zvl\u00e1\u0161tn\u00ed ambulanci na\u0161\u00ed kliniky, kde jsou s nimi prob\u00edr\u00e1ny mo\u017enosti preventivn\u00edch operac\u00ed, u\u017e\u00edv\u00e1n\u00ed hormon\u00e1ln\u00edch prepar\u00e1t\u016f, snahy o po\u010det\u00ed a dal\u0161\u00ed z\u00e1le\u017eitosti. P\u0159esto\u017ee nosi\u010dstv\u00ed mutac\u00ed gen\u016f spojen\u00fdch s gynekologick\u00fdmi n\u00e1dory neznamen\u00e1 pro pacientky \u017e\u00e1dn\u00e9 stigma, je vhodn\u00e9 b\u00fdt v kontaktu s na\u0161imi experty, kte\u0159\u00ed v\u00e1m zprost\u0159edkuj\u00ed nejnov\u011bj\u0161\u00ed postupy na poli t\u00e9to problematiky.<\/p>\n<h4><strong>Kontakt: Ambulance pro jedince s d\u011bdi\u010dnou dispozic\u00ed zhoubn\u00fdm n\u00e1dor\u016fm (Fakultn\u00ed poliklinika) +420 224 966 643.<\/strong><\/h4>\n                                    <\/div>\r\n            <\/div>\r\n        <\/section>\r\n    \n\n                <!-- TEXT BLOCK -->\r\n        <section\r\n                class=\"pdt-40 pdb-80 bg3\"\r\n            id=\"07\">\r\n            <div class=\"wrapper2 text_block\">\r\n                                                                                                    <h3 class=\"title_h3 text_center_mdm\">M\u00e1m z\u00e1jem o za\u0159azen\u00ed do klinick\u00e9 studie<\/h3>\r\n                                                <div class=\"page_content reset_margins\">\r\n                                                                                        <p>P\u0159\u00ednosem ze za\u0159azen\u00ed do klinick\u00e9 studie nen\u00ed pouze dobr\u00fd pocit z p\u0159\u00edsp\u011bvku k medic\u00ednsk\u00e9mu pozn\u00e1n\u00ed. Klinick\u00e9 studie rovn\u011b\u017e umo\u017en\u00ed p\u0159\u00edstup k nejnov\u011bj\u0161\u00edm l\u00e9k\u016fm o roky d\u0159\u00edv, ne\u017e jsou v \u010cesk\u00e9 republice k dispozici z ve\u0159ejn\u00e9ho poji\u0161t\u011bn\u00ed. V\u0161echny klinick\u00e9 studie jsou schv\u00e1leny Etickou komis\u00ed a nehroz\u00ed tedy, \u017ee by va\u0161e l\u00e9\u010dba byla hor\u0161\u00ed ne\u017e ta mimo studii. Na na\u0161em pracovi\u0161ti se z t\u011bchto d\u016fvod\u016f sna\u017e\u00edme do klinick\u00fdch studi\u00ed za\u0159adit co nejv\u00edce vhodn\u00fdch pacientek. Mo\u017enosti za\u0159azen\u00ed do klinick\u00e9 studie s v\u00e1mi r\u00e1di probereme v r\u00e1mci va\u0161\u00ed l\u00e9\u010dby.<\/p>\n<p><strong>Kontakt: Onkologick\u00e1 ambulance<\/strong>, <strong>+420 224 967 480,\u00a0<\/strong><strong>+420 224 967 481.<\/strong><\/p>\n                                    <\/div>\r\n            <\/div>\r\n        <\/section>\r\n    ","protected":false},"excerpt":{"rendered":"","protected":false},"author":4,"featured_media":0,"parent":8471,"menu_order":0,"comment_status":"closed","ping_status":"closed","template":"","meta":{"_acf_changed":false,"footnotes":""},"class_list":["post-1414","page","type-page","status-publish","hentry"],"acf":[],"yoast_head":"<!-- This site is optimized with the Yoast SEO plugin v25.5 - https:\/\/yoast.com\/wordpress\/plugins\/seo\/ -->\n<title>Obecn\u00e9 informace - Porodnice U Apolin\u00e1\u0159e<\/title>\n<meta name=\"robots\" content=\"noindex, follow, max-snippet:-1, max-image-preview:large, max-video-preview:-1\" \/>\n<meta property=\"og:locale\" content=\"en_US\" \/>\n<meta property=\"og:type\" content=\"article\" \/>\n<meta property=\"og:title\" content=\"Obecn\u00e9 informace - Porodnice U Apolin\u00e1\u0159e\" \/>\n<meta property=\"og:url\" content=\"https:\/\/apolinar.capta.cz\/en\/gynekologie\/onkogynekologie-2\/mam-podezreni-na-nadorove-onemocneni\/\" \/>\n<meta property=\"og:site_name\" content=\"Porodnice U Apolin\u00e1\u0159e\" \/>\n<meta name=\"twitter:card\" content=\"summary_large_image\" \/>\n<script type=\"application\/ld+json\" class=\"yoast-schema-graph\">{\"@context\":\"https:\/\/schema.org\",\"@graph\":[{\"@type\":\"WebPage\",\"@id\":\"https:\/\/apolinar.capta.cz\/en\/gynekologie\/onkogynekologie-2\/mam-podezreni-na-nadorove-onemocneni\/\",\"url\":\"https:\/\/apolinar.capta.cz\/en\/gynekologie\/onkogynekologie-2\/mam-podezreni-na-nadorove-onemocneni\/\",\"name\":\"Obecn\u00e9 informace - Porodnice U Apolin\u00e1\u0159e\",\"isPartOf\":{\"@id\":\"https:\/\/apolinar.capta.cz\/en\/#website\"},\"datePublished\":\"2023-07-07T13:19:18+00:00\",\"breadcrumb\":{\"@id\":\"https:\/\/apolinar.capta.cz\/en\/gynekologie\/onkogynekologie-2\/mam-podezreni-na-nadorove-onemocneni\/#breadcrumb\"},\"inLanguage\":\"en-US\",\"potentialAction\":[{\"@type\":\"ReadAction\",\"target\":[\"https:\/\/apolinar.capta.cz\/en\/gynekologie\/onkogynekologie-2\/mam-podezreni-na-nadorove-onemocneni\/\"]}]},{\"@type\":\"BreadcrumbList\",\"@id\":\"https:\/\/apolinar.capta.cz\/en\/gynekologie\/onkogynekologie-2\/mam-podezreni-na-nadorove-onemocneni\/#breadcrumb\",\"itemListElement\":[{\"@type\":\"ListItem\",\"position\":1,\"name\":\"Dom\u016f\",\"item\":\"https:\/\/apolinar.capta.cz\/en\/\"},{\"@type\":\"ListItem\",\"position\":2,\"name\":\"Obecn\u00e9 informace\"}]},{\"@type\":\"WebSite\",\"@id\":\"https:\/\/apolinar.capta.cz\/en\/#website\",\"url\":\"https:\/\/apolinar.capta.cz\/en\/\",\"name\":\"Porodnice U Apolin\u00e1\u0159e\",\"description\":\"Klinika gynekologie, porodnictv\u00ed a neonatologie 1. LF UK a VFN v Praze\",\"potentialAction\":[{\"@type\":\"SearchAction\",\"target\":{\"@type\":\"EntryPoint\",\"urlTemplate\":\"https:\/\/apolinar.capta.cz\/en\/?s={search_term_string}\"},\"query-input\":{\"@type\":\"PropertyValueSpecification\",\"valueRequired\":true,\"valueName\":\"search_term_string\"}}],\"inLanguage\":\"en-US\"}]}<\/script>\n<!-- \/ Yoast SEO plugin. -->","yoast_head_json":{"title":"Obecn\u00e9 informace - Porodnice U Apolin\u00e1\u0159e","robots":{"index":"noindex","follow":"follow","max-snippet":"max-snippet:-1","max-image-preview":"max-image-preview:large","max-video-preview":"max-video-preview:-1"},"og_locale":"en_US","og_type":"article","og_title":"Obecn\u00e9 informace - Porodnice U Apolin\u00e1\u0159e","og_url":"https:\/\/apolinar.capta.cz\/en\/gynekologie\/onkogynekologie-2\/mam-podezreni-na-nadorove-onemocneni\/","og_site_name":"Porodnice U Apolin\u00e1\u0159e","twitter_card":"summary_large_image","schema":{"@context":"https:\/\/schema.org","@graph":[{"@type":"WebPage","@id":"https:\/\/apolinar.capta.cz\/en\/gynekologie\/onkogynekologie-2\/mam-podezreni-na-nadorove-onemocneni\/","url":"https:\/\/apolinar.capta.cz\/en\/gynekologie\/onkogynekologie-2\/mam-podezreni-na-nadorove-onemocneni\/","name":"Obecn\u00e9 informace - Porodnice U Apolin\u00e1\u0159e","isPartOf":{"@id":"https:\/\/apolinar.capta.cz\/en\/#website"},"datePublished":"2023-07-07T13:19:18+00:00","breadcrumb":{"@id":"https:\/\/apolinar.capta.cz\/en\/gynekologie\/onkogynekologie-2\/mam-podezreni-na-nadorove-onemocneni\/#breadcrumb"},"inLanguage":"en-US","potentialAction":[{"@type":"ReadAction","target":["https:\/\/apolinar.capta.cz\/en\/gynekologie\/onkogynekologie-2\/mam-podezreni-na-nadorove-onemocneni\/"]}]},{"@type":"BreadcrumbList","@id":"https:\/\/apolinar.capta.cz\/en\/gynekologie\/onkogynekologie-2\/mam-podezreni-na-nadorove-onemocneni\/#breadcrumb","itemListElement":[{"@type":"ListItem","position":1,"name":"Dom\u016f","item":"https:\/\/apolinar.capta.cz\/en\/"},{"@type":"ListItem","position":2,"name":"Obecn\u00e9 informace"}]},{"@type":"WebSite","@id":"https:\/\/apolinar.capta.cz\/en\/#website","url":"https:\/\/apolinar.capta.cz\/en\/","name":"Porodnice U Apolin\u00e1\u0159e","description":"Klinika gynekologie, porodnictv\u00ed a neonatologie 1. LF UK a VFN v Praze","potentialAction":[{"@type":"SearchAction","target":{"@type":"EntryPoint","urlTemplate":"https:\/\/apolinar.capta.cz\/en\/?s={search_term_string}"},"query-input":{"@type":"PropertyValueSpecification","valueRequired":true,"valueName":"search_term_string"}}],"inLanguage":"en-US"}]}},"_links":{"self":[{"href":"https:\/\/apolinar.capta.cz\/en\/wp-json\/wp\/v2\/pages\/1414","targetHints":{"allow":["GET"]}}],"collection":[{"href":"https:\/\/apolinar.capta.cz\/en\/wp-json\/wp\/v2\/pages"}],"about":[{"href":"https:\/\/apolinar.capta.cz\/en\/wp-json\/wp\/v2\/types\/page"}],"author":[{"embeddable":true,"href":"https:\/\/apolinar.capta.cz\/en\/wp-json\/wp\/v2\/users\/4"}],"replies":[{"embeddable":true,"href":"https:\/\/apolinar.capta.cz\/en\/wp-json\/wp\/v2\/comments?post=1414"}],"version-history":[{"count":0,"href":"https:\/\/apolinar.capta.cz\/en\/wp-json\/wp\/v2\/pages\/1414\/revisions"}],"up":[{"embeddable":true,"href":"https:\/\/apolinar.capta.cz\/en\/wp-json\/wp\/v2\/pages\/8471"}],"wp:attachment":[{"href":"https:\/\/apolinar.capta.cz\/en\/wp-json\/wp\/v2\/media?parent=1414"}],"curies":[{"name":"wp","href":"https:\/\/api.w.org\/{rel}","templated":true}]}}