{"id":1477,"date":"2023-07-09T15:29:15","date_gmt":"2023-07-09T13:29:15","guid":{"rendered":"https:\/\/apolinar.eu\/?page_id=1477"},"modified":"2023-07-09T15:29:15","modified_gmt":"2023-07-09T13:29:15","slug":"pacientske-centrum","status":"publish","type":"page","link":"https:\/\/apolinar.capta.cz\/en\/pacientske-centrum\/","title":{"rendered":"Pacientsk\u00e9 centrum"},"content":{"rendered":"                <div class=\"wrapper2 pdt-40 \"\r\n            >\r\n            <div class=\"text_block\">\r\n                                <div class=\"page_content reset_margins\">\r\n                                                        <\/div>\r\n            <\/div>\r\n                                <\/div>\r\n    \n\n                <!-- TEXT BLOCK -->\r\n        <section\r\n                class=\"pdt-20 pdb-40 \"\r\n            >\r\n            <div class=\"wrapper2 text_block\">\r\n                                                                                                    <h3 class=\"title_h3 text_center_mdm\">PACIENTSK\u00c9 CENTRUM &#8211; Onkologie<\/h3>\r\n                                                <div class=\"page_content reset_margins\">\r\n                                                                                        <p><strong>Koordin\u00e1tor: Ing. Veronika Cibulov\u00e1 (hippokrates@veronikacibulova.cz)<\/strong><\/p>\n<p>Pacientsk\u00e9 centrum poskytuje informa\u010dn\u00ed servis pro onkologick\u00e9 pacientky i jejich rodinn\u00e9 p\u0159\u00edslu\u0161n\u00edky, <strong>ka\u017edou st\u0159edu od 9:00 do 14:00 v p\u0159\u00edzem\u00ed kliniky u Apolin\u00e1\u0159e<\/strong>.<\/p>\n<p>K dispozici jsou eduka\u010dn\u00ed materi\u00e1ly, ale hlavn\u011b \u0161kolen\u00fd person\u00e1l, kter\u00fd nab\u00edz\u00ed pochopen\u00ed, pot\u0159ebnou podporu a empatii s touto \u017eivotn\u00ed situac\u00ed. Na ve\u0161ker\u00e9 dotazy r\u00e1dy odpov\u00ed zdravotn\u00ed sestry, ale i ji\u017e vyl\u00e9\u010den\u00e9 onkologick\u00e9 pacientky, a to v\u0161e v p\u0159\u00edjemn\u00e9m, nov\u011b zrekonstruovan\u00e9m prost\u0159ed\u00ed knihovny.<\/p>\n<p><strong>V\u00edce informac\u00ed o HPV DNA testov\u00e1n\u00ed naleznete zde:<\/strong> <a href=\"https:\/\/apolinar.capta.cz\/hpv-dna-testovani\/\">HPV DNA testov\u00e1n\u00ed &#8211; Porodnice U Apolin\u00e1\u0159e<\/a><\/p>\n                                    <\/div>\r\n            <\/div>\r\n        <\/section>\r\n    \n\n                <!-- TEXT BLOCK -->\r\n        <section\r\n                class=\" pdb-40 \"\r\n            >\r\n            <div class=\"wrapper2 text_block\">\r\n                                                                                                    <h3 class=\"title_h3 text_center_mdm\">PACIENTSK\u00c9 CENTRUM \u2013 Porodnice \/ neonatologie<\/h3>\r\n                                                <div class=\"page_content reset_margins\">\r\n                                                                                        <p><strong>Koordin\u00e1tor: Ing. Veronika Cibulov\u00e1 (hippokrates@veronikacibulova.cz)<\/strong><\/p>\n<p>Pacientsk\u00e9 centrum nab\u00edz\u00ed informa\u010dn\u00ed servis pro v\u0161echny t\u011bhotn\u00e9, maminky po porodu i maminky, kter\u00e9 jsou hospitalizovan\u00e9 s rizikov\u00fdm t\u011bhotenstv\u00edm. Velmi v\u00edt\u00e1me tak\u00e9 maminky, kter\u00e9 porodily d\u011b\u0165\u00e1tko s n\u00edzkou porodn\u00ed v\u00e1hou a doj\u00ed\u017ed\u00ed za n\u00edm do porodnice, a rodinn\u00e9 p\u0159\u00edslu\u0161n\u00edky. Centrum m\u016f\u017eete nav\u0161t\u00edvit <strong>ka\u017edou st\u0159edu od 8:30 do 15:30<\/strong> <strong>v p\u0159\u00edzem\u00ed kliniky u Apolin\u00e1\u0159e<\/strong>.<\/p>\n<p>K dispozici je \u0159ada informa\u010dn\u00edch materi\u00e1l\u016f, a p\u0159edev\u0161\u00edm \u0161kolen\u00fd person\u00e1l, kter\u00fd r\u00e1d zodpov\u00ed na va\u0161e ot\u00e1zky. P\u0159\u00edtomny jsou rovn\u011b\u017e z\u00e1stupkyn\u011b neziskov\u00e9 organizace Nedoklubko, v\u011bnuj\u00edc\u00ed se t\u00e9matice p\u0159ed\u010dasn\u011b narozen\u00fdch d\u011bt\u00ed, a to v\u0161e v p\u0159\u00edjemn\u00e9m, nov\u011b zrekonstruovan\u00e9m prost\u0159ed\u00ed knihovny.<\/p>\n                                    <\/div>\r\n            <\/div>\r\n        <\/section>\r\n    \n\n                <div class=\"pdt-40 pdb-40 \"\r\n            >\r\n            <div class=\"wrapper2\">\r\n                <div class=\"grid small-space\">\r\n                                            <div class=\"box text_center col2 col1_lgm offset pd-40 pd-25md\">\r\n                            <a href=\"#\" title=\"Video\">\r\n                                <h3 class=\"title_h4 color2 text_uc\">Video<\/h3>\r\n                                <div class=\"page_content no_margins\">\r\n                                    <p><a href=\"https:\/\/www.youtube.com\/watch?v=yhZ2cYgOsjs\" target=\"_blank\" rel=\"noopener\">Pod\u00edvejte se, jak to u n\u00e1s vypad\u00e1<\/a><\/p>\n                                <\/div>\r\n                            <\/a>\r\n                        <\/div>\r\n                                    <\/div>\r\n            <\/div>\r\n        <\/div>\r\n    \n\n    <!-- TEXT BLOCK -->\r\n    <section\r\n            class=\"pdt-20 pdb-80 \"\r\n        >\r\n        <div class=\"wrapper2\">\r\n                                                                            <img loading=\"lazy\" decoding=\"async\" width=\"1069\" height=\"1500\" src=\"https:\/\/apolinar.capta.cz\/wp-content\/uploads\/2023\/07\/pacientske-centrum-print.jpg\" class=\"attachment-content_image size-content_image\" alt=\"\" srcset=\"https:\/\/apolinar.capta.cz\/wp-content\/uploads\/2023\/07\/pacientske-centrum-print.jpg 1069w, https:\/\/apolinar.capta.cz\/wp-content\/uploads\/2023\/07\/pacientske-centrum-print-214x300.jpg 214w, https:\/\/apolinar.capta.cz\/wp-content\/uploads\/2023\/07\/pacientske-centrum-print-730x1024.jpg 730w, https:\/\/apolinar.capta.cz\/wp-content\/uploads\/2023\/07\/pacientske-centrum-print-768x1078.jpg 768w, https:\/\/apolinar.capta.cz\/wp-content\/uploads\/2023\/07\/pacientske-centrum-print-43x60.jpg 43w, https:\/\/apolinar.capta.cz\/wp-content\/uploads\/2023\/07\/pacientske-centrum-print-188x264.jpg 188w, https:\/\/apolinar.capta.cz\/wp-content\/uploads\/2023\/07\/pacientske-centrum-print-74x104.jpg 74w, https:\/\/apolinar.capta.cz\/wp-content\/uploads\/2023\/07\/pacientske-centrum-print-336x471.jpg 336w, https:\/\/apolinar.capta.cz\/wp-content\/uploads\/2023\/07\/pacientske-centrum-print-239x335.jpg 239w, https:\/\/apolinar.capta.cz\/wp-content\/uploads\/2023\/07\/pacientske-centrum-print-137x192.jpg 137w, https:\/\/apolinar.capta.cz\/wp-content\/uploads\/2023\/07\/pacientske-centrum-print-314x440.jpg 314w, https:\/\/apolinar.capta.cz\/wp-content\/uploads\/2023\/07\/pacientske-centrum-print-394x553.jpg 394w, https:\/\/apolinar.capta.cz\/wp-content\/uploads\/2023\/07\/pacientske-centrum-print-380x533.jpg 380w, https:\/\/apolinar.capta.cz\/wp-content\/uploads\/2023\/07\/pacientske-centrum-print-86x120.jpg 86w\" sizes=\"auto, (max-width: 1069px) 100vw, 1069px\" \/>                                        <\/div>\r\n    <\/section>\r\n","protected":false},"excerpt":{"rendered":"","protected":false},"author":3,"featured_media":0,"parent":0,"menu_order":0,"comment_status":"closed","ping_status":"closed","template":"","meta":{"_acf_changed":false,"footnotes":""},"class_list":["post-1477","page","type-page","status-publish","hentry"],"acf":[],"yoast_head":"<!-- This site is optimized with the Yoast SEO plugin v25.5 - https:\/\/yoast.com\/wordpress\/plugins\/seo\/ -->\n<title>Pacientsk\u00e9 centrum - Porodnice U Apolin\u00e1\u0159e<\/title>\n<meta name=\"robots\" content=\"noindex, follow, max-snippet:-1, max-image-preview:large, max-video-preview:-1\" \/>\n<meta property=\"og:locale\" content=\"en_US\" \/>\n<meta property=\"og:type\" content=\"article\" \/>\n<meta property=\"og:title\" content=\"Pacientsk\u00e9 centrum - Porodnice U Apolin\u00e1\u0159e\" \/>\n<meta property=\"og:url\" content=\"https:\/\/apolinar.capta.cz\/en\/pacientske-centrum\/\" \/>\n<meta property=\"og:site_name\" content=\"Porodnice U Apolin\u00e1\u0159e\" \/>\n<meta name=\"twitter:card\" content=\"summary_large_image\" \/>\n<script type=\"application\/ld+json\" class=\"yoast-schema-graph\">{\"@context\":\"https:\/\/schema.org\",\"@graph\":[{\"@type\":\"WebPage\",\"@id\":\"https:\/\/apolinar.capta.cz\/en\/pacientske-centrum\/\",\"url\":\"https:\/\/apolinar.capta.cz\/en\/pacientske-centrum\/\",\"name\":\"Pacientsk\u00e9 centrum - Porodnice U Apolin\u00e1\u0159e\",\"isPartOf\":{\"@id\":\"https:\/\/apolinar.capta.cz\/en\/#website\"},\"datePublished\":\"2023-07-09T13:29:15+00:00\",\"breadcrumb\":{\"@id\":\"https:\/\/apolinar.capta.cz\/en\/pacientske-centrum\/#breadcrumb\"},\"inLanguage\":\"en-US\",\"potentialAction\":[{\"@type\":\"ReadAction\",\"target\":[\"https:\/\/apolinar.capta.cz\/en\/pacientske-centrum\/\"]}]},{\"@type\":\"BreadcrumbList\",\"@id\":\"https:\/\/apolinar.capta.cz\/en\/pacientske-centrum\/#breadcrumb\",\"itemListElement\":[{\"@type\":\"ListItem\",\"position\":1,\"name\":\"Dom\u016f\",\"item\":\"https:\/\/apolinar.capta.cz\/en\/\"},{\"@type\":\"ListItem\",\"position\":2,\"name\":\"Pacientsk\u00e9 centrum\"}]},{\"@type\":\"WebSite\",\"@id\":\"https:\/\/apolinar.capta.cz\/en\/#website\",\"url\":\"https:\/\/apolinar.capta.cz\/en\/\",\"name\":\"Porodnice U Apolin\u00e1\u0159e\",\"description\":\"Klinika gynekologie, porodnictv\u00ed a neonatologie 1. LF UK a VFN v Praze\",\"potentialAction\":[{\"@type\":\"SearchAction\",\"target\":{\"@type\":\"EntryPoint\",\"urlTemplate\":\"https:\/\/apolinar.capta.cz\/en\/?s={search_term_string}\"},\"query-input\":{\"@type\":\"PropertyValueSpecification\",\"valueRequired\":true,\"valueName\":\"search_term_string\"}}],\"inLanguage\":\"en-US\"}]}<\/script>\n<!-- \/ Yoast SEO plugin. -->","yoast_head_json":{"title":"Pacientsk\u00e9 centrum - Porodnice U Apolin\u00e1\u0159e","robots":{"index":"noindex","follow":"follow","max-snippet":"max-snippet:-1","max-image-preview":"max-image-preview:large","max-video-preview":"max-video-preview:-1"},"og_locale":"en_US","og_type":"article","og_title":"Pacientsk\u00e9 centrum - Porodnice U Apolin\u00e1\u0159e","og_url":"https:\/\/apolinar.capta.cz\/en\/pacientske-centrum\/","og_site_name":"Porodnice U Apolin\u00e1\u0159e","twitter_card":"summary_large_image","schema":{"@context":"https:\/\/schema.org","@graph":[{"@type":"WebPage","@id":"https:\/\/apolinar.capta.cz\/en\/pacientske-centrum\/","url":"https:\/\/apolinar.capta.cz\/en\/pacientske-centrum\/","name":"Pacientsk\u00e9 centrum - Porodnice U Apolin\u00e1\u0159e","isPartOf":{"@id":"https:\/\/apolinar.capta.cz\/en\/#website"},"datePublished":"2023-07-09T13:29:15+00:00","breadcrumb":{"@id":"https:\/\/apolinar.capta.cz\/en\/pacientske-centrum\/#breadcrumb"},"inLanguage":"en-US","potentialAction":[{"@type":"ReadAction","target":["https:\/\/apolinar.capta.cz\/en\/pacientske-centrum\/"]}]},{"@type":"BreadcrumbList","@id":"https:\/\/apolinar.capta.cz\/en\/pacientske-centrum\/#breadcrumb","itemListElement":[{"@type":"ListItem","position":1,"name":"Dom\u016f","item":"https:\/\/apolinar.capta.cz\/en\/"},{"@type":"ListItem","position":2,"name":"Pacientsk\u00e9 centrum"}]},{"@type":"WebSite","@id":"https:\/\/apolinar.capta.cz\/en\/#website","url":"https:\/\/apolinar.capta.cz\/en\/","name":"Porodnice U Apolin\u00e1\u0159e","description":"Klinika gynekologie, porodnictv\u00ed a neonatologie 1. LF UK a VFN v Praze","potentialAction":[{"@type":"SearchAction","target":{"@type":"EntryPoint","urlTemplate":"https:\/\/apolinar.capta.cz\/en\/?s={search_term_string}"},"query-input":{"@type":"PropertyValueSpecification","valueRequired":true,"valueName":"search_term_string"}}],"inLanguage":"en-US"}]}},"_links":{"self":[{"href":"https:\/\/apolinar.capta.cz\/en\/wp-json\/wp\/v2\/pages\/1477","targetHints":{"allow":["GET"]}}],"collection":[{"href":"https:\/\/apolinar.capta.cz\/en\/wp-json\/wp\/v2\/pages"}],"about":[{"href":"https:\/\/apolinar.capta.cz\/en\/wp-json\/wp\/v2\/types\/page"}],"author":[{"embeddable":true,"href":"https:\/\/apolinar.capta.cz\/en\/wp-json\/wp\/v2\/users\/3"}],"replies":[{"embeddable":true,"href":"https:\/\/apolinar.capta.cz\/en\/wp-json\/wp\/v2\/comments?post=1477"}],"version-history":[{"count":0,"href":"https:\/\/apolinar.capta.cz\/en\/wp-json\/wp\/v2\/pages\/1477\/revisions"}],"wp:attachment":[{"href":"https:\/\/apolinar.capta.cz\/en\/wp-json\/wp\/v2\/media?parent=1477"}],"curies":[{"name":"wp","href":"https:\/\/api.w.org\/{rel}","templated":true}]}}