{"id":1884,"date":"2023-07-11T20:59:05","date_gmt":"2023-07-11T18:59:05","guid":{"rendered":"https:\/\/apolinar.eu\/?page_id=1884"},"modified":"2023-07-11T20:59:05","modified_gmt":"2023-07-11T18:59:05","slug":"bonding-a-prvni-prilozeni","status":"publish","type":"page","link":"https:\/\/apolinar.capta.cz\/en\/neonatologie\/fyziologicky-novorozenec\/bonding-a-prvni-prilozeni\/","title":{"rendered":"Bonding a prvn\u00ed p\u0159ilo\u017een\u00ed"},"content":{"rendered":"        <section\r\n            class=\"pdt-80 pdb-20 \"\r\n        >\r\n        <div class=\"wrapper2\">\r\n                            <div class=\"text_block observe anim_drop1 anim_delay\">\r\n                    <h1 class=\"title_h2 \">Bonding a prvn\u00ed p\u0159ilo\u017een\u00ed<\/h1>                                                                                            <h2 class=\"title_h3 color2\">\r\n                                Bonding \u201eskin to skin\u201c (p\u0159ilo\u017een\u00ed d\u00edt\u011bte na t\u011blo matky) je prvn\u00edm kontaktem miminka a maminky bezprost\u0159edn\u011b po porodu.  Je z\u00e1rove\u0148 nejp\u0159irozen\u011bj\u0161\u00edm zp\u016fsobem, jak p\u0159iv\u00edtat miminko na sv\u011bt.                             <\/h2>\r\n                                                                <div class=\"page_content reset_margins\">\r\n                        <p><\/p>\r\n                    <\/div>\r\n                                    <\/div>\r\n                    <\/div>\r\n    <\/section>\r\n\n\n    <!-- ACCORD -->\r\n    <section\r\n            class=\"pdt-40 pdb-40 \"\r\n        >\r\n        <div class=\"wrapper2 anim_delay anim_drop1 observe\">\r\n            <h2 class=\"title_h3 \">Jak prob\u00edh\u00e1 bonding a prvn\u00ed p\u0159ilo\u017een\u00ed miminka po porodu?<\/h2>                                        <div class=\"accord mgt-30\">\r\n                                            <!-- ITEM -->\r\n                        <div class=\"item_accord item\">\r\n                            <a href=\"#\" role=\"button\" class=\"item_accord_head head\">\r\n                                <h3 class=\"item_accord_title\">Bonding po spont\u00e1nn\u00edm porodu<\/h3>\r\n                                <div class=\"item_accord_arrow\">\r\n                                    <svg class=\"sicofill\">\r\n                                        <use href=\"https:\/\/apolinar.capta.cz\/wp-content\/themes\/apolinar\/assets\/layout\/icons.svg#s_ar2_d\"\/>\r\n                                    <\/svg>\r\n                                <\/div>\r\n                            <\/a>\r\n                            <div class=\"expand\">\r\n                                <div class=\"item_accord_inner page_content reset_margins\">\r\n                                                                                                                                                        <p>Po narozen\u00ed miminka provedeme tzv. pozdn\u00ed podvaz pupe\u010dn\u00edku. B\u011bhem t\u00e9to doby, kdy <strong>pupe\u010dn\u00edk dotep\u00e1v\u00e1, osu\u0161en\u00e9 miminko le\u017e\u00ed na b\u0159i\u0161e matky.<\/strong> P\u0159ikryt\u00e9 je nah\u0159\u00e1t\u00fdm ru\u010dn\u00edkem nebo dekou. V\u0161e se odehr\u00e1v\u00e1 pod dohledem d\u011btsk\u00e9 sestry. <strong>Po dotep\u00e1n\u00ed se pupe\u010dn\u00edk podv\u00e1\u017ee a p\u0159eru\u0161\u00ed. \u00a0U p\u0159est\u0159i\u017een\u00ed pupe\u010dn\u00edkov\u00e9 \u0161\u0148\u016fry m\u016f\u017ee asistovat \u00a0\u00a0partner matky nebo dal\u0161\u00ed doprov\u00e1zej\u00edc\u00ed osoba.<\/strong> <strong>Miminko nad\u00e1le z\u016fst\u00e1v\u00e1 na mat\u010din\u011b b\u0159i\u0161e, dostane \u010depi\u010dku a p\u0159\u00edpadn\u011b dal\u0161\u00ed teplou deku.<\/strong> P\u0159i dobr\u00e9 adaptaci z\u016fst\u00e1v\u00e1 miminko na mat\u010din\u011b b\u0159i\u0161e p\u0159ikryt\u00e9 teplou dekou 2 hodiny. Ve spolupr\u00e1ci s porodn\u00edmi asistentkami ho pr\u016fb\u011b\u017en\u011b kontroluje d\u011btsk\u00e1 sestra. Stav d\u00edt\u011bte z\u00e1rove\u0148 monitoruje pulzn\u00ed oximetr (mal\u00e9 m\u011bkk\u00e9 \u010didlo p\u0159ipevn\u011bn\u00e9 na prav\u00e9 ru\u010dce d\u00edt\u011bte), kter\u00fd hl\u00edd\u00e1 akci srde\u010dn\u00ed a saturaci krve kysl\u00edkem.<\/p>\n<p><strong>Podporujeme kojen\u00ed hned od prvn\u00edch okam\u017eik\u016f \u017eivota miminka.<\/strong> Pr\u00e1v\u011b prvn\u00ed p\u0159is\u00e1n\u00ed miminka k prsu v prvn\u00edch hodin\u00e1ch \u017eivota b\u011bhem bondingu velmi p\u0159isp\u00edv\u00e1 \u00fasp\u011b\u0161n\u00e9mu kojen\u00ed v budoucnu. V\u00e1m i d\u00edt\u011bti b\u011bhem prvn\u00edho p\u0159ilo\u017een\u00ed aktivn\u011b pom\u00e1h\u00e1me. Jsme tu pro v\u00e1s, odpov\u00edme jak\u00e9koli dotazy.<\/p>\n                                                                    <\/div>\r\n                            <\/div>\r\n                        <\/div>\r\n                                            <!-- ITEM -->\r\n                        <div class=\"item_accord item\">\r\n                            <a href=\"#\" role=\"button\" class=\"item_accord_head head\">\r\n                                <h3 class=\"item_accord_title\">Bonding po c\u00edsa\u0159sk\u00e9m \u0159ezu<\/h3>\r\n                                <div class=\"item_accord_arrow\">\r\n                                    <svg class=\"sicofill\">\r\n                                        <use href=\"https:\/\/apolinar.capta.cz\/wp-content\/themes\/apolinar\/assets\/layout\/icons.svg#s_ar2_d\"\/>\r\n                                    <\/svg>\r\n                                <\/div>\r\n                            <\/a>\r\n                            <div class=\"expand\">\r\n                                <div class=\"item_accord_inner page_content reset_margins\">\r\n                                                                                                                                                        <p>Na\u0161\u00ed snahou je zajistit i b\u011bhem porodu c\u00edsa\u0159sk\u00fdm \u0159ezem v\u00e1m i d\u00edt\u011bti ty nejp\u0159irozen\u011bj\u0161\u00ed podm\u00ednky. \u010c\u00edm p\u0159irozen\u011bj\u0161\u00ed pr\u016fb\u011bh porodu, t\u00edm lep\u0161\u00ed poporodn\u00ed adaptace miminka.<\/p>\n<p><strong>P\u0159i porodu c\u00edsa\u0159sk\u00fdm \u0159ezem standardn\u011b prov\u00e1d\u00edme pozdn\u00ed podvaz pupe\u010dn\u00edku a bonding \u201eskin to skin\u201c i b\u011bhem operace<\/strong> (pokud neprob\u00edh\u00e1 v\u00a0celkov\u00e9 anestezii). P\u0159i porodu c\u00edsa\u0159sk\u00fdm \u0159ezem je v\u017edy p\u0159\u00edtomn\u00fd pediatr. Miminko po narozen\u00ed nejprve zkontrolujeme a osu\u0161\u00edme. Pak ho polo\u017e\u00edme na v\u00e1\u0161 hrudn\u00edk a p\u0159ikryjeme ho teplou dekou. Pokud m\u00e1te b\u011bhem operace komplikace, umo\u017en\u00edme v\u00e1m m\u00edsto bondingu bezprost\u0159edn\u00ed kontakt jin\u00fdm zp\u016fsobem \u2013 nap\u0159\u00edklad v\u00e1m zabalen\u00e9 miminko polo\u017e\u00edme \u00a0pod\u00e9l hlavy, abyste se dot\u00fdkaly tv\u00e1\u0159emi. P\u0159i dr\u017een\u00ed miminka u hlavy asistuje otec d\u00edt\u011bte nebo jin\u00e1 bl\u00edzk\u00e1 osoba. Pokud to v\u00e1\u0161 aktu\u00e1ln\u00ed stav neumo\u017e\u0148uje, m\u016f\u017ee bondovat i partner nebo jin\u00e1 bl\u00edzk\u00e1 osoba. Pro \u00fasp\u011b\u0161n\u00e9 kojen\u00ed je d\u016fle\u017eit\u00e9 prvn\u00ed p\u0159is\u00e1t\u00ed miminka \u00a0v prvn\u00edch hodin\u00e1ch jeho \u017eivota. <strong>Pakli\u017ee to stav maminky a miminka dovol\u00ed, d\u011btsk\u00e1 sestra nebo porodn\u00ed asistentka pomohou s p\u0159ilo\u017een\u00edm miminka k prsu ihned po skon\u010den\u00ed operace p\u0159\u00edmo na porodn\u00edm s\u00e1le.<\/strong>\u00a0Po operaci jste p\u0159evezena na dosp\u00e1vac\u00ed l\u016f\u017eko na jednotce intenzivn\u00ed p\u00e9\u010de a z\u016fst\u00e1v\u00e1te zde, dokud nejste p\u0159ipravena na p\u0159esun na odd\u011blen\u00ed \u0161estined\u011bl\u00ed. Va\u0161e miminko je b\u011bhem t\u00e9to doby na tzv. novorozeneck\u00e9m boxu v p\u00e9\u010di d\u011btsk\u00fdch sester, kter\u00e9 v\u00e1m ho pravideln\u011b nos\u00ed ke kojen\u00ed. Partner nebo jin\u00e1 bl\u00edzk\u00e1 osoba mohou miminko na novorozeneck\u00e9m boxu kdykoliv nav\u0161t\u00edvit.<\/p>\n                                                                    <\/div>\r\n                            <\/div>\r\n                        <\/div>\r\n                                    <\/div>\r\n                    <\/div>\r\n    <\/section>\r\n","protected":false},"excerpt":{"rendered":"","protected":false},"author":2,"featured_media":0,"parent":4001,"menu_order":0,"comment_status":"closed","ping_status":"closed","template":"","meta":{"_acf_changed":false,"footnotes":""},"class_list":["post-1884","page","type-page","status-publish","hentry"],"acf":[],"yoast_head":"<!-- This site is optimized with the Yoast SEO plugin v25.5 - https:\/\/yoast.com\/wordpress\/plugins\/seo\/ -->\n<title>Bonding a prvn\u00ed p\u0159ilo\u017een\u00ed - Porodnice U Apolin\u00e1\u0159e<\/title>\n<meta name=\"robots\" content=\"noindex, follow, max-snippet:-1, max-image-preview:large, max-video-preview:-1\" \/>\n<meta property=\"og:locale\" content=\"en_US\" \/>\n<meta property=\"og:type\" content=\"article\" \/>\n<meta property=\"og:title\" content=\"Bonding a prvn\u00ed p\u0159ilo\u017een\u00ed - Porodnice U Apolin\u00e1\u0159e\" \/>\n<meta property=\"og:url\" content=\"https:\/\/apolinar.capta.cz\/en\/neonatologie\/fyziologicky-novorozenec\/bonding-a-prvni-prilozeni\/\" \/>\n<meta property=\"og:site_name\" content=\"Porodnice U Apolin\u00e1\u0159e\" \/>\n<meta name=\"twitter:card\" content=\"summary_large_image\" \/>\n<script type=\"application\/ld+json\" class=\"yoast-schema-graph\">{\"@context\":\"https:\/\/schema.org\",\"@graph\":[{\"@type\":\"WebPage\",\"@id\":\"https:\/\/apolinar.capta.cz\/en\/neonatologie\/fyziologicky-novorozenec\/bonding-a-prvni-prilozeni\/\",\"url\":\"https:\/\/apolinar.capta.cz\/en\/neonatologie\/fyziologicky-novorozenec\/bonding-a-prvni-prilozeni\/\",\"name\":\"Bonding a prvn\u00ed p\u0159ilo\u017een\u00ed - Porodnice U Apolin\u00e1\u0159e\",\"isPartOf\":{\"@id\":\"https:\/\/apolinar.capta.cz\/en\/#website\"},\"datePublished\":\"2023-07-11T18:59:05+00:00\",\"breadcrumb\":{\"@id\":\"https:\/\/apolinar.capta.cz\/en\/neonatologie\/fyziologicky-novorozenec\/bonding-a-prvni-prilozeni\/#breadcrumb\"},\"inLanguage\":\"en-US\",\"potentialAction\":[{\"@type\":\"ReadAction\",\"target\":[\"https:\/\/apolinar.capta.cz\/en\/neonatologie\/fyziologicky-novorozenec\/bonding-a-prvni-prilozeni\/\"]}]},{\"@type\":\"BreadcrumbList\",\"@id\":\"https:\/\/apolinar.capta.cz\/en\/neonatologie\/fyziologicky-novorozenec\/bonding-a-prvni-prilozeni\/#breadcrumb\",\"itemListElement\":[{\"@type\":\"ListItem\",\"position\":1,\"name\":\"Dom\u016f\",\"item\":\"https:\/\/apolinar.capta.cz\/en\/\"},{\"@type\":\"ListItem\",\"position\":2,\"name\":\"Bonding a prvn\u00ed p\u0159ilo\u017een\u00ed\"}]},{\"@type\":\"WebSite\",\"@id\":\"https:\/\/apolinar.capta.cz\/en\/#website\",\"url\":\"https:\/\/apolinar.capta.cz\/en\/\",\"name\":\"Porodnice U Apolin\u00e1\u0159e\",\"description\":\"Klinika gynekologie, porodnictv\u00ed a neonatologie 1. LF UK a VFN v Praze\",\"potentialAction\":[{\"@type\":\"SearchAction\",\"target\":{\"@type\":\"EntryPoint\",\"urlTemplate\":\"https:\/\/apolinar.capta.cz\/en\/?s={search_term_string}\"},\"query-input\":{\"@type\":\"PropertyValueSpecification\",\"valueRequired\":true,\"valueName\":\"search_term_string\"}}],\"inLanguage\":\"en-US\"}]}<\/script>\n<!-- \/ Yoast SEO plugin. -->","yoast_head_json":{"title":"Bonding a prvn\u00ed p\u0159ilo\u017een\u00ed - Porodnice U Apolin\u00e1\u0159e","robots":{"index":"noindex","follow":"follow","max-snippet":"max-snippet:-1","max-image-preview":"max-image-preview:large","max-video-preview":"max-video-preview:-1"},"og_locale":"en_US","og_type":"article","og_title":"Bonding a prvn\u00ed p\u0159ilo\u017een\u00ed - Porodnice U Apolin\u00e1\u0159e","og_url":"https:\/\/apolinar.capta.cz\/en\/neonatologie\/fyziologicky-novorozenec\/bonding-a-prvni-prilozeni\/","og_site_name":"Porodnice U Apolin\u00e1\u0159e","twitter_card":"summary_large_image","schema":{"@context":"https:\/\/schema.org","@graph":[{"@type":"WebPage","@id":"https:\/\/apolinar.capta.cz\/en\/neonatologie\/fyziologicky-novorozenec\/bonding-a-prvni-prilozeni\/","url":"https:\/\/apolinar.capta.cz\/en\/neonatologie\/fyziologicky-novorozenec\/bonding-a-prvni-prilozeni\/","name":"Bonding a prvn\u00ed p\u0159ilo\u017een\u00ed - Porodnice U Apolin\u00e1\u0159e","isPartOf":{"@id":"https:\/\/apolinar.capta.cz\/en\/#website"},"datePublished":"2023-07-11T18:59:05+00:00","breadcrumb":{"@id":"https:\/\/apolinar.capta.cz\/en\/neonatologie\/fyziologicky-novorozenec\/bonding-a-prvni-prilozeni\/#breadcrumb"},"inLanguage":"en-US","potentialAction":[{"@type":"ReadAction","target":["https:\/\/apolinar.capta.cz\/en\/neonatologie\/fyziologicky-novorozenec\/bonding-a-prvni-prilozeni\/"]}]},{"@type":"BreadcrumbList","@id":"https:\/\/apolinar.capta.cz\/en\/neonatologie\/fyziologicky-novorozenec\/bonding-a-prvni-prilozeni\/#breadcrumb","itemListElement":[{"@type":"ListItem","position":1,"name":"Dom\u016f","item":"https:\/\/apolinar.capta.cz\/en\/"},{"@type":"ListItem","position":2,"name":"Bonding a prvn\u00ed p\u0159ilo\u017een\u00ed"}]},{"@type":"WebSite","@id":"https:\/\/apolinar.capta.cz\/en\/#website","url":"https:\/\/apolinar.capta.cz\/en\/","name":"Porodnice U Apolin\u00e1\u0159e","description":"Klinika gynekologie, porodnictv\u00ed a neonatologie 1. LF UK a VFN v Praze","potentialAction":[{"@type":"SearchAction","target":{"@type":"EntryPoint","urlTemplate":"https:\/\/apolinar.capta.cz\/en\/?s={search_term_string}"},"query-input":{"@type":"PropertyValueSpecification","valueRequired":true,"valueName":"search_term_string"}}],"inLanguage":"en-US"}]}},"_links":{"self":[{"href":"https:\/\/apolinar.capta.cz\/en\/wp-json\/wp\/v2\/pages\/1884","targetHints":{"allow":["GET"]}}],"collection":[{"href":"https:\/\/apolinar.capta.cz\/en\/wp-json\/wp\/v2\/pages"}],"about":[{"href":"https:\/\/apolinar.capta.cz\/en\/wp-json\/wp\/v2\/types\/page"}],"author":[{"embeddable":true,"href":"https:\/\/apolinar.capta.cz\/en\/wp-json\/wp\/v2\/users\/2"}],"replies":[{"embeddable":true,"href":"https:\/\/apolinar.capta.cz\/en\/wp-json\/wp\/v2\/comments?post=1884"}],"version-history":[{"count":0,"href":"https:\/\/apolinar.capta.cz\/en\/wp-json\/wp\/v2\/pages\/1884\/revisions"}],"up":[{"embeddable":true,"href":"https:\/\/apolinar.capta.cz\/en\/wp-json\/wp\/v2\/pages\/4001"}],"wp:attachment":[{"href":"https:\/\/apolinar.capta.cz\/en\/wp-json\/wp\/v2\/media?parent=1884"}],"curies":[{"name":"wp","href":"https:\/\/api.w.org\/{rel}","templated":true}]}}