{"id":1939,"date":"2023-07-12T10:34:10","date_gmt":"2023-07-12T08:34:10","guid":{"rendered":"https:\/\/apolinar.eu\/?page_id=1939"},"modified":"2023-07-12T10:34:10","modified_gmt":"2023-07-12T08:34:10","slug":"propusteni-nedonoseneho-miminka-z-porodnice","status":"publish","type":"page","link":"https:\/\/apolinar.capta.cz\/en\/neonatologie\/nedonoseny-nebo-nemocny-novorozenec\/propusteni-nedonoseneho-miminka-z-porodnice\/","title":{"rendered":"Propu\u0161t\u011bn\u00ed nedono\u0161en\u00e9ho miminka z porodnice"},"content":{"rendered":"        <section\r\n            class=\"pdt-80 pdb-20 \"\r\n        >\r\n        <div class=\"wrapper2\">\r\n                            <div class=\"text_block observe anim_drop1 anim_delay\">\r\n                    <h1 class=\"title_h2 \">Propu\u0161t\u011bn\u00ed nedono\u0161en\u00e9ho miminka z porodnice<\/h1>                                                                                            <h2 class=\"title_h3 color2\">\r\n                                Kdy m\u016f\u017ee j\u00edt nedono\u0161en\u00e9 miminko dom\u016f?                            <\/h2>\r\n                                                                <div class=\"page_content reset_margins\">\r\n                        <p><\/p>\r\n                    <\/div>\r\n                                    <\/div>\r\n                    <\/div>\r\n    <\/section>\r\n\n\n                <!-- TEXT BLOCK -->\r\n        <section\r\n                class=\"pdt-20 pdb-20 bg3\"\r\n            >\r\n            <div class=\"wrapper2 text_block\">\r\n                                                                                                                <div class=\"page_content reset_margins\">\r\n                                                                                        <ul>\n<li>Pokud m\u00e1 norm\u00e1ln\u00ed teplotu v otev\u0159en\u00e9 post\u00fdlce bez v\u00fdh\u0159evn\u00e9 podlo\u017eky (v podpa\u017e\u00ed 36 \u2013 37 \u00b0C).<\/li>\n<li>Pokud d\u00fdch\u00e1 samo bez p\u0159\u00edstroj\u016f nebo d\u00fdch\u00e1 kysl\u00edk prost\u0159ednictv\u00edm kysl\u00edkov\u00fdch br\u00fdl\u00ed.<\/li>\n<li>Pokud d\u00fdch\u00e1 bez tzv. zapom\u00edn\u00e1n\u00ed (bez apnoick\u00fdch p\u0159\u00edhod) nejm\u00e9n\u011b 7 dn\u00ed p\u0159ed propu\u0161t\u011bn\u00edm a pokud neu\u017e\u00edv\u00e1 l\u00e9k na regulaci d\u00fdch\u00e1n\u00ed (coffein) nejm\u00e9n\u011b 5 dn\u016f p\u0159ed propu\u0161t\u011bn\u00edm.<\/li>\n<li>Pokud pije mate\u0159sk\u00e9 ml\u00e9ko \u00fasty (kojen\u00ed, st\u0159\u00edka\u010dka, savi\u010dka) a p\u0159im\u011b\u0159en\u011b prosp\u00edv\u00e1 na v\u00e1ze.<\/li>\n<\/ul>\n                                    <\/div>\r\n            <\/div>\r\n        <\/section>\r\n    \n\n                <!-- TEXT BLOCK -->\r\n        <section\r\n                class=\"pdt-20 pdb-80 \"\r\n            >\r\n            <div class=\"wrapper2 text_block\">\r\n                                                                                                                <div class=\"page_content reset_margins\">\r\n                                                                                        <p><span data-contrast=\"none\">Podm\u00ednky v\u00fd\u0161e uveden\u00e9 obvykle spln\u00ed lehce nezral\u00fd novorozenec s nekomplikovan\u00fdm pr\u016fb\u011bhem v\u00fdvoje kolem 36. t\u00fddne.<\/span><span data-ccp-props=\"{&quot;201341983&quot;:0,&quot;335551550&quot;:6,&quot;335551620&quot;:6,&quot;335559739&quot;:160,&quot;335559740&quot;:259}\">\u00a0<\/span><\/p>\n<p><span data-contrast=\"none\">U v\u00edce nezral\u00e9ho d\u00edt\u011bte p\u0159edpokl\u00e1dejte, \u017ee bude propu\u0161t\u011bno pozd\u011bji \u2012obvykle kolem p\u016fvodn\u011b pl\u00e1novan\u00e9ho term\u00ednu porodu.\u00a0<\/span><span data-ccp-props=\"{&quot;201341983&quot;:0,&quot;335551550&quot;:6,&quot;335551620&quot;:6,&quot;335559739&quot;:160,&quot;335559740&quot;:259}\">\u00a0<\/span><\/p>\n<p><span data-contrast=\"none\">Standardn\u00ed minim\u00e1ln\u00ed hmotnost pro propu\u0161t\u011bn\u00ed p\u0159ed\u010dasn\u011b narozen\u00e9ho miminka nestanovujeme. Spr\u00e1vn\u00e9 na\u010dasov\u00e1n\u00ed propu\u0161t\u011bn\u00ed se m\u016f\u017ee \u0159\u00eddit i v\u00e1hov\u00fdmi krit\u00e9rii pro d\u011btsk\u00e9 autoseda\u010dky (min. 1,8 kg).\u00a0Roli hraje tak\u00e9 p\u0159ipravenost rodiny a vhodn\u00e9 dom\u00e1c\u00ed prost\u0159ed\u00ed.<\/span><span data-contrast=\"auto\">\u202f<\/span><span data-ccp-props=\"{&quot;201341983&quot;:0,&quot;335551550&quot;:6,&quot;335551620&quot;:6,&quot;335559739&quot;:160,&quot;335559740&quot;:259}\">\u00a0<\/span><\/p>\n                                    <\/div>\r\n            <\/div>\r\n        <\/section>\r\n    ","protected":false},"excerpt":{"rendered":"","protected":false},"author":2,"featured_media":0,"parent":4010,"menu_order":0,"comment_status":"closed","ping_status":"closed","template":"","meta":{"_acf_changed":false,"footnotes":""},"class_list":["post-1939","page","type-page","status-publish","hentry"],"acf":[],"yoast_head":"<!-- This site is optimized with the Yoast SEO plugin v25.5 - https:\/\/yoast.com\/wordpress\/plugins\/seo\/ -->\n<title>Propu\u0161t\u011bn\u00ed nedono\u0161en\u00e9ho miminka z porodnice - Porodnice U Apolin\u00e1\u0159e<\/title>\n<meta name=\"robots\" content=\"noindex, follow, max-snippet:-1, max-image-preview:large, max-video-preview:-1\" \/>\n<meta property=\"og:locale\" content=\"en_US\" \/>\n<meta property=\"og:type\" content=\"article\" \/>\n<meta property=\"og:title\" content=\"Propu\u0161t\u011bn\u00ed nedono\u0161en\u00e9ho miminka z porodnice - Porodnice U Apolin\u00e1\u0159e\" \/>\n<meta property=\"og:url\" content=\"https:\/\/apolinar.capta.cz\/en\/neonatologie\/nedonoseny-nebo-nemocny-novorozenec\/propusteni-nedonoseneho-miminka-z-porodnice\/\" \/>\n<meta property=\"og:site_name\" content=\"Porodnice U Apolin\u00e1\u0159e\" \/>\n<meta name=\"twitter:card\" content=\"summary_large_image\" \/>\n<script type=\"application\/ld+json\" class=\"yoast-schema-graph\">{\"@context\":\"https:\/\/schema.org\",\"@graph\":[{\"@type\":\"WebPage\",\"@id\":\"https:\/\/apolinar.capta.cz\/en\/neonatologie\/nedonoseny-nebo-nemocny-novorozenec\/propusteni-nedonoseneho-miminka-z-porodnice\/\",\"url\":\"https:\/\/apolinar.capta.cz\/en\/neonatologie\/nedonoseny-nebo-nemocny-novorozenec\/propusteni-nedonoseneho-miminka-z-porodnice\/\",\"name\":\"Propu\u0161t\u011bn\u00ed nedono\u0161en\u00e9ho miminka z porodnice - Porodnice U Apolin\u00e1\u0159e\",\"isPartOf\":{\"@id\":\"https:\/\/apolinar.capta.cz\/en\/#website\"},\"datePublished\":\"2023-07-12T08:34:10+00:00\",\"breadcrumb\":{\"@id\":\"https:\/\/apolinar.capta.cz\/en\/neonatologie\/nedonoseny-nebo-nemocny-novorozenec\/propusteni-nedonoseneho-miminka-z-porodnice\/#breadcrumb\"},\"inLanguage\":\"en-US\",\"potentialAction\":[{\"@type\":\"ReadAction\",\"target\":[\"https:\/\/apolinar.capta.cz\/en\/neonatologie\/nedonoseny-nebo-nemocny-novorozenec\/propusteni-nedonoseneho-miminka-z-porodnice\/\"]}]},{\"@type\":\"BreadcrumbList\",\"@id\":\"https:\/\/apolinar.capta.cz\/en\/neonatologie\/nedonoseny-nebo-nemocny-novorozenec\/propusteni-nedonoseneho-miminka-z-porodnice\/#breadcrumb\",\"itemListElement\":[{\"@type\":\"ListItem\",\"position\":1,\"name\":\"Dom\u016f\",\"item\":\"https:\/\/apolinar.capta.cz\/en\/\"},{\"@type\":\"ListItem\",\"position\":2,\"name\":\"Propu\u0161t\u011bn\u00ed nedono\u0161en\u00e9ho miminka z porodnice\"}]},{\"@type\":\"WebSite\",\"@id\":\"https:\/\/apolinar.capta.cz\/en\/#website\",\"url\":\"https:\/\/apolinar.capta.cz\/en\/\",\"name\":\"Porodnice U Apolin\u00e1\u0159e\",\"description\":\"Klinika gynekologie, porodnictv\u00ed a neonatologie 1. LF UK a VFN v Praze\",\"potentialAction\":[{\"@type\":\"SearchAction\",\"target\":{\"@type\":\"EntryPoint\",\"urlTemplate\":\"https:\/\/apolinar.capta.cz\/en\/?s={search_term_string}\"},\"query-input\":{\"@type\":\"PropertyValueSpecification\",\"valueRequired\":true,\"valueName\":\"search_term_string\"}}],\"inLanguage\":\"en-US\"}]}<\/script>\n<!-- \/ Yoast SEO plugin. -->","yoast_head_json":{"title":"Propu\u0161t\u011bn\u00ed nedono\u0161en\u00e9ho miminka z porodnice - Porodnice U Apolin\u00e1\u0159e","robots":{"index":"noindex","follow":"follow","max-snippet":"max-snippet:-1","max-image-preview":"max-image-preview:large","max-video-preview":"max-video-preview:-1"},"og_locale":"en_US","og_type":"article","og_title":"Propu\u0161t\u011bn\u00ed nedono\u0161en\u00e9ho miminka z porodnice - Porodnice U Apolin\u00e1\u0159e","og_url":"https:\/\/apolinar.capta.cz\/en\/neonatologie\/nedonoseny-nebo-nemocny-novorozenec\/propusteni-nedonoseneho-miminka-z-porodnice\/","og_site_name":"Porodnice U Apolin\u00e1\u0159e","twitter_card":"summary_large_image","schema":{"@context":"https:\/\/schema.org","@graph":[{"@type":"WebPage","@id":"https:\/\/apolinar.capta.cz\/en\/neonatologie\/nedonoseny-nebo-nemocny-novorozenec\/propusteni-nedonoseneho-miminka-z-porodnice\/","url":"https:\/\/apolinar.capta.cz\/en\/neonatologie\/nedonoseny-nebo-nemocny-novorozenec\/propusteni-nedonoseneho-miminka-z-porodnice\/","name":"Propu\u0161t\u011bn\u00ed nedono\u0161en\u00e9ho miminka z porodnice - Porodnice U Apolin\u00e1\u0159e","isPartOf":{"@id":"https:\/\/apolinar.capta.cz\/en\/#website"},"datePublished":"2023-07-12T08:34:10+00:00","breadcrumb":{"@id":"https:\/\/apolinar.capta.cz\/en\/neonatologie\/nedonoseny-nebo-nemocny-novorozenec\/propusteni-nedonoseneho-miminka-z-porodnice\/#breadcrumb"},"inLanguage":"en-US","potentialAction":[{"@type":"ReadAction","target":["https:\/\/apolinar.capta.cz\/en\/neonatologie\/nedonoseny-nebo-nemocny-novorozenec\/propusteni-nedonoseneho-miminka-z-porodnice\/"]}]},{"@type":"BreadcrumbList","@id":"https:\/\/apolinar.capta.cz\/en\/neonatologie\/nedonoseny-nebo-nemocny-novorozenec\/propusteni-nedonoseneho-miminka-z-porodnice\/#breadcrumb","itemListElement":[{"@type":"ListItem","position":1,"name":"Dom\u016f","item":"https:\/\/apolinar.capta.cz\/en\/"},{"@type":"ListItem","position":2,"name":"Propu\u0161t\u011bn\u00ed nedono\u0161en\u00e9ho miminka z porodnice"}]},{"@type":"WebSite","@id":"https:\/\/apolinar.capta.cz\/en\/#website","url":"https:\/\/apolinar.capta.cz\/en\/","name":"Porodnice U Apolin\u00e1\u0159e","description":"Klinika gynekologie, porodnictv\u00ed a neonatologie 1. LF UK a VFN v Praze","potentialAction":[{"@type":"SearchAction","target":{"@type":"EntryPoint","urlTemplate":"https:\/\/apolinar.capta.cz\/en\/?s={search_term_string}"},"query-input":{"@type":"PropertyValueSpecification","valueRequired":true,"valueName":"search_term_string"}}],"inLanguage":"en-US"}]}},"_links":{"self":[{"href":"https:\/\/apolinar.capta.cz\/en\/wp-json\/wp\/v2\/pages\/1939","targetHints":{"allow":["GET"]}}],"collection":[{"href":"https:\/\/apolinar.capta.cz\/en\/wp-json\/wp\/v2\/pages"}],"about":[{"href":"https:\/\/apolinar.capta.cz\/en\/wp-json\/wp\/v2\/types\/page"}],"author":[{"embeddable":true,"href":"https:\/\/apolinar.capta.cz\/en\/wp-json\/wp\/v2\/users\/2"}],"replies":[{"embeddable":true,"href":"https:\/\/apolinar.capta.cz\/en\/wp-json\/wp\/v2\/comments?post=1939"}],"version-history":[{"count":0,"href":"https:\/\/apolinar.capta.cz\/en\/wp-json\/wp\/v2\/pages\/1939\/revisions"}],"up":[{"embeddable":true,"href":"https:\/\/apolinar.capta.cz\/en\/wp-json\/wp\/v2\/pages\/4010"}],"wp:attachment":[{"href":"https:\/\/apolinar.capta.cz\/en\/wp-json\/wp\/v2\/media?parent=1939"}],"curies":[{"name":"wp","href":"https:\/\/api.w.org\/{rel}","templated":true}]}}