{"id":2292,"date":"2023-07-15T09:19:55","date_gmt":"2023-07-15T07:19:55","guid":{"rendered":"https:\/\/apolinar.eu\/?page_id=2292"},"modified":"2023-07-15T09:19:55","modified_gmt":"2023-07-15T07:19:55","slug":"centrum-fetalni-mediciny-a-uz-diagnostiky-pro-odborniky","status":"publish","type":"page","link":"https:\/\/apolinar.capta.cz\/en\/centrum-fetalni-mediciny-a-uz-diagnostiky-pro-odborniky\/","title":{"rendered":"Centrum fet\u00e1ln\u00ed medic\u00edny a UZ diagnostiky &#8211; pro odborn\u00edky"},"content":{"rendered":"                <!-- TEXT BLOCK -->\r\n        <section\r\n                class=\"pdt-80 pdb-80 \"\r\n            >\r\n            <div class=\"wrapper2 text_block\">\r\n                <h2 class=\"title_h2 text_center_mdm\">Centrum fet\u00e1ln\u00ed medic\u00edny a UZ diagnostiky<\/h2>                                                                                                <div class=\"page_content reset_margins\">\r\n                                                                                        <p><span data-contrast=\"none\">V Centru fet\u00e1ln\u00ed medic\u00edny se zam\u011b\u0159ujeme na \u010dinnosti, kter\u00e9 d\u011bl\u00e1me l\u00e9pe ne\u017e jin\u00ed, kde posunujeme v\u011bd\u011bn\u00ed d\u00e1l a sna\u017e\u00edme se maxim\u00e1ln\u011b prosp\u011bt na\u0161im pacientk\u00e1m. V posledn\u00ed dob\u011b je to zejm\u00e9na screening takzvan\u00e9 preeklampsie, kter\u00fd je ned\u00edlnou sou\u010d\u00e1st\u00ed vy\u0161et\u0159en\u00ed ultrazvukem na konci prvn\u00edho trimestru. D\u00edky tomu jsme schopni sn\u00ed\u017eit riziko rozvoje preeklampsie p\u0159ed 34. t\u00fddnem t\u011bhotenstv\u00ed a\u017e o 82 %. Lze tak zabr\u00e1nit p\u0159ed\u010dasn\u00e9mu narozen\u00ed d\u011bt\u00ed z posti\u017een\u00fdch t\u011bhotenstv\u00ed. Co je d\u016fle\u017eit\u00e9, m\u00e1me dostate\u010dnou kapacitu k prov\u00e1d\u011bn\u00ed t\u011bchto vy\u0161et\u0159en\u00ed a jsme schopni st\u00e1le p\u0159ij\u00edmat nov\u00e9 pacientky.\u202f<\/span><span data-ccp-props=\"{}\">\u00a0<\/span><\/p>\n<p><span data-contrast=\"none\">V roce 2022 se n\u00e1m poda\u0159ilo person\u00e1ln\u011b pos\u00edlit t\u00fdm fet\u00e1ln\u00ed endoskopie, tak\u017ee jsme schopni zcela operativn\u011b prov\u00e1d\u011bt 365 dn\u00ed v roce operace plodu je\u0161t\u011b v d\u011bloze. Na\u0161e centrum pos\u00edlil dal\u0161\u00ed vynikaj\u00edc\u00ed zku\u0161en\u00fd prenat\u00e1ln\u00ed diagnostik, tak\u017ee disponujeme moment\u00e1ln\u011b asi nejsiln\u011bj\u0161\u00edm expertn\u00edm t\u00fdmem v oblasti vrozen\u00fdch vad plodu. V roce 2022 z\u00edsk\u00e1v\u00e1me v\u00fdsledky vy\u0161et\u0159en\u00ed choriov\u00fdch klk\u016f i amniocent\u00e9zy za 24-48 hodin. N\u00e1\u0161 t\u00fdm zku\u0161en\u00fdch l\u00e9ka\u0159\u016f neust\u00e1le garantuje nejvy\u0161\u0161\u00ed bezpe\u010dnost a kvalitu p\u0159i prov\u00e1d\u011bn\u00ed t\u011bchto v\u00fdkon\u016f.\u202f\u202f<\/span><span data-ccp-props=\"{}\">\u00a0<\/span><\/p>\n<p aria-level=\"5\"><strong>Prof. MUDr. Pavel Calda, CSc., vedouc\u00ed l\u00e9ka\u0159 Centra fet\u00e1ln\u00ed medic\u00edny a ultrazvukov\u00e9 diagnostiky\u00a0<\/strong><\/p>\n                                    <\/div>\r\n            <\/div>\r\n        <\/section>\r\n    ","protected":false},"excerpt":{"rendered":"","protected":false},"author":6,"featured_media":0,"parent":0,"menu_order":0,"comment_status":"closed","ping_status":"closed","template":"","meta":{"_acf_changed":false,"footnotes":""},"class_list":["post-2292","page","type-page","status-publish","hentry"],"acf":[],"yoast_head":"<!-- This site is optimized with the Yoast SEO plugin v25.5 - https:\/\/yoast.com\/wordpress\/plugins\/seo\/ -->\n<title>Centrum fet\u00e1ln\u00ed medic\u00edny a UZ diagnostiky - pro odborn\u00edky - Porodnice U Apolin\u00e1\u0159e<\/title>\n<meta name=\"robots\" content=\"noindex, follow, max-snippet:-1, max-image-preview:large, max-video-preview:-1\" \/>\n<meta property=\"og:locale\" content=\"en_US\" \/>\n<meta property=\"og:type\" content=\"article\" \/>\n<meta property=\"og:title\" content=\"Centrum fet\u00e1ln\u00ed medic\u00edny a UZ diagnostiky - pro odborn\u00edky - Porodnice U Apolin\u00e1\u0159e\" \/>\n<meta property=\"og:url\" content=\"https:\/\/apolinar.capta.cz\/en\/centrum-fetalni-mediciny-a-uz-diagnostiky-pro-odborniky\/\" \/>\n<meta property=\"og:site_name\" content=\"Porodnice U Apolin\u00e1\u0159e\" \/>\n<meta name=\"twitter:card\" content=\"summary_large_image\" \/>\n<script type=\"application\/ld+json\" class=\"yoast-schema-graph\">{\"@context\":\"https:\/\/schema.org\",\"@graph\":[{\"@type\":\"WebPage\",\"@id\":\"https:\/\/apolinar.capta.cz\/en\/centrum-fetalni-mediciny-a-uz-diagnostiky-pro-odborniky\/\",\"url\":\"https:\/\/apolinar.capta.cz\/en\/centrum-fetalni-mediciny-a-uz-diagnostiky-pro-odborniky\/\",\"name\":\"Centrum fet\u00e1ln\u00ed medic\u00edny a UZ diagnostiky - pro odborn\u00edky - Porodnice U Apolin\u00e1\u0159e\",\"isPartOf\":{\"@id\":\"https:\/\/apolinar.capta.cz\/en\/#website\"},\"datePublished\":\"2023-07-15T07:19:55+00:00\",\"breadcrumb\":{\"@id\":\"https:\/\/apolinar.capta.cz\/en\/centrum-fetalni-mediciny-a-uz-diagnostiky-pro-odborniky\/#breadcrumb\"},\"inLanguage\":\"en-US\",\"potentialAction\":[{\"@type\":\"ReadAction\",\"target\":[\"https:\/\/apolinar.capta.cz\/en\/centrum-fetalni-mediciny-a-uz-diagnostiky-pro-odborniky\/\"]}]},{\"@type\":\"BreadcrumbList\",\"@id\":\"https:\/\/apolinar.capta.cz\/en\/centrum-fetalni-mediciny-a-uz-diagnostiky-pro-odborniky\/#breadcrumb\",\"itemListElement\":[{\"@type\":\"ListItem\",\"position\":1,\"name\":\"Dom\u016f\",\"item\":\"https:\/\/apolinar.capta.cz\/en\/\"},{\"@type\":\"ListItem\",\"position\":2,\"name\":\"Centrum fet\u00e1ln\u00ed medic\u00edny a UZ diagnostiky &#8211; pro odborn\u00edky\"}]},{\"@type\":\"WebSite\",\"@id\":\"https:\/\/apolinar.capta.cz\/en\/#website\",\"url\":\"https:\/\/apolinar.capta.cz\/en\/\",\"name\":\"Porodnice U Apolin\u00e1\u0159e\",\"description\":\"Klinika gynekologie, porodnictv\u00ed a neonatologie 1. LF UK a VFN v Praze\",\"potentialAction\":[{\"@type\":\"SearchAction\",\"target\":{\"@type\":\"EntryPoint\",\"urlTemplate\":\"https:\/\/apolinar.capta.cz\/en\/?s={search_term_string}\"},\"query-input\":{\"@type\":\"PropertyValueSpecification\",\"valueRequired\":true,\"valueName\":\"search_term_string\"}}],\"inLanguage\":\"en-US\"}]}<\/script>\n<!-- \/ Yoast SEO plugin. -->","yoast_head_json":{"title":"Centrum fet\u00e1ln\u00ed medic\u00edny a UZ diagnostiky - pro odborn\u00edky - Porodnice U Apolin\u00e1\u0159e","robots":{"index":"noindex","follow":"follow","max-snippet":"max-snippet:-1","max-image-preview":"max-image-preview:large","max-video-preview":"max-video-preview:-1"},"og_locale":"en_US","og_type":"article","og_title":"Centrum fet\u00e1ln\u00ed medic\u00edny a UZ diagnostiky - pro odborn\u00edky - Porodnice U Apolin\u00e1\u0159e","og_url":"https:\/\/apolinar.capta.cz\/en\/centrum-fetalni-mediciny-a-uz-diagnostiky-pro-odborniky\/","og_site_name":"Porodnice U Apolin\u00e1\u0159e","twitter_card":"summary_large_image","schema":{"@context":"https:\/\/schema.org","@graph":[{"@type":"WebPage","@id":"https:\/\/apolinar.capta.cz\/en\/centrum-fetalni-mediciny-a-uz-diagnostiky-pro-odborniky\/","url":"https:\/\/apolinar.capta.cz\/en\/centrum-fetalni-mediciny-a-uz-diagnostiky-pro-odborniky\/","name":"Centrum fet\u00e1ln\u00ed medic\u00edny a UZ diagnostiky - pro odborn\u00edky - Porodnice U Apolin\u00e1\u0159e","isPartOf":{"@id":"https:\/\/apolinar.capta.cz\/en\/#website"},"datePublished":"2023-07-15T07:19:55+00:00","breadcrumb":{"@id":"https:\/\/apolinar.capta.cz\/en\/centrum-fetalni-mediciny-a-uz-diagnostiky-pro-odborniky\/#breadcrumb"},"inLanguage":"en-US","potentialAction":[{"@type":"ReadAction","target":["https:\/\/apolinar.capta.cz\/en\/centrum-fetalni-mediciny-a-uz-diagnostiky-pro-odborniky\/"]}]},{"@type":"BreadcrumbList","@id":"https:\/\/apolinar.capta.cz\/en\/centrum-fetalni-mediciny-a-uz-diagnostiky-pro-odborniky\/#breadcrumb","itemListElement":[{"@type":"ListItem","position":1,"name":"Dom\u016f","item":"https:\/\/apolinar.capta.cz\/en\/"},{"@type":"ListItem","position":2,"name":"Centrum fet\u00e1ln\u00ed medic\u00edny a UZ diagnostiky &#8211; pro odborn\u00edky"}]},{"@type":"WebSite","@id":"https:\/\/apolinar.capta.cz\/en\/#website","url":"https:\/\/apolinar.capta.cz\/en\/","name":"Porodnice U Apolin\u00e1\u0159e","description":"Klinika gynekologie, porodnictv\u00ed a neonatologie 1. LF UK a VFN v Praze","potentialAction":[{"@type":"SearchAction","target":{"@type":"EntryPoint","urlTemplate":"https:\/\/apolinar.capta.cz\/en\/?s={search_term_string}"},"query-input":{"@type":"PropertyValueSpecification","valueRequired":true,"valueName":"search_term_string"}}],"inLanguage":"en-US"}]}},"_links":{"self":[{"href":"https:\/\/apolinar.capta.cz\/en\/wp-json\/wp\/v2\/pages\/2292","targetHints":{"allow":["GET"]}}],"collection":[{"href":"https:\/\/apolinar.capta.cz\/en\/wp-json\/wp\/v2\/pages"}],"about":[{"href":"https:\/\/apolinar.capta.cz\/en\/wp-json\/wp\/v2\/types\/page"}],"author":[{"embeddable":true,"href":"https:\/\/apolinar.capta.cz\/en\/wp-json\/wp\/v2\/users\/6"}],"replies":[{"embeddable":true,"href":"https:\/\/apolinar.capta.cz\/en\/wp-json\/wp\/v2\/comments?post=2292"}],"version-history":[{"count":0,"href":"https:\/\/apolinar.capta.cz\/en\/wp-json\/wp\/v2\/pages\/2292\/revisions"}],"wp:attachment":[{"href":"https:\/\/apolinar.capta.cz\/en\/wp-json\/wp\/v2\/media?parent=2292"}],"curies":[{"name":"wp","href":"https:\/\/api.w.org\/{rel}","templated":true}]}}