{"id":2314,"date":"2023-07-16T18:52:33","date_gmt":"2023-07-16T16:52:33","guid":{"rendered":"https:\/\/apolinar.eu\/?page_id=2314"},"modified":"2023-07-16T18:52:33","modified_gmt":"2023-07-16T16:52:33","slug":"veda-a-vyzkum","status":"publish","type":"page","link":"https:\/\/apolinar.capta.cz\/en\/veda-a-vyzkum\/","title":{"rendered":"V\u011bda a v\u00fdzkum"},"content":{"rendered":"                <div class=\"wrapper2 pdt-80 pdb-40 \"\r\n            >\r\n            <div class=\"text_block\">\r\n                <h1 class=\"title_h2 \">V\u011bda a v\u00fdzkum<\/h1>                <div class=\"page_content reset_margins\">\r\n                                                                                        <p><span data-contrast=\"auto\">Krom\u011b p\u00e9\u010de o pacienty a v\u00fduky je v\u011bda t\u0159et\u00edm v\u00fdznamn\u00fdm pil\u00ed\u0159em univerzitn\u00edho pracovi\u0161t\u011b. Gynekologicko-porodnick\u00e1 klinika pat\u0159\u00ed tradi\u010dn\u011b mezi pracovi\u0161t\u011b 1. l\u00e9ka\u0159sk\u00e9 fakulty s\u202fnejlep\u0161\u00edm v\u011bdeck\u00fdm v\u00fdkonem. V\u202froce 2021 byla hodnocena na 6. m\u00edst\u011b ze 73 klinik a \u00fastav\u016f fakulty.\u00a0<\/span><span data-ccp-props=\"{&quot;201341983&quot;:0,&quot;335551550&quot;:6,&quot;335551620&quot;:6,&quot;335559740&quot;:276}\">\u00a0<\/span><span data-ccp-props=\"{&quot;201341983&quot;:0,&quot;335551550&quot;:6,&quot;335551620&quot;:6,&quot;335559740&quot;:276}\">\u00a0<\/span><\/p>\n<p><span data-contrast=\"auto\">Ve v\u00fdzkumu spolupracujeme s\u202fmnoha dal\u0161\u00edmi klinikami a \u00fastavy v\u202fr\u00e1mci VFN, 1. LF \u010di Akademie v\u011bd, ale i s\u202fmnoha zahrani\u010dn\u00edmi presti\u017en\u00edmi univerzitami. V\u011bt\u0161ina projekt\u016f je zam\u011b\u0159ena na tzv. klinick\u00fd v\u00fdzkum, jeho\u017e c\u00edlem je zlep\u0161it sou\u010dasnou p\u00e9\u010di o pacienty. V\u00fdzkum na klinice je financov\u00e1n z\u202fn\u011bkolika zdroj\u016f, z\u202finstitucion\u00e1ln\u00ed podpory 1. LF i VFN, z\u202fv\u00fdzkumn\u00fdch grant\u016f \u010desk\u00fdch agentur (v roce 2022 celkem 4 granty) nebo zahrani\u010dn\u00edch agentur (1 projekt v\u202froce 2022), i z\u202fp\u0159\u00edsp\u011bvk\u016f nadac\u00ed a jednotliv\u00fdch d\u00e1rc\u016f.\u00a0\u00a0<\/span><span data-ccp-props=\"{&quot;201341983&quot;:0,&quot;335551550&quot;:6,&quot;335551620&quot;:6,&quot;335559740&quot;:276}\">\u00a0<\/span><\/p>\n<p><span data-contrast=\"auto\">Na klinice prob\u00edhaj\u00ed des\u00edtky v\u011bdeck\u00fdch projekt\u016f. Krom\u011b studi\u00ed koordinovan\u00fdch ze zahrani\u010d\u00ed, ke kter\u00fdm se na\u0161e klinika p\u0159ipojila, jsme hrd\u00ed na ty projekty, kter\u00e9 koordinuje na\u0161e pracovi\u0161t\u011b, a do kter\u00fdch naopak p\u0159isp\u00edvaj\u00ed zahrani\u010dn\u00ed centra. Takov\u00fdch projekt\u016f prob\u00edhalo v\u202froce 2022 na klinice <\/span><span data-contrast=\"auto\">X<\/span><span data-contrast=\"auto\">. P\u0159\u00edkladem m\u016f\u017ee b\u00fdt studie SENTIX, kter\u00e9 se \u00fa\u010dastnilo 42 center z\u202f18 zem\u00ed v\u202fEvrop\u011b, Latinsk\u00e9 Americe a Ji\u017en\u00ed Africe.\u00a0<\/span><span data-ccp-props=\"{&quot;201341983&quot;:0,&quot;335551550&quot;:6,&quot;335551620&quot;:6,&quot;335559740&quot;:276}\">\u00a0<\/span><\/p>\n<p><span data-contrast=\"auto\">Hlavn\u00edm v\u00fdstupem v\u011bdeck\u00e9 pr\u00e1ce jsou kvalitn\u00ed publikace. V\u202flo\u0148sk\u00e9m roce byli na\u0161i v\u011bde\u010dt\u00ed pracovn\u00edci auto\u0159i \u010di spoluauto\u0159i X publikac\u00ed ve \u0161pi\u010dkov\u00fdch zahrani\u010dn\u00edch \u010dasopisech (IF), z\u202ftoho X bylo publikac\u00ed vlastn\u00edch.\u00a0<\/span><span data-ccp-props=\"{&quot;201341983&quot;:0,&quot;335551550&quot;:6,&quot;335551620&quot;:6,&quot;335559740&quot;:276}\">\u00a0<\/span><\/p>\n<p><span data-contrast=\"auto\">V\u011bdeck\u00e9 projekty z\u202fna\u0161eho pracovi\u0161t\u011b ovliv\u0148uj\u00ed standardy l\u00e9\u010dby ve sv\u011bt\u011b. P\u0159\u00edkladem jsou v\u00fdsledky studi\u00ed v\u202fl\u00e9\u010db\u011b gynekologick\u00fdch zhoubn\u00fdch n\u00e1dor\u016f, kter\u00e9 se staly sou\u010d\u00e1st\u00ed doporu\u010den\u00fdch postup\u016f v\u202fUSA (<\/span><a href=\"https:\/\/www.nccn.org\/guidelines\"><span data-contrast=\"none\">https:\/\/www.nccn.org\/guidelines<\/span><\/a><span data-contrast=\"auto\"> &#8211; cervical cancer) nebo v\u202fEvrop\u011b (<\/span><a href=\"https:\/\/esgo.org\/explore\/guidelines\/\"><span data-contrast=\"none\">https:\/\/esgo.org\/explore\/guidelines\/<\/span><\/a><span data-contrast=\"auto\">).\u00a0\u00a0<\/span><span data-ccp-props=\"{&quot;201341983&quot;:0,&quot;335551550&quot;:6,&quot;335551620&quot;:6,&quot;335559740&quot;:276}\">\u00a0<\/span><\/p>\n                                    <\/div>\r\n            <\/div>\r\n                                <\/div>\r\n    \n\n                <!-- TEXT BLOCK -->\r\n        <section\r\n                class=\"pdt-40 pdb-80 bg3\"\r\n            >\r\n            <div class=\"wrapper2 text_block\">\r\n                                                                                                                <div class=\"page_content reset_margins\">\r\n                                                                                        <p><span data-ccp-props=\"{&quot;201341983&quot;:0,&quot;335551550&quot;:6,&quot;335551620&quot;:6,&quot;335559740&quot;:276}\">\u00a0<\/span><b><span data-contrast=\"auto\">Seznam projekt\u016f koordinovan\u00fdch na\u0161\u00ed klinikou se zahrani\u010dn\u00ed \u00fa\u010dast\u00ed\u00a0<\/span><\/b><span data-ccp-props=\"{&quot;201341983&quot;:0,&quot;335551550&quot;:6,&quot;335551620&quot;:6,&quot;335559740&quot;:276}\">\u00a0<\/span><\/p>\n<div class=\"table_scroll\"> <table data-tablestyle=\"MsoTableGrid\" data-tablelook=\"1184\" aria-rowcount=\"8\">\n<tbody>\n<tr aria-rowindex=\"1\">\n<td data-celllook=\"0\"><b><span data-contrast=\"auto\">Zkratka<\/span><\/b><span data-ccp-props=\"{&quot;201341983&quot;:0,&quot;335551550&quot;:2,&quot;335551620&quot;:2,&quot;335559740&quot;:276}\">\u00a0<\/span><\/td>\n<td data-celllook=\"0\"><b><span data-contrast=\"auto\">N\u00e1zev<\/span><\/b><span data-ccp-props=\"{&quot;201341983&quot;:0,&quot;335551550&quot;:2,&quot;335551620&quot;:2,&quot;335559740&quot;:276}\">\u00a0<\/span><\/td>\n<td data-celllook=\"0\"><b><span data-contrast=\"auto\">Po\u010det zapojen\u00fdch center<\/span><\/b><span data-ccp-props=\"{&quot;201341983&quot;:0,&quot;335551550&quot;:2,&quot;335551620&quot;:2,&quot;335559740&quot;:276}\">\u00a0<\/span><\/td>\n<td data-celllook=\"0\"><b><span data-contrast=\"auto\">Po\u010det zem\u00ed<\/span><\/b><span data-ccp-props=\"{&quot;201341983&quot;:0,&quot;335551550&quot;:2,&quot;335551620&quot;:2,&quot;335559740&quot;:276}\">\u00a0<\/span><\/td>\n<td data-celllook=\"0\"><b><span data-contrast=\"auto\">C\u00edl studie\u00a0<\/span><\/b><span data-ccp-props=\"{&quot;201341983&quot;:0,&quot;335551550&quot;:2,&quot;335551620&quot;:2,&quot;335559740&quot;:276}\">\u00a0<\/span><\/td>\n<\/tr>\n<tr aria-rowindex=\"2\">\n<td data-celllook=\"0\"><b><span data-contrast=\"auto\">SENTIX<\/span><\/b><span data-ccp-props=\"{&quot;201341983&quot;:0,&quot;335551550&quot;:2,&quot;335551620&quot;:2,&quot;335559740&quot;:276}\">\u00a0<\/span><\/p>\n<p><span data-ccp-props=\"{&quot;201341983&quot;:0,&quot;335551550&quot;:2,&quot;335551620&quot;:2,&quot;335559740&quot;:276}\">\u00a0<\/span><\/td>\n<td data-celllook=\"0\"><span data-contrast=\"auto\">Sentinel lymph node in cervical cancer<\/span><span data-ccp-props=\"{&quot;201341983&quot;:0,&quot;335551550&quot;:2,&quot;335551620&quot;:2,&quot;335559740&quot;:276}\">\u00a0<\/span><\/td>\n<td data-celllook=\"0\"><span data-contrast=\"auto\">42<\/span><span data-ccp-props=\"{&quot;201341983&quot;:0,&quot;335551550&quot;:2,&quot;335551620&quot;:2,&quot;335559740&quot;:276}\">\u00a0<\/span><\/td>\n<td data-celllook=\"0\"><span data-contrast=\"auto\">18<\/span><span data-ccp-props=\"{&quot;201341983&quot;:0,&quot;335551550&quot;:2,&quot;335551620&quot;:2,&quot;335559740&quot;:276}\">\u00a0<\/span><\/td>\n<td data-celllook=\"0\"><span data-contrast=\"auto\">Sn\u00ed\u017eit rozsah operace pro karcinom d\u011blo\u017en\u00edho hrdla.<\/span><span data-ccp-props=\"{&quot;201341983&quot;:0,&quot;335551550&quot;:2,&quot;335551620&quot;:2,&quot;335559740&quot;:276}\">\u00a0<\/span><\/td>\n<\/tr>\n<tr aria-rowindex=\"3\">\n<td data-celllook=\"0\"><b><span data-contrast=\"auto\">CANNES<\/span><\/b><span data-ccp-props=\"{&quot;201341983&quot;:0,&quot;335551550&quot;:2,&quot;335551620&quot;:2,&quot;335559740&quot;:276}\">\u00a0<\/span><\/td>\n<td data-celllook=\"0\"><span data-contrast=\"auto\">Cervical Cancer Lymph Node Staging<\/span><span data-ccp-props=\"{&quot;201341983&quot;:0,&quot;335551550&quot;:2,&quot;335551620&quot;:2,&quot;335559740&quot;:276}\">\u00a0<\/span><\/td>\n<td data-celllook=\"0\"><span data-contrast=\"auto\">3<\/span><span data-ccp-props=\"{&quot;201341983&quot;:0,&quot;335551550&quot;:2,&quot;335551620&quot;:2,&quot;335559740&quot;:276}\">\u00a0<\/span><\/td>\n<td data-celllook=\"0\"><span data-contrast=\"auto\">3<\/span><span data-ccp-props=\"{&quot;201341983&quot;:0,&quot;335551550&quot;:2,&quot;335551620&quot;:2,&quot;335559740&quot;:276}\">\u00a0<\/span><\/td>\n<td data-celllook=\"0\"><span data-contrast=\"auto\">Srovn\u00e1n\u00ed p\u0159esnosti ultrazvukov\u00e9ho vy\u0161et\u0159en\u00ed, magnetick\u00e9 rezonance a PETC\/T p\u0159i z\u00e1chytu uzlinov\u00e9ho posti\u017een\u00ed s c\u00edlem vybrat optim\u00e1ln\u00ed metodu pro p\u0159edopera\u010dn\u00ed vy\u0161et\u0159en\u00ed pacientek s karcinomem d\u011blo\u017en\u00edho hrdla.<\/span><span data-ccp-props=\"{&quot;201341983&quot;:0,&quot;335551550&quot;:2,&quot;335551620&quot;:2,&quot;335559740&quot;:276}\">\u00a0<\/span><\/td>\n<\/tr>\n<tr aria-rowindex=\"4\">\n<td data-celllook=\"0\"><b><span data-contrast=\"auto\">ISAAC<\/span><\/b><span data-ccp-props=\"{&quot;201341983&quot;:0,&quot;335551550&quot;:2,&quot;335551620&quot;:2,&quot;335559740&quot;:276}\">\u00a0<\/span><\/td>\n<td data-celllook=\"0\"><span data-contrast=\"auto\">Imaging Study in Advanced ovArian Cancer<\/span><span data-ccp-props=\"{&quot;201341983&quot;:0,&quot;335551550&quot;:2,&quot;335551620&quot;:2,&quot;335559740&quot;:276}\">\u00a0<\/span><\/td>\n<td data-celllook=\"0\"><span data-contrast=\"auto\">5<\/span><span data-ccp-props=\"{&quot;201341983&quot;:0,&quot;335551550&quot;:2,&quot;335551620&quot;:2,&quot;335559740&quot;:276}\">\u00a0<\/span><\/td>\n<td data-celllook=\"0\"><span data-contrast=\"auto\">3<\/span><span data-ccp-props=\"{&quot;201341983&quot;:0,&quot;335551550&quot;:2,&quot;335551620&quot;:2,&quot;335559740&quot;:276}\">\u00a0<\/span><\/td>\n<td data-celllook=\"0\"><span data-contrast=\"auto\">Porovnat p\u0159esnost r\u016fzn\u00fdch zobrazovac\u00edch metod (ultrazvukov\u00e9ho vy\u0161et\u0159en\u00ed, celot\u011blov\u00e9 magnetick\u00e9 rezonance a CT) ve stanoven\u00ed rozsahu zhoubn\u00e9ho n\u00e1doru vaje\u010dn\u00edk\u016f v\u202fp\u00e1nvi a b\u0159i\u0161n\u00ed dutin\u011b.<\/span><span data-ccp-props=\"{&quot;201341983&quot;:0,&quot;335551550&quot;:2,&quot;335551620&quot;:2,&quot;335559740&quot;:276}\">\u00a0<\/span><\/td>\n<\/tr>\n<tr aria-rowindex=\"5\">\n<td data-celllook=\"0\"><b><span data-contrast=\"auto\">ABRAX<\/span><\/b><span data-ccp-props=\"{&quot;201341983&quot;:0,&quot;335551550&quot;:2,&quot;335551620&quot;:2,&quot;335559740&quot;:276}\">\u00a0<\/span><\/td>\n<td data-celllook=\"0\"><span data-contrast=\"none\">ABandoning RAdical hysterectomy in cerviX cancer<\/span><span data-ccp-props=\"{&quot;201341983&quot;:0,&quot;335551550&quot;:2,&quot;335551620&quot;:2,&quot;335559740&quot;:276}\">\u00a0<\/span><\/td>\n<td data-celllook=\"0\"><span data-contrast=\"auto\">51<\/span><span data-ccp-props=\"{&quot;201341983&quot;:0,&quot;335551550&quot;:2,&quot;335551620&quot;:2,&quot;335559740&quot;:276}\">\u00a0<\/span><\/td>\n<td data-celllook=\"0\"><span data-contrast=\"auto\">19<\/span><span data-ccp-props=\"{&quot;201341983&quot;:0,&quot;335551550&quot;:2,&quot;335551620&quot;:2,&quot;335559740&quot;:276}\">\u00a0<\/span><\/td>\n<td data-celllook=\"0\"><span data-contrast=\"none\">Rozhodnout, je-li vhodn\u00e9 dokon\u010dit radik\u00e1n\u00ed hysterektomii p\u0159i intraopera\u010dn\u00edm pr\u016fkazu uzlinov\u00fdch metast\u00e1z u operac\u00ed \u010dasn\u00e9ho karcinomu d\u011blo\u017en\u00edho hrdla.<\/span><span data-ccp-props=\"{&quot;134233117&quot;:true,&quot;134233118&quot;:true,&quot;201341983&quot;:0,&quot;335551550&quot;:2,&quot;335551620&quot;:2,&quot;335559740&quot;:276}\">\u00a0<\/span><\/td>\n<\/tr>\n<tr aria-rowindex=\"6\">\n<td data-celllook=\"0\"><b><span data-contrast=\"auto\">MILLAC<\/span><\/b><span data-ccp-props=\"{&quot;201341983&quot;:0,&quot;335551550&quot;:2,&quot;335551620&quot;:2,&quot;335559740&quot;:276}\">\u00a0<\/span><\/td>\n<td data-celllook=\"0\"><span data-contrast=\"auto\">Occult LN involvement in the LACC trial<\/span><span data-ccp-props=\"{&quot;201341983&quot;:0,&quot;335551550&quot;:2,&quot;335551620&quot;:2,&quot;335559740&quot;:276}\">\u00a0<\/span><\/td>\n<td data-celllook=\"0\"><span data-contrast=\"auto\">8<\/span><span data-ccp-props=\"{&quot;201341983&quot;:0,&quot;335551550&quot;:2,&quot;335551620&quot;:2,&quot;335559740&quot;:276}\">\u00a0<\/span><\/td>\n<td data-celllook=\"0\"><span data-contrast=\"auto\">6<\/span><span data-ccp-props=\"{&quot;201341983&quot;:0,&quot;335551550&quot;:2,&quot;335551620&quot;:2,&quot;335559740&quot;:276}\">\u00a0<\/span><\/td>\n<td data-celllook=\"0\"><span data-contrast=\"auto\">Ov\u011b\u0159it, zda LN obsahuj\u00edc\u00ed nezji\u0161t\u011bn\u00e9 mikrometast\u00e1zy jsou p\u0159\u00ed\u010dinou vy\u0161\u0161\u00edho po\u010dtu lok\u00e1ln\u00edch recidiv ve studii LACC<\/span><span data-ccp-props=\"{&quot;201341983&quot;:0,&quot;335551550&quot;:2,&quot;335551620&quot;:2,&quot;335559740&quot;:276}\">\u00a0<\/span><\/td>\n<\/tr>\n<tr aria-rowindex=\"7\">\n<td data-celllook=\"0\"><b><span data-contrast=\"auto\">SCCAN<\/span><\/b><span data-ccp-props=\"{&quot;201341983&quot;:0,&quot;335551550&quot;:2,&quot;335551620&quot;:2,&quot;335559740&quot;:276}\">\u00a0<\/span><\/td>\n<td data-celllook=\"0\"><span data-contrast=\"none\">The Surveillance in Cervical Cancer<\/span><span data-ccp-props=\"{&quot;201341983&quot;:0,&quot;335551550&quot;:2,&quot;335551620&quot;:2,&quot;335559740&quot;:276}\">\u00a0<\/span><\/td>\n<td data-celllook=\"0\"><span data-contrast=\"auto\">20<\/span><span data-ccp-props=\"{&quot;201341983&quot;:0,&quot;335551550&quot;:2,&quot;335551620&quot;:2,&quot;335559740&quot;:276}\">\u00a0<\/span><\/td>\n<td data-celllook=\"0\"><span data-contrast=\"auto\">14<\/span><span data-ccp-props=\"{&quot;201341983&quot;:0,&quot;335551550&quot;:2,&quot;335551620&quot;:2,&quot;335559740&quot;:276}\">\u00a0<\/span><\/td>\n<td data-celllook=\"0\"><span data-contrast=\"none\">Optimalizovat sledov\u00e1n\u00ed pacientek po ukon\u010den\u00ed l\u00e9\u010dby karcinomu d\u011blo\u017en\u00edho hrdla.<\/span><span data-ccp-props=\"{&quot;134233117&quot;:true,&quot;134233118&quot;:true,&quot;201341983&quot;:0,&quot;335551550&quot;:2,&quot;335551620&quot;:2,&quot;335559740&quot;:276}\">\u00a0<\/span><\/td>\n<\/tr>\n<tr aria-rowindex=\"8\">\n<td data-celllook=\"0\"><b><span data-contrast=\"auto\">FERTISS<\/span><\/b><span data-ccp-props=\"{&quot;201341983&quot;:0,&quot;335551550&quot;:2,&quot;335551620&quot;:2,&quot;335559740&quot;:276}\">\u00a0<\/span><\/td>\n<td data-celllook=\"0\"><span data-contrast=\"none\">Fertility Sparing Surgery In Cervical Cancer Patients Outside Of Clinical Trials<\/span><span data-ccp-props=\"{&quot;201341983&quot;:0,&quot;335551550&quot;:2,&quot;335551620&quot;:2,&quot;335559740&quot;:276}\">\u00a0<\/span><\/td>\n<td data-celllook=\"0\"><span data-contrast=\"auto\">44<\/span><span data-ccp-props=\"{&quot;201341983&quot;:0,&quot;335551550&quot;:2,&quot;335551620&quot;:2,&quot;335559740&quot;:276}\">\u00a0<\/span><\/td>\n<td data-celllook=\"0\"><span data-contrast=\"auto\">13<\/span><span data-ccp-props=\"{&quot;201341983&quot;:0,&quot;335551550&quot;:2,&quot;335551620&quot;:2,&quot;335559740&quot;:276}\">\u00a0<\/span><\/td>\n<td data-celllook=\"0\"><span data-contrast=\"none\">Optimalizovat indika\u010dn\u00ed krit\u00e9ria proveden\u00ed plodnost \u0161et\u0159\u00edc\u00edch operac\u00ed u karcinomu d\u011blo\u017en\u00edho hrdla.<\/span><span data-ccp-props=\"{&quot;201341983&quot;:0,&quot;335551550&quot;:2,&quot;335551620&quot;:2,&quot;335559740&quot;:276}\">\u00a0<\/span><\/td>\n<\/tr>\n<\/tbody>\n<\/table> <\/div>\n<p><span data-ccp-props=\"{&quot;201341983&quot;:0,&quot;335559740&quot;:276}\">\u00a0<\/span><\/p>\n                                    <\/div>\r\n            <\/div>\r\n        <\/section>\r\n    ","protected":false},"excerpt":{"rendered":"","protected":false},"author":6,"featured_media":0,"parent":0,"menu_order":0,"comment_status":"closed","ping_status":"closed","template":"","meta":{"_acf_changed":false,"footnotes":""},"class_list":["post-2314","page","type-page","status-publish","hentry"],"acf":[],"yoast_head":"<!-- This site is optimized with the Yoast SEO plugin v25.5 - https:\/\/yoast.com\/wordpress\/plugins\/seo\/ -->\n<title>V\u011bda a v\u00fdzkum - Porodnice U Apolin\u00e1\u0159e<\/title>\n<meta name=\"robots\" content=\"noindex, follow, max-snippet:-1, max-image-preview:large, max-video-preview:-1\" \/>\n<meta property=\"og:locale\" content=\"en_US\" \/>\n<meta property=\"og:type\" content=\"article\" \/>\n<meta property=\"og:title\" content=\"V\u011bda a v\u00fdzkum - Porodnice U Apolin\u00e1\u0159e\" \/>\n<meta property=\"og:url\" content=\"https:\/\/apolinar.capta.cz\/en\/veda-a-vyzkum\/\" \/>\n<meta property=\"og:site_name\" content=\"Porodnice U Apolin\u00e1\u0159e\" \/>\n<meta name=\"twitter:card\" content=\"summary_large_image\" \/>\n<script type=\"application\/ld+json\" class=\"yoast-schema-graph\">{\"@context\":\"https:\/\/schema.org\",\"@graph\":[{\"@type\":\"WebPage\",\"@id\":\"https:\/\/apolinar.capta.cz\/en\/veda-a-vyzkum\/\",\"url\":\"https:\/\/apolinar.capta.cz\/en\/veda-a-vyzkum\/\",\"name\":\"V\u011bda a v\u00fdzkum - Porodnice U Apolin\u00e1\u0159e\",\"isPartOf\":{\"@id\":\"https:\/\/apolinar.capta.cz\/en\/#website\"},\"datePublished\":\"2023-07-16T16:52:33+00:00\",\"breadcrumb\":{\"@id\":\"https:\/\/apolinar.capta.cz\/en\/veda-a-vyzkum\/#breadcrumb\"},\"inLanguage\":\"en-US\",\"potentialAction\":[{\"@type\":\"ReadAction\",\"target\":[\"https:\/\/apolinar.capta.cz\/en\/veda-a-vyzkum\/\"]}]},{\"@type\":\"BreadcrumbList\",\"@id\":\"https:\/\/apolinar.capta.cz\/en\/veda-a-vyzkum\/#breadcrumb\",\"itemListElement\":[{\"@type\":\"ListItem\",\"position\":1,\"name\":\"Dom\u016f\",\"item\":\"https:\/\/apolinar.capta.cz\/en\/\"},{\"@type\":\"ListItem\",\"position\":2,\"name\":\"V\u011bda a v\u00fdzkum\"}]},{\"@type\":\"WebSite\",\"@id\":\"https:\/\/apolinar.capta.cz\/en\/#website\",\"url\":\"https:\/\/apolinar.capta.cz\/en\/\",\"name\":\"Porodnice U Apolin\u00e1\u0159e\",\"description\":\"Klinika gynekologie, porodnictv\u00ed a neonatologie 1. LF UK a VFN v Praze\",\"potentialAction\":[{\"@type\":\"SearchAction\",\"target\":{\"@type\":\"EntryPoint\",\"urlTemplate\":\"https:\/\/apolinar.capta.cz\/en\/?s={search_term_string}\"},\"query-input\":{\"@type\":\"PropertyValueSpecification\",\"valueRequired\":true,\"valueName\":\"search_term_string\"}}],\"inLanguage\":\"en-US\"}]}<\/script>\n<!-- \/ Yoast SEO plugin. -->","yoast_head_json":{"title":"V\u011bda a v\u00fdzkum - Porodnice U Apolin\u00e1\u0159e","robots":{"index":"noindex","follow":"follow","max-snippet":"max-snippet:-1","max-image-preview":"max-image-preview:large","max-video-preview":"max-video-preview:-1"},"og_locale":"en_US","og_type":"article","og_title":"V\u011bda a v\u00fdzkum - Porodnice U Apolin\u00e1\u0159e","og_url":"https:\/\/apolinar.capta.cz\/en\/veda-a-vyzkum\/","og_site_name":"Porodnice U Apolin\u00e1\u0159e","twitter_card":"summary_large_image","schema":{"@context":"https:\/\/schema.org","@graph":[{"@type":"WebPage","@id":"https:\/\/apolinar.capta.cz\/en\/veda-a-vyzkum\/","url":"https:\/\/apolinar.capta.cz\/en\/veda-a-vyzkum\/","name":"V\u011bda a v\u00fdzkum - Porodnice U Apolin\u00e1\u0159e","isPartOf":{"@id":"https:\/\/apolinar.capta.cz\/en\/#website"},"datePublished":"2023-07-16T16:52:33+00:00","breadcrumb":{"@id":"https:\/\/apolinar.capta.cz\/en\/veda-a-vyzkum\/#breadcrumb"},"inLanguage":"en-US","potentialAction":[{"@type":"ReadAction","target":["https:\/\/apolinar.capta.cz\/en\/veda-a-vyzkum\/"]}]},{"@type":"BreadcrumbList","@id":"https:\/\/apolinar.capta.cz\/en\/veda-a-vyzkum\/#breadcrumb","itemListElement":[{"@type":"ListItem","position":1,"name":"Dom\u016f","item":"https:\/\/apolinar.capta.cz\/en\/"},{"@type":"ListItem","position":2,"name":"V\u011bda a v\u00fdzkum"}]},{"@type":"WebSite","@id":"https:\/\/apolinar.capta.cz\/en\/#website","url":"https:\/\/apolinar.capta.cz\/en\/","name":"Porodnice U Apolin\u00e1\u0159e","description":"Klinika gynekologie, porodnictv\u00ed a neonatologie 1. LF UK a VFN v Praze","potentialAction":[{"@type":"SearchAction","target":{"@type":"EntryPoint","urlTemplate":"https:\/\/apolinar.capta.cz\/en\/?s={search_term_string}"},"query-input":{"@type":"PropertyValueSpecification","valueRequired":true,"valueName":"search_term_string"}}],"inLanguage":"en-US"}]}},"_links":{"self":[{"href":"https:\/\/apolinar.capta.cz\/en\/wp-json\/wp\/v2\/pages\/2314","targetHints":{"allow":["GET"]}}],"collection":[{"href":"https:\/\/apolinar.capta.cz\/en\/wp-json\/wp\/v2\/pages"}],"about":[{"href":"https:\/\/apolinar.capta.cz\/en\/wp-json\/wp\/v2\/types\/page"}],"author":[{"embeddable":true,"href":"https:\/\/apolinar.capta.cz\/en\/wp-json\/wp\/v2\/users\/6"}],"replies":[{"embeddable":true,"href":"https:\/\/apolinar.capta.cz\/en\/wp-json\/wp\/v2\/comments?post=2314"}],"version-history":[{"count":0,"href":"https:\/\/apolinar.capta.cz\/en\/wp-json\/wp\/v2\/pages\/2314\/revisions"}],"wp:attachment":[{"href":"https:\/\/apolinar.capta.cz\/en\/wp-json\/wp\/v2\/media?parent=2314"}],"curies":[{"name":"wp","href":"https:\/\/api.w.org\/{rel}","templated":true}]}}