{"id":2505,"date":"2023-07-18T23:08:41","date_gmt":"2023-07-18T21:08:41","guid":{"rendered":"https:\/\/apolinar.eu\/?page_id=2505"},"modified":"2023-07-18T23:08:41","modified_gmt":"2023-07-18T21:08:41","slug":"pribehy-pacientu-gyn","status":"publish","type":"page","link":"https:\/\/apolinar.capta.cz\/en\/pribehy-pacientu-gyn\/","title":{"rendered":"P\u0159\u00edb\u011bhy pacient\u016f &#8211; gyn"},"content":{"rendered":"                <!-- TEXT BLOCK -->\r\n        <section\r\n                class=\"pdt-80 pdb-80 \"\r\n            >\r\n            <div class=\"wrapper2 text_block\">\r\n                <h2 class=\"title_h2 text_center_mdm\">Poh\u00e1dka se \u0161\u0165astn\u00fd koncem <\/h2>                                                                                                <div class=\"page_content reset_margins\">\r\n                                                                                        <p>Jsem \u201esilny\u0301 ro\u010dn\u00edk 70\u201d, krom\u011b \u010dty\u0159 porod\u016f jsem nikdy nebyla v nemocnici. Ale co \u010dert necht\u011bl, v d\u011bloze mi velmi rychle narostl velky\u0301 myom a byla nutn\u00e1 operace. M\u00e1vnut\u00edm proutku jsem se 11. ledna 2023 ocitla s vidinou laparoskopick\u00e9 operace v poh\u00e1dkov\u00e9m hradu u Apolin\u00e1\u0159e s vy\u0301hledem na ko\u010di\u010d\u00ed rodinku v zahrad\u011b. Tak uklid\u0148uj\u00edc\u00ed! Sest\u0159i\u010dky i l\u00e9ka\u0159i byli velmi mil\u00ed, ochotn\u00ed, ch\u00e1pav\u00ed a vst\u0159\u00edcn\u00ed. A tak to bylo po celou dobu m\u00e9 hospitalizace. Ve \u010dtvrtek 12. ledna p\u0159i\u0161el den D a j\u00e1 v elegantn\u00edch pun\u010do\u0161k\u00e1ch a ko\u0161ilce se \u010dty\u0159l\u00edstky byla odvezena \u201enemocni\u010dn\u00ed limuz\u00ednou\u201d historicky\u0301mi prostory k operaci. Zde jsem, om\u00e1men\u00e1 kouzelny\u0301m lektvarem vpichem do \u017e\u00edly, je\u0161t\u011b stihla zmapovat, jak v\u0161ichni kmitaj\u00ed a chystaj\u00ed s\u00e1l, aby zlikvidovali \u201edraka\u201d z m\u00e9ho b\u0159icha\u2026 A usnula jsem jak miminko. Ozdoben\u00e1 \u010dty\u0159mi moty\u0301lky na b\u0159i\u0161e jsem se probudila v \u201enebi\u201d na JIP. And\u011bl\u00e9 v\u00a0sestersk\u00e9m oble\u010den\u00ed poletovali od jedn\u00e9 pacientky ke druh\u00e9 a laskav\u011b se starali. Nevolnost vy\u0159e\u0161ili d\u0159\u00edv, ne\u017e jsem si ji stihla uv\u011bdomit. Neskute\u010dn\u00e9!<\/p>\n<p>V p\u00e1tek 13. ledna jsem se vr\u00e1tila zp\u011bt na G4 i s \u201ekabelkou Chanel\u201d (dr\u00e9n vystupuj\u00edc\u00ed z jednoho za\u0161it\u00e9ho m\u00edsta) a dostala bezml\u00e9\u010dnou dietu jm\u00e9nem BMV. Samy\u0301 luxus! I zde pokra\u010dovala vzorn\u00e1 p\u00e9\u010de sester. R\u00e1no 14. ledna jsem \u201ekabelku\u201d odevzdala sest\u0159i\u010dk\u00e1m (pro m\u011b jedin\u00e1 bolestiv\u00e1 chvilka), pokorn\u011b se vr\u00e1tila ke sv\u00e9 h\u00e1\u010dkovan\u00e9, vlo\u017eila do n\u00ed propou\u0161t\u011bc\u00ed zpr\u00e1vu a vyrazila dom\u016f. St\u00e1le m\u00e1m pocit, \u017ee to byl jen sen. Nikdy nezapomenu na svoji t\u0159\u00eddenn\u00ed poh\u00e1dku se samy\u0301mi kladny\u0301mi hrdiny, v\u010detn\u011b \u201eryt\u00ed\u0159e\u201d \u2013 profesora M\u00e1ry, ktery\u0301 nade mnou od za\u010d\u00e1tku do konce dr\u017eel ochrannou ruku! Sestr\u00e1m i l\u00e9ka\u0159\u016fm chci velmi pod\u011bkovat za profesion\u00e1ln\u00ed p\u00e9\u010di a l\u00e1sku, se kterou svoji pr\u00e1ci d\u011blaj\u00ed.<\/p>\n<p>D\u011bkuji V\u00c1M!<\/p>\n<p>Lucie Proch\u00e1zkov\u00e1 (Posp\u00ed\u0161ilov\u00e1)<\/p>\n                                    <\/div>\r\n            <\/div>\r\n        <\/section>\r\n    ","protected":false},"excerpt":{"rendered":"","protected":false},"author":6,"featured_media":0,"parent":0,"menu_order":0,"comment_status":"closed","ping_status":"closed","template":"","meta":{"_acf_changed":false,"footnotes":""},"class_list":["post-2505","page","type-page","status-publish","hentry"],"acf":[],"yoast_head":"<!-- This site is optimized with the Yoast SEO plugin v25.5 - https:\/\/yoast.com\/wordpress\/plugins\/seo\/ -->\n<title>P\u0159\u00edb\u011bhy pacient\u016f - gyn - Porodnice U Apolin\u00e1\u0159e<\/title>\n<meta name=\"robots\" content=\"noindex, follow, max-snippet:-1, max-image-preview:large, max-video-preview:-1\" \/>\n<meta property=\"og:locale\" content=\"en_US\" \/>\n<meta property=\"og:type\" content=\"article\" \/>\n<meta property=\"og:title\" content=\"P\u0159\u00edb\u011bhy pacient\u016f - gyn - Porodnice U Apolin\u00e1\u0159e\" \/>\n<meta property=\"og:url\" content=\"https:\/\/apolinar.capta.cz\/en\/pribehy-pacientu-gyn\/\" \/>\n<meta property=\"og:site_name\" content=\"Porodnice U Apolin\u00e1\u0159e\" \/>\n<meta name=\"twitter:card\" content=\"summary_large_image\" \/>\n<script type=\"application\/ld+json\" class=\"yoast-schema-graph\">{\"@context\":\"https:\/\/schema.org\",\"@graph\":[{\"@type\":\"WebPage\",\"@id\":\"https:\/\/apolinar.capta.cz\/en\/pribehy-pacientu-gyn\/\",\"url\":\"https:\/\/apolinar.capta.cz\/en\/pribehy-pacientu-gyn\/\",\"name\":\"P\u0159\u00edb\u011bhy pacient\u016f - gyn - Porodnice U Apolin\u00e1\u0159e\",\"isPartOf\":{\"@id\":\"https:\/\/apolinar.capta.cz\/en\/#website\"},\"datePublished\":\"2023-07-18T21:08:41+00:00\",\"breadcrumb\":{\"@id\":\"https:\/\/apolinar.capta.cz\/en\/pribehy-pacientu-gyn\/#breadcrumb\"},\"inLanguage\":\"en-US\",\"potentialAction\":[{\"@type\":\"ReadAction\",\"target\":[\"https:\/\/apolinar.capta.cz\/en\/pribehy-pacientu-gyn\/\"]}]},{\"@type\":\"BreadcrumbList\",\"@id\":\"https:\/\/apolinar.capta.cz\/en\/pribehy-pacientu-gyn\/#breadcrumb\",\"itemListElement\":[{\"@type\":\"ListItem\",\"position\":1,\"name\":\"Dom\u016f\",\"item\":\"https:\/\/apolinar.capta.cz\/en\/\"},{\"@type\":\"ListItem\",\"position\":2,\"name\":\"P\u0159\u00edb\u011bhy pacient\u016f &#8211; gyn\"}]},{\"@type\":\"WebSite\",\"@id\":\"https:\/\/apolinar.capta.cz\/en\/#website\",\"url\":\"https:\/\/apolinar.capta.cz\/en\/\",\"name\":\"Porodnice U Apolin\u00e1\u0159e\",\"description\":\"Klinika gynekologie, porodnictv\u00ed a neonatologie 1. LF UK a VFN v Praze\",\"potentialAction\":[{\"@type\":\"SearchAction\",\"target\":{\"@type\":\"EntryPoint\",\"urlTemplate\":\"https:\/\/apolinar.capta.cz\/en\/?s={search_term_string}\"},\"query-input\":{\"@type\":\"PropertyValueSpecification\",\"valueRequired\":true,\"valueName\":\"search_term_string\"}}],\"inLanguage\":\"en-US\"}]}<\/script>\n<!-- \/ Yoast SEO plugin. -->","yoast_head_json":{"title":"P\u0159\u00edb\u011bhy pacient\u016f - gyn - Porodnice U Apolin\u00e1\u0159e","robots":{"index":"noindex","follow":"follow","max-snippet":"max-snippet:-1","max-image-preview":"max-image-preview:large","max-video-preview":"max-video-preview:-1"},"og_locale":"en_US","og_type":"article","og_title":"P\u0159\u00edb\u011bhy pacient\u016f - gyn - Porodnice U Apolin\u00e1\u0159e","og_url":"https:\/\/apolinar.capta.cz\/en\/pribehy-pacientu-gyn\/","og_site_name":"Porodnice U Apolin\u00e1\u0159e","twitter_card":"summary_large_image","schema":{"@context":"https:\/\/schema.org","@graph":[{"@type":"WebPage","@id":"https:\/\/apolinar.capta.cz\/en\/pribehy-pacientu-gyn\/","url":"https:\/\/apolinar.capta.cz\/en\/pribehy-pacientu-gyn\/","name":"P\u0159\u00edb\u011bhy pacient\u016f - gyn - Porodnice U Apolin\u00e1\u0159e","isPartOf":{"@id":"https:\/\/apolinar.capta.cz\/en\/#website"},"datePublished":"2023-07-18T21:08:41+00:00","breadcrumb":{"@id":"https:\/\/apolinar.capta.cz\/en\/pribehy-pacientu-gyn\/#breadcrumb"},"inLanguage":"en-US","potentialAction":[{"@type":"ReadAction","target":["https:\/\/apolinar.capta.cz\/en\/pribehy-pacientu-gyn\/"]}]},{"@type":"BreadcrumbList","@id":"https:\/\/apolinar.capta.cz\/en\/pribehy-pacientu-gyn\/#breadcrumb","itemListElement":[{"@type":"ListItem","position":1,"name":"Dom\u016f","item":"https:\/\/apolinar.capta.cz\/en\/"},{"@type":"ListItem","position":2,"name":"P\u0159\u00edb\u011bhy pacient\u016f &#8211; gyn"}]},{"@type":"WebSite","@id":"https:\/\/apolinar.capta.cz\/en\/#website","url":"https:\/\/apolinar.capta.cz\/en\/","name":"Porodnice U Apolin\u00e1\u0159e","description":"Klinika gynekologie, porodnictv\u00ed a neonatologie 1. LF UK a VFN v Praze","potentialAction":[{"@type":"SearchAction","target":{"@type":"EntryPoint","urlTemplate":"https:\/\/apolinar.capta.cz\/en\/?s={search_term_string}"},"query-input":{"@type":"PropertyValueSpecification","valueRequired":true,"valueName":"search_term_string"}}],"inLanguage":"en-US"}]}},"_links":{"self":[{"href":"https:\/\/apolinar.capta.cz\/en\/wp-json\/wp\/v2\/pages\/2505","targetHints":{"allow":["GET"]}}],"collection":[{"href":"https:\/\/apolinar.capta.cz\/en\/wp-json\/wp\/v2\/pages"}],"about":[{"href":"https:\/\/apolinar.capta.cz\/en\/wp-json\/wp\/v2\/types\/page"}],"author":[{"embeddable":true,"href":"https:\/\/apolinar.capta.cz\/en\/wp-json\/wp\/v2\/users\/6"}],"replies":[{"embeddable":true,"href":"https:\/\/apolinar.capta.cz\/en\/wp-json\/wp\/v2\/comments?post=2505"}],"version-history":[{"count":0,"href":"https:\/\/apolinar.capta.cz\/en\/wp-json\/wp\/v2\/pages\/2505\/revisions"}],"wp:attachment":[{"href":"https:\/\/apolinar.capta.cz\/en\/wp-json\/wp\/v2\/media?parent=2505"}],"curies":[{"name":"wp","href":"https:\/\/api.w.org\/{rel}","templated":true}]}}