{"id":2728,"date":"2023-07-29T15:55:49","date_gmt":"2023-07-29T13:55:49","guid":{"rendered":"https:\/\/apolinar.eu\/?page_id=2728"},"modified":"2023-07-29T15:55:49","modified_gmt":"2023-07-29T13:55:49","slug":"endo-studie","status":"publish","type":"page","link":"https:\/\/apolinar.capta.cz\/en\/endo-studie\/","title":{"rendered":"Endo studie"},"content":{"rendered":"    <div class=\"wrapper2 pdt-80 pdb-80 pdt-60lg pdb-60lg \"\r\n        >\r\n        <div class=\"text_block\">\r\n            <h2 class=\"title_h2 \">Tajemstv\u00ed (ne)plodnosti u adenomy\u00f3zy, endometri\u00f3zy a myomat\u00f3zy?<\/h2>            <div class=\"page_content reset_margins\">\r\n                <p><strong>REAdME<\/strong> \u2013 prospektivn\u00ed klinick\u00e1 studie \u2013 Vliv fertilitu limituj\u00edc\u00edch onemocn\u011bn\u00ed org\u00e1n\u016f mal\u00e9 p\u00e1nve na receptivitu endometri\u00e1ln\u00ed dutiny.<\/p>\n<ul>\n<li><strong>NEGATIVN\u011a<\/strong> ovliv\u0148uj\u00ed plodnost<\/li>\n<li>optim\u00e1ln\u00ed l\u00e9\u010dba nen\u00ed jasn\u011b definov\u00e1na<\/li>\n<li>vysv\u011btl\u00edme a zajist\u00edme jednotliv\u00e9 mo\u017enosti l\u00e9\u010dby<\/li>\n<li>individu\u00e1ln\u00ed p\u0159\u00edstup<\/li>\n<li>zku\u0161en\u00fd t\u00fdm<\/li>\n<\/ul>\n<p><strong>Najdeme optim\u00e1ln\u00ed \u0159e\u0161en\u00ed spole\u010dn\u011b, zvy\u0161me Va\u0161i \u0161anci na ot\u011bhotn\u011bn\u00ed!<\/strong><\/p>\n<p><strong>Pro koho je studie vhodn\u00e1?<\/strong><\/p>\n<p>Je V\u00e1m 18 \u201345 let? L\u00e9\u010d\u00edte se s neplodnost\u00ed a zva\u017eujete um\u011bl\u00e9 oplodn\u011bn\u00ed (IVF)?<br \/>\nByla u V\u00e1s diagnostikov\u00e1na adenomy\u00f3za, myomat\u00f3za \u010di endometri\u00f3za?<\/p>\n<p><strong>Kde studie prob\u00edh\u00e1?<\/strong><\/p>\n<p>P\u00e9\u010de o V\u00e1s bude kompletn\u011b zaji\u0161t\u011bna v Centru reproduk\u010dn\u00ed a miniinvazivn\u00ed chirurgie VFN Apolin\u00e1\u0159<\/p>\n<p>&nbsp;<\/p>\n<p><strong>Pokud m\u00e1te diagnostikovan\u00e9 n\u00e1sleduj\u00edc\u00ed onemocn\u011bn\u00ed, zapojte se do studie ReADME pomoc\u00ed tohoto formul\u00e1\u0159e. Budete kontaktov\u00e1ni na\u0161imi odborn\u00edky.<\/strong><\/p>\n            <\/div>\r\n        <\/div>\r\n                                                    <\/div>\r\n","protected":false},"excerpt":{"rendered":"","protected":false},"author":6,"featured_media":0,"parent":0,"menu_order":0,"comment_status":"closed","ping_status":"closed","template":"","meta":{"_acf_changed":false,"footnotes":""},"class_list":["post-2728","page","type-page","status-publish","hentry"],"acf":[],"yoast_head":"<!-- This site is optimized with the Yoast SEO plugin v25.5 - https:\/\/yoast.com\/wordpress\/plugins\/seo\/ -->\n<title>Endo studie - Porodnice U Apolin\u00e1\u0159e<\/title>\n<meta name=\"robots\" content=\"noindex, follow, max-snippet:-1, max-image-preview:large, max-video-preview:-1\" \/>\n<meta property=\"og:locale\" content=\"en_US\" \/>\n<meta property=\"og:type\" content=\"article\" \/>\n<meta property=\"og:title\" content=\"Endo studie - Porodnice U Apolin\u00e1\u0159e\" \/>\n<meta property=\"og:url\" content=\"https:\/\/apolinar.capta.cz\/en\/endo-studie\/\" \/>\n<meta property=\"og:site_name\" content=\"Porodnice U Apolin\u00e1\u0159e\" \/>\n<meta name=\"twitter:card\" content=\"summary_large_image\" \/>\n<script type=\"application\/ld+json\" class=\"yoast-schema-graph\">{\"@context\":\"https:\/\/schema.org\",\"@graph\":[{\"@type\":\"WebPage\",\"@id\":\"https:\/\/apolinar.capta.cz\/en\/endo-studie\/\",\"url\":\"https:\/\/apolinar.capta.cz\/en\/endo-studie\/\",\"name\":\"Endo studie - Porodnice U Apolin\u00e1\u0159e\",\"isPartOf\":{\"@id\":\"https:\/\/apolinar.capta.cz\/en\/#website\"},\"datePublished\":\"2023-07-29T13:55:49+00:00\",\"breadcrumb\":{\"@id\":\"https:\/\/apolinar.capta.cz\/en\/endo-studie\/#breadcrumb\"},\"inLanguage\":\"en-US\",\"potentialAction\":[{\"@type\":\"ReadAction\",\"target\":[\"https:\/\/apolinar.capta.cz\/en\/endo-studie\/\"]}]},{\"@type\":\"BreadcrumbList\",\"@id\":\"https:\/\/apolinar.capta.cz\/en\/endo-studie\/#breadcrumb\",\"itemListElement\":[{\"@type\":\"ListItem\",\"position\":1,\"name\":\"Dom\u016f\",\"item\":\"https:\/\/apolinar.capta.cz\/en\/\"},{\"@type\":\"ListItem\",\"position\":2,\"name\":\"Endo studie\"}]},{\"@type\":\"WebSite\",\"@id\":\"https:\/\/apolinar.capta.cz\/en\/#website\",\"url\":\"https:\/\/apolinar.capta.cz\/en\/\",\"name\":\"Porodnice U Apolin\u00e1\u0159e\",\"description\":\"Klinika gynekologie, porodnictv\u00ed a neonatologie 1. LF UK a VFN v Praze\",\"potentialAction\":[{\"@type\":\"SearchAction\",\"target\":{\"@type\":\"EntryPoint\",\"urlTemplate\":\"https:\/\/apolinar.capta.cz\/en\/?s={search_term_string}\"},\"query-input\":{\"@type\":\"PropertyValueSpecification\",\"valueRequired\":true,\"valueName\":\"search_term_string\"}}],\"inLanguage\":\"en-US\"}]}<\/script>\n<!-- \/ Yoast SEO plugin. -->","yoast_head_json":{"title":"Endo studie - Porodnice U Apolin\u00e1\u0159e","robots":{"index":"noindex","follow":"follow","max-snippet":"max-snippet:-1","max-image-preview":"max-image-preview:large","max-video-preview":"max-video-preview:-1"},"og_locale":"en_US","og_type":"article","og_title":"Endo studie - Porodnice U Apolin\u00e1\u0159e","og_url":"https:\/\/apolinar.capta.cz\/en\/endo-studie\/","og_site_name":"Porodnice U Apolin\u00e1\u0159e","twitter_card":"summary_large_image","schema":{"@context":"https:\/\/schema.org","@graph":[{"@type":"WebPage","@id":"https:\/\/apolinar.capta.cz\/en\/endo-studie\/","url":"https:\/\/apolinar.capta.cz\/en\/endo-studie\/","name":"Endo studie - Porodnice U Apolin\u00e1\u0159e","isPartOf":{"@id":"https:\/\/apolinar.capta.cz\/en\/#website"},"datePublished":"2023-07-29T13:55:49+00:00","breadcrumb":{"@id":"https:\/\/apolinar.capta.cz\/en\/endo-studie\/#breadcrumb"},"inLanguage":"en-US","potentialAction":[{"@type":"ReadAction","target":["https:\/\/apolinar.capta.cz\/en\/endo-studie\/"]}]},{"@type":"BreadcrumbList","@id":"https:\/\/apolinar.capta.cz\/en\/endo-studie\/#breadcrumb","itemListElement":[{"@type":"ListItem","position":1,"name":"Dom\u016f","item":"https:\/\/apolinar.capta.cz\/en\/"},{"@type":"ListItem","position":2,"name":"Endo studie"}]},{"@type":"WebSite","@id":"https:\/\/apolinar.capta.cz\/en\/#website","url":"https:\/\/apolinar.capta.cz\/en\/","name":"Porodnice U Apolin\u00e1\u0159e","description":"Klinika gynekologie, porodnictv\u00ed a neonatologie 1. LF UK a VFN v Praze","potentialAction":[{"@type":"SearchAction","target":{"@type":"EntryPoint","urlTemplate":"https:\/\/apolinar.capta.cz\/en\/?s={search_term_string}"},"query-input":{"@type":"PropertyValueSpecification","valueRequired":true,"valueName":"search_term_string"}}],"inLanguage":"en-US"}]}},"_links":{"self":[{"href":"https:\/\/apolinar.capta.cz\/en\/wp-json\/wp\/v2\/pages\/2728","targetHints":{"allow":["GET"]}}],"collection":[{"href":"https:\/\/apolinar.capta.cz\/en\/wp-json\/wp\/v2\/pages"}],"about":[{"href":"https:\/\/apolinar.capta.cz\/en\/wp-json\/wp\/v2\/types\/page"}],"author":[{"embeddable":true,"href":"https:\/\/apolinar.capta.cz\/en\/wp-json\/wp\/v2\/users\/6"}],"replies":[{"embeddable":true,"href":"https:\/\/apolinar.capta.cz\/en\/wp-json\/wp\/v2\/comments?post=2728"}],"version-history":[{"count":0,"href":"https:\/\/apolinar.capta.cz\/en\/wp-json\/wp\/v2\/pages\/2728\/revisions"}],"wp:attachment":[{"href":"https:\/\/apolinar.capta.cz\/en\/wp-json\/wp\/v2\/media?parent=2728"}],"curies":[{"name":"wp","href":"https:\/\/api.w.org\/{rel}","templated":true}]}}