{"id":3059,"date":"2023-08-02T16:46:38","date_gmt":"2023-08-02T14:46:38","guid":{"rendered":"https:\/\/apolinar.eu\/?page_id=3059"},"modified":"2023-08-02T16:46:38","modified_gmt":"2023-08-02T14:46:38","slug":"novorozenecka-jednotka-intenzivni-pece","status":"publish","type":"page","link":"https:\/\/apolinar.capta.cz\/en\/neonatologie\/nedonoseny-nebo-nemocny-novorozenec\/novorozenecka-jednotka-intenzivni-pece\/","title":{"rendered":"Novorozeneck\u00e1 jednotka intenzivn\u00ed p\u00e9\u010de\u00a0"},"content":{"rendered":"                <!-- TEXT BLOCK -->\r\n        <section\r\n                class=\"pdt-80 pdb-80 \"\r\n            >\r\n            <div class=\"wrapper2 text_block\">\r\n                <h1 class=\"title_h2 text_center_mdm\">Novorozeneck\u00e1 jednotka intenzivn\u00ed p\u00e9\u010de <\/h1>                                                                                    <h3 class=\"title_h3 text_center_mdm\">Nab\u00edzen\u00e1 speci\u00e1ln\u00ed p\u00e9\u010de o nedono\u0161en\u00e9 novorozence<\/h3>\r\n                                                <div class=\"page_content reset_margins\">\r\n                                                                                        <p><span data-contrast=\"none\">Na\u0161e neonatologick\u00e9 odd\u011blen\u00ed s JIRP jako jedno z m\u00e1la pracovi\u0161\u0165 v \u010cesk\u00e9 republice poskytuje vysoce specializovanou p\u00e9\u010di novorozenc\u016fm narozen\u00fdm v tzv. \u0161ed\u00e9 z\u00f3n\u011b nezralosti, tj. extr\u00e9mn\u011b nezral\u00fdm d\u011btem narozen\u00fdm v obdob\u00ed mezi 22. -24. t\u00fddnem t\u011bhotenstv\u00ed. P\u00e9\u010di o tyto novorozence po porodu zahajujeme v\u017edy se souhlasem rodi\u010d\u016f.<\/span><span data-ccp-props=\"{&quot;201341983&quot;:0,&quot;335551550&quot;:0,&quot;335551620&quot;:0,&quot;335559739&quot;:160,&quot;335559740&quot;:259}\">\u00a0<\/span><\/p>\n<p><span data-contrast=\"none\">Intenzivn\u00ed p\u00e9\u010di poskytujeme tak\u00e9 novorozenc\u016fm narozen\u00fdm po dlouhodob\u00e9m p\u0159ed\u010dasn\u00e9m odtoku plodov\u00e9 vody. Tito novorozenci se obvykle rod\u00ed s poruchami d\u00fdch\u00e1n\u00ed a vy\u017eaduj\u00ed vysoce specializovanou l\u00e9\u010dbu (vysokofrekven\u010dn\u00ed ventilaci, l\u00e9\u010dbu oxidem dusnat\u00fdm, podporu ob\u011bhu apod.), kterou na\u0161e odd\u011blen\u00ed poskytuje v pln\u00e9m rozsahu.<\/span><span data-ccp-props=\"{&quot;201341983&quot;:0,&quot;335551550&quot;:0,&quot;335551620&quot;:0,&quot;335559739&quot;:160,&quot;335559740&quot;:259}\">\u00a0<\/span><\/p>\n<p><span data-contrast=\"none\">Speci\u00e1ln\u00ed p\u00e9\u010di poskytujeme tak\u00e9 novorozenc\u016fm se z\u00e1va\u017en\u00fdm selh\u00e1n\u00edm plic, kter\u00e9 je nutn\u00e9 l\u00e9\u010dit nekonven\u010dn\u00edmi metodami um\u011bl\u00e9 plicn\u00ed ventilace. Takov\u00e9 novorozence p\u0159ij\u00edm\u00e1me i z jin\u00fdch perinatologick\u00fdch center v r\u00e1mci cel\u00e9 \u010cesk\u00e9 republiky.<\/span><span data-ccp-props=\"{&quot;201341983&quot;:0,&quot;335551550&quot;:0,&quot;335551620&quot;:0,&quot;335559739&quot;:160,&quot;335559740&quot;:259}\">\u00a0<\/span><\/p>\n                                    <\/div>\r\n            <\/div>\r\n        <\/section>\r\n    \n\n                <!-- TEXT BLOCK -->\r\n        <section\r\n                class=\"pdt-40 pdb-40 bg3\"\r\n            >\r\n            <div class=\"wrapper2 text_block\">\r\n                                                                                                                <div class=\"page_content reset_margins\">\r\n                                                                                        <h3><a href=\"https:\/\/www.youtube.com\/watch?v=E8pGEIcDSOI\" target=\"_blank\" rel=\"noopener\"><img loading=\"lazy\" decoding=\"async\" class=\"size-full wp-image-10354 alignnone\" src=\"https:\/\/apolinar.capta.cz\/wp-content\/uploads\/2024\/10\/Snimek-obrazovky-2024-10-11-115807.png\" alt=\"\" width=\"171\" height=\"124\" \/><\/a><\/h3>\n<h3><a href=\"https:\/\/www.youtube.com\/watch?v=E8pGEIcDSOI\" target=\"_blank\" rel=\"noopener\">POD\u00cdVEJTE SE, JAK TO U N\u00c1S VYPAD\u00c1.<\/a><\/h3>\n                                    <\/div>\r\n            <\/div>\r\n        <\/section>\r\n    \n\n                <!-- TEXT BLOCK -->\r\n        <section\r\n                class=\"pdt-40 pdb-40 \"\r\n            >\r\n            <div class=\"wrapper2 text_block\">\r\n                                                                                                    <h3 class=\"title_h3 text_center_mdm\">P\u00e9\u010de o p\u0159ed\u010dasn\u011b narozen\u00e9 miminko na odd\u011blen\u00ed JIRP a JIP<\/h3>\r\n                                                <div class=\"page_content reset_margins\">\r\n                                                                                        <p>Odd\u011blen\u00ed JIRP a JIP poskytuj\u00ed komplexn\u00ed a vysoce specializovanou p\u00e9\u010di v\u0161em novorozenc\u016fm, kte\u0159\u00ed ji pot\u0159ebuj\u00ed. Pe\u010dujeme o novorozence narozen\u00e9 v\u202fna\u0161em perinatologick\u00e9m centru, ale i mimo n\u011bj. Na odd\u011blen\u00edch JIRP a JIP koncentrujeme p\u0159ed\u010dasn\u011b narozen\u00e9 d\u011bti i d\u011bti narozen\u00e9 v term\u00ednu se z\u00e1va\u017en\u00fdmi a \u017eivot ohro\u017euj\u00edc\u00edmi onemocn\u011bn\u00edmi (vrozen\u00e9 vady, infek\u010dn\u00ed onemocn\u011bn\u00ed apod).<\/p>\n<p>Ka\u017edodenn\u00ed p\u00e9\u010di zaji\u0161\u0165uje mezioborov\u00fd t\u00fdm slo\u017een\u00fd z l\u00e9ka\u0159\u016f neonatolog\u016f, pediatr\u016f, d\u011btsk\u00fdch sester specialistek, z\u00e1chran\u00e1\u0159\u016f, porodn\u00edch asistentek a fyzioterapeut\u016f. Pom\u00e1haj\u00ed na\u0161im nejmen\u0161\u00edm pacient\u016fm a jejich rodin\u00e1m pomoci zdolat toto obt\u00ed\u017en\u00e9 obdob\u00ed. D\u016fle\u017eitou sou\u010d\u00e1st\u00ed t\u00fdmu jsou tak\u00e9 mikrobiologov\u00e9, farmaceuti, pracovn\u00edci speci\u00e1ln\u00edch laborato\u0159\u00ed, soci\u00e1ln\u00ed pracovn\u00edci, lakta\u010dn\u00ed poradkyn\u011b, biomedic\u00edn\u0161t\u00ed in\u017een\u00fd\u0159i, ale i sanit\u00e1\u0159i, bez nich\u017e by p\u00e9\u010de o novorozence nebyla kompletn\u00ed.<\/p>\n<p>Pro ka\u017ed\u00e9 miminko, kter\u00e9 je p\u0159ijato na odd\u011blen\u00ed, je p\u0159ipraven\u00fd t\u00fdm odborn\u00edk\u016f. Ti d\u00edt\u011bti podle jeho individu\u00e1ln\u00edch pot\u0159eb a pot\u0159eb cel\u00e9 jeho rodiny \u201eu\u0161ij\u00ed\u201c p\u00e9\u010di na m\u00edru.<\/p>\n<p><strong>FYZIOTERAPIE:<\/strong><br \/>\n<span class=\"TextRun SCXW39627974 BCX8\" lang=\"CS-CZ\" xml:lang=\"CS-CZ\" data-contrast=\"none\"><span class=\"NormalTextRun SCXW39627974 BCX8\">V\u011bt\u0161ina nezral\u00fdch novorozenc\u016f a ur\u010dit\u00e1 \u010d\u00e1st novorozenc\u016f narozen\u00fdch v term\u00ednu vy\u017eaduje v r\u00e1mci l\u00e9\u010debn\u00e9 a o\u0161et\u0159ovatelsk\u00e9 p\u00e9\u010de tak\u00e9 fyzioterapii. Pro tyto pot\u0159eby disponuje na\u0161e neonatologick\u00e9 odd\u011blen\u00ed t\u0159emi fyzioterapeutkami, kter\u00e9 V\u00e1m v pr\u016fb\u011bhu p\u00e9\u010de vysv\u011btl\u00ed v\u0161e pot\u0159ebn\u00e9 dle aktu\u00e1ln\u00edho stavu Va\u0161eho miminka a jeho pot\u0159eb. Hlavn\u00edm c\u00edlem je vytvo\u0159it d\u00edt\u011bti optim\u00e1ln\u00ed podm\u00ednky pro kvalitn\u00ed start motorick\u00e9ho v\u00fdvoje.<\/span><\/span><span class=\"EOP SCXW39627974 BCX8\" data-ccp-props=\"{&quot;201341983&quot;:0,&quot;335559739&quot;:160,&quot;335559740&quot;:259}\">\u00a0<\/span><\/p>\n                                    <\/div>\r\n            <\/div>\r\n        <\/section>\r\n    \n\n    <!-- BLOK K -->\r\n    <section\r\n            class=\"pdt-40 pdb-80 bg3\"\r\n        >\r\n        <div class=\"wrapper2\">\r\n                                                                                            <div class=\"grid small-space\">\r\n                                                                                <!-- ITEM 1 -->\r\n                            <div class=\"col1 bg3 radius10 pd-35 pd-25md observe anim_drop1 anim_delay dflex flex-dir-column offset_dist\">\r\n                                <div class=\"text_block w100p mgb-auto\">\r\n                                    <h3 class=\"title_h3\">Novorozeneck\u00e1 jednotka intenzivn\u00ed p\u00e9\u010de <\/h3>\r\n                                                                                                                <div class=\"page_content reset_margins\">\r\n                                            <p>Podrobn\u00e9 informace pro rodi\u010de<\/p>\r\n                                        <\/div>\r\n                                                                    <\/div>\r\n                                <div class=\"pdt-20 w100p\">\r\n                                    <div class=\"grid small-space\">\r\n                                        <div class=\"col_default offset_half\">\r\n                                            <a href=\"#\"\r\n                                               title=\"Novorozeneck\u00e1 jednotka intenzivn\u00ed p\u00e9\u010de \"\r\n                                               target=\"_blank\"\r\n                                               class=\"btn_basic\">\r\n                                                Zobrazit                                            <\/a>\r\n                                        <\/div>\r\n                                        <div class=\"col_default offset_half\">\r\n                                            <a href=\"#\"\r\n                                               title=\"Novorozeneck\u00e1 jednotka intenzivn\u00ed p\u00e9\u010de \"\r\n                                               download\r\n                                               class=\"btn_basic border\">\r\n                                                St\u00e1hnout                                            <\/a>\r\n                                        <\/div>\r\n                                    <\/div>\r\n                                <\/div>\r\n                            <\/div>\r\n                                            <\/div>\r\n                                    <\/div>\r\n    <\/section>\r\n","protected":false},"excerpt":{"rendered":"","protected":false},"author":6,"featured_media":0,"parent":4010,"menu_order":0,"comment_status":"closed","ping_status":"closed","template":"","meta":{"_acf_changed":false,"footnotes":""},"class_list":["post-3059","page","type-page","status-publish","hentry"],"acf":[],"yoast_head":"<!-- This site is optimized with the Yoast SEO plugin v25.5 - https:\/\/yoast.com\/wordpress\/plugins\/seo\/ -->\n<title>Novorozeneck\u00e1 jednotka intenzivn\u00ed p\u00e9\u010de\u00a0 - Porodnice U Apolin\u00e1\u0159e<\/title>\n<meta name=\"robots\" content=\"noindex, follow, max-snippet:-1, max-image-preview:large, max-video-preview:-1\" \/>\n<meta property=\"og:locale\" content=\"en_US\" \/>\n<meta property=\"og:type\" content=\"article\" \/>\n<meta property=\"og:title\" content=\"Novorozeneck\u00e1 jednotka intenzivn\u00ed p\u00e9\u010de\u00a0 - Porodnice U Apolin\u00e1\u0159e\" \/>\n<meta property=\"og:url\" content=\"https:\/\/apolinar.capta.cz\/en\/neonatologie\/nedonoseny-nebo-nemocny-novorozenec\/novorozenecka-jednotka-intenzivni-pece\/\" \/>\n<meta property=\"og:site_name\" content=\"Porodnice U Apolin\u00e1\u0159e\" \/>\n<meta name=\"twitter:card\" content=\"summary_large_image\" \/>\n<script type=\"application\/ld+json\" class=\"yoast-schema-graph\">{\"@context\":\"https:\/\/schema.org\",\"@graph\":[{\"@type\":\"WebPage\",\"@id\":\"https:\/\/apolinar.capta.cz\/en\/neonatologie\/nedonoseny-nebo-nemocny-novorozenec\/novorozenecka-jednotka-intenzivni-pece\/\",\"url\":\"https:\/\/apolinar.capta.cz\/en\/neonatologie\/nedonoseny-nebo-nemocny-novorozenec\/novorozenecka-jednotka-intenzivni-pece\/\",\"name\":\"Novorozeneck\u00e1 jednotka intenzivn\u00ed p\u00e9\u010de\u00a0 - Porodnice U Apolin\u00e1\u0159e\",\"isPartOf\":{\"@id\":\"https:\/\/apolinar.capta.cz\/en\/#website\"},\"datePublished\":\"2023-08-02T14:46:38+00:00\",\"breadcrumb\":{\"@id\":\"https:\/\/apolinar.capta.cz\/en\/neonatologie\/nedonoseny-nebo-nemocny-novorozenec\/novorozenecka-jednotka-intenzivni-pece\/#breadcrumb\"},\"inLanguage\":\"en-US\",\"potentialAction\":[{\"@type\":\"ReadAction\",\"target\":[\"https:\/\/apolinar.capta.cz\/en\/neonatologie\/nedonoseny-nebo-nemocny-novorozenec\/novorozenecka-jednotka-intenzivni-pece\/\"]}]},{\"@type\":\"BreadcrumbList\",\"@id\":\"https:\/\/apolinar.capta.cz\/en\/neonatologie\/nedonoseny-nebo-nemocny-novorozenec\/novorozenecka-jednotka-intenzivni-pece\/#breadcrumb\",\"itemListElement\":[{\"@type\":\"ListItem\",\"position\":1,\"name\":\"Dom\u016f\",\"item\":\"https:\/\/apolinar.capta.cz\/en\/\"},{\"@type\":\"ListItem\",\"position\":2,\"name\":\"Novorozeneck\u00e1 jednotka intenzivn\u00ed p\u00e9\u010de\u00a0\"}]},{\"@type\":\"WebSite\",\"@id\":\"https:\/\/apolinar.capta.cz\/en\/#website\",\"url\":\"https:\/\/apolinar.capta.cz\/en\/\",\"name\":\"Porodnice U Apolin\u00e1\u0159e\",\"description\":\"Klinika gynekologie, porodnictv\u00ed a neonatologie 1. LF UK a VFN v Praze\",\"potentialAction\":[{\"@type\":\"SearchAction\",\"target\":{\"@type\":\"EntryPoint\",\"urlTemplate\":\"https:\/\/apolinar.capta.cz\/en\/?s={search_term_string}\"},\"query-input\":{\"@type\":\"PropertyValueSpecification\",\"valueRequired\":true,\"valueName\":\"search_term_string\"}}],\"inLanguage\":\"en-US\"}]}<\/script>\n<!-- \/ Yoast SEO plugin. -->","yoast_head_json":{"title":"Novorozeneck\u00e1 jednotka intenzivn\u00ed p\u00e9\u010de\u00a0 - Porodnice U Apolin\u00e1\u0159e","robots":{"index":"noindex","follow":"follow","max-snippet":"max-snippet:-1","max-image-preview":"max-image-preview:large","max-video-preview":"max-video-preview:-1"},"og_locale":"en_US","og_type":"article","og_title":"Novorozeneck\u00e1 jednotka intenzivn\u00ed p\u00e9\u010de\u00a0 - Porodnice U Apolin\u00e1\u0159e","og_url":"https:\/\/apolinar.capta.cz\/en\/neonatologie\/nedonoseny-nebo-nemocny-novorozenec\/novorozenecka-jednotka-intenzivni-pece\/","og_site_name":"Porodnice U Apolin\u00e1\u0159e","twitter_card":"summary_large_image","schema":{"@context":"https:\/\/schema.org","@graph":[{"@type":"WebPage","@id":"https:\/\/apolinar.capta.cz\/en\/neonatologie\/nedonoseny-nebo-nemocny-novorozenec\/novorozenecka-jednotka-intenzivni-pece\/","url":"https:\/\/apolinar.capta.cz\/en\/neonatologie\/nedonoseny-nebo-nemocny-novorozenec\/novorozenecka-jednotka-intenzivni-pece\/","name":"Novorozeneck\u00e1 jednotka intenzivn\u00ed p\u00e9\u010de\u00a0 - Porodnice U Apolin\u00e1\u0159e","isPartOf":{"@id":"https:\/\/apolinar.capta.cz\/en\/#website"},"datePublished":"2023-08-02T14:46:38+00:00","breadcrumb":{"@id":"https:\/\/apolinar.capta.cz\/en\/neonatologie\/nedonoseny-nebo-nemocny-novorozenec\/novorozenecka-jednotka-intenzivni-pece\/#breadcrumb"},"inLanguage":"en-US","potentialAction":[{"@type":"ReadAction","target":["https:\/\/apolinar.capta.cz\/en\/neonatologie\/nedonoseny-nebo-nemocny-novorozenec\/novorozenecka-jednotka-intenzivni-pece\/"]}]},{"@type":"BreadcrumbList","@id":"https:\/\/apolinar.capta.cz\/en\/neonatologie\/nedonoseny-nebo-nemocny-novorozenec\/novorozenecka-jednotka-intenzivni-pece\/#breadcrumb","itemListElement":[{"@type":"ListItem","position":1,"name":"Dom\u016f","item":"https:\/\/apolinar.capta.cz\/en\/"},{"@type":"ListItem","position":2,"name":"Novorozeneck\u00e1 jednotka intenzivn\u00ed p\u00e9\u010de\u00a0"}]},{"@type":"WebSite","@id":"https:\/\/apolinar.capta.cz\/en\/#website","url":"https:\/\/apolinar.capta.cz\/en\/","name":"Porodnice U Apolin\u00e1\u0159e","description":"Klinika gynekologie, porodnictv\u00ed a neonatologie 1. LF UK a VFN v Praze","potentialAction":[{"@type":"SearchAction","target":{"@type":"EntryPoint","urlTemplate":"https:\/\/apolinar.capta.cz\/en\/?s={search_term_string}"},"query-input":{"@type":"PropertyValueSpecification","valueRequired":true,"valueName":"search_term_string"}}],"inLanguage":"en-US"}]}},"_links":{"self":[{"href":"https:\/\/apolinar.capta.cz\/en\/wp-json\/wp\/v2\/pages\/3059","targetHints":{"allow":["GET"]}}],"collection":[{"href":"https:\/\/apolinar.capta.cz\/en\/wp-json\/wp\/v2\/pages"}],"about":[{"href":"https:\/\/apolinar.capta.cz\/en\/wp-json\/wp\/v2\/types\/page"}],"author":[{"embeddable":true,"href":"https:\/\/apolinar.capta.cz\/en\/wp-json\/wp\/v2\/users\/6"}],"replies":[{"embeddable":true,"href":"https:\/\/apolinar.capta.cz\/en\/wp-json\/wp\/v2\/comments?post=3059"}],"version-history":[{"count":0,"href":"https:\/\/apolinar.capta.cz\/en\/wp-json\/wp\/v2\/pages\/3059\/revisions"}],"up":[{"embeddable":true,"href":"https:\/\/apolinar.capta.cz\/en\/wp-json\/wp\/v2\/pages\/4010"}],"wp:attachment":[{"href":"https:\/\/apolinar.capta.cz\/en\/wp-json\/wp\/v2\/media?parent=3059"}],"curies":[{"name":"wp","href":"https:\/\/api.w.org\/{rel}","templated":true}]}}