{"id":3433,"date":"2023-08-14T21:58:09","date_gmt":"2023-08-14T19:58:09","guid":{"rendered":"https:\/\/apolinar.eu\/?page_id=3433"},"modified":"2023-08-14T21:58:09","modified_gmt":"2023-08-14T19:58:09","slug":"ultrazvukove-vysetreni-ve-30-32-tydnu-tehotenstvi","status":"publish","type":"page","link":"https:\/\/apolinar.capta.cz\/en\/porodnice\/tehotenstvi\/potrebuji-ultrazvukove-vysetreni-v-tehotenstvi\/ultrazvukove-vysetreni-ve-30-32-tydnu-tehotenstvi\/","title":{"rendered":"ULTRAZVUKOV\u00c9 VY\u0160ET\u0158EN\u00cd VE 30.\u201332. T\u00ddDNU T\u011aHOTENSTV\u00cd"},"content":{"rendered":"                <!-- TEXT BLOCK -->\r\n        <section\r\n                class=\"pdt-80 pdb-40 \"\r\n            >\r\n            <div class=\"wrapper2 text_block\">\r\n                <h2 class=\"title_h2 text_center_mdm\">Ultrazvukov\u00e9 vy\u0161et\u0159en\u00ed ve 30. &#8211; 32. t\u00fddnu t\u011bhotenstv\u00ed <\/h2>                                                                                                <div class=\"page_content reset_margins\">\r\n                                                                                        <h4><span style=\"color: #f56497;\"><strong>OBJEDN\u00c1N\u00cd:<\/strong><\/span><\/h4>\n<p>Pond\u011bl\u00ed\u2013\u010dtvrtek: 8:00\u201315:00 hod.<br \/>\np\u00e1tek: 8:00\u201314:00 hod.<br \/>\nRecepce: +420\u00a0224\u00a0967 273<br \/>\nEmail: <a href=\"mailto:cfm@vfn.cz\">cfm@vfn.cz<\/a><\/p>\n                                    <\/div>\r\n            <\/div>\r\n        <\/section>\r\n    \n\n                <!-- TEXT BLOCK -->\r\n        <section\r\n                class=\"pdt-40 pdb-40 bg3\"\r\n            >\r\n            <div class=\"wrapper2 text_block\">\r\n                                                                                                                <div class=\"page_content reset_margins\">\r\n                                                                                        <h4><strong>Na co se vy\u0161et\u0159en\u00ed zam\u011b\u0159uje?<\/strong><\/h4>\n<p>U vy\u0161et\u0159en\u00ed v tomto obdob\u00ed se zam\u011b\u0159ujeme na ulo\u017een\u00ed a r\u016fst plodu, odchylky v mno\u017estv\u00ed plodov\u00e9 vody a funkci placenty. R\u016fst plodu se stejn\u011b jako p\u0159i vy\u0161et\u0159en\u00ed mezi 20.\u201324. t\u00fddnem t\u011bhotenstv\u00ed zji\u0161\u0165uje podle hodnot pr\u016fm\u011bru hlavi\u010dky (BPD), obvodu hlavi\u010dky (HC), obvodu b\u0159\u00ed\u0161ka (AC), d\u00e9lky stehenn\u00ed kosti (FL).<\/p>\n<p>Hodnota odporu krve v pupe\u010dn\u00edkov\u00fdch c\u00e9v\u00e1ch n\u00e1m d\u00e1v\u00e1 informace o funkci placenty. Ultrazvukov\u00e9 vy\u0161et\u0159en\u00ed v tomto obdob\u00ed je p\u0159\u00ednosn\u00e9 nejen pro rizikov\u00e9 t\u011bhotenstv\u00ed, tj. t\u011bhotenstv\u00ed doprov\u00e1zen\u00e9 vysok\u00fdm krevn\u00edm tlakem, diabetem, r\u016fstovou zaostalost\u00ed plodu aj. Samoz\u0159ejm\u011b se i zde p\u00e1tr\u00e1 po mo\u017en\u00fdch vrozen\u00fdch v\u00fdvojov\u00fdch vad\u00e1ch plodu, a\u010dkoliv podm\u00ednky pro detailn\u00ed zobrazen\u00ed jednotliv\u00fdch \u010d\u00e1st\u00ed plodu jsou hor\u0161\u00ed ne\u017e ve 20.\u201324. t\u00fddnu t\u011bhotenstv\u00ed.<\/p>\n                                    <\/div>\r\n            <\/div>\r\n        <\/section>\r\n    ","protected":false},"excerpt":{"rendered":"","protected":false},"author":6,"featured_media":0,"parent":3384,"menu_order":0,"comment_status":"closed","ping_status":"closed","template":"","meta":{"_acf_changed":false,"footnotes":""},"class_list":["post-3433","page","type-page","status-publish","hentry"],"acf":[],"yoast_head":"<!-- This site is optimized with the Yoast SEO plugin v25.5 - https:\/\/yoast.com\/wordpress\/plugins\/seo\/ -->\n<title>ULTRAZVUKOV\u00c9 VY\u0160ET\u0158EN\u00cd VE 30.\u201332. T\u00ddDNU T\u011aHOTENSTV\u00cd - Porodnice U Apolin\u00e1\u0159e<\/title>\n<meta name=\"robots\" content=\"noindex, follow, max-snippet:-1, max-image-preview:large, max-video-preview:-1\" \/>\n<meta property=\"og:locale\" content=\"en_US\" \/>\n<meta property=\"og:type\" content=\"article\" \/>\n<meta property=\"og:title\" content=\"ULTRAZVUKOV\u00c9 VY\u0160ET\u0158EN\u00cd VE 30.\u201332. T\u00ddDNU T\u011aHOTENSTV\u00cd - Porodnice U Apolin\u00e1\u0159e\" \/>\n<meta property=\"og:url\" content=\"https:\/\/apolinar.capta.cz\/en\/porodnice\/tehotenstvi\/potrebuji-ultrazvukove-vysetreni-v-tehotenstvi\/ultrazvukove-vysetreni-ve-30-32-tydnu-tehotenstvi\/\" \/>\n<meta property=\"og:site_name\" content=\"Porodnice U Apolin\u00e1\u0159e\" \/>\n<meta name=\"twitter:card\" content=\"summary_large_image\" \/>\n<script type=\"application\/ld+json\" class=\"yoast-schema-graph\">{\"@context\":\"https:\/\/schema.org\",\"@graph\":[{\"@type\":\"WebPage\",\"@id\":\"https:\/\/apolinar.capta.cz\/en\/porodnice\/tehotenstvi\/potrebuji-ultrazvukove-vysetreni-v-tehotenstvi\/ultrazvukove-vysetreni-ve-30-32-tydnu-tehotenstvi\/\",\"url\":\"https:\/\/apolinar.capta.cz\/en\/porodnice\/tehotenstvi\/potrebuji-ultrazvukove-vysetreni-v-tehotenstvi\/ultrazvukove-vysetreni-ve-30-32-tydnu-tehotenstvi\/\",\"name\":\"ULTRAZVUKOV\u00c9 VY\u0160ET\u0158EN\u00cd VE 30.\u201332. T\u00ddDNU T\u011aHOTENSTV\u00cd - Porodnice U Apolin\u00e1\u0159e\",\"isPartOf\":{\"@id\":\"https:\/\/apolinar.capta.cz\/en\/#website\"},\"datePublished\":\"2023-08-14T19:58:09+00:00\",\"breadcrumb\":{\"@id\":\"https:\/\/apolinar.capta.cz\/en\/porodnice\/tehotenstvi\/potrebuji-ultrazvukove-vysetreni-v-tehotenstvi\/ultrazvukove-vysetreni-ve-30-32-tydnu-tehotenstvi\/#breadcrumb\"},\"inLanguage\":\"en-US\",\"potentialAction\":[{\"@type\":\"ReadAction\",\"target\":[\"https:\/\/apolinar.capta.cz\/en\/porodnice\/tehotenstvi\/potrebuji-ultrazvukove-vysetreni-v-tehotenstvi\/ultrazvukove-vysetreni-ve-30-32-tydnu-tehotenstvi\/\"]}]},{\"@type\":\"BreadcrumbList\",\"@id\":\"https:\/\/apolinar.capta.cz\/en\/porodnice\/tehotenstvi\/potrebuji-ultrazvukove-vysetreni-v-tehotenstvi\/ultrazvukove-vysetreni-ve-30-32-tydnu-tehotenstvi\/#breadcrumb\",\"itemListElement\":[{\"@type\":\"ListItem\",\"position\":1,\"name\":\"Dom\u016f\",\"item\":\"https:\/\/apolinar.capta.cz\/en\/\"},{\"@type\":\"ListItem\",\"position\":2,\"name\":\"Pot\u0159ebuji ultrazvukov\u00e9 vy\u0161et\u0159en\u00ed v t\u011bhotenstv\u00ed\",\"item\":\"https:\/\/apolinar.capta.cz\/en\/porodnice\/tehotenstvi\/potrebuji-ultrazvukove-vysetreni-v-tehotenstvi\/\"},{\"@type\":\"ListItem\",\"position\":3,\"name\":\"ULTRAZVUKOV\u00c9 VY\u0160ET\u0158EN\u00cd VE 30.\u201332. T\u00ddDNU T\u011aHOTENSTV\u00cd\"}]},{\"@type\":\"WebSite\",\"@id\":\"https:\/\/apolinar.capta.cz\/en\/#website\",\"url\":\"https:\/\/apolinar.capta.cz\/en\/\",\"name\":\"Porodnice U Apolin\u00e1\u0159e\",\"description\":\"Klinika gynekologie, porodnictv\u00ed a neonatologie 1. LF UK a VFN v Praze\",\"potentialAction\":[{\"@type\":\"SearchAction\",\"target\":{\"@type\":\"EntryPoint\",\"urlTemplate\":\"https:\/\/apolinar.capta.cz\/en\/?s={search_term_string}\"},\"query-input\":{\"@type\":\"PropertyValueSpecification\",\"valueRequired\":true,\"valueName\":\"search_term_string\"}}],\"inLanguage\":\"en-US\"}]}<\/script>\n<!-- \/ Yoast SEO plugin. -->","yoast_head_json":{"title":"ULTRAZVUKOV\u00c9 VY\u0160ET\u0158EN\u00cd VE 30.\u201332. T\u00ddDNU T\u011aHOTENSTV\u00cd - Porodnice U Apolin\u00e1\u0159e","robots":{"index":"noindex","follow":"follow","max-snippet":"max-snippet:-1","max-image-preview":"max-image-preview:large","max-video-preview":"max-video-preview:-1"},"og_locale":"en_US","og_type":"article","og_title":"ULTRAZVUKOV\u00c9 VY\u0160ET\u0158EN\u00cd VE 30.\u201332. T\u00ddDNU T\u011aHOTENSTV\u00cd - Porodnice U Apolin\u00e1\u0159e","og_url":"https:\/\/apolinar.capta.cz\/en\/porodnice\/tehotenstvi\/potrebuji-ultrazvukove-vysetreni-v-tehotenstvi\/ultrazvukove-vysetreni-ve-30-32-tydnu-tehotenstvi\/","og_site_name":"Porodnice U Apolin\u00e1\u0159e","twitter_card":"summary_large_image","schema":{"@context":"https:\/\/schema.org","@graph":[{"@type":"WebPage","@id":"https:\/\/apolinar.capta.cz\/en\/porodnice\/tehotenstvi\/potrebuji-ultrazvukove-vysetreni-v-tehotenstvi\/ultrazvukove-vysetreni-ve-30-32-tydnu-tehotenstvi\/","url":"https:\/\/apolinar.capta.cz\/en\/porodnice\/tehotenstvi\/potrebuji-ultrazvukove-vysetreni-v-tehotenstvi\/ultrazvukove-vysetreni-ve-30-32-tydnu-tehotenstvi\/","name":"ULTRAZVUKOV\u00c9 VY\u0160ET\u0158EN\u00cd VE 30.\u201332. T\u00ddDNU T\u011aHOTENSTV\u00cd - Porodnice U Apolin\u00e1\u0159e","isPartOf":{"@id":"https:\/\/apolinar.capta.cz\/en\/#website"},"datePublished":"2023-08-14T19:58:09+00:00","breadcrumb":{"@id":"https:\/\/apolinar.capta.cz\/en\/porodnice\/tehotenstvi\/potrebuji-ultrazvukove-vysetreni-v-tehotenstvi\/ultrazvukove-vysetreni-ve-30-32-tydnu-tehotenstvi\/#breadcrumb"},"inLanguage":"en-US","potentialAction":[{"@type":"ReadAction","target":["https:\/\/apolinar.capta.cz\/en\/porodnice\/tehotenstvi\/potrebuji-ultrazvukove-vysetreni-v-tehotenstvi\/ultrazvukove-vysetreni-ve-30-32-tydnu-tehotenstvi\/"]}]},{"@type":"BreadcrumbList","@id":"https:\/\/apolinar.capta.cz\/en\/porodnice\/tehotenstvi\/potrebuji-ultrazvukove-vysetreni-v-tehotenstvi\/ultrazvukove-vysetreni-ve-30-32-tydnu-tehotenstvi\/#breadcrumb","itemListElement":[{"@type":"ListItem","position":1,"name":"Dom\u016f","item":"https:\/\/apolinar.capta.cz\/en\/"},{"@type":"ListItem","position":2,"name":"Pot\u0159ebuji ultrazvukov\u00e9 vy\u0161et\u0159en\u00ed v t\u011bhotenstv\u00ed","item":"https:\/\/apolinar.capta.cz\/en\/porodnice\/tehotenstvi\/potrebuji-ultrazvukove-vysetreni-v-tehotenstvi\/"},{"@type":"ListItem","position":3,"name":"ULTRAZVUKOV\u00c9 VY\u0160ET\u0158EN\u00cd VE 30.\u201332. T\u00ddDNU T\u011aHOTENSTV\u00cd"}]},{"@type":"WebSite","@id":"https:\/\/apolinar.capta.cz\/en\/#website","url":"https:\/\/apolinar.capta.cz\/en\/","name":"Porodnice U Apolin\u00e1\u0159e","description":"Klinika gynekologie, porodnictv\u00ed a neonatologie 1. LF UK a VFN v Praze","potentialAction":[{"@type":"SearchAction","target":{"@type":"EntryPoint","urlTemplate":"https:\/\/apolinar.capta.cz\/en\/?s={search_term_string}"},"query-input":{"@type":"PropertyValueSpecification","valueRequired":true,"valueName":"search_term_string"}}],"inLanguage":"en-US"}]}},"_links":{"self":[{"href":"https:\/\/apolinar.capta.cz\/en\/wp-json\/wp\/v2\/pages\/3433","targetHints":{"allow":["GET"]}}],"collection":[{"href":"https:\/\/apolinar.capta.cz\/en\/wp-json\/wp\/v2\/pages"}],"about":[{"href":"https:\/\/apolinar.capta.cz\/en\/wp-json\/wp\/v2\/types\/page"}],"author":[{"embeddable":true,"href":"https:\/\/apolinar.capta.cz\/en\/wp-json\/wp\/v2\/users\/6"}],"replies":[{"embeddable":true,"href":"https:\/\/apolinar.capta.cz\/en\/wp-json\/wp\/v2\/comments?post=3433"}],"version-history":[{"count":0,"href":"https:\/\/apolinar.capta.cz\/en\/wp-json\/wp\/v2\/pages\/3433\/revisions"}],"up":[{"embeddable":true,"href":"https:\/\/apolinar.capta.cz\/en\/wp-json\/wp\/v2\/pages\/3384"}],"wp:attachment":[{"href":"https:\/\/apolinar.capta.cz\/en\/wp-json\/wp\/v2\/media?parent=3433"}],"curies":[{"name":"wp","href":"https:\/\/api.w.org\/{rel}","templated":true}]}}