{"id":3443,"date":"2023-08-14T22:09:03","date_gmt":"2023-08-14T20:09:03","guid":{"rendered":"https:\/\/apolinar.eu\/?page_id=3443"},"modified":"2023-08-14T22:09:03","modified_gmt":"2023-08-14T20:09:03","slug":"vysetreni-vicecetne-gravidity-dvojcat-trojcat","status":"publish","type":"page","link":"https:\/\/apolinar.capta.cz\/en\/porodnice\/tehotenstvi\/potrebuji-ultrazvukove-vysetreni-v-tehotenstvi\/vysetreni-vicecetne-gravidity-dvojcat-trojcat\/","title":{"rendered":"VY\u0160ET\u0158EN\u00cd V\u00cdCE\u010cETN\u00c9 GRAVIDITY (DVOJ\u010cAT, TROJ\u010cAT\u2026)"},"content":{"rendered":"                <!-- TEXT BLOCK -->\r\n        <section\r\n                class=\"pdt-80 pdb-40 \"\r\n            >\r\n            <div class=\"wrapper2 text_block\">\r\n                <h2 class=\"title_h2 text_center_mdm\">Vy\u0161et\u0159en\u00ed v\u00edce\u010detn\u00e9 gravidity (dvoj\u010dat, troj\u010dat&#8230;)<\/h2>                                                                                                <div class=\"page_content reset_margins\">\r\n                                                                                        <h4><strong><span style=\"color: #f56497;\">OBJEDN\u00c1N\u00cd:<\/span><\/strong><\/h4>\n<p>Pond\u011bl\u00ed\u2013\u010dtvrtek: 8:00\u201315:00 hod.<br \/>\np\u00e1tek: 8:00\u201314:00 hod.<br \/>\nRecepce: +420\u00a0224\u00a0967 273<br \/>\nEmail: <a href=\"mailto:cfm@vfn.cz\">cfm@vfn.cz<\/a><\/p>\n<p>&nbsp;<\/p>\n                                    <\/div>\r\n            <\/div>\r\n        <\/section>\r\n    \n\n                <!-- TEXT BLOCK -->\r\n        <section\r\n                class=\"pdt-40 pdb-40 bg3\"\r\n            >\r\n            <div class=\"wrapper2 text_block\">\r\n                                                                                                                <div class=\"page_content reset_margins\">\r\n                                                                                        <p>V\u00edce\u010detn\u00e9 t\u011bhotenstv\u00ed je samo o sob\u011b pova\u017eov\u00e1no za rizikov\u00e9, proto je vy\u0161et\u0159ovac\u00ed pl\u00e1n o n\u011bco odli\u0161n\u011bj\u0161\u00ed ne\u017e u t\u011bhotenstv\u00ed jedno\u010detn\u00e9ho. Vy\u0161et\u0159en\u00ed rann\u00e9ho st\u00e1dia gravidity mezi 5.\u201310. t\u00fddnem t\u011bhotenstv\u00ed je jedin\u00fdm obdob\u00edm, kdy jsme schopni spolehliv\u011b stanovit, zda se jedn\u00e1 o jedno- \u010di v\u00edcevaje\u010dn\u00e1 dvoj\u010data. <strong>Tato informace je velmi d\u016fle\u017eit\u00e1 pro dal\u0161\u00ed pr\u016fb\u011bh gravidity.<\/strong> Proto trv\u00e1me na tom, aby l\u00e9ka\u0159 zaznamenal ji\u017e p\u0159i zji\u0161t\u011bn\u00ed t\u011bhotenstv\u00ed tuto skute\u010dnost do dokumentace (t\u011bhotensk\u00e9ho pr\u016fkazu).<\/p>\n<p>D\u00e1le ur\u010dujeme po\u010det plod\u016f, jejich lokalizaci v d\u011bloze a \u017eivotn\u00ed projevy (pohyby, srde\u010dn\u00ed akci). Vzhledem k vy\u0161\u0161\u00ed rizikovosti jednovaje\u010dn\u00fdch dvoj\u010dat je tato rann\u00e1 diagnostika velmi d\u016fle\u017eit\u00e1, proto\u017ee zhruba po dvan\u00e1ct\u00e9m t\u00fddnu t\u011bhotenstv\u00ed je ji\u017e tzv. <em>chorionicita<\/em> \u0161patn\u011b prokazateln\u00e1.<\/p>\n<p>Sch\u00e9ma ultrazvukov\u00e9 kontroly ve 20.24. t\u00fddnu a 30.\u201332. t\u00fddnu t\u011bhotenstv\u00ed se neli\u0161\u00ed od vy\u0161et\u0159en\u00ed t\u011bhotn\u00fdch s jedn\u00edm plodem. Pouze ve 20.\u201324. t\u00fddnu nav\u00edc prov\u00e1d\u00edme vy\u0161et\u0159en\u00ed d\u011blo\u017en\u00edho hrdla (cervikometrie). U v\u00edce\u010detn\u00e9ho t\u011bhotenstv\u00ed jsou pro svou vy\u0161\u0161\u00ed rizikovost doporu\u010deny krom\u011b z\u00e1kladn\u00edch vy\u0161et\u0159en\u00ed i \u010dast\u011bj\u0161\u00ed ultrazvukov\u00e9 kontroly. Zam\u011b\u0159ujeme se p\u0159edev\u0161\u00edm na propor\u010dnost r\u016fstu plod\u016f, funkci placenty, mno\u017estv\u00ed plodov\u00e9 vody, event. d\u00e9lku d\u011blo\u017en\u00edho hrdla a dal\u0161\u00ed.<\/p>\n                                    <\/div>\r\n            <\/div>\r\n        <\/section>\r\n    ","protected":false},"excerpt":{"rendered":"","protected":false},"author":6,"featured_media":0,"parent":3384,"menu_order":0,"comment_status":"closed","ping_status":"closed","template":"","meta":{"_acf_changed":false,"footnotes":""},"class_list":["post-3443","page","type-page","status-publish","hentry"],"acf":[],"yoast_head":"<!-- This site is optimized with the Yoast SEO plugin v25.5 - https:\/\/yoast.com\/wordpress\/plugins\/seo\/ -->\n<title>VY\u0160ET\u0158EN\u00cd V\u00cdCE\u010cETN\u00c9 GRAVIDITY (DVOJ\u010cAT, TROJ\u010cAT\u2026) - Porodnice U Apolin\u00e1\u0159e<\/title>\n<meta name=\"robots\" content=\"noindex, follow, max-snippet:-1, max-image-preview:large, max-video-preview:-1\" \/>\n<meta property=\"og:locale\" content=\"en_US\" \/>\n<meta property=\"og:type\" content=\"article\" \/>\n<meta property=\"og:title\" content=\"VY\u0160ET\u0158EN\u00cd V\u00cdCE\u010cETN\u00c9 GRAVIDITY (DVOJ\u010cAT, TROJ\u010cAT\u2026) - Porodnice U Apolin\u00e1\u0159e\" \/>\n<meta property=\"og:url\" content=\"https:\/\/apolinar.capta.cz\/en\/porodnice\/tehotenstvi\/potrebuji-ultrazvukove-vysetreni-v-tehotenstvi\/vysetreni-vicecetne-gravidity-dvojcat-trojcat\/\" \/>\n<meta property=\"og:site_name\" content=\"Porodnice U Apolin\u00e1\u0159e\" \/>\n<meta name=\"twitter:card\" content=\"summary_large_image\" \/>\n<script type=\"application\/ld+json\" class=\"yoast-schema-graph\">{\"@context\":\"https:\/\/schema.org\",\"@graph\":[{\"@type\":\"WebPage\",\"@id\":\"https:\/\/apolinar.capta.cz\/en\/porodnice\/tehotenstvi\/potrebuji-ultrazvukove-vysetreni-v-tehotenstvi\/vysetreni-vicecetne-gravidity-dvojcat-trojcat\/\",\"url\":\"https:\/\/apolinar.capta.cz\/en\/porodnice\/tehotenstvi\/potrebuji-ultrazvukove-vysetreni-v-tehotenstvi\/vysetreni-vicecetne-gravidity-dvojcat-trojcat\/\",\"name\":\"VY\u0160ET\u0158EN\u00cd V\u00cdCE\u010cETN\u00c9 GRAVIDITY (DVOJ\u010cAT, TROJ\u010cAT\u2026) - Porodnice U Apolin\u00e1\u0159e\",\"isPartOf\":{\"@id\":\"https:\/\/apolinar.capta.cz\/en\/#website\"},\"datePublished\":\"2023-08-14T20:09:03+00:00\",\"breadcrumb\":{\"@id\":\"https:\/\/apolinar.capta.cz\/en\/porodnice\/tehotenstvi\/potrebuji-ultrazvukove-vysetreni-v-tehotenstvi\/vysetreni-vicecetne-gravidity-dvojcat-trojcat\/#breadcrumb\"},\"inLanguage\":\"en-US\",\"potentialAction\":[{\"@type\":\"ReadAction\",\"target\":[\"https:\/\/apolinar.capta.cz\/en\/porodnice\/tehotenstvi\/potrebuji-ultrazvukove-vysetreni-v-tehotenstvi\/vysetreni-vicecetne-gravidity-dvojcat-trojcat\/\"]}]},{\"@type\":\"BreadcrumbList\",\"@id\":\"https:\/\/apolinar.capta.cz\/en\/porodnice\/tehotenstvi\/potrebuji-ultrazvukove-vysetreni-v-tehotenstvi\/vysetreni-vicecetne-gravidity-dvojcat-trojcat\/#breadcrumb\",\"itemListElement\":[{\"@type\":\"ListItem\",\"position\":1,\"name\":\"Dom\u016f\",\"item\":\"https:\/\/apolinar.capta.cz\/en\/\"},{\"@type\":\"ListItem\",\"position\":2,\"name\":\"Pot\u0159ebuji ultrazvukov\u00e9 vy\u0161et\u0159en\u00ed v t\u011bhotenstv\u00ed\",\"item\":\"https:\/\/apolinar.capta.cz\/en\/porodnice\/tehotenstvi\/potrebuji-ultrazvukove-vysetreni-v-tehotenstvi\/\"},{\"@type\":\"ListItem\",\"position\":3,\"name\":\"VY\u0160ET\u0158EN\u00cd V\u00cdCE\u010cETN\u00c9 GRAVIDITY (DVOJ\u010cAT, TROJ\u010cAT\u2026)\"}]},{\"@type\":\"WebSite\",\"@id\":\"https:\/\/apolinar.capta.cz\/en\/#website\",\"url\":\"https:\/\/apolinar.capta.cz\/en\/\",\"name\":\"Porodnice U Apolin\u00e1\u0159e\",\"description\":\"Klinika gynekologie, porodnictv\u00ed a neonatologie 1. LF UK a VFN v Praze\",\"potentialAction\":[{\"@type\":\"SearchAction\",\"target\":{\"@type\":\"EntryPoint\",\"urlTemplate\":\"https:\/\/apolinar.capta.cz\/en\/?s={search_term_string}\"},\"query-input\":{\"@type\":\"PropertyValueSpecification\",\"valueRequired\":true,\"valueName\":\"search_term_string\"}}],\"inLanguage\":\"en-US\"}]}<\/script>\n<!-- \/ Yoast SEO plugin. -->","yoast_head_json":{"title":"VY\u0160ET\u0158EN\u00cd V\u00cdCE\u010cETN\u00c9 GRAVIDITY (DVOJ\u010cAT, TROJ\u010cAT\u2026) - Porodnice U Apolin\u00e1\u0159e","robots":{"index":"noindex","follow":"follow","max-snippet":"max-snippet:-1","max-image-preview":"max-image-preview:large","max-video-preview":"max-video-preview:-1"},"og_locale":"en_US","og_type":"article","og_title":"VY\u0160ET\u0158EN\u00cd V\u00cdCE\u010cETN\u00c9 GRAVIDITY (DVOJ\u010cAT, TROJ\u010cAT\u2026) - Porodnice U Apolin\u00e1\u0159e","og_url":"https:\/\/apolinar.capta.cz\/en\/porodnice\/tehotenstvi\/potrebuji-ultrazvukove-vysetreni-v-tehotenstvi\/vysetreni-vicecetne-gravidity-dvojcat-trojcat\/","og_site_name":"Porodnice U Apolin\u00e1\u0159e","twitter_card":"summary_large_image","schema":{"@context":"https:\/\/schema.org","@graph":[{"@type":"WebPage","@id":"https:\/\/apolinar.capta.cz\/en\/porodnice\/tehotenstvi\/potrebuji-ultrazvukove-vysetreni-v-tehotenstvi\/vysetreni-vicecetne-gravidity-dvojcat-trojcat\/","url":"https:\/\/apolinar.capta.cz\/en\/porodnice\/tehotenstvi\/potrebuji-ultrazvukove-vysetreni-v-tehotenstvi\/vysetreni-vicecetne-gravidity-dvojcat-trojcat\/","name":"VY\u0160ET\u0158EN\u00cd V\u00cdCE\u010cETN\u00c9 GRAVIDITY (DVOJ\u010cAT, TROJ\u010cAT\u2026) - Porodnice U Apolin\u00e1\u0159e","isPartOf":{"@id":"https:\/\/apolinar.capta.cz\/en\/#website"},"datePublished":"2023-08-14T20:09:03+00:00","breadcrumb":{"@id":"https:\/\/apolinar.capta.cz\/en\/porodnice\/tehotenstvi\/potrebuji-ultrazvukove-vysetreni-v-tehotenstvi\/vysetreni-vicecetne-gravidity-dvojcat-trojcat\/#breadcrumb"},"inLanguage":"en-US","potentialAction":[{"@type":"ReadAction","target":["https:\/\/apolinar.capta.cz\/en\/porodnice\/tehotenstvi\/potrebuji-ultrazvukove-vysetreni-v-tehotenstvi\/vysetreni-vicecetne-gravidity-dvojcat-trojcat\/"]}]},{"@type":"BreadcrumbList","@id":"https:\/\/apolinar.capta.cz\/en\/porodnice\/tehotenstvi\/potrebuji-ultrazvukove-vysetreni-v-tehotenstvi\/vysetreni-vicecetne-gravidity-dvojcat-trojcat\/#breadcrumb","itemListElement":[{"@type":"ListItem","position":1,"name":"Dom\u016f","item":"https:\/\/apolinar.capta.cz\/en\/"},{"@type":"ListItem","position":2,"name":"Pot\u0159ebuji ultrazvukov\u00e9 vy\u0161et\u0159en\u00ed v t\u011bhotenstv\u00ed","item":"https:\/\/apolinar.capta.cz\/en\/porodnice\/tehotenstvi\/potrebuji-ultrazvukove-vysetreni-v-tehotenstvi\/"},{"@type":"ListItem","position":3,"name":"VY\u0160ET\u0158EN\u00cd V\u00cdCE\u010cETN\u00c9 GRAVIDITY (DVOJ\u010cAT, TROJ\u010cAT\u2026)"}]},{"@type":"WebSite","@id":"https:\/\/apolinar.capta.cz\/en\/#website","url":"https:\/\/apolinar.capta.cz\/en\/","name":"Porodnice U Apolin\u00e1\u0159e","description":"Klinika gynekologie, porodnictv\u00ed a neonatologie 1. LF UK a VFN v Praze","potentialAction":[{"@type":"SearchAction","target":{"@type":"EntryPoint","urlTemplate":"https:\/\/apolinar.capta.cz\/en\/?s={search_term_string}"},"query-input":{"@type":"PropertyValueSpecification","valueRequired":true,"valueName":"search_term_string"}}],"inLanguage":"en-US"}]}},"_links":{"self":[{"href":"https:\/\/apolinar.capta.cz\/en\/wp-json\/wp\/v2\/pages\/3443","targetHints":{"allow":["GET"]}}],"collection":[{"href":"https:\/\/apolinar.capta.cz\/en\/wp-json\/wp\/v2\/pages"}],"about":[{"href":"https:\/\/apolinar.capta.cz\/en\/wp-json\/wp\/v2\/types\/page"}],"author":[{"embeddable":true,"href":"https:\/\/apolinar.capta.cz\/en\/wp-json\/wp\/v2\/users\/6"}],"replies":[{"embeddable":true,"href":"https:\/\/apolinar.capta.cz\/en\/wp-json\/wp\/v2\/comments?post=3443"}],"version-history":[{"count":0,"href":"https:\/\/apolinar.capta.cz\/en\/wp-json\/wp\/v2\/pages\/3443\/revisions"}],"up":[{"embeddable":true,"href":"https:\/\/apolinar.capta.cz\/en\/wp-json\/wp\/v2\/pages\/3384"}],"wp:attachment":[{"href":"https:\/\/apolinar.capta.cz\/en\/wp-json\/wp\/v2\/media?parent=3443"}],"curies":[{"name":"wp","href":"https:\/\/api.w.org\/{rel}","templated":true}]}}