{"id":3916,"date":"2023-08-31T00:08:15","date_gmt":"2023-08-30T22:08:15","guid":{"rendered":"https:\/\/apolinar.eu\/?page_id=3916"},"modified":"2023-08-31T00:08:15","modified_gmt":"2023-08-30T22:08:15","slug":"novorozenecka-jednotka-intermediarni-pece","status":"publish","type":"page","link":"https:\/\/apolinar.capta.cz\/en\/neonatologie\/nedonoseny-nebo-nemocny-novorozenec\/novorozenecka-jednotka-intermediarni-pece\/","title":{"rendered":"Novorozeneck\u00e1 jednotka intermedi\u00e1rn\u00ed p\u00e9\u010de\u00a0"},"content":{"rendered":"                <!-- TEXT BLOCK -->\r\n        <section\r\n                class=\"pdt-80 pdb-80 \"\r\n            >\r\n            <div class=\"wrapper2 text_block\">\r\n                <h2 class=\"title_h2 text_center_mdm\">Novorozeneck\u00e1 jednotka intermedi\u00e1rn\u00ed p\u00e9\u010de <\/h2>                                                    <div class=\"tags mgt-10 responsive\">\r\n                        <div class=\"inner justify-center-mdm\">\r\n                                                                                                <a href=\"https:\/\/apolinar.capta.cz\/kontrola-predcasne-narozenych-deti\/\"\r\n                                       title=\"Pediatrick\u00e1 ambulance\"\r\n                                       >\r\n                                        Pediatrick\u00e1 ambulance                                    <\/a>\r\n                                                                                                                                <a href=\"https:\/\/apolinar.capta.cz\/ockovani-proti-respiracnim-virum\/\"\r\n                                       title=\"O\u010dkov\u00e1n\u00ed proti respira\u010dn\u00edm vir\u016fm\"\r\n                                       >\r\n                                        O\u010dkov\u00e1n\u00ed proti respira\u010dn\u00edm vir\u016fm                                    <\/a>\r\n                                                                                    <\/div>\r\n                    <\/div>\r\n                                                                                <div class=\"page_content reset_margins\">\r\n                                                        <\/div>\r\n            <\/div>\r\n        <\/section>\r\n    \n\n                <!-- TEXT BLOCK -->\r\n        <section\r\n                class=\"pdt-40 pdb-40 bg3\"\r\n            >\r\n            <div class=\"wrapper2 text_block\">\r\n                                                                                                    <h3 class=\"title_h3 text_center_mdm\">P\u00e9\u010de o p\u0159ed\u010dasn\u011b narozen\u00e9 miminko na odd\u011blen\u00ed intermedi\u00e1rn\u00ed p\u00e9\u010de<\/h3>\r\n                                                <div class=\"page_content reset_margins\">\r\n                                                                                        <p>Odd\u011blen\u00ed intermedi\u00e1rn\u00ed p\u00e9\u010de (IMP) zaji\u0161\u0165uje kompletn\u00ed o\u0161et\u0159ovatelskou p\u00e9\u010di o dv\u011b skupiny novorozenc\u016f.<\/p>\n<ol>\n<li><strong>Novorozenci<\/strong><strong> z\u00a0odd\u011blen\u00ed JIP a JIRP, kte\u0159\u00ed ji\u017e nepot\u0159ebuj\u00ed intenzivn\u00ed p\u00e9\u010di, ale jejich zdravotn\u00ed stav zat\u00edm nedovoluje jejich propu\u0161t\u011bn\u00ed dom\u016f.<\/strong> Miminka zde vyrostou a zes\u00edl\u00ed. IMP nab\u00edz\u00ed v\u00edce prostoru a \u010dasu pro rodi\u010de, kte\u0159\u00ed se zde nau\u010d\u00ed, jak miminku zajistit ve\u0161kerou pot\u0159ebnou n\u00e1slednou p\u00e9\u010di po propu\u0161t\u011bn\u00ed dom\u016f. Velk\u00e1 pozornost je v\u011bnov\u00e1na kojen\u00ed a v\u00fd\u017eiv\u011b. T\u00fdm zdravotn\u00edk\u016f p\u0159istupuje ke ka\u017ed\u00e9mu miminku individu\u00e1ln\u011b podle jeho aktu\u00e1ln\u00edch pot\u0159eb a jsou v\u017edy p\u0159ipraveni pomoci. Na odd\u011blen\u00ed IMP disponujeme omezen\u00fdm po\u010dtem l\u016f\u017eek pro matky novorozenc\u016f. V p\u0159\u00edpad\u011b, \u017ee je va\u0161e miminko p\u0159em\u00edst\u011bno z odd\u011blen\u00ed JIP nebo JIRP na odd\u011blen\u00ed IMP a \u010dasov\u00fd horizont jeho propu\u0161t\u011bn\u00ed do dom\u00e1c\u00edho o\u0161et\u0159ov\u00e1n\u00ed je vzd\u00e1len\u00fd, propust\u00edme v\u00e1s dom\u016f a za miminkem na odd\u011blen\u00ed IMP m\u016f\u017eete pravideln\u011b doch\u00e1zet a z\u016fst\u00e1vat po jeho boku podle sv\u00fdch \u010dasov\u00fdch mo\u017enost\u00ed. P\u0159esp\u00e1v\u00e1te v\u0161ak doma. T\u00fdden a\u017e 14 dn\u00ed p\u0159ed pl\u00e1novan\u00fdm propu\u0161t\u011bn\u00edm miminka v\u00e1s op\u011bt hospitalizujeme a z\u016fst\u00e1v\u00e1te v porodnici 24\/7 a\u017e do propu\u0161t\u011bn\u00ed d\u00edt\u011bte dom\u016f.<\/li>\n<li><strong>Novorozenci narozen\u00ed lehce p\u0159ed\u010dasn\u011b (od 32. t\u00fddne t\u011bhotenstv\u00ed), <\/strong><strong>kte\u0159\u00ed pot\u0159ebuj\u00ed zv\u00fd\u0161enou p\u00e9\u010di a sledov\u00e1n\u00ed<\/strong> a jejich\u017e poporodn\u00ed adaptace prob\u00edh\u00e1 natolik uspokojiv\u011b, \u017ee nevy\u017eaduj\u00ed intenzivn\u00ed p\u00e9\u010di. Po porodu lehce nezral\u00e9ho novorozence budete pravd\u011bpodobn\u011b p\u0159ijata na odd\u011blen\u00ed \u0161estined\u011bl\u00ed a jste sv\u00e9mu d\u00edt\u011bti nabl\u00edzku. Miminko sice nevy\u017eaduje intenzivn\u00ed p\u00e9\u010di, ale je b\u011b\u017en\u00e9, \u017ee minim\u00e1ln\u011b prvn\u00edch n\u011bkolik hodin a\u017e dn\u00ed po porodu je um\u00edst\u011bno v tzv. observa\u010dn\u00edm boxu, kde ho nep\u0159etr\u017eit\u011b sleduj\u00ed d\u011btsk\u00e9 sestry. M\u016f\u017eete b\u00fdt kdykoliv po boku sv\u00e9ho d\u00edt\u011bte a podle sv\u00e9ho stavu a jeho pot\u0159eb se mu v\u011bnujete. Ze z\u00e1kladn\u00edch \u010dinnost\u00ed komplexn\u00ed o\u0161et\u0159ovatelsk\u00e9 p\u00e9\u010de matka zaji\u0161\u0165uje zejm\u00e9na m\u011b\u0159en\u00ed teploty, p\u0159ebalov\u00e1n\u00ed a polohov\u00e1n\u00ed d\u00edt\u011bte a samoz\u0159ejm\u011b kojen\u00ed. D\u011btsk\u00e9 sest\u0159i\u010dky v\u00e1s z\u00e1rove\u0148 zau\u010d\u00ed v mnoha dal\u0161\u00edch aktivit\u00e1ch.Pokud to va\u0161e rodinn\u00e1 a na\u0161e provozn\u00ed situace dovoluje, m\u016f\u017eete z\u016fstat se sv\u00fdm miminkem v porodnici po celou dobu jeho pobytu (v\u011bt\u0161inou n\u011bkolik dn\u00ed a\u017e t\u00fddn\u016f) na na\u0161em odd\u011blen\u00ed. Konkr\u00e9tn\u00ed individu\u00e1ln\u00ed opat\u0159en\u00ed s v\u00e1mi prodiskutuje o\u0161et\u0159uj\u00edc\u00ed l\u00e9ka\u0159 va\u0161eho miminka.<\/li>\n<\/ol>\n                                    <\/div>\r\n            <\/div>\r\n        <\/section>\r\n    \n\n    <!-- BLOK K -->\r\n    <section\r\n            class=\"pdt-80 pdb-80 \"\r\n        >\r\n        <div class=\"wrapper2\">\r\n                                                                                            <div class=\"grid small-space\">\r\n                                                                                <!-- ITEM 1 -->\r\n                            <div class=\"col1 bg3 radius10 pd-35 pd-25md observe anim_drop1 anim_delay dflex flex-dir-column offset_dist\">\r\n                                <div class=\"text_block w100p mgb-auto\">\r\n                                    <h3 class=\"title_h3\">Novorozeneck\u00e1 jednotka intermedi\u00e1rn\u00ed p\u00e9\u010de<\/h3>\r\n                                                                                                                <div class=\"page_content reset_margins\">\r\n                                            <p>Podrobn\u00e9 informace pro rodi\u010de<\/p>\r\n                                        <\/div>\r\n                                                                    <\/div>\r\n                                <div class=\"pdt-20 w100p\">\r\n                                    <div class=\"grid small-space\">\r\n                                        <div class=\"col_default offset_half\">\r\n                                            <a href=\"#\"\r\n                                               title=\"Novorozeneck\u00e1 jednotka intermedi\u00e1rn\u00ed p\u00e9\u010de\"\r\n                                               target=\"_blank\"\r\n                                               class=\"btn_basic\">\r\n                                                Zobrazit                                            <\/a>\r\n                                        <\/div>\r\n                                        <div class=\"col_default offset_half\">\r\n                                            <a href=\"#\"\r\n                                               title=\"Novorozeneck\u00e1 jednotka intermedi\u00e1rn\u00ed p\u00e9\u010de\"\r\n                                               download\r\n                                               class=\"btn_basic border\">\r\n                                                St\u00e1hnout                                            <\/a>\r\n                                        <\/div>\r\n                                    <\/div>\r\n                                <\/div>\r\n                            <\/div>\r\n                                            <\/div>\r\n                                    <\/div>\r\n    <\/section>\r\n","protected":false},"excerpt":{"rendered":"","protected":false},"author":6,"featured_media":0,"parent":4010,"menu_order":0,"comment_status":"closed","ping_status":"closed","template":"","meta":{"_acf_changed":false,"footnotes":""},"class_list":["post-3916","page","type-page","status-publish","hentry"],"acf":[],"yoast_head":"<!-- This site is optimized with the Yoast SEO plugin v25.5 - https:\/\/yoast.com\/wordpress\/plugins\/seo\/ -->\n<title>Novorozeneck\u00e1 jednotka intermedi\u00e1rn\u00ed p\u00e9\u010de\u00a0 - Porodnice U Apolin\u00e1\u0159e<\/title>\n<meta name=\"robots\" content=\"noindex, follow, max-snippet:-1, max-image-preview:large, max-video-preview:-1\" \/>\n<meta property=\"og:locale\" content=\"en_US\" \/>\n<meta property=\"og:type\" content=\"article\" \/>\n<meta property=\"og:title\" content=\"Novorozeneck\u00e1 jednotka intermedi\u00e1rn\u00ed p\u00e9\u010de\u00a0 - Porodnice U Apolin\u00e1\u0159e\" \/>\n<meta property=\"og:url\" content=\"https:\/\/apolinar.capta.cz\/en\/neonatologie\/nedonoseny-nebo-nemocny-novorozenec\/novorozenecka-jednotka-intermediarni-pece\/\" \/>\n<meta property=\"og:site_name\" content=\"Porodnice U Apolin\u00e1\u0159e\" \/>\n<meta name=\"twitter:card\" content=\"summary_large_image\" \/>\n<script type=\"application\/ld+json\" class=\"yoast-schema-graph\">{\"@context\":\"https:\/\/schema.org\",\"@graph\":[{\"@type\":\"WebPage\",\"@id\":\"https:\/\/apolinar.capta.cz\/en\/neonatologie\/nedonoseny-nebo-nemocny-novorozenec\/novorozenecka-jednotka-intermediarni-pece\/\",\"url\":\"https:\/\/apolinar.capta.cz\/en\/neonatologie\/nedonoseny-nebo-nemocny-novorozenec\/novorozenecka-jednotka-intermediarni-pece\/\",\"name\":\"Novorozeneck\u00e1 jednotka intermedi\u00e1rn\u00ed p\u00e9\u010de\u00a0 - Porodnice U Apolin\u00e1\u0159e\",\"isPartOf\":{\"@id\":\"https:\/\/apolinar.capta.cz\/en\/#website\"},\"datePublished\":\"2023-08-30T22:08:15+00:00\",\"breadcrumb\":{\"@id\":\"https:\/\/apolinar.capta.cz\/en\/neonatologie\/nedonoseny-nebo-nemocny-novorozenec\/novorozenecka-jednotka-intermediarni-pece\/#breadcrumb\"},\"inLanguage\":\"en-US\",\"potentialAction\":[{\"@type\":\"ReadAction\",\"target\":[\"https:\/\/apolinar.capta.cz\/en\/neonatologie\/nedonoseny-nebo-nemocny-novorozenec\/novorozenecka-jednotka-intermediarni-pece\/\"]}]},{\"@type\":\"BreadcrumbList\",\"@id\":\"https:\/\/apolinar.capta.cz\/en\/neonatologie\/nedonoseny-nebo-nemocny-novorozenec\/novorozenecka-jednotka-intermediarni-pece\/#breadcrumb\",\"itemListElement\":[{\"@type\":\"ListItem\",\"position\":1,\"name\":\"Dom\u016f\",\"item\":\"https:\/\/apolinar.capta.cz\/en\/\"},{\"@type\":\"ListItem\",\"position\":2,\"name\":\"Novorozeneck\u00e1 jednotka intermedi\u00e1rn\u00ed p\u00e9\u010de\u00a0\"}]},{\"@type\":\"WebSite\",\"@id\":\"https:\/\/apolinar.capta.cz\/en\/#website\",\"url\":\"https:\/\/apolinar.capta.cz\/en\/\",\"name\":\"Porodnice U Apolin\u00e1\u0159e\",\"description\":\"Klinika gynekologie, porodnictv\u00ed a neonatologie 1. LF UK a VFN v Praze\",\"potentialAction\":[{\"@type\":\"SearchAction\",\"target\":{\"@type\":\"EntryPoint\",\"urlTemplate\":\"https:\/\/apolinar.capta.cz\/en\/?s={search_term_string}\"},\"query-input\":{\"@type\":\"PropertyValueSpecification\",\"valueRequired\":true,\"valueName\":\"search_term_string\"}}],\"inLanguage\":\"en-US\"}]}<\/script>\n<!-- \/ Yoast SEO plugin. -->","yoast_head_json":{"title":"Novorozeneck\u00e1 jednotka intermedi\u00e1rn\u00ed p\u00e9\u010de\u00a0 - Porodnice U Apolin\u00e1\u0159e","robots":{"index":"noindex","follow":"follow","max-snippet":"max-snippet:-1","max-image-preview":"max-image-preview:large","max-video-preview":"max-video-preview:-1"},"og_locale":"en_US","og_type":"article","og_title":"Novorozeneck\u00e1 jednotka intermedi\u00e1rn\u00ed p\u00e9\u010de\u00a0 - Porodnice U Apolin\u00e1\u0159e","og_url":"https:\/\/apolinar.capta.cz\/en\/neonatologie\/nedonoseny-nebo-nemocny-novorozenec\/novorozenecka-jednotka-intermediarni-pece\/","og_site_name":"Porodnice U Apolin\u00e1\u0159e","twitter_card":"summary_large_image","schema":{"@context":"https:\/\/schema.org","@graph":[{"@type":"WebPage","@id":"https:\/\/apolinar.capta.cz\/en\/neonatologie\/nedonoseny-nebo-nemocny-novorozenec\/novorozenecka-jednotka-intermediarni-pece\/","url":"https:\/\/apolinar.capta.cz\/en\/neonatologie\/nedonoseny-nebo-nemocny-novorozenec\/novorozenecka-jednotka-intermediarni-pece\/","name":"Novorozeneck\u00e1 jednotka intermedi\u00e1rn\u00ed p\u00e9\u010de\u00a0 - Porodnice U Apolin\u00e1\u0159e","isPartOf":{"@id":"https:\/\/apolinar.capta.cz\/en\/#website"},"datePublished":"2023-08-30T22:08:15+00:00","breadcrumb":{"@id":"https:\/\/apolinar.capta.cz\/en\/neonatologie\/nedonoseny-nebo-nemocny-novorozenec\/novorozenecka-jednotka-intermediarni-pece\/#breadcrumb"},"inLanguage":"en-US","potentialAction":[{"@type":"ReadAction","target":["https:\/\/apolinar.capta.cz\/en\/neonatologie\/nedonoseny-nebo-nemocny-novorozenec\/novorozenecka-jednotka-intermediarni-pece\/"]}]},{"@type":"BreadcrumbList","@id":"https:\/\/apolinar.capta.cz\/en\/neonatologie\/nedonoseny-nebo-nemocny-novorozenec\/novorozenecka-jednotka-intermediarni-pece\/#breadcrumb","itemListElement":[{"@type":"ListItem","position":1,"name":"Dom\u016f","item":"https:\/\/apolinar.capta.cz\/en\/"},{"@type":"ListItem","position":2,"name":"Novorozeneck\u00e1 jednotka intermedi\u00e1rn\u00ed p\u00e9\u010de\u00a0"}]},{"@type":"WebSite","@id":"https:\/\/apolinar.capta.cz\/en\/#website","url":"https:\/\/apolinar.capta.cz\/en\/","name":"Porodnice U Apolin\u00e1\u0159e","description":"Klinika gynekologie, porodnictv\u00ed a neonatologie 1. LF UK a VFN v Praze","potentialAction":[{"@type":"SearchAction","target":{"@type":"EntryPoint","urlTemplate":"https:\/\/apolinar.capta.cz\/en\/?s={search_term_string}"},"query-input":{"@type":"PropertyValueSpecification","valueRequired":true,"valueName":"search_term_string"}}],"inLanguage":"en-US"}]}},"_links":{"self":[{"href":"https:\/\/apolinar.capta.cz\/en\/wp-json\/wp\/v2\/pages\/3916","targetHints":{"allow":["GET"]}}],"collection":[{"href":"https:\/\/apolinar.capta.cz\/en\/wp-json\/wp\/v2\/pages"}],"about":[{"href":"https:\/\/apolinar.capta.cz\/en\/wp-json\/wp\/v2\/types\/page"}],"author":[{"embeddable":true,"href":"https:\/\/apolinar.capta.cz\/en\/wp-json\/wp\/v2\/users\/6"}],"replies":[{"embeddable":true,"href":"https:\/\/apolinar.capta.cz\/en\/wp-json\/wp\/v2\/comments?post=3916"}],"version-history":[{"count":0,"href":"https:\/\/apolinar.capta.cz\/en\/wp-json\/wp\/v2\/pages\/3916\/revisions"}],"up":[{"embeddable":true,"href":"https:\/\/apolinar.capta.cz\/en\/wp-json\/wp\/v2\/pages\/4010"}],"wp:attachment":[{"href":"https:\/\/apolinar.capta.cz\/en\/wp-json\/wp\/v2\/media?parent=3916"}],"curies":[{"name":"wp","href":"https:\/\/api.w.org\/{rel}","templated":true}]}}