{"id":4521,"date":"2023-09-25T17:04:48","date_gmt":"2023-09-25T15:04:48","guid":{"rendered":"https:\/\/apolinar.eu\/?page_id=4521"},"modified":"2023-09-25T17:04:48","modified_gmt":"2023-09-25T15:04:48","slug":"apolinarske-kurzy-a-jine-sluzby","status":"publish","type":"page","link":"https:\/\/apolinar.capta.cz\/en\/apolinarske-kurzy-a-jine-sluzby\/","title":{"rendered":"Apolin\u00e1\u0159sk\u00e9 kurzy a jin\u00e9 slu\u017eby"},"content":{"rendered":"                <!-- TEXT BLOCK -->\r\n        <section\r\n                class=\"pdt-80 pdb-40 \"\r\n            >\r\n            <div class=\"wrapper2 text_block\">\r\n                <h1 class=\"title_h2 text_center_mdm\">Apolin\u00e1\u0159sk\u00e9 kurzy a jin\u00e9 slu\u017eby<\/h1>                                                    <div class=\"tags mgt-10 responsive\">\r\n                        <div class=\"inner justify-center-mdm\">\r\n                                                                                                <a href=\"https:\/\/apolinar.capta.cz\/apolinarske-kurzy-a-jine-sluzby\/individualni-doprovod-k-porodu\/\"\r\n                                       title=\"Individu\u00e1ln\u00ed doprovod k porodu\"\r\n                                       >\r\n                                        Individu\u00e1ln\u00ed doprovod k porodu                                    <\/a>\r\n                                                                                                                                <a href=\"https:\/\/apolinar.capta.cz\/apolinarske-kurzy-a-jine-sluzby\/#01\"\r\n                                       title=\"T\u011bhotensk\u00e9 kurzy a p\u0159edn\u00e1\u0161ky\"\r\n                                       >\r\n                                        T\u011bhotensk\u00e9 kurzy a p\u0159edn\u00e1\u0161ky                                    <\/a>\r\n                                                                                                                                <a href=\"https:\/\/apolinar.capta.cz\/apolinarske-kurzy-a-jine-sluzby\/#02\"\r\n                                       title=\"Cvi\u010den\u00ed\"\r\n                                       >\r\n                                        Cvi\u010den\u00ed                                    <\/a>\r\n                                                                                                                                                <\/div>\r\n                    <\/div>\r\n                                                                                <div class=\"page_content reset_margins\">\r\n                                                                                        <p>P\u0159ipravte se na t\u011bhotenstv\u00ed, porod, \u0161estined\u011bl\u00ed a p\u00e9\u010di o novorozence se zku\u0161en\u00fdmi porodn\u00edmi asistentkami a odborn\u00edky z porodnice U Apolin\u00e1\u0159e. M\u00e1me pro v\u00e1s kurzy p\u0159edporodn\u00ed p\u0159\u00edpravy a tematick\u00e9 p\u0159edn\u00e1\u0161ky, kter\u00e9 se konaj\u00ed ka\u017ed\u00fd m\u011bs\u00edc p\u0159\u00edmo v budov\u011b porodnice.<\/p>\n<p>D\u00e1le na\u0161e pracovi\u0161t\u011b nab\u00edz\u00ed r\u016fzn\u00e9 formy vzd\u011bl\u00e1vac\u00edch postgradu\u00e1ln\u00edch akc\u00ed, od jednodenn\u00edch kurz\u016f pro limitovan\u00fd po\u010det \u00fa\u010dastn\u00edk\u016f, po dvoudenn\u00ed Apolin\u00e1\u0159skou konferenci. Sna\u017e\u00edme se, aby byly zam\u011b\u0159eny bu\u010f velmi prakticky, na osvojen\u00ed technik z\u00e1krok\u016f nebo k z\u00edsk\u00e1n\u00ed manu\u00e1ln\u00edch dovednost\u00ed, nebo aby pod\u00e1valy stru\u010dn\u00e9 a aktu\u00e1ln\u00ed p\u0159ehledy sou\u010dasn\u00fdch znalost\u00ed v jednotliv\u00fdch oblastech.<\/p>\n                                    <\/div>\r\n            <\/div>\r\n        <\/section>\r\n    \n\n\n\n                        <div class=\"pdt-40 pdb-40 pdt-20lg pdb-20lg pdt-30md pdb-30md \"\r\n            id=\"04\">\r\n                                                                        <div class=\"wrapper2 mgt-60\">\r\n                        <h2 class=\"title_h3 text_center_mdm\">NOV\u00c1 SLU\u017dBA U APOLIN\u00c1\u0158E: Individu\u00e1ln\u00ed doprovod k porodu<\/h2>\r\n                                                                            <div class=\"grid small-space mgt-5\">\r\n                                                                    <div class=\"col2 col1_mdm dflex offset anim_delay anim_drop1 observe\">\r\n                                                                                                                                                                                                                                                        <a href=\"https:\/\/apolinar.capta.cz\/apolinarske-kurzy-a-jine-sluzby\/individualni-doprovod-k-porodu\/\"\r\n                                               class=\"btn_big bg3 text_s18 w100p\">\r\n                                                                                                    <svg class=\"btn_big_arrow sico\">\r\n                                                        <use href=\"https:\/\/apolinar.capta.cz\/wp-content\/themes\/apolinar\/assets\/layout\/icons.svg#s_ar2_r\"\/>\r\n                                                    <\/svg>\r\n                                                    <span> Porod s V\u00e1mi vybranou porodn\u00ed asistentkou<\/span>\r\n                                                                                            <\/a>\r\n                                                                            <\/div>\r\n                                                            <\/div>\r\n                                            <\/div>\r\n                                    <\/div>\r\n    \n\n                        <div class=\"pdt-40 pdb-40 pdt-20lg pdb-20lg pdt-30md pdb-30md \"\r\n            id=\"01\">\r\n                                                                        <div class=\"wrapper2 mgt-60\">\r\n                        <h2 class=\"title_h3 text_center_mdm\">T\u011bhotensk\u00e9 kurzy a p\u0159edn\u00e1\u0161ky<\/h2>\r\n                                                                            <div class=\"grid small-space mgt-5\">\r\n                                                                    <div class=\"col2 col1_mdm dflex offset anim_delay anim_drop1 observe\">\r\n                                                                                                                                                                                                                                                        <a href=\"https:\/\/apolinar.capta.cz\/sluzby\/kurz-predporodni-pripravy\/\"\r\n                                               class=\"btn_big bg3 text_s18 w100p\">\r\n                                                                                                    <svg class=\"btn_big_arrow sico\">\r\n                                                        <use href=\"https:\/\/apolinar.capta.cz\/wp-content\/themes\/apolinar\/assets\/layout\/icons.svg#s_ar2_r\"\/>\r\n                                                    <\/svg>\r\n                                                    <span> Kurz p\u0159edporodn\u00ed p\u0159\u00edpravy<\/span>\r\n                                                                                            <\/a>\r\n                                                                            <\/div>\r\n                                                                    <div class=\"col2 col1_mdm dflex offset anim_delay anim_drop1 observe\">\r\n                                                                                                                                                                                                                                                        <a href=\"https:\/\/apolinar.capta.cz\/sluzby\/nezna-cesta-aneb-jak-pripravit-porodni-cesty\/\"\r\n                                               class=\"btn_big bg3 text_s18 w100p\">\r\n                                                                                                    <svg class=\"btn_big_arrow sico\">\r\n                                                        <use href=\"https:\/\/apolinar.capta.cz\/wp-content\/themes\/apolinar\/assets\/layout\/icons.svg#s_ar2_r\"\/>\r\n                                                    <\/svg>\r\n                                                    <span> N\u011b\u017en\u00e1 cesta aneb jak p\u0159ipravit porodn\u00ed cesty<\/span>\r\n                                                                                            <\/a>\r\n                                                                            <\/div>\r\n                                                                    <div class=\"col2 col1_mdm dflex offset anim_delay anim_drop1 observe\">\r\n                                                                                                                                                                                                                                                        <a href=\"https:\/\/apolinar.capta.cz\/sluzby\/prvni-pomoc-pro-novorozence\/\"\r\n                                               class=\"btn_big bg3 text_s18 w100p\">\r\n                                                                                                    <svg class=\"btn_big_arrow sico\">\r\n                                                        <use href=\"https:\/\/apolinar.capta.cz\/wp-content\/themes\/apolinar\/assets\/layout\/icons.svg#s_ar2_r\"\/>\r\n                                                    <\/svg>\r\n                                                    <span> Prvn\u00ed pomoc pro novorozence<\/span>\r\n                                                                                            <\/a>\r\n                                                                            <\/div>\r\n                                                                    <div class=\"col2 col1_mdm dflex offset anim_delay anim_drop1 observe\">\r\n                                                                                                                                                                                                                                                        <a href=\"https:\/\/apolinar.capta.cz\/sluzby\/pece-o-miminko-po-porodu\/\"\r\n                                               class=\"btn_big bg3 text_s18 w100p\">\r\n                                                                                                    <svg class=\"btn_big_arrow sico\">\r\n                                                        <use href=\"https:\/\/apolinar.capta.cz\/wp-content\/themes\/apolinar\/assets\/layout\/icons.svg#s_ar2_r\"\/>\r\n                                                    <\/svg>\r\n                                                    <span> P\u00e9\u010de o miminko po porodu<\/span>\r\n                                                                                            <\/a>\r\n                                                                            <\/div>\r\n                                                                    <div class=\"col2 col1_mdm dflex offset anim_delay anim_drop1 observe\">\r\n                                                                                                                                                                                                                                                        <a href=\"https:\/\/apolinar.capta.cz\/sluzby\/kurz-kojeni\/\"\r\n                                               class=\"btn_big bg3 text_s18 w100p\">\r\n                                                                                                    <svg class=\"btn_big_arrow sico\">\r\n                                                        <use href=\"https:\/\/apolinar.capta.cz\/wp-content\/themes\/apolinar\/assets\/layout\/icons.svg#s_ar2_r\"\/>\r\n                                                    <\/svg>\r\n                                                    <span> Kurz kojen\u00ed<\/span>\r\n                                                                                            <\/a>\r\n                                                                            <\/div>\r\n                                                            <\/div>\r\n                                            <\/div>\r\n                                    <\/div>\r\n    \n\n                        <div class=\"pdt-40 pdb-40 pdt-20lg pdb-20lg pdt-30md pdb-30md \"\r\n            id=\"02\">\r\n                                                                        <div class=\"wrapper2 mgt-60\">\r\n                        <h2 class=\"title_h3 text_center_mdm\">Cvi\u010den\u00ed<\/h2>\r\n                                                                            <div class=\"grid small-space mgt-5\">\r\n                                                                    <div class=\"col2 col1_mdm dflex offset anim_delay anim_drop1 observe\">\r\n                                                                                                                                                                                                                                                        <a href=\"https:\/\/apolinar.capta.cz\/sluzby\/cviceni-pro-tehotne\/\"\r\n                                               class=\"btn_big bg3 text_s18 w100p\">\r\n                                                                                                    <svg class=\"btn_big_arrow sico\">\r\n                                                        <use href=\"https:\/\/apolinar.capta.cz\/wp-content\/themes\/apolinar\/assets\/layout\/icons.svg#s_ar2_r\"\/>\r\n                                                    <\/svg>\r\n                                                    <span> Cvi\u010den\u00ed pro t\u011bhotn\u00e9<\/span>\r\n                                                                                            <\/a>\r\n                                                                            <\/div>\r\n                                                            <\/div>\r\n                                            <\/div>\r\n                                    <\/div>\r\n    \n\n\n\n\n\n","protected":false},"excerpt":{"rendered":"","protected":false},"author":1,"featured_media":0,"parent":0,"menu_order":0,"comment_status":"closed","ping_status":"closed","template":"","meta":{"_acf_changed":false,"footnotes":""},"class_list":["post-4521","page","type-page","status-publish","hentry"],"acf":[],"yoast_head":"<!-- This site is optimized with the Yoast SEO plugin v25.5 - https:\/\/yoast.com\/wordpress\/plugins\/seo\/ -->\n<title>Apolin\u00e1\u0159sk\u00e9 kurzy a jin\u00e9 slu\u017eby - Porodnice U Apolin\u00e1\u0159e<\/title>\n<meta name=\"robots\" content=\"noindex, follow, max-snippet:-1, max-image-preview:large, max-video-preview:-1\" \/>\n<meta property=\"og:locale\" content=\"en_US\" \/>\n<meta property=\"og:type\" content=\"article\" \/>\n<meta property=\"og:title\" content=\"Apolin\u00e1\u0159sk\u00e9 kurzy a jin\u00e9 slu\u017eby - Porodnice U Apolin\u00e1\u0159e\" \/>\n<meta property=\"og:url\" content=\"https:\/\/apolinar.capta.cz\/en\/apolinarske-kurzy-a-jine-sluzby\/\" \/>\n<meta property=\"og:site_name\" content=\"Porodnice U Apolin\u00e1\u0159e\" \/>\n<meta name=\"twitter:card\" content=\"summary_large_image\" \/>\n<script type=\"application\/ld+json\" class=\"yoast-schema-graph\">{\"@context\":\"https:\/\/schema.org\",\"@graph\":[{\"@type\":\"WebPage\",\"@id\":\"https:\/\/apolinar.capta.cz\/en\/apolinarske-kurzy-a-jine-sluzby\/\",\"url\":\"https:\/\/apolinar.capta.cz\/en\/apolinarske-kurzy-a-jine-sluzby\/\",\"name\":\"Apolin\u00e1\u0159sk\u00e9 kurzy a jin\u00e9 slu\u017eby - Porodnice U Apolin\u00e1\u0159e\",\"isPartOf\":{\"@id\":\"https:\/\/apolinar.capta.cz\/en\/#website\"},\"datePublished\":\"2023-09-25T15:04:48+00:00\",\"breadcrumb\":{\"@id\":\"https:\/\/apolinar.capta.cz\/en\/apolinarske-kurzy-a-jine-sluzby\/#breadcrumb\"},\"inLanguage\":\"en-US\",\"potentialAction\":[{\"@type\":\"ReadAction\",\"target\":[\"https:\/\/apolinar.capta.cz\/en\/apolinarske-kurzy-a-jine-sluzby\/\"]}]},{\"@type\":\"BreadcrumbList\",\"@id\":\"https:\/\/apolinar.capta.cz\/en\/apolinarske-kurzy-a-jine-sluzby\/#breadcrumb\",\"itemListElement\":[{\"@type\":\"ListItem\",\"position\":1,\"name\":\"Dom\u016f\",\"item\":\"https:\/\/apolinar.capta.cz\/en\/\"},{\"@type\":\"ListItem\",\"position\":2,\"name\":\"Apolin\u00e1\u0159sk\u00e9 kurzy a jin\u00e9 slu\u017eby\"}]},{\"@type\":\"WebSite\",\"@id\":\"https:\/\/apolinar.capta.cz\/en\/#website\",\"url\":\"https:\/\/apolinar.capta.cz\/en\/\",\"name\":\"Porodnice U Apolin\u00e1\u0159e\",\"description\":\"Klinika gynekologie, porodnictv\u00ed a neonatologie 1. LF UK a VFN v Praze\",\"potentialAction\":[{\"@type\":\"SearchAction\",\"target\":{\"@type\":\"EntryPoint\",\"urlTemplate\":\"https:\/\/apolinar.capta.cz\/en\/?s={search_term_string}\"},\"query-input\":{\"@type\":\"PropertyValueSpecification\",\"valueRequired\":true,\"valueName\":\"search_term_string\"}}],\"inLanguage\":\"en-US\"}]}<\/script>\n<!-- \/ Yoast SEO plugin. -->","yoast_head_json":{"title":"Apolin\u00e1\u0159sk\u00e9 kurzy a jin\u00e9 slu\u017eby - Porodnice U Apolin\u00e1\u0159e","robots":{"index":"noindex","follow":"follow","max-snippet":"max-snippet:-1","max-image-preview":"max-image-preview:large","max-video-preview":"max-video-preview:-1"},"og_locale":"en_US","og_type":"article","og_title":"Apolin\u00e1\u0159sk\u00e9 kurzy a jin\u00e9 slu\u017eby - Porodnice U Apolin\u00e1\u0159e","og_url":"https:\/\/apolinar.capta.cz\/en\/apolinarske-kurzy-a-jine-sluzby\/","og_site_name":"Porodnice U Apolin\u00e1\u0159e","twitter_card":"summary_large_image","schema":{"@context":"https:\/\/schema.org","@graph":[{"@type":"WebPage","@id":"https:\/\/apolinar.capta.cz\/en\/apolinarske-kurzy-a-jine-sluzby\/","url":"https:\/\/apolinar.capta.cz\/en\/apolinarske-kurzy-a-jine-sluzby\/","name":"Apolin\u00e1\u0159sk\u00e9 kurzy a jin\u00e9 slu\u017eby - Porodnice U Apolin\u00e1\u0159e","isPartOf":{"@id":"https:\/\/apolinar.capta.cz\/en\/#website"},"datePublished":"2023-09-25T15:04:48+00:00","breadcrumb":{"@id":"https:\/\/apolinar.capta.cz\/en\/apolinarske-kurzy-a-jine-sluzby\/#breadcrumb"},"inLanguage":"en-US","potentialAction":[{"@type":"ReadAction","target":["https:\/\/apolinar.capta.cz\/en\/apolinarske-kurzy-a-jine-sluzby\/"]}]},{"@type":"BreadcrumbList","@id":"https:\/\/apolinar.capta.cz\/en\/apolinarske-kurzy-a-jine-sluzby\/#breadcrumb","itemListElement":[{"@type":"ListItem","position":1,"name":"Dom\u016f","item":"https:\/\/apolinar.capta.cz\/en\/"},{"@type":"ListItem","position":2,"name":"Apolin\u00e1\u0159sk\u00e9 kurzy a jin\u00e9 slu\u017eby"}]},{"@type":"WebSite","@id":"https:\/\/apolinar.capta.cz\/en\/#website","url":"https:\/\/apolinar.capta.cz\/en\/","name":"Porodnice U Apolin\u00e1\u0159e","description":"Klinika gynekologie, porodnictv\u00ed a neonatologie 1. LF UK a VFN v Praze","potentialAction":[{"@type":"SearchAction","target":{"@type":"EntryPoint","urlTemplate":"https:\/\/apolinar.capta.cz\/en\/?s={search_term_string}"},"query-input":{"@type":"PropertyValueSpecification","valueRequired":true,"valueName":"search_term_string"}}],"inLanguage":"en-US"}]}},"_links":{"self":[{"href":"https:\/\/apolinar.capta.cz\/en\/wp-json\/wp\/v2\/pages\/4521","targetHints":{"allow":["GET"]}}],"collection":[{"href":"https:\/\/apolinar.capta.cz\/en\/wp-json\/wp\/v2\/pages"}],"about":[{"href":"https:\/\/apolinar.capta.cz\/en\/wp-json\/wp\/v2\/types\/page"}],"author":[{"embeddable":true,"href":"https:\/\/apolinar.capta.cz\/en\/wp-json\/wp\/v2\/users\/1"}],"replies":[{"embeddable":true,"href":"https:\/\/apolinar.capta.cz\/en\/wp-json\/wp\/v2\/comments?post=4521"}],"version-history":[{"count":0,"href":"https:\/\/apolinar.capta.cz\/en\/wp-json\/wp\/v2\/pages\/4521\/revisions"}],"wp:attachment":[{"href":"https:\/\/apolinar.capta.cz\/en\/wp-json\/wp\/v2\/media?parent=4521"}],"curies":[{"name":"wp","href":"https:\/\/api.w.org\/{rel}","templated":true}]}}