{"id":4794,"date":"2023-10-08T15:04:48","date_gmt":"2023-10-08T13:04:48","guid":{"rendered":"https:\/\/apolinar.eu\/?page_id=4794"},"modified":"2023-10-08T15:04:48","modified_gmt":"2023-10-08T13:04:48","slug":"psychosocialni-podpora-rodin","status":"publish","type":"page","link":"https:\/\/apolinar.capta.cz\/en\/neonatologie\/psychosocialni-podpora-rodin\/","title":{"rendered":"Psychosoci\u00e1ln\u00ed podpora rodin"},"content":{"rendered":"        <section\r\n            class=\"pdt-80 pdb-40 \"\r\n        >\r\n        <div class=\"wrapper2\">\r\n                            <div class=\"text_block observe anim_drop1 anim_delay\">\r\n                    <h1 class=\"title_h2 \">Psychosoci\u00e1ln\u00ed podpora rodin<\/h1>                                                                                            <h2 class=\"title_h3 color2\">\r\n                                Dostali jste se narozen\u00edm nedono\u0161en\u00e9ho nebo nemocn\u00e9ho miminka do t\u00ed\u017eiv\u00e9 situace? Poci\u0165ujete bezmoc, nejistotu a strach o \u017eivot sv\u00e9ho miminka nebo o svoji budoucnost? Nejste v\u00a0tom sami, jsme p\u0159ipraveni V\u00e1m pom\u00e1hat\u2026                            <\/h2>\r\n                                                                <div class=\"page_content reset_margins\">\r\n                        <p><\/p>\r\n                    <\/div>\r\n                                    <\/div>\r\n                    <\/div>\r\n    <\/section>\r\n\n\n    <!-- ACCORD -->\r\n    <section\r\n            class=\"pdt-40 pdb-40 bg3\"\r\n        >\r\n        <div class=\"wrapper2 anim_delay anim_drop1 observe\">\r\n                                                    <div class=\"accord mgt-30\">\r\n                                            <!-- ITEM -->\r\n                        <div class=\"item_accord item\">\r\n                            <a href=\"#\" role=\"button\" class=\"item_accord_head head\">\r\n                                <h3 class=\"item_accord_title\">Centrum prov\u00e1zen\u00ed<\/h3>\r\n                                <div class=\"item_accord_arrow\">\r\n                                    <svg class=\"sicofill\">\r\n                                        <use href=\"https:\/\/apolinar.capta.cz\/wp-content\/themes\/apolinar\/assets\/layout\/icons.svg#s_ar2_d\"\/>\r\n                                    <\/svg>\r\n                                <\/div>\r\n                            <\/a>\r\n                            <div class=\"expand\">\r\n                                <div class=\"item_accord_inner page_content reset_margins\">\r\n                                                                                                                                                        <p>Nab\u00edz\u00edme podporu rodin\u00e1m d\u011btsk\u00fdch pacient\u016f. Jde p\u0159edev\u0161\u00edm o d\u011bti se vz\u00e1cn\u00fdm onemocn\u011bn\u00edm, s t\u011b\u017ek\u00fdm zdravotn\u00edm posti\u017een\u00edm, z\u00e1va\u017en\u00fdm onemocn\u011bn\u00edm anebo narozen\u00e9 p\u0159ed\u010dasn\u011b \u010di narozen\u00e9 s n\u00edzkou nebo extr\u00e9mn\u011b n\u00edzkou porodn\u00ed hmotnost\u00ed. Prov\u00e1z\u00edme je\u00a0nejen\u00a0v prvn\u00edch f\u00e1z\u00edch vyrovn\u00e1v\u00e1n\u00ed se s novou skute\u010dnost\u00ed, ale n\u00e1sledn\u011b i po cel\u00fd pobyt v nemocnici. Podporu nab\u00edz\u00edme i po propu\u0161t\u011bn\u00ed do dom\u00e1c\u00ed p\u00e9\u010de, p\u0159i n\u00e1v\u0161t\u011bv\u00e1ch CKP nebo p\u0159i pozd\u011bj\u0161\u00edch hospitalizac\u00edch.<\/p>\n<p><strong>KONTAKT: \u00a0 \u00a0<\/strong><\/p>\n<div>Mgr. \u0160\u00e1rka Kopkov\u00e1 Dis.<\/div>\n<div><span data-olk-copy-source=\"MessageBody\">+420 224 967 815<\/span><\/div>\n<div>+420 724 130 184<\/div>\n<div><a href=\"mailto:sarka.kopkova@vfn.cz\">sarka.kopkova@vfn.cz<\/a><\/div>\n<div>Po-P\u00e1: 8:30 -15:00<\/div>\n<p><a href=\"https:\/\/centrumprovazeni.cz\" target=\"_blank\" rel=\"noopener\">V\u00edce informac\u00ed<\/a><\/p>\n                                                                    <\/div>\r\n                            <\/div>\r\n                        <\/div>\r\n                                            <!-- ITEM -->\r\n                        <div class=\"item_accord item\">\r\n                            <a href=\"#\" role=\"button\" class=\"item_accord_head head\">\r\n                                <h3 class=\"item_accord_title\">Ambulance klinick\u00e9 psychologie<\/h3>\r\n                                <div class=\"item_accord_arrow\">\r\n                                    <svg class=\"sicofill\">\r\n                                        <use href=\"https:\/\/apolinar.capta.cz\/wp-content\/themes\/apolinar\/assets\/layout\/icons.svg#s_ar2_d\"\/>\r\n                                    <\/svg>\r\n                                <\/div>\r\n                            <\/a>\r\n                            <div class=\"expand\">\r\n                                <div class=\"item_accord_inner page_content reset_margins\">\r\n                                                                                                                                                        <p>V r\u00e1mci neonatologick\u00e9 \u010d\u00e1sti kliniky poskytuje krizovou intervenci, psychologickou p\u00e9\u010di, psychoterapii a podporu zejm\u00e9na pacientk\u00e1m po p\u0159ed\u010dasn\u00e9m porodu \u010di s komplikacemi po porodu. Dal\u0161\u00ed oblast\u00ed psychologick\u00e9 p\u00e9\u010de je zhor\u0161en\u00e1 adaptace na mate\u0159stv\u00ed, negativn\u00ed pro\u017e\u00edv\u00e1n\u00ed dlouhodob\u00e9 hospitalizace pacientky i d\u00edt\u011bte, adaptace na z\u00e1va\u017en\u00e9 onemocn\u011bn\u00ed d\u00edt\u011bte.<\/p>\n<p><strong>KONTAKT:<\/strong><\/p>\n<p>PhDr. \u0160\u00e1rka Slab\u00e1, Ph.D.<br \/>\n+420\u00a0224\u00a0967\u00a0430<br \/>\n<strong>Pro sjedn\u00e1n\u00ed term\u00ednu se obra\u0165te na o\u0161et\u0159uj\u00edc\u00edho l\u00e9ka\u0159e<\/strong><br \/>\n<span style=\"text-decoration: underline;\">K\u00a0dispozici:<\/span> ambulance v p\u0159\u00edzem\u00ed kliniky vlevo<\/p>\n                                                                    <\/div>\r\n                            <\/div>\r\n                        <\/div>\r\n                                            <!-- ITEM -->\r\n                        <div class=\"item_accord item\">\r\n                            <a href=\"#\" role=\"button\" class=\"item_accord_head head\">\r\n                                <h3 class=\"item_accord_title\">Nedoklubko<\/h3>\r\n                                <div class=\"item_accord_arrow\">\r\n                                    <svg class=\"sicofill\">\r\n                                        <use href=\"https:\/\/apolinar.capta.cz\/wp-content\/themes\/apolinar\/assets\/layout\/icons.svg#s_ar2_d\"\/>\r\n                                    <\/svg>\r\n                                <\/div>\r\n                            <\/a>\r\n                            <div class=\"expand\">\r\n                                <div class=\"item_accord_inner page_content reset_margins\">\r\n                                                                                                                                                        <p>Jsme nest\u00e1tn\u00ed neziskov\u00e1 organizace podporuj\u00edc\u00ed rodi\u010de p\u0159ed\u010dasn\u011b narozen\u00fdch d\u011bt\u00ed a neonatologick\u00e1 odd\u011blen\u00ed v \u010cR. Pom\u00e1h\u00e1me rodin\u00e1m po p\u0159ed\u010dasn\u00e9m porodu. Sd\u00edl\u00edme rady a informace, p\u0159\u00edb\u011bhy a zku\u0161enosti. Pod\u00edl\u00edme se na odborn\u00e9m v\u00fdzkumu p\u0159\u00ed\u010din a prevence p\u0159ed\u010dasn\u00e9ho porodu.<\/p>\n<p><strong>KONTAKT:<\/strong><\/p>\n<p>Andrea Dohnalov\u00e1<br \/>\n<a href=\"mailto:dohnalova@nedoklubko.cz\">dohnalova@nedoklubko.cz<\/a><br \/>\n+420 603 844\u00a0127<\/p>\n<p>Mark\u00e9ta \u0158eho\u0159ov\u00e1<br \/>\n<a href=\"mailto:rehorova@nedoklubko.cz\">rehorova@nedoklubko.cz<\/a><br \/>\n+420 777 162 938<\/p>\n<p><a href=\"https:\/\/www.nedoklubko.cz\" target=\"_blank\" rel=\"noopener\">V\u00edce informac\u00ed<\/a><\/p>\n                                                                    <\/div>\r\n                            <\/div>\r\n                        <\/div>\r\n                                            <!-- ITEM -->\r\n                        <div class=\"item_accord item\">\r\n                            <a href=\"#\" role=\"button\" class=\"item_accord_head head\">\r\n                                <h3 class=\"item_accord_title\">Zdravotn\u011b soci\u00e1ln\u00ed pracovn\u00edk<\/h3>\r\n                                <div class=\"item_accord_arrow\">\r\n                                    <svg class=\"sicofill\">\r\n                                        <use href=\"https:\/\/apolinar.capta.cz\/wp-content\/themes\/apolinar\/assets\/layout\/icons.svg#s_ar2_d\"\/>\r\n                                    <\/svg>\r\n                                <\/div>\r\n                            <\/a>\r\n                            <div class=\"expand\">\r\n                                <div class=\"item_accord_inner page_content reset_margins\">\r\n                                                                                                                                                        <p>Poskytujeme informace t\u00fdkaj\u00edc\u00ed se d\u00e1vek soci\u00e1ln\u00edho syst\u00e9mu (pen\u011b\u017eit\u00e1 pomoc v mate\u0159stv\u00ed, rodi\u010dovsk\u00fd p\u0159\u00edsp\u011bvek, porodn\u00e9, otcovsk\u00e1 dovolen\u00e1, p\u0159\u00eddavek na d\u00edt\u011b aj.). Zaji\u0161tujeme soci\u00e1ln\u00ed podporu a pomoci p\u0159i \u0159e\u0161en\u00ed nep\u0159\u00edzniv\u00e9 finan\u010dn\u00ed a existen\u010dn\u00ed situace maminek (hmotn\u00e1 nouze). Spolupracujeme s odd\u011blen\u00edmi soci\u00e1ln\u011b pr\u00e1vn\u00ed ochrany d\u00edt\u011bte.<\/p>\n<p><strong>KONTAKT:<\/strong><\/p>\n<p>Bc. Lucie M\u00fcllerov\u00e1<br \/>\n+420 224 964\u00a0129<br \/>\n<a href=\"mailto:lucie.mullerova@vfn.cz\">lucie.mullerova@vfn.cz<\/a><br \/>\n<strong>Doba konzultac\u00ed<\/strong> \u2013 Po-P\u00e1, 8:00-14:00,<br \/>\n<span style=\"text-decoration: underline;\">K\u00a0dispozici:<\/span> bu\u010f na odd\u011blen\u00ed kliniky, nebo v kancel\u00e1\u0159i &#8211; Na Boji\u0161ti 1 (3.patro)<\/p>\n                                                                    <\/div>\r\n                            <\/div>\r\n                        <\/div>\r\n                                            <!-- ITEM -->\r\n                        <div class=\"item_accord item\">\r\n                            <a href=\"#\" role=\"button\" class=\"item_accord_head head\">\r\n                                <h3 class=\"item_accord_title\">Paliativn\u00ed p\u00e9\u010de<\/h3>\r\n                                <div class=\"item_accord_arrow\">\r\n                                    <svg class=\"sicofill\">\r\n                                        <use href=\"https:\/\/apolinar.capta.cz\/wp-content\/themes\/apolinar\/assets\/layout\/icons.svg#s_ar2_d\"\/>\r\n                                    <\/svg>\r\n                                <\/div>\r\n                            <\/a>\r\n                            <div class=\"expand\">\r\n                                <div class=\"item_accord_inner page_content reset_margins\">\r\n                                                                                                                                                        <p>Klinika paliativn\u00ed medic\u00edny (KPM) poskytuje specializovanou paliativn\u00ed p\u00e9\u010di pro pacienty VFN a jejich bl\u00edzk\u00e9. Moment\u00e1ln\u011b m\u00e1 t\u00fdm zhruba 20 lid\u00ed \u2014 l\u00e9ka\u0159e, psychology, zdravotn\u00ed sestry, soci\u00e1ln\u00ed pracovn\u00edky a kaplany. Ve spolupr\u00e1ci s KGPN nab\u00edz\u00ed pacientk\u00e1m a jejich rodin\u00e1m podp\u016frnou p\u00e9\u010di a odborn\u00e9 konsili\u00e1rn\u00ed poradenstv\u00ed v komplikovan\u00fdch situac\u00edch spojen\u00fdch s t\u011bhotenstv\u00edm, porodem anebo s p\u00e9\u010d\u00ed o z\u00e1va\u017en\u011b nemocn\u00e9 novorozence.<\/p>\n<p><strong>KONTAKT:<\/strong><\/p>\n<p>Klinika paliativn\u00ed medic\u00edny, Karlovo n\u00e1m. 32, 128 08 Praha 2 (Fakultn\u00ed poliklinika, budova C1, 1. patro),<br \/>\ntel: +420 601 102 816<\/p>\n<p><a href=\"https:\/\/www.vfn.cz\/pacienti\/kliniky-ustavy\/klinika-paliativni-mediciny\/\" target=\"_blank\" rel=\"noopener\">V\u00edce informac\u00ed<\/a><\/p>\n                                                                    <\/div>\r\n                            <\/div>\r\n                        <\/div>\r\n                                    <\/div>\r\n                    <\/div>\r\n    <\/section>\r\n\n\n    <!-- BLOK K -->\r\n    <section\r\n            class=\"pdt-80 pdb-80 \"\r\n        >\r\n        <div class=\"wrapper2\">\r\n                                                                                            <div class=\"grid small-space\">\r\n                                                                                <!-- ITEM 1 -->\r\n                            <div class=\"col2 col1_mdm bg3 radius10 pd-35 pd-25md observe anim_drop1 anim_delay dflex flex-dir-column offset_dist\">\r\n                                <div class=\"text_block w100p mgb-auto\">\r\n                                    <h3 class=\"title_h3\">CENTRUM INFORMAC\u00cd PRO PACIENTKY<\/h3>\r\n                                                                                                                <div class=\"page_content reset_margins\">\r\n                                            <p>Nedoklubko<\/p>\r\n                                        <\/div>\r\n                                                                    <\/div>\r\n                                <div class=\"pdt-20 w100p\">\r\n                                    <div class=\"grid small-space\">\r\n                                        <div class=\"col_default offset_half\">\r\n                                            <a href=\"#\"\r\n                                               title=\"CENTRUM INFORMAC\u00cd PRO PACIENTKY\"\r\n                                               target=\"_blank\"\r\n                                               class=\"btn_basic\">\r\n                                                Zobrazit                                            <\/a>\r\n                                        <\/div>\r\n                                        <div class=\"col_default offset_half\">\r\n                                            <a href=\"#\"\r\n                                               title=\"CENTRUM INFORMAC\u00cd PRO PACIENTKY\"\r\n                                               download\r\n                                               class=\"btn_basic border\">\r\n                                                St\u00e1hnout                                            <\/a>\r\n                                        <\/div>\r\n                                    <\/div>\r\n                                <\/div>\r\n                            <\/div>\r\n                                                                                <!-- ITEM 1 -->\r\n                            <div class=\"col2 col1_mdm bg3 radius10 pd-35 pd-25md observe anim_drop1 anim_delay dflex flex-dir-column offset_dist\">\r\n                                <div class=\"text_block w100p mgb-auto\">\r\n                                    <h3 class=\"title_h3\">PROSTOR PRO V\u00c1S<\/h3>\r\n                                                                                                                <div class=\"page_content reset_margins\">\r\n                                            <p>Maminky p\u0159ed\u010dasn\u011b narozen\u00fdch d\u011bt\u00ed.<\/p>\r\n                                        <\/div>\r\n                                                                    <\/div>\r\n                                <div class=\"pdt-20 w100p\">\r\n                                    <div class=\"grid small-space\">\r\n                                        <div class=\"col_default offset_half\">\r\n                                            <a href=\"#\"\r\n                                               title=\"PROSTOR PRO V\u00c1S\"\r\n                                               target=\"_blank\"\r\n                                               class=\"btn_basic\">\r\n                                                Zobrazit                                            <\/a>\r\n                                        <\/div>\r\n                                        <div class=\"col_default offset_half\">\r\n                                            <a href=\"#\"\r\n                                               title=\"PROSTOR PRO V\u00c1S\"\r\n                                               download\r\n                                               class=\"btn_basic border\">\r\n                                                St\u00e1hnout                                            <\/a>\r\n                                        <\/div>\r\n                                    <\/div>\r\n                                <\/div>\r\n                            <\/div>\r\n                                            <\/div>\r\n                                    <\/div>\r\n    <\/section>\r\n","protected":false},"excerpt":{"rendered":"","protected":false},"author":6,"featured_media":0,"parent":4003,"menu_order":0,"comment_status":"closed","ping_status":"closed","template":"","meta":{"_acf_changed":false,"footnotes":""},"class_list":["post-4794","page","type-page","status-publish","hentry"],"acf":[],"yoast_head":"<!-- This site is optimized with the Yoast SEO plugin v25.5 - https:\/\/yoast.com\/wordpress\/plugins\/seo\/ -->\n<title>Psychosoci\u00e1ln\u00ed podpora rodin - Porodnice U Apolin\u00e1\u0159e<\/title>\n<meta name=\"robots\" content=\"noindex, follow, max-snippet:-1, max-image-preview:large, max-video-preview:-1\" \/>\n<meta property=\"og:locale\" content=\"en_US\" \/>\n<meta property=\"og:type\" content=\"article\" \/>\n<meta property=\"og:title\" content=\"Psychosoci\u00e1ln\u00ed podpora rodin - Porodnice U Apolin\u00e1\u0159e\" \/>\n<meta property=\"og:url\" content=\"https:\/\/apolinar.capta.cz\/en\/neonatologie\/psychosocialni-podpora-rodin\/\" \/>\n<meta property=\"og:site_name\" content=\"Porodnice U Apolin\u00e1\u0159e\" \/>\n<meta name=\"twitter:card\" content=\"summary_large_image\" \/>\n<script type=\"application\/ld+json\" class=\"yoast-schema-graph\">{\"@context\":\"https:\/\/schema.org\",\"@graph\":[{\"@type\":\"WebPage\",\"@id\":\"https:\/\/apolinar.capta.cz\/en\/neonatologie\/psychosocialni-podpora-rodin\/\",\"url\":\"https:\/\/apolinar.capta.cz\/en\/neonatologie\/psychosocialni-podpora-rodin\/\",\"name\":\"Psychosoci\u00e1ln\u00ed podpora rodin - Porodnice U Apolin\u00e1\u0159e\",\"isPartOf\":{\"@id\":\"https:\/\/apolinar.capta.cz\/en\/#website\"},\"datePublished\":\"2023-10-08T13:04:48+00:00\",\"breadcrumb\":{\"@id\":\"https:\/\/apolinar.capta.cz\/en\/neonatologie\/psychosocialni-podpora-rodin\/#breadcrumb\"},\"inLanguage\":\"en-US\",\"potentialAction\":[{\"@type\":\"ReadAction\",\"target\":[\"https:\/\/apolinar.capta.cz\/en\/neonatologie\/psychosocialni-podpora-rodin\/\"]}]},{\"@type\":\"BreadcrumbList\",\"@id\":\"https:\/\/apolinar.capta.cz\/en\/neonatologie\/psychosocialni-podpora-rodin\/#breadcrumb\",\"itemListElement\":[{\"@type\":\"ListItem\",\"position\":1,\"name\":\"Dom\u016f\",\"item\":\"https:\/\/apolinar.capta.cz\/en\/\"},{\"@type\":\"ListItem\",\"position\":2,\"name\":\"Neonatologie\",\"item\":\"https:\/\/apolinar.capta.cz\/en\/neonatologie\/\"},{\"@type\":\"ListItem\",\"position\":3,\"name\":\"Psychosoci\u00e1ln\u00ed podpora rodin\"}]},{\"@type\":\"WebSite\",\"@id\":\"https:\/\/apolinar.capta.cz\/en\/#website\",\"url\":\"https:\/\/apolinar.capta.cz\/en\/\",\"name\":\"Porodnice U Apolin\u00e1\u0159e\",\"description\":\"Klinika gynekologie, porodnictv\u00ed a neonatologie 1. LF UK a VFN v Praze\",\"potentialAction\":[{\"@type\":\"SearchAction\",\"target\":{\"@type\":\"EntryPoint\",\"urlTemplate\":\"https:\/\/apolinar.capta.cz\/en\/?s={search_term_string}\"},\"query-input\":{\"@type\":\"PropertyValueSpecification\",\"valueRequired\":true,\"valueName\":\"search_term_string\"}}],\"inLanguage\":\"en-US\"}]}<\/script>\n<!-- \/ Yoast SEO plugin. -->","yoast_head_json":{"title":"Psychosoci\u00e1ln\u00ed podpora rodin - Porodnice U Apolin\u00e1\u0159e","robots":{"index":"noindex","follow":"follow","max-snippet":"max-snippet:-1","max-image-preview":"max-image-preview:large","max-video-preview":"max-video-preview:-1"},"og_locale":"en_US","og_type":"article","og_title":"Psychosoci\u00e1ln\u00ed podpora rodin - Porodnice U Apolin\u00e1\u0159e","og_url":"https:\/\/apolinar.capta.cz\/en\/neonatologie\/psychosocialni-podpora-rodin\/","og_site_name":"Porodnice U Apolin\u00e1\u0159e","twitter_card":"summary_large_image","schema":{"@context":"https:\/\/schema.org","@graph":[{"@type":"WebPage","@id":"https:\/\/apolinar.capta.cz\/en\/neonatologie\/psychosocialni-podpora-rodin\/","url":"https:\/\/apolinar.capta.cz\/en\/neonatologie\/psychosocialni-podpora-rodin\/","name":"Psychosoci\u00e1ln\u00ed podpora rodin - Porodnice U Apolin\u00e1\u0159e","isPartOf":{"@id":"https:\/\/apolinar.capta.cz\/en\/#website"},"datePublished":"2023-10-08T13:04:48+00:00","breadcrumb":{"@id":"https:\/\/apolinar.capta.cz\/en\/neonatologie\/psychosocialni-podpora-rodin\/#breadcrumb"},"inLanguage":"en-US","potentialAction":[{"@type":"ReadAction","target":["https:\/\/apolinar.capta.cz\/en\/neonatologie\/psychosocialni-podpora-rodin\/"]}]},{"@type":"BreadcrumbList","@id":"https:\/\/apolinar.capta.cz\/en\/neonatologie\/psychosocialni-podpora-rodin\/#breadcrumb","itemListElement":[{"@type":"ListItem","position":1,"name":"Dom\u016f","item":"https:\/\/apolinar.capta.cz\/en\/"},{"@type":"ListItem","position":2,"name":"Neonatologie","item":"https:\/\/apolinar.capta.cz\/en\/neonatologie\/"},{"@type":"ListItem","position":3,"name":"Psychosoci\u00e1ln\u00ed podpora rodin"}]},{"@type":"WebSite","@id":"https:\/\/apolinar.capta.cz\/en\/#website","url":"https:\/\/apolinar.capta.cz\/en\/","name":"Porodnice U Apolin\u00e1\u0159e","description":"Klinika gynekologie, porodnictv\u00ed a neonatologie 1. LF UK a VFN v Praze","potentialAction":[{"@type":"SearchAction","target":{"@type":"EntryPoint","urlTemplate":"https:\/\/apolinar.capta.cz\/en\/?s={search_term_string}"},"query-input":{"@type":"PropertyValueSpecification","valueRequired":true,"valueName":"search_term_string"}}],"inLanguage":"en-US"}]}},"_links":{"self":[{"href":"https:\/\/apolinar.capta.cz\/en\/wp-json\/wp\/v2\/pages\/4794","targetHints":{"allow":["GET"]}}],"collection":[{"href":"https:\/\/apolinar.capta.cz\/en\/wp-json\/wp\/v2\/pages"}],"about":[{"href":"https:\/\/apolinar.capta.cz\/en\/wp-json\/wp\/v2\/types\/page"}],"author":[{"embeddable":true,"href":"https:\/\/apolinar.capta.cz\/en\/wp-json\/wp\/v2\/users\/6"}],"replies":[{"embeddable":true,"href":"https:\/\/apolinar.capta.cz\/en\/wp-json\/wp\/v2\/comments?post=4794"}],"version-history":[{"count":0,"href":"https:\/\/apolinar.capta.cz\/en\/wp-json\/wp\/v2\/pages\/4794\/revisions"}],"up":[{"embeddable":true,"href":"https:\/\/apolinar.capta.cz\/en\/wp-json\/wp\/v2\/pages\/4003"}],"wp:attachment":[{"href":"https:\/\/apolinar.capta.cz\/en\/wp-json\/wp\/v2\/media?parent=4794"}],"curies":[{"name":"wp","href":"https:\/\/api.w.org\/{rel}","templated":true}]}}