{"id":5706,"date":"2023-12-06T01:56:08","date_gmt":"2023-12-06T00:56:08","guid":{"rendered":"https:\/\/apolinar.eu\/?page_id=5706"},"modified":"2023-12-06T01:56:08","modified_gmt":"2023-12-06T00:56:08","slug":"kontakt-porodnice","status":"publish","type":"page","link":"https:\/\/apolinar.capta.cz\/en\/porodnice\/kontakt-porodnice\/","title":{"rendered":"Kontakt porodnice"},"content":{"rendered":"                <div class=\"pdt-80 pdb-80 pdt-60lg pdb-60lg \"\r\n            >\r\n            <div class=\"wrapper2\">\r\n                <div class=\"box_text\">\r\n                    <div class=\"grid align-center small-space\">\r\n                        <div class=\"box_text_text col2 col1_mdm observe anim_drop1 anim_delay\">\r\n                            <h1 class=\"title_h2 \">Kontaktujte n\u00e1s<\/h1>                            <div class=\"page_content reset_margins with_list_symbol mgt-35\">\r\n                                <ul>\n<li><strong>ZAVOLEJTE N\u00c1M (PO &#8211; \u010cT: 13:00 &#8211; 14:30, P\u00c1: 12:00 &#8211; 13:30)<\/strong><br \/>\n<a href=\"http:\/\/tel.:+420 224 967 401\">+420 224 967 401<\/a><\/li>\n<li><strong>NAPI\u0160TE N\u00c1M:<\/strong><br \/>\n<a href=\"mailto:tehotenska.ambulance@vfn.cz\">tehotenska.ambulance@vfn.cz<\/a><\/li>\n<\/ul>\n                            <\/div>\r\n                        <\/div>\r\n                        <div class=\"box_text_image hide_mdm col2\">\r\n                            <div class=\"item_decor observe anim_image1 anim_delay\">\r\n                                <div>\r\n                                    <svg class=\"sico color3 toanim_bg\">\r\n                                        <use href=\"https:\/\/apolinar.capta.cz\/wp-content\/themes\/apolinar\/assets\/layout\/icons.svg#s_ls\"\/>\r\n                                    <\/svg>\r\n                                                                                                                <div class=\"toanim_img\">\r\n                                            <img decoding=\"async\" src=\"https:\/\/apolinar.capta.cz\/wp-content\/uploads\/2023\/06\/l10.svg\" class=\"attachment-contact_image size-contact_image\" alt=\"\" \/>                                        <\/div>\r\n                                                                    <\/div>\r\n                            <\/div>\r\n                        <\/div>\r\n                    <\/div>\r\n                <\/div>\r\n            <\/div>\r\n        <\/div>\r\n    ","protected":false},"excerpt":{"rendered":"","protected":false},"author":6,"featured_media":0,"parent":3956,"menu_order":0,"comment_status":"closed","ping_status":"closed","template":"","meta":{"_acf_changed":false,"footnotes":""},"class_list":["post-5706","page","type-page","status-publish","hentry"],"acf":[],"yoast_head":"<!-- This site is optimized with the Yoast SEO plugin v25.5 - https:\/\/yoast.com\/wordpress\/plugins\/seo\/ -->\n<title>Kontakt porodnice - Porodnice U Apolin\u00e1\u0159e<\/title>\n<meta name=\"robots\" content=\"noindex, follow, max-snippet:-1, max-image-preview:large, max-video-preview:-1\" \/>\n<meta property=\"og:locale\" content=\"en_US\" \/>\n<meta property=\"og:type\" content=\"article\" \/>\n<meta property=\"og:title\" content=\"Kontakt porodnice - Porodnice U Apolin\u00e1\u0159e\" \/>\n<meta property=\"og:url\" content=\"https:\/\/apolinar.capta.cz\/en\/porodnice\/kontakt-porodnice\/\" \/>\n<meta property=\"og:site_name\" content=\"Porodnice U Apolin\u00e1\u0159e\" \/>\n<meta name=\"twitter:card\" content=\"summary_large_image\" \/>\n<script type=\"application\/ld+json\" class=\"yoast-schema-graph\">{\"@context\":\"https:\/\/schema.org\",\"@graph\":[{\"@type\":\"WebPage\",\"@id\":\"https:\/\/apolinar.capta.cz\/en\/porodnice\/kontakt-porodnice\/\",\"url\":\"https:\/\/apolinar.capta.cz\/en\/porodnice\/kontakt-porodnice\/\",\"name\":\"Kontakt porodnice - Porodnice U Apolin\u00e1\u0159e\",\"isPartOf\":{\"@id\":\"https:\/\/apolinar.capta.cz\/en\/#website\"},\"datePublished\":\"2023-12-06T00:56:08+00:00\",\"breadcrumb\":{\"@id\":\"https:\/\/apolinar.capta.cz\/en\/porodnice\/kontakt-porodnice\/#breadcrumb\"},\"inLanguage\":\"en-US\",\"potentialAction\":[{\"@type\":\"ReadAction\",\"target\":[\"https:\/\/apolinar.capta.cz\/en\/porodnice\/kontakt-porodnice\/\"]}]},{\"@type\":\"BreadcrumbList\",\"@id\":\"https:\/\/apolinar.capta.cz\/en\/porodnice\/kontakt-porodnice\/#breadcrumb\",\"itemListElement\":[{\"@type\":\"ListItem\",\"position\":1,\"name\":\"Dom\u016f\",\"item\":\"https:\/\/apolinar.capta.cz\/en\/\"},{\"@type\":\"ListItem\",\"position\":2,\"name\":\"Porodnice\",\"item\":\"https:\/\/apolinar.capta.cz\/en\/porodnice\/\"},{\"@type\":\"ListItem\",\"position\":3,\"name\":\"Kontakt porodnice\"}]},{\"@type\":\"WebSite\",\"@id\":\"https:\/\/apolinar.capta.cz\/en\/#website\",\"url\":\"https:\/\/apolinar.capta.cz\/en\/\",\"name\":\"Porodnice U Apolin\u00e1\u0159e\",\"description\":\"Klinika gynekologie, porodnictv\u00ed a neonatologie 1. LF UK a VFN v Praze\",\"potentialAction\":[{\"@type\":\"SearchAction\",\"target\":{\"@type\":\"EntryPoint\",\"urlTemplate\":\"https:\/\/apolinar.capta.cz\/en\/?s={search_term_string}\"},\"query-input\":{\"@type\":\"PropertyValueSpecification\",\"valueRequired\":true,\"valueName\":\"search_term_string\"}}],\"inLanguage\":\"en-US\"}]}<\/script>\n<!-- \/ Yoast SEO plugin. -->","yoast_head_json":{"title":"Kontakt porodnice - Porodnice U Apolin\u00e1\u0159e","robots":{"index":"noindex","follow":"follow","max-snippet":"max-snippet:-1","max-image-preview":"max-image-preview:large","max-video-preview":"max-video-preview:-1"},"og_locale":"en_US","og_type":"article","og_title":"Kontakt porodnice - Porodnice U Apolin\u00e1\u0159e","og_url":"https:\/\/apolinar.capta.cz\/en\/porodnice\/kontakt-porodnice\/","og_site_name":"Porodnice U Apolin\u00e1\u0159e","twitter_card":"summary_large_image","schema":{"@context":"https:\/\/schema.org","@graph":[{"@type":"WebPage","@id":"https:\/\/apolinar.capta.cz\/en\/porodnice\/kontakt-porodnice\/","url":"https:\/\/apolinar.capta.cz\/en\/porodnice\/kontakt-porodnice\/","name":"Kontakt porodnice - Porodnice U Apolin\u00e1\u0159e","isPartOf":{"@id":"https:\/\/apolinar.capta.cz\/en\/#website"},"datePublished":"2023-12-06T00:56:08+00:00","breadcrumb":{"@id":"https:\/\/apolinar.capta.cz\/en\/porodnice\/kontakt-porodnice\/#breadcrumb"},"inLanguage":"en-US","potentialAction":[{"@type":"ReadAction","target":["https:\/\/apolinar.capta.cz\/en\/porodnice\/kontakt-porodnice\/"]}]},{"@type":"BreadcrumbList","@id":"https:\/\/apolinar.capta.cz\/en\/porodnice\/kontakt-porodnice\/#breadcrumb","itemListElement":[{"@type":"ListItem","position":1,"name":"Dom\u016f","item":"https:\/\/apolinar.capta.cz\/en\/"},{"@type":"ListItem","position":2,"name":"Porodnice","item":"https:\/\/apolinar.capta.cz\/en\/porodnice\/"},{"@type":"ListItem","position":3,"name":"Kontakt porodnice"}]},{"@type":"WebSite","@id":"https:\/\/apolinar.capta.cz\/en\/#website","url":"https:\/\/apolinar.capta.cz\/en\/","name":"Porodnice U Apolin\u00e1\u0159e","description":"Klinika gynekologie, porodnictv\u00ed a neonatologie 1. LF UK a VFN v Praze","potentialAction":[{"@type":"SearchAction","target":{"@type":"EntryPoint","urlTemplate":"https:\/\/apolinar.capta.cz\/en\/?s={search_term_string}"},"query-input":{"@type":"PropertyValueSpecification","valueRequired":true,"valueName":"search_term_string"}}],"inLanguage":"en-US"}]}},"_links":{"self":[{"href":"https:\/\/apolinar.capta.cz\/en\/wp-json\/wp\/v2\/pages\/5706","targetHints":{"allow":["GET"]}}],"collection":[{"href":"https:\/\/apolinar.capta.cz\/en\/wp-json\/wp\/v2\/pages"}],"about":[{"href":"https:\/\/apolinar.capta.cz\/en\/wp-json\/wp\/v2\/types\/page"}],"author":[{"embeddable":true,"href":"https:\/\/apolinar.capta.cz\/en\/wp-json\/wp\/v2\/users\/6"}],"replies":[{"embeddable":true,"href":"https:\/\/apolinar.capta.cz\/en\/wp-json\/wp\/v2\/comments?post=5706"}],"version-history":[{"count":0,"href":"https:\/\/apolinar.capta.cz\/en\/wp-json\/wp\/v2\/pages\/5706\/revisions"}],"up":[{"embeddable":true,"href":"https:\/\/apolinar.capta.cz\/en\/wp-json\/wp\/v2\/pages\/3956"}],"wp:attachment":[{"href":"https:\/\/apolinar.capta.cz\/en\/wp-json\/wp\/v2\/media?parent=5706"}],"curies":[{"name":"wp","href":"https:\/\/api.w.org\/{rel}","templated":true}]}}