{"id":6580,"date":"2024-01-23T15:12:00","date_gmt":"2024-01-23T14:12:00","guid":{"rendered":"https:\/\/apolinar.eu\/?page_id=6580"},"modified":"2024-01-23T15:12:00","modified_gmt":"2024-01-23T14:12:00","slug":"krmeni-nedonosenych-novorozencu","status":"publish","type":"page","link":"https:\/\/apolinar.capta.cz\/en\/krmeni-nedonosenych-novorozencu\/","title":{"rendered":"KRMEN\u00cd NEDONO\u0160EN\u00ddCH NOVOROZENC\u016e"},"content":{"rendered":"                <!-- TEXT BLOCK -->\r\n        <section\r\n                class=\"pdt-80 pdb-20 \"\r\n            >\r\n            <div class=\"wrapper2 text_block\">\r\n                <h1 class=\"title_h2 text_center_mdm\">KRMEN\u00cd NEDONO\u0160EN\u00ddCH NOVOROZENC\u016e<\/h1>                                                                                                <div class=\"page_content reset_margins\">\r\n                                                        <\/div>\r\n            <\/div>\r\n        <\/section>\r\n    \n\n                <!-- TEXT BLOCK -->\r\n        <section\r\n                class=\"pdt-40 pdb-40 bg3\"\r\n            >\r\n            <div class=\"wrapper2 text_block\">\r\n                                                                                                    <h3 class=\"title_h3 text_center_mdm\">V\u00fdznam mate\u0159sk\u00e9ho ml\u00e9ka pro nezral\u00e9 d\u00edt\u011b<\/h3>\r\n                                                <div class=\"page_content reset_margins\">\r\n                                                                                        <div class=\"x_elementToProof\">Mate\u0159sk\u00e9 ml\u00e9ko obsahuje \u0159adu imunologick\u00fdch a protiz\u00e1n\u011btliv\u00fdch faktor\u016f, kter\u00e9 pom\u00e1haj\u00ed d\u00edt\u011bti v obran\u011b proti infekci.<\/div>\n<ul>\n<li class=\"x_elementToProof\">D\u00edt\u011b v ml\u00e9ce p\u0159ij\u00edm\u00e1 hotov\u00e9 protil\u00e1tky proti bakteri\u00edm a vir\u016fm, kter\u00e9 m\u00e1te i vy.<\/li>\n<li class=\"x_elementToProof\">Nezral\u00e9 d\u011bti \u017eiven\u00e9 mate\u0159sk\u00fdm ml\u00e9kem m\u00e9n\u011b \u010dasto onemocn\u00ed ob\u00e1van\u00fdm st\u0159evn\u00edm z\u00e1n\u011btem.<\/li>\n<li class=\"x_elementToProof\">V mate\u0159sk\u00e9m ml\u00e9ce je zastoupena v\u011bt\u0161ina d\u016fle\u017eit\u00fdch hormon\u016f a r\u016fstov\u00fdch faktor\u016f, kter\u00e9 p\u0159\u00edzniv\u011b ovliv\u0148uj\u00ed organismus d\u00edt\u011bte.<\/li>\n<\/ul>\n                                    <\/div>\r\n            <\/div>\r\n        <\/section>\r\n    \n\n    <!-- ACCORD -->\r\n    <section\r\n            class=\"pdt-40 pdb-80 \"\r\n        >\r\n        <div class=\"wrapper2 anim_delay anim_drop1 observe\">\r\n                                                    <div class=\"accord mgt-30\">\r\n                                            <!-- ITEM -->\r\n                        <div class=\"item_accord item\">\r\n                            <a href=\"#\" role=\"button\" class=\"item_accord_head head\">\r\n                                <h3 class=\"item_accord_title\">V\u00dd\u017dIVA NEDONO\u0160EN\u00ddCH D\u011aT\u00cd <\/h3>\r\n                                <div class=\"item_accord_arrow\">\r\n                                    <svg class=\"sicofill\">\r\n                                        <use href=\"https:\/\/apolinar.capta.cz\/wp-content\/themes\/apolinar\/assets\/layout\/icons.svg#s_ar2_d\"\/>\r\n                                    <\/svg>\r\n                                <\/div>\r\n                            <\/a>\r\n                            <div class=\"expand\">\r\n                                <div class=\"item_accord_inner page_content reset_margins\">\r\n                                                                                                                                                        <div class=\"x_elementToProof\">Co nejd\u0159\u00edve po narozen\u00ed pod\u00e1v\u00e1me d\u00edt\u011bti mal\u00e1 mno\u017estv\u00ed mleziva (kolostra), abychom p\u0159ipravili tr\u00e1vic\u00ed syst\u00e9m d\u00edt\u011bte na jeho budouc\u00ed funkci. Mlezivo je lehce straviteln\u00e9, kaloricky vydatn\u00e9, s vysok\u00fdm obsahem b\u00edlkovin, vitamin\u016f a obrann\u00fdch l\u00e1tek. Od 5. a\u017e 8. dne se mlezivo za\u010d\u00edn\u00e1 m\u011bnit ve zral\u00e9 mate\u0159sk\u00e9 ml\u00e9ko.<\/div>\n                                                                    <\/div>\r\n                            <\/div>\r\n                        <\/div>\r\n                                            <!-- ITEM -->\r\n                        <div class=\"item_accord item\">\r\n                            <a href=\"#\" role=\"button\" class=\"item_accord_head head\">\r\n                                <h3 class=\"item_accord_title\">ZP\u016eSOBY KRMEN\u00cd MATE\u0158SK\u00ddM ML\u00c9KEM <\/h3>\r\n                                <div class=\"item_accord_arrow\">\r\n                                    <svg class=\"sicofill\">\r\n                                        <use href=\"https:\/\/apolinar.capta.cz\/wp-content\/themes\/apolinar\/assets\/layout\/icons.svg#s_ar2_d\"\/>\r\n                                    <\/svg>\r\n                                <\/div>\r\n                            <\/a>\r\n                            <div class=\"expand\">\r\n                                <div class=\"item_accord_inner page_content reset_margins\">\r\n                                                                                                                                                        <div class=\"x_elementToProof\">Prvn\u00ed kapky kolostra v\u00e1m pom\u016f\u017ee ods\u00e1t lakta\u010dn\u00ed poradkyn\u011b co nejd\u0159\u00edve po porodu. Va\u0161e miminko je dostane do pusinky jako jeden z prvn\u00edch pozdrav\u016f od maminky.<\/div>\n<div class=\"x_elementToProof\">S dal\u0161\u00edmi zp\u016fsoby krmen\u00ed u\u0161it\u00fdmi Va\u0161emu miminku na m\u00edru V\u00e1s sezn\u00e1m\u00ed lakta\u010dn\u00ed poradkyn\u011b nebo o\u0161et\u0159uj\u00edc\u00ed person\u00e1l b\u011bhem pobytu na odd\u011blen\u00ed, bez obav se sv\u011b\u0159te do jejich p\u00e9\u010de, budou V\u00e1s prov\u00e1zet po celou dobu pobytu na odd\u011blen\u00ed a spole\u010dn\u011b s V\u00e1mi hledat nejvhodn\u011bj\u0161\u00ed zp\u016fsoby a polohy p\u0159i krmen\u00ed, porad\u00ed, jak pe\u010dovat o sebe, o prsy, aby laktace i v p\u0159\u00edpad\u011b alternativn\u00edch zp\u016fsob\u016f krmen\u00ed, dokud miminko neum\u00ed s\u00e1t z prsu, z\u016fstala zachov\u00e1na.<\/div>\n<div class=\"x_elementToProof\">Na\u0161\u00edm spole\u010dn\u00fdm c\u00edlem je spokojen\u00e9 a kojen\u00e9 miminko.<\/div>\n                                                                    <\/div>\r\n                            <\/div>\r\n                        <\/div>\r\n                                            <!-- ITEM -->\r\n                        <div class=\"item_accord item\">\r\n                            <a href=\"#\" role=\"button\" class=\"item_accord_head head\">\r\n                                <h3 class=\"item_accord_title\">PO ODCHODU DO DOM\u00c1C\u00cd P\u00c9\u010cE<\/h3>\r\n                                <div class=\"item_accord_arrow\">\r\n                                    <svg class=\"sicofill\">\r\n                                        <use href=\"https:\/\/apolinar.capta.cz\/wp-content\/themes\/apolinar\/assets\/layout\/icons.svg#s_ar2_d\"\/>\r\n                                    <\/svg>\r\n                                <\/div>\r\n                            <\/a>\r\n                            <div class=\"expand\">\r\n                                <div class=\"item_accord_inner page_content reset_margins\">\r\n                                                                                                                                                        <p>Pokud se budete cht\u00edt i po odchodu s miminkem dom\u016f ujistit o spr\u00e1vnosti sv\u00e9ho kon\u00e1n\u00ed ohledn\u011b kojen\u00ed nebo pokud se vyskytnou probl\u00e9my, se kter\u00fdmi si nebudete v\u011bd\u011bt rady, zcela jist\u011b se obra\u0165te na na\u0161\u00ed lakta\u010dn\u00ed poradnu.<\/p>\n                                                                    <\/div>\r\n                            <\/div>\r\n                        <\/div>\r\n                                    <\/div>\r\n                    <\/div>\r\n    <\/section>\r\n\n\n        <section\r\n            class=\"pdt-40 pdb-40 \"\r\n        >\r\n        <div class=\"wrapper2\">\r\n                            <div class=\"box_text\">\r\n                    <div class=\"grid align-center small-space\">\r\n                        <!-- IMAGE LEFT -->\r\n                                                    <!-- IMAGE RIGHT -->\r\n                            <div class=\"box_text_text text_block col2 col1_mdm text_center_mdm observe anim_drop1 anim_delay\">\r\n                                <h2 class=\"title_h2 \">Cesty ke kojen\u00ed p\u0159ed\u010dasn\u011b narozen\u00e9ho miminka<\/h2>                                                                                                                                            <h3 class=\"title_h3 color2\">\r\n                                            Mil\u00e1 maminko, narodilo se v\u00e1m d\u011b\u0165\u00e1tko p\u0159ed\u010dasn\u011b.                                        <\/h3>\r\n                                                                                                    <div class=\"page_content reset_margins\">\r\n                                    <p><\/p>\r\n                                <\/div>\r\n                                                                    <a href=\"https:\/\/www.youtube.com\/watch?v=VYaS0gFbgpw\"\r\n                                       title=\"Pod\u00edvejte se na video\"\r\n                                       target=\"_blank\"                                       class=\"btn_basic\">\r\n                                        Pod\u00edvejte se na video                                    <\/a>\r\n                                                            <\/div>\r\n                            <div class=\"box_text_image hide_mdm col2\">\r\n                                <div class=\"item_decor observe anim_image1 anim_delay\">\r\n                                    <div>\r\n                                        <svg class=\"sico color3 toanim_bg\">\r\n                                            <use href=\"https:\/\/apolinar.capta.cz\/wp-content\/themes\/apolinar\/assets\/layout\/icons.svg#s_ls\"\/>\r\n                                        <\/svg>\r\n                                                                                    <div class=\"toanim_img\">\r\n                                                <img decoding=\"async\" src=\"https:\/\/apolinar.capta.cz\/wp-content\/uploads\/2023\/06\/l2.svg\" class=\"attachment-preview_image size-preview_image\" alt=\"\" \/>                                                                                        <\/div>\r\n                                    <\/div>\r\n                                <\/div>\r\n                            <\/div>\r\n                                            <\/div>\r\n                <\/div>\r\n                    <\/div>\r\n    <\/section>\r\n\n\n    <!-- BLOK K -->\r\n    <section\r\n            class=\"pdt-40 pdb-80 \"\r\n        >\r\n        <div class=\"wrapper2\">\r\n                                                                                            <div class=\"grid small-space\">\r\n                                                                                <!-- ITEM 1 -->\r\n                            <div class=\"col2 col1_mdm bg3 radius10 pd-35 pd-25md observe anim_drop1 anim_delay dflex flex-dir-column offset_dist\">\r\n                                <div class=\"text_block w100p mgb-auto\">\r\n                                    <h3 class=\"title_h3\">Lakta\u010dn\u00ed poradna<\/h3>\r\n                                                                                                                <div class=\"page_content reset_margins\">\r\n                                            <p>Pom\u00e1h\u00e1me mamink\u00e1m s kojen\u00edm <\/p>\r\n                                        <\/div>\r\n                                                                    <\/div>\r\n                                <div class=\"pdt-20 w100p\">\r\n                                    <div class=\"grid small-space\">\r\n                                        <div class=\"col_default offset_half\">\r\n                                            <a href=\"#\"\r\n                                               title=\"Lakta\u010dn\u00ed poradna\"\r\n                                               target=\"_blank\"\r\n                                               class=\"btn_basic\">\r\n                                                Zobrazit                                            <\/a>\r\n                                        <\/div>\r\n                                        <div class=\"col_default offset_half\">\r\n                                            <a href=\"#\"\r\n                                               title=\"Lakta\u010dn\u00ed poradna\"\r\n                                               download\r\n                                               class=\"btn_basic border\">\r\n                                                St\u00e1hnout                                            <\/a>\r\n                                        <\/div>\r\n                                    <\/div>\r\n                                <\/div>\r\n                            <\/div>\r\n                                            <\/div>\r\n                                    <\/div>\r\n    <\/section>\r\n","protected":false},"excerpt":{"rendered":"","protected":false},"author":6,"featured_media":0,"parent":0,"menu_order":0,"comment_status":"closed","ping_status":"closed","template":"","meta":{"_acf_changed":false,"footnotes":""},"class_list":["post-6580","page","type-page","status-publish","hentry"],"acf":[],"yoast_head":"<!-- This site is optimized with the Yoast SEO plugin v25.5 - https:\/\/yoast.com\/wordpress\/plugins\/seo\/ -->\n<title>KRMEN\u00cd NEDONO\u0160EN\u00ddCH NOVOROZENC\u016e - Porodnice U Apolin\u00e1\u0159e<\/title>\n<meta name=\"robots\" content=\"noindex, follow, max-snippet:-1, max-image-preview:large, max-video-preview:-1\" \/>\n<meta property=\"og:locale\" content=\"en_US\" \/>\n<meta property=\"og:type\" content=\"article\" \/>\n<meta property=\"og:title\" content=\"KRMEN\u00cd NEDONO\u0160EN\u00ddCH NOVOROZENC\u016e - Porodnice U Apolin\u00e1\u0159e\" \/>\n<meta property=\"og:url\" content=\"https:\/\/apolinar.capta.cz\/en\/krmeni-nedonosenych-novorozencu\/\" \/>\n<meta property=\"og:site_name\" content=\"Porodnice U Apolin\u00e1\u0159e\" \/>\n<meta name=\"twitter:card\" content=\"summary_large_image\" \/>\n<script type=\"application\/ld+json\" class=\"yoast-schema-graph\">{\"@context\":\"https:\/\/schema.org\",\"@graph\":[{\"@type\":\"WebPage\",\"@id\":\"https:\/\/apolinar.capta.cz\/en\/krmeni-nedonosenych-novorozencu\/\",\"url\":\"https:\/\/apolinar.capta.cz\/en\/krmeni-nedonosenych-novorozencu\/\",\"name\":\"KRMEN\u00cd NEDONO\u0160EN\u00ddCH NOVOROZENC\u016e - Porodnice U Apolin\u00e1\u0159e\",\"isPartOf\":{\"@id\":\"https:\/\/apolinar.capta.cz\/en\/#website\"},\"datePublished\":\"2024-01-23T14:12:00+00:00\",\"breadcrumb\":{\"@id\":\"https:\/\/apolinar.capta.cz\/en\/krmeni-nedonosenych-novorozencu\/#breadcrumb\"},\"inLanguage\":\"en-US\",\"potentialAction\":[{\"@type\":\"ReadAction\",\"target\":[\"https:\/\/apolinar.capta.cz\/en\/krmeni-nedonosenych-novorozencu\/\"]}]},{\"@type\":\"BreadcrumbList\",\"@id\":\"https:\/\/apolinar.capta.cz\/en\/krmeni-nedonosenych-novorozencu\/#breadcrumb\",\"itemListElement\":[{\"@type\":\"ListItem\",\"position\":1,\"name\":\"Dom\u016f\",\"item\":\"https:\/\/apolinar.capta.cz\/en\/\"},{\"@type\":\"ListItem\",\"position\":2,\"name\":\"KRMEN\u00cd NEDONO\u0160EN\u00ddCH NOVOROZENC\u016e\"}]},{\"@type\":\"WebSite\",\"@id\":\"https:\/\/apolinar.capta.cz\/en\/#website\",\"url\":\"https:\/\/apolinar.capta.cz\/en\/\",\"name\":\"Porodnice U Apolin\u00e1\u0159e\",\"description\":\"Klinika gynekologie, porodnictv\u00ed a neonatologie 1. LF UK a VFN v Praze\",\"potentialAction\":[{\"@type\":\"SearchAction\",\"target\":{\"@type\":\"EntryPoint\",\"urlTemplate\":\"https:\/\/apolinar.capta.cz\/en\/?s={search_term_string}\"},\"query-input\":{\"@type\":\"PropertyValueSpecification\",\"valueRequired\":true,\"valueName\":\"search_term_string\"}}],\"inLanguage\":\"en-US\"}]}<\/script>\n<!-- \/ Yoast SEO plugin. -->","yoast_head_json":{"title":"KRMEN\u00cd NEDONO\u0160EN\u00ddCH NOVOROZENC\u016e - Porodnice U Apolin\u00e1\u0159e","robots":{"index":"noindex","follow":"follow","max-snippet":"max-snippet:-1","max-image-preview":"max-image-preview:large","max-video-preview":"max-video-preview:-1"},"og_locale":"en_US","og_type":"article","og_title":"KRMEN\u00cd NEDONO\u0160EN\u00ddCH NOVOROZENC\u016e - Porodnice U Apolin\u00e1\u0159e","og_url":"https:\/\/apolinar.capta.cz\/en\/krmeni-nedonosenych-novorozencu\/","og_site_name":"Porodnice U Apolin\u00e1\u0159e","twitter_card":"summary_large_image","schema":{"@context":"https:\/\/schema.org","@graph":[{"@type":"WebPage","@id":"https:\/\/apolinar.capta.cz\/en\/krmeni-nedonosenych-novorozencu\/","url":"https:\/\/apolinar.capta.cz\/en\/krmeni-nedonosenych-novorozencu\/","name":"KRMEN\u00cd NEDONO\u0160EN\u00ddCH NOVOROZENC\u016e - Porodnice U Apolin\u00e1\u0159e","isPartOf":{"@id":"https:\/\/apolinar.capta.cz\/en\/#website"},"datePublished":"2024-01-23T14:12:00+00:00","breadcrumb":{"@id":"https:\/\/apolinar.capta.cz\/en\/krmeni-nedonosenych-novorozencu\/#breadcrumb"},"inLanguage":"en-US","potentialAction":[{"@type":"ReadAction","target":["https:\/\/apolinar.capta.cz\/en\/krmeni-nedonosenych-novorozencu\/"]}]},{"@type":"BreadcrumbList","@id":"https:\/\/apolinar.capta.cz\/en\/krmeni-nedonosenych-novorozencu\/#breadcrumb","itemListElement":[{"@type":"ListItem","position":1,"name":"Dom\u016f","item":"https:\/\/apolinar.capta.cz\/en\/"},{"@type":"ListItem","position":2,"name":"KRMEN\u00cd NEDONO\u0160EN\u00ddCH NOVOROZENC\u016e"}]},{"@type":"WebSite","@id":"https:\/\/apolinar.capta.cz\/en\/#website","url":"https:\/\/apolinar.capta.cz\/en\/","name":"Porodnice U Apolin\u00e1\u0159e","description":"Klinika gynekologie, porodnictv\u00ed a neonatologie 1. LF UK a VFN v Praze","potentialAction":[{"@type":"SearchAction","target":{"@type":"EntryPoint","urlTemplate":"https:\/\/apolinar.capta.cz\/en\/?s={search_term_string}"},"query-input":{"@type":"PropertyValueSpecification","valueRequired":true,"valueName":"search_term_string"}}],"inLanguage":"en-US"}]}},"_links":{"self":[{"href":"https:\/\/apolinar.capta.cz\/en\/wp-json\/wp\/v2\/pages\/6580","targetHints":{"allow":["GET"]}}],"collection":[{"href":"https:\/\/apolinar.capta.cz\/en\/wp-json\/wp\/v2\/pages"}],"about":[{"href":"https:\/\/apolinar.capta.cz\/en\/wp-json\/wp\/v2\/types\/page"}],"author":[{"embeddable":true,"href":"https:\/\/apolinar.capta.cz\/en\/wp-json\/wp\/v2\/users\/6"}],"replies":[{"embeddable":true,"href":"https:\/\/apolinar.capta.cz\/en\/wp-json\/wp\/v2\/comments?post=6580"}],"version-history":[{"count":0,"href":"https:\/\/apolinar.capta.cz\/en\/wp-json\/wp\/v2\/pages\/6580\/revisions"}],"wp:attachment":[{"href":"https:\/\/apolinar.capta.cz\/en\/wp-json\/wp\/v2\/media?parent=6580"}],"curies":[{"name":"wp","href":"https:\/\/api.w.org\/{rel}","templated":true}]}}