{"id":849,"date":"2023-06-27T15:12:14","date_gmt":"2023-06-27T13:12:14","guid":{"rendered":"https:\/\/apolinar.eu\/?page_id=849"},"modified":"2023-06-27T15:12:14","modified_gmt":"2023-06-27T13:12:14","slug":"akutni-potize-v-tehotenstvi","status":"publish","type":"page","link":"https:\/\/apolinar.capta.cz\/en\/akutni-obtize\/akutni-potize-v-tehotenstvi\/","title":{"rendered":"Akutn\u00ed pot\u00ed\u017ee v t\u011bhotenstv\u00ed"},"content":{"rendered":"                <!-- TEXT BLOCK -->\r\n        <section\r\n                class=\"pdt-80 pdb-10 \"\r\n            >\r\n            <div class=\"wrapper2 text_block\">\r\n                <h2 class=\"title_h2 text_center_mdm\">Akutn\u00ed pot\u00ed\u017ee v t\u011bhotenstv\u00ed<\/h2>                                                                                    <h3 class=\"title_h3 text_center_mdm\">V p\u0159\u00edpad\u011b n\u00e1hle vznikl\u00e9 bolesti, teploty, odtoku plodov\u00e9 vody \u010di krv\u00e1cen\u00ed z rodidel nav\u0161tivte na\u0161i kliniku gynekologie, porodnictv\u00ed a neonatologie. <\/h3>\r\n                                                <div class=\"page_content reset_margins\">\r\n                                                                                        <h4>V \u010dasn\u00e9m t\u011bhotenstv\u00ed (do 21+6): V\u0161eobecn\u00e1 gynekologick\u00e1 ambulance, +420 224 967 491<\/h4>\n<h4>Od 22. ukon\u010den\u00e9ho t\u00fddne t\u011bhotenstv\u00ed: 2. porodn\u00ed s\u00e1l, +420 224 967 420<\/h4>\n                                    <\/div>\r\n            <\/div>\r\n        <\/section>\r\n    \n\n                <!-- TEXT BLOCK -->\r\n        <section\r\n                class=\"pdt-10 pdb-10 bg3\"\r\n            >\r\n            <div class=\"wrapper2 text_block\">\r\n                                                                                                                <div class=\"page_content reset_margins\">\r\n                                                                                        <p>V p\u0159\u00edpad\u011b <strong>siln\u00e9ho krv\u00e1cen\u00ed, n\u00e1hle vznikl\u00e9 bolesti, vysok\u00e9 teploty, poruchy v\u011bdom\u00ed, k\u0159e\u010d\u00ed a dal\u0161\u00edch obt\u00ed\u017e\u00ed<\/strong>, kter\u00e9 by v\u00e1s nebo v\u00e1\u0161 plod mohly ohrozit na \u017eivot\u011b, <strong>volejte ihned z\u00e1chrannou slu\u017ebu (linka 112 nebo 155),<\/strong> kter\u00e1 v\u00e1s transportuje do nejbli\u017e\u0161\u00ed nemocnice.<\/p>\n                                    <\/div>\r\n            <\/div>\r\n        <\/section>\r\n    ","protected":false},"excerpt":{"rendered":"","protected":false},"author":3,"featured_media":0,"parent":3948,"menu_order":0,"comment_status":"closed","ping_status":"closed","template":"","meta":{"_acf_changed":false,"footnotes":""},"class_list":["post-849","page","type-page","status-publish","hentry"],"acf":[],"yoast_head":"<!-- This site is optimized with the Yoast SEO plugin v25.5 - https:\/\/yoast.com\/wordpress\/plugins\/seo\/ -->\n<title>Akutn\u00ed pot\u00ed\u017ee v t\u011bhotenstv\u00ed - Porodnice U Apolin\u00e1\u0159e<\/title>\n<meta name=\"robots\" content=\"noindex, follow, max-snippet:-1, max-image-preview:large, max-video-preview:-1\" \/>\n<meta property=\"og:locale\" content=\"en_US\" \/>\n<meta property=\"og:type\" content=\"article\" \/>\n<meta property=\"og:title\" content=\"Akutn\u00ed pot\u00ed\u017ee v t\u011bhotenstv\u00ed - Porodnice U Apolin\u00e1\u0159e\" \/>\n<meta property=\"og:url\" content=\"https:\/\/apolinar.capta.cz\/en\/akutni-obtize\/akutni-potize-v-tehotenstvi\/\" \/>\n<meta property=\"og:site_name\" content=\"Porodnice U Apolin\u00e1\u0159e\" \/>\n<meta name=\"twitter:card\" content=\"summary_large_image\" \/>\n<script type=\"application\/ld+json\" class=\"yoast-schema-graph\">{\"@context\":\"https:\/\/schema.org\",\"@graph\":[{\"@type\":\"WebPage\",\"@id\":\"https:\/\/apolinar.capta.cz\/en\/akutni-obtize\/akutni-potize-v-tehotenstvi\/\",\"url\":\"https:\/\/apolinar.capta.cz\/en\/akutni-obtize\/akutni-potize-v-tehotenstvi\/\",\"name\":\"Akutn\u00ed pot\u00ed\u017ee v t\u011bhotenstv\u00ed - Porodnice U Apolin\u00e1\u0159e\",\"isPartOf\":{\"@id\":\"https:\/\/apolinar.capta.cz\/en\/#website\"},\"datePublished\":\"2023-06-27T13:12:14+00:00\",\"breadcrumb\":{\"@id\":\"https:\/\/apolinar.capta.cz\/en\/akutni-obtize\/akutni-potize-v-tehotenstvi\/#breadcrumb\"},\"inLanguage\":\"en-US\",\"potentialAction\":[{\"@type\":\"ReadAction\",\"target\":[\"https:\/\/apolinar.capta.cz\/en\/akutni-obtize\/akutni-potize-v-tehotenstvi\/\"]}]},{\"@type\":\"BreadcrumbList\",\"@id\":\"https:\/\/apolinar.capta.cz\/en\/akutni-obtize\/akutni-potize-v-tehotenstvi\/#breadcrumb\",\"itemListElement\":[{\"@type\":\"ListItem\",\"position\":1,\"name\":\"Dom\u016f\",\"item\":\"https:\/\/apolinar.capta.cz\/en\/\"},{\"@type\":\"ListItem\",\"position\":2,\"name\":\"Akutn\u00ed pot\u00ed\u017ee v t\u011bhotenstv\u00ed\"}]},{\"@type\":\"WebSite\",\"@id\":\"https:\/\/apolinar.capta.cz\/en\/#website\",\"url\":\"https:\/\/apolinar.capta.cz\/en\/\",\"name\":\"Porodnice U Apolin\u00e1\u0159e\",\"description\":\"Klinika gynekologie, porodnictv\u00ed a neonatologie 1. LF UK a VFN v Praze\",\"potentialAction\":[{\"@type\":\"SearchAction\",\"target\":{\"@type\":\"EntryPoint\",\"urlTemplate\":\"https:\/\/apolinar.capta.cz\/en\/?s={search_term_string}\"},\"query-input\":{\"@type\":\"PropertyValueSpecification\",\"valueRequired\":true,\"valueName\":\"search_term_string\"}}],\"inLanguage\":\"en-US\"}]}<\/script>\n<!-- \/ Yoast SEO plugin. -->","yoast_head_json":{"title":"Akutn\u00ed pot\u00ed\u017ee v t\u011bhotenstv\u00ed - Porodnice U Apolin\u00e1\u0159e","robots":{"index":"noindex","follow":"follow","max-snippet":"max-snippet:-1","max-image-preview":"max-image-preview:large","max-video-preview":"max-video-preview:-1"},"og_locale":"en_US","og_type":"article","og_title":"Akutn\u00ed pot\u00ed\u017ee v t\u011bhotenstv\u00ed - Porodnice U Apolin\u00e1\u0159e","og_url":"https:\/\/apolinar.capta.cz\/en\/akutni-obtize\/akutni-potize-v-tehotenstvi\/","og_site_name":"Porodnice U Apolin\u00e1\u0159e","twitter_card":"summary_large_image","schema":{"@context":"https:\/\/schema.org","@graph":[{"@type":"WebPage","@id":"https:\/\/apolinar.capta.cz\/en\/akutni-obtize\/akutni-potize-v-tehotenstvi\/","url":"https:\/\/apolinar.capta.cz\/en\/akutni-obtize\/akutni-potize-v-tehotenstvi\/","name":"Akutn\u00ed pot\u00ed\u017ee v t\u011bhotenstv\u00ed - Porodnice U Apolin\u00e1\u0159e","isPartOf":{"@id":"https:\/\/apolinar.capta.cz\/en\/#website"},"datePublished":"2023-06-27T13:12:14+00:00","breadcrumb":{"@id":"https:\/\/apolinar.capta.cz\/en\/akutni-obtize\/akutni-potize-v-tehotenstvi\/#breadcrumb"},"inLanguage":"en-US","potentialAction":[{"@type":"ReadAction","target":["https:\/\/apolinar.capta.cz\/en\/akutni-obtize\/akutni-potize-v-tehotenstvi\/"]}]},{"@type":"BreadcrumbList","@id":"https:\/\/apolinar.capta.cz\/en\/akutni-obtize\/akutni-potize-v-tehotenstvi\/#breadcrumb","itemListElement":[{"@type":"ListItem","position":1,"name":"Dom\u016f","item":"https:\/\/apolinar.capta.cz\/en\/"},{"@type":"ListItem","position":2,"name":"Akutn\u00ed pot\u00ed\u017ee v t\u011bhotenstv\u00ed"}]},{"@type":"WebSite","@id":"https:\/\/apolinar.capta.cz\/en\/#website","url":"https:\/\/apolinar.capta.cz\/en\/","name":"Porodnice U Apolin\u00e1\u0159e","description":"Klinika gynekologie, porodnictv\u00ed a neonatologie 1. LF UK a VFN v Praze","potentialAction":[{"@type":"SearchAction","target":{"@type":"EntryPoint","urlTemplate":"https:\/\/apolinar.capta.cz\/en\/?s={search_term_string}"},"query-input":{"@type":"PropertyValueSpecification","valueRequired":true,"valueName":"search_term_string"}}],"inLanguage":"en-US"}]}},"_links":{"self":[{"href":"https:\/\/apolinar.capta.cz\/en\/wp-json\/wp\/v2\/pages\/849","targetHints":{"allow":["GET"]}}],"collection":[{"href":"https:\/\/apolinar.capta.cz\/en\/wp-json\/wp\/v2\/pages"}],"about":[{"href":"https:\/\/apolinar.capta.cz\/en\/wp-json\/wp\/v2\/types\/page"}],"author":[{"embeddable":true,"href":"https:\/\/apolinar.capta.cz\/en\/wp-json\/wp\/v2\/users\/3"}],"replies":[{"embeddable":true,"href":"https:\/\/apolinar.capta.cz\/en\/wp-json\/wp\/v2\/comments?post=849"}],"version-history":[{"count":0,"href":"https:\/\/apolinar.capta.cz\/en\/wp-json\/wp\/v2\/pages\/849\/revisions"}],"up":[{"embeddable":true,"href":"https:\/\/apolinar.capta.cz\/en\/wp-json\/wp\/v2\/pages\/3948"}],"wp:attachment":[{"href":"https:\/\/apolinar.capta.cz\/en\/wp-json\/wp\/v2\/media?parent=849"}],"curies":[{"name":"wp","href":"https:\/\/api.w.org\/{rel}","templated":true}]}}