{"id":9389,"date":"2024-07-27T22:50:50","date_gmt":"2024-07-27T20:50:50","guid":{"rendered":"https:\/\/apolinar.eu\/?page_id=9389"},"modified":"2024-07-27T22:50:50","modified_gmt":"2024-07-27T20:50:50","slug":"zachovani-plodnosti-zen","status":"publish","type":"page","link":"https:\/\/apolinar.capta.cz\/en\/centrum-asistovane-reprodukce\/poskytovana-pece\/zachovani-plodnosti-zen\/","title":{"rendered":"Zachov\u00e1n\u00ed plodnosti \u017een"},"content":{"rendered":"                <!-- TEXT BLOCK -->\r\n        <section\r\n                class=\"pdt-80 pdb-80 \"\r\n            >\r\n            <div class=\"wrapper2 text_block\">\r\n                <h2 class=\"title_h2 text_center_mdm\">Zachov\u00e1n\u00ed plodnosti \u017een<\/h2>                                                                                                <div class=\"page_content reset_margins\">\r\n                                                                                        <ol>\n<li>Co znamen\u00e1 zachov\u00e1n\u00ed plodnosti \u017eeny<\/li>\n<li>\u017deny p\u0159ed l\u00e9\u010dbou pro onkologick\u00e9 onemocn\u011bn\u00ed<\/li>\n<li>Social freezing (zamra\u017een\u00ed vaj\u00ed\u010dek na vlastn\u00ed \u017e\u00e1dost)<\/li>\n<li>Co vz\u00edt v \u00favahu p\u0159i rozhodov\u00e1n\u00ed o podstoupen\u00ed odb\u011bru vaj\u00ed\u010dek a jejich zamra\u017een\u00ed<\/li>\n<li>Jak postupovat, kdy\u017e se \u017eena rozhodne ot\u011bhotn\u011bt za pou\u017eit\u00ed zamra\u017een\u00fdch vaj\u00ed\u010dek<\/li>\n<\/ol>\n                                    <\/div>\r\n            <\/div>\r\n        <\/section>\r\n    \n\n    <!-- ACCORD -->\r\n    <section\r\n            class=\"pdt-80 pdb-80 bg3\"\r\n        >\r\n        <div class=\"wrapper2 anim_delay anim_drop1 observe\">\r\n                                                    <div class=\"accord mgt-30\">\r\n                                            <!-- ITEM -->\r\n                        <div class=\"item_accord item\">\r\n                            <a href=\"#\" role=\"button\" class=\"item_accord_head head\">\r\n                                <h3 class=\"item_accord_title\">Co znamen\u00e1 zachov\u00e1n\u00ed plodnosti \u017eeny<\/h3>\r\n                                <div class=\"item_accord_arrow\">\r\n                                    <svg class=\"sicofill\">\r\n                                        <use href=\"https:\/\/apolinar.capta.cz\/wp-content\/themes\/apolinar\/assets\/layout\/icons.svg#s_ar2_d\"\/>\r\n                                    <\/svg>\r\n                                <\/div>\r\n                            <\/a>\r\n                            <div class=\"expand\">\r\n                                <div class=\"item_accord_inner page_content reset_margins\">\r\n                                                                                                                                                        <p>Zachov\u00e1n\u00edm plodnosti u \u017een se pova\u017euje odb\u011br a zamra\u017een\u00ed vaj\u00ed\u010dek, neboli oocyt\u016f, event. embry\u00ed, pro budouc\u00ed pou\u017eit\u00ed, tedy pro pou\u017eit\u00ed za n\u011bkolik m\u011bs\u00edc\u016f nebo obvykle n\u011bkolik let.<\/p>\n<p>Abychom z\u00edskali oocyty vhodn\u00e9 k zamra\u017een\u00ed, podstupuje \u017eena po vy\u0161et\u0159en\u00ed a konzultaci s l\u00e9ka\u0159em stejn\u00fd postup l\u00e9\u010dby, jako \u017eena, kter\u00e9 p\u0159ich\u00e1z\u00ed k l\u00e9\u010db\u011b neplodnosti s t\u00edm, \u017ee proces je zavr\u0161en odb\u011brem folikul\u00e1rn\u00ed tekutiny s oocyty z vaje\u010dn\u00edk\u016f v kr\u00e1tkodob\u00e9 anest\u00e9zii. V laborato\u0159i IVF jsou pot\u00e9 oocyty z folikul\u00e1rn\u00ed tekutiny vyhled\u00e1ny a p\u0159eneseny do kultiva\u010dho m\u00e9dia. Po standardn\u00edch kroc\u00edch jsou oocyty vitrifikov\u00e1ny, to znamen\u00e1, \u017ee jsou ve speci\u00e1ln\u00edm m\u00e9diu super rychle zamra\u017eeny na teplotu tekut\u00e9ho dus\u00edku -196 st. C. Zamrazuj\u00ed se v\u0161echny kvalitn\u00ed oocyty, po dvou a\u017e t\u0159ech do samostatn\u00e9 pejety (lze p\u0159irovnat k speci\u00e1ln\u00edmu br\u010dku). Zamra\u017een\u00edm oocyt\u016f (nebo embry\u00ed) se zastav\u00ed jejich biochemick\u00e9 pochody a p\u0159i teplot\u011b minus 196 st. C z\u016fstanou beze zm\u011bny po celou dobu jejich uchov\u00e1n\u00ed v kryokontejneru s tekut\u00fdm dus\u00edkem.<\/p>\n<p>&nbsp;<\/p>\n                                                                    <\/div>\r\n                            <\/div>\r\n                        <\/div>\r\n                                            <!-- ITEM -->\r\n                        <div class=\"item_accord item\">\r\n                            <a href=\"#\" role=\"button\" class=\"item_accord_head head\">\r\n                                <h3 class=\"item_accord_title\">\u017deny p\u0159ed l\u00e9\u010dbou pro onkologick\u00e9 onemocn\u011bn\u00ed<\/h3>\r\n                                <div class=\"item_accord_arrow\">\r\n                                    <svg class=\"sicofill\">\r\n                                        <use href=\"https:\/\/apolinar.capta.cz\/wp-content\/themes\/apolinar\/assets\/layout\/icons.svg#s_ar2_d\"\/>\r\n                                    <\/svg>\r\n                                <\/div>\r\n                            <\/a>\r\n                            <div class=\"expand\">\r\n                                <div class=\"item_accord_inner page_content reset_margins\">\r\n                                                                                                                                                        <p>Pro \u017eeny podstupuj\u00edc\u00ed l\u00e9\u010dbu pro onkologick\u00e9 onemocn\u011bn\u00ed (chemoterapie, radioterapie), u kter\u00e9 se p\u0159edpokl\u00e1d\u00e1, \u017ee by mohla m\u00edt negativn\u00ed vliv na budouc\u00ed plodnost \u017eeny, je cel\u00fd proces<\/p>\n<p>co nejrychleji zah\u00e1jen. Gynekolog, specializuj\u00edc\u00ed se na asistovanou reprodukci, ve spolupr\u00e1ci s onkologem, optimalizuje l\u00e9\u010dbu pro danou \u017eenu. Pokud to zdravotn\u00ed stav \u017eeny dovol\u00ed, je mo\u017en\u00e1 i opakovan\u00e1 stimulace vaje\u010dn\u00edk\u016f a odb\u011br oocyt\u016f, aby v budoucnu byla co nejvy\u0161\u0161\u00ed \u0161ance na t\u011bhotenstv\u00ed a porod d\u00edt\u011bte. Pokud m\u00e1 \u017eena partnera, se kter\u00fdm pl\u00e1nuj\u00ed m\u00edt spole\u010dn\u00e9 d\u00edt\u011b, je optim\u00e1ln\u00ed oplodnit oocyty spermiemi dan\u00e9ho mu\u017ee, vznikl\u00e1 embrya nechat v kultivaci a po n\u011bkolikadenn\u00ed, obvykle p\u011btidenn\u00ed, kultivaci zamrazit embrya s potenci\u00e1lem dal\u0161\u00edho v\u00fdvoje. V p\u0159\u00edpad\u011b, \u017ee \u017eena nem\u00e1 partnera, mraz\u00edme oocyty. Nebo, po dohod\u011b, je mo\u017en\u00e9 zkombinovat oba p\u0159\u00edstupy.<\/p>\n<p>V n\u011bkter\u00fdch ojedin\u011bl\u00fdch p\u0159\u00edpadech, nap\u0159. p\u0159i pl\u00e1novan\u00e9m odstran\u011bn\u00ed vaje\u010dn\u00edk\u016f, je indikov\u00e1n odb\u011br a zamra\u017een\u00ed ovari\u00e1ln\u00ed tk\u00e1n\u011b. Toto je tak ojedin\u011bl\u00e1 a speci\u00e1ln\u00ed situace, kter\u00e1 p\u0159esahuje dan\u00fd r\u00e1mec informac\u00ed, \u017ee, pokud by se k tomu m\u011blo p\u0159istoupit, bude konkr\u00e9tn\u00ed situaci l\u00e9ka\u0159 konzultovat p\u0159\u00edmo s danou pacientkou.<\/p>\n<p>U pacientek s onkologickou diagn\u00f3zou poji\u0161\u0165ovna hrad\u00ed l\u00e9\u010dbu IVF, zamra\u017een\u00ed a skladov\u00e1n\u00ed z\u00e1rode\u010dn\u00fdch bun\u011bk.<\/p>\n                                                                    <\/div>\r\n                            <\/div>\r\n                        <\/div>\r\n                                            <!-- ITEM -->\r\n                        <div class=\"item_accord item\">\r\n                            <a href=\"#\" role=\"button\" class=\"item_accord_head head\">\r\n                                <h3 class=\"item_accord_title\">Social freezing (zamra\u017een\u00ed vaj\u00ed\u010dek na vlastn\u00ed \u017e\u00e1dost)<\/h3>\r\n                                <div class=\"item_accord_arrow\">\r\n                                    <svg class=\"sicofill\">\r\n                                        <use href=\"https:\/\/apolinar.capta.cz\/wp-content\/themes\/apolinar\/assets\/layout\/icons.svg#s_ar2_d\"\/>\r\n                                    <\/svg>\r\n                                <\/div>\r\n                            <\/a>\r\n                            <div class=\"expand\">\r\n                                <div class=\"item_accord_inner page_content reset_margins\">\r\n                                                                                                                                                        <p>Pro \u017eeny, kter\u00e9 jsou zdrav\u00e9, ale z jak\u00e9hokoliv d\u016fvodu pl\u00e1nuj\u00ed rodi\u010dovstv\u00ed pozd\u011bji (socioekonomick\u00e9 d\u016fvody, nemaj\u00ed partnera apod.), je mo\u017en\u00e9 vaj\u00ed\u010dka &#8211; oocyty zamrazit a uchovat v kryokontejneru s tekut\u00fdm dus\u00edkem p\u0159i teplot\u011b -196 st. C pro pozd\u011bj\u0161\u00ed pou\u017eit\u00ed. Pro toto uchov\u00e1n\u00ed plodnosti se pou\u017e\u00edv\u00e1 term\u00edn social freezing. Poji\u0161\u0165ovna l\u00e9\u010dbu nehrad\u00ed.<\/p>\n                                                                    <\/div>\r\n                            <\/div>\r\n                        <\/div>\r\n                                            <!-- ITEM -->\r\n                        <div class=\"item_accord item\">\r\n                            <a href=\"#\" role=\"button\" class=\"item_accord_head head\">\r\n                                <h3 class=\"item_accord_title\">Co vz\u00edt v \u00favahu p\u0159i rozhodov\u00e1n\u00ed o podstoupen\u00ed odb\u011bru vaj\u00ed\u010dek &#8211; oocyt\u016f a jejich zamra\u017een\u00ed:<\/h3>\r\n                                <div class=\"item_accord_arrow\">\r\n                                    <svg class=\"sicofill\">\r\n                                        <use href=\"https:\/\/apolinar.capta.cz\/wp-content\/themes\/apolinar\/assets\/layout\/icons.svg#s_ar2_d\"\/>\r\n                                    <\/svg>\r\n                                <\/div>\r\n                            <\/a>\r\n                            <div class=\"expand\">\r\n                                <div class=\"item_accord_inner page_content reset_margins\">\r\n                                                                                                                                                        <ul>\n<li>Kvalita oocyt\u016f je u ka\u017ed\u00e9 \u017eeny individu\u00e1ln\u00ed, p\u0159i obdobn\u00e9 stimulaci se dosa\u017een\u00fd po\u010det z\u00edskan\u00fdch oocyt\u016f li\u0161\u00ed.<\/li>\n<li>Kvalita oocyt\u016f s v\u011bkem kles\u00e1, optim\u00e1ln\u00ed je stimulace vaje\u010dn\u00edk\u016f a odb\u011br oocyt\u016f do v\u011bku 30 let, event. do v\u011bku 35 let, pot\u00e9 se obvykle po\u010det i kvalita sni\u017euje.<\/li>\n<li>Je dobr\u00e9 si uv\u011bdomit, \u017ee ne z ka\u017ed\u00e9ho vaj\u00ed\u010dka vznikne \u017eivotaschopn\u00e9 embryo. Je to velmi individu\u00e1ln\u00ed, ale nap\u0159. ve v\u011bku kolem 30 let v\u011bku \u017eeny je kvalitn\u00edch t\u0159etina a\u017e polovina z celkov\u00e9ho po\u010dtu z\u00edskan\u00fdch vaj\u00ed\u010dek.<\/li>\n<li>P\u0159i hodnocen\u00ed oocytu se m\u016f\u017eeme vyj\u00e1d\u0159it pouze k morfologick\u00fdm parametr\u016fm, kter\u00e9 vid\u00edme pod mikroskopem, ale po\u010det chromosom\u016f uvnit\u0159 oocytu nelze vid\u011bt (nap\u0159. aneuploidie, co\u017e je nespr\u00e1vn\u00fd po\u010det chromosom\u016f, je nej\u010dast\u011bj\u0161\u00ed d\u016fvod z\u00e1stavy v\u00fdvoje embrya)<\/li>\n<li>Kdy\u017e se odeberou oocyty, neznamen\u00e1 to automaticky, \u017ee by ze v\u0161ech kvalitn\u00edch oocyt\u016f vzniklo \u017eivotaschopn\u00e9 embryo.<\/li>\n<li>Aby se dos\u00e1hlo dostate\u010dn\u00e9ho po\u010dtu zamra\u017een\u00fdch vaj\u00ed\u010dek pro budouc\u00ed pou\u017eit\u00ed, je mo\u017en\u00e9 stimulaci vaje\u010dn\u00edk\u016f a odb\u011br oocyt\u016f podstoupit opakovan\u011b (nap\u0159. dvakr\u00e1t)<\/li>\n<li>Po rozmra\u017een\u00ed a oplozen\u00ed oocyt\u016f je d\u016fle\u017eit\u00e1 kvalita pou\u017eit\u00fdch spermi\u00ed pro oplozen\u00ed.<\/li>\n<li>Je pot\u0159eba zohlednit zdravotn\u00ed stav \u017eeny v dob\u011b zaveden\u00ed embrya do d\u011blohy.<\/li>\n<li>Obecn\u011b pravd\u011bpodobnost uhn\u00edzd\u011bn\u00ed embrya v d\u011bloze se s p\u0159ib\u00fdvaj\u00edc\u00edm v\u011bkem u zdrav\u00e9 \u017eeny nem\u011bn\u00ed, d\u016fle\u017eit\u00e9 je, v jak\u00e9m v\u011bku \u017eeny byly oocyty z\u00edsk\u00e1ny.<\/li>\n<li>Pravd\u011bpodobnost t\u011bhotenstv\u00ed za pou\u017eit\u00ed rozmra\u017een\u00fdch oocyt\u016f je individu\u00e1ln\u00ed, stejn\u011b jako u \u017een, kter\u00e9 podstupuj\u00ed asistovanou reprodukci p\u0159\u00edmo (bez kryo oocyt\u016f). N\u011bkter\u00e1 \u017eena ot\u011bhotn\u00ed hned v prvn\u00edm cyklu, n\u011bkter\u00e1 \u017eena t\u0159eba na druh\u00fd, t\u0159et\u00ed nebo a\u017e \u010dtvrt\u00fd pokus. Ojedin\u011ble a v\u00fdjime\u010dn\u011b se t\u011bhotenstv\u00ed asistovanou reprodukc\u00ed nepoda\u0159\u00ed doc\u00edlit.<\/li>\n<li>Pokud je V\u00e1m nap\u0159. 30 let a pl\u00e1nujete t\u011bhotenstv\u00ed za 1 a\u017e 2 roky, nechte si stanovit, zda je u V\u00e1s plodnost v po\u0159\u00e1dku, a pokud ano, pak social freezing nen\u00ed cesta pro V\u00e1s.<\/li>\n<li>Pokud je V\u00e1m nap\u0159. 30 let a pl\u00e1nujete t\u011bhotenstv\u00ed za 10-15 let, pak social freezing je cesta pro V\u00e1s.<\/li>\n<\/ul>\n<p>&nbsp;<\/p>\n<p><strong>JE DOBR\u00c9 B\u00ddT V O\u010cEK\u00c1V\u00c1N\u00cd ST\u0158\u00cdZLIV\u00ddM OPTIMISTOU \/ ST\u0158\u00cdZLIVOU OPTIMISTKOU \u263a<\/strong><\/p>\n<p>&nbsp;<\/p>\n<p>Pokud zva\u017eujete zamrazen\u00ed oocyt\u016f nebo embry\u00ed, objednejte se do ambulance Centra asistovan\u00e9 reprodukce, kde s V\u00e1mi l\u00e9ka\u0159 tuto mo\u017enost podrobn\u011b probere a po vy\u0161et\u0159en\u00ed a krevn\u00edch testech V\u00e1m doporu\u010d\u00ed optim\u00e1ln\u00ed postup.<\/p>\n                                                                    <\/div>\r\n                            <\/div>\r\n                        <\/div>\r\n                                            <!-- ITEM -->\r\n                        <div class=\"item_accord item\">\r\n                            <a href=\"#\" role=\"button\" class=\"item_accord_head head\">\r\n                                <h3 class=\"item_accord_title\">Jak postupovat, kdy\u017e se \u017eena rozhodne ot\u011bhotn\u011bt za pou\u017eit\u00ed zamra\u017een\u00fdch vaj\u00ed\u010dek<\/h3>\r\n                                <div class=\"item_accord_arrow\">\r\n                                    <svg class=\"sicofill\">\r\n                                        <use href=\"https:\/\/apolinar.capta.cz\/wp-content\/themes\/apolinar\/assets\/layout\/icons.svg#s_ar2_d\"\/>\r\n                                    <\/svg>\r\n                                <\/div>\r\n                            <\/a>\r\n                            <div class=\"expand\">\r\n                                <div class=\"item_accord_inner page_content reset_margins\">\r\n                                                                                                                                                        <p>V p\u0159\u00edpad\u011b, \u017ee budete m\u00edt zamra\u017een\u00e9 oocyty nebo embrya, a budete cht\u00edt ot\u011bhotn\u011bt pomoc\u00ed asistovan\u00e9 reprodukce, objedn\u00e1te se do ambulance (\u017eena i mu\u017e), kde l\u00e9ka\u0159 provede pot\u0159ebn\u00e1 vy\u0161et\u0159en\u00ed a stanov\u00ed, kdy by se provedl p\u0159enos neboli transfer embrya do d\u011blohy \u017eeny. V laborato\u0159i adekv\u00e1tn\u011b n\u011bkolik dn\u00ed p\u0159edem rozmraz\u00edme takov\u00fd po\u010det oocyt\u016f, na kter\u00e9m se domluv\u00edte s l\u00e9ka\u0159em nebo embryologem. Oplodn\u00edme je spermiemi partnera, nech\u00e1me kultivovat 2-6 dn\u00ed a embryo s nejvy\u0161\u0161\u00edm potenci\u00e1lem dal\u0161\u00edho v\u00fdvoje p\u0159iprav\u00edme v dan\u00fd den k transferu do d\u011blohy. Pokud je takov\u00fdch vhodn\u00fdch embry\u00ed v\u00edce, zamraz\u00edme je. V p\u0159\u00edpad\u011b, \u017ee je zamra\u017een\u00e9 ji\u017e embryo, rozmrazujeme ho v den, kdy je pl\u00e1nov\u00e1n transfer, kultivace embrya v \u017eivn\u00e9m m\u00e9diu je pouze ten den. P\u0159enos embrya do d\u011blohy nen\u00ed bolestiv\u00fd, prov\u00e1d\u00ed se pomoc\u00ed speci\u00e1ln\u00edho zavad\u011b\u010de &#8211; katetru, pod ultrazvukovou kontrolou. A zda se embryo zahn\u00edzdilo \u2013 implantovalo do d\u011blo\u017en\u00ed sliznice, se dozv\u00edte za 2-3 t\u00fddny.<\/p>\n                                                                    <\/div>\r\n                            <\/div>\r\n                        <\/div>\r\n                                    <\/div>\r\n                    <\/div>\r\n    <\/section>\r\n","protected":false},"excerpt":{"rendered":"","protected":false},"author":6,"featured_media":0,"parent":9706,"menu_order":0,"comment_status":"closed","ping_status":"closed","template":"","meta":{"_acf_changed":false,"footnotes":""},"class_list":["post-9389","page","type-page","status-publish","hentry"],"acf":[],"yoast_head":"<!-- This site is optimized with the Yoast SEO plugin v25.5 - https:\/\/yoast.com\/wordpress\/plugins\/seo\/ -->\n<title>Zachov\u00e1n\u00ed plodnosti \u017een - Porodnice U Apolin\u00e1\u0159e<\/title>\n<meta name=\"robots\" content=\"noindex, follow, max-snippet:-1, max-image-preview:large, max-video-preview:-1\" \/>\n<meta property=\"og:locale\" content=\"en_US\" \/>\n<meta property=\"og:type\" content=\"article\" \/>\n<meta property=\"og:title\" content=\"Zachov\u00e1n\u00ed plodnosti \u017een - Porodnice U Apolin\u00e1\u0159e\" \/>\n<meta property=\"og:url\" content=\"https:\/\/apolinar.capta.cz\/en\/centrum-asistovane-reprodukce\/poskytovana-pece\/zachovani-plodnosti-zen\/\" \/>\n<meta property=\"og:site_name\" content=\"Porodnice U Apolin\u00e1\u0159e\" \/>\n<meta name=\"twitter:card\" content=\"summary_large_image\" \/>\n<script type=\"application\/ld+json\" class=\"yoast-schema-graph\">{\"@context\":\"https:\/\/schema.org\",\"@graph\":[{\"@type\":\"WebPage\",\"@id\":\"https:\/\/apolinar.capta.cz\/en\/centrum-asistovane-reprodukce\/poskytovana-pece\/zachovani-plodnosti-zen\/\",\"url\":\"https:\/\/apolinar.capta.cz\/en\/centrum-asistovane-reprodukce\/poskytovana-pece\/zachovani-plodnosti-zen\/\",\"name\":\"Zachov\u00e1n\u00ed plodnosti \u017een - Porodnice U Apolin\u00e1\u0159e\",\"isPartOf\":{\"@id\":\"https:\/\/apolinar.capta.cz\/en\/#website\"},\"datePublished\":\"2024-07-27T20:50:50+00:00\",\"breadcrumb\":{\"@id\":\"https:\/\/apolinar.capta.cz\/en\/centrum-asistovane-reprodukce\/poskytovana-pece\/zachovani-plodnosti-zen\/#breadcrumb\"},\"inLanguage\":\"en-US\",\"potentialAction\":[{\"@type\":\"ReadAction\",\"target\":[\"https:\/\/apolinar.capta.cz\/en\/centrum-asistovane-reprodukce\/poskytovana-pece\/zachovani-plodnosti-zen\/\"]}]},{\"@type\":\"BreadcrumbList\",\"@id\":\"https:\/\/apolinar.capta.cz\/en\/centrum-asistovane-reprodukce\/poskytovana-pece\/zachovani-plodnosti-zen\/#breadcrumb\",\"itemListElement\":[{\"@type\":\"ListItem\",\"position\":1,\"name\":\"Dom\u016f\",\"item\":\"https:\/\/apolinar.capta.cz\/en\/\"},{\"@type\":\"ListItem\",\"position\":2,\"name\":\"Zachov\u00e1n\u00ed plodnosti \u017een\"}]},{\"@type\":\"WebSite\",\"@id\":\"https:\/\/apolinar.capta.cz\/en\/#website\",\"url\":\"https:\/\/apolinar.capta.cz\/en\/\",\"name\":\"Porodnice U Apolin\u00e1\u0159e\",\"description\":\"Klinika gynekologie, porodnictv\u00ed a neonatologie 1. LF UK a VFN v Praze\",\"potentialAction\":[{\"@type\":\"SearchAction\",\"target\":{\"@type\":\"EntryPoint\",\"urlTemplate\":\"https:\/\/apolinar.capta.cz\/en\/?s={search_term_string}\"},\"query-input\":{\"@type\":\"PropertyValueSpecification\",\"valueRequired\":true,\"valueName\":\"search_term_string\"}}],\"inLanguage\":\"en-US\"}]}<\/script>\n<!-- \/ Yoast SEO plugin. -->","yoast_head_json":{"title":"Zachov\u00e1n\u00ed plodnosti \u017een - Porodnice U Apolin\u00e1\u0159e","robots":{"index":"noindex","follow":"follow","max-snippet":"max-snippet:-1","max-image-preview":"max-image-preview:large","max-video-preview":"max-video-preview:-1"},"og_locale":"en_US","og_type":"article","og_title":"Zachov\u00e1n\u00ed plodnosti \u017een - Porodnice U Apolin\u00e1\u0159e","og_url":"https:\/\/apolinar.capta.cz\/en\/centrum-asistovane-reprodukce\/poskytovana-pece\/zachovani-plodnosti-zen\/","og_site_name":"Porodnice U Apolin\u00e1\u0159e","twitter_card":"summary_large_image","schema":{"@context":"https:\/\/schema.org","@graph":[{"@type":"WebPage","@id":"https:\/\/apolinar.capta.cz\/en\/centrum-asistovane-reprodukce\/poskytovana-pece\/zachovani-plodnosti-zen\/","url":"https:\/\/apolinar.capta.cz\/en\/centrum-asistovane-reprodukce\/poskytovana-pece\/zachovani-plodnosti-zen\/","name":"Zachov\u00e1n\u00ed plodnosti \u017een - Porodnice U Apolin\u00e1\u0159e","isPartOf":{"@id":"https:\/\/apolinar.capta.cz\/en\/#website"},"datePublished":"2024-07-27T20:50:50+00:00","breadcrumb":{"@id":"https:\/\/apolinar.capta.cz\/en\/centrum-asistovane-reprodukce\/poskytovana-pece\/zachovani-plodnosti-zen\/#breadcrumb"},"inLanguage":"en-US","potentialAction":[{"@type":"ReadAction","target":["https:\/\/apolinar.capta.cz\/en\/centrum-asistovane-reprodukce\/poskytovana-pece\/zachovani-plodnosti-zen\/"]}]},{"@type":"BreadcrumbList","@id":"https:\/\/apolinar.capta.cz\/en\/centrum-asistovane-reprodukce\/poskytovana-pece\/zachovani-plodnosti-zen\/#breadcrumb","itemListElement":[{"@type":"ListItem","position":1,"name":"Dom\u016f","item":"https:\/\/apolinar.capta.cz\/en\/"},{"@type":"ListItem","position":2,"name":"Zachov\u00e1n\u00ed plodnosti \u017een"}]},{"@type":"WebSite","@id":"https:\/\/apolinar.capta.cz\/en\/#website","url":"https:\/\/apolinar.capta.cz\/en\/","name":"Porodnice U Apolin\u00e1\u0159e","description":"Klinika gynekologie, porodnictv\u00ed a neonatologie 1. LF UK a VFN v Praze","potentialAction":[{"@type":"SearchAction","target":{"@type":"EntryPoint","urlTemplate":"https:\/\/apolinar.capta.cz\/en\/?s={search_term_string}"},"query-input":{"@type":"PropertyValueSpecification","valueRequired":true,"valueName":"search_term_string"}}],"inLanguage":"en-US"}]}},"_links":{"self":[{"href":"https:\/\/apolinar.capta.cz\/en\/wp-json\/wp\/v2\/pages\/9389","targetHints":{"allow":["GET"]}}],"collection":[{"href":"https:\/\/apolinar.capta.cz\/en\/wp-json\/wp\/v2\/pages"}],"about":[{"href":"https:\/\/apolinar.capta.cz\/en\/wp-json\/wp\/v2\/types\/page"}],"author":[{"embeddable":true,"href":"https:\/\/apolinar.capta.cz\/en\/wp-json\/wp\/v2\/users\/6"}],"replies":[{"embeddable":true,"href":"https:\/\/apolinar.capta.cz\/en\/wp-json\/wp\/v2\/comments?post=9389"}],"version-history":[{"count":0,"href":"https:\/\/apolinar.capta.cz\/en\/wp-json\/wp\/v2\/pages\/9389\/revisions"}],"up":[{"embeddable":true,"href":"https:\/\/apolinar.capta.cz\/en\/wp-json\/wp\/v2\/pages\/9706"}],"wp:attachment":[{"href":"https:\/\/apolinar.capta.cz\/en\/wp-json\/wp\/v2\/media?parent=9389"}],"curies":[{"name":"wp","href":"https:\/\/api.w.org\/{rel}","templated":true}]}}