{"id":9411,"date":"2024-07-28T00:18:29","date_gmt":"2024-07-27T22:18:29","guid":{"rendered":"https:\/\/apolinar.eu\/?page_id=9411"},"modified":"2024-07-28T00:18:29","modified_gmt":"2024-07-27T22:18:29","slug":"prakticke-informace","status":"publish","type":"page","link":"https:\/\/apolinar.capta.cz\/en\/centrum-asistovane-reprodukce\/prakticke-informace\/","title":{"rendered":"Praktick\u00e9 informace"},"content":{"rendered":"                <!-- TEXT BLOCK -->\r\n        <section\r\n                class=\"pdt-80 pdb-40 \"\r\n            >\r\n            <div class=\"wrapper2 text_block\">\r\n                <h2 class=\"title_h2 text_center_mdm\">Praktick\u00e9 informace<\/h2>                                                                                                <div class=\"page_content reset_margins\">\r\n                                                        <\/div>\r\n            <\/div>\r\n        <\/section>\r\n    \n\n    <!-- BLOK I - Neonatologie -->\r\n    <section\r\n            class=\"pdt-40 pdb-40 \"\r\n        >\r\n        <div class=\"wrapper2\">\r\n            <div class=\"grid small-space\">\r\n                <!-- LEFT SIDE -->\r\n                <div class=\"text_block col_equal col1_lgm pdr-20 pd-0lg observe anim_drop1 anim_delay\">\r\n                    <h2 class=\"title_h3 \">Centrum asistovan\u00e9 reprodukce &#8211; objedn\u00e1n\u00ed \u017een nebo p\u00e1r\u016f<\/h2>                    <div class=\"tags responsive text_w500\">\r\n                        <div class=\"inner\">\r\n                                                                                                                                                <a href=\"tel:+420224967418\">+420 224 967 418 <\/a>\r\n                                                                                                                    <span>p\u0159\u00edzem\u00ed vlevo<\/span>\r\n                                                    <\/div>\r\n                    <\/div>\r\n                    <div class=\"page_content reset_margins\">\r\n                        \u017d\u00e1danku nepot\u0159ebujete, pokud m\u00e1te jak\u00fdkoliv dotaz nebo byste se r\u00e1di \r\nobjednali na vstupn\u00ed konzultaci, zatelefonujte.\r\nAMBULANCE +420 224 967 418\r\n\r\n                    <\/div>\r\n                                                        <\/div>\r\n                <!-- RIGHT SIDE -->\r\n                <div class=\"col_default w370_lg col1_lgm list_items mgt-40lg observe anim_drop1 anim_delay\">\r\n                    <div class=\"bg3 radius10 pd-30 pd-25md\">\r\n                        <h3 class=\"title_h5 color2 text_uc text_w500\">\r\n                            Ordina\u010dn\u00ed hodiny                        <\/h3>\r\n                                                                            <table class=\"table_hours text_s16 mgt-10\">\r\n                                                                    <tr>\r\n                                        <th scope=\"row\">Pond\u011bl\u00ed<\/th>\r\n                                                                                    <td>7:30 &#8211; 15:30<\/td>\r\n                                                                            <\/tr>\r\n                                                                    <tr>\r\n                                        <th scope=\"row\">Uter\u00fd<\/th>\r\n                                                                                    <td>7:30 &#8211; 15:30<\/td>\r\n                                                                            <\/tr>\r\n                                                                    <tr>\r\n                                        <th scope=\"row\">St\u0159eda<\/th>\r\n                                                                                    <td>7:30 &#8211; 15:30<\/td>\r\n                                                                            <\/tr>\r\n                                                                    <tr>\r\n                                        <th scope=\"row\">\u010ctvrtek<\/th>\r\n                                                                                    <td>7:30 &#8211; 15:30<\/td>\r\n                                                                            <\/tr>\r\n                                                                    <tr>\r\n                                        <th scope=\"row\">P\u00e1tek<\/th>\r\n                                                                                    <td>7:30 &#8211; 14:30<\/td>\r\n                                                                            <\/tr>\r\n                                                            <\/table>\r\n                                            <\/div>\r\n                <\/div>\r\n            <\/div>\r\n        <\/div>\r\n    <\/section>\r\n\n\n    <!-- BLOK I - Neonatologie -->\r\n    <section\r\n            class=\"pdt-40 pdb-40 \"\r\n        >\r\n        <div class=\"wrapper2\">\r\n            <div class=\"grid small-space\">\r\n                <!-- LEFT SIDE -->\r\n                <div class=\"text_block col_equal col1_lgm pdr-20 pd-0lg observe anim_drop1 anim_delay\">\r\n                    <h2 class=\"title_h3 \">Objedn\u00e1n\u00ed mu\u017e\u016f na spermiogram\/kryokonzervaci<\/h2>                    <div class=\"tags responsive text_w500\">\r\n                        <div class=\"inner\">\r\n                                                                                        <a href=\"mailto:apolinar-labo@vfn.cz\">apolinar-labo@vfn.cz<\/a>\r\n                                                                                                                    <a href=\"tel:+420224967479\">+420 224 967 479<\/a>\r\n                                                                                                            <\/div>\r\n                    <\/div>\r\n                    <div class=\"page_content reset_margins\">\r\n                        Pro vy\u0161et\u0159en\u00ed spermiogramu (SPG) pot\u0159ebujete \u017e\u00e1danku od indikuj\u00edc\u00edho l\u00e9ka\u0159e, jinak nelze toto vy\u0161et\u0159en\u00ed vyk\u00e1zat poji\u0161\u0165ovn\u011b. V tom p\u0159\u00edpad\u011b si ho hrad\u00edte dle platn\u00e9ho cen\u00edku &#8211; viz n\u00ed\u017ee.                    <\/div>\r\n                                                        <\/div>\r\n                <!-- RIGHT SIDE -->\r\n                <div class=\"col_default w370_lg col1_lgm list_items mgt-40lg observe anim_drop1 anim_delay\">\r\n                    <div class=\"bg3 radius10 pd-30 pd-25md\">\r\n                        <h3 class=\"title_h5 color2 text_uc text_w500\">\r\n                            Ordina\u010dn\u00ed hodiny                        <\/h3>\r\n                                                                            <table class=\"table_hours text_s16 mgt-10\">\r\n                                                                    <tr>\r\n                                        <th scope=\"row\">Pond\u011bl\u00ed<\/th>\r\n                                                                                    <td>7:30 &#8211; 15:30<\/td>\r\n                                                                            <\/tr>\r\n                                                                    <tr>\r\n                                        <th scope=\"row\">Uter\u00fd<\/th>\r\n                                                                                    <td>7:30 &#8211; 15:30<\/td>\r\n                                                                            <\/tr>\r\n                                                                    <tr>\r\n                                        <th scope=\"row\">St\u0159eda<\/th>\r\n                                                                                    <td>7:30 &#8211; 15:30<\/td>\r\n                                                                            <\/tr>\r\n                                                                    <tr>\r\n                                        <th scope=\"row\">\u010ctvrtek<\/th>\r\n                                                                                    <td>7:30 &#8211; 15:30<\/td>\r\n                                                                            <\/tr>\r\n                                                                    <tr>\r\n                                        <th scope=\"row\">P\u00e1tek<\/th>\r\n                                                                                    <td>7:30 &#8211; 14:30<\/td>\r\n                                                                            <\/tr>\r\n                                                            <\/table>\r\n                                            <\/div>\r\n                <\/div>\r\n            <\/div>\r\n        <\/div>\r\n    <\/section>\r\n\n\n                <!-- TEXT BLOCK -->\r\n        <section\r\n                class=\"pdt-40 pdb-40 bg3\"\r\n            >\r\n            <div class=\"wrapper2 text_block\">\r\n                                                                                                    <h3 class=\"title_h3 text_center_mdm\">Kde n\u00e1s najdete?<\/h3>\r\n                                                <div class=\"page_content reset_margins\">\r\n                                                                                        <p><strong>Budova Kliniky gynekologie, porodnictv\u00ed a neonatologie, VFN (p\u0159\u00edzem\u00ed vlevo)<\/strong><br \/>\nApolin\u00e1\u0159sk\u00e1 441\/18<br \/>\nPraha 2<br \/>\nPS\u010c 128 08<\/p>\n                                    <\/div>\r\n            <\/div>\r\n        <\/section>\r\n    \n\n    <!-- BLOK K -->\r\n    <section\r\n            class=\"pdt-80 pdb-80 \"\r\n        id=\"01\">\r\n        <div class=\"wrapper2\">\r\n                                                                                            <div class=\"grid small-space\">\r\n                                                                                <!-- ITEM 1 -->\r\n                            <div class=\"col2 col1_mdm bg3 radius10 pd-35 pd-25md observe anim_drop1 anim_delay dflex flex-dir-column offset_dist\">\r\n                                <div class=\"text_block w100p mgb-auto\">\r\n                                    <h3 class=\"title_h3\">Informace pro \u017eeny a mu\u017ee p\u0159ed zah\u00e1jen\u00edm metod mimot\u011bln\u00edho oplozen\u00ed<\/h3>\r\n                                                                                                        <\/div>\r\n                                <div class=\"pdt-20 w100p\">\r\n                                    <div class=\"grid small-space\">\r\n                                        <div class=\"col_default offset_half\">\r\n                                            <a href=\"#\"\r\n                                               title=\"Informace pro \u017eeny a mu\u017ee p\u0159ed zah\u00e1jen\u00edm metod mimot\u011bln\u00edho oplozen\u00ed\"\r\n                                               target=\"_blank\"\r\n                                               class=\"btn_basic\">\r\n                                                Zobrazit                                            <\/a>\r\n                                        <\/div>\r\n                                        <div class=\"col_default offset_half\">\r\n                                            <a href=\"#\"\r\n                                               title=\"Informace pro \u017eeny a mu\u017ee p\u0159ed zah\u00e1jen\u00edm metod mimot\u011bln\u00edho oplozen\u00ed\"\r\n                                               download\r\n                                               class=\"btn_basic border\">\r\n                                                St\u00e1hnout                                            <\/a>\r\n                                        <\/div>\r\n                                    <\/div>\r\n                                <\/div>\r\n                            <\/div>\r\n                                                                                <!-- ITEM 1 -->\r\n                            <div class=\"col2 col1_mdm bg3 radius10 pd-35 pd-25md observe anim_drop1 anim_delay dflex flex-dir-column offset_dist\">\r\n                                <div class=\"text_block w100p mgb-auto\">\r\n                                    <h3 class=\"title_h3\">Ceny \u00fahrad v r\u00e1mci asistovan\u00e9 reprodukce<\/h3>\r\n                                                                                                        <\/div>\r\n                                <div class=\"pdt-20 w100p\">\r\n                                    <div class=\"grid small-space\">\r\n                                        <div class=\"col_default offset_half\">\r\n                                            <a href=\"#\"\r\n                                               title=\"Ceny \u00fahrad v r\u00e1mci asistovan\u00e9 reprodukce\"\r\n                                               target=\"_blank\"\r\n                                               class=\"btn_basic\">\r\n                                                Zobrazit                                            <\/a>\r\n                                        <\/div>\r\n                                        <div class=\"col_default offset_half\">\r\n                                            <a href=\"#\"\r\n                                               title=\"Ceny \u00fahrad v r\u00e1mci asistovan\u00e9 reprodukce\"\r\n                                               download\r\n                                               class=\"btn_basic border\">\r\n                                                St\u00e1hnout                                            <\/a>\r\n                                        <\/div>\r\n                                    <\/div>\r\n                                <\/div>\r\n                            <\/div>\r\n                                            <\/div>\r\n                                    <\/div>\r\n    <\/section>\r\n","protected":false},"excerpt":{"rendered":"","protected":false},"author":6,"featured_media":0,"parent":9356,"menu_order":0,"comment_status":"closed","ping_status":"closed","template":"","meta":{"_acf_changed":false,"footnotes":""},"class_list":["post-9411","page","type-page","status-publish","hentry"],"acf":[],"yoast_head":"<!-- This site is optimized with the Yoast SEO plugin v25.5 - https:\/\/yoast.com\/wordpress\/plugins\/seo\/ -->\n<title>Praktick\u00e9 informace - Porodnice U Apolin\u00e1\u0159e<\/title>\n<meta name=\"robots\" content=\"noindex, follow, max-snippet:-1, max-image-preview:large, max-video-preview:-1\" \/>\n<meta property=\"og:locale\" content=\"en_US\" \/>\n<meta property=\"og:type\" content=\"article\" \/>\n<meta property=\"og:title\" content=\"Praktick\u00e9 informace - Porodnice U Apolin\u00e1\u0159e\" \/>\n<meta property=\"og:url\" content=\"https:\/\/apolinar.capta.cz\/en\/centrum-asistovane-reprodukce\/prakticke-informace\/\" \/>\n<meta property=\"og:site_name\" content=\"Porodnice U Apolin\u00e1\u0159e\" \/>\n<meta name=\"twitter:card\" content=\"summary_large_image\" \/>\n<script type=\"application\/ld+json\" class=\"yoast-schema-graph\">{\"@context\":\"https:\/\/schema.org\",\"@graph\":[{\"@type\":\"WebPage\",\"@id\":\"https:\/\/apolinar.capta.cz\/en\/centrum-asistovane-reprodukce\/prakticke-informace\/\",\"url\":\"https:\/\/apolinar.capta.cz\/en\/centrum-asistovane-reprodukce\/prakticke-informace\/\",\"name\":\"Praktick\u00e9 informace - Porodnice U Apolin\u00e1\u0159e\",\"isPartOf\":{\"@id\":\"https:\/\/apolinar.capta.cz\/en\/#website\"},\"datePublished\":\"2024-07-27T22:18:29+00:00\",\"breadcrumb\":{\"@id\":\"https:\/\/apolinar.capta.cz\/en\/centrum-asistovane-reprodukce\/prakticke-informace\/#breadcrumb\"},\"inLanguage\":\"en-US\",\"potentialAction\":[{\"@type\":\"ReadAction\",\"target\":[\"https:\/\/apolinar.capta.cz\/en\/centrum-asistovane-reprodukce\/prakticke-informace\/\"]}]},{\"@type\":\"BreadcrumbList\",\"@id\":\"https:\/\/apolinar.capta.cz\/en\/centrum-asistovane-reprodukce\/prakticke-informace\/#breadcrumb\",\"itemListElement\":[{\"@type\":\"ListItem\",\"position\":1,\"name\":\"Dom\u016f\",\"item\":\"https:\/\/apolinar.capta.cz\/en\/\"},{\"@type\":\"ListItem\",\"position\":2,\"name\":\"Centrum asistovan\u00e9 reprodukce\",\"item\":\"https:\/\/apolinar.capta.cz\/en\/centrum-asistovane-reprodukce\/\"},{\"@type\":\"ListItem\",\"position\":3,\"name\":\"Praktick\u00e9 informace\"}]},{\"@type\":\"WebSite\",\"@id\":\"https:\/\/apolinar.capta.cz\/en\/#website\",\"url\":\"https:\/\/apolinar.capta.cz\/en\/\",\"name\":\"Porodnice U Apolin\u00e1\u0159e\",\"description\":\"Klinika gynekologie, porodnictv\u00ed a neonatologie 1. LF UK a VFN v Praze\",\"potentialAction\":[{\"@type\":\"SearchAction\",\"target\":{\"@type\":\"EntryPoint\",\"urlTemplate\":\"https:\/\/apolinar.capta.cz\/en\/?s={search_term_string}\"},\"query-input\":{\"@type\":\"PropertyValueSpecification\",\"valueRequired\":true,\"valueName\":\"search_term_string\"}}],\"inLanguage\":\"en-US\"}]}<\/script>\n<!-- \/ Yoast SEO plugin. -->","yoast_head_json":{"title":"Praktick\u00e9 informace - Porodnice U Apolin\u00e1\u0159e","robots":{"index":"noindex","follow":"follow","max-snippet":"max-snippet:-1","max-image-preview":"max-image-preview:large","max-video-preview":"max-video-preview:-1"},"og_locale":"en_US","og_type":"article","og_title":"Praktick\u00e9 informace - Porodnice U Apolin\u00e1\u0159e","og_url":"https:\/\/apolinar.capta.cz\/en\/centrum-asistovane-reprodukce\/prakticke-informace\/","og_site_name":"Porodnice U Apolin\u00e1\u0159e","twitter_card":"summary_large_image","schema":{"@context":"https:\/\/schema.org","@graph":[{"@type":"WebPage","@id":"https:\/\/apolinar.capta.cz\/en\/centrum-asistovane-reprodukce\/prakticke-informace\/","url":"https:\/\/apolinar.capta.cz\/en\/centrum-asistovane-reprodukce\/prakticke-informace\/","name":"Praktick\u00e9 informace - Porodnice U Apolin\u00e1\u0159e","isPartOf":{"@id":"https:\/\/apolinar.capta.cz\/en\/#website"},"datePublished":"2024-07-27T22:18:29+00:00","breadcrumb":{"@id":"https:\/\/apolinar.capta.cz\/en\/centrum-asistovane-reprodukce\/prakticke-informace\/#breadcrumb"},"inLanguage":"en-US","potentialAction":[{"@type":"ReadAction","target":["https:\/\/apolinar.capta.cz\/en\/centrum-asistovane-reprodukce\/prakticke-informace\/"]}]},{"@type":"BreadcrumbList","@id":"https:\/\/apolinar.capta.cz\/en\/centrum-asistovane-reprodukce\/prakticke-informace\/#breadcrumb","itemListElement":[{"@type":"ListItem","position":1,"name":"Dom\u016f","item":"https:\/\/apolinar.capta.cz\/en\/"},{"@type":"ListItem","position":2,"name":"Centrum asistovan\u00e9 reprodukce","item":"https:\/\/apolinar.capta.cz\/en\/centrum-asistovane-reprodukce\/"},{"@type":"ListItem","position":3,"name":"Praktick\u00e9 informace"}]},{"@type":"WebSite","@id":"https:\/\/apolinar.capta.cz\/en\/#website","url":"https:\/\/apolinar.capta.cz\/en\/","name":"Porodnice U Apolin\u00e1\u0159e","description":"Klinika gynekologie, porodnictv\u00ed a neonatologie 1. LF UK a VFN v Praze","potentialAction":[{"@type":"SearchAction","target":{"@type":"EntryPoint","urlTemplate":"https:\/\/apolinar.capta.cz\/en\/?s={search_term_string}"},"query-input":{"@type":"PropertyValueSpecification","valueRequired":true,"valueName":"search_term_string"}}],"inLanguage":"en-US"}]}},"_links":{"self":[{"href":"https:\/\/apolinar.capta.cz\/en\/wp-json\/wp\/v2\/pages\/9411","targetHints":{"allow":["GET"]}}],"collection":[{"href":"https:\/\/apolinar.capta.cz\/en\/wp-json\/wp\/v2\/pages"}],"about":[{"href":"https:\/\/apolinar.capta.cz\/en\/wp-json\/wp\/v2\/types\/page"}],"author":[{"embeddable":true,"href":"https:\/\/apolinar.capta.cz\/en\/wp-json\/wp\/v2\/users\/6"}],"replies":[{"embeddable":true,"href":"https:\/\/apolinar.capta.cz\/en\/wp-json\/wp\/v2\/comments?post=9411"}],"version-history":[{"count":0,"href":"https:\/\/apolinar.capta.cz\/en\/wp-json\/wp\/v2\/pages\/9411\/revisions"}],"up":[{"embeddable":true,"href":"https:\/\/apolinar.capta.cz\/en\/wp-json\/wp\/v2\/pages\/9356"}],"wp:attachment":[{"href":"https:\/\/apolinar.capta.cz\/en\/wp-json\/wp\/v2\/media?parent=9411"}],"curies":[{"name":"wp","href":"https:\/\/api.w.org\/{rel}","templated":true}]}}