{"id":9436,"date":"2024-07-28T05:01:56","date_gmt":"2024-07-28T03:01:56","guid":{"rendered":"https:\/\/apolinar.eu\/?page_id=9436"},"modified":"2024-07-28T05:01:56","modified_gmt":"2024-07-28T03:01:56","slug":"preimplantacni-geneticka-diagnostika","status":"publish","type":"page","link":"https:\/\/apolinar.capta.cz\/en\/centrum-asistovane-reprodukce\/poskytovana-pece\/preimplantacni-geneticka-diagnostika\/","title":{"rendered":"Preimplanta\u010dn\u00ed genetick\u00e1 diagnostika\u00a0"},"content":{"rendered":"                <!-- TEXT BLOCK -->\r\n        <section\r\n                class=\"pdt-80 pdb-40 \"\r\n            >\r\n            <div class=\"wrapper2 text_block\">\r\n                <h2 class=\"title_h2 text_center_mdm\">Preimplanta\u010dn\u00ed genetick\u00e1 diagnostika <\/h2>                                                                                                <div class=\"page_content reset_margins\">\r\n                                                                                        <ol>\n<li>Prov\u00e1d\u00ed se za \u00fa\u010delem v\u00fdb\u011bru kvalitn\u00edch embry\u00ed tak, \u017ee se dle doporu\u010den\u00ed klinick\u00e9ho genetika vol\u00ed jedna z metod k:\n<ul>\n<li>vylou\u010den\u00ed embry\u00ed s aneuploidiemi (PGT A)<\/li>\n<li>vylou\u010den\u00ed embry\u00ed s konkr\u00e9tn\u00ed d\u011bdi\u010dn\u011b v\u00e1zanou monogenn\u00ed chorobu (PGT M)<\/li>\n<li>vylou\u010den\u00ed embry\u00ed s konkr\u00e9tn\u00ed translokac\u00ed chromozom\u016f, tj. nav\u00e1z\u00e1n\u00ed \u010d\u00e1sti chromozomu na jin\u00fd chromozom (PGT SR) pro zaveden\u00ed do d\u011blohy.<\/li>\n<\/ul>\n<\/li>\n<li>Pro proveden\u00ed t\u00e9to metody je pot\u0159ebn\u00e1 indikace klinick\u00e9ho genetika.<\/li>\n<li>Metoda je zpoplatn\u011bna dle <a href=\"https:\/\/apolinar.capta.cz\/centrum-asistovane-reprodukce\/prakticke-informace\/#01\">aktu\u00e1ln\u00edho cen\u00edku<\/a><\/li>\n<\/ol>\n                                    <\/div>\r\n            <\/div>\r\n        <\/section>\r\n    \n\n                <!-- TEXT BLOCK -->\r\n        <section\r\n                class=\"pdt-80 pdb-80 bg3\"\r\n            >\r\n            <div class=\"wrapper2 text_block\">\r\n                                                                                                    <h3 class=\"title_h3 text_center_mdm\">Metoda kombinuje v\u00fdhody mimot\u011bln\u00edho oplozen\u00ed s genetick\u00fdm vy\u0161et\u0159en\u00edm bun\u011bk embrya takto:<\/h3>\r\n                                                <div class=\"page_content reset_margins\">\r\n                                                                                        <ul>\n<li>Odb\u011br oocyt\u016f a jejich n\u00e1sledn\u00e9 oplozen\u00ed metodou ICSI (intracytoplazmatick\u00e1 injekce spermie do vaj\u00ed\u010dka);<\/li>\n<li>Vznik kvalitn\u00edch blastocyst 5. a\/nebo 6. den v\u00fdvoje;<\/li>\n<li>Odb\u011br n\u011bkolika bun\u011bk trofektodermu blastocyst;<\/li>\n<li>Zamra\u017een\u00ed blastocyst metodou vitrifikace;<\/li>\n<li>Genetick\u00e9 testov\u00e1n\u00ed bun\u011bk blastocyst, v\u00fdsledek zpravidla po 1 m\u011bs\u00edci;<\/li>\n<\/ul>\n<p>V\u00fdsledek sd\u011bluje l\u00e9ka\u0159 telefonicky pacientce a dle v\u00fdsledku je napl\u00e1nov\u00e1n kryoembryotransfer kvalitn\u00edho a z genetick\u00e9 str\u00e1nky vhodn\u00e9ho embrya do d\u011blohy a\/nebo se p\u0159istupuje k dal\u0161\u00edmu cyklu IVF dle individu\u00e1ln\u00edch pot\u0159eb pacientky<\/p>\n<p>P\u0159i dal\u0161\u00ed n\u00e1v\u0161t\u011bv\u011b l\u00e9ka\u0159 seznamuje pacienty s genetick\u00fdmi v\u00fdsledky a vysv\u011btluje n\u00e1sledn\u00fd postup.<\/p>\n<p>Sou\u010d\u00e1st\u00ed n\u00e1v\u0161t\u011bvy pacient\u016f je podepisov\u00e1n\u00ed likvidace geneticky nevhodn\u00fdch embry\u00ed k transferu \u2013 odkaz na souhlas s likvidac\u00ed. <strong>F-CAR-324 \u017d\u00e1dost o likvidaci embry\u00ed_oocyt\u016f<\/strong><\/p>\n                                    <\/div>\r\n            <\/div>\r\n        <\/section>\r\n    \n\n    <!-- BLOK J GALERIA -->\r\n    <section\r\n            class=\"pdt-20 pdb-80 \"\r\n        >\r\n        <div class=\"wrapper2\">\r\n            <div class=\"text_block\">\r\n                                <div class=\"page_content reset_margins\">\r\n                                    <\/div>\r\n            <\/div>\r\n            <!-- SET LENGTH max 10 .. 10 > set length_more  -->\r\n                                                                            <\/div>\r\n    <\/section>\r\n","protected":false},"excerpt":{"rendered":"","protected":false},"author":6,"featured_media":0,"parent":9706,"menu_order":0,"comment_status":"closed","ping_status":"closed","template":"","meta":{"_acf_changed":false,"footnotes":""},"class_list":["post-9436","page","type-page","status-publish","hentry"],"acf":[],"yoast_head":"<!-- This site is optimized with the Yoast SEO plugin v25.5 - https:\/\/yoast.com\/wordpress\/plugins\/seo\/ -->\n<title>Preimplanta\u010dn\u00ed genetick\u00e1 diagnostika\u00a0 - Porodnice U Apolin\u00e1\u0159e<\/title>\n<meta name=\"robots\" content=\"noindex, follow, max-snippet:-1, max-image-preview:large, max-video-preview:-1\" \/>\n<meta property=\"og:locale\" content=\"en_US\" \/>\n<meta property=\"og:type\" content=\"article\" \/>\n<meta property=\"og:title\" content=\"Preimplanta\u010dn\u00ed genetick\u00e1 diagnostika\u00a0 - Porodnice U Apolin\u00e1\u0159e\" \/>\n<meta property=\"og:url\" content=\"https:\/\/apolinar.capta.cz\/en\/centrum-asistovane-reprodukce\/poskytovana-pece\/preimplantacni-geneticka-diagnostika\/\" \/>\n<meta property=\"og:site_name\" content=\"Porodnice U Apolin\u00e1\u0159e\" \/>\n<meta name=\"twitter:card\" content=\"summary_large_image\" \/>\n<script type=\"application\/ld+json\" class=\"yoast-schema-graph\">{\"@context\":\"https:\/\/schema.org\",\"@graph\":[{\"@type\":\"WebPage\",\"@id\":\"https:\/\/apolinar.capta.cz\/en\/centrum-asistovane-reprodukce\/poskytovana-pece\/preimplantacni-geneticka-diagnostika\/\",\"url\":\"https:\/\/apolinar.capta.cz\/en\/centrum-asistovane-reprodukce\/poskytovana-pece\/preimplantacni-geneticka-diagnostika\/\",\"name\":\"Preimplanta\u010dn\u00ed genetick\u00e1 diagnostika\u00a0 - Porodnice U Apolin\u00e1\u0159e\",\"isPartOf\":{\"@id\":\"https:\/\/apolinar.capta.cz\/en\/#website\"},\"datePublished\":\"2024-07-28T03:01:56+00:00\",\"breadcrumb\":{\"@id\":\"https:\/\/apolinar.capta.cz\/en\/centrum-asistovane-reprodukce\/poskytovana-pece\/preimplantacni-geneticka-diagnostika\/#breadcrumb\"},\"inLanguage\":\"en-US\",\"potentialAction\":[{\"@type\":\"ReadAction\",\"target\":[\"https:\/\/apolinar.capta.cz\/en\/centrum-asistovane-reprodukce\/poskytovana-pece\/preimplantacni-geneticka-diagnostika\/\"]}]},{\"@type\":\"BreadcrumbList\",\"@id\":\"https:\/\/apolinar.capta.cz\/en\/centrum-asistovane-reprodukce\/poskytovana-pece\/preimplantacni-geneticka-diagnostika\/#breadcrumb\",\"itemListElement\":[{\"@type\":\"ListItem\",\"position\":1,\"name\":\"Dom\u016f\",\"item\":\"https:\/\/apolinar.capta.cz\/en\/\"},{\"@type\":\"ListItem\",\"position\":2,\"name\":\"Preimplanta\u010dn\u00ed genetick\u00e1 diagnostika\u00a0\"}]},{\"@type\":\"WebSite\",\"@id\":\"https:\/\/apolinar.capta.cz\/en\/#website\",\"url\":\"https:\/\/apolinar.capta.cz\/en\/\",\"name\":\"Porodnice U Apolin\u00e1\u0159e\",\"description\":\"Klinika gynekologie, porodnictv\u00ed a neonatologie 1. LF UK a VFN v Praze\",\"potentialAction\":[{\"@type\":\"SearchAction\",\"target\":{\"@type\":\"EntryPoint\",\"urlTemplate\":\"https:\/\/apolinar.capta.cz\/en\/?s={search_term_string}\"},\"query-input\":{\"@type\":\"PropertyValueSpecification\",\"valueRequired\":true,\"valueName\":\"search_term_string\"}}],\"inLanguage\":\"en-US\"}]}<\/script>\n<!-- \/ Yoast SEO plugin. -->","yoast_head_json":{"title":"Preimplanta\u010dn\u00ed genetick\u00e1 diagnostika\u00a0 - Porodnice U Apolin\u00e1\u0159e","robots":{"index":"noindex","follow":"follow","max-snippet":"max-snippet:-1","max-image-preview":"max-image-preview:large","max-video-preview":"max-video-preview:-1"},"og_locale":"en_US","og_type":"article","og_title":"Preimplanta\u010dn\u00ed genetick\u00e1 diagnostika\u00a0 - Porodnice U Apolin\u00e1\u0159e","og_url":"https:\/\/apolinar.capta.cz\/en\/centrum-asistovane-reprodukce\/poskytovana-pece\/preimplantacni-geneticka-diagnostika\/","og_site_name":"Porodnice U Apolin\u00e1\u0159e","twitter_card":"summary_large_image","schema":{"@context":"https:\/\/schema.org","@graph":[{"@type":"WebPage","@id":"https:\/\/apolinar.capta.cz\/en\/centrum-asistovane-reprodukce\/poskytovana-pece\/preimplantacni-geneticka-diagnostika\/","url":"https:\/\/apolinar.capta.cz\/en\/centrum-asistovane-reprodukce\/poskytovana-pece\/preimplantacni-geneticka-diagnostika\/","name":"Preimplanta\u010dn\u00ed genetick\u00e1 diagnostika\u00a0 - Porodnice U Apolin\u00e1\u0159e","isPartOf":{"@id":"https:\/\/apolinar.capta.cz\/en\/#website"},"datePublished":"2024-07-28T03:01:56+00:00","breadcrumb":{"@id":"https:\/\/apolinar.capta.cz\/en\/centrum-asistovane-reprodukce\/poskytovana-pece\/preimplantacni-geneticka-diagnostika\/#breadcrumb"},"inLanguage":"en-US","potentialAction":[{"@type":"ReadAction","target":["https:\/\/apolinar.capta.cz\/en\/centrum-asistovane-reprodukce\/poskytovana-pece\/preimplantacni-geneticka-diagnostika\/"]}]},{"@type":"BreadcrumbList","@id":"https:\/\/apolinar.capta.cz\/en\/centrum-asistovane-reprodukce\/poskytovana-pece\/preimplantacni-geneticka-diagnostika\/#breadcrumb","itemListElement":[{"@type":"ListItem","position":1,"name":"Dom\u016f","item":"https:\/\/apolinar.capta.cz\/en\/"},{"@type":"ListItem","position":2,"name":"Preimplanta\u010dn\u00ed genetick\u00e1 diagnostika\u00a0"}]},{"@type":"WebSite","@id":"https:\/\/apolinar.capta.cz\/en\/#website","url":"https:\/\/apolinar.capta.cz\/en\/","name":"Porodnice U Apolin\u00e1\u0159e","description":"Klinika gynekologie, porodnictv\u00ed a neonatologie 1. LF UK a VFN v Praze","potentialAction":[{"@type":"SearchAction","target":{"@type":"EntryPoint","urlTemplate":"https:\/\/apolinar.capta.cz\/en\/?s={search_term_string}"},"query-input":{"@type":"PropertyValueSpecification","valueRequired":true,"valueName":"search_term_string"}}],"inLanguage":"en-US"}]}},"_links":{"self":[{"href":"https:\/\/apolinar.capta.cz\/en\/wp-json\/wp\/v2\/pages\/9436","targetHints":{"allow":["GET"]}}],"collection":[{"href":"https:\/\/apolinar.capta.cz\/en\/wp-json\/wp\/v2\/pages"}],"about":[{"href":"https:\/\/apolinar.capta.cz\/en\/wp-json\/wp\/v2\/types\/page"}],"author":[{"embeddable":true,"href":"https:\/\/apolinar.capta.cz\/en\/wp-json\/wp\/v2\/users\/6"}],"replies":[{"embeddable":true,"href":"https:\/\/apolinar.capta.cz\/en\/wp-json\/wp\/v2\/comments?post=9436"}],"version-history":[{"count":0,"href":"https:\/\/apolinar.capta.cz\/en\/wp-json\/wp\/v2\/pages\/9436\/revisions"}],"up":[{"embeddable":true,"href":"https:\/\/apolinar.capta.cz\/en\/wp-json\/wp\/v2\/pages\/9706"}],"wp:attachment":[{"href":"https:\/\/apolinar.capta.cz\/en\/wp-json\/wp\/v2\/media?parent=9436"}],"curies":[{"name":"wp","href":"https:\/\/api.w.org\/{rel}","templated":true}]}}