{"id":9447,"date":"2024-07-28T06:01:47","date_gmt":"2024-07-28T04:01:47","guid":{"rendered":"https:\/\/apolinar.eu\/?page_id=9447"},"modified":"2024-07-28T06:01:47","modified_gmt":"2024-07-28T04:01:47","slug":"darcovsky-program","status":"publish","type":"page","link":"https:\/\/apolinar.capta.cz\/en\/centrum-asistovane-reprodukce\/poskytovana-pece\/darcovsky-program\/","title":{"rendered":"D\u00e1rcovsk\u00fd program"},"content":{"rendered":"                <!-- TEXT BLOCK -->\r\n        <section\r\n                class=\"pdt-60 pdb-60 \"\r\n            >\r\n            <div class=\"wrapper2 text_block\">\r\n                <h2 class=\"title_h2 text_center_mdm\">D\u00e1rcovsk\u00fd program<\/h2>                                                                                                <div class=\"page_content reset_margins\">\r\n                                                        <\/div>\r\n            <\/div>\r\n        <\/section>\r\n    \n\n    <!-- ACCORD -->\r\n    <section\r\n            class=\"pdt-80 pdb-80 bg3\"\r\n        >\r\n        <div class=\"wrapper2 anim_delay anim_drop1 observe\">\r\n                                                    <div class=\"accord mgt-30\">\r\n                                            <!-- ITEM -->\r\n                        <div class=\"item_accord item\">\r\n                            <a href=\"#\" role=\"button\" class=\"item_accord_head head\">\r\n                                <h3 class=\"item_accord_title\">1) Podstupuji asistovanou reprodukci a pot\u0159ebuji vaj\u00ed\u010dka od d\u00e1rkyn\u011b<\/h3>\r\n                                <div class=\"item_accord_arrow\">\r\n                                    <svg class=\"sicofill\">\r\n                                        <use href=\"https:\/\/apolinar.capta.cz\/wp-content\/themes\/apolinar\/assets\/layout\/icons.svg#s_ar2_d\"\/>\r\n                                    <\/svg>\r\n                                <\/div>\r\n                            <\/a>\r\n                            <div class=\"expand\">\r\n                                <div class=\"item_accord_inner page_content reset_margins\">\r\n                                                                                                                                                        <p>V sou\u010dasn\u00e9 dob\u011b je dostupnost vaj\u00ed\u010dek od d\u00e1rkyn\u011b v na\u0161em IVF centru omezena, v p\u0159\u00edpad\u011b z\u00e1jmu se informujte na tel. lince: +420 224 967 418<\/p>\n                                                                    <\/div>\r\n                            <\/div>\r\n                        <\/div>\r\n                                            <!-- ITEM -->\r\n                        <div class=\"item_accord item\">\r\n                            <a href=\"#\" role=\"button\" class=\"item_accord_head head\">\r\n                                <h3 class=\"item_accord_title\">2) Podstupuji asistovanou reprodukci a pot\u0159ebuji sperma od d\u00e1rce<\/h3>\r\n                                <div class=\"item_accord_arrow\">\r\n                                    <svg class=\"sicofill\">\r\n                                        <use href=\"https:\/\/apolinar.capta.cz\/wp-content\/themes\/apolinar\/assets\/layout\/icons.svg#s_ar2_d\"\/>\r\n                                    <\/svg>\r\n                                <\/div>\r\n                            <\/a>\r\n                            <div class=\"expand\">\r\n                                <div class=\"item_accord_inner page_content reset_margins\">\r\n                                                                                                                                                        <ul>\n<li>V p\u0159\u00edpad\u011b, \u017ee pot\u0159ebujete darovan\u00e9 spermie, m\u016f\u017eete si vybrat d\u00e1rce z na\u0161eho aktu\u00e1ln\u00edho seznamu d\u00e1rc\u016f F-CAR-338 Seznam a popis d\u00e1rc\u016f spermatu;<\/li>\n<li>Na\u0161i d\u00e1rci podstoupili v\u0161echna pot\u0159ebn\u00e1 vy\u0161et\u0159en\u00ed v\u010detn\u011b genetick\u00fdch;<\/li>\n<li>Sperma na\u0161ich d\u00e1rc\u016f je vhodn\u00e9 pro oplozen\u00ed v r\u00e1mci IVF cyklu, ale tak\u00e9 pro proveden\u00ed inseminace;<\/li>\n<li>Platbu za 1 d\u00e1vku spermatu najdete v na\u0161em <a href=\"https:\/\/apolinar.capta.cz\/centrum-asistovane-reprodukce\/prakticke-informace\/#01\">cen\u00edku v\u00fdkon\u016f.<\/a><\/li>\n<\/ul>\n                                                                    <\/div>\r\n                            <\/div>\r\n                        <\/div>\r\n                                            <!-- ITEM -->\r\n                        <div class=\"item_accord item\">\r\n                            <a href=\"#\" role=\"button\" class=\"item_accord_head head\">\r\n                                <h3 class=\"item_accord_title\">3) M\u00e1m z\u00e1jem o darov\u00e1n\u00ed sv\u00fdch vaj\u00ed\u010dek<\/h3>\r\n                                <div class=\"item_accord_arrow\">\r\n                                    <svg class=\"sicofill\">\r\n                                        <use href=\"https:\/\/apolinar.capta.cz\/wp-content\/themes\/apolinar\/assets\/layout\/icons.svg#s_ar2_d\"\/>\r\n                                    <\/svg>\r\n                                <\/div>\r\n                            <\/a>\r\n                            <div class=\"expand\">\r\n                                <div class=\"item_accord_inner page_content reset_margins\">\r\n                                                                                                                                                        <ul>\n<li>Darov\u00e1n\u00ed vaj\u00ed\u010dek je anonymn\u00ed, v\u00edce informac\u00ed v F-CAR-802 \u017d\u00e1dost a souhlas s darov\u00e1n\u00edm sv\u00fdch vaj\u00ed\u010dek.<\/li>\n<li>Z\u00e1kladn\u00edm p\u0159edpokladem je v\u011bk 18-34 let a dostate\u010dn\u00e1 z\u00e1soba vaj\u00ed\u010dek.<\/li>\n<li>P\u0159ed darov\u00e1n\u00edm V\u00e1m zajist\u00edme v\u0161echna pot\u0159ebn\u00e1 vy\u0161et\u0159en\u00ed; vy\u0161et\u0159en\u00ed trvaj\u00ed cca 3 m\u011bs\u00edce, pot\u00e9 se p\u0159istupuje k hormon\u00e1ln\u00ed stimulaci ukon\u010den\u00e9 odb\u011brem vaj\u00ed\u010dek \u2013 tato procedura trv\u00e1 cca 14 dn\u00ed.<\/li>\n<li>Po odb\u011bru vaj\u00ed\u010dek dost\u00e1v\u00e1te finan\u010dn\u00ed kompenzaci \u00fa\u010deln\u011b vynalo\u017een\u00fdch n\u00e1klad\u016f.<\/li>\n<li>Podrobn\u00e9 informace o darov\u00e1n\u00ed vaj\u00ed\u010dek najdete <a href=\"https:\/\/apolinar.capta.cz\/centrum-asistovane-reprodukce\/poskytovana-pece\/darcovsky-program\/#01\">zde<\/a> nebo se m\u016f\u017eete informovat na tel. \u010d. 224 967 418<\/li>\n<\/ul>\n<p><strong>D\u011bkujeme za Va\u0161i pomoc pro \u017eeny, kter\u00e9 z r\u016fzn\u00fdch d\u016fvod\u016f vlastn\u00ed vaj\u00ed\u010dka nemaj\u00ed nebo jejich vaj\u00ed\u010dka nedaj\u00ed vznik \u017eivotaschopn\u00e9mu z\u00e1rodku.<\/strong><\/p>\n                                                                    <\/div>\r\n                            <\/div>\r\n                        <\/div>\r\n                                            <!-- ITEM -->\r\n                        <div class=\"item_accord item\">\r\n                            <a href=\"#\" role=\"button\" class=\"item_accord_head head\">\r\n                                <h3 class=\"item_accord_title\">4) M\u00e1m z\u00e1jem o darov\u00e1n\u00ed sv\u00fdch spermi\u00ed<\/h3>\r\n                                <div class=\"item_accord_arrow\">\r\n                                    <svg class=\"sicofill\">\r\n                                        <use href=\"https:\/\/apolinar.capta.cz\/wp-content\/themes\/apolinar\/assets\/layout\/icons.svg#s_ar2_d\"\/>\r\n                                    <\/svg>\r\n                                <\/div>\r\n                            <\/a>\r\n                            <div class=\"expand\">\r\n                                <div class=\"item_accord_inner page_content reset_margins\">\r\n                                                                                                                                                        <ul>\n<li>Darov\u00e1n\u00ed spermatu je anonymn\u00ed &#8211; v\u00edce informac\u00ed F-CAR-602 Pou\u010den\u00ed a souhlas d\u00e1rce spermatu.<\/li>\n<li>Z\u00e1kladn\u00edm p\u0159edpokladem je v\u011bk 18 \u2013 39 let a norm\u00e1ln\u00ed spermiogram.<\/li>\n<li>P\u0159ed darov\u00e1n\u00edm V\u00e1m zajist\u00edme v\u0161echna pot\u0159ebn\u00e1 vy\u0161et\u0159en\u00ed; vy\u0161et\u0159en\u00ed trvaj\u00ed cca 3 m\u011bs\u00edce, pot\u00e9 p\u0159istupujeme k jednotliv\u00fdm odb\u011br\u016fm spermatu za \u00fa\u010delem zamra\u017een\u00ed pro budouc\u00ed anonymn\u00ed pou\u017eit\u00ed.<\/li>\n<li>Odb\u011br\u016f b\u00fdv\u00e1 10 \u2013 20 v obdob\u00ed 2-3 m\u011bs\u00edc\u016f, po odb\u011brech dost\u00e1v\u00e1te \u010d\u00e1st finan\u010dn\u00ed kompenzace.<\/li>\n<li>Po 180 dnech po posledn\u00edm odb\u011bru spermatu se prov\u00e1d\u00ed povinn\u00fd odb\u011br krve na sexu\u00e1ln\u011b p\u0159enosn\u00e9 choroby a dost\u00e1v\u00e1te druhou \u010d\u00e1st finan\u010dn\u00ed kompenzace \u00fa\u010deln\u011b vynalo\u017een\u00fdch n\u00e1klad\u016f.<\/li>\n<li>Podrobn\u00e9 informace o darov\u00e1n\u00ed spermatu najdete <a href=\"https:\/\/apolinar.capta.cz\/centrum-asistovane-reprodukce\/poskytovana-pece\/darcovsky-program\/#01\">zde<\/a>\u00a0 nebo se m\u016f\u017eete informovat na tel.: +420 224 967 479, event. napsat email na adresu: <a href=\"mailto:apolinar-CAR-labo@vfn.cz\">apolinar-CAR-labo@vfn.cz<\/a><\/li>\n<\/ul>\n<p>&nbsp;<\/p>\n<p><strong>D\u011bkujeme za Va\u0161i pomoc pro p\u00e1ry, kde mu\u017e z r\u016fzn\u00fdch d\u016fvod\u016f nem\u00e1 vlastn\u00ed spermie nebo jeho spermie nedaj\u00ed vznik \u017eivotaschopn\u00e9mu z\u00e1rodku.<\/strong><\/p>\n                                                                    <\/div>\r\n                            <\/div>\r\n                        <\/div>\r\n                                    <\/div>\r\n                    <\/div>\r\n    <\/section>\r\n\n\n    <!-- BLOK K -->\r\n    <section\r\n            class=\"pdt-80 pdb-80 \"\r\n        id=\"01\">\r\n        <div class=\"wrapper2\">\r\n                                                                                            <div class=\"grid small-space\">\r\n                                                                                <!-- ITEM 1 -->\r\n                            <div class=\"col2 col1_mdm bg3 radius10 pd-35 pd-25md observe anim_drop1 anim_delay dflex flex-dir-column offset_dist\">\r\n                                <div class=\"text_block w100p mgb-auto\">\r\n                                    <h3 class=\"title_h3\">D\u00e1rce vaj\u00ed\u010dek<\/h3>\r\n                                                                                                                <div class=\"page_content reset_margins\">\r\n                                            <p>Darujte \u017eivot.<\/p>\r\n                                        <\/div>\r\n                                                                    <\/div>\r\n                                <div class=\"pdt-20 w100p\">\r\n                                    <div class=\"grid small-space\">\r\n                                        <div class=\"col_default offset_half\">\r\n                                            <a href=\"#\"\r\n                                               title=\"D\u00e1rce vaj\u00ed\u010dek\"\r\n                                               target=\"_blank\"\r\n                                               class=\"btn_basic\">\r\n                                                Zobrazit                                            <\/a>\r\n                                        <\/div>\r\n                                        <div class=\"col_default offset_half\">\r\n                                            <a href=\"#\"\r\n                                               title=\"D\u00e1rce vaj\u00ed\u010dek\"\r\n                                               download\r\n                                               class=\"btn_basic border\">\r\n                                                St\u00e1hnout                                            <\/a>\r\n                                        <\/div>\r\n                                    <\/div>\r\n                                <\/div>\r\n                            <\/div>\r\n                                                                                <!-- ITEM 1 -->\r\n                            <div class=\"col2 col1_mdm bg3 radius10 pd-35 pd-25md observe anim_drop1 anim_delay dflex flex-dir-column offset_dist\">\r\n                                <div class=\"text_block w100p mgb-auto\">\r\n                                    <h3 class=\"title_h3\">D\u00e1rce spermatu<\/h3>\r\n                                                                                                                <div class=\"page_content reset_margins\">\r\n                                            <p>Darujte \u017eivot.<\/p>\r\n                                        <\/div>\r\n                                                                    <\/div>\r\n                                <div class=\"pdt-20 w100p\">\r\n                                    <div class=\"grid small-space\">\r\n                                        <div class=\"col_default offset_half\">\r\n                                            <a href=\"#\"\r\n                                               title=\"D\u00e1rce spermatu\"\r\n                                               target=\"_blank\"\r\n                                               class=\"btn_basic\">\r\n                                                Zobrazit                                            <\/a>\r\n                                        <\/div>\r\n                                        <div class=\"col_default offset_half\">\r\n                                            <a href=\"#\"\r\n                                               title=\"D\u00e1rce spermatu\"\r\n                                               download\r\n                                               class=\"btn_basic border\">\r\n                                                St\u00e1hnout                                            <\/a>\r\n                                        <\/div>\r\n                                    <\/div>\r\n                                <\/div>\r\n                            <\/div>\r\n                                            <\/div>\r\n                                    <\/div>\r\n    <\/section>\r\n","protected":false},"excerpt":{"rendered":"","protected":false},"author":6,"featured_media":0,"parent":9706,"menu_order":0,"comment_status":"closed","ping_status":"closed","template":"","meta":{"_acf_changed":false,"footnotes":""},"class_list":["post-9447","page","type-page","status-publish","hentry"],"acf":[],"yoast_head":"<!-- This site is optimized with the Yoast SEO plugin v25.5 - https:\/\/yoast.com\/wordpress\/plugins\/seo\/ -->\n<title>D\u00e1rcovsk\u00fd program - Porodnice U Apolin\u00e1\u0159e<\/title>\n<meta name=\"robots\" content=\"noindex, follow, max-snippet:-1, max-image-preview:large, max-video-preview:-1\" \/>\n<meta property=\"og:locale\" content=\"en_US\" \/>\n<meta property=\"og:type\" content=\"article\" \/>\n<meta property=\"og:title\" content=\"D\u00e1rcovsk\u00fd program - Porodnice U Apolin\u00e1\u0159e\" \/>\n<meta property=\"og:url\" content=\"https:\/\/apolinar.capta.cz\/en\/centrum-asistovane-reprodukce\/poskytovana-pece\/darcovsky-program\/\" \/>\n<meta property=\"og:site_name\" content=\"Porodnice U Apolin\u00e1\u0159e\" \/>\n<meta name=\"twitter:card\" content=\"summary_large_image\" \/>\n<script type=\"application\/ld+json\" class=\"yoast-schema-graph\">{\"@context\":\"https:\/\/schema.org\",\"@graph\":[{\"@type\":\"WebPage\",\"@id\":\"https:\/\/apolinar.capta.cz\/en\/centrum-asistovane-reprodukce\/poskytovana-pece\/darcovsky-program\/\",\"url\":\"https:\/\/apolinar.capta.cz\/en\/centrum-asistovane-reprodukce\/poskytovana-pece\/darcovsky-program\/\",\"name\":\"D\u00e1rcovsk\u00fd program - Porodnice U Apolin\u00e1\u0159e\",\"isPartOf\":{\"@id\":\"https:\/\/apolinar.capta.cz\/en\/#website\"},\"datePublished\":\"2024-07-28T04:01:47+00:00\",\"breadcrumb\":{\"@id\":\"https:\/\/apolinar.capta.cz\/en\/centrum-asistovane-reprodukce\/poskytovana-pece\/darcovsky-program\/#breadcrumb\"},\"inLanguage\":\"en-US\",\"potentialAction\":[{\"@type\":\"ReadAction\",\"target\":[\"https:\/\/apolinar.capta.cz\/en\/centrum-asistovane-reprodukce\/poskytovana-pece\/darcovsky-program\/\"]}]},{\"@type\":\"BreadcrumbList\",\"@id\":\"https:\/\/apolinar.capta.cz\/en\/centrum-asistovane-reprodukce\/poskytovana-pece\/darcovsky-program\/#breadcrumb\",\"itemListElement\":[{\"@type\":\"ListItem\",\"position\":1,\"name\":\"Dom\u016f\",\"item\":\"https:\/\/apolinar.capta.cz\/en\/\"},{\"@type\":\"ListItem\",\"position\":2,\"name\":\"D\u00e1rcovsk\u00fd program\"}]},{\"@type\":\"WebSite\",\"@id\":\"https:\/\/apolinar.capta.cz\/en\/#website\",\"url\":\"https:\/\/apolinar.capta.cz\/en\/\",\"name\":\"Porodnice U Apolin\u00e1\u0159e\",\"description\":\"Klinika gynekologie, porodnictv\u00ed a neonatologie 1. LF UK a VFN v Praze\",\"potentialAction\":[{\"@type\":\"SearchAction\",\"target\":{\"@type\":\"EntryPoint\",\"urlTemplate\":\"https:\/\/apolinar.capta.cz\/en\/?s={search_term_string}\"},\"query-input\":{\"@type\":\"PropertyValueSpecification\",\"valueRequired\":true,\"valueName\":\"search_term_string\"}}],\"inLanguage\":\"en-US\"}]}<\/script>\n<!-- \/ Yoast SEO plugin. -->","yoast_head_json":{"title":"D\u00e1rcovsk\u00fd program - Porodnice U Apolin\u00e1\u0159e","robots":{"index":"noindex","follow":"follow","max-snippet":"max-snippet:-1","max-image-preview":"max-image-preview:large","max-video-preview":"max-video-preview:-1"},"og_locale":"en_US","og_type":"article","og_title":"D\u00e1rcovsk\u00fd program - Porodnice U Apolin\u00e1\u0159e","og_url":"https:\/\/apolinar.capta.cz\/en\/centrum-asistovane-reprodukce\/poskytovana-pece\/darcovsky-program\/","og_site_name":"Porodnice U Apolin\u00e1\u0159e","twitter_card":"summary_large_image","schema":{"@context":"https:\/\/schema.org","@graph":[{"@type":"WebPage","@id":"https:\/\/apolinar.capta.cz\/en\/centrum-asistovane-reprodukce\/poskytovana-pece\/darcovsky-program\/","url":"https:\/\/apolinar.capta.cz\/en\/centrum-asistovane-reprodukce\/poskytovana-pece\/darcovsky-program\/","name":"D\u00e1rcovsk\u00fd program - Porodnice U Apolin\u00e1\u0159e","isPartOf":{"@id":"https:\/\/apolinar.capta.cz\/en\/#website"},"datePublished":"2024-07-28T04:01:47+00:00","breadcrumb":{"@id":"https:\/\/apolinar.capta.cz\/en\/centrum-asistovane-reprodukce\/poskytovana-pece\/darcovsky-program\/#breadcrumb"},"inLanguage":"en-US","potentialAction":[{"@type":"ReadAction","target":["https:\/\/apolinar.capta.cz\/en\/centrum-asistovane-reprodukce\/poskytovana-pece\/darcovsky-program\/"]}]},{"@type":"BreadcrumbList","@id":"https:\/\/apolinar.capta.cz\/en\/centrum-asistovane-reprodukce\/poskytovana-pece\/darcovsky-program\/#breadcrumb","itemListElement":[{"@type":"ListItem","position":1,"name":"Dom\u016f","item":"https:\/\/apolinar.capta.cz\/en\/"},{"@type":"ListItem","position":2,"name":"D\u00e1rcovsk\u00fd program"}]},{"@type":"WebSite","@id":"https:\/\/apolinar.capta.cz\/en\/#website","url":"https:\/\/apolinar.capta.cz\/en\/","name":"Porodnice U Apolin\u00e1\u0159e","description":"Klinika gynekologie, porodnictv\u00ed a neonatologie 1. LF UK a VFN v Praze","potentialAction":[{"@type":"SearchAction","target":{"@type":"EntryPoint","urlTemplate":"https:\/\/apolinar.capta.cz\/en\/?s={search_term_string}"},"query-input":{"@type":"PropertyValueSpecification","valueRequired":true,"valueName":"search_term_string"}}],"inLanguage":"en-US"}]}},"_links":{"self":[{"href":"https:\/\/apolinar.capta.cz\/en\/wp-json\/wp\/v2\/pages\/9447","targetHints":{"allow":["GET"]}}],"collection":[{"href":"https:\/\/apolinar.capta.cz\/en\/wp-json\/wp\/v2\/pages"}],"about":[{"href":"https:\/\/apolinar.capta.cz\/en\/wp-json\/wp\/v2\/types\/page"}],"author":[{"embeddable":true,"href":"https:\/\/apolinar.capta.cz\/en\/wp-json\/wp\/v2\/users\/6"}],"replies":[{"embeddable":true,"href":"https:\/\/apolinar.capta.cz\/en\/wp-json\/wp\/v2\/comments?post=9447"}],"version-history":[{"count":0,"href":"https:\/\/apolinar.capta.cz\/en\/wp-json\/wp\/v2\/pages\/9447\/revisions"}],"up":[{"embeddable":true,"href":"https:\/\/apolinar.capta.cz\/en\/wp-json\/wp\/v2\/pages\/9706"}],"wp:attachment":[{"href":"https:\/\/apolinar.capta.cz\/en\/wp-json\/wp\/v2\/media?parent=9447"}],"curies":[{"name":"wp","href":"https:\/\/api.w.org\/{rel}","templated":true}]}}