{"id":993,"date":"2023-06-29T15:13:34","date_gmt":"2023-06-29T13:13:34","guid":{"rendered":"https:\/\/apolinar.eu\/?page_id=993"},"modified":"2023-06-29T15:13:34","modified_gmt":"2023-06-29T13:13:34","slug":"sestinedeli","status":"publish","type":"page","link":"https:\/\/apolinar.capta.cz\/en\/porodnice\/po-porodu\/sestinedeli\/","title":{"rendered":"\u0160estined\u011bl\u00ed"},"content":{"rendered":"        <section\r\n            class=\"pdt-80 pdb-40 \"\r\n        >\r\n        <div class=\"wrapper2\">\r\n                            <div class=\"text_block observe anim_drop1 anim_delay\">\r\n                    <h2 class=\"title_h2 \">\u0160estined\u011bl\u00ed<\/h2>                                            <div class=\"tags responsive\">\r\n                            <div class=\"inner justify-center-mdm\">\r\n                                                                                                            <a href=\"https:\/\/apolinar.capta.cz\/porodnice\/po-porodu\/sestinedeli\/#01\"\r\n                                           title=\"Kdy mohu dom\u016f\"\r\n                                           >\r\n                                            Kdy mohu dom\u016f                                        <\/a>\r\n                                                                                                                                                <a href=\"https:\/\/apolinar.capta.cz\/porodnice\/po-porodu\/sestinedeli\/#02\"\r\n                                           title=\"Nadstandardn\u00ed pokoje\"\r\n                                           >\r\n                                            Nadstandardn\u00ed pokoje                                        <\/a>\r\n                                                                                                <\/div>\r\n                        <\/div>\r\n                                                                                            <h3 class=\"title_h3 color2\">\r\n                                V porodnici U Apolin\u00e1\u0159e jsou t\u0159i odd\u011blen\u00ed \u0161estined\u011bl\u00ed. Nach\u00e1zej\u00ed se v 1. pat\u0159e na\u0161\u00ed kliniky a najdete je pod ozna\u010den\u00edm A, B a C.                            <\/h3>\r\n                                                                <div class=\"page_content reset_margins\">\r\n                        <p><p>Po porodu budete p\u0159elo\u017eena na jedno z nich. O va\u0161e miminko zde budou pe\u010dovat d\u011btsk\u00e9 sestry, o v\u00e1s se postaraj\u00ed porodn\u00ed asistentky. M\u016f\u017eete se na n\u011b kdykoliv obr\u00e1tit. Podporujeme syst\u00e9m poporodn\u00ed p\u00e9\u010de room-in a va\u0161e miminko je tak od za\u010d\u00e1tku s v\u00e1mi na pokoji.<\/p>\n<\/p>\r\n                    <\/div>\r\n                                    <\/div>\r\n                    <\/div>\r\n    <\/section>\r\n\n\n                <!-- TEXT BLOCK -->\r\n        <section\r\n                class=\"pdt-60 pdb-60 bg3\"\r\n            >\r\n            <div class=\"wrapper2 text_block\">\r\n                                                                                                                <div class=\"page_content reset_margins\">\r\n                                                                                        <p><a href=\"https:\/\/www.youtube.com\/watch?v=AP2SbYIyYQM\" target=\"_blank\" rel=\"noopener\"><img loading=\"lazy\" decoding=\"async\" class=\" wp-image-10354 alignleft\" src=\"https:\/\/apolinar.capta.cz\/wp-content\/uploads\/2024\/10\/Snimek-obrazovky-2024-10-11-115807.png\" alt=\"\" width=\"119\" height=\"86\" \/> <\/a><\/p>\n<h3><a href=\"https:\/\/www.youtube.com\/watch?v=AP2SbYIyYQM\" target=\"_blank\" rel=\"noopener\">POD\u00cdVEJTE SE, JAK TO U N\u00c1S VYPAD\u00c1.<\/a><\/h3>\n                                    <\/div>\r\n            <\/div>\r\n        <\/section>\r\n    \n\n                <!-- TEXT BLOCK -->\r\n        <section\r\n                class=\"pdt-60 pdb-60 \"\r\n            >\r\n            <div class=\"wrapper2 text_block\">\r\n                                                                                                    <h3 class=\"title_h3 text_center_mdm\">Obdob\u00ed \u0161estined\u011bl\u00ed<\/h3>\r\n                                                <div class=\"page_content reset_margins\">\r\n                                                                                        <p>\u0160estined\u011bl\u00ed za\u010d\u00edn\u00e1 porodem va\u0161eho miminka a trv\u00e1 \u0161est t\u00fddn\u016f. B\u011bhem t\u00e9to doby odezn\u00edvaj\u00ed zm\u011bny, ke kter\u00fdm do\u0161lo b\u011bhem t\u011bhotenstv\u00ed a porodu. Hoj\u00ed se porodn\u00ed poran\u011bn\u00ed, d\u011bloha se zavinuje, odch\u00e1zej\u00ed o\u010distky, spou\u0161t\u00ed se laktace a prohlubujete vztah s va\u0161\u00edm miminkem. Va\u0161e t\u011blo se pomalu vrac\u00ed do stavu p\u0159ed ot\u011bhotn\u011bn\u00edm.<\/p>\n<ul>\n<li><strong>B\u011bhem ran\u00e9ho \u0161estined\u011bl\u00ed dodr\u017eujte spr\u00e1vnou hygienu<\/strong> a sprchujte se klidn\u011b 10x a\u017e 15x denn\u011b. Dbejte tak\u00e9 na <strong>zv\u00fd\u0161en\u00fd p\u0159\u00edjem tekutin<\/strong>.<\/li>\n<li><strong>\u0160estined\u011bl\u00ed je n\u00e1ro\u010dn\u00fdm obdob\u00edm pln\u00fdm hormon\u00e1ln\u00edch zm\u011bn.<\/strong> Ka\u017ed\u00e1 \u017eena je v tomto obdob\u00ed citliv\u011bj\u0161\u00ed a zraniteln\u011bj\u0161\u00ed. Je naprosto norm\u00e1ln\u00ed, \u017ee za\u017e\u00edv\u00e1te v\u00fdkyvy n\u00e1lad. Nic se ned\u011bje. Pokuste se b\u00fdt co nejv\u00edce v klidu, odpo\u010d\u00edvejte, u\u017e\u00edvejte si spole\u010dn\u00fd \u010das s va\u0161\u00edm miminkem a rodinou. A hlavn\u011b \u2012 <strong>nebojte se \u0159\u00edct si o pomoc.<\/strong><\/li>\n<\/ul>\n                                    <\/div>\r\n            <\/div>\r\n        <\/section>\r\n    \n\n                <!-- TEXT BLOCK -->\r\n        <section\r\n                class=\"pdt-60 pdb-60 bg3\"\r\n            id=\"01\">\r\n            <div class=\"wrapper2 text_block\">\r\n                                                                                                    <h3 class=\"title_h3 text_center_mdm\">Kdy m\u016f\u017eu j\u00edt s miminkem dom\u016f? <\/h3>\r\n                                                <div class=\"page_content reset_margins columns2\">\r\n                                                                                        <p><strong>Standardn\u00ed d\u00e9lka hospitalizace<\/strong> v na\u0161\u00ed porodnici <strong>po nekomplikovan\u00e9m spont\u00e1nn\u00edm porodu<\/strong> a dobr\u00e9 adaptaci miminka <strong>je 2\u20123 dny<\/strong>. V p\u0159\u00edpad\u011b c\u00edsa\u0159sk\u00e9ho \u0159ezu p\u0159i dobr\u00e9 adaptaci miminka <strong>je 3\u20124 dny<\/strong>.<\/p>\n<p>Pokud jste vy i miminko v po\u0159\u00e1dku a v\u00e1\u0161 stav to dovol\u00ed, jsme otev\u0159eni mo\u017enosti d\u0159\u00edv\u011bj\u0161\u00edho propu\u0161t\u011bn\u00ed z porodnice. V\u017edy konzultujte va\u0161e p\u0159\u00e1n\u00ed s l\u00e9ka\u0159em. Budeme se sna\u017eit vyj\u00edt v\u00e1m vst\u0159\u00edc.<\/p>\n                                    <\/div>\r\n            <\/div>\r\n        <\/section>\r\n    \n\n                <!-- TEXT BLOCK -->\r\n        <section\r\n                class=\"pdt-40 pdb-80 \"\r\n            id=\"02\">\r\n            <div class=\"wrapper2 text_block\">\r\n                                                                                                    <h3 class=\"title_h3 text_center_mdm\">M\u00e1te z\u00e1jem o nadstandardn\u00ed pokoj?<\/h3>\r\n                                                <div class=\"page_content reset_margins\">\r\n                                                                                        <p><span style=\"color: #000000;\"><strong>Odd\u011blen\u00ed \u0161estined\u011bl\u00ed A<\/strong><\/span>\u00a0zaji\u0161\u0165uje pouze nadstandardn\u00ed poporodn\u00ed p\u00e9\u010di. Nab\u00edz\u00ed nadstandardn\u00ed dvoul\u016f\u017ekov\u00e9 a jednol\u016f\u017ekov\u00e9 pokoje s vlastn\u00edm soci\u00e1ln\u00edm za\u0159\u00edzen\u00edm. K dispozici je nov\u011b tak\u00e9 rodinn\u00fd pokoj. Pobyt zde je zpoplatn\u011bn.<\/p>\n<p><strong>Dvoul\u016f\u017ekov\u00fd pokoj <\/strong>&#8211; 1300 K\u010d \/ noc<br \/>\n<strong>Jednol\u016f\u017ekov\u00fd pokoj <\/strong>&#8211; 2000 K\u010d \/ noc<br \/>\n<strong>Man\u017eelsk\u00fd apartm\u00e1n <\/strong>&#8211; 4000 K\u010d \/ noc<\/p>\n<p>&nbsp;<\/p>\n<p><strong>Odd\u011blen\u00ed\u00a0 \u0161estined\u011bl\u00ed B<\/strong>\u00a0nab\u00edz\u00ed krom\u011b standardn\u00edch pokoj\u016f dal\u0161\u00ed t\u0159i nadstandardn\u00ed pokoje s vlastn\u00edm soci\u00e1ln\u00edm za\u0159\u00edzen\u00edm.<\/p>\n<p><strong>Dvoul\u016f\u017ekov\u00fd pokoj<\/strong> \u2013 1 300 K\u010d\/noc<br \/>\n<strong>Jednol\u016f\u017ekov\u00fd pokoj<\/strong> \u2013 1 300 K\u010d\/noc<\/p>\n                                    <\/div>\r\n            <\/div>\r\n        <\/section>\r\n    \n\n\n\n    <!-- BLOK K -->\r\n    <section\r\n            class=\"pdt-80 pdb-80 bg3\"\r\n        >\r\n        <div class=\"wrapper2\">\r\n                                        <div class=\"text_block\">\r\n                 <h2 class=\"title_h2 \">Bli\u017e\u0161\u00ed informace<\/h2>                    <div class=\"page_content reset_margins\">\r\n                        <p><\/p>\r\n                    <\/div>\r\n                <\/div>\r\n                                                                                <div class=\"grid small-space mgt-5\">\r\n                                                                                <!-- ITEM 1 -->\r\n                            <div class=\"col2 col1_mdm bg3 radius10 pd-35 pd-25md observe anim_drop1 anim_delay dflex flex-dir-column offset_dist\">\r\n                                <div class=\"text_block w100p mgb-auto\">\r\n                                    <h3 class=\"title_h3\">\u0160ESTINED\u011aL\u00cd A<\/h3>\r\n                                                                                                        <\/div>\r\n                                <div class=\"pdt-20 w100p\">\r\n                                    <div class=\"grid small-space\">\r\n                                        <div class=\"col_default offset_half\">\r\n                                            <a href=\"#\"\r\n                                               title=\"\u0160ESTINED\u011aL\u00cd A\"\r\n                                               target=\"_blank\"\r\n                                               class=\"btn_basic\">\r\n                                                Zobrazit                                            <\/a>\r\n                                        <\/div>\r\n                                        <div class=\"col_default offset_half\">\r\n                                            <a href=\"#\"\r\n                                               title=\"\u0160ESTINED\u011aL\u00cd A\"\r\n                                               download\r\n                                               class=\"btn_basic border\">\r\n                                                St\u00e1hnout                                            <\/a>\r\n                                        <\/div>\r\n                                    <\/div>\r\n                                <\/div>\r\n                            <\/div>\r\n                                                                                <!-- ITEM 1 -->\r\n                            <div class=\"col2 col1_mdm bg3 radius10 pd-35 pd-25md observe anim_drop1 anim_delay dflex flex-dir-column offset_dist\">\r\n                                <div class=\"text_block w100p mgb-auto\">\r\n                                    <h3 class=\"title_h3\">\u0160ESTINED\u011aL\u00cd B<\/h3>\r\n                                                                                                        <\/div>\r\n                                <div class=\"pdt-20 w100p\">\r\n                                    <div class=\"grid small-space\">\r\n                                        <div class=\"col_default offset_half\">\r\n                                            <a href=\"#\"\r\n                                               title=\"\u0160ESTINED\u011aL\u00cd B\"\r\n                                               target=\"_blank\"\r\n                                               class=\"btn_basic\">\r\n                                                Zobrazit                                            <\/a>\r\n                                        <\/div>\r\n                                        <div class=\"col_default offset_half\">\r\n                                            <a href=\"#\"\r\n                                               title=\"\u0160ESTINED\u011aL\u00cd B\"\r\n                                               download\r\n                                               class=\"btn_basic border\">\r\n                                                St\u00e1hnout                                            <\/a>\r\n                                        <\/div>\r\n                                    <\/div>\r\n                                <\/div>\r\n                            <\/div>\r\n                                                                                <!-- ITEM 1 -->\r\n                            <div class=\"col2 col1_mdm bg3 radius10 pd-35 pd-25md observe anim_drop1 anim_delay dflex flex-dir-column offset_dist\">\r\n                                <div class=\"text_block w100p mgb-auto\">\r\n                                    <h3 class=\"title_h3\">\u0160ESTINED\u011aL\u00cd C<\/h3>\r\n                                                                                                        <\/div>\r\n                                <div class=\"pdt-20 w100p\">\r\n                                    <div class=\"grid small-space\">\r\n                                        <div class=\"col_default offset_half\">\r\n                                            <a href=\"#\"\r\n                                               title=\"\u0160ESTINED\u011aL\u00cd C\"\r\n                                               target=\"_blank\"\r\n                                               class=\"btn_basic\">\r\n                                                Zobrazit                                            <\/a>\r\n                                        <\/div>\r\n                                        <div class=\"col_default offset_half\">\r\n                                            <a href=\"#\"\r\n                                               title=\"\u0160ESTINED\u011aL\u00cd C\"\r\n                                               download\r\n                                               class=\"btn_basic border\">\r\n                                                St\u00e1hnout                                            <\/a>\r\n                                        <\/div>\r\n                                    <\/div>\r\n                                <\/div>\r\n                            <\/div>\r\n                                            <\/div>\r\n                                    <\/div>\r\n    <\/section>\r\n","protected":false},"excerpt":{"rendered":"","protected":false},"author":3,"featured_media":0,"parent":3989,"menu_order":0,"comment_status":"closed","ping_status":"closed","template":"","meta":{"_acf_changed":false,"footnotes":""},"class_list":["post-993","page","type-page","status-publish","hentry"],"acf":[],"yoast_head":"<!-- This site is optimized with the Yoast SEO plugin v25.5 - https:\/\/yoast.com\/wordpress\/plugins\/seo\/ -->\n<title>\u0160estined\u011bl\u00ed - Porodnice U Apolin\u00e1\u0159e<\/title>\n<meta name=\"robots\" content=\"noindex, follow, max-snippet:-1, max-image-preview:large, max-video-preview:-1\" \/>\n<meta property=\"og:locale\" content=\"en_US\" \/>\n<meta property=\"og:type\" content=\"article\" \/>\n<meta property=\"og:title\" content=\"\u0160estined\u011bl\u00ed - Porodnice U Apolin\u00e1\u0159e\" \/>\n<meta property=\"og:url\" content=\"https:\/\/apolinar.capta.cz\/en\/porodnice\/po-porodu\/sestinedeli\/\" \/>\n<meta property=\"og:site_name\" content=\"Porodnice U Apolin\u00e1\u0159e\" \/>\n<meta name=\"twitter:card\" content=\"summary_large_image\" \/>\n<script type=\"application\/ld+json\" class=\"yoast-schema-graph\">{\"@context\":\"https:\/\/schema.org\",\"@graph\":[{\"@type\":\"WebPage\",\"@id\":\"https:\/\/apolinar.capta.cz\/en\/porodnice\/po-porodu\/sestinedeli\/\",\"url\":\"https:\/\/apolinar.capta.cz\/en\/porodnice\/po-porodu\/sestinedeli\/\",\"name\":\"\u0160estined\u011bl\u00ed - Porodnice U Apolin\u00e1\u0159e\",\"isPartOf\":{\"@id\":\"https:\/\/apolinar.capta.cz\/en\/#website\"},\"datePublished\":\"2023-06-29T13:13:34+00:00\",\"breadcrumb\":{\"@id\":\"https:\/\/apolinar.capta.cz\/en\/porodnice\/po-porodu\/sestinedeli\/#breadcrumb\"},\"inLanguage\":\"en-US\",\"potentialAction\":[{\"@type\":\"ReadAction\",\"target\":[\"https:\/\/apolinar.capta.cz\/en\/porodnice\/po-porodu\/sestinedeli\/\"]}]},{\"@type\":\"BreadcrumbList\",\"@id\":\"https:\/\/apolinar.capta.cz\/en\/porodnice\/po-porodu\/sestinedeli\/#breadcrumb\",\"itemListElement\":[{\"@type\":\"ListItem\",\"position\":1,\"name\":\"Dom\u016f\",\"item\":\"https:\/\/apolinar.capta.cz\/en\/\"},{\"@type\":\"ListItem\",\"position\":2,\"name\":\"\u0160estined\u011bl\u00ed\"}]},{\"@type\":\"WebSite\",\"@id\":\"https:\/\/apolinar.capta.cz\/en\/#website\",\"url\":\"https:\/\/apolinar.capta.cz\/en\/\",\"name\":\"Porodnice U Apolin\u00e1\u0159e\",\"description\":\"Klinika gynekologie, porodnictv\u00ed a neonatologie 1. LF UK a VFN v Praze\",\"potentialAction\":[{\"@type\":\"SearchAction\",\"target\":{\"@type\":\"EntryPoint\",\"urlTemplate\":\"https:\/\/apolinar.capta.cz\/en\/?s={search_term_string}\"},\"query-input\":{\"@type\":\"PropertyValueSpecification\",\"valueRequired\":true,\"valueName\":\"search_term_string\"}}],\"inLanguage\":\"en-US\"}]}<\/script>\n<!-- \/ Yoast SEO plugin. -->","yoast_head_json":{"title":"\u0160estined\u011bl\u00ed - Porodnice U Apolin\u00e1\u0159e","robots":{"index":"noindex","follow":"follow","max-snippet":"max-snippet:-1","max-image-preview":"max-image-preview:large","max-video-preview":"max-video-preview:-1"},"og_locale":"en_US","og_type":"article","og_title":"\u0160estined\u011bl\u00ed - Porodnice U Apolin\u00e1\u0159e","og_url":"https:\/\/apolinar.capta.cz\/en\/porodnice\/po-porodu\/sestinedeli\/","og_site_name":"Porodnice U Apolin\u00e1\u0159e","twitter_card":"summary_large_image","schema":{"@context":"https:\/\/schema.org","@graph":[{"@type":"WebPage","@id":"https:\/\/apolinar.capta.cz\/en\/porodnice\/po-porodu\/sestinedeli\/","url":"https:\/\/apolinar.capta.cz\/en\/porodnice\/po-porodu\/sestinedeli\/","name":"\u0160estined\u011bl\u00ed - Porodnice U Apolin\u00e1\u0159e","isPartOf":{"@id":"https:\/\/apolinar.capta.cz\/en\/#website"},"datePublished":"2023-06-29T13:13:34+00:00","breadcrumb":{"@id":"https:\/\/apolinar.capta.cz\/en\/porodnice\/po-porodu\/sestinedeli\/#breadcrumb"},"inLanguage":"en-US","potentialAction":[{"@type":"ReadAction","target":["https:\/\/apolinar.capta.cz\/en\/porodnice\/po-porodu\/sestinedeli\/"]}]},{"@type":"BreadcrumbList","@id":"https:\/\/apolinar.capta.cz\/en\/porodnice\/po-porodu\/sestinedeli\/#breadcrumb","itemListElement":[{"@type":"ListItem","position":1,"name":"Dom\u016f","item":"https:\/\/apolinar.capta.cz\/en\/"},{"@type":"ListItem","position":2,"name":"\u0160estined\u011bl\u00ed"}]},{"@type":"WebSite","@id":"https:\/\/apolinar.capta.cz\/en\/#website","url":"https:\/\/apolinar.capta.cz\/en\/","name":"Porodnice U Apolin\u00e1\u0159e","description":"Klinika gynekologie, porodnictv\u00ed a neonatologie 1. LF UK a VFN v Praze","potentialAction":[{"@type":"SearchAction","target":{"@type":"EntryPoint","urlTemplate":"https:\/\/apolinar.capta.cz\/en\/?s={search_term_string}"},"query-input":{"@type":"PropertyValueSpecification","valueRequired":true,"valueName":"search_term_string"}}],"inLanguage":"en-US"}]}},"_links":{"self":[{"href":"https:\/\/apolinar.capta.cz\/en\/wp-json\/wp\/v2\/pages\/993","targetHints":{"allow":["GET"]}}],"collection":[{"href":"https:\/\/apolinar.capta.cz\/en\/wp-json\/wp\/v2\/pages"}],"about":[{"href":"https:\/\/apolinar.capta.cz\/en\/wp-json\/wp\/v2\/types\/page"}],"author":[{"embeddable":true,"href":"https:\/\/apolinar.capta.cz\/en\/wp-json\/wp\/v2\/users\/3"}],"replies":[{"embeddable":true,"href":"https:\/\/apolinar.capta.cz\/en\/wp-json\/wp\/v2\/comments?post=993"}],"version-history":[{"count":0,"href":"https:\/\/apolinar.capta.cz\/en\/wp-json\/wp\/v2\/pages\/993\/revisions"}],"up":[{"embeddable":true,"href":"https:\/\/apolinar.capta.cz\/en\/wp-json\/wp\/v2\/pages\/3989"}],"wp:attachment":[{"href":"https:\/\/apolinar.capta.cz\/en\/wp-json\/wp\/v2\/media?parent=993"}],"curies":[{"name":"wp","href":"https:\/\/api.w.org\/{rel}","templated":true}]}}