{"id":10468,"date":"2024-10-17T17:27:35","date_gmt":"2024-10-17T15:27:35","guid":{"rendered":"https:\/\/apolinar.eu\/?page_id=10468"},"modified":"2024-10-17T17:27:35","modified_gmt":"2024-10-17T15:27:35","slug":"specializovana-fyzioterapie","status":"publish","type":"page","link":"https:\/\/apolinar.capta.cz\/uk\/gynekologie\/chci-se-objednat-do-urogynekologickeho-centra\/specializovana-fyzioterapie\/","title":{"rendered":"Specializovan\u00e1 fyzioterapie"},"content":{"rendered":"                <!-- TEXT BLOCK -->\r\n        <section\r\n                class=\"pdt-80 pdb-40 \"\r\n            >\r\n            <div class=\"wrapper2 text_block\">\r\n                <h2 class=\"title_h2 text_center_mdm\">Specializovan\u00e1 fyzioterapie<\/h2>                                                                                    <h3 class=\"title_h3 text_center_mdm\">Ambulance poskytuje ucelenou rehabilita\u010dn\u00ed l\u00e9\u010dbu pacientk\u00e1m Kliniky gynekologie, porodnictv\u00ed a neonatologie 1.LF UK a VFN v Praze.<\/h3>\r\n                                                <div class=\"page_content reset_margins\">\r\n                                                                                        <h3><span data-olk-copy-source=\"MessageBody\">Pro objedn\u00e1n\u00ed terapi\u00ed je nezbytn\u00e9 doporu\u010den\u00ed l\u00e9ka\u0159e z t\u00e9to kliniky.<\/span><\/h3>\n<div>Pom\u00e1h\u00e1me p\u0159i:<\/div>\n<ul>\n<li>bolestech v p\u00e1nvi a podb\u0159i\u0161ku<\/li>\n<li>mo\u010dov\u00e9 inkontinenci<\/li>\n<li>po traumatick\u00e9m porodu<\/li>\n<li>po gynekologick\u00fdch operac\u00edch<\/li>\n<li>p\u0159i obt\u00ed\u017e\u00edch b\u011bhem t\u011bhotenstv\u00ed<\/li>\n<li>p\u0159i sestupu p\u00e1nevn\u00edch org\u00e1n\u016f<\/li>\n<\/ul>\n                                    <\/div>\r\n            <\/div>\r\n        <\/section>\r\n    \n\n    <!-- BLOK I - Neonatologie -->\r\n    <section\r\n            class=\"pdt-40 pdb-80 \"\r\n        >\r\n        <div class=\"wrapper2\">\r\n            <div class=\"grid small-space\">\r\n                <!-- LEFT SIDE -->\r\n                <div class=\"text_block col_equal col1_lgm pdr-20 pd-0lg observe anim_drop1 anim_delay\">\r\n                    <h2 class=\"title_h3 \">Mgr. Ida Hurt\u00edkov\u00e1<\/h2>                    <div class=\"tags responsive text_w500\">\r\n                        <div class=\"inner\">\r\n                                                                                        <a href=\"mailto:ida.hurtikova@vfn.cz\">ida.hurtikova@vfn.cz<\/a>\r\n                                                                                                                    <a href=\"tel:224966625\">+420\u00a0224 966 625<\/a>\r\n                                                                                                                    <span>Fakultn\u00ed poliklinika, Praha 2, Karlovo n\u00e1m\u011bst\u00ed 32, budova C2, 4. patro, ambulance \u010d.8<\/span>\r\n                                                    <\/div>\r\n                    <\/div>\r\n                    <div class=\"page_content reset_margins\">\r\n                                            <\/div>\r\n                                                        <\/div>\r\n                <!-- RIGHT SIDE -->\r\n                <div class=\"col_default w370_lg col1_lgm list_items mgt-40lg observe anim_drop1 anim_delay\">\r\n                    <div class=\"bg3 radius10 pd-30 pd-25md\">\r\n                        <h3 class=\"title_h5 color2 text_uc text_w500\">\r\n                            Ordina\u010dn\u00ed hodiny                        <\/h3>\r\n                                                                            <table class=\"table_hours text_s16 mgt-10\">\r\n                                                                    <tr>\r\n                                        <th scope=\"row\">Pond\u011bl\u00ed<\/th>\r\n                                                                                    <td>8:00 &#8211; 15:30<\/td>\r\n                                                                            <\/tr>\r\n                                                                    <tr>\r\n                                        <th scope=\"row\">Uter\u00fd<\/th>\r\n                                                                                    <td>8:00 &#8211; 15:30<\/td>\r\n                                                                            <\/tr>\r\n                                                                    <tr>\r\n                                        <th scope=\"row\">St\u0159eda<\/th>\r\n                                                                                    <td>8:00 &#8211; 15:30<\/td>\r\n                                                                            <\/tr>\r\n                                                                    <tr>\r\n                                        <th scope=\"row\">\u010ctvrtek<\/th>\r\n                                                                                    <td>8:00 &#8211; 15:30<\/td>\r\n                                                                            <\/tr>\r\n                                                            <\/table>\r\n                                            <\/div>\r\n                <\/div>\r\n            <\/div>\r\n        <\/div>\r\n    <\/section>\r\n","protected":false},"excerpt":{"rendered":"","protected":false},"author":6,"featured_media":0,"parent":1230,"menu_order":0,"comment_status":"closed","ping_status":"closed","template":"","meta":{"_acf_changed":false,"footnotes":""},"class_list":["post-10468","page","type-page","status-publish","hentry"],"acf":[],"yoast_head":"<!-- This site is optimized with the Yoast SEO plugin v25.5 - https:\/\/yoast.com\/wordpress\/plugins\/seo\/ -->\n<title>Specializovan\u00e1 fyzioterapie - Porodnice U Apolin\u00e1\u0159e<\/title>\n<meta name=\"robots\" content=\"noindex, follow, max-snippet:-1, max-image-preview:large, max-video-preview:-1\" \/>\n<meta property=\"og:locale\" content=\"uk_UA\" \/>\n<meta property=\"og:type\" content=\"article\" \/>\n<meta property=\"og:title\" content=\"Specializovan\u00e1 fyzioterapie - Porodnice U Apolin\u00e1\u0159e\" \/>\n<meta property=\"og:url\" content=\"https:\/\/apolinar.capta.cz\/uk\/gynekologie\/chci-se-objednat-do-urogynekologickeho-centra\/specializovana-fyzioterapie\/\" \/>\n<meta property=\"og:site_name\" content=\"Porodnice U Apolin\u00e1\u0159e\" \/>\n<meta name=\"twitter:card\" content=\"summary_large_image\" \/>\n<script type=\"application\/ld+json\" class=\"yoast-schema-graph\">{\"@context\":\"https:\/\/schema.org\",\"@graph\":[{\"@type\":\"WebPage\",\"@id\":\"https:\/\/apolinar.capta.cz\/uk\/gynekologie\/chci-se-objednat-do-urogynekologickeho-centra\/specializovana-fyzioterapie\/\",\"url\":\"https:\/\/apolinar.capta.cz\/uk\/gynekologie\/chci-se-objednat-do-urogynekologickeho-centra\/specializovana-fyzioterapie\/\",\"name\":\"Specializovan\u00e1 fyzioterapie - Porodnice U Apolin\u00e1\u0159e\",\"isPartOf\":{\"@id\":\"https:\/\/apolinar.capta.cz\/uk\/#website\"},\"datePublished\":\"2024-10-17T15:27:35+00:00\",\"breadcrumb\":{\"@id\":\"https:\/\/apolinar.capta.cz\/uk\/gynekologie\/chci-se-objednat-do-urogynekologickeho-centra\/specializovana-fyzioterapie\/#breadcrumb\"},\"inLanguage\":\"uk\",\"potentialAction\":[{\"@type\":\"ReadAction\",\"target\":[\"https:\/\/apolinar.capta.cz\/uk\/gynekologie\/chci-se-objednat-do-urogynekologickeho-centra\/specializovana-fyzioterapie\/\"]}]},{\"@type\":\"BreadcrumbList\",\"@id\":\"https:\/\/apolinar.capta.cz\/uk\/gynekologie\/chci-se-objednat-do-urogynekologickeho-centra\/specializovana-fyzioterapie\/#breadcrumb\",\"itemListElement\":[{\"@type\":\"ListItem\",\"position\":1,\"name\":\"Dom\u016f\",\"item\":\"https:\/\/apolinar.capta.cz\/uk\/\"},{\"@type\":\"ListItem\",\"position\":2,\"name\":\"Chci se objednat do urogynekologick\u00e9ho centra\",\"item\":\"https:\/\/apolinar.capta.cz\/uk\/gynekologie\/chci-se-objednat-do-urogynekologickeho-centra\/\"},{\"@type\":\"ListItem\",\"position\":3,\"name\":\"Specializovan\u00e1 fyzioterapie\"}]},{\"@type\":\"WebSite\",\"@id\":\"https:\/\/apolinar.capta.cz\/uk\/#website\",\"url\":\"https:\/\/apolinar.capta.cz\/uk\/\",\"name\":\"Porodnice U Apolin\u00e1\u0159e\",\"description\":\"Klinika gynekologie, porodnictv\u00ed a neonatologie 1. LF UK a VFN v Praze\",\"potentialAction\":[{\"@type\":\"SearchAction\",\"target\":{\"@type\":\"EntryPoint\",\"urlTemplate\":\"https:\/\/apolinar.capta.cz\/uk\/?s={search_term_string}\"},\"query-input\":{\"@type\":\"PropertyValueSpecification\",\"valueRequired\":true,\"valueName\":\"search_term_string\"}}],\"inLanguage\":\"uk\"}]}<\/script>\n<!-- \/ Yoast SEO plugin. -->","yoast_head_json":{"title":"Specializovan\u00e1 fyzioterapie - Porodnice U Apolin\u00e1\u0159e","robots":{"index":"noindex","follow":"follow","max-snippet":"max-snippet:-1","max-image-preview":"max-image-preview:large","max-video-preview":"max-video-preview:-1"},"og_locale":"uk_UA","og_type":"article","og_title":"Specializovan\u00e1 fyzioterapie - Porodnice U Apolin\u00e1\u0159e","og_url":"https:\/\/apolinar.capta.cz\/uk\/gynekologie\/chci-se-objednat-do-urogynekologickeho-centra\/specializovana-fyzioterapie\/","og_site_name":"Porodnice U Apolin\u00e1\u0159e","twitter_card":"summary_large_image","schema":{"@context":"https:\/\/schema.org","@graph":[{"@type":"WebPage","@id":"https:\/\/apolinar.capta.cz\/uk\/gynekologie\/chci-se-objednat-do-urogynekologickeho-centra\/specializovana-fyzioterapie\/","url":"https:\/\/apolinar.capta.cz\/uk\/gynekologie\/chci-se-objednat-do-urogynekologickeho-centra\/specializovana-fyzioterapie\/","name":"Specializovan\u00e1 fyzioterapie - Porodnice U Apolin\u00e1\u0159e","isPartOf":{"@id":"https:\/\/apolinar.capta.cz\/uk\/#website"},"datePublished":"2024-10-17T15:27:35+00:00","breadcrumb":{"@id":"https:\/\/apolinar.capta.cz\/uk\/gynekologie\/chci-se-objednat-do-urogynekologickeho-centra\/specializovana-fyzioterapie\/#breadcrumb"},"inLanguage":"uk","potentialAction":[{"@type":"ReadAction","target":["https:\/\/apolinar.capta.cz\/uk\/gynekologie\/chci-se-objednat-do-urogynekologickeho-centra\/specializovana-fyzioterapie\/"]}]},{"@type":"BreadcrumbList","@id":"https:\/\/apolinar.capta.cz\/uk\/gynekologie\/chci-se-objednat-do-urogynekologickeho-centra\/specializovana-fyzioterapie\/#breadcrumb","itemListElement":[{"@type":"ListItem","position":1,"name":"Dom\u016f","item":"https:\/\/apolinar.capta.cz\/uk\/"},{"@type":"ListItem","position":2,"name":"Chci se objednat do urogynekologick\u00e9ho centra","item":"https:\/\/apolinar.capta.cz\/uk\/gynekologie\/chci-se-objednat-do-urogynekologickeho-centra\/"},{"@type":"ListItem","position":3,"name":"Specializovan\u00e1 fyzioterapie"}]},{"@type":"WebSite","@id":"https:\/\/apolinar.capta.cz\/uk\/#website","url":"https:\/\/apolinar.capta.cz\/uk\/","name":"Porodnice U Apolin\u00e1\u0159e","description":"Klinika gynekologie, porodnictv\u00ed a neonatologie 1. LF UK a VFN v Praze","potentialAction":[{"@type":"SearchAction","target":{"@type":"EntryPoint","urlTemplate":"https:\/\/apolinar.capta.cz\/uk\/?s={search_term_string}"},"query-input":{"@type":"PropertyValueSpecification","valueRequired":true,"valueName":"search_term_string"}}],"inLanguage":"uk"}]}},"_links":{"self":[{"href":"https:\/\/apolinar.capta.cz\/uk\/wp-json\/wp\/v2\/pages\/10468","targetHints":{"allow":["GET"]}}],"collection":[{"href":"https:\/\/apolinar.capta.cz\/uk\/wp-json\/wp\/v2\/pages"}],"about":[{"href":"https:\/\/apolinar.capta.cz\/uk\/wp-json\/wp\/v2\/types\/page"}],"author":[{"embeddable":true,"href":"https:\/\/apolinar.capta.cz\/uk\/wp-json\/wp\/v2\/users\/6"}],"replies":[{"embeddable":true,"href":"https:\/\/apolinar.capta.cz\/uk\/wp-json\/wp\/v2\/comments?post=10468"}],"version-history":[{"count":0,"href":"https:\/\/apolinar.capta.cz\/uk\/wp-json\/wp\/v2\/pages\/10468\/revisions"}],"up":[{"embeddable":true,"href":"https:\/\/apolinar.capta.cz\/uk\/wp-json\/wp\/v2\/pages\/1230"}],"wp:attachment":[{"href":"https:\/\/apolinar.capta.cz\/uk\/wp-json\/wp\/v2\/media?parent=10468"}],"curies":[{"name":"wp","href":"https:\/\/api.w.org\/{rel}","templated":true}]}}