{"id":1333,"date":"2023-07-04T16:18:34","date_gmt":"2023-07-04T14:18:34","guid":{"rendered":"https:\/\/apolinar.eu\/?page_id=1333"},"modified":"2023-07-04T16:18:34","modified_gmt":"2023-07-04T14:18:34","slug":"opakovane-jsem-potratila","status":"publish","type":"page","link":"https:\/\/apolinar.capta.cz\/uk\/porodnice\/snaha-o-tehotenstvi\/opakovane-jsem-potratila\/","title":{"rendered":"Opakovan\u011b jsem potratila, m\u011bla jsem komplikace v t\u011bhotenstv\u00ed a p\u0159i porodu"},"content":{"rendered":"        <section\r\n            class=\"pdt-60 pdb-10 \"\r\n        >\r\n        <div class=\"wrapper2\">\r\n                            <div class=\"text_block observe anim_drop1 anim_delay\">\r\n                    <h2 class=\"title_h2 \">Opakovan\u011b jsem potratila, m\u011bla jsem komplikace v t\u011bhotenstv\u00ed a p\u0159i porodu<\/h2>                                                                                            <h3 class=\"title_h3 color2\">\r\n                                M\u00e1te za sebou ne\u00fasp\u011b\u0161n\u00e9 t\u011bhotenstv\u00ed? Chcete se poradit, jak postupovat p\u0159i pl\u00e1nov\u00e1n\u00ed dal\u0161\u00edho t\u011bhotenstv\u00ed?                            <\/h3>\r\n                                                                <div class=\"page_content reset_margins\">\r\n                        <p><\/p>\r\n                    <\/div>\r\n                                    <\/div>\r\n                    <\/div>\r\n    <\/section>\r\n\n\n                <!-- TEXT BLOCK -->\r\n        <section\r\n                class=\"pdt-40 pdb-40 bg3\"\r\n            >\r\n            <div class=\"wrapper2 text_block\">\r\n                                                                                                                <div class=\"page_content reset_margins\">\r\n                                                                                        <h3>PREKONCEP\u010cN\u00cd PORADNA V L\u00c9T\u011a NEPROB\u00cdH\u00c1. PROS\u00cdME \u017dENY, KTER\u00c9 MAJ\u00cd O NA\u0160I PORADNU Z\u00c1JEM, ABY VYPLNILY KONTAKTN\u00cd FORMUL\u00c1\u0158 V Z\u00c1\u0158\u00cd, POT\u00c9 SE OZVEME S TERM\u00cdNEM.<\/h3>\n                                    <\/div>\r\n            <\/div>\r\n        <\/section>\r\n    \n\n                <!-- TEXT BLOCK -->\r\n        <section\r\n                class=\"pdt-40 pdb-40 \"\r\n            >\r\n            <div class=\"wrapper2 text_block\">\r\n                                                                                                                <div class=\"page_content reset_margins\">\r\n                                                                                        <p class=\"x_elementToProof\"><span class=\"x_elementToProof\"><img loading=\"lazy\" decoding=\"async\" class=\"wp-image-10477 alignright\" src=\"https:\/\/apolinar.capta.cz\/wp-content\/uploads\/2024\/10\/Carousel2b-300x300.jpg\" alt=\"\" width=\"350\" height=\"350\" \/>V sou\u010dasnosti na\u0161e prekoncep\u010dn\u00ed ambulance mj. nab\u00edz\u00ed p\u00e9\u010di \u017een\u00e1m se z\u00e1va\u017enou formou opakovan\u00fdch t\u011bhotensk\u00fdch ztr\u00e1t, p\u0159ed\u010dasn\u00e9ho porodu p\u0159ed 34.t\u00fddnem a porodem mrtv\u00e9ho plodu v anamn\u00e9ze. <strong>U anamn\u00e9zy potratu \/spont\u00e1nn\u00edho, zamlkl\u00e9ho\/ se jedn\u00e1 a o \u017eeny s anamn\u00e9zou t\u0159\u00ed a v\u00edce potrat\u016f v I. trimestru (12+t\u00fdden) nebo anamn\u00e9zou dvou a v\u00edce potrat\u016f, z nich\u017e minim\u00e1ln\u011b jeden je ve II. trimestru (12+ t\u00fdden). <\/strong><\/span><\/p>\n<p class=\"x_elementToProof\"><strong>Takov\u00fdm \u017een\u00e1m nab\u00edz\u00edme imunologick\u00e9 vy\u0161et\u0159en\u00ed. <\/strong>To m\u016f\u017ee \/ nemus\u00ed odhalit takovou dispozici, kter\u00e1 dramaticky zvy\u0161uje pravd\u011bpodobnost, \u017ee se budou takov\u00e9 t\u011bhotensk\u00e9 komplikace opakovat.\u00a0\u00a0U \u017een, kter\u00e9 maj\u00ed dva potraty v I. trimestru p\u00e9\u010di (a tedy imunologick\u00e9 vy\u0161et\u0159en\u00ed) v prekoncep\u010dn\u00ed ambulanci nenab\u00edz\u00edme a \u017e\u00e1d\u00e1me t\u00edmto, aby se na n\u00e1s s \u017e\u00e1dost\u00ed o vy\u0161et\u0159en\u00ed neobracely. P\u00e9\u010di v t\u00e9to oblasti by m\u011bl zvl\u00e1dnout praktick\u00fd gynekolog, kter\u00fd v takov\u00e9 situaci \u017een\u00e1m doporu\u010d\u00ed vylou\u010den\u00ed vrozen\u00e9 vady d\u011blohy (hysteroskopie \/ laparoskopie) a vy\u0161et\u0159en\u00ed \u0161t\u00edtn\u00e9 \u017el\u00e1zy. Nicm\u00e9n\u011b, pokud o\u0161et\u0159uj\u00edc\u00ed gynekolog t\u011bmto \u017een\u00e1m uveden\u00e9 nenab\u00eddne, je mo\u017en\u00e9 obr\u00e1tit se s pozitivn\u00edm t\u011bhotensk\u00fdm testem na na\u0161i ambulanci \u2013 <a href=\"mailto:tehotenska.ambulance@vfn.cz\">tehotenska.ambulance@vfn.cz<\/a> \u2013 ide\u00e1ln\u011b \u00fater\u00fd a \u010dtvrtek \u2013\u00a0 a doporu\u010d\u00edme zaji\u0161t\u011bn\u00ed t\u011bhotenstv\u00ed n\u00ed\u017ee uveden\u00fdmi l\u00e9ky, jak je uvedeno n\u00ed\u017ee. Podm\u00ednkou je v\u0161ak pl\u00e1nov\u00e1n\u00ed porodu v na\u0161\u00ed porodnici.<\/p>\n<p class=\"x_elementToProof\">\n                                    <\/div>\r\n            <\/div>\r\n        <\/section>\r\n    \n\n\n\n\n\n                <!-- TEXT BLOCK -->\r\n        <section\r\n                class=\"pdt-40 pdb-40 bg3\"\r\n            >\r\n            <div class=\"wrapper2 text_block\">\r\n                                                                                                                <div class=\"page_content reset_margins\">\r\n                                                                                        <h3>Pokud m\u00e1te z\u00e1jem o n\u00e1v\u0161t\u011bvu v na\u0161\u00ed poradn\u011b, pros\u00edme o vypln\u011bn\u00ed n\u00e1sleduj\u00edc\u00edho formul\u00e1\u0159e. Pot\u00e9 se V\u00e1m ozveme s bli\u017e\u0161\u00edmi informacemi a mo\u017en\u00fdm term\u00ednem n\u00e1v\u0161t\u011bvy v na\u0161\u00ed poradn\u011b.<\/h3>\n                                    <\/div>\r\n            <\/div>\r\n        <\/section>\r\n    \n\n    <div class=\"wrapper2 pdt-40 pdb-40 pdt-30lg pdb-30lg \"\r\n        >\r\n        <div class=\"text_block\">\r\n                        <div class=\"page_content reset_margins\">\r\n                            <\/div>\r\n        <\/div>\r\n                                                    <\/div>\r\n\n\n                <!-- TEXT BLOCK -->\r\n        <section\r\n                class=\"pdt-20 pdb-20 \"\r\n            >\r\n            <div class=\"wrapper2 text_block\">\r\n                                                                                                                <div class=\"page_content reset_margins\">\r\n                                                                                        <p><img loading=\"lazy\" decoding=\"async\" class=\" wp-image-10491 aligncenter\" src=\"https:\/\/apolinar.capta.cz\/wp-content\/uploads\/2024\/10\/Carousel3_V3-300x300.jpg\" alt=\"\" width=\"460\" height=\"460\" \/><\/p>\n                                    <\/div>\r\n            <\/div>\r\n        <\/section>\r\n    \n\n    <!-- BLOK KONTAKTY -->\r\n    <section\r\n            class=\"pdt-40 pdb-80 \"\r\n        >\r\n        <div class=\"wrapper2\">\r\n            <div class=\"text_block observe anim_drop1 anim_delay\">\r\n                <h2 class=\"title_h2 \">Kdo se v\u00e1m bude v\u011bnovat?<\/h2>                <div class=\"page_content reset_margins\">\r\n                    <p><\/p>\r\n                <\/div>\r\n            <\/div>\r\n                                        <div class=\"grid small-space mgt-25\">\r\n                                            <div class=\"col2 col1_mdm dflex offset observe anim_drop1 anim_delay\">\r\n                            <div class=\"item_contact responsive w100p\">\r\n                                                                                                <div class=\"item_contact_content bg3 radius10\">\r\n                                    <div class=\"item_contact_desc\">\r\n                                        <h3 class=\"title_h3\">doc. MUDr. Michal Kouck\u00fd, Ph.D.<\/h3>\r\n                                        <div class=\"no_margins item_contact_text\">\r\n                                            <p><strong>vedouc\u00ed perinatologick\u00e9ho centra<\/strong><\/p>\r\n                                            <p>\r\n                                                <a href=\"mailto:\">\r\n                                                                                                    <\/a>\r\n                                            <\/p>\r\n                                            <p><a href=\"tel:\">\r\n                                                                                                    <\/a>\r\n                                            <\/p>\r\n                                        <\/div>\r\n                                    <\/div>\r\n                                <\/div>\r\n                            <\/div>\r\n                        <\/div>\r\n                                            <div class=\"col2 col1_mdm dflex offset observe anim_drop1 anim_delay\">\r\n                            <div class=\"item_contact responsive w100p\">\r\n                                                                                                <div class=\"item_contact_content bg3 radius10\">\r\n                                    <div class=\"item_contact_desc\">\r\n                                        <h3 class=\"title_h3\">MUDr. Ji\u0159\u00ed Vojt\u011bch<\/h3>\r\n                                        <div class=\"no_margins item_contact_text\">\r\n                                            <p><strong>vedouc\u00ed odd\u011blen\u00ed rizikov\u00e9ho t\u011bhotenstv\u00ed<\/strong><\/p>\r\n                                            <p>\r\n                                                <a href=\"mailto:\">\r\n                                                                                                    <\/a>\r\n                                            <\/p>\r\n                                            <p><a href=\"tel:\">\r\n                                                                                                    <\/a>\r\n                                            <\/p>\r\n                                        <\/div>\r\n                                    <\/div>\r\n                                <\/div>\r\n                            <\/div>\r\n                        <\/div>\r\n                                            <div class=\"col2 col1_mdm dflex offset observe anim_drop1 anim_delay\">\r\n                            <div class=\"item_contact responsive w100p\">\r\n                                                                                                    <div class=\"item_contact_image bg3\">\r\n                                        <img loading=\"lazy\" decoding=\"async\" width=\"104\" height=\"104\" src=\"https:\/\/apolinar.capta.cz\/wp-content\/uploads\/2023\/07\/8dfc5317-32d7-4fa4-8eea-16ae5ab07011-104x104.jpeg\" class=\"attachment-business_card_photo size-business_card_photo\" alt=\"\" srcset=\"https:\/\/apolinar.capta.cz\/wp-content\/uploads\/2023\/07\/8dfc5317-32d7-4fa4-8eea-16ae5ab07011-104x104.jpeg 104w, https:\/\/apolinar.capta.cz\/wp-content\/uploads\/2023\/07\/8dfc5317-32d7-4fa4-8eea-16ae5ab07011-60x60.jpeg 60w, https:\/\/apolinar.capta.cz\/wp-content\/uploads\/2023\/07\/8dfc5317-32d7-4fa4-8eea-16ae5ab07011.jpeg 120w\" sizes=\"auto, (max-width: 104px) 100vw, 104px\" \/>                                    <\/div>\r\n                                                                <div class=\"item_contact_content bg3 radius10\">\r\n                                    <div class=\"item_contact_desc\">\r\n                                        <h3 class=\"title_h3\">MUDr. Jan P\u0159\u00e1da<\/h3>\r\n                                        <div class=\"no_margins item_contact_text\">\r\n                                            <p><strong>l\u00e9ka\u0159 perinatologick\u00e9ho centra<\/strong><\/p>\r\n                                            <p>\r\n                                                <a href=\"mailto:\">\r\n                                                                                                    <\/a>\r\n                                            <\/p>\r\n                                            <p><a href=\"tel:\">\r\n                                                                                                    <\/a>\r\n                                            <\/p>\r\n                                        <\/div>\r\n                                    <\/div>\r\n                                <\/div>\r\n                            <\/div>\r\n                        <\/div>\r\n                                            <div class=\"col2 col1_mdm dflex offset observe anim_drop1 anim_delay\">\r\n                            <div class=\"item_contact responsive w100p\">\r\n                                                                                                <div class=\"item_contact_content bg3 radius10\">\r\n                                    <div class=\"item_contact_desc\">\r\n                                        <h3 class=\"title_h3\">MUDr. Kate\u0159ina Mackov\u00e1, Ph.D.<\/h3>\r\n                                        <div class=\"no_margins item_contact_text\">\r\n                                            <p><strong><\/strong><\/p>\r\n                                            <p>\r\n                                                <a href=\"mailto:\">\r\n                                                                                                    <\/a>\r\n                                            <\/p>\r\n                                            <p><a href=\"tel:\">\r\n                                                                                                    <\/a>\r\n                                            <\/p>\r\n                                        <\/div>\r\n                                    <\/div>\r\n                                <\/div>\r\n                            <\/div>\r\n                        <\/div>\r\n                                    <\/div>\r\n                    <\/div>\r\n    <\/section>\r\n","protected":false},"excerpt":{"rendered":"","protected":false},"author":3,"featured_media":0,"parent":3958,"menu_order":0,"comment_status":"closed","ping_status":"closed","template":"","meta":{"_acf_changed":false,"footnotes":""},"class_list":["post-1333","page","type-page","status-publish","hentry"],"acf":[],"yoast_head":"<!-- This site is optimized with the Yoast SEO plugin v25.5 - https:\/\/yoast.com\/wordpress\/plugins\/seo\/ -->\n<title>Opakovan\u011b jsem potratila, m\u011bla jsem komplikace v t\u011bhotenstv\u00ed a p\u0159i porodu - Porodnice U Apolin\u00e1\u0159e<\/title>\n<meta name=\"robots\" content=\"noindex, follow, max-snippet:-1, max-image-preview:large, max-video-preview:-1\" \/>\n<meta property=\"og:locale\" content=\"uk_UA\" \/>\n<meta property=\"og:type\" content=\"article\" \/>\n<meta property=\"og:title\" content=\"Opakovan\u011b jsem potratila, m\u011bla jsem komplikace v t\u011bhotenstv\u00ed a p\u0159i porodu - Porodnice U Apolin\u00e1\u0159e\" \/>\n<meta property=\"og:url\" content=\"https:\/\/apolinar.capta.cz\/uk\/porodnice\/snaha-o-tehotenstvi\/opakovane-jsem-potratila\/\" \/>\n<meta property=\"og:site_name\" content=\"Porodnice U Apolin\u00e1\u0159e\" \/>\n<meta name=\"twitter:card\" content=\"summary_large_image\" \/>\n<script type=\"application\/ld+json\" class=\"yoast-schema-graph\">{\"@context\":\"https:\/\/schema.org\",\"@graph\":[{\"@type\":\"WebPage\",\"@id\":\"https:\/\/apolinar.capta.cz\/uk\/porodnice\/snaha-o-tehotenstvi\/opakovane-jsem-potratila\/\",\"url\":\"https:\/\/apolinar.capta.cz\/uk\/porodnice\/snaha-o-tehotenstvi\/opakovane-jsem-potratila\/\",\"name\":\"Opakovan\u011b jsem potratila, m\u011bla jsem komplikace v t\u011bhotenstv\u00ed a p\u0159i porodu - Porodnice U Apolin\u00e1\u0159e\",\"isPartOf\":{\"@id\":\"https:\/\/apolinar.capta.cz\/uk\/#website\"},\"datePublished\":\"2023-07-04T14:18:34+00:00\",\"breadcrumb\":{\"@id\":\"https:\/\/apolinar.capta.cz\/uk\/porodnice\/snaha-o-tehotenstvi\/opakovane-jsem-potratila\/#breadcrumb\"},\"inLanguage\":\"uk\",\"potentialAction\":[{\"@type\":\"ReadAction\",\"target\":[\"https:\/\/apolinar.capta.cz\/uk\/porodnice\/snaha-o-tehotenstvi\/opakovane-jsem-potratila\/\"]}]},{\"@type\":\"BreadcrumbList\",\"@id\":\"https:\/\/apolinar.capta.cz\/uk\/porodnice\/snaha-o-tehotenstvi\/opakovane-jsem-potratila\/#breadcrumb\",\"itemListElement\":[{\"@type\":\"ListItem\",\"position\":1,\"name\":\"Dom\u016f\",\"item\":\"https:\/\/apolinar.capta.cz\/uk\/\"},{\"@type\":\"ListItem\",\"position\":2,\"name\":\"Opakovan\u011b jsem potratila, m\u011bla jsem komplikace v t\u011bhotenstv\u00ed a p\u0159i porodu\"}]},{\"@type\":\"WebSite\",\"@id\":\"https:\/\/apolinar.capta.cz\/uk\/#website\",\"url\":\"https:\/\/apolinar.capta.cz\/uk\/\",\"name\":\"Porodnice U Apolin\u00e1\u0159e\",\"description\":\"Klinika gynekologie, porodnictv\u00ed a neonatologie 1. LF UK a VFN v Praze\",\"potentialAction\":[{\"@type\":\"SearchAction\",\"target\":{\"@type\":\"EntryPoint\",\"urlTemplate\":\"https:\/\/apolinar.capta.cz\/uk\/?s={search_term_string}\"},\"query-input\":{\"@type\":\"PropertyValueSpecification\",\"valueRequired\":true,\"valueName\":\"search_term_string\"}}],\"inLanguage\":\"uk\"}]}<\/script>\n<!-- \/ Yoast SEO plugin. -->","yoast_head_json":{"title":"Opakovan\u011b jsem potratila, m\u011bla jsem komplikace v t\u011bhotenstv\u00ed a p\u0159i porodu - Porodnice U Apolin\u00e1\u0159e","robots":{"index":"noindex","follow":"follow","max-snippet":"max-snippet:-1","max-image-preview":"max-image-preview:large","max-video-preview":"max-video-preview:-1"},"og_locale":"uk_UA","og_type":"article","og_title":"Opakovan\u011b jsem potratila, m\u011bla jsem komplikace v t\u011bhotenstv\u00ed a p\u0159i porodu - Porodnice U Apolin\u00e1\u0159e","og_url":"https:\/\/apolinar.capta.cz\/uk\/porodnice\/snaha-o-tehotenstvi\/opakovane-jsem-potratila\/","og_site_name":"Porodnice U Apolin\u00e1\u0159e","twitter_card":"summary_large_image","schema":{"@context":"https:\/\/schema.org","@graph":[{"@type":"WebPage","@id":"https:\/\/apolinar.capta.cz\/uk\/porodnice\/snaha-o-tehotenstvi\/opakovane-jsem-potratila\/","url":"https:\/\/apolinar.capta.cz\/uk\/porodnice\/snaha-o-tehotenstvi\/opakovane-jsem-potratila\/","name":"Opakovan\u011b jsem potratila, m\u011bla jsem komplikace v t\u011bhotenstv\u00ed a p\u0159i porodu - Porodnice U Apolin\u00e1\u0159e","isPartOf":{"@id":"https:\/\/apolinar.capta.cz\/uk\/#website"},"datePublished":"2023-07-04T14:18:34+00:00","breadcrumb":{"@id":"https:\/\/apolinar.capta.cz\/uk\/porodnice\/snaha-o-tehotenstvi\/opakovane-jsem-potratila\/#breadcrumb"},"inLanguage":"uk","potentialAction":[{"@type":"ReadAction","target":["https:\/\/apolinar.capta.cz\/uk\/porodnice\/snaha-o-tehotenstvi\/opakovane-jsem-potratila\/"]}]},{"@type":"BreadcrumbList","@id":"https:\/\/apolinar.capta.cz\/uk\/porodnice\/snaha-o-tehotenstvi\/opakovane-jsem-potratila\/#breadcrumb","itemListElement":[{"@type":"ListItem","position":1,"name":"Dom\u016f","item":"https:\/\/apolinar.capta.cz\/uk\/"},{"@type":"ListItem","position":2,"name":"Opakovan\u011b jsem potratila, m\u011bla jsem komplikace v t\u011bhotenstv\u00ed a p\u0159i porodu"}]},{"@type":"WebSite","@id":"https:\/\/apolinar.capta.cz\/uk\/#website","url":"https:\/\/apolinar.capta.cz\/uk\/","name":"Porodnice U Apolin\u00e1\u0159e","description":"Klinika gynekologie, porodnictv\u00ed a neonatologie 1. LF UK a VFN v Praze","potentialAction":[{"@type":"SearchAction","target":{"@type":"EntryPoint","urlTemplate":"https:\/\/apolinar.capta.cz\/uk\/?s={search_term_string}"},"query-input":{"@type":"PropertyValueSpecification","valueRequired":true,"valueName":"search_term_string"}}],"inLanguage":"uk"}]}},"_links":{"self":[{"href":"https:\/\/apolinar.capta.cz\/uk\/wp-json\/wp\/v2\/pages\/1333","targetHints":{"allow":["GET"]}}],"collection":[{"href":"https:\/\/apolinar.capta.cz\/uk\/wp-json\/wp\/v2\/pages"}],"about":[{"href":"https:\/\/apolinar.capta.cz\/uk\/wp-json\/wp\/v2\/types\/page"}],"author":[{"embeddable":true,"href":"https:\/\/apolinar.capta.cz\/uk\/wp-json\/wp\/v2\/users\/3"}],"replies":[{"embeddable":true,"href":"https:\/\/apolinar.capta.cz\/uk\/wp-json\/wp\/v2\/comments?post=1333"}],"version-history":[{"count":0,"href":"https:\/\/apolinar.capta.cz\/uk\/wp-json\/wp\/v2\/pages\/1333\/revisions"}],"up":[{"embeddable":true,"href":"https:\/\/apolinar.capta.cz\/uk\/wp-json\/wp\/v2\/pages\/3958"}],"wp:attachment":[{"href":"https:\/\/apolinar.capta.cz\/uk\/wp-json\/wp\/v2\/media?parent=1333"}],"curies":[{"name":"wp","href":"https:\/\/api.w.org\/{rel}","templated":true}]}}