{"id":13809,"date":"2023-08-02T17:39:33","date_gmt":"2023-08-02T15:39:33","guid":{"rendered":"https:\/\/apolinar.eu\/?page_id=3106"},"modified":"2023-08-02T17:39:33","modified_gmt":"2023-08-02T15:39:33","slug":"konference","status":"publish","type":"page","link":"https:\/\/apolinar.capta.cz\/uk\/konference\/","title":{"rendered":"Konference"},"content":{"rendered":"                <!-- TEXT BLOCK -->\r\n        <section\r\n                class=\"pdt-80 pdb-80 bg3\"\r\n            >\r\n            <div class=\"wrapper2 text_block\">\r\n                <h2 class=\"title_h2 text_center_mdm\">2. apolin\u00e1\u0159sk\u00e1 konference<\/h2>                                                    <div class=\"tags mgt-10 responsive\">\r\n                        <div class=\"inner justify-center-mdm\">\r\n                                                                                                <a href=\"#\"\r\n                                       title=\"Cena\"\r\n                                       >\r\n                                        Cena                                    <\/a>\r\n                                                                                                                                <a href=\"#01\"\r\n                                       title=\"Registrace a vstup\"\r\n                                       >\r\n                                        Registrace a vstup                                    <\/a>\r\n                                                                                                                                <a href=\"#\"\r\n                                       title=\"U\u017eite\u010dn\u00e9 informace\"\r\n                                       >\r\n                                        U\u017eite\u010dn\u00e9 informace                                    <\/a>\r\n                                                                                                                                <a href=\"#\"\r\n                                       title=\"Program\"\r\n                                       >\r\n                                        Program                                    <\/a>\r\n                                                                                    <\/div>\r\n                    <\/div>\r\n                                                                    <h3 class=\"title_h3 text_center_mdm\">&#8220;Gynekologie a perinatologie v roce 2024&#8221;<\/h3>\r\n                                                <div class=\"page_content reset_margins\">\r\n                                                                                        <p>22. 3. &#8211; 24. 3. 2024<\/p>\n<p>Posluch\u00e1rna \u010cVUT Fakulta strojn\u00ed,\u00a0Technick\u00e1 1902\/4,<br \/>\n160 00 Praha 6 &#8211; Dejvice<\/p>\n                                    <\/div>\r\n            <\/div>\r\n        <\/section>\r\n    \n\n                <!-- TEXT BLOCK -->\r\n        <section\r\n                class=\"pdt-40 pdb-40 \"\r\n            >\r\n            <div class=\"wrapper2 text_block\">\r\n                                                                                                    <h3 class=\"title_h3 text_center_mdm\">V\u00e1\u017een\u00e9 kolegyn\u011b, v\u00e1\u017een\u00ed kolegov\u00e9,<\/h3>\r\n                                                <div class=\"page_content reset_margins\">\r\n                                                                                        <p class=\"font_8 wixui-rich-text__text\"><span class=\"wixui-rich-text__text\">dovolte, abychom v\u00e1s srde\u010dn\u011b pozvali k \u00fa\u010dasti na 2. apolin\u00e1\u0159sk\u00e9 konferenci Kliniky gynekologie, porodnictv\u00ed a neonatologie v Praze. Navazujeme na prvn\u00ed ro\u010dn\u00edk v leto\u0161n\u00edm roce, kter\u00fd byl velmi \u00fasp\u011b\u0161n\u00fd. Kapacitu nejv\u011bt\u0161\u00ed posluch\u00e1rny na 1. LF v Purky\u0148ov\u011b \u00fastavu jsme naplnili ji\u017e 2 m\u011b<\/span><span class=\"wixui-rich-text__text\">s\u00edce p\u0159ed za\u010d\u00e1tkem konference, atmosf\u00e9ra b\u011bhem konference byla skv\u011bl\u00e1, zp\u011btn\u00e1 vazba na v\u011bdeck\u00fd program byla od \u00fa\u010dastn\u00edk\u016f i partner\u016f velmi pozitivn\u00ed.\u00a0 V roce 2024 chceme zachovat dvoudenn\u00ed kongres, jeden den bude v\u011bnov\u00e1n problematice gynekologie, druh\u00fd den perinatologie. Krom\u011b p\u0159ehledov\u00fdch p\u0159edn\u00e1\u0161ek bychom program cht\u011bli obohatit nov\u00fdmi form\u00e1ty, mezioborov\u00fdmi bloky diskutuj\u00edc\u00edmi t\u00e9mata z pohled\u016f r\u016fzn\u00fdch odbornost\u00ed a videosekcemi. Pro velk\u00fd z\u00e1jem p\u0159esouv\u00e1me konferenci do prostor s v\u00fdrazn\u011b v\u011bt\u0161\u00ed kapacitou (430 poslucha\u010d\u016f).<\/span><\/p>\n<p class=\"font_8 wixui-rich-text__text\"><span class=\"color_35 wixui-rich-text__text\"><span class=\"wixui-rich-text__text\">T\u011b\u0161\u00edme se na setk\u00e1n\u00ed s v\u00e1mi.<\/span><\/span><\/p>\n                                    <\/div>\r\n            <\/div>\r\n        <\/section>\r\n    \n\n                <!-- TEXT BLOCK -->\r\n        <section\r\n                class=\"pdt-40 pdb-40 bg3\"\r\n            id=\"01\">\r\n            <div class=\"wrapper2 text_block\">\r\n                                                                                                    <h3 class=\"title_h3 text_center_mdm\">Registrace<\/h3>\r\n                                                <div class=\"page_content reset_margins\">\r\n                                                                                        <p>P\u0159edpokl\u00e1dan\u00fd term\u00edn spu\u0161t\u011bn\u00ed registrace na 2. apolin\u00e1\u0159skou konferenci <span class=\"wixui-rich-text__text\">je v z\u00e1\u0159\u00ed 2023<\/span>.<\/p>\n                                    <\/div>\r\n            <\/div>\r\n        <\/section>\r\n    ","protected":false},"excerpt":{"rendered":"","protected":false},"author":6,"featured_media":0,"parent":0,"menu_order":0,"comment_status":"closed","ping_status":"closed","template":"","meta":{"_acf_changed":false,"footnotes":""},"class_list":["post-13809","page","type-page","status-publish","hentry"],"acf":[],"yoast_head":"<!-- This site is optimized with the Yoast SEO plugin v25.5 - https:\/\/yoast.com\/wordpress\/plugins\/seo\/ -->\n<title>Konference - Porodnice U Apolin\u00e1\u0159e<\/title>\n<meta name=\"robots\" content=\"noindex, follow, max-snippet:-1, max-image-preview:large, max-video-preview:-1\" \/>\n<meta property=\"og:locale\" content=\"uk_UA\" \/>\n<meta property=\"og:type\" content=\"article\" \/>\n<meta property=\"og:title\" content=\"Konference - Porodnice U Apolin\u00e1\u0159e\" \/>\n<meta property=\"og:url\" content=\"https:\/\/apolinar.capta.cz\/uk\/konference\/\" \/>\n<meta property=\"og:site_name\" content=\"Porodnice U Apolin\u00e1\u0159e\" \/>\n<meta name=\"twitter:card\" content=\"summary_large_image\" \/>\n<script type=\"application\/ld+json\" class=\"yoast-schema-graph\">{\"@context\":\"https:\/\/schema.org\",\"@graph\":[{\"@type\":\"WebPage\",\"@id\":\"https:\/\/apolinar.capta.cz\/uk\/konference\/\",\"url\":\"https:\/\/apolinar.capta.cz\/uk\/konference\/\",\"name\":\"Konference - Porodnice U Apolin\u00e1\u0159e\",\"isPartOf\":{\"@id\":\"https:\/\/apolinar.capta.cz\/uk\/#website\"},\"datePublished\":\"2023-08-02T15:39:33+00:00\",\"breadcrumb\":{\"@id\":\"https:\/\/apolinar.capta.cz\/uk\/konference\/#breadcrumb\"},\"inLanguage\":\"uk\",\"potentialAction\":[{\"@type\":\"ReadAction\",\"target\":[\"https:\/\/apolinar.capta.cz\/uk\/konference\/\"]}]},{\"@type\":\"BreadcrumbList\",\"@id\":\"https:\/\/apolinar.capta.cz\/uk\/konference\/#breadcrumb\",\"itemListElement\":[{\"@type\":\"ListItem\",\"position\":1,\"name\":\"Dom\u016f\",\"item\":\"https:\/\/apolinar.capta.cz\/uk\/\"},{\"@type\":\"ListItem\",\"position\":2,\"name\":\"Konference\"}]},{\"@type\":\"WebSite\",\"@id\":\"https:\/\/apolinar.capta.cz\/uk\/#website\",\"url\":\"https:\/\/apolinar.capta.cz\/uk\/\",\"name\":\"Porodnice U Apolin\u00e1\u0159e\",\"description\":\"Klinika gynekologie, porodnictv\u00ed a neonatologie 1. LF UK a VFN v Praze\",\"potentialAction\":[{\"@type\":\"SearchAction\",\"target\":{\"@type\":\"EntryPoint\",\"urlTemplate\":\"https:\/\/apolinar.capta.cz\/uk\/?s={search_term_string}\"},\"query-input\":{\"@type\":\"PropertyValueSpecification\",\"valueRequired\":true,\"valueName\":\"search_term_string\"}}],\"inLanguage\":\"uk\"}]}<\/script>\n<!-- \/ Yoast SEO plugin. -->","yoast_head_json":{"title":"Konference - Porodnice U Apolin\u00e1\u0159e","robots":{"index":"noindex","follow":"follow","max-snippet":"max-snippet:-1","max-image-preview":"max-image-preview:large","max-video-preview":"max-video-preview:-1"},"og_locale":"uk_UA","og_type":"article","og_title":"Konference - Porodnice U Apolin\u00e1\u0159e","og_url":"https:\/\/apolinar.capta.cz\/uk\/konference\/","og_site_name":"Porodnice U Apolin\u00e1\u0159e","twitter_card":"summary_large_image","schema":{"@context":"https:\/\/schema.org","@graph":[{"@type":"WebPage","@id":"https:\/\/apolinar.capta.cz\/uk\/konference\/","url":"https:\/\/apolinar.capta.cz\/uk\/konference\/","name":"Konference - Porodnice U Apolin\u00e1\u0159e","isPartOf":{"@id":"https:\/\/apolinar.capta.cz\/uk\/#website"},"datePublished":"2023-08-02T15:39:33+00:00","breadcrumb":{"@id":"https:\/\/apolinar.capta.cz\/uk\/konference\/#breadcrumb"},"inLanguage":"uk","potentialAction":[{"@type":"ReadAction","target":["https:\/\/apolinar.capta.cz\/uk\/konference\/"]}]},{"@type":"BreadcrumbList","@id":"https:\/\/apolinar.capta.cz\/uk\/konference\/#breadcrumb","itemListElement":[{"@type":"ListItem","position":1,"name":"Dom\u016f","item":"https:\/\/apolinar.capta.cz\/uk\/"},{"@type":"ListItem","position":2,"name":"Konference"}]},{"@type":"WebSite","@id":"https:\/\/apolinar.capta.cz\/uk\/#website","url":"https:\/\/apolinar.capta.cz\/uk\/","name":"Porodnice U Apolin\u00e1\u0159e","description":"Klinika gynekologie, porodnictv\u00ed a neonatologie 1. LF UK a VFN v Praze","potentialAction":[{"@type":"SearchAction","target":{"@type":"EntryPoint","urlTemplate":"https:\/\/apolinar.capta.cz\/uk\/?s={search_term_string}"},"query-input":{"@type":"PropertyValueSpecification","valueRequired":true,"valueName":"search_term_string"}}],"inLanguage":"uk"}]}},"_links":{"self":[{"href":"https:\/\/apolinar.capta.cz\/uk\/wp-json\/wp\/v2\/pages\/13809","targetHints":{"allow":["GET"]}}],"collection":[{"href":"https:\/\/apolinar.capta.cz\/uk\/wp-json\/wp\/v2\/pages"}],"about":[{"href":"https:\/\/apolinar.capta.cz\/uk\/wp-json\/wp\/v2\/types\/page"}],"author":[{"embeddable":true,"href":"https:\/\/apolinar.capta.cz\/uk\/wp-json\/wp\/v2\/users\/6"}],"replies":[{"embeddable":true,"href":"https:\/\/apolinar.capta.cz\/uk\/wp-json\/wp\/v2\/comments?post=13809"}],"version-history":[{"count":0,"href":"https:\/\/apolinar.capta.cz\/uk\/wp-json\/wp\/v2\/pages\/13809\/revisions"}],"wp:attachment":[{"href":"https:\/\/apolinar.capta.cz\/uk\/wp-json\/wp\/v2\/media?parent=13809"}],"curies":[{"name":"wp","href":"https:\/\/api.w.org\/{rel}","templated":true}]}}