{"id":1495,"date":"2023-07-09T16:00:59","date_gmt":"2023-07-09T14:00:59","guid":{"rendered":"https:\/\/apolinar.eu\/?page_id=1495"},"modified":"2023-07-09T16:00:59","modified_gmt":"2023-07-09T14:00:59","slug":"onkogynekologie","status":"publish","type":"page","link":"https:\/\/apolinar.capta.cz\/uk\/onkogynekologie\/","title":{"rendered":"Onkogynekologie"},"content":{"rendered":"                <div class=\"wrapper2 pdt-80 pdb-20 \"\r\n            >\r\n            <div class=\"text_block\">\r\n                <h1 class=\"title_h2 \">Onkogynekologie<\/h1>                <div class=\"page_content reset_margins\">\r\n                                                                                        <p>Onkogynekologick\u00fd t\u00fdm na\u0161\u00ed kliniky je tvo\u0159en p\u0159edn\u00edmi odborn\u00edky zab\u00fdvaj\u00edc\u00edmi se diagnostikou, l\u00e9\u010dbou a sledov\u00e1n\u00edm v\u0161ech gynekologick\u00fdch malignit s v\u00fdjimkou gesta\u010dn\u00ed trofoblastick\u00e9 nemoci.<\/p>\n<h3>P\u0159ehled ambulanc\u00ed, do kter\u00fdch ambulanc\u00ed m\u016f\u017eete sm\u011b\u0159ovat:<\/h3>\n                                    <\/div>\r\n            <\/div>\r\n                                <\/div>\r\n    \n\n                <!-- TEXT BLOCK -->\r\n        <section\r\n                class=\"pdt-40 pdb-40 bg3\"\r\n            >\r\n            <div class=\"wrapper2 text_block\">\r\n                                                                                                    <h3 class=\"title_h3 text_center_mdm\">Opera\u010dn\u00ed indikace<\/h3>\r\n                                                <div class=\"page_content reset_margins\">\r\n                                                                                        <p>Indikace k onkogynekologick\u00fdm operac\u00edm prob\u00edhaj\u00ed ka\u017edou st\u0159edu v 8:00 hod. v ambulanc\u00edch \u010d. 5\u20137 v p\u0159\u00edzem\u00ed vpravo Kliniky gynekologie, porodnictv\u00ed a neonatologie 1. LF UK a VFN v Praze.<\/p>\n<p><strong>Kontakt<\/strong>: K za\u0159azen\u00ed do programu opera\u010dn\u00edch indikac\u00ed nen\u00ed t\u0159eba se objedn\u00e1vat. Budeme v\u0161ak r\u00e1di, pokud se pacientka ohl\u00e1s\u00ed p\u0159edem nebo j\u00ed objedn\u00e1 o\u0161et\u0159uj\u00edc\u00ed l\u00e9ta na telefonn\u00edm \u010d\u00edsle <strong>+420 224 967 480, +420 224 967 481. <\/strong>Vy\u0161et\u0159en\u00ed je ambulantn\u00ed a pacientka odch\u00e1z\u00ed t\u00fd\u017e den dom\u016f.<\/p>\n<p><strong>Co je nutn\u00e9 p\u0159in\u00e9st:<br \/>\n<\/strong><\/p>\n<ul>\n<li>epikr\u00edzu nebo kr\u00e1tk\u00fd souhrn sou\u010dasn\u00e9ho onemocn\u011bn\u00ed \/ obt\u00ed\u017e\u00ed<\/li>\n<li>hotov\u00e9 p\u0159edopera\u010dn\u00ed vy\u0161et\u0159en\u00ed &lt;\u017e\u00e1danka&gt;,<\/li>\n<li>v\u00fdsledky dostupn\u00fdch zobrazovac\u00edch vy\u0161et\u0159en\u00ed (u zobrazovac\u00edch vy\u0161et\u0159en\u00ed popis + odesl\u00e1n\u00ed sn\u00edmk\u016f CT \/ MRI \/ PET na PACS do VFN),<\/li>\n<li>celou zpr\u00e1vu z histologie,<\/li>\n<li>v p\u0159\u00edpad\u011b z\u00e1va\u017en\u00fdch komorbidit (p\u0159idru\u017een\u00fdch chorob) vyj\u00e1d\u0159en\u00ed specialist\u016f (nap\u0159\u00edklad od kardiologa, pneumologa, diabetologa, psychiatra).<\/li>\n<\/ul>\n<p><strong>S \u010d\u00edm je t\u0159eba po\u010d\u00edtat:<\/strong><\/p>\n<p>B\u011bhem indika\u010dn\u00edho vy\u0161et\u0159en\u00ed prob\u011bhne konzultace s onkogynekologem, obvykle je dopln\u011bno expertn\u00ed ultrazvukov\u00e9 vy\u0161et\u0159en\u00ed. V p\u0159\u00edpad\u011b rozhodnut\u00ed o nutnosti opera\u010dn\u00edho v\u00fdkonu n\u00e1sleduje ve stejn\u00fd den konzultace s anesteziologem, internistkou (proto je t\u0159eba p\u0159in\u00e9st hotov\u00e1 p\u0159edopera\u010dn\u00ed vy\u0161et\u0159en\u00ed ji\u017e ke konzultaci), s klinickou psycholo\u017ekou a nutri\u010dn\u00ed specialistkou. Sou\u010d\u00e1st\u00ed je i p\u0159\u00edprava hospitaliza\u010dn\u00ed dokumentace a informovan\u00fdch souhlas\u016f.<\/p>\n<p>Je proto pot\u0159eba po\u010d\u00edtat, \u017ee indika\u010dn\u00ed konzultace m\u016f\u017ee zabrat n\u011bkolik hodin. Pacientk\u00e1m doporu\u010dujeme, aby nebyly na la\u010dno a vzaly si s sebou j\u00eddlo a pit\u00ed.<\/p>\n                                    <\/div>\r\n            <\/div>\r\n        <\/section>\r\n    \n\n                <!-- TEXT BLOCK -->\r\n        <section\r\n                class=\"pdt-40 pdb-40 \"\r\n            >\r\n            <div class=\"wrapper2 text_block\">\r\n                                                                                                    <h3 class=\"title_h3 text_center_mdm\">Centrum onkologick\u00e9 prevence<\/h3>\r\n                                                <div class=\"page_content reset_margins\">\r\n                                                                                        <p>Ambulance zab\u00fdvaj\u00edc\u00ed se prekancer\u00f3zami vulvy, pochvy a d\u011blo\u017en\u00edho hrdla. V r\u00e1mci t\u00e9to ambulance jsou pacientky indikov\u00e1ny k p\u0159\u00edslu\u0161n\u00fdm opera\u010dn\u00edm v\u00fdkon\u016fm v\u010detn\u011b laserov\u00e9ho o\u0161et\u0159en\u00ed.\u00a0Centrum onkologick\u00e9 prevence VFN je sou\u010dasn\u011b v\u00fdukov\u00fdm centrem pro licenci kolposkopick\u00e9 expert\u00edzy (F017).<\/p>\n<p><strong>Kontakt<\/strong>: Pro objedn\u00e1n\u00ed volejte na telefonn\u00ed \u010d\u00edslo <strong>+420 224 97 480, +420 224 967 481.<\/strong><br \/>\n<strong>Na\u0161i l\u00e9ka\u0159i s licenc\u00ed F017<\/strong>: doc. MUDr. Pavel Freitag, CSc., prof. MUDr. Ji\u0159\u00ed Sl\u00e1ma, Ph.D., prof. MUDr. David Pavli\u0161ta, Ph.D., MUDr. Luk\u00e1\u0161 Dost\u00e1lek, Ph.D., MUDr. Nat\u00e1lie Jan\u010d\u00e1rkov\u00e1, Ph.D.<br \/>\n<strong>Touto problematikou se d\u00e1le zab\u00fdvaj\u00ed<\/strong>: MUDr. Tom\u00e1\u0161 Fu\u010d\u00edk, MUDr. Karol\u00edna Adamcov\u00e1, PhD., MUDr. Daniel Brynda, MUDr. Lenka Fricov\u00e1<\/p>\n                                    <\/div>\r\n            <\/div>\r\n        <\/section>\r\n    \n\n                <!-- TEXT BLOCK -->\r\n        <section\r\n                class=\"pdt-40 pdb-40 bg3\"\r\n            >\r\n            <div class=\"wrapper2 text_block\">\r\n                                                                                                    <h3 class=\"title_h3 text_center_mdm\">Expertn\u00ed onkologick\u00e9 ultrazvukov\u00e9 vy\u0161et\u0159en\u00ed<\/h3>\r\n                                                <div class=\"page_content reset_margins\">\r\n                                                                                        <p>V r\u00e1mci t\u00e9to ambulance je prov\u00e1d\u011bno expertn\u00ed ultrazvukov\u00e9 vy\u0161et\u0159en\u00ed a diferenci\u00e1ln\u00ed diagnostika gynekologick\u00fdch malignit. Diagn\u00f3za m\u016f\u017ee b\u00fdt rovnou ov\u011b\u0159ena pomoc\u00ed tru-cut biopsie.<\/p>\n<p><strong>Kontakt<\/strong>: Pro objedn\u00e1n\u00ed volejte na telefonn\u00ed \u010d\u00edslo:\u00a0<strong>+420 224 967 273.<\/strong><br \/>\n<strong>Na\u0161i l\u00e9ka\u0159i<\/strong>: prof. MUDr. Daniela Fischerov\u00e1, Ph.D., MUDr. Filip Fr\u00fchauf, Ph.D., MUDr. Roman Koci\u00e1n, Ph.D., MUDr. Anna Germanov\u00e1, Ph.D., MUDr. Dominika Bedn\u00e1\u0159ov\u00e1, MUDr. Petra \u0160a\u0161kov\u00e1<\/p>\n                                    <\/div>\r\n            <\/div>\r\n        <\/section>\r\n    \n\n                <!-- TEXT BLOCK -->\r\n        <section\r\n                class=\"pdt-40 pdb-40 \"\r\n            >\r\n            <div class=\"wrapper2 text_block\">\r\n                                                                                                    <h3 class=\"title_h3 text_center_mdm\">Onkogynekologick\u00e1 ambulance<\/h3>\r\n                                                <div class=\"page_content reset_margins\">\r\n                                                                                        <p>Ambulance se zab\u00fdv\u00e1 diagnostikou, pl\u00e1nov\u00e1n\u00edm l\u00e9\u010dby, a p\u0159edev\u0161\u00edm pol\u00e9\u010debn\u00fdm sledov\u00e1n\u00edm pacientek se zhoubn\u00fdmi n\u00e1dory \u017eensk\u00fdch pohlavn\u00edch org\u00e1n\u016f s v\u00fdjimkou nemoc\u00ed prs\u016f. Na\u0161i l\u00e9ka\u0159i jsou p\u0159ipraveni ke konzultaci v\u0161ech obt\u00ed\u017e\u00ed pacientek, pol\u00e9\u010debn\u00fdch komplikac\u00ed nebo k mo\u017enosti z\u00edskat druh\u00fd n\u00e1zor na jinde prob\u00edhaj\u00edc\u00ed l\u00e9\u010dbu.<\/p>\n<p><strong>Kontakt:<\/strong> Pro objedn\u00e1n\u00ed volejte na telefonn\u00ed \u010d\u00edslo:\u00a0<strong>+420 224 967 480, +420 224 967 481. <\/strong><br \/>\n<strong>Na\u0161i l\u00e9ka\u0159i:<\/strong> MUDr. Filip Fuhauf, Ph.D., MUDr. Anna Germanov\u00e1, Ph.D., MUDr. Roman Koci\u00e1n, Ph.D., MUDr. Renata Poncov\u00e1, MUDr. Michal Kn\u00ed\u017ee<\/p>\n                                    <\/div>\r\n            <\/div>\r\n        <\/section>\r\n    \n\n                <!-- TEXT BLOCK -->\r\n        <section\r\n                class=\"pdt-40 pdb-40 bg3\"\r\n            >\r\n            <div class=\"wrapper2 text_block\">\r\n                                                                                                    <h3 class=\"title_h3 text_center_mdm\">Onkogynekologick\u00fd stacion\u00e1\u0159<\/h3>\r\n                                                <div class=\"page_content reset_margins\">\r\n                                                                                        <p>Stacion\u00e1\u0159 pro onkogynekologick\u00e9 pacientky slou\u017e\u00ed k pod\u00e1v\u00e1n\u00ed ambulantn\u00ed chemoterapie a c\u00edlen\u00e9 l\u00e9\u010dby. V r\u00e1mci onkogynekologick\u00e9ho stacion\u00e1\u0159e je tak\u00e9 pod\u00e1v\u00e1na v\u011bt\u0161ina l\u00e9\u010debn\u00fdch prepar\u00e1t\u016f pacientk\u00e1m za\u0159azen\u00fdm do klinick\u00fdch studi\u00ed. S l\u00e9ka\u0159i je na stacion\u00e1\u0159i mo\u017en\u00e9 rovn\u011b\u017e konzultovat laboratorn\u00ed v\u00fdsledky pacientek podstupuj\u00edc\u00edch chemoterapii, p\u0159\u00edpadn\u00e9 ne\u017e\u00e1douc\u00ed \u00fa\u010dinky a komplikace l\u00e9\u010dby.<\/p>\n<p><strong>Kontakt:<\/strong> Pro objedn\u00e1n\u00ed volejte na telefonn\u00ed \u010d\u00edslo:\u00a0<strong>+420 224 967 021<\/strong>.<br \/>\n<strong>Na\u0161i l\u00e9ka\u0159i:<\/strong> MUDr. Roman Koci\u00e1n, Ph.D., prof. MUDr. Daniela Fischerov\u00e1, Ph.D., doc. MUDr. Pavel Freitag, CSc., MUDr. Filip Fuhauf, Ph.D., MUDr. Anna Germanov\u00e1, Ph.D.<\/p>\n                                    <\/div>\r\n            <\/div>\r\n        <\/section>\r\n    \n\n                <!-- TEXT BLOCK -->\r\n        <section\r\n                class=\"pdt-10 pdb-40 \"\r\n            >\r\n            <div class=\"wrapper2 text_block\">\r\n                                                                                                    <h3 class=\"title_h3 text_center_mdm\">Ambulance pro jedince s d\u011bdi\u010dnou dispozic\u00ed pro vznik zhoubn\u00fdch n\u00e1dor\u016f<\/h3>\r\n                                                <div class=\"page_content reset_margins\">\r\n                                                                                        <p>V t\u00e9to ambulanci jsou ve spolupr\u00e1ci s onkologickou klinikou konzultov\u00e1ny a sledov\u00e1ny pacientky s mutacemi v genech spojen\u00fdmi s rizikem rozvoje gynekologick\u00fdch malignit. y s mutacemi v genech spojen\u00fdmi s rizikem rozvoje gynekologick\u00fdch malignit. Krom\u011b komplexn\u00ed konzultace, n\u00e1vrhu dlouhodob\u00e9ho sledov\u00e1n\u00ed a preventivn\u00edch opera\u010dn\u00edch v\u00fdkon\u016f je zde prov\u00e1d\u011bn i onkogynekologick\u00fd ultrazvuk a konzultace u\u017e\u00edv\u00e1n\u00ed hormon\u00e1ln\u00edch prepar\u00e1t\u016f a dal\u0161\u00edch aspekt\u016f t\u00e9to problematiky.<\/p>\n<p><strong>Kontakt<\/strong>: Pro objedn\u00e1n\u00ed volejte na telefonn\u00ed \u010d\u00edslo: <strong>+420 224 966 643.<\/strong><br \/>\n<strong>N\u00e1\u0161 expert<\/strong>: MUDr. Iva Matou\u0161kov\u00e1, MUDr. Daniel Brynda, MUDr. Petra \u0160a\u0161kov\u00e1<\/p>\n                                    <\/div>\r\n            <\/div>\r\n        <\/section>\r\n    \n\n                <!-- TEXT BLOCK -->\r\n        <section\r\n                class=\"pdt-40 pdb-40 bg3\"\r\n            >\r\n            <div class=\"wrapper2 text_block\">\r\n                                                                                                    <h3 class=\"title_h3 text_center_mdm\">Ambulance pro vz\u00e1cn\u00e9 n\u00e1dory<\/h3>\r\n                                                <div class=\"page_content reset_margins\">\r\n                                                                                        <p>Tato ambulance se v\u011bnuje dispenzarizaci a l\u00e9\u010db\u011b vz\u00e1cn\u00fdch gynekologick\u00fdch n\u00e1dor\u016f. Pacientky mohou b\u00fdt za\u0159azeny do mezin\u00e1rodn\u00edch studi\u00ed v\u011bnuj\u00edc\u00edch se t\u00e9to problematice. Postar\u00e1me se o pacientky s jak\u00fdmikoliv vz\u00e1cn\u00fdmi n\u00e1dory pohlavn\u00edch org\u00e1n\u016f s v\u00fdjimkou Gesta\u010dn\u00ed trofoblastick\u00e9 nemoci.<\/p>\n<p><strong>Kontakt<\/strong>: +420 224 967 480.<br \/>\n<strong>N\u00e1\u0161 l\u00e9ka\u0159<\/strong>: MUDr. Filip Fr\u00fchauf, Ph.D.<\/p>\n                                    <\/div>\r\n            <\/div>\r\n        <\/section>\r\n    ","protected":false},"excerpt":{"rendered":"","protected":false},"author":3,"featured_media":0,"parent":0,"menu_order":0,"comment_status":"closed","ping_status":"closed","template":"","meta":{"_acf_changed":false,"footnotes":""},"class_list":["post-1495","page","type-page","status-publish","hentry"],"acf":[],"yoast_head":"<!-- This site is optimized with the Yoast SEO plugin v25.5 - https:\/\/yoast.com\/wordpress\/plugins\/seo\/ -->\n<title>Onkogynekologie - Porodnice U Apolin\u00e1\u0159e<\/title>\n<meta name=\"robots\" content=\"noindex, follow, max-snippet:-1, max-image-preview:large, max-video-preview:-1\" \/>\n<meta property=\"og:locale\" content=\"uk_UA\" \/>\n<meta property=\"og:type\" content=\"article\" \/>\n<meta property=\"og:title\" content=\"Onkogynekologie - Porodnice U Apolin\u00e1\u0159e\" \/>\n<meta property=\"og:url\" content=\"https:\/\/apolinar.capta.cz\/uk\/onkogynekologie\/\" \/>\n<meta property=\"og:site_name\" content=\"Porodnice U Apolin\u00e1\u0159e\" \/>\n<meta name=\"twitter:card\" content=\"summary_large_image\" \/>\n<script type=\"application\/ld+json\" class=\"yoast-schema-graph\">{\"@context\":\"https:\/\/schema.org\",\"@graph\":[{\"@type\":\"WebPage\",\"@id\":\"https:\/\/apolinar.capta.cz\/uk\/onkogynekologie\/\",\"url\":\"https:\/\/apolinar.capta.cz\/uk\/onkogynekologie\/\",\"name\":\"Onkogynekologie - Porodnice U Apolin\u00e1\u0159e\",\"isPartOf\":{\"@id\":\"https:\/\/apolinar.capta.cz\/uk\/#website\"},\"datePublished\":\"2023-07-09T14:00:59+00:00\",\"breadcrumb\":{\"@id\":\"https:\/\/apolinar.capta.cz\/uk\/onkogynekologie\/#breadcrumb\"},\"inLanguage\":\"uk\",\"potentialAction\":[{\"@type\":\"ReadAction\",\"target\":[\"https:\/\/apolinar.capta.cz\/uk\/onkogynekologie\/\"]}]},{\"@type\":\"BreadcrumbList\",\"@id\":\"https:\/\/apolinar.capta.cz\/uk\/onkogynekologie\/#breadcrumb\",\"itemListElement\":[{\"@type\":\"ListItem\",\"position\":1,\"name\":\"Dom\u016f\",\"item\":\"https:\/\/apolinar.capta.cz\/uk\/\"},{\"@type\":\"ListItem\",\"position\":2,\"name\":\"Onkogynekologie\"}]},{\"@type\":\"WebSite\",\"@id\":\"https:\/\/apolinar.capta.cz\/uk\/#website\",\"url\":\"https:\/\/apolinar.capta.cz\/uk\/\",\"name\":\"Porodnice U Apolin\u00e1\u0159e\",\"description\":\"Klinika gynekologie, porodnictv\u00ed a neonatologie 1. LF UK a VFN v Praze\",\"potentialAction\":[{\"@type\":\"SearchAction\",\"target\":{\"@type\":\"EntryPoint\",\"urlTemplate\":\"https:\/\/apolinar.capta.cz\/uk\/?s={search_term_string}\"},\"query-input\":{\"@type\":\"PropertyValueSpecification\",\"valueRequired\":true,\"valueName\":\"search_term_string\"}}],\"inLanguage\":\"uk\"}]}<\/script>\n<!-- \/ Yoast SEO plugin. -->","yoast_head_json":{"title":"Onkogynekologie - Porodnice U Apolin\u00e1\u0159e","robots":{"index":"noindex","follow":"follow","max-snippet":"max-snippet:-1","max-image-preview":"max-image-preview:large","max-video-preview":"max-video-preview:-1"},"og_locale":"uk_UA","og_type":"article","og_title":"Onkogynekologie - Porodnice U Apolin\u00e1\u0159e","og_url":"https:\/\/apolinar.capta.cz\/uk\/onkogynekologie\/","og_site_name":"Porodnice U Apolin\u00e1\u0159e","twitter_card":"summary_large_image","schema":{"@context":"https:\/\/schema.org","@graph":[{"@type":"WebPage","@id":"https:\/\/apolinar.capta.cz\/uk\/onkogynekologie\/","url":"https:\/\/apolinar.capta.cz\/uk\/onkogynekologie\/","name":"Onkogynekologie - Porodnice U Apolin\u00e1\u0159e","isPartOf":{"@id":"https:\/\/apolinar.capta.cz\/uk\/#website"},"datePublished":"2023-07-09T14:00:59+00:00","breadcrumb":{"@id":"https:\/\/apolinar.capta.cz\/uk\/onkogynekologie\/#breadcrumb"},"inLanguage":"uk","potentialAction":[{"@type":"ReadAction","target":["https:\/\/apolinar.capta.cz\/uk\/onkogynekologie\/"]}]},{"@type":"BreadcrumbList","@id":"https:\/\/apolinar.capta.cz\/uk\/onkogynekologie\/#breadcrumb","itemListElement":[{"@type":"ListItem","position":1,"name":"Dom\u016f","item":"https:\/\/apolinar.capta.cz\/uk\/"},{"@type":"ListItem","position":2,"name":"Onkogynekologie"}]},{"@type":"WebSite","@id":"https:\/\/apolinar.capta.cz\/uk\/#website","url":"https:\/\/apolinar.capta.cz\/uk\/","name":"Porodnice U Apolin\u00e1\u0159e","description":"Klinika gynekologie, porodnictv\u00ed a neonatologie 1. LF UK a VFN v Praze","potentialAction":[{"@type":"SearchAction","target":{"@type":"EntryPoint","urlTemplate":"https:\/\/apolinar.capta.cz\/uk\/?s={search_term_string}"},"query-input":{"@type":"PropertyValueSpecification","valueRequired":true,"valueName":"search_term_string"}}],"inLanguage":"uk"}]}},"_links":{"self":[{"href":"https:\/\/apolinar.capta.cz\/uk\/wp-json\/wp\/v2\/pages\/1495","targetHints":{"allow":["GET"]}}],"collection":[{"href":"https:\/\/apolinar.capta.cz\/uk\/wp-json\/wp\/v2\/pages"}],"about":[{"href":"https:\/\/apolinar.capta.cz\/uk\/wp-json\/wp\/v2\/types\/page"}],"author":[{"embeddable":true,"href":"https:\/\/apolinar.capta.cz\/uk\/wp-json\/wp\/v2\/users\/3"}],"replies":[{"embeddable":true,"href":"https:\/\/apolinar.capta.cz\/uk\/wp-json\/wp\/v2\/comments?post=1495"}],"version-history":[{"count":0,"href":"https:\/\/apolinar.capta.cz\/uk\/wp-json\/wp\/v2\/pages\/1495\/revisions"}],"wp:attachment":[{"href":"https:\/\/apolinar.capta.cz\/uk\/wp-json\/wp\/v2\/media?parent=1495"}],"curies":[{"name":"wp","href":"https:\/\/api.w.org\/{rel}","templated":true}]}}