{"id":1659,"date":"2023-07-10T11:13:36","date_gmt":"2023-07-10T09:13:36","guid":{"rendered":"https:\/\/apolinar.eu\/?page_id=1659"},"modified":"2023-07-10T11:13:36","modified_gmt":"2023-07-10T09:13:36","slug":"jsem-onkologicky-lecena-pacientka","status":"publish","type":"page","link":"https:\/\/apolinar.capta.cz\/uk\/gynekologie\/onkogynekologie-2\/jsem-onkologicky-lecena-pacientka\/","title":{"rendered":"Jsem onkologicky l\u00e9\u010den\u00e1 pacientka"},"content":{"rendered":"                <!-- TEXT BLOCK -->\r\n        <section\r\n                class=\"pdt-80 pdb-40 \"\r\n            >\r\n            <div class=\"wrapper2 text_block\">\r\n                <h2 class=\"title_h2 text_center_mdm\">Jsem onkologicky l\u00e9\u010den\u00e1 pacientka<\/h2>                                                                                                <div class=\"page_content reset_margins\">\r\n                                                        <\/div>\r\n            <\/div>\r\n        <\/section>\r\n    \n\n                <!-- TEXT BLOCK -->\r\n        <section\r\n                class=\"pdt-40 pdb-40 \"\r\n            >\r\n            <div class=\"wrapper2 text_block\">\r\n                                                                                                    <h3 class=\"title_h3 text_center_mdm\">Byla v\u00e1m doporu\u010dena chemoterapie<\/h3>\r\n                                                <div class=\"page_content reset_margins\">\r\n                                                                                        <p>Chemoterapii, c\u00edlenou l\u00e9\u010dbu nebo terapii v r\u00e1mci klinick\u00fdch studi\u00ed pod\u00e1v\u00e1me na stacion\u00e1\u0159i na na\u0161\u00ed klinice. P\u0159esto\u017ee ji\u017e dnes tato l\u00e9\u010dba nen\u00ed spojena s tolika ne\u017e\u00e1douc\u00edmi \u00fa\u010dinky jako v minulosti, m\u016f\u017ee u v\u00e1s doj\u00edt k n\u011bkter\u00fdm komplikac\u00edm.<\/p>\n<p><strong>Kontakt:<\/strong><br \/>\nPro objedn\u00e1n\u00ed na chemoterapii pros\u00edm volejte tel. \u010d\u00edslo <strong>+420 224 967 021 <\/strong>nebo n\u00e1m napi\u0161te<strong>: <a href=\"mailto:apolinar.stacionar@vfn.cz\"><b>apolinar.stacionar@vfn.cz<\/b><\/a><\/strong><\/p>\n                                    <\/div>\r\n            <\/div>\r\n        <\/section>\r\n    \n\n                <!-- TEXT BLOCK -->\r\n        <section\r\n                class=\"pdt-40 pdb-40 bg3\"\r\n            >\r\n            <div class=\"wrapper2 text_block\">\r\n                                                                                                                <div class=\"page_content reset_margins\">\r\n                                                                                        <h3><a href=\"https:\/\/youtu.be\/MjbeIyxoioE\" target=\"_blank\" rel=\"noopener\"><img loading=\"lazy\" decoding=\"async\" class=\"size-full wp-image-10354 alignleft\" src=\"https:\/\/apolinar.capta.cz\/wp-content\/uploads\/2024\/10\/Snimek-obrazovky-2024-10-11-115807.png\" alt=\"\" width=\"171\" height=\"124\" \/>POD\u00cdVEJTE SE, JAK TO U N\u00c1S VYPAD\u00c1.\u00a0<\/a><\/h3>\n                                    <\/div>\r\n            <\/div>\r\n        <\/section>\r\n    \n\n                <!-- TEXT BLOCK -->\r\n        <section\r\n                class=\"pdt-40 pdb-40 \"\r\n            >\r\n            <div class=\"wrapper2 text_block\">\r\n                                                                                                    <h3 class=\"title_h3 text_center_mdm\">L\u016f\u017ekov\u00e9 onkogynekologick\u00e9 odd\u011blen\u00ed (G1)<\/h3>\r\n                                                <div class=\"page_content reset_margins\">\r\n                                                                                        <p>Na onkogynekologick\u00e9m l\u016f\u017ekov\u00e9m odd\u011blen\u00ed G1 jsou hospitalizov\u00e1ny pacientky po onkogynekologick\u00fdch operac\u00edch, v r\u00e1mci pod\u00e1n\u00ed chemoterapie \u010di p\u0159i zhor\u0161en\u00ed stavu b\u011bhem onkogynekologick\u00e9 l\u00e9\u010dby. Pacientky maj\u00ed k dispozici zrekonstruovan\u00e9 dvou a\u017e t\u0159\u00edl\u016f\u017ekov\u00e9 pokoje se soci\u00e1ln\u00edm za\u0159\u00edzen\u00edm, knihovnu a zahradu. O pacientky se star\u00e1 p\u0159\u00e1telsk\u00fd t\u00fdm sester a l\u00e9ka\u0159\u016f.<\/p>\n                                    <\/div>\r\n            <\/div>\r\n        <\/section>\r\n    \n\n                <!-- TEXT BLOCK -->\r\n        <section\r\n                class=\"pdt-40 pdb-80 bg3\"\r\n            >\r\n            <div class=\"wrapper2 text_block\">\r\n                                                                                                    <h3 class=\"title_h3 text_center_mdm\">Sledov\u00e1n\u00ed vyl\u00e9\u010den\u00fdch onkologick\u00fdch pacientek<\/h3>\r\n                                                <div class=\"page_content reset_margins\">\r\n                                                                                        <p>Pokud jste prod\u011blala l\u00e9\u010dbu onkogynekologick\u00e9ho onemocn\u011bn\u00ed, budeme v\u00e1s po ur\u010ditou dobu sledovat v na\u0161em centru. Konkr\u00e9tn\u00ed pl\u00e1n sledov\u00e1n\u00ed i n\u00e1pl\u0148 kontrol v\u00e1m vysv\u011btl\u00ed l\u00e9ka\u0159 p\u0159i prvn\u00edm setk\u00e1n\u00ed.<\/p>\n<p><strong>Kontakt:<\/strong><br \/>\nNa kontrolu v r\u00e1mci sledov\u00e1n\u00ed se m\u016f\u017eete objednat na telefonn\u00edm \u010d\u00edsle: <strong>+420 224 967 480<\/strong> nebo <strong>+420 224 967 481<\/strong>.<\/p>\n                                    <\/div>\r\n            <\/div>\r\n        <\/section>\r\n    \n\n        <section\r\n            class=\"pdt-40 pdb-80 \"\r\n        >\r\n        <div class=\"wrapper2\">\r\n                            <div class=\"text_block observe anim_drop1 anim_delay\">\r\n                    <h2 class=\"title_h2 \">L\u00e9\u010dba bolesti u onkogynekologick\u00fdch pacientek<\/h2>                                            <div class=\"tags responsive\">\r\n                            <div class=\"inner justify-center-mdm\">\r\n                                                                                                            <a href=\"https:\/\/www.nadace-hippokrates.cz\/\"\r\n                                           title=\"NADA\u010cN\u00cd FOND HIPPOKRATES\"\r\n                                           target=\"_blank\">\r\n                                            NADA\u010cN\u00cd FOND HIPPOKRATES                                        <\/a>\r\n                                                                                                <\/div>\r\n                        <\/div>\r\n                                                            <div class=\"page_content reset_margins\">\r\n                        <p><p>MUDr. Pavl\u00edna Noskov\u00e1, Ph.D., vedouc\u00ed l\u00e9ka\u0159ka anesteziologick\u00e9ho odd\u011blen\u00ed Kliniky gynekologie, porodnictv\u00ed a neonatologie 1. LF UK a VFN v Praze. Video vzniklo jako sou\u010d\u00e1st osv\u011btov\u00fdch aktivit Nada\u010dn\u00edho fondu Hippokrates <\/p>\n<\/p>\r\n                    <\/div>\r\n                                            <a href=\"https:\/\/www.youtube.com\/watch?time_continue=1&#038;v=n1xPXnPvCf0&#038;embeds_referring_euri=https%3A%2F%2Fwww.nadace-apolinar.cz%2F&#038;source_ve_path=MTM5MTE3LDI4NjY2&#038;feature=emb_logo\"\r\n                           title=\"POD\u00cdVEJTE SE\"\r\n                           target=\"_blank\"                           class=\"btn_basic\">\r\n                            POD\u00cdVEJTE SE                        <\/a>\r\n                                    <\/div>\r\n                    <\/div>\r\n    <\/section>\r\n","protected":false},"excerpt":{"rendered":"","protected":false},"author":4,"featured_media":0,"parent":8471,"menu_order":0,"comment_status":"closed","ping_status":"closed","template":"","meta":{"_acf_changed":false,"footnotes":""},"class_list":["post-1659","page","type-page","status-publish","hentry"],"acf":[],"yoast_head":"<!-- This site is optimized with the Yoast SEO plugin v25.5 - https:\/\/yoast.com\/wordpress\/plugins\/seo\/ -->\n<title>Jsem onkologicky l\u00e9\u010den\u00e1 pacientka - Porodnice U Apolin\u00e1\u0159e<\/title>\n<meta name=\"robots\" content=\"noindex, follow, max-snippet:-1, max-image-preview:large, max-video-preview:-1\" \/>\n<meta property=\"og:locale\" content=\"uk_UA\" \/>\n<meta property=\"og:type\" content=\"article\" \/>\n<meta property=\"og:title\" content=\"Jsem onkologicky l\u00e9\u010den\u00e1 pacientka - Porodnice U Apolin\u00e1\u0159e\" \/>\n<meta property=\"og:url\" content=\"https:\/\/apolinar.capta.cz\/uk\/gynekologie\/onkogynekologie-2\/jsem-onkologicky-lecena-pacientka\/\" \/>\n<meta property=\"og:site_name\" content=\"Porodnice U Apolin\u00e1\u0159e\" \/>\n<meta name=\"twitter:card\" content=\"summary_large_image\" \/>\n<script type=\"application\/ld+json\" class=\"yoast-schema-graph\">{\"@context\":\"https:\/\/schema.org\",\"@graph\":[{\"@type\":\"WebPage\",\"@id\":\"https:\/\/apolinar.capta.cz\/uk\/gynekologie\/onkogynekologie-2\/jsem-onkologicky-lecena-pacientka\/\",\"url\":\"https:\/\/apolinar.capta.cz\/uk\/gynekologie\/onkogynekologie-2\/jsem-onkologicky-lecena-pacientka\/\",\"name\":\"Jsem onkologicky l\u00e9\u010den\u00e1 pacientka - Porodnice U Apolin\u00e1\u0159e\",\"isPartOf\":{\"@id\":\"https:\/\/apolinar.capta.cz\/uk\/#website\"},\"datePublished\":\"2023-07-10T09:13:36+00:00\",\"breadcrumb\":{\"@id\":\"https:\/\/apolinar.capta.cz\/uk\/gynekologie\/onkogynekologie-2\/jsem-onkologicky-lecena-pacientka\/#breadcrumb\"},\"inLanguage\":\"uk\",\"potentialAction\":[{\"@type\":\"ReadAction\",\"target\":[\"https:\/\/apolinar.capta.cz\/uk\/gynekologie\/onkogynekologie-2\/jsem-onkologicky-lecena-pacientka\/\"]}]},{\"@type\":\"BreadcrumbList\",\"@id\":\"https:\/\/apolinar.capta.cz\/uk\/gynekologie\/onkogynekologie-2\/jsem-onkologicky-lecena-pacientka\/#breadcrumb\",\"itemListElement\":[{\"@type\":\"ListItem\",\"position\":1,\"name\":\"Dom\u016f\",\"item\":\"https:\/\/apolinar.capta.cz\/uk\/\"},{\"@type\":\"ListItem\",\"position\":2,\"name\":\"Jsem onkologicky l\u00e9\u010den\u00e1 pacientka\"}]},{\"@type\":\"WebSite\",\"@id\":\"https:\/\/apolinar.capta.cz\/uk\/#website\",\"url\":\"https:\/\/apolinar.capta.cz\/uk\/\",\"name\":\"Porodnice U Apolin\u00e1\u0159e\",\"description\":\"Klinika gynekologie, porodnictv\u00ed a neonatologie 1. LF UK a VFN v Praze\",\"potentialAction\":[{\"@type\":\"SearchAction\",\"target\":{\"@type\":\"EntryPoint\",\"urlTemplate\":\"https:\/\/apolinar.capta.cz\/uk\/?s={search_term_string}\"},\"query-input\":{\"@type\":\"PropertyValueSpecification\",\"valueRequired\":true,\"valueName\":\"search_term_string\"}}],\"inLanguage\":\"uk\"}]}<\/script>\n<!-- \/ Yoast SEO plugin. -->","yoast_head_json":{"title":"Jsem onkologicky l\u00e9\u010den\u00e1 pacientka - Porodnice U Apolin\u00e1\u0159e","robots":{"index":"noindex","follow":"follow","max-snippet":"max-snippet:-1","max-image-preview":"max-image-preview:large","max-video-preview":"max-video-preview:-1"},"og_locale":"uk_UA","og_type":"article","og_title":"Jsem onkologicky l\u00e9\u010den\u00e1 pacientka - Porodnice U Apolin\u00e1\u0159e","og_url":"https:\/\/apolinar.capta.cz\/uk\/gynekologie\/onkogynekologie-2\/jsem-onkologicky-lecena-pacientka\/","og_site_name":"Porodnice U Apolin\u00e1\u0159e","twitter_card":"summary_large_image","schema":{"@context":"https:\/\/schema.org","@graph":[{"@type":"WebPage","@id":"https:\/\/apolinar.capta.cz\/uk\/gynekologie\/onkogynekologie-2\/jsem-onkologicky-lecena-pacientka\/","url":"https:\/\/apolinar.capta.cz\/uk\/gynekologie\/onkogynekologie-2\/jsem-onkologicky-lecena-pacientka\/","name":"Jsem onkologicky l\u00e9\u010den\u00e1 pacientka - Porodnice U Apolin\u00e1\u0159e","isPartOf":{"@id":"https:\/\/apolinar.capta.cz\/uk\/#website"},"datePublished":"2023-07-10T09:13:36+00:00","breadcrumb":{"@id":"https:\/\/apolinar.capta.cz\/uk\/gynekologie\/onkogynekologie-2\/jsem-onkologicky-lecena-pacientka\/#breadcrumb"},"inLanguage":"uk","potentialAction":[{"@type":"ReadAction","target":["https:\/\/apolinar.capta.cz\/uk\/gynekologie\/onkogynekologie-2\/jsem-onkologicky-lecena-pacientka\/"]}]},{"@type":"BreadcrumbList","@id":"https:\/\/apolinar.capta.cz\/uk\/gynekologie\/onkogynekologie-2\/jsem-onkologicky-lecena-pacientka\/#breadcrumb","itemListElement":[{"@type":"ListItem","position":1,"name":"Dom\u016f","item":"https:\/\/apolinar.capta.cz\/uk\/"},{"@type":"ListItem","position":2,"name":"Jsem onkologicky l\u00e9\u010den\u00e1 pacientka"}]},{"@type":"WebSite","@id":"https:\/\/apolinar.capta.cz\/uk\/#website","url":"https:\/\/apolinar.capta.cz\/uk\/","name":"Porodnice U Apolin\u00e1\u0159e","description":"Klinika gynekologie, porodnictv\u00ed a neonatologie 1. LF UK a VFN v Praze","potentialAction":[{"@type":"SearchAction","target":{"@type":"EntryPoint","urlTemplate":"https:\/\/apolinar.capta.cz\/uk\/?s={search_term_string}"},"query-input":{"@type":"PropertyValueSpecification","valueRequired":true,"valueName":"search_term_string"}}],"inLanguage":"uk"}]}},"_links":{"self":[{"href":"https:\/\/apolinar.capta.cz\/uk\/wp-json\/wp\/v2\/pages\/1659","targetHints":{"allow":["GET"]}}],"collection":[{"href":"https:\/\/apolinar.capta.cz\/uk\/wp-json\/wp\/v2\/pages"}],"about":[{"href":"https:\/\/apolinar.capta.cz\/uk\/wp-json\/wp\/v2\/types\/page"}],"author":[{"embeddable":true,"href":"https:\/\/apolinar.capta.cz\/uk\/wp-json\/wp\/v2\/users\/4"}],"replies":[{"embeddable":true,"href":"https:\/\/apolinar.capta.cz\/uk\/wp-json\/wp\/v2\/comments?post=1659"}],"version-history":[{"count":0,"href":"https:\/\/apolinar.capta.cz\/uk\/wp-json\/wp\/v2\/pages\/1659\/revisions"}],"up":[{"embeddable":true,"href":"https:\/\/apolinar.capta.cz\/uk\/wp-json\/wp\/v2\/pages\/8471"}],"wp:attachment":[{"href":"https:\/\/apolinar.capta.cz\/uk\/wp-json\/wp\/v2\/media?parent=1659"}],"curies":[{"name":"wp","href":"https:\/\/api.w.org\/{rel}","templated":true}]}}