{"id":1991,"date":"2023-07-13T01:48:16","date_gmt":"2023-07-12T23:48:16","guid":{"rendered":"https:\/\/apolinar.eu\/?page_id=1991"},"modified":"2023-07-13T01:48:16","modified_gmt":"2023-07-12T23:48:16","slug":"ockovani-proti-respiracnim-virum","status":"publish","type":"page","link":"https:\/\/apolinar.capta.cz\/uk\/ockovani-proti-respiracnim-virum\/","title":{"rendered":"O\u010dkov\u00e1n\u00ed proti respira\u010dn\u00edm vir\u016fm"},"content":{"rendered":"        <section\r\n            class=\"pdt-80 pdb-80 \"\r\n        >\r\n        <div class=\"wrapper2\">\r\n                            <div class=\"text_block observe anim_drop1 anim_delay\">\r\n                    <h1 class=\"title_h2 \">O\u010dkov\u00e1n\u00ed proti respira\u010dn\u00edm vir\u016fm<\/h1>                                                                                            <h2 class=\"title_h3 color2\">\r\n                                O\u010dkov\u00e1n\u00ed proti respira\u010dn\u00edm vir\u016fm prob\u00edh\u00e1 u novorozenc\u016f narozen\u00fdch ve 28. gesta\u010dn\u00edm t\u00fddnu nebo d\u0159\u00edve, u kter\u00fdch byla diagnostikov\u00e1na bronchopulmon\u00e1ln\u00ed dysplazie. U novorozenc\u016f narozen\u00fdch ve vy\u0161\u0161\u00edm gesta\u010dn\u00edm t\u00fddnu prob\u00edh\u00e1 v p\u0159\u00edpad\u011b, \u017ee je rentgenologicky potvrzena bronchopulmon\u00e1ln\u00ed dysplazie.                            <\/h2>\r\n                                                                <div class=\"page_content reset_margins\">\r\n                        <p><p>Pro v\u0161echny tyto pacienty plat\u00ed v\u011bkov\u00fd limit maxim\u00e1ln\u011b 1 rok v dob\u011b za\u010d\u00e1tku sez\u00f3ny respira\u010dn\u00edch vir\u016f (listopad).<br \/>\nDo ambulance jsou aktivn\u011b zv\u00e1ny d\u011bti, kter\u00e9 byly hospitalizovan\u00e9 v na\u0161em perinatologick\u00e9m centru a v\u00fd\u0161e uveden\u00e9 po\u017eadavky spl\u0148uj\u00ed. O\u010dkov\u00e1n\u00ed je pln\u011b hrazeno zdravotn\u00ed poji\u0161\u0165ovnou.<\/p>\n<\/p>\r\n                    <\/div>\r\n                                    <\/div>\r\n                    <\/div>\r\n    <\/section>\r\n","protected":false},"excerpt":{"rendered":"","protected":false},"author":6,"featured_media":0,"parent":0,"menu_order":0,"comment_status":"closed","ping_status":"closed","template":"","meta":{"_acf_changed":false,"footnotes":""},"class_list":["post-1991","page","type-page","status-publish","hentry"],"acf":[],"yoast_head":"<!-- This site is optimized with the Yoast SEO plugin v25.5 - https:\/\/yoast.com\/wordpress\/plugins\/seo\/ -->\n<title>O\u010dkov\u00e1n\u00ed proti respira\u010dn\u00edm vir\u016fm - Porodnice U Apolin\u00e1\u0159e<\/title>\n<meta name=\"robots\" content=\"noindex, follow, max-snippet:-1, max-image-preview:large, max-video-preview:-1\" \/>\n<meta property=\"og:locale\" content=\"uk_UA\" \/>\n<meta property=\"og:type\" content=\"article\" \/>\n<meta property=\"og:title\" content=\"O\u010dkov\u00e1n\u00ed proti respira\u010dn\u00edm vir\u016fm - Porodnice U Apolin\u00e1\u0159e\" \/>\n<meta property=\"og:url\" content=\"https:\/\/apolinar.capta.cz\/uk\/ockovani-proti-respiracnim-virum\/\" \/>\n<meta property=\"og:site_name\" content=\"Porodnice U Apolin\u00e1\u0159e\" \/>\n<meta name=\"twitter:card\" content=\"summary_large_image\" \/>\n<script type=\"application\/ld+json\" class=\"yoast-schema-graph\">{\"@context\":\"https:\/\/schema.org\",\"@graph\":[{\"@type\":\"WebPage\",\"@id\":\"https:\/\/apolinar.capta.cz\/uk\/ockovani-proti-respiracnim-virum\/\",\"url\":\"https:\/\/apolinar.capta.cz\/uk\/ockovani-proti-respiracnim-virum\/\",\"name\":\"O\u010dkov\u00e1n\u00ed proti respira\u010dn\u00edm vir\u016fm - Porodnice U Apolin\u00e1\u0159e\",\"isPartOf\":{\"@id\":\"https:\/\/apolinar.capta.cz\/uk\/#website\"},\"datePublished\":\"2023-07-12T23:48:16+00:00\",\"breadcrumb\":{\"@id\":\"https:\/\/apolinar.capta.cz\/uk\/ockovani-proti-respiracnim-virum\/#breadcrumb\"},\"inLanguage\":\"uk\",\"potentialAction\":[{\"@type\":\"ReadAction\",\"target\":[\"https:\/\/apolinar.capta.cz\/uk\/ockovani-proti-respiracnim-virum\/\"]}]},{\"@type\":\"BreadcrumbList\",\"@id\":\"https:\/\/apolinar.capta.cz\/uk\/ockovani-proti-respiracnim-virum\/#breadcrumb\",\"itemListElement\":[{\"@type\":\"ListItem\",\"position\":1,\"name\":\"Dom\u016f\",\"item\":\"https:\/\/apolinar.capta.cz\/uk\/\"},{\"@type\":\"ListItem\",\"position\":2,\"name\":\"O\u010dkov\u00e1n\u00ed proti respira\u010dn\u00edm vir\u016fm\"}]},{\"@type\":\"WebSite\",\"@id\":\"https:\/\/apolinar.capta.cz\/uk\/#website\",\"url\":\"https:\/\/apolinar.capta.cz\/uk\/\",\"name\":\"Porodnice U Apolin\u00e1\u0159e\",\"description\":\"Klinika gynekologie, porodnictv\u00ed a neonatologie 1. LF UK a VFN v Praze\",\"potentialAction\":[{\"@type\":\"SearchAction\",\"target\":{\"@type\":\"EntryPoint\",\"urlTemplate\":\"https:\/\/apolinar.capta.cz\/uk\/?s={search_term_string}\"},\"query-input\":{\"@type\":\"PropertyValueSpecification\",\"valueRequired\":true,\"valueName\":\"search_term_string\"}}],\"inLanguage\":\"uk\"}]}<\/script>\n<!-- \/ Yoast SEO plugin. -->","yoast_head_json":{"title":"O\u010dkov\u00e1n\u00ed proti respira\u010dn\u00edm vir\u016fm - Porodnice U Apolin\u00e1\u0159e","robots":{"index":"noindex","follow":"follow","max-snippet":"max-snippet:-1","max-image-preview":"max-image-preview:large","max-video-preview":"max-video-preview:-1"},"og_locale":"uk_UA","og_type":"article","og_title":"O\u010dkov\u00e1n\u00ed proti respira\u010dn\u00edm vir\u016fm - Porodnice U Apolin\u00e1\u0159e","og_url":"https:\/\/apolinar.capta.cz\/uk\/ockovani-proti-respiracnim-virum\/","og_site_name":"Porodnice U Apolin\u00e1\u0159e","twitter_card":"summary_large_image","schema":{"@context":"https:\/\/schema.org","@graph":[{"@type":"WebPage","@id":"https:\/\/apolinar.capta.cz\/uk\/ockovani-proti-respiracnim-virum\/","url":"https:\/\/apolinar.capta.cz\/uk\/ockovani-proti-respiracnim-virum\/","name":"O\u010dkov\u00e1n\u00ed proti respira\u010dn\u00edm vir\u016fm - Porodnice U Apolin\u00e1\u0159e","isPartOf":{"@id":"https:\/\/apolinar.capta.cz\/uk\/#website"},"datePublished":"2023-07-12T23:48:16+00:00","breadcrumb":{"@id":"https:\/\/apolinar.capta.cz\/uk\/ockovani-proti-respiracnim-virum\/#breadcrumb"},"inLanguage":"uk","potentialAction":[{"@type":"ReadAction","target":["https:\/\/apolinar.capta.cz\/uk\/ockovani-proti-respiracnim-virum\/"]}]},{"@type":"BreadcrumbList","@id":"https:\/\/apolinar.capta.cz\/uk\/ockovani-proti-respiracnim-virum\/#breadcrumb","itemListElement":[{"@type":"ListItem","position":1,"name":"Dom\u016f","item":"https:\/\/apolinar.capta.cz\/uk\/"},{"@type":"ListItem","position":2,"name":"O\u010dkov\u00e1n\u00ed proti respira\u010dn\u00edm vir\u016fm"}]},{"@type":"WebSite","@id":"https:\/\/apolinar.capta.cz\/uk\/#website","url":"https:\/\/apolinar.capta.cz\/uk\/","name":"Porodnice U Apolin\u00e1\u0159e","description":"Klinika gynekologie, porodnictv\u00ed a neonatologie 1. LF UK a VFN v Praze","potentialAction":[{"@type":"SearchAction","target":{"@type":"EntryPoint","urlTemplate":"https:\/\/apolinar.capta.cz\/uk\/?s={search_term_string}"},"query-input":{"@type":"PropertyValueSpecification","valueRequired":true,"valueName":"search_term_string"}}],"inLanguage":"uk"}]}},"_links":{"self":[{"href":"https:\/\/apolinar.capta.cz\/uk\/wp-json\/wp\/v2\/pages\/1991","targetHints":{"allow":["GET"]}}],"collection":[{"href":"https:\/\/apolinar.capta.cz\/uk\/wp-json\/wp\/v2\/pages"}],"about":[{"href":"https:\/\/apolinar.capta.cz\/uk\/wp-json\/wp\/v2\/types\/page"}],"author":[{"embeddable":true,"href":"https:\/\/apolinar.capta.cz\/uk\/wp-json\/wp\/v2\/users\/6"}],"replies":[{"embeddable":true,"href":"https:\/\/apolinar.capta.cz\/uk\/wp-json\/wp\/v2\/comments?post=1991"}],"version-history":[{"count":0,"href":"https:\/\/apolinar.capta.cz\/uk\/wp-json\/wp\/v2\/pages\/1991\/revisions"}],"wp:attachment":[{"href":"https:\/\/apolinar.capta.cz\/uk\/wp-json\/wp\/v2\/media?parent=1991"}],"curies":[{"name":"wp","href":"https:\/\/api.w.org\/{rel}","templated":true}]}}