{"id":2130,"date":"2023-07-13T15:24:58","date_gmt":"2023-07-13T13:24:58","guid":{"rendered":"https:\/\/apolinar.eu\/?page_id=2130"},"modified":"2023-07-13T15:24:58","modified_gmt":"2023-07-13T13:24:58","slug":"novorozenecky-screening","status":"publish","type":"page","link":"https:\/\/apolinar.capta.cz\/uk\/neonatologie\/fyziologicky-novorozenec\/novorozenecky-screening\/","title":{"rendered":"Novorozeneck\u00fd screening"},"content":{"rendered":"        <section\r\n            class=\"pdt-80 pdb-40 \"\r\n        >\r\n        <div class=\"wrapper2\">\r\n                            <div class=\"text_block observe anim_drop1 anim_delay\">\r\n                    <h1 class=\"title_h2 \">Novorozeneck\u00fd screening<\/h1>                                                                                            <h2 class=\"title_h3 color2\">\r\n                                Screeningov\u00e9 vy\u0161et\u0159en\u00ed je aktivn\u00ed a celoplo\u0161n\u00e9 (celost\u00e1tn\u00ed) c\u00edlen\u00e9 vyhled\u00e1v\u00e1n\u00ed ur\u010dit\u00e9ho onemocn\u011bn\u00ed je\u0161t\u011b d\u0159\u00edve, ne\u017e se projev\u00ed probl\u00e9my u d\u00edt\u011bte a umo\u017e\u0148uje v\u010das zah\u00e1jit l\u00e9\u010dbu, pokud je mo\u017en\u00e1. U v\u0161ech screeningov\u00fdch vy\u0161et\u0159en\u00ed mohou b\u00fdt p\u0159\u00edtomni rodi\u010de.                            <\/h2>\r\n                                                                <div class=\"page_content reset_margins\">\r\n                        <p><\/p>\r\n                    <\/div>\r\n                                    <\/div>\r\n                    <\/div>\r\n    <\/section>\r\n\n\n    <!-- ACCORD -->\r\n    <section\r\n            class=\"pdt-40 pdb-80 bg3\"\r\n        >\r\n        <div class=\"wrapper2 anim_delay anim_drop1 observe\">\r\n            <h2 class=\"title_h3 \">Kter\u00e1 screeningov\u00e1 vy\u0161et\u0159en\u00ed u novorozenc\u016f standardn\u011b prov\u00e1d\u00edme b\u011bhem pobytu v\u202fporodnici?<\/h2>                                        <div class=\"accord mgt-30\">\r\n                                            <!-- ITEM -->\r\n                        <div class=\"item_accord item\">\r\n                            <a href=\"#\" role=\"button\" class=\"item_accord_head head\">\r\n                                <h3 class=\"item_accord_title\">screening vrozen\u00e9 katarakty (\u0161ed\u00e9ho z\u00e1kalu)<\/h3>\r\n                                <div class=\"item_accord_arrow\">\r\n                                    <svg class=\"sicofill\">\r\n                                        <use href=\"https:\/\/apolinar.capta.cz\/wp-content\/themes\/apolinar\/assets\/layout\/icons.svg#s_ar2_d\"\/>\r\n                                    <\/svg>\r\n                                <\/div>\r\n                            <\/a>\r\n                            <div class=\"expand\">\r\n                                <div class=\"item_accord_inner page_content reset_margins\">\r\n                                                                                                                                                        <p>Pomoc\u00ed oftalmoskopu se kr\u00e1tce pod\u00edv\u00e1me novorozenci do o\u010d\u00ed, vy\u0161et\u0159en\u00ed se prov\u00e1d\u00ed bez rozkap\u00e1n\u00ed o\u010d\u00ed.<\/p>\n                                                                    <\/div>\r\n                            <\/div>\r\n                        <\/div>\r\n                                            <!-- ITEM -->\r\n                        <div class=\"item_accord item\">\r\n                            <a href=\"#\" role=\"button\" class=\"item_accord_head head\">\r\n                                <h3 class=\"item_accord_title\">screening vrozen\u00e9 hluchoty (vy\u0161et\u0159en\u00ed evokovan\u00fdch otoakustick\u00fdch emis\u00ed)<\/h3>\r\n                                <div class=\"item_accord_arrow\">\r\n                                    <svg class=\"sicofill\">\r\n                                        <use href=\"https:\/\/apolinar.capta.cz\/wp-content\/themes\/apolinar\/assets\/layout\/icons.svg#s_ar2_d\"\/>\r\n                                    <\/svg>\r\n                                <\/div>\r\n                            <\/a>\r\n                            <div class=\"expand\">\r\n                                <div class=\"item_accord_inner page_content reset_margins\">\r\n                                                                                                                                                        <p>Prov\u00e1d\u00edme zpravidla po 2. dni \u017eivota. Vy\u0161et\u0159en\u00ed trv\u00e1 n\u011bkolik minut. D\u011btem do zevn\u00edho zvukovodu zavedeme malou sondi\u010dku a pomoc\u00ed speci\u00e1ln\u00edho p\u0159\u00edstroje m\u011b\u0159\u00edme kvalitu p\u0159enosu zvuku. Vy\u0161et\u0159en\u00ed je bezbolestn\u00e9.<\/p>\n<ul>\n<li><a href=\"https:\/\/www.otorinolaryngologie.cz\/content\/uploads\/2020\/02\/ppp-screening-sluchu-novorozencu.pdf\">V\u00edce informac\u00ed<\/a><\/li>\n<\/ul>\n                                                                    <\/div>\r\n                            <\/div>\r\n                        <\/div>\r\n                                            <!-- ITEM -->\r\n                        <div class=\"item_accord item\">\r\n                            <a href=\"#\" role=\"button\" class=\"item_accord_head head\">\r\n                                <h3 class=\"item_accord_title\">novorozeneck\u00fd laboratorn\u00ed screening d\u011bdi\u010dn\u00fdch metabolick\u00fd vad<\/h3>\r\n                                <div class=\"item_accord_arrow\">\r\n                                    <svg class=\"sicofill\">\r\n                                        <use href=\"https:\/\/apolinar.capta.cz\/wp-content\/themes\/apolinar\/assets\/layout\/icons.svg#s_ar2_d\"\/>\r\n                                    <\/svg>\r\n                                <\/div>\r\n                            <\/a>\r\n                            <div class=\"expand\">\r\n                                <div class=\"item_accord_inner page_content reset_margins\">\r\n                                                                                                                                                        <p>Mezi 48. a 72. hod \u017eivota odebereme mali\u010dk\u00e9 mno\u017estv\u00ed krve z\u202fpati\u010dky, aktu\u00e1ln\u011b vy\u0161et\u0159ujeme 21 vrozen\u00fdch onemocn\u011bn\u00ed v\u010detn\u011b nov\u011b doporu\u010den\u00e9ho screeningu spin\u00e1ln\u00ed muskul\u00e1rn\u00ed atrofie (SMA), skupiny onemocn\u011bn\u00ed t\u011b\u017ek\u00e9 kombinovan\u00e9 imunodeficience (SCID) a vrozen\u00e9ho deficitu vitaminu B 12.<\/p>\n<ul>\n<li><a href=\"http:\/\/www.novorozeneckyscreening.cz\/\">V\u00edce informac\u00ed<\/a><\/li>\n<\/ul>\n                                                                    <\/div>\r\n                            <\/div>\r\n                        <\/div>\r\n                                            <!-- ITEM -->\r\n                        <div class=\"item_accord item\">\r\n                            <a href=\"#\" role=\"button\" class=\"item_accord_head head\">\r\n                                <h3 class=\"item_accord_title\">screening vrozen\u00e9 poruchy v\u00fdvoje (dyspl\u00e1zie) ky\u010deln\u00edho kloubu<\/h3>\r\n                                <div class=\"item_accord_arrow\">\r\n                                    <svg class=\"sicofill\">\r\n                                        <use href=\"https:\/\/apolinar.capta.cz\/wp-content\/themes\/apolinar\/assets\/layout\/icons.svg#s_ar2_d\"\/>\r\n                                    <\/svg>\r\n                                <\/div>\r\n                            <\/a>\r\n                            <div class=\"expand\">\r\n                                <div class=\"item_accord_inner page_content reset_margins\">\r\n                                                                                                                                                        <p>Orienta\u010dn\u00ed klinick\u00e9 vy\u0161et\u0159en\u00ed ky\u010dl\u00ed neonatologem.<\/p>\n                                                                    <\/div>\r\n                            <\/div>\r\n                        <\/div>\r\n                                            <!-- ITEM -->\r\n                        <div class=\"item_accord item\">\r\n                            <a href=\"#\" role=\"button\" class=\"item_accord_head head\">\r\n                                <h3 class=\"item_accord_title\">screening vrozen\u00e9ho z\u00fa\u017een\u00ed (koarktace) aorty<\/h3>\r\n                                <div class=\"item_accord_arrow\">\r\n                                    <svg class=\"sicofill\">\r\n                                        <use href=\"https:\/\/apolinar.capta.cz\/wp-content\/themes\/apolinar\/assets\/layout\/icons.svg#s_ar2_d\"\/>\r\n                                    <\/svg>\r\n                                <\/div>\r\n                            <\/a>\r\n                            <div class=\"expand\">\r\n                                <div class=\"item_accord_inner page_content reset_margins\">\r\n                                                                                                                                                        <p>P\u0159i vy\u0161et\u0159en\u00ed hmat\u00e1me puls na stehenn\u00edch tepn\u00e1ch.<\/p>\n                                                                    <\/div>\r\n                            <\/div>\r\n                        <\/div>\r\n                                            <!-- ITEM -->\r\n                        <div class=\"item_accord item\">\r\n                            <a href=\"#\" role=\"button\" class=\"item_accord_head head\">\r\n                                <h3 class=\"item_accord_title\">screening roz\u0161t\u011bpu patra<\/h3>\r\n                                <div class=\"item_accord_arrow\">\r\n                                    <svg class=\"sicofill\">\r\n                                        <use href=\"https:\/\/apolinar.capta.cz\/wp-content\/themes\/apolinar\/assets\/layout\/icons.svg#s_ar2_d\"\/>\r\n                                    <\/svg>\r\n                                <\/div>\r\n                            <\/a>\r\n                            <div class=\"expand\">\r\n                                <div class=\"item_accord_inner page_content reset_margins\">\r\n                                                                                                                                                        <p>U\u017e b\u011bhem prvn\u00edho vy\u0161et\u0159en\u00ed po narozen\u00ed kontrolujeme hmatem a pohledem m\u011bkk\u00e9 i tvrd\u00e9 patro v\u202f\u00fastech novorozence.<\/p>\n<ul>\n<li><a href=\"https:\/\/www.nzip.cz\/clanek\/644-rozstepy-rtu-a-patra\">V\u00edce informac\u00ed<\/a><\/li>\n<\/ul>\n                                                                    <\/div>\r\n                            <\/div>\r\n                        <\/div>\r\n                                    <\/div>\r\n                    <\/div>\r\n    <\/section>\r\n","protected":false},"excerpt":{"rendered":"","protected":false},"author":6,"featured_media":0,"parent":4001,"menu_order":0,"comment_status":"closed","ping_status":"closed","template":"","meta":{"_acf_changed":false,"footnotes":""},"class_list":["post-2130","page","type-page","status-publish","hentry"],"acf":[],"yoast_head":"<!-- This site is optimized with the Yoast SEO plugin v25.5 - https:\/\/yoast.com\/wordpress\/plugins\/seo\/ -->\n<title>Novorozeneck\u00fd screening - Porodnice U Apolin\u00e1\u0159e<\/title>\n<meta name=\"robots\" content=\"noindex, follow, max-snippet:-1, max-image-preview:large, max-video-preview:-1\" \/>\n<meta property=\"og:locale\" content=\"uk_UA\" \/>\n<meta property=\"og:type\" content=\"article\" \/>\n<meta property=\"og:title\" content=\"Novorozeneck\u00fd screening - Porodnice U Apolin\u00e1\u0159e\" \/>\n<meta property=\"og:url\" content=\"https:\/\/apolinar.capta.cz\/uk\/neonatologie\/fyziologicky-novorozenec\/novorozenecky-screening\/\" \/>\n<meta property=\"og:site_name\" content=\"Porodnice U Apolin\u00e1\u0159e\" \/>\n<meta name=\"twitter:card\" content=\"summary_large_image\" \/>\n<script type=\"application\/ld+json\" class=\"yoast-schema-graph\">{\"@context\":\"https:\/\/schema.org\",\"@graph\":[{\"@type\":\"WebPage\",\"@id\":\"https:\/\/apolinar.capta.cz\/uk\/neonatologie\/fyziologicky-novorozenec\/novorozenecky-screening\/\",\"url\":\"https:\/\/apolinar.capta.cz\/uk\/neonatologie\/fyziologicky-novorozenec\/novorozenecky-screening\/\",\"name\":\"Novorozeneck\u00fd screening - Porodnice U Apolin\u00e1\u0159e\",\"isPartOf\":{\"@id\":\"https:\/\/apolinar.capta.cz\/uk\/#website\"},\"datePublished\":\"2023-07-13T13:24:58+00:00\",\"breadcrumb\":{\"@id\":\"https:\/\/apolinar.capta.cz\/uk\/neonatologie\/fyziologicky-novorozenec\/novorozenecky-screening\/#breadcrumb\"},\"inLanguage\":\"uk\",\"potentialAction\":[{\"@type\":\"ReadAction\",\"target\":[\"https:\/\/apolinar.capta.cz\/uk\/neonatologie\/fyziologicky-novorozenec\/novorozenecky-screening\/\"]}]},{\"@type\":\"BreadcrumbList\",\"@id\":\"https:\/\/apolinar.capta.cz\/uk\/neonatologie\/fyziologicky-novorozenec\/novorozenecky-screening\/#breadcrumb\",\"itemListElement\":[{\"@type\":\"ListItem\",\"position\":1,\"name\":\"Dom\u016f\",\"item\":\"https:\/\/apolinar.capta.cz\/uk\/\"},{\"@type\":\"ListItem\",\"position\":2,\"name\":\"Novorozeneck\u00fd screening\"}]},{\"@type\":\"WebSite\",\"@id\":\"https:\/\/apolinar.capta.cz\/uk\/#website\",\"url\":\"https:\/\/apolinar.capta.cz\/uk\/\",\"name\":\"Porodnice U Apolin\u00e1\u0159e\",\"description\":\"Klinika gynekologie, porodnictv\u00ed a neonatologie 1. LF UK a VFN v Praze\",\"potentialAction\":[{\"@type\":\"SearchAction\",\"target\":{\"@type\":\"EntryPoint\",\"urlTemplate\":\"https:\/\/apolinar.capta.cz\/uk\/?s={search_term_string}\"},\"query-input\":{\"@type\":\"PropertyValueSpecification\",\"valueRequired\":true,\"valueName\":\"search_term_string\"}}],\"inLanguage\":\"uk\"}]}<\/script>\n<!-- \/ Yoast SEO plugin. -->","yoast_head_json":{"title":"Novorozeneck\u00fd screening - Porodnice U Apolin\u00e1\u0159e","robots":{"index":"noindex","follow":"follow","max-snippet":"max-snippet:-1","max-image-preview":"max-image-preview:large","max-video-preview":"max-video-preview:-1"},"og_locale":"uk_UA","og_type":"article","og_title":"Novorozeneck\u00fd screening - Porodnice U Apolin\u00e1\u0159e","og_url":"https:\/\/apolinar.capta.cz\/uk\/neonatologie\/fyziologicky-novorozenec\/novorozenecky-screening\/","og_site_name":"Porodnice U Apolin\u00e1\u0159e","twitter_card":"summary_large_image","schema":{"@context":"https:\/\/schema.org","@graph":[{"@type":"WebPage","@id":"https:\/\/apolinar.capta.cz\/uk\/neonatologie\/fyziologicky-novorozenec\/novorozenecky-screening\/","url":"https:\/\/apolinar.capta.cz\/uk\/neonatologie\/fyziologicky-novorozenec\/novorozenecky-screening\/","name":"Novorozeneck\u00fd screening - Porodnice U Apolin\u00e1\u0159e","isPartOf":{"@id":"https:\/\/apolinar.capta.cz\/uk\/#website"},"datePublished":"2023-07-13T13:24:58+00:00","breadcrumb":{"@id":"https:\/\/apolinar.capta.cz\/uk\/neonatologie\/fyziologicky-novorozenec\/novorozenecky-screening\/#breadcrumb"},"inLanguage":"uk","potentialAction":[{"@type":"ReadAction","target":["https:\/\/apolinar.capta.cz\/uk\/neonatologie\/fyziologicky-novorozenec\/novorozenecky-screening\/"]}]},{"@type":"BreadcrumbList","@id":"https:\/\/apolinar.capta.cz\/uk\/neonatologie\/fyziologicky-novorozenec\/novorozenecky-screening\/#breadcrumb","itemListElement":[{"@type":"ListItem","position":1,"name":"Dom\u016f","item":"https:\/\/apolinar.capta.cz\/uk\/"},{"@type":"ListItem","position":2,"name":"Novorozeneck\u00fd screening"}]},{"@type":"WebSite","@id":"https:\/\/apolinar.capta.cz\/uk\/#website","url":"https:\/\/apolinar.capta.cz\/uk\/","name":"Porodnice U Apolin\u00e1\u0159e","description":"Klinika gynekologie, porodnictv\u00ed a neonatologie 1. LF UK a VFN v Praze","potentialAction":[{"@type":"SearchAction","target":{"@type":"EntryPoint","urlTemplate":"https:\/\/apolinar.capta.cz\/uk\/?s={search_term_string}"},"query-input":{"@type":"PropertyValueSpecification","valueRequired":true,"valueName":"search_term_string"}}],"inLanguage":"uk"}]}},"_links":{"self":[{"href":"https:\/\/apolinar.capta.cz\/uk\/wp-json\/wp\/v2\/pages\/2130","targetHints":{"allow":["GET"]}}],"collection":[{"href":"https:\/\/apolinar.capta.cz\/uk\/wp-json\/wp\/v2\/pages"}],"about":[{"href":"https:\/\/apolinar.capta.cz\/uk\/wp-json\/wp\/v2\/types\/page"}],"author":[{"embeddable":true,"href":"https:\/\/apolinar.capta.cz\/uk\/wp-json\/wp\/v2\/users\/6"}],"replies":[{"embeddable":true,"href":"https:\/\/apolinar.capta.cz\/uk\/wp-json\/wp\/v2\/comments?post=2130"}],"version-history":[{"count":0,"href":"https:\/\/apolinar.capta.cz\/uk\/wp-json\/wp\/v2\/pages\/2130\/revisions"}],"up":[{"embeddable":true,"href":"https:\/\/apolinar.capta.cz\/uk\/wp-json\/wp\/v2\/pages\/4001"}],"wp:attachment":[{"href":"https:\/\/apolinar.capta.cz\/uk\/wp-json\/wp\/v2\/media?parent=2130"}],"curies":[{"name":"wp","href":"https:\/\/api.w.org\/{rel}","templated":true}]}}