{"id":3045,"date":"2023-08-02T16:40:28","date_gmt":"2023-08-02T14:40:28","guid":{"rendered":"https:\/\/apolinar.eu\/?page_id=3045"},"modified":"2023-08-02T16:40:28","modified_gmt":"2023-08-02T14:40:28","slug":"jednotka-intenzivni-a-resuscitacni-pece-novorozencu","status":"publish","type":"page","link":"https:\/\/apolinar.capta.cz\/uk\/jednotka-intenzivni-a-resuscitacni-pece-novorozencu\/","title":{"rendered":"Jednotka intenzivn\u00ed a resuscita\u010dn\u00ed p\u00e9\u010de novorozenc\u016f"},"content":{"rendered":"                <!-- TEXT BLOCK -->\r\n        <section\r\n                class=\"pdt-80 pdb-80 \"\r\n            >\r\n            <div class=\"wrapper2 text_block\">\r\n                <h2 class=\"title_h2 text_center_mdm\">Jednotka intenzivn\u00ed a resuscita\u010dn\u00ed p\u00e9\u010de novorozenc\u016f<\/h2>                                                                                    <h3 class=\"title_h3 text_center_mdm\">JIRP novorozenc\u016f slou\u017e\u00ed dlouhodob\u011b jako superkonzili\u00e1rn\u00ed a l\u00e9\u010debn\u00e9 pracovi\u0161t\u011b pro novorozence a kojence se z\u00e1va\u017enou respira\u010dn\u00ed insuficienc\u00ed, a to pro celou oblast \u010cesk\u00e9 republiky a Slovensk\u00e9 republiky.  <\/h3>\r\n                                                <div class=\"page_content reset_margins\">\r\n                                                                                        <p>Disponujeme nejmodern\u011bj\u0161\u00edmi technikami ventila\u010dn\u00ed podpory a nekonven\u010dn\u00edmi zp\u016fsoby um\u011bl\u00e9 plicn\u00ed ventilace, jako jsou HFJV a NAVA.<\/p>\n                                    <\/div>\r\n            <\/div>\r\n        <\/section>\r\n    ","protected":false},"excerpt":{"rendered":"","protected":false},"author":6,"featured_media":0,"parent":0,"menu_order":0,"comment_status":"closed","ping_status":"closed","template":"","meta":{"_acf_changed":false,"footnotes":""},"class_list":["post-3045","page","type-page","status-publish","hentry"],"acf":[],"yoast_head":"<!-- This site is optimized with the Yoast SEO plugin v25.5 - https:\/\/yoast.com\/wordpress\/plugins\/seo\/ -->\n<title>Jednotka intenzivn\u00ed a resuscita\u010dn\u00ed p\u00e9\u010de novorozenc\u016f - Porodnice U Apolin\u00e1\u0159e<\/title>\n<meta name=\"robots\" content=\"noindex, follow, max-snippet:-1, max-image-preview:large, max-video-preview:-1\" \/>\n<meta property=\"og:locale\" content=\"uk_UA\" \/>\n<meta property=\"og:type\" content=\"article\" \/>\n<meta property=\"og:title\" content=\"Jednotka intenzivn\u00ed a resuscita\u010dn\u00ed p\u00e9\u010de novorozenc\u016f - Porodnice U Apolin\u00e1\u0159e\" \/>\n<meta property=\"og:url\" content=\"https:\/\/apolinar.capta.cz\/uk\/jednotka-intenzivni-a-resuscitacni-pece-novorozencu\/\" \/>\n<meta property=\"og:site_name\" content=\"Porodnice U Apolin\u00e1\u0159e\" \/>\n<meta name=\"twitter:card\" content=\"summary_large_image\" \/>\n<script type=\"application\/ld+json\" class=\"yoast-schema-graph\">{\"@context\":\"https:\/\/schema.org\",\"@graph\":[{\"@type\":\"WebPage\",\"@id\":\"https:\/\/apolinar.capta.cz\/uk\/jednotka-intenzivni-a-resuscitacni-pece-novorozencu\/\",\"url\":\"https:\/\/apolinar.capta.cz\/uk\/jednotka-intenzivni-a-resuscitacni-pece-novorozencu\/\",\"name\":\"Jednotka intenzivn\u00ed a resuscita\u010dn\u00ed p\u00e9\u010de novorozenc\u016f - Porodnice U Apolin\u00e1\u0159e\",\"isPartOf\":{\"@id\":\"https:\/\/apolinar.capta.cz\/uk\/#website\"},\"datePublished\":\"2023-08-02T14:40:28+00:00\",\"breadcrumb\":{\"@id\":\"https:\/\/apolinar.capta.cz\/uk\/jednotka-intenzivni-a-resuscitacni-pece-novorozencu\/#breadcrumb\"},\"inLanguage\":\"uk\",\"potentialAction\":[{\"@type\":\"ReadAction\",\"target\":[\"https:\/\/apolinar.capta.cz\/uk\/jednotka-intenzivni-a-resuscitacni-pece-novorozencu\/\"]}]},{\"@type\":\"BreadcrumbList\",\"@id\":\"https:\/\/apolinar.capta.cz\/uk\/jednotka-intenzivni-a-resuscitacni-pece-novorozencu\/#breadcrumb\",\"itemListElement\":[{\"@type\":\"ListItem\",\"position\":1,\"name\":\"Dom\u016f\",\"item\":\"https:\/\/apolinar.capta.cz\/uk\/\"},{\"@type\":\"ListItem\",\"position\":2,\"name\":\"Jednotka intenzivn\u00ed a resuscita\u010dn\u00ed p\u00e9\u010de novorozenc\u016f\"}]},{\"@type\":\"WebSite\",\"@id\":\"https:\/\/apolinar.capta.cz\/uk\/#website\",\"url\":\"https:\/\/apolinar.capta.cz\/uk\/\",\"name\":\"Porodnice U Apolin\u00e1\u0159e\",\"description\":\"Klinika gynekologie, porodnictv\u00ed a neonatologie 1. LF UK a VFN v Praze\",\"potentialAction\":[{\"@type\":\"SearchAction\",\"target\":{\"@type\":\"EntryPoint\",\"urlTemplate\":\"https:\/\/apolinar.capta.cz\/uk\/?s={search_term_string}\"},\"query-input\":{\"@type\":\"PropertyValueSpecification\",\"valueRequired\":true,\"valueName\":\"search_term_string\"}}],\"inLanguage\":\"uk\"}]}<\/script>\n<!-- \/ Yoast SEO plugin. -->","yoast_head_json":{"title":"Jednotka intenzivn\u00ed a resuscita\u010dn\u00ed p\u00e9\u010de novorozenc\u016f - Porodnice U Apolin\u00e1\u0159e","robots":{"index":"noindex","follow":"follow","max-snippet":"max-snippet:-1","max-image-preview":"max-image-preview:large","max-video-preview":"max-video-preview:-1"},"og_locale":"uk_UA","og_type":"article","og_title":"Jednotka intenzivn\u00ed a resuscita\u010dn\u00ed p\u00e9\u010de novorozenc\u016f - Porodnice U Apolin\u00e1\u0159e","og_url":"https:\/\/apolinar.capta.cz\/uk\/jednotka-intenzivni-a-resuscitacni-pece-novorozencu\/","og_site_name":"Porodnice U Apolin\u00e1\u0159e","twitter_card":"summary_large_image","schema":{"@context":"https:\/\/schema.org","@graph":[{"@type":"WebPage","@id":"https:\/\/apolinar.capta.cz\/uk\/jednotka-intenzivni-a-resuscitacni-pece-novorozencu\/","url":"https:\/\/apolinar.capta.cz\/uk\/jednotka-intenzivni-a-resuscitacni-pece-novorozencu\/","name":"Jednotka intenzivn\u00ed a resuscita\u010dn\u00ed p\u00e9\u010de novorozenc\u016f - Porodnice U Apolin\u00e1\u0159e","isPartOf":{"@id":"https:\/\/apolinar.capta.cz\/uk\/#website"},"datePublished":"2023-08-02T14:40:28+00:00","breadcrumb":{"@id":"https:\/\/apolinar.capta.cz\/uk\/jednotka-intenzivni-a-resuscitacni-pece-novorozencu\/#breadcrumb"},"inLanguage":"uk","potentialAction":[{"@type":"ReadAction","target":["https:\/\/apolinar.capta.cz\/uk\/jednotka-intenzivni-a-resuscitacni-pece-novorozencu\/"]}]},{"@type":"BreadcrumbList","@id":"https:\/\/apolinar.capta.cz\/uk\/jednotka-intenzivni-a-resuscitacni-pece-novorozencu\/#breadcrumb","itemListElement":[{"@type":"ListItem","position":1,"name":"Dom\u016f","item":"https:\/\/apolinar.capta.cz\/uk\/"},{"@type":"ListItem","position":2,"name":"Jednotka intenzivn\u00ed a resuscita\u010dn\u00ed p\u00e9\u010de novorozenc\u016f"}]},{"@type":"WebSite","@id":"https:\/\/apolinar.capta.cz\/uk\/#website","url":"https:\/\/apolinar.capta.cz\/uk\/","name":"Porodnice U Apolin\u00e1\u0159e","description":"Klinika gynekologie, porodnictv\u00ed a neonatologie 1. LF UK a VFN v Praze","potentialAction":[{"@type":"SearchAction","target":{"@type":"EntryPoint","urlTemplate":"https:\/\/apolinar.capta.cz\/uk\/?s={search_term_string}"},"query-input":{"@type":"PropertyValueSpecification","valueRequired":true,"valueName":"search_term_string"}}],"inLanguage":"uk"}]}},"_links":{"self":[{"href":"https:\/\/apolinar.capta.cz\/uk\/wp-json\/wp\/v2\/pages\/3045","targetHints":{"allow":["GET"]}}],"collection":[{"href":"https:\/\/apolinar.capta.cz\/uk\/wp-json\/wp\/v2\/pages"}],"about":[{"href":"https:\/\/apolinar.capta.cz\/uk\/wp-json\/wp\/v2\/types\/page"}],"author":[{"embeddable":true,"href":"https:\/\/apolinar.capta.cz\/uk\/wp-json\/wp\/v2\/users\/6"}],"replies":[{"embeddable":true,"href":"https:\/\/apolinar.capta.cz\/uk\/wp-json\/wp\/v2\/comments?post=3045"}],"version-history":[{"count":0,"href":"https:\/\/apolinar.capta.cz\/uk\/wp-json\/wp\/v2\/pages\/3045\/revisions"}],"wp:attachment":[{"href":"https:\/\/apolinar.capta.cz\/uk\/wp-json\/wp\/v2\/media?parent=3045"}],"curies":[{"name":"wp","href":"https:\/\/api.w.org\/{rel}","templated":true}]}}