{"id":3617,"date":"2023-08-19T21:09:06","date_gmt":"2023-08-19T19:09:06","guid":{"rendered":"https:\/\/apolinar.eu\/?page_id=3617"},"modified":"2023-08-19T21:09:06","modified_gmt":"2023-08-19T19:09:06","slug":"perinatalni-tkane","status":"publish","type":"page","link":"https:\/\/apolinar.capta.cz\/uk\/jake-formality-je-treba-do-vaseho-porodu-zaridit\/perinatalni-tkane\/","title":{"rendered":"Perinat\u00e1ln\u00ed tk\u00e1n\u011b"},"content":{"rendered":"        <section\r\n            class=\"pdt-80 pdb-20 \"\r\n        >\r\n        <div class=\"wrapper2\">\r\n                            <div class=\"text_block observe anim_drop1 anim_delay\">\r\n                    <h2 class=\"title_h2 \">Perinat\u00e1ln\u00ed tk\u00e1n\u011b &#8211; odb\u011br pupe\u010dn\u00edkov\u00e9 krve a tk\u00e1n\u011b<\/h2>                                                                                            <h3 class=\"title_h3 color2\">\r\n                                \u201eA\u010dkoliv je to problematika, kter\u00e1 se vyv\u00edj\u00ed a bude vy\u017eadovat dlouh\u00e1 zkoum\u00e1n\u00ed, pokud na to rodi\u010de pen\u00edze maj\u00ed, tak uchov\u00e1n\u00edm pupe\u010dn\u00edkov\u00e9 krve ur\u010dit\u011b neud\u011blaj\u00ed chybu.\u201c ~ Doc. MUDr. Michal Kouck\u00fd, Ph.D.                            <\/h3>\r\n                                                                <div class=\"page_content reset_margins\">\r\n                        <p><\/p>\r\n                    <\/div>\r\n                                    <\/div>\r\n                    <\/div>\r\n    <\/section>\r\n\n\n                <!-- TEXT BLOCK -->\r\n        <section\r\n                class=\"pdt-20 pdb-80 \"\r\n            >\r\n            <div class=\"wrapper2 text_block\">\r\n                                                                                                    <h3 class=\"title_h3 text_center_mdm\">V\u00a0porodnici je mo\u017en\u00e9 si p\u0159i porodu nechat odebrat pupe\u010dn\u00edkovou krev a tak\u00e9 tk\u00e1\u0148 pupe\u010dn\u00edku<\/h3>\r\n                                                <div class=\"page_content reset_margins\">\r\n                                                                                        <p><strong>Co je pupe\u010dn\u00edkov\u00e1 krev?<\/strong><\/p>\n<p>Pupe\u010dn\u00edkov\u00e1 krev je novorozeneck\u00e1 krev obsa\u017een\u00e1 v placent\u011b a\u00a0pupe\u010dn\u00edku. Je to krev d\u00edt\u011bte, kter\u00e1 se nem\u00eds\u00ed s\u00a0krv\u00ed matky a\u00a0obsahuje mimo jin\u00e9 r\u016fzn\u00e9 typy kmenov\u00fdch bun\u011bk, z\u00a0nich\u017e nejv\u011bt\u0161\u00ed v\u00fdznam maj\u00ed v\u00a0sou\u010dasnosti tzv. hematopoetick\u00e9 kmenov\u00e9 bu\u0148ky a\u00a0progenitory krevn\u00edch bun\u011bk. Pupe\u010dn\u00edkovou krev lze p\u0159i porodu odebrat, zpracovat a\u00a0dlouhodob\u011b uchovat pro pozd\u011bj\u0161\u00ed vyu\u017eit\u00ed k\u00a0l\u00e9\u010db\u011b a\u00a0regeneraci d\u00edt\u011bte. D\u016fle\u017eit\u00e1 je i\u00a0samotn\u00e1 pupe\u010dn\u00edkov\u00e1 tk\u00e1\u0148, kterou je rovn\u011b\u017e mo\u017en\u00e9 uchov\u00e1vat pro vyu\u017eit\u00ed v\u00a0regenerativn\u00ed medic\u00edn\u011b.<\/p>\n<p><strong>Co je tk\u00e1\u0148 pupe\u010dn\u00edku?<\/strong><\/p>\n<p>Tk\u00e1\u0148 pupe\u010dn\u00edku je v\u00a0podstat\u011b \u010d\u00e1st pupe\u010dn\u00ed \u0161\u0148\u016fry Va\u0161e d\u00edt\u011bte. Pupe\u010dn\u00ed \u0161\u0148\u016fra (nebo tak\u00e9 \u201epupe\u010dn\u00edk\u201c) spojuje placentu s d\u00edt\u011btem a umo\u017e\u0148uje transport krve z placenty k plodu a zp\u011bt. Po porodu je pupe\u010dn\u00edk za\u0161krcen (podv\u00e1z\u00e1n) a p\u0159est\u0159i\u017een, d\u00edt\u011b je tak definitivn\u011b odd\u011bleno od matky. V t\u00e9to f\u00e1zi je mo\u017en\u00e9 prov\u00e9st odb\u011br tk\u00e1n\u011b pupe\u010dn\u00edku (a pupe\u010dn\u00edkov\u00e9 krve). Zbytek pupe\u010dn\u00edku z\u016fst\u00e1v\u00e1 spojen s placenou, po porodu placenty je spolu s n\u00ed obvykle likvidov\u00e1n.<\/p>\n<p>Pupe\u010dn\u00ed \u0161\u0148\u016fra m\u00e1 v pr\u016fm\u011bru 1\u20132 cm a dosahuje d\u00e9lky a\u017e 55 cm. Skl\u00e1d\u00e1 se z obal\u016f a vnit\u0159n\u00ed hmoty \u017eelatinov\u00e9 konzistence \u2013 tzv. Whartonova rosolu, kter\u00fd je bohat\u00fd na mezenchym\u00e1ln\u00ed kmenov\u00e9 bu\u0148ky. Tyto bu\u0148ky maj\u00ed v\u00fdznamn\u00e9 regenera\u010dn\u00ed a protiz\u00e1n\u011btliv\u00e9 schopnosti.<\/p>\n<p><strong>Nejlep\u0161\u00edm v\u00fdb\u011brem je uchovat oboj\u00ed<\/strong><\/p>\n<p>Tk\u00e1\u0148 pupe\u010dn\u00edku a pupe\u010dn\u00edkov\u00e1 krev se dopl\u0148uj\u00ed \u2013 nap\u0159\u00edklad krev se vyu\u017e\u00edv\u00e1 p\u0159i experiment\u00e1ln\u00ed l\u00e9\u010db\u011b hypoxicko-ischemick\u00e9 encefalopatie, d\u011btsk\u00e9 mozkov\u00e9 obrny, diabetu a r\u016fzn\u00fdch an\u00e9mi\u00ed, bu\u0148ky z\u00a0pupe\u010dn\u00edkov\u00e9 tk\u00e1n\u011b se vyu\u017e\u00edvaj\u00ed p\u0159i l\u00e9\u010db\u011b r\u016fzn\u00fdch neurologick\u00fdch onemocn\u011bn\u00ed, poran\u011bn\u00ed m\u00edchy, t\u011b\u017ek\u00e9ho z\u00e1palu plic, kardiovaskul\u00e1rn\u00edch onemocn\u011bn\u00ed a dal\u0161\u00edch.<\/p>\n                                    <\/div>\r\n            <\/div>\r\n        <\/section>\r\n    \n\n    <!-- ACCORD -->\r\n    <section\r\n            class=\"pdt-40 pdb-40 bg3\"\r\n        >\r\n        <div class=\"wrapper2 anim_delay anim_drop1 observe\">\r\n                                                    <div class=\"accord mgt-30\">\r\n                                            <!-- ITEM -->\r\n                        <div class=\"item_accord item\">\r\n                            <a href=\"#\" role=\"button\" class=\"item_accord_head head\">\r\n                                <h3 class=\"item_accord_title\">Jak postupovat, kdy\u017e chcete uchovat pupe\u010dn\u00edkovou krev p\u0159i porodu?<\/h3>\r\n                                <div class=\"item_accord_arrow\">\r\n                                    <svg class=\"sicofill\">\r\n                                        <use href=\"https:\/\/apolinar.capta.cz\/wp-content\/themes\/apolinar\/assets\/layout\/icons.svg#s_ar2_d\"\/>\r\n                                    <\/svg>\r\n                                <\/div>\r\n                            <\/a>\r\n                            <div class=\"expand\">\r\n                                <div class=\"item_accord_inner page_content reset_margins\">\r\n                                                                                                                                                        <ul>\n<li>Jednodu\u0161e zavolejte na linku 736 50\u00a0414 N\u00e1rodn\u00edho centra pupe\u010dn\u00edkov\u00e9 krve a prove\u010fte nez\u00e1vaznou registraci k\u00a0odb\u011bru po telefonu. Pracovn\u00edci infolinky V\u00e1m r\u00e1di odpov\u00ed v\u0161echny dotazy, v\u0161e V\u00e1m vysv\u011btl\u00ed a pokud budete m\u00edt z\u00e1jem o odb\u011br, p\u0159iprav\u00ed s\u00a0V\u00e1mi pot\u0159ebnou dokumentaci.<\/li>\n<li>Alternativn\u011b, pokud se V\u00e1m nechce telefonovat, m\u016f\u017eete se k\u00a0odb\u011bru tak\u00e9 zaregistrovat na str\u00e1nce <a href=\"http:\/\/www.pupecnikovakrev.cz\/\">pupecnikovakrev.cz<\/a>.<\/li>\n<li>P\u0159edem neplat\u00edte \u017e\u00e1dn\u00e9 z\u00e1lohy nebo poplatky!<\/li>\n<li>Po nez\u00e1vazn\u00e9 registraci (telefonicky nebo na str\u00e1nk\u00e1ch) obdr\u017e\u00edte e-mailem ve\u0161kerou pot\u0159ebnou dokumentaci. Nyn\u00ed u\u017e se nemus\u00edte o nic z\u00e1sadn\u00edho starat, odb\u011brov\u00e9 sety maj\u00ed p\u0159ipraveny v\u00a0porodnici. Vytiskn\u011bte si dokument Informovan\u00fd souhlas, ten budete pot\u0159ebovat p\u0159i p\u0159\u00edjmu k\u00a0porodu.<\/li>\n<li>P\u0159i p\u0159\u00edjmu do porodnice nahlaste z\u00e1jem o odb\u011br krve a\/nebo tk\u00e1n\u011b, porodn\u00ed asistentce p\u0159edejte Informovan\u00fd souhlas.<\/li>\n<li>Odborn\u00fd zdravotnick\u00fd person\u00e1l porodnice odebere pupe\u010dn\u00edkovou krev \u010di tk\u00e1\u0148 a i s dokumentac\u00ed ji ode\u0161le do N\u00e1rodn\u00edho centra pupe\u010dn\u00edkov\u00e9 krve.<\/li>\n<li>Ni\u010deho se nemus\u00edte b\u00e1t. Odb\u011br je bezpe\u010dn\u00fd a bezbolestn\u00fd, prob\u00edh\u00e1 po porodu, kdy\u017e u\u017e je d\u00edt\u011b u matky, d\u00e1 se uskute\u010dnit u v\u0161ech typ\u016f porod\u016f a d\u00e1 se uskute\u010dnit i p\u0159i b\u011b\u017en\u00e9m dotep\u00e1n\u00ed pupe\u010dn\u00edku (do 60 s.).<\/li>\n<li>V laborato\u0159\u00edch N\u00e1rodn\u00edho centra pupe\u010dn\u00edkov\u00e9 krve provedou kontrolu jakosti a krev a\/nebo tk\u00e1\u0148 zpracuj\u00ed a p\u0159iprav\u00ed k uskladn\u011bn\u00ed.<\/li>\n<li>P\u0159ibli\u017en\u011b 5-6 t\u00fddn\u016f po odb\u011bru obdr\u017e\u00edte po\u0161tou certifik\u00e1t o zpracov\u00e1n\u00ed a ulo\u017een\u00ed souhrn informac\u00ed s v\u00fdsledky. N\u00e1sledn\u011b e-mailem obdr\u017e\u00edte fakturu za odb\u011br, vy\u0161et\u0159en\u00ed, zpracov\u00e1n\u00ed a ulo\u017een\u00ed.<\/li>\n<li>Odebran\u00e1 krev a tk\u00e1\u0148 se skladuje v kryoskladu biologick\u00fdch vzork\u016f v kontejnerech s kapaln\u00fdm dus\u00edkem p\u0159i teplot\u011b -196 \u00b0C. Takto ulo\u017een\u00fd biologick\u00fd materi\u00e1l lze skladovat bez ztr\u00e1ty jakosti des\u00edtky let. V p\u0159\u00edpad\u011b pot\u0159eby bude uchovan\u00fd transplant\u00e1t ihned p\u0159ipraven k l\u00e9\u010db\u011b. L\u00e9\u010dba m\u016f\u017ee prob\u011bhnout kdekoliv na sv\u011bt\u011b.<\/li>\n<\/ul>\n                                                                    <\/div>\r\n                            <\/div>\r\n                        <\/div>\r\n                                            <!-- ITEM -->\r\n                        <div class=\"item_accord item\">\r\n                            <a href=\"#\" role=\"button\" class=\"item_accord_head head\">\r\n                                <h3 class=\"item_accord_title\">Pupe\u010dn\u00edkov\u00e1 krev a tk\u00e1\u0148 v klinick\u00fdch studi\u00edch<\/h3>\r\n                                <div class=\"item_accord_arrow\">\r\n                                    <svg class=\"sicofill\">\r\n                                        <use href=\"https:\/\/apolinar.capta.cz\/wp-content\/themes\/apolinar\/assets\/layout\/icons.svg#s_ar2_d\"\/>\r\n                                    <\/svg>\r\n                                <\/div>\r\n                            <\/a>\r\n                            <div class=\"expand\">\r\n                                <div class=\"item_accord_inner page_content reset_margins\">\r\n                                                                                                                                                        <div>\n<p>Aplikace pupe\u010dn\u00edkov\u00e9 krve je dnes dostupn\u00e1 v \u010cesku i v dal\u0161\u00edch evropsk\u00fdch zem\u00edch. Prob\u00edh\u00e1 tak\u00e9 \u0159ada klinick\u00fdch studi\u00ed na des\u00edtky v\u00e1\u017en\u00fdch onemocn\u011bn\u00ed. Pod\u00edvejte se, jak\u00e9 jsou pokroky.<\/p>\n<\/div>\n<div>\n<p><b>Pupe\u010dn\u00edkov\u00e1 krev<\/b><\/p>\n<\/div>\n<div>\n<p>Od po\u010d\u00e1tku pokro\u010dil\u00e9 bun\u011b\u010dn\u00e9 terapie pupe\u010dn\u00edkovou krv\u00ed do konce roku 2021 bylo na cel\u00e9m sv\u011bt\u011b registrov\u00e1no 276 klinick\u00fdch studi\u00ed s pupe\u010dn\u00edkovou krv\u00ed. V roce 2022 prob\u00edhal n\u00e1bor do 110 studi\u00ed s pupe\u010dn\u00edkovou krv\u00ed, a to jak pokro\u010dil\u00e9 terapie, tak tradi\u010dn\u00ed transplantace.<\/p>\n<\/div>\n<div>\n<p>Vlastn\u00ed pupe\u010dn\u00edkov\u00e1 krev byla poprv\u00e9 u n\u00e1s aplikov\u00e1na dvoulet\u00e9mu d\u00edt\u011bti po tonut\u00ed, kter\u00e9mu byla diagnostikov\u00e1na hypoxicko-ischemick\u00e1 encefalopatie, decerebra\u010dn\u00ed spasticita a vigiln\u00ed k\u00f3ma. N\u011bkolik t\u00fddn\u016f po pod\u00e1n\u00ed se stav d\u00edt\u011bte za\u010dal zlep\u0161ovat. V klinick\u00fdch studi\u00edch se zkoum\u00e1 jej\u00ed vyu\u017eit\u00ed p\u0159i l\u00e9\u010db\u011b d\u011btsk\u00e9 mozkov\u00e9 obrny, diabetu nebo ztr\u00e1ty sluchu.<br \/>\nOdkaz: <a href=\"https:\/\/uzdraveniprohonzika.cz\/\">https:\/\/uzdraveniprohonzika.cz\/<\/a><\/p>\n<\/div>\n<div>\n<p><b>Pupe\u010dn\u00edkov\u00e1 tk\u00e1\u0148<\/b><\/p>\n<\/div>\n<div>\n<p>Statistiky o pokro\u010dil\u00e9 bun\u011b\u010dn\u00e9 terapii pupe\u010dn\u00edkovou tk\u00e1n\u00ed a dal\u0161\u00edmi perinat\u00e1ln\u00edmi zdroji, jako je placenta a amniotick\u00e1 membr\u00e1na, uv\u00e1d\u00ed, \u017ee kumulativn\u011b do konce roku 2021 bylo provedeno 464 studi\u00ed se samotnou tk\u00e1n\u00ed pupe\u010dn\u00edku a 151 studi\u00ed s jin\u00fdmi perinat\u00e1ln\u00edmi tk\u00e1n\u011bmi a kombinacemi perinat\u00e1ln\u00edch tk\u00e1n\u00ed.<\/p>\n<\/div>\n<div>\n<p>Mezenchym\u00e1ln\u00ed strom\u00e1ln\u00ed bu\u0148ky (MSC) z tk\u00e1n\u011b pupe\u010dn\u00edku maj\u00ed regenera\u010dn\u00ed a protiz\u00e1n\u011btliv\u00e9 schopnosti a lze je vyu\u017e\u00edt nap\u0159\u00edklad p\u0159i 3D biotisku. Ji\u017e nyn\u00ed jsou experiment\u00e1ln\u011b aplikov\u00e1ny p\u0159i l\u00e9\u010db\u011b neurologick\u00fdch onemocn\u011bn\u00ed, poran\u011bn\u00ed m\u00edchy \u010di t\u011b\u017ek\u00fdch z\u00e1pal\u016f plic. MSC slou\u017e\u00ed tak\u00e9 jako dopl\u0148kov\u00e1 l\u00e9\u010dba p\u0159i transplantac\u00edch krvetvorby, kde omezuj\u00ed rejekci krvetvorn\u00e9ho \u0161t\u011bpu p\u0159\u00edjemcem.<\/p>\n<\/div>\n<div>\n<p>Aktualizov\u00e1no v \u010dervnu 2022. Zdroj: Parents Guide to Cord Blood Foundation: <a href=\"https:\/\/parentsguidecordblood.org\/en\/news\/2022-update-how-many-clinical-trials-use-cord-blood-or-cord-tissue\">https:\/\/parentsguidecordblood.org\/en\/news\/2022-update-how-many-clinical-trials-use-cord-blood-or-cord-tissue<\/a><\/p>\n<\/div>\n<div>\n<p>V\u00edce o klinick\u00fdch studi\u00edch na str\u00e1nk\u00e1ch pupecnikovakrev.cz:<br \/>\n<a href=\"https:\/\/pupecnikovakrev.cz\/klinicke-studie\/\">https:\/\/pupecnikovakrev.cz\/klinicke-studie\/<\/a><\/p>\n<\/div>\n                                                                    <\/div>\r\n                            <\/div>\r\n                        <\/div>\r\n                                    <\/div>\r\n                    <\/div>\r\n    <\/section>\r\n","protected":false},"excerpt":{"rendered":"","protected":false},"author":6,"featured_media":0,"parent":1082,"menu_order":0,"comment_status":"closed","ping_status":"closed","template":"","meta":{"_acf_changed":false,"footnotes":""},"class_list":["post-3617","page","type-page","status-publish","hentry"],"acf":[],"yoast_head":"<!-- This site is optimized with the Yoast SEO plugin v25.5 - https:\/\/yoast.com\/wordpress\/plugins\/seo\/ -->\n<title>Perinat\u00e1ln\u00ed tk\u00e1n\u011b - Porodnice U Apolin\u00e1\u0159e<\/title>\n<meta name=\"robots\" content=\"noindex, follow, max-snippet:-1, max-image-preview:large, max-video-preview:-1\" \/>\n<meta property=\"og:locale\" content=\"uk_UA\" \/>\n<meta property=\"og:type\" content=\"article\" \/>\n<meta property=\"og:title\" content=\"Perinat\u00e1ln\u00ed tk\u00e1n\u011b - Porodnice U Apolin\u00e1\u0159e\" \/>\n<meta property=\"og:url\" content=\"https:\/\/apolinar.capta.cz\/uk\/jake-formality-je-treba-do-vaseho-porodu-zaridit\/perinatalni-tkane\/\" \/>\n<meta property=\"og:site_name\" content=\"Porodnice U Apolin\u00e1\u0159e\" \/>\n<meta name=\"twitter:card\" content=\"summary_large_image\" \/>\n<script type=\"application\/ld+json\" class=\"yoast-schema-graph\">{\"@context\":\"https:\/\/schema.org\",\"@graph\":[{\"@type\":\"WebPage\",\"@id\":\"https:\/\/apolinar.capta.cz\/uk\/jake-formality-je-treba-do-vaseho-porodu-zaridit\/perinatalni-tkane\/\",\"url\":\"https:\/\/apolinar.capta.cz\/uk\/jake-formality-je-treba-do-vaseho-porodu-zaridit\/perinatalni-tkane\/\",\"name\":\"Perinat\u00e1ln\u00ed tk\u00e1n\u011b - Porodnice U Apolin\u00e1\u0159e\",\"isPartOf\":{\"@id\":\"https:\/\/apolinar.capta.cz\/uk\/#website\"},\"datePublished\":\"2023-08-19T19:09:06+00:00\",\"breadcrumb\":{\"@id\":\"https:\/\/apolinar.capta.cz\/uk\/jake-formality-je-treba-do-vaseho-porodu-zaridit\/perinatalni-tkane\/#breadcrumb\"},\"inLanguage\":\"uk\",\"potentialAction\":[{\"@type\":\"ReadAction\",\"target\":[\"https:\/\/apolinar.capta.cz\/uk\/jake-formality-je-treba-do-vaseho-porodu-zaridit\/perinatalni-tkane\/\"]}]},{\"@type\":\"BreadcrumbList\",\"@id\":\"https:\/\/apolinar.capta.cz\/uk\/jake-formality-je-treba-do-vaseho-porodu-zaridit\/perinatalni-tkane\/#breadcrumb\",\"itemListElement\":[{\"@type\":\"ListItem\",\"position\":1,\"name\":\"Dom\u016f\",\"item\":\"https:\/\/apolinar.capta.cz\/uk\/\"},{\"@type\":\"ListItem\",\"position\":2,\"name\":\"Jak\u00e9 formality je t\u0159eba do va\u0161eho porodu za\u0159\u00eddit?\",\"item\":\"https:\/\/apolinar.capta.cz\/uk\/jake-formality-je-treba-do-vaseho-porodu-zaridit\/\"},{\"@type\":\"ListItem\",\"position\":3,\"name\":\"Perinat\u00e1ln\u00ed tk\u00e1n\u011b\"}]},{\"@type\":\"WebSite\",\"@id\":\"https:\/\/apolinar.capta.cz\/uk\/#website\",\"url\":\"https:\/\/apolinar.capta.cz\/uk\/\",\"name\":\"Porodnice U Apolin\u00e1\u0159e\",\"description\":\"Klinika gynekologie, porodnictv\u00ed a neonatologie 1. LF UK a VFN v Praze\",\"potentialAction\":[{\"@type\":\"SearchAction\",\"target\":{\"@type\":\"EntryPoint\",\"urlTemplate\":\"https:\/\/apolinar.capta.cz\/uk\/?s={search_term_string}\"},\"query-input\":{\"@type\":\"PropertyValueSpecification\",\"valueRequired\":true,\"valueName\":\"search_term_string\"}}],\"inLanguage\":\"uk\"}]}<\/script>\n<!-- \/ Yoast SEO plugin. -->","yoast_head_json":{"title":"Perinat\u00e1ln\u00ed tk\u00e1n\u011b - Porodnice U Apolin\u00e1\u0159e","robots":{"index":"noindex","follow":"follow","max-snippet":"max-snippet:-1","max-image-preview":"max-image-preview:large","max-video-preview":"max-video-preview:-1"},"og_locale":"uk_UA","og_type":"article","og_title":"Perinat\u00e1ln\u00ed tk\u00e1n\u011b - Porodnice U Apolin\u00e1\u0159e","og_url":"https:\/\/apolinar.capta.cz\/uk\/jake-formality-je-treba-do-vaseho-porodu-zaridit\/perinatalni-tkane\/","og_site_name":"Porodnice U Apolin\u00e1\u0159e","twitter_card":"summary_large_image","schema":{"@context":"https:\/\/schema.org","@graph":[{"@type":"WebPage","@id":"https:\/\/apolinar.capta.cz\/uk\/jake-formality-je-treba-do-vaseho-porodu-zaridit\/perinatalni-tkane\/","url":"https:\/\/apolinar.capta.cz\/uk\/jake-formality-je-treba-do-vaseho-porodu-zaridit\/perinatalni-tkane\/","name":"Perinat\u00e1ln\u00ed tk\u00e1n\u011b - Porodnice U Apolin\u00e1\u0159e","isPartOf":{"@id":"https:\/\/apolinar.capta.cz\/uk\/#website"},"datePublished":"2023-08-19T19:09:06+00:00","breadcrumb":{"@id":"https:\/\/apolinar.capta.cz\/uk\/jake-formality-je-treba-do-vaseho-porodu-zaridit\/perinatalni-tkane\/#breadcrumb"},"inLanguage":"uk","potentialAction":[{"@type":"ReadAction","target":["https:\/\/apolinar.capta.cz\/uk\/jake-formality-je-treba-do-vaseho-porodu-zaridit\/perinatalni-tkane\/"]}]},{"@type":"BreadcrumbList","@id":"https:\/\/apolinar.capta.cz\/uk\/jake-formality-je-treba-do-vaseho-porodu-zaridit\/perinatalni-tkane\/#breadcrumb","itemListElement":[{"@type":"ListItem","position":1,"name":"Dom\u016f","item":"https:\/\/apolinar.capta.cz\/uk\/"},{"@type":"ListItem","position":2,"name":"Jak\u00e9 formality je t\u0159eba do va\u0161eho porodu za\u0159\u00eddit?","item":"https:\/\/apolinar.capta.cz\/uk\/jake-formality-je-treba-do-vaseho-porodu-zaridit\/"},{"@type":"ListItem","position":3,"name":"Perinat\u00e1ln\u00ed tk\u00e1n\u011b"}]},{"@type":"WebSite","@id":"https:\/\/apolinar.capta.cz\/uk\/#website","url":"https:\/\/apolinar.capta.cz\/uk\/","name":"Porodnice U Apolin\u00e1\u0159e","description":"Klinika gynekologie, porodnictv\u00ed a neonatologie 1. LF UK a VFN v Praze","potentialAction":[{"@type":"SearchAction","target":{"@type":"EntryPoint","urlTemplate":"https:\/\/apolinar.capta.cz\/uk\/?s={search_term_string}"},"query-input":{"@type":"PropertyValueSpecification","valueRequired":true,"valueName":"search_term_string"}}],"inLanguage":"uk"}]}},"_links":{"self":[{"href":"https:\/\/apolinar.capta.cz\/uk\/wp-json\/wp\/v2\/pages\/3617","targetHints":{"allow":["GET"]}}],"collection":[{"href":"https:\/\/apolinar.capta.cz\/uk\/wp-json\/wp\/v2\/pages"}],"about":[{"href":"https:\/\/apolinar.capta.cz\/uk\/wp-json\/wp\/v2\/types\/page"}],"author":[{"embeddable":true,"href":"https:\/\/apolinar.capta.cz\/uk\/wp-json\/wp\/v2\/users\/6"}],"replies":[{"embeddable":true,"href":"https:\/\/apolinar.capta.cz\/uk\/wp-json\/wp\/v2\/comments?post=3617"}],"version-history":[{"count":0,"href":"https:\/\/apolinar.capta.cz\/uk\/wp-json\/wp\/v2\/pages\/3617\/revisions"}],"up":[{"embeddable":true,"href":"https:\/\/apolinar.capta.cz\/uk\/wp-json\/wp\/v2\/pages\/1082"}],"wp:attachment":[{"href":"https:\/\/apolinar.capta.cz\/uk\/wp-json\/wp\/v2\/media?parent=3617"}],"curies":[{"name":"wp","href":"https:\/\/api.w.org\/{rel}","templated":true}]}}