{"id":414,"date":"2023-06-02T14:23:44","date_gmt":"2023-06-02T12:23:44","guid":{"rendered":"https:\/\/apolinar.eu\/?page_id=414"},"modified":"2023-06-02T14:23:44","modified_gmt":"2023-06-02T12:23:44","slug":"pro-odborniky","status":"publish","type":"page","link":"https:\/\/apolinar.capta.cz\/uk\/pro-odborniky\/","title":{"rendered":"Pro odborn\u00edky"},"content":{"rendered":"                <!-- Pro odborn\u00edky -->\r\n        <section\r\n                class=\"box_special wrapper pdt-140 pdb-80 pdt-60lg pdb-40lg pdt-100md pdb-60md  pdl-5 pdr-05\"\r\n            >\r\n            <div class=\"wrapper2 pos_rel\">\r\n                <div class=\"grid small-space text_center_lgm\">\r\n                    <div class=\"col60p col1_lgm text_block\">\r\n                        <h1 class=\"title_h2 \">Pro odborn\u00edky<\/h1>                        <div class=\"page_content reset_margins\">\r\n                                                    <\/div>\r\n                    <\/div>\r\n                <\/div>\r\n                                                    <img decoding=\"async\" src=\"https:\/\/apolinar.capta.cz\/wp-content\/uploads\/2023\/06\/l6.svg\" class=\"decor2 hide_mdm\" alt=\"\" \/>                            <\/div>\r\n                                        <div class=\"wrapper2 mgt-30 mgt-10lg\">\r\n                    <div class=\"grid small-space\">\r\n                                                    <div class=\"col4 col2_lgm col1_mdm offset\">\r\n                                <div class=\"elm_drop\">\r\n                                    <button type=\"button\" class=\"elm_drop_button clicker\">\r\n                                        <span>Gynekologie<\/span>\r\n                                        <svg class=\"sico\">\r\n                                            <use href=\"https:\/\/apolinar.capta.cz\/wp-content\/themes\/apolinar\/assets\/layout\/icons.svg#s_ar2_d\"\/>\r\n                                        <\/svg>\r\n                                    <\/button>\r\n                                                                            <div class=\"elm_drop_drop\">\r\n                                            <div class=\"elm_drop_menu\">\r\n                                                                                                                                                            <a href=\"https:\/\/apolinar.capta.cz\/onkogynekologie\/\"\r\n                                                           title=\"Onkogynekologie\"\r\n                                                           >\r\n                                                            Onkogynekologie                                                        <\/a>\r\n                                                                                                                                                                                                                <a href=\"https:\/\/apolinar.capta.cz\/oddeleni-minimalne-invazivni-a-reprodukcni-chirurgie\/\"\r\n                                                           title=\"Odd\u011blen\u00ed minim\u00e1ln\u011b invazivn\u00ed a reproduk\u010dn\u00ed chirurgie\"\r\n                                                           >\r\n                                                            Odd\u011blen\u00ed minim\u00e1ln\u011b invazivn\u00ed a reproduk\u010dn\u00ed chirurgie                                                        <\/a>\r\n                                                                                                                                                                                                                <a href=\"https:\/\/apolinar.capta.cz\/centrum-fetalni-mediciny-a-uz-diagnostiky-pro-odborniky\/\"\r\n                                                           title=\"Asistovan\u00e1 reprodukce\"\r\n                                                           >\r\n                                                            Asistovan\u00e1 reprodukce                                                        <\/a>\r\n                                                                                                                                                                                                                <a href=\"https:\/\/apolinar.capta.cz\/mamologie\/\"\r\n                                                           title=\"Mamologie\"\r\n                                                           >\r\n                                                            Mamologie                                                        <\/a>\r\n                                                                                                                                                <\/div>\r\n                                        <\/div>\r\n                                                                    <\/div>\r\n                            <\/div>\r\n                                                    <div class=\"col4 col2_lgm col1_mdm offset\">\r\n                                <div class=\"elm_drop\">\r\n                                    <button type=\"button\" class=\"elm_drop_button clicker\">\r\n                                        <span>Porodnice<\/span>\r\n                                        <svg class=\"sico\">\r\n                                            <use href=\"https:\/\/apolinar.capta.cz\/wp-content\/themes\/apolinar\/assets\/layout\/icons.svg#s_ar2_d\"\/>\r\n                                        <\/svg>\r\n                                    <\/button>\r\n                                                                    <\/div>\r\n                            <\/div>\r\n                                                    <div class=\"col4 col2_lgm col1_mdm offset\">\r\n                                <div class=\"elm_drop\">\r\n                                    <button type=\"button\" class=\"elm_drop_button clicker\">\r\n                                        <span>Neonatologie<\/span>\r\n                                        <svg class=\"sico\">\r\n                                            <use href=\"https:\/\/apolinar.capta.cz\/wp-content\/themes\/apolinar\/assets\/layout\/icons.svg#s_ar2_d\"\/>\r\n                                        <\/svg>\r\n                                    <\/button>\r\n                                                                            <div class=\"elm_drop_drop\">\r\n                                            <div class=\"elm_drop_menu\">\r\n                                                                                                                                                            <a href=\"https:\/\/apolinar.capta.cz\/jednotka-intenzivni-a-resuscitacni-pece-novorozencu\/\"\r\n                                                           title=\"Jednotka intenzivn\u00ed a resuscita\u010dn\u00ed p\u00e9\u010de novorozenc\u016f\"\r\n                                                           >\r\n                                                            Jednotka intenzivn\u00ed a resuscita\u010dn\u00ed p\u00e9\u010de novorozenc\u016f                                                        <\/a>\r\n                                                                                                                                                                                                                <a href=\"https:\/\/apolinar.capta.cz\/nabizena-pece-podle-gestacnich-tydnu\/\"\r\n                                                           title=\"Nab\u00edzen\u00e1 p\u00e9\u010de podle gesta\u010dn\u00edch t\u00fddn\u016f\"\r\n                                                           >\r\n                                                            Nab\u00edzen\u00e1 p\u00e9\u010de podle gesta\u010dn\u00edch t\u00fddn\u016f                                                        <\/a>\r\n                                                                                                                                                                                                                <a href=\"https:\/\/apolinar.capta.cz\/profylaxe-cmv-infekce\/\"\r\n                                                           title=\"Profylaxe CMV infekce\"\r\n                                                           >\r\n                                                            Profylaxe CMV infekce                                                        <\/a>\r\n                                                                                                                                                <\/div>\r\n                                        <\/div>\r\n                                                                    <\/div>\r\n                            <\/div>\r\n                                                    <div class=\"col34 col2_lgm col1_mdm offset\">\r\n                                <div class=\"elm_drop\">\r\n                                    <button type=\"button\" class=\"elm_drop_button clicker\">\r\n                                        <span>Centrum fet\u00e1ln\u00ed medic\u00edny a ultrazvukov\u00e9 diagnostiky<\/span>\r\n                                        <svg class=\"sico\">\r\n                                            <use href=\"https:\/\/apolinar.capta.cz\/wp-content\/themes\/apolinar\/assets\/layout\/icons.svg#s_ar2_d\"\/>\r\n                                        <\/svg>\r\n                                    <\/button>\r\n                                                                            <div class=\"elm_drop_drop\">\r\n                                            <div class=\"elm_drop_menu\">\r\n                                                                                                                                                            <a href=\"https:\/\/apolinar.capta.cz\/centrum-fetalni-mediciny-a-uz-diagnostiky-pro-odborniky\/\"\r\n                                                           title=\"Centrum fet\u00e1ln\u00ed medic\u00edny\"\r\n                                                           >\r\n                                                            Centrum fet\u00e1ln\u00ed medic\u00edny                                                        <\/a>\r\n                                                                                                                                                <\/div>\r\n                                        <\/div>\r\n                                                                    <\/div>\r\n                            <\/div>\r\n                                                    <div class=\"col4 col2_lgm col1_mdm offset\">\r\n                                <div class=\"elm_drop\">\r\n                                    <button type=\"button\" class=\"elm_drop_button clicker\">\r\n                                        <span>V\u011bda a v\u00fdzkum <\/span>\r\n                                        <svg class=\"sico\">\r\n                                            <use href=\"https:\/\/apolinar.capta.cz\/wp-content\/themes\/apolinar\/assets\/layout\/icons.svg#s_ar2_d\"\/>\r\n                                        <\/svg>\r\n                                    <\/button>\r\n                                                                            <div class=\"elm_drop_drop\">\r\n                                            <div class=\"elm_drop_menu\">\r\n                                                                                                                                                            <a href=\"https:\/\/apolinar.capta.cz\/veda-a-vyzkum\/\"\r\n                                                           title=\"V\u011bda a v\u00fdzkum\"\r\n                                                           >\r\n                                                            V\u011bda a v\u00fdzkum                                                        <\/a>\r\n                                                                                                                                                                                                                <a href=\"https:\/\/apolinar.capta.cz\/veda-v-cislech\/\"\r\n                                                           title=\"V\u011bda v \u010d\u00edslech\"\r\n                                                           >\r\n                                                            V\u011bda v \u010d\u00edslech                                                        <\/a>\r\n                                                                                                                                                                                                                <a href=\"https:\/\/apolinar.capta.cz\/studie\/\"\r\n                                                           title=\"Studie\"\r\n                                                           >\r\n                                                            Studie                                                        <\/a>\r\n                                                                                                                                                <\/div>\r\n                                        <\/div>\r\n                                                                    <\/div>\r\n                            <\/div>\r\n                                                    <div class=\"col4 col2_lgm col1_mdm offset\">\r\n                                <div class=\"elm_drop\">\r\n                                    <button type=\"button\" class=\"elm_drop_button clicker\">\r\n                                        <span>Vzd\u011bl\u00e1v\u00e1n\u00ed<\/span>\r\n                                        <svg class=\"sico\">\r\n                                            <use href=\"https:\/\/apolinar.capta.cz\/wp-content\/themes\/apolinar\/assets\/layout\/icons.svg#s_ar2_d\"\/>\r\n                                        <\/svg>\r\n                                    <\/button>\r\n                                                                            <div class=\"elm_drop_drop\">\r\n                                            <div class=\"elm_drop_menu\">\r\n                                                                                                                                                            <a href=\"https:\/\/apolinar.capta.cz\/postgradualni-kurzy\/\"\r\n                                                           title=\"Postgradu\u00e1ln\u00ed kurzy\"\r\n                                                           >\r\n                                                            Postgradu\u00e1ln\u00ed kurzy                                                        <\/a>\r\n                                                                                                                                                                                                                <a href=\"https:\/\/apolinar.capta.cz\/konference\/\"\r\n                                                           title=\"2. apolin\u00e1\u0159sk\u00e1 konference\"\r\n                                                           >\r\n                                                            2. apolin\u00e1\u0159sk\u00e1 konference                                                        <\/a>\r\n                                                                                                                                                <\/div>\r\n                                        <\/div>\r\n                                                                    <\/div>\r\n                            <\/div>\r\n                                            <\/div>\r\n                <\/div>\r\n                    <\/section>\r\n    ","protected":false},"excerpt":{"rendered":"","protected":false},"author":1,"featured_media":0,"parent":0,"menu_order":0,"comment_status":"closed","ping_status":"closed","template":"","meta":{"_acf_changed":false,"footnotes":""},"class_list":["post-414","page","type-page","status-publish","hentry"],"acf":[],"yoast_head":"<!-- This site is optimized with the Yoast SEO plugin v25.5 - https:\/\/yoast.com\/wordpress\/plugins\/seo\/ -->\n<title>Pro odborn\u00edky - Porodnice U Apolin\u00e1\u0159e<\/title>\n<meta name=\"robots\" content=\"noindex, follow, max-snippet:-1, max-image-preview:large, max-video-preview:-1\" \/>\n<meta property=\"og:locale\" content=\"uk_UA\" \/>\n<meta property=\"og:type\" content=\"article\" \/>\n<meta property=\"og:title\" content=\"Pro odborn\u00edky - Porodnice U Apolin\u00e1\u0159e\" \/>\n<meta property=\"og:url\" content=\"https:\/\/apolinar.capta.cz\/uk\/pro-odborniky\/\" \/>\n<meta property=\"og:site_name\" content=\"Porodnice U Apolin\u00e1\u0159e\" \/>\n<meta name=\"twitter:card\" content=\"summary_large_image\" \/>\n<script type=\"application\/ld+json\" class=\"yoast-schema-graph\">{\"@context\":\"https:\/\/schema.org\",\"@graph\":[{\"@type\":\"WebPage\",\"@id\":\"https:\/\/apolinar.capta.cz\/uk\/pro-odborniky\/\",\"url\":\"https:\/\/apolinar.capta.cz\/uk\/pro-odborniky\/\",\"name\":\"Pro odborn\u00edky - Porodnice U Apolin\u00e1\u0159e\",\"isPartOf\":{\"@id\":\"https:\/\/apolinar.capta.cz\/uk\/#website\"},\"datePublished\":\"2023-06-02T12:23:44+00:00\",\"breadcrumb\":{\"@id\":\"https:\/\/apolinar.capta.cz\/uk\/pro-odborniky\/#breadcrumb\"},\"inLanguage\":\"uk\",\"potentialAction\":[{\"@type\":\"ReadAction\",\"target\":[\"https:\/\/apolinar.capta.cz\/uk\/pro-odborniky\/\"]}]},{\"@type\":\"BreadcrumbList\",\"@id\":\"https:\/\/apolinar.capta.cz\/uk\/pro-odborniky\/#breadcrumb\",\"itemListElement\":[{\"@type\":\"ListItem\",\"position\":1,\"name\":\"Dom\u016f\",\"item\":\"https:\/\/apolinar.capta.cz\/uk\/\"},{\"@type\":\"ListItem\",\"position\":2,\"name\":\"Pro odborn\u00edky\"}]},{\"@type\":\"WebSite\",\"@id\":\"https:\/\/apolinar.capta.cz\/uk\/#website\",\"url\":\"https:\/\/apolinar.capta.cz\/uk\/\",\"name\":\"Porodnice U Apolin\u00e1\u0159e\",\"description\":\"Klinika gynekologie, porodnictv\u00ed a neonatologie 1. LF UK a VFN v Praze\",\"potentialAction\":[{\"@type\":\"SearchAction\",\"target\":{\"@type\":\"EntryPoint\",\"urlTemplate\":\"https:\/\/apolinar.capta.cz\/uk\/?s={search_term_string}\"},\"query-input\":{\"@type\":\"PropertyValueSpecification\",\"valueRequired\":true,\"valueName\":\"search_term_string\"}}],\"inLanguage\":\"uk\"}]}<\/script>\n<!-- \/ Yoast SEO plugin. -->","yoast_head_json":{"title":"Pro odborn\u00edky - Porodnice U Apolin\u00e1\u0159e","robots":{"index":"noindex","follow":"follow","max-snippet":"max-snippet:-1","max-image-preview":"max-image-preview:large","max-video-preview":"max-video-preview:-1"},"og_locale":"uk_UA","og_type":"article","og_title":"Pro odborn\u00edky - Porodnice U Apolin\u00e1\u0159e","og_url":"https:\/\/apolinar.capta.cz\/uk\/pro-odborniky\/","og_site_name":"Porodnice U Apolin\u00e1\u0159e","twitter_card":"summary_large_image","schema":{"@context":"https:\/\/schema.org","@graph":[{"@type":"WebPage","@id":"https:\/\/apolinar.capta.cz\/uk\/pro-odborniky\/","url":"https:\/\/apolinar.capta.cz\/uk\/pro-odborniky\/","name":"Pro odborn\u00edky - Porodnice U Apolin\u00e1\u0159e","isPartOf":{"@id":"https:\/\/apolinar.capta.cz\/uk\/#website"},"datePublished":"2023-06-02T12:23:44+00:00","breadcrumb":{"@id":"https:\/\/apolinar.capta.cz\/uk\/pro-odborniky\/#breadcrumb"},"inLanguage":"uk","potentialAction":[{"@type":"ReadAction","target":["https:\/\/apolinar.capta.cz\/uk\/pro-odborniky\/"]}]},{"@type":"BreadcrumbList","@id":"https:\/\/apolinar.capta.cz\/uk\/pro-odborniky\/#breadcrumb","itemListElement":[{"@type":"ListItem","position":1,"name":"Dom\u016f","item":"https:\/\/apolinar.capta.cz\/uk\/"},{"@type":"ListItem","position":2,"name":"Pro odborn\u00edky"}]},{"@type":"WebSite","@id":"https:\/\/apolinar.capta.cz\/uk\/#website","url":"https:\/\/apolinar.capta.cz\/uk\/","name":"Porodnice U Apolin\u00e1\u0159e","description":"Klinika gynekologie, porodnictv\u00ed a neonatologie 1. LF UK a VFN v Praze","potentialAction":[{"@type":"SearchAction","target":{"@type":"EntryPoint","urlTemplate":"https:\/\/apolinar.capta.cz\/uk\/?s={search_term_string}"},"query-input":{"@type":"PropertyValueSpecification","valueRequired":true,"valueName":"search_term_string"}}],"inLanguage":"uk"}]}},"_links":{"self":[{"href":"https:\/\/apolinar.capta.cz\/uk\/wp-json\/wp\/v2\/pages\/414","targetHints":{"allow":["GET"]}}],"collection":[{"href":"https:\/\/apolinar.capta.cz\/uk\/wp-json\/wp\/v2\/pages"}],"about":[{"href":"https:\/\/apolinar.capta.cz\/uk\/wp-json\/wp\/v2\/types\/page"}],"author":[{"embeddable":true,"href":"https:\/\/apolinar.capta.cz\/uk\/wp-json\/wp\/v2\/users\/1"}],"replies":[{"embeddable":true,"href":"https:\/\/apolinar.capta.cz\/uk\/wp-json\/wp\/v2\/comments?post=414"}],"version-history":[{"count":0,"href":"https:\/\/apolinar.capta.cz\/uk\/wp-json\/wp\/v2\/pages\/414\/revisions"}],"wp:attachment":[{"href":"https:\/\/apolinar.capta.cz\/uk\/wp-json\/wp\/v2\/media?parent=414"}],"curies":[{"name":"wp","href":"https:\/\/api.w.org\/{rel}","templated":true}]}}