{"id":8404,"date":"2024-05-30T14:25:52","date_gmt":"2024-05-30T12:25:52","guid":{"rendered":"https:\/\/apolinar.eu\/?page_id=8404"},"modified":"2024-05-30T14:25:52","modified_gmt":"2024-05-30T12:25:52","slug":"pruvodce-pred-urogynekologickym-vykonem","status":"publish","type":"page","link":"https:\/\/apolinar.capta.cz\/uk\/pruvodce-pred-urogynekologickym-vykonem\/","title":{"rendered":"Pr\u016fvodce p\u0159ed urogynekologick\u00fdm v\u00fdkonem"},"content":{"rendered":"                <!-- TEXT BLOCK -->\r\n        <section\r\n                class=\"pdt-80 pdb-80 \"\r\n            >\r\n            <div class=\"wrapper2 text_block\">\r\n                <h2 class=\"title_h2 text_center_mdm\">Pr\u016fvodce p\u0159ed urogynekologick\u00fdm v\u00fdkonem<\/h2>                                                                                    <h3 class=\"title_h3 text_center_mdm\">Co o\u010dek\u00e1vat a jak se p\u0159ipravit:<\/h3>\r\n                                                <div class=\"page_content reset_margins\">\r\n                                                                                        <p>Pokud jste obdr\u017eeli \u017e\u00e1danku od va\u0161eho obvodn\u00edho gynekologa k urogynekologick\u00e9mu v\u00fdkonu, n\u00ed\u017ee uveden\u00e9 informace v\u00e1m pomohou l\u00e9pe porozum\u011bt procesu p\u0159ed, b\u011bhem a po v\u00fdkonu.<\/p>\n                                    <\/div>\r\n            <\/div>\r\n        <\/section>\r\n    \n\n                <!-- TEXT BLOCK -->\r\n        <section\r\n                class=\"pdt-40 pdb-80 \"\r\n            >\r\n            <div class=\"wrapper2 text_block\">\r\n                                                                                                                <div class=\"page_content reset_margins\">\r\n                                                                                        <p><strong>1. Domluva term\u00ednu:<img decoding=\"async\" class=\"size-full wp-image-191 alignright\" src=\"https:\/\/apolinar.capta.cz\/wp-content\/uploads\/2023\/06\/l9.svg\" alt=\"\" \/><\/strong><br \/>\nzavolejte na tel. \u010d\u00edslo 224 967 463 a domluvte si term\u00edn n\u00e1v\u0161t\u011bvy.<\/p>\n<p><strong>2. Prvn\u00ed n\u00e1v\u0161t\u011bva:<\/strong><br \/>\nNa domluven\u00fd term\u00edn p\u0159ij\u010fte na vy\u0161et\u0159en\u00ed, b\u011bhem kter\u00e9ho v\u00e1s vy\u0161et\u0159\u00ed n\u00e1\u0161 l\u00e9ka\u0159. V p\u0159\u00edpad\u011b pot\u0159eby proveden\u00ed v\u00fdkonu si m\u016f\u017eete ihned domluvit term\u00edn.<\/p>\n<p>B\u011bhem n\u00e1v\u0161t\u011bvy obdr\u017e\u00edte ve\u0161ker\u00e9 informace o samotn\u00e9m v\u00fdkonu, dostanete pot\u0159ebn\u00e9 dokumenty a tak\u00e9 zodpov\u00edme va\u0161e p\u0159\u00edpadn\u00e9 dotazy.<\/p>\n<p><strong>3. P\u0159edopera\u010dn\u00ed vy\u0161et\u0159en\u00ed:<\/strong><br \/>\nA\u017e budete zn\u00e1t term\u00edn v\u00fdkonu, objednejte se ke sv\u00e9mu praktick\u00e9mu l\u00e9ka\u0159i na p\u0159edopera\u010dn\u00ed vy\u0161et\u0159en\u00ed, kter\u00e9 je nutn\u00e9 p\u0159ed v\u00fdkonem absolvovat.<\/p>\n<p><strong>4. Den v\u00fdkonu:<\/strong><br \/>\nP\u0159ij\u010fte v p\u0159edem domluven\u00e9m term\u00ednu do kartot\u00e9ky V\u0161eobecn\u00e9 ambulance (p\u0159\u00edzem\u00ed vpravo), kde prob\u011bhne p\u0159\u00edjem. Po p\u0159ijet\u00ed v\u00e1s sestra na odd\u011blen\u00ed informuje o pr\u016fb\u011bhu v\u00fdkonu a co v\u00e1s \u010dek\u00e1.<\/p>\n<p><strong>5. Pr\u016fb\u011bh a propu\u0161t\u011bn\u00ed:<\/strong><br \/>\nPokud prob\u011bhne v\u0161e bez komplikac\u00ed, m\u016f\u017eete b\u00fdt propu\u0161t\u011bna podle druhu v\u00fdkonu ji\u017e ve stejn\u00fd den nebo druh\u00fd den po z\u00e1kroku. Doporu\u010dujeme m\u00edt domluven\u00fd doprovod, kter\u00fd v\u00e1m pom\u016f\u017ee s p\u0159\u00edpadn\u00fdmi zavazadly.<\/p>\n                                    <\/div>\r\n            <\/div>\r\n        <\/section>\r\n    ","protected":false},"excerpt":{"rendered":"","protected":false},"author":6,"featured_media":0,"parent":0,"menu_order":0,"comment_status":"closed","ping_status":"closed","template":"","meta":{"_acf_changed":false,"footnotes":""},"class_list":["post-8404","page","type-page","status-publish","hentry"],"acf":[],"yoast_head":"<!-- This site is optimized with the Yoast SEO plugin v25.5 - https:\/\/yoast.com\/wordpress\/plugins\/seo\/ -->\n<title>Pr\u016fvodce p\u0159ed urogynekologick\u00fdm v\u00fdkonem - Porodnice U Apolin\u00e1\u0159e<\/title>\n<meta name=\"robots\" content=\"noindex, follow, max-snippet:-1, max-image-preview:large, max-video-preview:-1\" \/>\n<meta property=\"og:locale\" content=\"uk_UA\" \/>\n<meta property=\"og:type\" content=\"article\" \/>\n<meta property=\"og:title\" content=\"Pr\u016fvodce p\u0159ed urogynekologick\u00fdm v\u00fdkonem - Porodnice U Apolin\u00e1\u0159e\" \/>\n<meta property=\"og:url\" content=\"https:\/\/apolinar.capta.cz\/uk\/pruvodce-pred-urogynekologickym-vykonem\/\" \/>\n<meta property=\"og:site_name\" content=\"Porodnice U Apolin\u00e1\u0159e\" \/>\n<meta name=\"twitter:card\" content=\"summary_large_image\" \/>\n<script type=\"application\/ld+json\" class=\"yoast-schema-graph\">{\"@context\":\"https:\/\/schema.org\",\"@graph\":[{\"@type\":\"WebPage\",\"@id\":\"https:\/\/apolinar.capta.cz\/uk\/pruvodce-pred-urogynekologickym-vykonem\/\",\"url\":\"https:\/\/apolinar.capta.cz\/uk\/pruvodce-pred-urogynekologickym-vykonem\/\",\"name\":\"Pr\u016fvodce p\u0159ed urogynekologick\u00fdm v\u00fdkonem - Porodnice U Apolin\u00e1\u0159e\",\"isPartOf\":{\"@id\":\"https:\/\/apolinar.capta.cz\/uk\/#website\"},\"datePublished\":\"2024-05-30T12:25:52+00:00\",\"breadcrumb\":{\"@id\":\"https:\/\/apolinar.capta.cz\/uk\/pruvodce-pred-urogynekologickym-vykonem\/#breadcrumb\"},\"inLanguage\":\"uk\",\"potentialAction\":[{\"@type\":\"ReadAction\",\"target\":[\"https:\/\/apolinar.capta.cz\/uk\/pruvodce-pred-urogynekologickym-vykonem\/\"]}]},{\"@type\":\"BreadcrumbList\",\"@id\":\"https:\/\/apolinar.capta.cz\/uk\/pruvodce-pred-urogynekologickym-vykonem\/#breadcrumb\",\"itemListElement\":[{\"@type\":\"ListItem\",\"position\":1,\"name\":\"Dom\u016f\",\"item\":\"https:\/\/apolinar.capta.cz\/uk\/\"},{\"@type\":\"ListItem\",\"position\":2,\"name\":\"Pr\u016fvodce p\u0159ed urogynekologick\u00fdm v\u00fdkonem\"}]},{\"@type\":\"WebSite\",\"@id\":\"https:\/\/apolinar.capta.cz\/uk\/#website\",\"url\":\"https:\/\/apolinar.capta.cz\/uk\/\",\"name\":\"Porodnice U Apolin\u00e1\u0159e\",\"description\":\"Klinika gynekologie, porodnictv\u00ed a neonatologie 1. LF UK a VFN v Praze\",\"potentialAction\":[{\"@type\":\"SearchAction\",\"target\":{\"@type\":\"EntryPoint\",\"urlTemplate\":\"https:\/\/apolinar.capta.cz\/uk\/?s={search_term_string}\"},\"query-input\":{\"@type\":\"PropertyValueSpecification\",\"valueRequired\":true,\"valueName\":\"search_term_string\"}}],\"inLanguage\":\"uk\"}]}<\/script>\n<!-- \/ Yoast SEO plugin. -->","yoast_head_json":{"title":"Pr\u016fvodce p\u0159ed urogynekologick\u00fdm v\u00fdkonem - Porodnice U Apolin\u00e1\u0159e","robots":{"index":"noindex","follow":"follow","max-snippet":"max-snippet:-1","max-image-preview":"max-image-preview:large","max-video-preview":"max-video-preview:-1"},"og_locale":"uk_UA","og_type":"article","og_title":"Pr\u016fvodce p\u0159ed urogynekologick\u00fdm v\u00fdkonem - Porodnice U Apolin\u00e1\u0159e","og_url":"https:\/\/apolinar.capta.cz\/uk\/pruvodce-pred-urogynekologickym-vykonem\/","og_site_name":"Porodnice U Apolin\u00e1\u0159e","twitter_card":"summary_large_image","schema":{"@context":"https:\/\/schema.org","@graph":[{"@type":"WebPage","@id":"https:\/\/apolinar.capta.cz\/uk\/pruvodce-pred-urogynekologickym-vykonem\/","url":"https:\/\/apolinar.capta.cz\/uk\/pruvodce-pred-urogynekologickym-vykonem\/","name":"Pr\u016fvodce p\u0159ed urogynekologick\u00fdm v\u00fdkonem - Porodnice U Apolin\u00e1\u0159e","isPartOf":{"@id":"https:\/\/apolinar.capta.cz\/uk\/#website"},"datePublished":"2024-05-30T12:25:52+00:00","breadcrumb":{"@id":"https:\/\/apolinar.capta.cz\/uk\/pruvodce-pred-urogynekologickym-vykonem\/#breadcrumb"},"inLanguage":"uk","potentialAction":[{"@type":"ReadAction","target":["https:\/\/apolinar.capta.cz\/uk\/pruvodce-pred-urogynekologickym-vykonem\/"]}]},{"@type":"BreadcrumbList","@id":"https:\/\/apolinar.capta.cz\/uk\/pruvodce-pred-urogynekologickym-vykonem\/#breadcrumb","itemListElement":[{"@type":"ListItem","position":1,"name":"Dom\u016f","item":"https:\/\/apolinar.capta.cz\/uk\/"},{"@type":"ListItem","position":2,"name":"Pr\u016fvodce p\u0159ed urogynekologick\u00fdm v\u00fdkonem"}]},{"@type":"WebSite","@id":"https:\/\/apolinar.capta.cz\/uk\/#website","url":"https:\/\/apolinar.capta.cz\/uk\/","name":"Porodnice U Apolin\u00e1\u0159e","description":"Klinika gynekologie, porodnictv\u00ed a neonatologie 1. LF UK a VFN v Praze","potentialAction":[{"@type":"SearchAction","target":{"@type":"EntryPoint","urlTemplate":"https:\/\/apolinar.capta.cz\/uk\/?s={search_term_string}"},"query-input":{"@type":"PropertyValueSpecification","valueRequired":true,"valueName":"search_term_string"}}],"inLanguage":"uk"}]}},"_links":{"self":[{"href":"https:\/\/apolinar.capta.cz\/uk\/wp-json\/wp\/v2\/pages\/8404","targetHints":{"allow":["GET"]}}],"collection":[{"href":"https:\/\/apolinar.capta.cz\/uk\/wp-json\/wp\/v2\/pages"}],"about":[{"href":"https:\/\/apolinar.capta.cz\/uk\/wp-json\/wp\/v2\/types\/page"}],"author":[{"embeddable":true,"href":"https:\/\/apolinar.capta.cz\/uk\/wp-json\/wp\/v2\/users\/6"}],"replies":[{"embeddable":true,"href":"https:\/\/apolinar.capta.cz\/uk\/wp-json\/wp\/v2\/comments?post=8404"}],"version-history":[{"count":0,"href":"https:\/\/apolinar.capta.cz\/uk\/wp-json\/wp\/v2\/pages\/8404\/revisions"}],"wp:attachment":[{"href":"https:\/\/apolinar.capta.cz\/uk\/wp-json\/wp\/v2\/media?parent=8404"}],"curies":[{"name":"wp","href":"https:\/\/api.w.org\/{rel}","templated":true}]}}