{"id":860,"date":"2023-06-27T15:15:55","date_gmt":"2023-06-27T13:15:55","guid":{"rendered":"https:\/\/apolinar.eu\/?page_id=860"},"modified":"2023-06-27T15:15:55","modified_gmt":"2023-06-27T13:15:55","slug":"akutni-potize-mimo-tehotenstvi","status":"publish","type":"page","link":"https:\/\/apolinar.capta.cz\/uk\/akutni-obtize\/akutni-potize-mimo-tehotenstvi\/","title":{"rendered":"Akutn\u00ed gynekologick\u00e9 pot\u00ed\u017ee"},"content":{"rendered":"                <!-- TEXT BLOCK -->\r\n        <section\r\n                class=\"pdt-80 pdb-20 \"\r\n            >\r\n            <div class=\"wrapper2 text_block\">\r\n                <h2 class=\"title_h2 text_center_mdm\">Akutn\u00ed gynekologick\u00e9 pot\u00ed\u017ee<\/h2>                                                                                    <h3 class=\"title_h3 text_center_mdm\">M\u00e1te gynekologick\u00e9 obt\u00ed\u017ee, jejich\u017e \u0159e\u0161en\u00ed nesnese odklad do n\u00e1sleduj\u00edc\u00edho pracovn\u00edho dne (siln\u011bj\u0161\u00ed krv\u00e1cen\u00ed, n\u00e1hle vznikl\u00e9 bolesti apod.), nebo m\u00e1te obt\u00ed\u017ee po z\u00e1kroku, proveden\u00e9m na na\u0161em pracovi\u0161ti?<\/h3>\r\n                                                <div class=\"page_content reset_margins\">\r\n                                                                                        <h4>Kontakt: V\u0161eobecn\u00e1 gynekologick\u00e1 ambulanci,\u00a0+420 224 967 491, p\u0159\u00edzem\u00ed vpravo<\/h4>\n<h4><\/h4>\n                                    <\/div>\r\n            <\/div>\r\n        <\/section>\r\n    \n\n                <!-- TEXT BLOCK -->\r\n        <section\r\n                class=\"pdt-40 pdb-40 bg3\"\r\n            >\r\n            <div class=\"wrapper2 text_block\">\r\n                                                                                                    <h3 class=\"title_h3 text_center_mdm\">Akutn\u00ed obt\u00ed\u017ee v souvislosti s onkologickou l\u00e9\u010dbou<\/h3>\r\n                                                <div class=\"page_content reset_margins\">\r\n                                                                                        <p>Onkologick\u00e1 l\u00e9\u010dba m\u016f\u017ee b\u00fdt spojena s celou \u0159adou komplikac\u00ed. Pokud poci\u0165ujete b\u011b\u017en\u00e9 obt\u00ed\u017ee, jako je nechutenstv\u00ed, zvracen\u00ed, neuropatie a podobn\u011b, jsou v\u00e1m k dispozici na\u0161e p\u0159\u00edru\u010dky pro pacientky podstupuj\u00edc\u00ed onkologickou l\u00e9\u010dbu.<br \/>\nV z\u00e1va\u017en\u011bj\u0161\u00edch situac\u00edch vy\u017eaduj\u00edc\u00edch l\u00e9ka\u0159sk\u00e9 o\u0161et\u0159en\u00ed nav\u0161tivte na\u0161i onkologickou ambulanci. Mimo pracovn\u00ed dobu ambulance nebo v urgentn\u00edch p\u0159\u00edpadech volejte Zdravotn\u00ed z\u00e1chrannou slu\u017ebu (linka 155).<br \/>\nPokud jste za\u0159azena do klinick\u00e9 studie a jste hospitalizov\u00e1na na jin\u00e9m pracovi\u0161ti, kontaktujte pros\u00edm neprodlen\u011b studijn\u00ed koordin\u00e1torku klinick\u00e9 studie.<\/p>\n                                    <\/div>\r\n            <\/div>\r\n        <\/section>\r\n    \n\n    <!-- BLOK I - Neonatologie -->\r\n    <section\r\n            class=\"pdt-40 pdb-40 \"\r\n        >\r\n        <div class=\"wrapper2\">\r\n            <div class=\"grid small-space\">\r\n                <!-- LEFT SIDE -->\r\n                <div class=\"text_block col_equal col1_lgm pdr-20 pd-0lg observe anim_drop1 anim_delay\">\r\n                    <h2 class=\"title_h3 \">V\u0161eobecn\u00e1 gynekologick\u00e1 ambulance<\/h2>                    <div class=\"tags responsive text_w500\">\r\n                        <div class=\"inner\">\r\n                                                                                                                                                <a href=\"tel:224967491\">224967491<\/a>\r\n                                                                                                                    <span>p\u0159\u00edzem\u00ed vpravo<\/span>\r\n                                                    <\/div>\r\n                    <\/div>\r\n                    <div class=\"page_content reset_margins\">\r\n                        V p\u0159\u00edpad\u011b, \u017ee va\u0161e pot\u00ed\u017ee nejsou akutn\u00ed a snesou odklad, nav\u0161tivte n\u00e1sleduj\u00edc\u00ed pracovn\u00ed den sv\u00e9ho registruj\u00edc\u00edho gynekologa nebo nav\u0161tivte na\u0161i gynekologickou ambulanci.                    <\/div>\r\n                                                        <\/div>\r\n                <!-- RIGHT SIDE -->\r\n                <div class=\"col_default w370_lg col1_lgm list_items mgt-40lg observe anim_drop1 anim_delay\">\r\n                    <div class=\"bg3 radius10 pd-30 pd-25md\">\r\n                        <h3 class=\"title_h5 color2 text_uc text_w500\">\r\n                            Ordina\u010dn\u00ed hodiny                        <\/h3>\r\n                                                                            <table class=\"table_hours text_s16 mgt-10\">\r\n                                                                    <tr>\r\n                                        <th scope=\"row\">Pond\u011bl\u00ed<\/th>\r\n                                                                                    <td>8:00 &#8211; 15:30<\/td>\r\n                                                                            <\/tr>\r\n                                                                    <tr>\r\n                                        <th scope=\"row\">Uter\u00fd<\/th>\r\n                                                                                    <td>8:00 &#8211; 15:30<\/td>\r\n                                                                            <\/tr>\r\n                                                                    <tr>\r\n                                        <th scope=\"row\">St\u0159eda<\/th>\r\n                                                                                    <td>8:00 &#8211; 15:30<\/td>\r\n                                                                            <\/tr>\r\n                                                                    <tr>\r\n                                        <th scope=\"row\">\u010ctvrtek<\/th>\r\n                                                                                    <td>8:00 &#8211; 15:30<\/td>\r\n                                                                            <\/tr>\r\n                                                                    <tr>\r\n                                        <th scope=\"row\">P\u00e1tek<\/th>\r\n                                                                                    <td>8:00 &#8211; 14:30<\/td>\r\n                                                                            <\/tr>\r\n                                                            <\/table>\r\n                                            <\/div>\r\n                <\/div>\r\n            <\/div>\r\n        <\/div>\r\n    <\/section>\r\n","protected":false},"excerpt":{"rendered":"","protected":false},"author":3,"featured_media":0,"parent":3948,"menu_order":0,"comment_status":"closed","ping_status":"closed","template":"","meta":{"_acf_changed":false,"footnotes":""},"class_list":["post-860","page","type-page","status-publish","hentry"],"acf":[],"yoast_head":"<!-- This site is optimized with the Yoast SEO plugin v25.5 - https:\/\/yoast.com\/wordpress\/plugins\/seo\/ -->\n<title>Akutn\u00ed gynekologick\u00e9 pot\u00ed\u017ee - Porodnice U Apolin\u00e1\u0159e<\/title>\n<meta name=\"robots\" content=\"noindex, follow, max-snippet:-1, max-image-preview:large, max-video-preview:-1\" \/>\n<meta property=\"og:locale\" content=\"uk_UA\" \/>\n<meta property=\"og:type\" content=\"article\" \/>\n<meta property=\"og:title\" content=\"Akutn\u00ed gynekologick\u00e9 pot\u00ed\u017ee - Porodnice U Apolin\u00e1\u0159e\" \/>\n<meta property=\"og:url\" content=\"https:\/\/apolinar.capta.cz\/uk\/akutni-obtize\/akutni-potize-mimo-tehotenstvi\/\" \/>\n<meta property=\"og:site_name\" content=\"Porodnice U Apolin\u00e1\u0159e\" \/>\n<meta name=\"twitter:card\" content=\"summary_large_image\" \/>\n<script type=\"application\/ld+json\" class=\"yoast-schema-graph\">{\"@context\":\"https:\/\/schema.org\",\"@graph\":[{\"@type\":\"WebPage\",\"@id\":\"https:\/\/apolinar.capta.cz\/uk\/akutni-obtize\/akutni-potize-mimo-tehotenstvi\/\",\"url\":\"https:\/\/apolinar.capta.cz\/uk\/akutni-obtize\/akutni-potize-mimo-tehotenstvi\/\",\"name\":\"Akutn\u00ed gynekologick\u00e9 pot\u00ed\u017ee - Porodnice U Apolin\u00e1\u0159e\",\"isPartOf\":{\"@id\":\"https:\/\/apolinar.capta.cz\/uk\/#website\"},\"datePublished\":\"2023-06-27T13:15:55+00:00\",\"breadcrumb\":{\"@id\":\"https:\/\/apolinar.capta.cz\/uk\/akutni-obtize\/akutni-potize-mimo-tehotenstvi\/#breadcrumb\"},\"inLanguage\":\"uk\",\"potentialAction\":[{\"@type\":\"ReadAction\",\"target\":[\"https:\/\/apolinar.capta.cz\/uk\/akutni-obtize\/akutni-potize-mimo-tehotenstvi\/\"]}]},{\"@type\":\"BreadcrumbList\",\"@id\":\"https:\/\/apolinar.capta.cz\/uk\/akutni-obtize\/akutni-potize-mimo-tehotenstvi\/#breadcrumb\",\"itemListElement\":[{\"@type\":\"ListItem\",\"position\":1,\"name\":\"Dom\u016f\",\"item\":\"https:\/\/apolinar.capta.cz\/uk\/\"},{\"@type\":\"ListItem\",\"position\":2,\"name\":\"Akutn\u00ed gynekologick\u00e9 pot\u00ed\u017ee\"}]},{\"@type\":\"WebSite\",\"@id\":\"https:\/\/apolinar.capta.cz\/uk\/#website\",\"url\":\"https:\/\/apolinar.capta.cz\/uk\/\",\"name\":\"Porodnice U Apolin\u00e1\u0159e\",\"description\":\"Klinika gynekologie, porodnictv\u00ed a neonatologie 1. LF UK a VFN v Praze\",\"potentialAction\":[{\"@type\":\"SearchAction\",\"target\":{\"@type\":\"EntryPoint\",\"urlTemplate\":\"https:\/\/apolinar.capta.cz\/uk\/?s={search_term_string}\"},\"query-input\":{\"@type\":\"PropertyValueSpecification\",\"valueRequired\":true,\"valueName\":\"search_term_string\"}}],\"inLanguage\":\"uk\"}]}<\/script>\n<!-- \/ Yoast SEO plugin. -->","yoast_head_json":{"title":"Akutn\u00ed gynekologick\u00e9 pot\u00ed\u017ee - Porodnice U Apolin\u00e1\u0159e","robots":{"index":"noindex","follow":"follow","max-snippet":"max-snippet:-1","max-image-preview":"max-image-preview:large","max-video-preview":"max-video-preview:-1"},"og_locale":"uk_UA","og_type":"article","og_title":"Akutn\u00ed gynekologick\u00e9 pot\u00ed\u017ee - Porodnice U Apolin\u00e1\u0159e","og_url":"https:\/\/apolinar.capta.cz\/uk\/akutni-obtize\/akutni-potize-mimo-tehotenstvi\/","og_site_name":"Porodnice U Apolin\u00e1\u0159e","twitter_card":"summary_large_image","schema":{"@context":"https:\/\/schema.org","@graph":[{"@type":"WebPage","@id":"https:\/\/apolinar.capta.cz\/uk\/akutni-obtize\/akutni-potize-mimo-tehotenstvi\/","url":"https:\/\/apolinar.capta.cz\/uk\/akutni-obtize\/akutni-potize-mimo-tehotenstvi\/","name":"Akutn\u00ed gynekologick\u00e9 pot\u00ed\u017ee - Porodnice U Apolin\u00e1\u0159e","isPartOf":{"@id":"https:\/\/apolinar.capta.cz\/uk\/#website"},"datePublished":"2023-06-27T13:15:55+00:00","breadcrumb":{"@id":"https:\/\/apolinar.capta.cz\/uk\/akutni-obtize\/akutni-potize-mimo-tehotenstvi\/#breadcrumb"},"inLanguage":"uk","potentialAction":[{"@type":"ReadAction","target":["https:\/\/apolinar.capta.cz\/uk\/akutni-obtize\/akutni-potize-mimo-tehotenstvi\/"]}]},{"@type":"BreadcrumbList","@id":"https:\/\/apolinar.capta.cz\/uk\/akutni-obtize\/akutni-potize-mimo-tehotenstvi\/#breadcrumb","itemListElement":[{"@type":"ListItem","position":1,"name":"Dom\u016f","item":"https:\/\/apolinar.capta.cz\/uk\/"},{"@type":"ListItem","position":2,"name":"Akutn\u00ed gynekologick\u00e9 pot\u00ed\u017ee"}]},{"@type":"WebSite","@id":"https:\/\/apolinar.capta.cz\/uk\/#website","url":"https:\/\/apolinar.capta.cz\/uk\/","name":"Porodnice U Apolin\u00e1\u0159e","description":"Klinika gynekologie, porodnictv\u00ed a neonatologie 1. LF UK a VFN v Praze","potentialAction":[{"@type":"SearchAction","target":{"@type":"EntryPoint","urlTemplate":"https:\/\/apolinar.capta.cz\/uk\/?s={search_term_string}"},"query-input":{"@type":"PropertyValueSpecification","valueRequired":true,"valueName":"search_term_string"}}],"inLanguage":"uk"}]}},"_links":{"self":[{"href":"https:\/\/apolinar.capta.cz\/uk\/wp-json\/wp\/v2\/pages\/860","targetHints":{"allow":["GET"]}}],"collection":[{"href":"https:\/\/apolinar.capta.cz\/uk\/wp-json\/wp\/v2\/pages"}],"about":[{"href":"https:\/\/apolinar.capta.cz\/uk\/wp-json\/wp\/v2\/types\/page"}],"author":[{"embeddable":true,"href":"https:\/\/apolinar.capta.cz\/uk\/wp-json\/wp\/v2\/users\/3"}],"replies":[{"embeddable":true,"href":"https:\/\/apolinar.capta.cz\/uk\/wp-json\/wp\/v2\/comments?post=860"}],"version-history":[{"count":0,"href":"https:\/\/apolinar.capta.cz\/uk\/wp-json\/wp\/v2\/pages\/860\/revisions"}],"up":[{"embeddable":true,"href":"https:\/\/apolinar.capta.cz\/uk\/wp-json\/wp\/v2\/pages\/3948"}],"wp:attachment":[{"href":"https:\/\/apolinar.capta.cz\/uk\/wp-json\/wp\/v2\/media?parent=860"}],"curies":[{"name":"wp","href":"https:\/\/api.w.org\/{rel}","templated":true}]}}