{"id":865,"date":"2023-06-27T15:18:24","date_gmt":"2023-06-27T13:18:24","guid":{"rendered":"https:\/\/apolinar.eu\/?page_id=865"},"modified":"2023-06-27T15:18:24","modified_gmt":"2023-06-27T13:18:24","slug":"akutni-potize-ohrozeni-zivota","status":"publish","type":"page","link":"https:\/\/apolinar.capta.cz\/uk\/akutni-obtize\/akutni-potize-ohrozeni-zivota\/","title":{"rendered":"Ohro\u017een\u00ed \u017eivota"},"content":{"rendered":"        <section\r\n            class=\"pdt-80 pdb-40 \"\r\n        >\r\n        <div class=\"wrapper2\">\r\n                            <div class=\"text_block observe anim_drop1 anim_delay\">\r\n                    <h1 class=\"title_h2 \">V ohro\u017een\u00ed \u017eivota<\/h1>                                                                                            <h2 class=\"title_h3 color2\">\r\n                                Z\u00e1va\u017en\u00e9 obt\u00ed\u017ee, kter\u00e9 mohou ohrozit v\u00e1\u0161 \u017eivot.                            <\/h2>\r\n                                                                <div class=\"page_content reset_margins\">\r\n                        <p><p>Siln\u00e9 krv\u00e1cen\u00ed z rodidel, obt\u00ed\u017ee zp\u016fsobuj\u00edc\u00ed obluzen\u00e9 v\u011bdom\u00ed (dezorientace, nesouvisl\u00e1 mluva, zmaten\u00e9 my\u0161len\u00ed, \u00fazkost), siln\u00e9 n\u00e1hle vznikl\u00e9 bolesti, vysok\u00e9 teploty souvisej\u00edc\u00ed s bolest\u00ed b\u0159icha nebo n\u00e1hle vznikl\u00fd v\u00fdtok z rodidel <\/p>\n<\/p>\r\n                    <\/div>\r\n                                    <\/div>\r\n                    <\/div>\r\n    <\/section>\r\n\n\n                <div class=\"pdt-20 pdb-40 \"\r\n            >\r\n            <div class=\"wrapper2\">\r\n                <div class=\"grid small-space\">\r\n                                            <div class=\"box text_center col2 col1_lgm offset pd-40 pd-25md\">\r\n                            <a href=\"#\" title=\"Volejte z\u00e1chranou slu\u017ebu 155 nebo 112\">\r\n                                <h3 class=\"title_h4 color2 text_uc\">Volejte z\u00e1chranou slu\u017ebu 155 nebo 112<\/h3>\r\n                                <div class=\"page_content no_margins\">\r\n                                    <p>Neprodlen\u011b v\u00e1s doprav\u00ed do nejbli\u017e\u0161\u00edho zdravotnick\u00e9ho za\u0159\u00edzen\u00ed!<\/p>\n                                <\/div>\r\n                            <\/a>\r\n                        <\/div>\r\n                                    <\/div>\r\n            <\/div>\r\n        <\/div>\r\n    ","protected":false},"excerpt":{"rendered":"","protected":false},"author":3,"featured_media":0,"parent":3948,"menu_order":0,"comment_status":"closed","ping_status":"closed","template":"","meta":{"_acf_changed":false,"footnotes":""},"class_list":["post-865","page","type-page","status-publish","hentry"],"acf":[],"yoast_head":"<!-- This site is optimized with the Yoast SEO plugin v25.5 - https:\/\/yoast.com\/wordpress\/plugins\/seo\/ -->\n<title>Ohro\u017een\u00ed \u017eivota - Porodnice U Apolin\u00e1\u0159e<\/title>\n<meta name=\"robots\" content=\"noindex, follow, max-snippet:-1, max-image-preview:large, max-video-preview:-1\" \/>\n<meta property=\"og:locale\" content=\"uk_UA\" \/>\n<meta property=\"og:type\" content=\"article\" \/>\n<meta property=\"og:title\" content=\"Ohro\u017een\u00ed \u017eivota - Porodnice U Apolin\u00e1\u0159e\" \/>\n<meta property=\"og:url\" content=\"https:\/\/apolinar.capta.cz\/uk\/akutni-obtize\/akutni-potize-ohrozeni-zivota\/\" \/>\n<meta property=\"og:site_name\" content=\"Porodnice U Apolin\u00e1\u0159e\" \/>\n<meta name=\"twitter:card\" content=\"summary_large_image\" \/>\n<script type=\"application\/ld+json\" class=\"yoast-schema-graph\">{\"@context\":\"https:\/\/schema.org\",\"@graph\":[{\"@type\":\"WebPage\",\"@id\":\"https:\/\/apolinar.capta.cz\/uk\/akutni-obtize\/akutni-potize-ohrozeni-zivota\/\",\"url\":\"https:\/\/apolinar.capta.cz\/uk\/akutni-obtize\/akutni-potize-ohrozeni-zivota\/\",\"name\":\"Ohro\u017een\u00ed \u017eivota - Porodnice U Apolin\u00e1\u0159e\",\"isPartOf\":{\"@id\":\"https:\/\/apolinar.capta.cz\/uk\/#website\"},\"datePublished\":\"2023-06-27T13:18:24+00:00\",\"breadcrumb\":{\"@id\":\"https:\/\/apolinar.capta.cz\/uk\/akutni-obtize\/akutni-potize-ohrozeni-zivota\/#breadcrumb\"},\"inLanguage\":\"uk\",\"potentialAction\":[{\"@type\":\"ReadAction\",\"target\":[\"https:\/\/apolinar.capta.cz\/uk\/akutni-obtize\/akutni-potize-ohrozeni-zivota\/\"]}]},{\"@type\":\"BreadcrumbList\",\"@id\":\"https:\/\/apolinar.capta.cz\/uk\/akutni-obtize\/akutni-potize-ohrozeni-zivota\/#breadcrumb\",\"itemListElement\":[{\"@type\":\"ListItem\",\"position\":1,\"name\":\"Dom\u016f\",\"item\":\"https:\/\/apolinar.capta.cz\/uk\/\"},{\"@type\":\"ListItem\",\"position\":2,\"name\":\"Ohro\u017een\u00ed \u017eivota\"}]},{\"@type\":\"WebSite\",\"@id\":\"https:\/\/apolinar.capta.cz\/uk\/#website\",\"url\":\"https:\/\/apolinar.capta.cz\/uk\/\",\"name\":\"Porodnice U Apolin\u00e1\u0159e\",\"description\":\"Klinika gynekologie, porodnictv\u00ed a neonatologie 1. LF UK a VFN v Praze\",\"potentialAction\":[{\"@type\":\"SearchAction\",\"target\":{\"@type\":\"EntryPoint\",\"urlTemplate\":\"https:\/\/apolinar.capta.cz\/uk\/?s={search_term_string}\"},\"query-input\":{\"@type\":\"PropertyValueSpecification\",\"valueRequired\":true,\"valueName\":\"search_term_string\"}}],\"inLanguage\":\"uk\"}]}<\/script>\n<!-- \/ Yoast SEO plugin. -->","yoast_head_json":{"title":"Ohro\u017een\u00ed \u017eivota - Porodnice U Apolin\u00e1\u0159e","robots":{"index":"noindex","follow":"follow","max-snippet":"max-snippet:-1","max-image-preview":"max-image-preview:large","max-video-preview":"max-video-preview:-1"},"og_locale":"uk_UA","og_type":"article","og_title":"Ohro\u017een\u00ed \u017eivota - Porodnice U Apolin\u00e1\u0159e","og_url":"https:\/\/apolinar.capta.cz\/uk\/akutni-obtize\/akutni-potize-ohrozeni-zivota\/","og_site_name":"Porodnice U Apolin\u00e1\u0159e","twitter_card":"summary_large_image","schema":{"@context":"https:\/\/schema.org","@graph":[{"@type":"WebPage","@id":"https:\/\/apolinar.capta.cz\/uk\/akutni-obtize\/akutni-potize-ohrozeni-zivota\/","url":"https:\/\/apolinar.capta.cz\/uk\/akutni-obtize\/akutni-potize-ohrozeni-zivota\/","name":"Ohro\u017een\u00ed \u017eivota - Porodnice U Apolin\u00e1\u0159e","isPartOf":{"@id":"https:\/\/apolinar.capta.cz\/uk\/#website"},"datePublished":"2023-06-27T13:18:24+00:00","breadcrumb":{"@id":"https:\/\/apolinar.capta.cz\/uk\/akutni-obtize\/akutni-potize-ohrozeni-zivota\/#breadcrumb"},"inLanguage":"uk","potentialAction":[{"@type":"ReadAction","target":["https:\/\/apolinar.capta.cz\/uk\/akutni-obtize\/akutni-potize-ohrozeni-zivota\/"]}]},{"@type":"BreadcrumbList","@id":"https:\/\/apolinar.capta.cz\/uk\/akutni-obtize\/akutni-potize-ohrozeni-zivota\/#breadcrumb","itemListElement":[{"@type":"ListItem","position":1,"name":"Dom\u016f","item":"https:\/\/apolinar.capta.cz\/uk\/"},{"@type":"ListItem","position":2,"name":"Ohro\u017een\u00ed \u017eivota"}]},{"@type":"WebSite","@id":"https:\/\/apolinar.capta.cz\/uk\/#website","url":"https:\/\/apolinar.capta.cz\/uk\/","name":"Porodnice U Apolin\u00e1\u0159e","description":"Klinika gynekologie, porodnictv\u00ed a neonatologie 1. LF UK a VFN v Praze","potentialAction":[{"@type":"SearchAction","target":{"@type":"EntryPoint","urlTemplate":"https:\/\/apolinar.capta.cz\/uk\/?s={search_term_string}"},"query-input":{"@type":"PropertyValueSpecification","valueRequired":true,"valueName":"search_term_string"}}],"inLanguage":"uk"}]}},"_links":{"self":[{"href":"https:\/\/apolinar.capta.cz\/uk\/wp-json\/wp\/v2\/pages\/865","targetHints":{"allow":["GET"]}}],"collection":[{"href":"https:\/\/apolinar.capta.cz\/uk\/wp-json\/wp\/v2\/pages"}],"about":[{"href":"https:\/\/apolinar.capta.cz\/uk\/wp-json\/wp\/v2\/types\/page"}],"author":[{"embeddable":true,"href":"https:\/\/apolinar.capta.cz\/uk\/wp-json\/wp\/v2\/users\/3"}],"replies":[{"embeddable":true,"href":"https:\/\/apolinar.capta.cz\/uk\/wp-json\/wp\/v2\/comments?post=865"}],"version-history":[{"count":0,"href":"https:\/\/apolinar.capta.cz\/uk\/wp-json\/wp\/v2\/pages\/865\/revisions"}],"up":[{"embeddable":true,"href":"https:\/\/apolinar.capta.cz\/uk\/wp-json\/wp\/v2\/pages\/3948"}],"wp:attachment":[{"href":"https:\/\/apolinar.capta.cz\/uk\/wp-json\/wp\/v2\/media?parent=865"}],"curies":[{"name":"wp","href":"https:\/\/api.w.org\/{rel}","templated":true}]}}