{"id":934,"date":"2023-06-28T14:08:14","date_gmt":"2023-06-28T12:08:14","guid":{"rendered":"https:\/\/apolinar.eu\/?page_id=934"},"modified":"2023-06-28T14:08:14","modified_gmt":"2023-06-28T12:08:14","slug":"chci-rodit-u-apolinare","status":"publish","type":"page","link":"https:\/\/apolinar.capta.cz\/uk\/porodnice\/tehotenstvi\/chci-rodit-u-apolinare\/","title":{"rendered":"Chci rodit U Apolin\u00e1\u0159e"},"content":{"rendered":"        <section\r\n            class=\"pdt-40 pdb-10 \"\r\n        >\r\n        <div class=\"wrapper2\">\r\n                            <div class=\"grid small-space align-center\">\r\n                                            <!-- LEFT SIDE -->\r\n                        <div class=\"text_block col2 col1_mdm pdr-20 pd-0md observe anim_drop1 anim_delay\">\r\n                            <h1 class=\"title_h2 \">Chci rodit U Apolin\u00e1\u0159e<\/h1>                                                            <div class=\"tags responsive\">\r\n                                    <div class=\"inner justify-center-mdm\">\r\n                                                                                                                                    <a href=\"https:\/\/apolinar.capta.cz\/apolinarske-kurzy-a-jine-sluzby\/individualni-doprovod-k-porodu\/\"\r\n                                                   title=\"Nov\u00e1 slu\u017eba: Individu\u00e1ln\u00ed doprovod k porodu\"\r\n                                                   >\r\n                                                    Nov\u00e1 slu\u017eba: Individu\u00e1ln\u00ed doprovod k porodu                                                <\/a>\r\n                                                                                                                        <\/div>\r\n                                <\/div>\r\n                                                                                                                            <h2 class=\"title_h3 color2\">\r\n                                        Rozhodla jste se p\u0159iv\u00e9st miminko na sv\u011bt v porodnici U Apolin\u00e1\u0159e?                                    <\/h2>\r\n                                                                                        <div class=\"page_content reset_margins\">\r\n                                <p><p>V\u00e1\u017e\u00edme si toho a budeme se sna\u017eit, aby tato v\u00fdznamn\u00e1 ud\u00e1lost byla pro v\u00e1s p\u0159\u00edjemn\u00e1, bezpe\u010dn\u00e1<br \/>\na nezapomenuteln\u00e1. V\u0161em nast\u00e1vaj\u00edc\u00edm mamink\u00e1m poskytujeme komplexn\u00ed p\u00e9\u010di<br \/>\na klademe d\u016fraz na individu\u00e1ln\u00ed lidsk\u00fd p\u0159\u00edstup a profesionalitu.<\/p>\n<\/p>\r\n                            <\/div>\r\n                                                    <\/div>\r\n                        <!-- RIGHT SIDE -->\r\n                        <div class=\"col2 col1_mdm list_items mgt-40md observe anim_drop1 anim_delay\">\r\n                            <div class=\"img_holder img_radius10\">\r\n                                <img loading=\"lazy\" decoding=\"async\" width=\"244\" height=\"335\" src=\"https:\/\/apolinar.capta.cz\/wp-content\/uploads\/2023\/07\/historie04-244x335.jpg\" class=\"attachment-preview_image_without_decoration size-preview_image_without_decoration\" alt=\"\" srcset=\"https:\/\/apolinar.capta.cz\/wp-content\/uploads\/2023\/07\/historie04-244x335.jpg 244w, https:\/\/apolinar.capta.cz\/wp-content\/uploads\/2023\/07\/historie04-218x300.jpg 218w, https:\/\/apolinar.capta.cz\/wp-content\/uploads\/2023\/07\/historie04-44x60.jpg 44w, https:\/\/apolinar.capta.cz\/wp-content\/uploads\/2023\/07\/historie04-192x264.jpg 192w, https:\/\/apolinar.capta.cz\/wp-content\/uploads\/2023\/07\/historie04-76x104.jpg 76w, https:\/\/apolinar.capta.cz\/wp-content\/uploads\/2023\/07\/historie04-343x471.jpg 343w, https:\/\/apolinar.capta.cz\/wp-content\/uploads\/2023\/07\/historie04-140x192.jpg 140w, https:\/\/apolinar.capta.cz\/wp-content\/uploads\/2023\/07\/historie04-320x440.jpg 320w, https:\/\/apolinar.capta.cz\/wp-content\/uploads\/2023\/07\/historie04-402x553.jpg 402w, https:\/\/apolinar.capta.cz\/wp-content\/uploads\/2023\/07\/historie04-388x533.jpg 388w, https:\/\/apolinar.capta.cz\/wp-content\/uploads\/2023\/07\/historie04-87x120.jpg 87w, https:\/\/apolinar.capta.cz\/wp-content\/uploads\/2023\/07\/historie04.jpg 655w\" sizes=\"auto, (max-width: 244px) 100vw, 244px\" \/>                            <\/div>\r\n                        <\/div>\r\n                                    <\/div>\r\n                    <\/div>\r\n    <\/section>\r\n\n\n                <!-- TEXT BLOCK -->\r\n        <section\r\n                class=\" pdb-20 \"\r\n            >\r\n            <div class=\"wrapper2 text_block\">\r\n                                                                                                                <div class=\"page_content reset_margins\">\r\n                                                                                        <p>Krom\u011b \u017een s nekomplikovan\u00fdm pr\u016fb\u011bhem t\u011bhotenstv\u00ed se zam\u011b\u0159ujeme tak\u00e9 na multidisciplin\u00e1rn\u00ed p\u00e9\u010di<br \/>\no vysoce rizikov\u00e9 t\u011bhotn\u00e9 \u017eeny, d\u00e1le na vysoce specializovanou neonatologickou p\u00e9\u010di o extr\u00e9mn\u011b nezral\u00e9<br \/>\na nemocn\u00e9 novorozence.<br \/>\nV pr\u016fb\u011bhu va\u0161ich n\u00e1v\u0161t\u011bv se o v\u00e1s bude starat t\u00fdm velmi zku\u0161en\u00fdch porodn\u00edk\u016f, porodn\u00edch asistentek, anesteziolog\u016f, neonatolog\u016f, d\u011btsk\u00fdch sester, lakta\u010dn\u00edch poradky\u0148, ale i fyzioterapeut\u016f, nutri\u010dn\u00edch terapeutek<br \/>\na psycholo\u017eky.<\/p>\n                                    <\/div>\r\n            <\/div>\r\n        <\/section>\r\n    \n\n\n\n                <!-- TEXT BLOCK -->\r\n        <section\r\n                class=\"pdt-20 pdb-40 bg3\"\r\n            >\r\n            <div class=\"wrapper2 text_block\">\r\n                                                                                                                <div class=\"page_content reset_margins\">\r\n                                                                                        <p><strong>Do na\u0161\u00ed porodnice ji\u017e nen\u00ed nutn\u00e9 se p\u0159edem registrovat.<\/strong> Pro va\u0161e pohodl\u00ed a jistotu p\u0159\u00edjmu p\u0159i napln\u011bn\u00ed kapacity ale<strong> doporu\u010dujeme splnit n\u00e1sleduj\u00edc\u00ed kroky:<\/strong><\/p>\n                                    <\/div>\r\n            <\/div>\r\n        <\/section>\r\n    \n\n    <!-- BLOK I - Neonatologie -->\r\n    <section\r\n            class=\"pdt-40 pdb-40 \"\r\n        id=\"01\">\r\n        <div class=\"wrapper2\">\r\n            <div class=\"grid small-space\">\r\n                <!-- LEFT SIDE -->\r\n                <div class=\"text_block col_equal col1_lgm pdr-20 pd-0lg observe anim_drop1 anim_delay\">\r\n                    <h2 class=\"title_h3 \">1. n\u00e1v\u0161t\u011bva porodnice okolo 20. t\u00fddne t\u011bhotenstv\u00ed (administrativn\u00ed n\u00e1v\u0161t\u011bva)<\/h2>                    <div class=\"tags responsive text_w500\">\r\n                        <div class=\"inner\">\r\n                                                                                        <a href=\"mailto:tehotenska.ambulance@vfn.cz\">tehotenska.ambulance@vfn.cz<\/a>\r\n                                                                                                                                                                            <span>T\u011bhotensk\u00e1 poradna &#8211; 1. patro vpravo<\/span>\r\n                                                    <\/div>\r\n                    <\/div>\r\n                    <div class=\"page_content reset_margins\">\r\n                        Na prvn\u00ed n\u00e1v\u0161t\u011bvu je nejvhodn\u011bj\u0161\u00ed se objedn\u00e1vat od 20. t\u00fddne t\u011bhotenstv\u00ed. Zahrnuje seps\u00e1n\u00ed va\u0161\u00ed anamn\u00e9zy, formul\u00e1\u0159 je mo\u017en\u00e9 si p\u0159edem st\u00e1hnout. Pr\u016fb\u011bh cel\u00e9 n\u00e1v\u0161t\u011bvy zjednodu\u0161\u00edte, kdy\u017e si formul\u00e1\u0159 p\u0159edem doma v klidu projdete a vypln\u00edte. \r\nNad\u00e1le jste vedena u va\u0161eho gynekologa, ke kter\u00e9mu chod\u00edte na pravideln\u00e9 kontroly b\u011bhem t\u011bhotenstv\u00ed. V\u010dasn\u00e1 prvn\u00ed n\u00e1v\u0161t\u011bva v porodnici v\u00e1m usnadn\u00ed zejm\u00e9na administrativu v r\u00e1mci porodu. \r\n\r\n                    <\/div>\r\n                                                                <a href=\"https:\/\/webdiar.vfn.cz\/webdiar\/Tree.aspx?pracoviste=498\"\r\n                           title=\"Vybrat term\u00edn\"\r\n                                                      class=\"btn_basic\">Vybrat term\u00edn<\/a>\r\n                                    <\/div>\r\n                <!-- RIGHT SIDE -->\r\n                <div class=\"col_default w370_lg col1_lgm list_items mgt-40lg observe anim_drop1 anim_delay\">\r\n                    <div class=\"bg3 radius10 pd-30 pd-25md\">\r\n                        <h3 class=\"title_h5 color2 text_uc text_w500\">\r\n                            Ordina\u010dn\u00ed hodiny                        <\/h3>\r\n                                                                            <table class=\"table_hours text_s16 mgt-10\">\r\n                                                                    <tr>\r\n                                        <th scope=\"row\">Pond\u011bl\u00ed<\/th>\r\n                                                                                    <td>15:30 &#8211; 18:30<\/td>\r\n                                                                            <\/tr>\r\n                                                                    <tr>\r\n                                        <th scope=\"row\">Uter\u00fd<\/th>\r\n                                                                                    <td>15:30 &#8211; 18:30<\/td>\r\n                                                                            <\/tr>\r\n                                                                    <tr>\r\n                                        <th scope=\"row\">St\u0159eda<\/th>\r\n                                                                                    <td>15:30 &#8211; 18:30<\/td>\r\n                                                                            <\/tr>\r\n                                                            <\/table>\r\n                                            <\/div>\r\n                <\/div>\r\n            <\/div>\r\n        <\/div>\r\n    <\/section>\r\n\n\n    <!-- BLOK K -->\r\n    <section\r\n            class=\"pdt-10 pdb-10 \"\r\n        >\r\n        <div class=\"wrapper2\">\r\n                                                                                            <div class=\"grid small-space\">\r\n                                                                                <!-- ITEM 1 -->\r\n                            <div class=\"col2 col1_mdm bg3 radius10 pd-35 pd-25md observe anim_drop1 anim_delay dflex flex-dir-column offset_dist\">\r\n                                <div class=\"text_block w100p mgb-auto\">\r\n                                    <h3 class=\"title_h3\">Formul\u00e1\u0159 &#8211; anamn\u00e9za<\/h3>\r\n                                                                                                        <\/div>\r\n                                <div class=\"pdt-20 w100p\">\r\n                                    <div class=\"grid small-space\">\r\n                                        <div class=\"col_default offset_half\">\r\n                                            <a href=\"#\"\r\n                                               title=\"Formul\u00e1\u0159 - anamn\u00e9za\"\r\n                                               target=\"_blank\"\r\n                                               class=\"btn_basic\">\r\n                                                Zobrazit                                            <\/a>\r\n                                        <\/div>\r\n                                        <div class=\"col_default offset_half\">\r\n                                            <a href=\"#\"\r\n                                               title=\"Formul\u00e1\u0159 - anamn\u00e9za\"\r\n                                               download\r\n                                               class=\"btn_basic border\">\r\n                                                St\u00e1hnout                                            <\/a>\r\n                                        <\/div>\r\n                                    <\/div>\r\n                                <\/div>\r\n                            <\/div>\r\n                                                                                <!-- ITEM 1 -->\r\n                            <div class=\"col2 col1_mdm bg3 radius10 pd-35 pd-25md observe anim_drop1 anim_delay dflex flex-dir-column offset_dist\">\r\n                                <div class=\"text_block w100p mgb-auto\">\r\n                                    <h3 class=\"title_h3\">Informace pro rodi\u010dky <\/h3>\r\n                                                                                                                <div class=\"page_content reset_margins\">\r\n                                            <p>CHECK &#8211; IN (1. n\u00e1v\u0161t\u011bva v na\u0161\u00ed t\u011bhotensk\u00e9 poradn\u011b)<\/p>\r\n                                        <\/div>\r\n                                                                    <\/div>\r\n                                <div class=\"pdt-20 w100p\">\r\n                                    <div class=\"grid small-space\">\r\n                                        <div class=\"col_default offset_half\">\r\n                                            <a href=\"#\"\r\n                                               title=\"Informace pro rodi\u010dky \"\r\n                                               target=\"_blank\"\r\n                                               class=\"btn_basic\">\r\n                                                Zobrazit                                            <\/a>\r\n                                        <\/div>\r\n                                        <div class=\"col_default offset_half\">\r\n                                            <a href=\"#\"\r\n                                               title=\"Informace pro rodi\u010dky \"\r\n                                               download\r\n                                               class=\"btn_basic border\">\r\n                                                St\u00e1hnout                                            <\/a>\r\n                                        <\/div>\r\n                                    <\/div>\r\n                                <\/div>\r\n                            <\/div>\r\n                                            <\/div>\r\n                                    <\/div>\r\n    <\/section>\r\n\n\n    <!-- BLOK I - Neonatologie -->\r\n    <section\r\n            class=\"pdt-20 pdb-40 \"\r\n        >\r\n        <div class=\"wrapper2\">\r\n            <div class=\"grid small-space\">\r\n                <!-- LEFT SIDE -->\r\n                <div class=\"text_block col_equal col1_lgm pdr-20 pd-0lg observe anim_drop1 anim_delay\">\r\n                    <h2 class=\"title_h3 \">2. CHECK &#8211; IN okolo 36. t\u00fddne t\u011bhotenstv\u00ed (1. n\u00e1v\u0161t\u011bva v t\u011bhotensk\u00e9 poradn\u011b)<\/h2>                    <div class=\"tags responsive text_w500\">\r\n                        <div class=\"inner\">\r\n                                                                                        <a href=\"mailto:tehotenska.ambulance@vfn.cz\">tehotenska.ambulance@vfn.cz<\/a>\r\n                                                                                                                    <a href=\"tel:+420224967401\">+420 224 967 401<\/a>\r\n                                                                                                                    <span>T\u011bhotensk\u00e1 poradna &#8211; 1. patro vpravo<\/span>\r\n                                                    <\/div>\r\n                    <\/div>\r\n                    <div class=\"page_content reset_margins\">\r\n                        Check &#8211; in (tedy zaevidov\u00e1n\u00ed do porodnice) si objedn\u00e1te po 34. ukon\u010den\u00e9m t\u00fddnu na telefonn\u00edm \u010d\u00edsle: +420 224 967 401 &#8211; OD POND\u011aL\u00cd DO \u010cTVRTKA OD 13:00 &#8211; 14:30, V P\u00c1TEK OD 12:00 &#8211; 13:30. Po domluv\u011b v\u00e1m bude vybr\u00e1n term\u00edn ultrazvukov\u00e9 kontroly a n\u00e1v\u0161t\u011bvy v t\u011bhotensk\u00e9 ambulanci, kter\u00e1 prob\u011bhne mezi 36.-37. t\u00fddnem t\u011bhotenstv\u00ed. Objedn\u00e1n\u00ed, pros\u00edm, neodkl\u00e1dejte na posledn\u00ed chv\u00edli.\r\nNa check &#8211; in je d\u016fle\u017eit\u00e9 don\u00e9st:\r\n\u017e\u00e1danku od registruj\u00edc\u00edho gynekologa, dokumentaci z pr\u016fb\u011bhu t\u011bhotenstv\u00ed (t\u011bhotensk\u00e1 pr\u016fkazka, screeningy, vy\u0161et\u0159en\u00ed krevn\u00ed skupiny), ob\u010dansk\u00fd pr\u016fkaz (pas), karti\u010dka poji\u0161t\u011bnce, rann\u00ed mo\u010d, informaci o va\u0161\u00ed v\u00e1ze.                    <\/div>\r\n                                                        <\/div>\r\n                <!-- RIGHT SIDE -->\r\n                <div class=\"col_default w370_lg col1_lgm list_items mgt-40lg observe anim_drop1 anim_delay\">\r\n                    <div class=\"bg3 radius10 pd-30 pd-25md\">\r\n                        <h3 class=\"title_h5 color2 text_uc text_w500\">\r\n                            Ordina\u010dn\u00ed hodiny                        <\/h3>\r\n                                                                            <table class=\"table_hours text_s16 mgt-10\">\r\n                                                                    <tr>\r\n                                        <th scope=\"row\">Pond\u011bl\u00ed<\/th>\r\n                                                                                    <td>8:00 &#8211; 12:30<\/td>\r\n                                                                                    <td>13:00 &#8211; 14:00<\/td>\r\n                                                                            <\/tr>\r\n                                                                    <tr>\r\n                                        <th scope=\"row\">Uter\u00fd<\/th>\r\n                                                                                    <td>8:00 &#8211; 12:30<\/td>\r\n                                                                                    <td>13:00 &#8211; 14:00<\/td>\r\n                                                                            <\/tr>\r\n                                                                    <tr>\r\n                                        <th scope=\"row\">St\u0159eda<\/th>\r\n                                                                                    <td>8:00 &#8211; 12:30<\/td>\r\n                                                                                    <td>13:00 &#8211; 14:00<\/td>\r\n                                                                            <\/tr>\r\n                                                                    <tr>\r\n                                        <th scope=\"row\">\u010ctvrtek<\/th>\r\n                                                                                    <td>8:00 &#8211; 12:30<\/td>\r\n                                                                                    <td>13:00 &#8211; 14:00<\/td>\r\n                                                                            <\/tr>\r\n                                                                    <tr>\r\n                                        <th scope=\"row\">P\u00e1tek<\/th>\r\n                                                                                    <td>8:00 &#8211; 12:30<\/td>\r\n                                                                            <\/tr>\r\n                                                            <\/table>\r\n                                            <\/div>\r\n                <\/div>\r\n            <\/div>\r\n        <\/div>\r\n    <\/section>\r\n","protected":false},"excerpt":{"rendered":"","protected":false},"author":3,"featured_media":0,"parent":3971,"menu_order":0,"comment_status":"closed","ping_status":"closed","template":"","meta":{"_acf_changed":false,"footnotes":""},"class_list":["post-934","page","type-page","status-publish","hentry"],"acf":[],"yoast_head":"<!-- This site is optimized with the Yoast SEO plugin v25.5 - https:\/\/yoast.com\/wordpress\/plugins\/seo\/ -->\n<title>Chci rodit U Apolin\u00e1\u0159e - Porodnice U Apolin\u00e1\u0159e<\/title>\n<meta name=\"robots\" content=\"noindex, follow, max-snippet:-1, max-image-preview:large, max-video-preview:-1\" \/>\n<meta property=\"og:locale\" content=\"uk_UA\" \/>\n<meta property=\"og:type\" content=\"article\" \/>\n<meta property=\"og:title\" content=\"Chci rodit U Apolin\u00e1\u0159e - Porodnice U Apolin\u00e1\u0159e\" \/>\n<meta property=\"og:url\" content=\"https:\/\/apolinar.capta.cz\/uk\/porodnice\/tehotenstvi\/chci-rodit-u-apolinare\/\" \/>\n<meta property=\"og:site_name\" content=\"Porodnice U Apolin\u00e1\u0159e\" \/>\n<meta name=\"twitter:card\" content=\"summary_large_image\" \/>\n<script type=\"application\/ld+json\" class=\"yoast-schema-graph\">{\"@context\":\"https:\/\/schema.org\",\"@graph\":[{\"@type\":\"WebPage\",\"@id\":\"https:\/\/apolinar.capta.cz\/uk\/porodnice\/tehotenstvi\/chci-rodit-u-apolinare\/\",\"url\":\"https:\/\/apolinar.capta.cz\/uk\/porodnice\/tehotenstvi\/chci-rodit-u-apolinare\/\",\"name\":\"Chci rodit U Apolin\u00e1\u0159e - Porodnice U Apolin\u00e1\u0159e\",\"isPartOf\":{\"@id\":\"https:\/\/apolinar.capta.cz\/uk\/#website\"},\"datePublished\":\"2023-06-28T12:08:14+00:00\",\"breadcrumb\":{\"@id\":\"https:\/\/apolinar.capta.cz\/uk\/porodnice\/tehotenstvi\/chci-rodit-u-apolinare\/#breadcrumb\"},\"inLanguage\":\"uk\",\"potentialAction\":[{\"@type\":\"ReadAction\",\"target\":[\"https:\/\/apolinar.capta.cz\/uk\/porodnice\/tehotenstvi\/chci-rodit-u-apolinare\/\"]}]},{\"@type\":\"BreadcrumbList\",\"@id\":\"https:\/\/apolinar.capta.cz\/uk\/porodnice\/tehotenstvi\/chci-rodit-u-apolinare\/#breadcrumb\",\"itemListElement\":[{\"@type\":\"ListItem\",\"position\":1,\"name\":\"Dom\u016f\",\"item\":\"https:\/\/apolinar.capta.cz\/uk\/\"},{\"@type\":\"ListItem\",\"position\":2,\"name\":\"Chci rodit U Apolin\u00e1\u0159e\"}]},{\"@type\":\"WebSite\",\"@id\":\"https:\/\/apolinar.capta.cz\/uk\/#website\",\"url\":\"https:\/\/apolinar.capta.cz\/uk\/\",\"name\":\"Porodnice U Apolin\u00e1\u0159e\",\"description\":\"Klinika gynekologie, porodnictv\u00ed a neonatologie 1. LF UK a VFN v Praze\",\"potentialAction\":[{\"@type\":\"SearchAction\",\"target\":{\"@type\":\"EntryPoint\",\"urlTemplate\":\"https:\/\/apolinar.capta.cz\/uk\/?s={search_term_string}\"},\"query-input\":{\"@type\":\"PropertyValueSpecification\",\"valueRequired\":true,\"valueName\":\"search_term_string\"}}],\"inLanguage\":\"uk\"}]}<\/script>\n<!-- \/ Yoast SEO plugin. -->","yoast_head_json":{"title":"Chci rodit U Apolin\u00e1\u0159e - Porodnice U Apolin\u00e1\u0159e","robots":{"index":"noindex","follow":"follow","max-snippet":"max-snippet:-1","max-image-preview":"max-image-preview:large","max-video-preview":"max-video-preview:-1"},"og_locale":"uk_UA","og_type":"article","og_title":"Chci rodit U Apolin\u00e1\u0159e - Porodnice U Apolin\u00e1\u0159e","og_url":"https:\/\/apolinar.capta.cz\/uk\/porodnice\/tehotenstvi\/chci-rodit-u-apolinare\/","og_site_name":"Porodnice U Apolin\u00e1\u0159e","twitter_card":"summary_large_image","schema":{"@context":"https:\/\/schema.org","@graph":[{"@type":"WebPage","@id":"https:\/\/apolinar.capta.cz\/uk\/porodnice\/tehotenstvi\/chci-rodit-u-apolinare\/","url":"https:\/\/apolinar.capta.cz\/uk\/porodnice\/tehotenstvi\/chci-rodit-u-apolinare\/","name":"Chci rodit U Apolin\u00e1\u0159e - Porodnice U Apolin\u00e1\u0159e","isPartOf":{"@id":"https:\/\/apolinar.capta.cz\/uk\/#website"},"datePublished":"2023-06-28T12:08:14+00:00","breadcrumb":{"@id":"https:\/\/apolinar.capta.cz\/uk\/porodnice\/tehotenstvi\/chci-rodit-u-apolinare\/#breadcrumb"},"inLanguage":"uk","potentialAction":[{"@type":"ReadAction","target":["https:\/\/apolinar.capta.cz\/uk\/porodnice\/tehotenstvi\/chci-rodit-u-apolinare\/"]}]},{"@type":"BreadcrumbList","@id":"https:\/\/apolinar.capta.cz\/uk\/porodnice\/tehotenstvi\/chci-rodit-u-apolinare\/#breadcrumb","itemListElement":[{"@type":"ListItem","position":1,"name":"Dom\u016f","item":"https:\/\/apolinar.capta.cz\/uk\/"},{"@type":"ListItem","position":2,"name":"Chci rodit U Apolin\u00e1\u0159e"}]},{"@type":"WebSite","@id":"https:\/\/apolinar.capta.cz\/uk\/#website","url":"https:\/\/apolinar.capta.cz\/uk\/","name":"Porodnice U Apolin\u00e1\u0159e","description":"Klinika gynekologie, porodnictv\u00ed a neonatologie 1. LF UK a VFN v Praze","potentialAction":[{"@type":"SearchAction","target":{"@type":"EntryPoint","urlTemplate":"https:\/\/apolinar.capta.cz\/uk\/?s={search_term_string}"},"query-input":{"@type":"PropertyValueSpecification","valueRequired":true,"valueName":"search_term_string"}}],"inLanguage":"uk"}]}},"_links":{"self":[{"href":"https:\/\/apolinar.capta.cz\/uk\/wp-json\/wp\/v2\/pages\/934","targetHints":{"allow":["GET"]}}],"collection":[{"href":"https:\/\/apolinar.capta.cz\/uk\/wp-json\/wp\/v2\/pages"}],"about":[{"href":"https:\/\/apolinar.capta.cz\/uk\/wp-json\/wp\/v2\/types\/page"}],"author":[{"embeddable":true,"href":"https:\/\/apolinar.capta.cz\/uk\/wp-json\/wp\/v2\/users\/3"}],"replies":[{"embeddable":true,"href":"https:\/\/apolinar.capta.cz\/uk\/wp-json\/wp\/v2\/comments?post=934"}],"version-history":[{"count":0,"href":"https:\/\/apolinar.capta.cz\/uk\/wp-json\/wp\/v2\/pages\/934\/revisions"}],"up":[{"embeddable":true,"href":"https:\/\/apolinar.capta.cz\/uk\/wp-json\/wp\/v2\/pages\/3971"}],"wp:attachment":[{"href":"https:\/\/apolinar.capta.cz\/uk\/wp-json\/wp\/v2\/media?parent=934"}],"curies":[{"name":"wp","href":"https:\/\/api.w.org\/{rel}","templated":true}]}}