{"id":9430,"date":"2024-07-28T00:24:42","date_gmt":"2024-07-27T22:24:42","guid":{"rendered":"https:\/\/apolinar.eu\/?page_id=9430"},"modified":"2024-07-28T00:24:42","modified_gmt":"2024-07-27T22:24:42","slug":"casto-kladene-otazky","status":"publish","type":"page","link":"https:\/\/apolinar.capta.cz\/uk\/centrum-asistovane-reprodukce\/casto-kladene-otazky\/","title":{"rendered":"\u010casto kladen\u00e9 ot\u00e1zky"},"content":{"rendered":"                <!-- TEXT BLOCK -->\r\n        <section\r\n                class=\"pdt-80 pdb-40 \"\r\n            >\r\n            <div class=\"wrapper2 text_block\">\r\n                <h1 class=\"title_h2 text_center_mdm\">\u010casto kladen\u00e9 ot\u00e1zky<\/h1>                                                                                                <div class=\"page_content reset_margins\">\r\n                                                        <\/div>\r\n            <\/div>\r\n        <\/section>\r\n    \n\n    <!-- ACCORD -->\r\n    <section\r\n            class=\"pdt-80 pdb-80 bg3\"\r\n        >\r\n        <div class=\"wrapper2 anim_delay anim_drop1 observe\">\r\n                                                    <div class=\"accord mgt-30\">\r\n                                            <!-- ITEM -->\r\n                        <div class=\"item_accord item\">\r\n                            <a href=\"#\" role=\"button\" class=\"item_accord_head head\">\r\n                                <h3 class=\"item_accord_title\">Mohu podstoupit metody asistovan\u00e9 reprodukce, pokud jsem ji\u017e m\u011bla 49.narozeniny?<\/h3>\r\n                                <div class=\"item_accord_arrow\">\r\n                                    <svg class=\"sicofill\">\r\n                                        <use href=\"https:\/\/apolinar.capta.cz\/wp-content\/themes\/apolinar\/assets\/layout\/icons.svg#s_ar2_d\"\/>\r\n                                    <\/svg>\r\n                                <\/div>\r\n                            <\/a>\r\n                            <div class=\"expand\">\r\n                                <div class=\"item_accord_inner page_content reset_margins\">\r\n                                                                                                                                                        <p>Ne, bohu\u017eel proveden\u00ed metod asistovan\u00e9 reprodukce nen\u00ed mo\u017en\u00e9 po 49. narozenin\u00e1ch.<\/p>\n<p>Toto je ur\u010deno z\u00e1konem 373\/2011 Sb.<\/p>\n                                                                    <\/div>\r\n                            <\/div>\r\n                        <\/div>\r\n                                            <!-- ITEM -->\r\n                        <div class=\"item_accord item\">\r\n                            <a href=\"#\" role=\"button\" class=\"item_accord_head head\">\r\n                                <h3 class=\"item_accord_title\">Do kolika let mi cyklus IVF hrad\u00ed zdravotn\u00ed poji\u0161\u0165ovna?<\/h3>\r\n                                <div class=\"item_accord_arrow\">\r\n                                    <svg class=\"sicofill\">\r\n                                        <use href=\"https:\/\/apolinar.capta.cz\/wp-content\/themes\/apolinar\/assets\/layout\/icons.svg#s_ar2_d\"\/>\r\n                                    <\/svg>\r\n                                <\/div>\r\n                            <\/a>\r\n                            <div class=\"expand\">\r\n                                <div class=\"item_accord_inner page_content reset_margins\">\r\n                                                                                                                                                        <p>Zdravotn\u00ed poji\u0161\u0165ovna v\u00e1m hrad\u00ed 3 \u20134 \u00a0cykly IVF do 40. narozenin.<\/p>\n                                                                    <\/div>\r\n                            <\/div>\r\n                        <\/div>\r\n                                            <!-- ITEM -->\r\n                        <div class=\"item_accord item\">\r\n                            <a href=\"#\" role=\"button\" class=\"item_accord_head head\">\r\n                                <h3 class=\"item_accord_title\">Kolik intrauterinn\u00edch inseminac\u00ed mi za \u017eivot uhrad\u00ed zdravotn\u00ed poji\u0161\u0165ovna celkem?<\/h3>\r\n                                <div class=\"item_accord_arrow\">\r\n                                    <svg class=\"sicofill\">\r\n                                        <use href=\"https:\/\/apolinar.capta.cz\/wp-content\/themes\/apolinar\/assets\/layout\/icons.svg#s_ar2_d\"\/>\r\n                                    <\/svg>\r\n                                <\/div>\r\n                            <\/a>\r\n                            <div class=\"expand\">\r\n                                <div class=\"item_accord_inner page_content reset_margins\">\r\n                                                                                                                                                        <p>Intrauterinn\u00ed inseminace je zdravotn\u00ed poji\u0161\u0165ovnou hrazena 6 x a to do v\u011bku 49 let.<\/p>\n                                                                    <\/div>\r\n                            <\/div>\r\n                        <\/div>\r\n                                            <!-- ITEM -->\r\n                        <div class=\"item_accord item\">\r\n                            <a href=\"#\" role=\"button\" class=\"item_accord_head head\">\r\n                                <h3 class=\"item_accord_title\">Kolik se u v\u00e1s plat\u00ed za prvn\u00ed n\u00e1v\u0161t\u011bvu?<\/h3>\r\n                                <div class=\"item_accord_arrow\">\r\n                                    <svg class=\"sicofill\">\r\n                                        <use href=\"https:\/\/apolinar.capta.cz\/wp-content\/themes\/apolinar\/assets\/layout\/icons.svg#s_ar2_d\"\/>\r\n                                    <\/svg>\r\n                                <\/div>\r\n                            <\/a>\r\n                            <div class=\"expand\">\r\n                                <div class=\"item_accord_inner page_content reset_margins\">\r\n                                                                                                                                                        <p>V p\u0159\u00edpad\u011b, \u017ee jste \u0159\u00e1dn\u011b poji\u0161t\u011bna, je vstupn\u00ed konzultace a vy\u0161et\u0159en\u00ed hrazeno ze zdravotn\u00edho poji\u0161t\u011bn\u00ed. Seznam plateb v pr\u016fb\u011bhu l\u00e9\u010dby je uveden v <a href=\"https:\/\/apolinar.capta.cz\/centrum-asistovane-reprodukce\/prakticke-informace\/#01\">platn\u00e9m cen\u00edku.<\/a><\/p>\n                                                                    <\/div>\r\n                            <\/div>\r\n                        <\/div>\r\n                                            <!-- ITEM -->\r\n                        <div class=\"item_accord item\">\r\n                            <a href=\"#\" role=\"button\" class=\"item_accord_head head\">\r\n                                <h3 class=\"item_accord_title\">Mohu se l\u00e9\u010dit ve va\u0161em centru bez partnera?<\/h3>\r\n                                <div class=\"item_accord_arrow\">\r\n                                    <svg class=\"sicofill\">\r\n                                        <use href=\"https:\/\/apolinar.capta.cz\/wp-content\/themes\/apolinar\/assets\/layout\/icons.svg#s_ar2_d\"\/>\r\n                                    <\/svg>\r\n                                <\/div>\r\n                            <\/a>\r\n                            <div class=\"expand\">\r\n                                <div class=\"item_accord_inner page_content reset_margins\">\r\n                                                                                                                                                        <p>Ano, m\u016f\u017eete podstoupit kryokonzervaci gamet (vaj\u00ed\u010dek \/ spermi\u00ed) v r\u00e1mci zachov\u00e1n\u00ed plodnosti p\u0159ed l\u00e9\u010dbou, kter\u00e1 ji m\u016f\u017ee ohrozit, nebo na vlastn\u00ed \u017e\u00e1dost v r\u00e1mci \u201csocial freezing\u201d. Ale nen\u00ed mo\u017en\u00e9 podstoupit asistovanou reprodukci, to znamen\u00e1 odb\u011br, oplozen\u00ed vaj\u00ed\u010dek a n\u00e1sledn\u00e9 procedury, bez partnera.<\/p>\n<p>K\u00a0 um\u011bl\u00e9mu oplozen\u00ed lze p\u0159istoupit pouze za souhlasu obou partner\u016f v r\u00e1mci l\u00e9\u010dby mu\u017ee a \u017eeny \u00a0(viz z\u00e1kon 373\/2011 Sb.).<\/p>\n                                                                    <\/div>\r\n                            <\/div>\r\n                        <\/div>\r\n                                            <!-- ITEM -->\r\n                        <div class=\"item_accord item\">\r\n                            <a href=\"#\" role=\"button\" class=\"item_accord_head head\">\r\n                                <h3 class=\"item_accord_title\">Je t\u0159eba si n\u011bco don\u00e9st na 1. n\u00e1v\u0161t\u011bvu do Va\u0161eho centra?<\/h3>\r\n                                <div class=\"item_accord_arrow\">\r\n                                    <svg class=\"sicofill\">\r\n                                        <use href=\"https:\/\/apolinar.capta.cz\/wp-content\/themes\/apolinar\/assets\/layout\/icons.svg#s_ar2_d\"\/>\r\n                                    <\/svg>\r\n                                <\/div>\r\n                            <\/a>\r\n                            <div class=\"expand\">\r\n                                <div class=\"item_accord_inner page_content reset_margins\">\r\n                                                                                                                                                        <p>Ano, vezm\u011bte si s sebou, pros\u00edm, doklad toto\u017enosti (ob\u010dansk\u00fd pr\u016fkaz, cestovn\u00ed pas, povolen\u00ed k pobytu, nejste-li ob\u010dan \u010cR) a kartu poji\u0161t\u011bnce.<\/p>\n<p>Uv\u00edt\u00e1me, kdy\u017e donesete dokumentaci o prob\u011bhl\u00e9 l\u00e9\u010db\u011b:<\/p>\n<ul>\n<li>V p\u0159\u00edpad\u011b, \u017ee m\u00e1te ji\u017e hotov\u00e1 vy\u0161et\u0159en\u00ed, kter\u00e1 se t\u00fdkaj\u00ed problematiky neplodnosti \/ nap\u0159. hormon\u00e1ln\u00ed profil u \u017eeny, spermiogram u mu\u017ee, &#8230; \/ vezm\u011bte s sebou v\u00fdsledky t\u011bchto vy\u0161et\u0159en\u00ed.<\/li>\n<li>Jestli\u017ee jste ji\u017e podstoupila l\u00e9\u010dbu neplodnosti v jin\u00e9m centru asistovan\u00e9 reprodukce, p\u0159ineste si pros\u00edm s sebou v\u00fdpis z dokumentace.<\/li>\n<\/ul>\n                                                                    <\/div>\r\n                            <\/div>\r\n                        <\/div>\r\n                                            <!-- ITEM -->\r\n                        <div class=\"item_accord item\">\r\n                            <a href=\"#\" role=\"button\" class=\"item_accord_head head\">\r\n                                <h3 class=\"item_accord_title\">Jsou n\u011bjak\u00e9 dal\u0161\u00ed d\u016fle\u017eit\u00e9 informace, kter\u00e9 bych m\u011bla v\u011bd\u011bt p\u0159ed 1. n\u00e1v\u0161t\u011bvou u v\u00e1s?<\/h3>\r\n                                <div class=\"item_accord_arrow\">\r\n                                    <svg class=\"sicofill\">\r\n                                        <use href=\"https:\/\/apolinar.capta.cz\/wp-content\/themes\/apolinar\/assets\/layout\/icons.svg#s_ar2_d\"\/>\r\n                                    <\/svg>\r\n                                <\/div>\r\n                            <\/a>\r\n                            <div class=\"expand\">\r\n                                <div class=\"item_accord_inner page_content reset_margins\">\r\n                                                                                                                                                        <ul>\n<li>U mu\u017ee v\u011bt\u0161inou prov\u00e1d\u00edme vy\u0161et\u0159en\u00ed spermiogramu &#8211; doporu\u010dujeme 2-3 dny pohlavn\u00ed abstinenci.<\/li>\n<li>Nen\u00ed pot\u0159eba la\u010dnit, m\u016f\u017eete se naj\u00edst a nap\u00edt dle pot\u0159eby.<\/li>\n<\/ul>\n<p>&nbsp;<\/p>\n                                                                    <\/div>\r\n                            <\/div>\r\n                        <\/div>\r\n                                    <\/div>\r\n                    <\/div>\r\n    <\/section>\r\n","protected":false},"excerpt":{"rendered":"","protected":false},"author":6,"featured_media":0,"parent":9356,"menu_order":0,"comment_status":"closed","ping_status":"closed","template":"","meta":{"_acf_changed":false,"footnotes":""},"class_list":["post-9430","page","type-page","status-publish","hentry"],"acf":[],"yoast_head":"<!-- This site is optimized with the Yoast SEO plugin v25.5 - https:\/\/yoast.com\/wordpress\/plugins\/seo\/ -->\n<title>\u010casto kladen\u00e9 ot\u00e1zky - Porodnice U Apolin\u00e1\u0159e<\/title>\n<meta name=\"robots\" content=\"noindex, follow, max-snippet:-1, max-image-preview:large, max-video-preview:-1\" \/>\n<meta property=\"og:locale\" content=\"uk_UA\" \/>\n<meta property=\"og:type\" content=\"article\" \/>\n<meta property=\"og:title\" content=\"\u010casto kladen\u00e9 ot\u00e1zky - Porodnice U Apolin\u00e1\u0159e\" \/>\n<meta property=\"og:url\" content=\"https:\/\/apolinar.capta.cz\/uk\/centrum-asistovane-reprodukce\/casto-kladene-otazky\/\" \/>\n<meta property=\"og:site_name\" content=\"Porodnice U Apolin\u00e1\u0159e\" \/>\n<meta name=\"twitter:card\" content=\"summary_large_image\" \/>\n<script type=\"application\/ld+json\" class=\"yoast-schema-graph\">{\"@context\":\"https:\/\/schema.org\",\"@graph\":[{\"@type\":\"WebPage\",\"@id\":\"https:\/\/apolinar.capta.cz\/uk\/centrum-asistovane-reprodukce\/casto-kladene-otazky\/\",\"url\":\"https:\/\/apolinar.capta.cz\/uk\/centrum-asistovane-reprodukce\/casto-kladene-otazky\/\",\"name\":\"\u010casto kladen\u00e9 ot\u00e1zky - Porodnice U Apolin\u00e1\u0159e\",\"isPartOf\":{\"@id\":\"https:\/\/apolinar.capta.cz\/uk\/#website\"},\"datePublished\":\"2024-07-27T22:24:42+00:00\",\"breadcrumb\":{\"@id\":\"https:\/\/apolinar.capta.cz\/uk\/centrum-asistovane-reprodukce\/casto-kladene-otazky\/#breadcrumb\"},\"inLanguage\":\"uk\",\"potentialAction\":[{\"@type\":\"ReadAction\",\"target\":[\"https:\/\/apolinar.capta.cz\/uk\/centrum-asistovane-reprodukce\/casto-kladene-otazky\/\"]}]},{\"@type\":\"BreadcrumbList\",\"@id\":\"https:\/\/apolinar.capta.cz\/uk\/centrum-asistovane-reprodukce\/casto-kladene-otazky\/#breadcrumb\",\"itemListElement\":[{\"@type\":\"ListItem\",\"position\":1,\"name\":\"Dom\u016f\",\"item\":\"https:\/\/apolinar.capta.cz\/uk\/\"},{\"@type\":\"ListItem\",\"position\":2,\"name\":\"Centrum asistovan\u00e9 reprodukce\",\"item\":\"https:\/\/apolinar.capta.cz\/uk\/centrum-asistovane-reprodukce\/\"},{\"@type\":\"ListItem\",\"position\":3,\"name\":\"\u010casto kladen\u00e9 ot\u00e1zky\"}]},{\"@type\":\"WebSite\",\"@id\":\"https:\/\/apolinar.capta.cz\/uk\/#website\",\"url\":\"https:\/\/apolinar.capta.cz\/uk\/\",\"name\":\"Porodnice U Apolin\u00e1\u0159e\",\"description\":\"Klinika gynekologie, porodnictv\u00ed a neonatologie 1. LF UK a VFN v Praze\",\"potentialAction\":[{\"@type\":\"SearchAction\",\"target\":{\"@type\":\"EntryPoint\",\"urlTemplate\":\"https:\/\/apolinar.capta.cz\/uk\/?s={search_term_string}\"},\"query-input\":{\"@type\":\"PropertyValueSpecification\",\"valueRequired\":true,\"valueName\":\"search_term_string\"}}],\"inLanguage\":\"uk\"}]}<\/script>\n<!-- \/ Yoast SEO plugin. -->","yoast_head_json":{"title":"\u010casto kladen\u00e9 ot\u00e1zky - Porodnice U Apolin\u00e1\u0159e","robots":{"index":"noindex","follow":"follow","max-snippet":"max-snippet:-1","max-image-preview":"max-image-preview:large","max-video-preview":"max-video-preview:-1"},"og_locale":"uk_UA","og_type":"article","og_title":"\u010casto kladen\u00e9 ot\u00e1zky - Porodnice U Apolin\u00e1\u0159e","og_url":"https:\/\/apolinar.capta.cz\/uk\/centrum-asistovane-reprodukce\/casto-kladene-otazky\/","og_site_name":"Porodnice U Apolin\u00e1\u0159e","twitter_card":"summary_large_image","schema":{"@context":"https:\/\/schema.org","@graph":[{"@type":"WebPage","@id":"https:\/\/apolinar.capta.cz\/uk\/centrum-asistovane-reprodukce\/casto-kladene-otazky\/","url":"https:\/\/apolinar.capta.cz\/uk\/centrum-asistovane-reprodukce\/casto-kladene-otazky\/","name":"\u010casto kladen\u00e9 ot\u00e1zky - Porodnice U Apolin\u00e1\u0159e","isPartOf":{"@id":"https:\/\/apolinar.capta.cz\/uk\/#website"},"datePublished":"2024-07-27T22:24:42+00:00","breadcrumb":{"@id":"https:\/\/apolinar.capta.cz\/uk\/centrum-asistovane-reprodukce\/casto-kladene-otazky\/#breadcrumb"},"inLanguage":"uk","potentialAction":[{"@type":"ReadAction","target":["https:\/\/apolinar.capta.cz\/uk\/centrum-asistovane-reprodukce\/casto-kladene-otazky\/"]}]},{"@type":"BreadcrumbList","@id":"https:\/\/apolinar.capta.cz\/uk\/centrum-asistovane-reprodukce\/casto-kladene-otazky\/#breadcrumb","itemListElement":[{"@type":"ListItem","position":1,"name":"Dom\u016f","item":"https:\/\/apolinar.capta.cz\/uk\/"},{"@type":"ListItem","position":2,"name":"Centrum asistovan\u00e9 reprodukce","item":"https:\/\/apolinar.capta.cz\/uk\/centrum-asistovane-reprodukce\/"},{"@type":"ListItem","position":3,"name":"\u010casto kladen\u00e9 ot\u00e1zky"}]},{"@type":"WebSite","@id":"https:\/\/apolinar.capta.cz\/uk\/#website","url":"https:\/\/apolinar.capta.cz\/uk\/","name":"Porodnice U Apolin\u00e1\u0159e","description":"Klinika gynekologie, porodnictv\u00ed a neonatologie 1. LF UK a VFN v Praze","potentialAction":[{"@type":"SearchAction","target":{"@type":"EntryPoint","urlTemplate":"https:\/\/apolinar.capta.cz\/uk\/?s={search_term_string}"},"query-input":{"@type":"PropertyValueSpecification","valueRequired":true,"valueName":"search_term_string"}}],"inLanguage":"uk"}]}},"_links":{"self":[{"href":"https:\/\/apolinar.capta.cz\/uk\/wp-json\/wp\/v2\/pages\/9430","targetHints":{"allow":["GET"]}}],"collection":[{"href":"https:\/\/apolinar.capta.cz\/uk\/wp-json\/wp\/v2\/pages"}],"about":[{"href":"https:\/\/apolinar.capta.cz\/uk\/wp-json\/wp\/v2\/types\/page"}],"author":[{"embeddable":true,"href":"https:\/\/apolinar.capta.cz\/uk\/wp-json\/wp\/v2\/users\/6"}],"replies":[{"embeddable":true,"href":"https:\/\/apolinar.capta.cz\/uk\/wp-json\/wp\/v2\/comments?post=9430"}],"version-history":[{"count":0,"href":"https:\/\/apolinar.capta.cz\/uk\/wp-json\/wp\/v2\/pages\/9430\/revisions"}],"up":[{"embeddable":true,"href":"https:\/\/apolinar.capta.cz\/uk\/wp-json\/wp\/v2\/pages\/9356"}],"wp:attachment":[{"href":"https:\/\/apolinar.capta.cz\/uk\/wp-json\/wp\/v2\/media?parent=9430"}],"curies":[{"name":"wp","href":"https:\/\/api.w.org\/{rel}","templated":true}]}}