{"id":980,"date":"2023-06-28T17:34:50","date_gmt":"2023-06-28T15:34:50","guid":{"rendered":"https:\/\/apolinar.eu\/?page_id=980"},"modified":"2023-06-28T17:34:50","modified_gmt":"2023-06-28T15:34:50","slug":"prijem-na-porodni-sal","status":"publish","type":"page","link":"https:\/\/apolinar.capta.cz\/uk\/porodnice\/porod\/prijem-na-porodni-sal\/","title":{"rendered":"P\u0159\u00edjem na porodn\u00ed s\u00e1l"},"content":{"rendered":"        <section\r\n            class=\"pdt-80 pdb-20 \"\r\n        >\r\n        <div class=\"wrapper2\">\r\n                            <div class=\"text_block observe anim_drop1 anim_delay\">\r\n                    <h2 class=\"title_h2 \">P\u0159\u00edjem na porodn\u00ed s\u00e1l<\/h2>                                                                                            <h3 class=\"title_h3 color2\">\r\n                                P\u0159\u00edjem na porodn\u00ed s\u00e1l naleznete v prvn\u00edm pat\u0159e na\u0161\u00ed porodnice.                            <\/h3>\r\n                                                                <div class=\"page_content reset_margins\">\r\n                        <p><\/p>\r\n                    <\/div>\r\n                                    <\/div>\r\n                    <\/div>\r\n    <\/section>\r\n\n\n                <!-- TEXT BLOCK -->\r\n        <section\r\n                class=\"pdt-20 pdb-40 \"\r\n            >\r\n            <div class=\"wrapper2 text_block\">\r\n                                                                                                                <div class=\"page_content reset_margins\">\r\n                                                                                        <p>K p\u0159\u00edjmu doch\u00e1z\u00ed v p\u0159\u00edpad\u011b, \u017ee ji\u017e m\u00e1te kontrakce, spont\u00e1nn\u011b v\u00e1m odtekla plodov\u00e1 voda, krv\u00e1c\u00edte, vn\u00edm\u00e1te zm\u011bnu pohybu miminka nebo kdykoliv, kdy\u017e vyhodnot\u00edte, \u017ee je nutn\u00e1 kontrola va\u0161eho t\u011bhotenstv\u00ed.<\/p>\n<p><strong>Pokud situace nen\u00ed jednozna\u010dn\u00e1 a pot\u0159ebujete konzultaci, zavolejte n\u00e1m na \u010d\u00edslo +420\u00a0224 967 420.<\/strong><\/p>\n                                    <\/div>\r\n            <\/div>\r\n        <\/section>\r\n    \n\n                <div class=\"pdt-40 pdb-40 bg3\"\r\n            >\r\n            <div class=\"wrapper2\">\r\n                <div class=\"grid small-space\">\r\n                                            <div class=\"box text_center col2 col1_lgm offset pd-40 pd-25md\">\r\n                            <a href=\"#\" title=\"1.\">\r\n                                <h3 class=\"title_h4 color2 text_uc\">1.<\/h3>\r\n                                <div class=\"page_content no_margins\">\r\n                                    <p style=\"text-align: left;\"><strong>Zazvon\u00edte na p\u0159\u00edjmov\u00fd zvonek a uv\u00edt\u00e1 v\u00e1s porodn\u00ed asistentka, kter\u00e1 se p\u0159edstav\u00ed a vyzve v\u00e1s k p\u0159edlo\u017een\u00ed t\u011bhotensk\u00e9 pr\u016fkazky, l\u00e9ka\u0159sk\u00fdch zpr\u00e1v a doklad\u016f.<\/strong><\/p>\n                                <\/div>\r\n                            <\/a>\r\n                        <\/div>\r\n                                            <div class=\"box text_center col2 col1_lgm offset pd-40 pd-25md\">\r\n                            <a href=\"#\" title=\"2.\">\r\n                                <h3 class=\"title_h4 color2 text_uc\">2.<\/h3>\r\n                                <div class=\"page_content no_margins\">\r\n                                    <p style=\"text-align: left;\"><strong>Porodn\u00ed asistentka se v\u00e1s zept\u00e1 na d\u016fvod va\u0161eho p\u0159\u00edchodu.<\/strong><\/p>\n                                <\/div>\r\n                            <\/a>\r\n                        <\/div>\r\n                                            <div class=\"box text_center col2 col1_lgm offset pd-40 pd-25md\">\r\n                            <a href=\"#\" title=\"3.\">\r\n                                <h3 class=\"title_h4 color2 text_uc\">3.<\/h3>\r\n                                <div class=\"page_content no_margins\">\r\n                                    <p style=\"text-align: left;\"><strong>N\u00e1sleduje vy\u0161et\u0159en\u00ed v\u00e1s i va\u0161eho zat\u00edm nenarozen\u00e9ho miminka.<\/strong><\/p>\n                                <\/div>\r\n                            <\/a>\r\n                        <\/div>\r\n                                            <div class=\"box text_center col2 col1_lgm offset pd-40 pd-25md\">\r\n                            <a href=\"#\" title=\"4.\">\r\n                                <h3 class=\"title_h4 color2 text_uc\">4.<\/h3>\r\n                                <div class=\"page_content no_margins\">\r\n                                    <p style=\"text-align: left;\"><strong>Pokud se potvrd\u00ed nutnost p\u0159ijet\u00ed do na\u0161\u00ed porodnice, sep\u00ed\u0161ete spole\u010dn\u011b s porodn\u00ed asistentka a l\u00e9ka\u0159em tzv. administrativn\u00ed p\u0159\u00edjem.<\/strong><\/p>\n                                <\/div>\r\n                            <\/a>\r\n                        <\/div>\r\n                                            <div class=\"box text_center col2 col1_lgm offset pd-40 pd-25md\">\r\n                            <a href=\"#\" title=\"5.\">\r\n                                <h3 class=\"title_h4 color2 text_uc\">5.<\/h3>\r\n                                <div class=\"page_content no_margins\">\r\n                                    <p style=\"text-align: left;\"><strong>N\u00e1sleduj\u00edc\u00ed p\u00e9\u010de je individu\u00e1ln\u00ed. V\u0161e s v\u00e1mi budeme konzultovat na z\u00e1klad\u011b konkr\u00e9tn\u00ed a aktu\u00e1ln\u00ed situace a va\u0161ich preferenc\u00ed.<\/strong><\/p>\n                                <\/div>\r\n                            <\/a>\r\n                        <\/div>\r\n                                            <div class=\"box text_center col2 col1_lgm offset pd-40 pd-25md\">\r\n                            <a href=\"#\" title=\"6.\">\r\n                                <h3 class=\"title_h4 color2 text_uc\">6.<\/h3>\r\n                                <div class=\"page_content no_margins\">\r\n                                    <p style=\"text-align: left;\"><strong>Doprov\u00e1zej\u00edc\u00ed osoba \u010dek\u00e1 po dobu vy\u0161et\u0159en\u00ed, a ne\u017e v\u00e1s p\u0159em\u00edst\u00edme na porodn\u00ed box\/pokoj, v m\u00edstnosti pro doprovod nebo na vyhrazen\u00fdch m\u00edstech p\u0159ed porodn\u00edm s\u00e1lem.<\/strong><\/p>\n                                <\/div>\r\n                            <\/a>\r\n                        <\/div>\r\n                                    <\/div>\r\n            <\/div>\r\n        <\/div>\r\n    ","protected":false},"excerpt":{"rendered":"","protected":false},"author":3,"featured_media":0,"parent":3977,"menu_order":0,"comment_status":"closed","ping_status":"closed","template":"","meta":{"_acf_changed":false,"footnotes":""},"class_list":["post-980","page","type-page","status-publish","hentry"],"acf":[],"yoast_head":"<!-- This site is optimized with the Yoast SEO plugin v25.5 - https:\/\/yoast.com\/wordpress\/plugins\/seo\/ -->\n<title>P\u0159\u00edjem na porodn\u00ed s\u00e1l - Porodnice U Apolin\u00e1\u0159e<\/title>\n<meta name=\"robots\" content=\"noindex, follow, max-snippet:-1, max-image-preview:large, max-video-preview:-1\" \/>\n<meta property=\"og:locale\" content=\"uk_UA\" \/>\n<meta property=\"og:type\" content=\"article\" \/>\n<meta property=\"og:title\" content=\"P\u0159\u00edjem na porodn\u00ed s\u00e1l - Porodnice U Apolin\u00e1\u0159e\" \/>\n<meta property=\"og:url\" content=\"https:\/\/apolinar.capta.cz\/uk\/porodnice\/porod\/prijem-na-porodni-sal\/\" \/>\n<meta property=\"og:site_name\" content=\"Porodnice U Apolin\u00e1\u0159e\" \/>\n<meta name=\"twitter:card\" content=\"summary_large_image\" \/>\n<script type=\"application\/ld+json\" class=\"yoast-schema-graph\">{\"@context\":\"https:\/\/schema.org\",\"@graph\":[{\"@type\":\"WebPage\",\"@id\":\"https:\/\/apolinar.capta.cz\/uk\/porodnice\/porod\/prijem-na-porodni-sal\/\",\"url\":\"https:\/\/apolinar.capta.cz\/uk\/porodnice\/porod\/prijem-na-porodni-sal\/\",\"name\":\"P\u0159\u00edjem na porodn\u00ed s\u00e1l - Porodnice U Apolin\u00e1\u0159e\",\"isPartOf\":{\"@id\":\"https:\/\/apolinar.capta.cz\/uk\/#website\"},\"datePublished\":\"2023-06-28T15:34:50+00:00\",\"breadcrumb\":{\"@id\":\"https:\/\/apolinar.capta.cz\/uk\/porodnice\/porod\/prijem-na-porodni-sal\/#breadcrumb\"},\"inLanguage\":\"uk\",\"potentialAction\":[{\"@type\":\"ReadAction\",\"target\":[\"https:\/\/apolinar.capta.cz\/uk\/porodnice\/porod\/prijem-na-porodni-sal\/\"]}]},{\"@type\":\"BreadcrumbList\",\"@id\":\"https:\/\/apolinar.capta.cz\/uk\/porodnice\/porod\/prijem-na-porodni-sal\/#breadcrumb\",\"itemListElement\":[{\"@type\":\"ListItem\",\"position\":1,\"name\":\"Dom\u016f\",\"item\":\"https:\/\/apolinar.capta.cz\/uk\/\"},{\"@type\":\"ListItem\",\"position\":2,\"name\":\"P\u0159\u00edjem na porodn\u00ed s\u00e1l\"}]},{\"@type\":\"WebSite\",\"@id\":\"https:\/\/apolinar.capta.cz\/uk\/#website\",\"url\":\"https:\/\/apolinar.capta.cz\/uk\/\",\"name\":\"Porodnice U Apolin\u00e1\u0159e\",\"description\":\"Klinika gynekologie, porodnictv\u00ed a neonatologie 1. LF UK a VFN v Praze\",\"potentialAction\":[{\"@type\":\"SearchAction\",\"target\":{\"@type\":\"EntryPoint\",\"urlTemplate\":\"https:\/\/apolinar.capta.cz\/uk\/?s={search_term_string}\"},\"query-input\":{\"@type\":\"PropertyValueSpecification\",\"valueRequired\":true,\"valueName\":\"search_term_string\"}}],\"inLanguage\":\"uk\"}]}<\/script>\n<!-- \/ Yoast SEO plugin. -->","yoast_head_json":{"title":"P\u0159\u00edjem na porodn\u00ed s\u00e1l - Porodnice U Apolin\u00e1\u0159e","robots":{"index":"noindex","follow":"follow","max-snippet":"max-snippet:-1","max-image-preview":"max-image-preview:large","max-video-preview":"max-video-preview:-1"},"og_locale":"uk_UA","og_type":"article","og_title":"P\u0159\u00edjem na porodn\u00ed s\u00e1l - Porodnice U Apolin\u00e1\u0159e","og_url":"https:\/\/apolinar.capta.cz\/uk\/porodnice\/porod\/prijem-na-porodni-sal\/","og_site_name":"Porodnice U Apolin\u00e1\u0159e","twitter_card":"summary_large_image","schema":{"@context":"https:\/\/schema.org","@graph":[{"@type":"WebPage","@id":"https:\/\/apolinar.capta.cz\/uk\/porodnice\/porod\/prijem-na-porodni-sal\/","url":"https:\/\/apolinar.capta.cz\/uk\/porodnice\/porod\/prijem-na-porodni-sal\/","name":"P\u0159\u00edjem na porodn\u00ed s\u00e1l - Porodnice U Apolin\u00e1\u0159e","isPartOf":{"@id":"https:\/\/apolinar.capta.cz\/uk\/#website"},"datePublished":"2023-06-28T15:34:50+00:00","breadcrumb":{"@id":"https:\/\/apolinar.capta.cz\/uk\/porodnice\/porod\/prijem-na-porodni-sal\/#breadcrumb"},"inLanguage":"uk","potentialAction":[{"@type":"ReadAction","target":["https:\/\/apolinar.capta.cz\/uk\/porodnice\/porod\/prijem-na-porodni-sal\/"]}]},{"@type":"BreadcrumbList","@id":"https:\/\/apolinar.capta.cz\/uk\/porodnice\/porod\/prijem-na-porodni-sal\/#breadcrumb","itemListElement":[{"@type":"ListItem","position":1,"name":"Dom\u016f","item":"https:\/\/apolinar.capta.cz\/uk\/"},{"@type":"ListItem","position":2,"name":"P\u0159\u00edjem na porodn\u00ed s\u00e1l"}]},{"@type":"WebSite","@id":"https:\/\/apolinar.capta.cz\/uk\/#website","url":"https:\/\/apolinar.capta.cz\/uk\/","name":"Porodnice U Apolin\u00e1\u0159e","description":"Klinika gynekologie, porodnictv\u00ed a neonatologie 1. LF UK a VFN v Praze","potentialAction":[{"@type":"SearchAction","target":{"@type":"EntryPoint","urlTemplate":"https:\/\/apolinar.capta.cz\/uk\/?s={search_term_string}"},"query-input":{"@type":"PropertyValueSpecification","valueRequired":true,"valueName":"search_term_string"}}],"inLanguage":"uk"}]}},"_links":{"self":[{"href":"https:\/\/apolinar.capta.cz\/uk\/wp-json\/wp\/v2\/pages\/980","targetHints":{"allow":["GET"]}}],"collection":[{"href":"https:\/\/apolinar.capta.cz\/uk\/wp-json\/wp\/v2\/pages"}],"about":[{"href":"https:\/\/apolinar.capta.cz\/uk\/wp-json\/wp\/v2\/types\/page"}],"author":[{"embeddable":true,"href":"https:\/\/apolinar.capta.cz\/uk\/wp-json\/wp\/v2\/users\/3"}],"replies":[{"embeddable":true,"href":"https:\/\/apolinar.capta.cz\/uk\/wp-json\/wp\/v2\/comments?post=980"}],"version-history":[{"count":0,"href":"https:\/\/apolinar.capta.cz\/uk\/wp-json\/wp\/v2\/pages\/980\/revisions"}],"up":[{"embeddable":true,"href":"https:\/\/apolinar.capta.cz\/uk\/wp-json\/wp\/v2\/pages\/3977"}],"wp:attachment":[{"href":"https:\/\/apolinar.capta.cz\/uk\/wp-json\/wp\/v2\/media?parent=980"}],"curies":[{"name":"wp","href":"https:\/\/api.w.org\/{rel}","templated":true}]}}