{"id":12133,"date":"2025-02-09T10:55:11","date_gmt":"2025-02-09T09:55:11","guid":{"rendered":"https:\/\/apolinar.eu\/?page_id=12133"},"modified":"2025-02-09T10:55:11","modified_gmt":"2025-02-09T09:55:11","slug":"doba-hospitalizace","status":"publish","type":"page","link":"https:\/\/apolinar.capta.cz\/vi\/porodnice\/po-porodu\/doba-hospitalizace\/","title":{"rendered":"Doba hospitalizace"},"content":{"rendered":"                <!-- TEXT BLOCK -->\r\n        <section\r\n                class=\"pdt-80 pdb-80 \"\r\n            >\r\n            <div class=\"wrapper2 text_block\">\r\n                <h2 class=\"title_h2 text_center_mdm\">Doba hospitalizace po porodu<\/h2>                                                                                                <div class=\"page_content reset_margins\">\r\n                                                                                        <p><span data-olk-copy-source=\"MessageBody\">R\u00e1di bychom v\u00e1s p\u0159ipravili na to, \u017ee se s ohledem na modern\u00ed p\u0159\u00edstupy v porodn\u00ed p\u00e9\u010di zkracuje doba pobytu v nemocnici po porodu.<\/span><\/p>\n<p><span data-olk-copy-source=\"MessageBody\">Pokud nejsou \u017e\u00e1dn\u00e9 komplikace u maminky a novorozence, jsou oba propou\u0161t\u011bni po spont\u00e1nn\u00edm porodu za 48 hodin po porodu, po c\u00edsa\u0159sk\u00e9m rezu po 48 \u2013 72 hodin\u00e1ch (2. \u2013 3. den) po porodu.<\/span><\/p>\n<p><span data-olk-copy-source=\"MessageBody\">Tento trend je vyvol\u00e1n snahou o zv\u00fd\u0161en\u00ed bezpe\u010dnosti (sn\u00ed\u017een\u00ed rizika infekc\u00ed v nemocni\u010dn\u00edm prost\u0159ed\u00ed) a rychlej\u0161\u00ed n\u00e1vrat do dom\u00e1c\u00edho prost\u0159ed\u00ed.\u00a0<\/span><\/p>\n<p data-olk-copy-source=\"MessageBody\">Pokud m\u00e1te jak\u00e9koli ot\u00e1zky nebo obavy, nev\u00e1hejte se obr\u00e1tit na person\u00e1l na\u0161\u00ed kliniky.<\/p>\n<p>D\u011bkujeme za Va\u0161i d\u016fv\u011bru a t\u011b\u0161\u00edme se, \u017ee budeme moci b\u00fdt sou\u010d\u00e1st\u00ed Va\u0161eho \u0161\u0165astn\u00e9ho obdob\u00ed!<\/p>\n                                    <\/div>\r\n            <\/div>\r\n        <\/section>\r\n    ","protected":false},"excerpt":{"rendered":"","protected":false},"author":6,"featured_media":0,"parent":3989,"menu_order":0,"comment_status":"closed","ping_status":"closed","template":"","meta":{"_acf_changed":false,"footnotes":""},"class_list":["post-12133","page","type-page","status-publish","hentry"],"acf":[],"yoast_head":"<!-- This site is optimized with the Yoast SEO plugin v25.5 - https:\/\/yoast.com\/wordpress\/plugins\/seo\/ -->\n<title>Doba hospitalizace - Porodnice U Apolin\u00e1\u0159e<\/title>\n<meta name=\"robots\" content=\"noindex, follow, max-snippet:-1, max-image-preview:large, max-video-preview:-1\" \/>\n<meta property=\"og:locale\" content=\"vi_VN\" \/>\n<meta property=\"og:type\" content=\"article\" \/>\n<meta property=\"og:title\" content=\"Doba hospitalizace - Porodnice U Apolin\u00e1\u0159e\" \/>\n<meta property=\"og:url\" content=\"https:\/\/apolinar.capta.cz\/vi\/porodnice\/po-porodu\/doba-hospitalizace\/\" \/>\n<meta property=\"og:site_name\" content=\"Porodnice U Apolin\u00e1\u0159e\" \/>\n<meta name=\"twitter:card\" content=\"summary_large_image\" \/>\n<script type=\"application\/ld+json\" class=\"yoast-schema-graph\">{\"@context\":\"https:\/\/schema.org\",\"@graph\":[{\"@type\":\"WebPage\",\"@id\":\"https:\/\/apolinar.capta.cz\/vi\/porodnice\/po-porodu\/doba-hospitalizace\/\",\"url\":\"https:\/\/apolinar.capta.cz\/vi\/porodnice\/po-porodu\/doba-hospitalizace\/\",\"name\":\"Doba hospitalizace - Porodnice U Apolin\u00e1\u0159e\",\"isPartOf\":{\"@id\":\"https:\/\/apolinar.capta.cz\/vi\/#website\"},\"datePublished\":\"2025-02-09T09:55:11+00:00\",\"breadcrumb\":{\"@id\":\"https:\/\/apolinar.capta.cz\/vi\/porodnice\/po-porodu\/doba-hospitalizace\/#breadcrumb\"},\"inLanguage\":\"vi-VN\",\"potentialAction\":[{\"@type\":\"ReadAction\",\"target\":[\"https:\/\/apolinar.capta.cz\/vi\/porodnice\/po-porodu\/doba-hospitalizace\/\"]}]},{\"@type\":\"BreadcrumbList\",\"@id\":\"https:\/\/apolinar.capta.cz\/vi\/porodnice\/po-porodu\/doba-hospitalizace\/#breadcrumb\",\"itemListElement\":[{\"@type\":\"ListItem\",\"position\":1,\"name\":\"Dom\u016f\",\"item\":\"https:\/\/apolinar.capta.cz\/vi\/\"},{\"@type\":\"ListItem\",\"position\":2,\"name\":\"Porodnice\",\"item\":\"https:\/\/apolinar.capta.cz\/vi\/porodnice\/\"},{\"@type\":\"ListItem\",\"position\":3,\"name\":\"Po porodu\",\"item\":\"https:\/\/apolinar.capta.cz\/vi\/porodnice\/po-porodu\/\"},{\"@type\":\"ListItem\",\"position\":4,\"name\":\"Doba hospitalizace\"}]},{\"@type\":\"WebSite\",\"@id\":\"https:\/\/apolinar.capta.cz\/vi\/#website\",\"url\":\"https:\/\/apolinar.capta.cz\/vi\/\",\"name\":\"Porodnice U Apolin\u00e1\u0159e\",\"description\":\"Klinika gynekologie, porodnictv\u00ed a neonatologie 1. LF UK a VFN v Praze\",\"potentialAction\":[{\"@type\":\"SearchAction\",\"target\":{\"@type\":\"EntryPoint\",\"urlTemplate\":\"https:\/\/apolinar.capta.cz\/vi\/?s={search_term_string}\"},\"query-input\":{\"@type\":\"PropertyValueSpecification\",\"valueRequired\":true,\"valueName\":\"search_term_string\"}}],\"inLanguage\":\"vi-VN\"}]}<\/script>\n<!-- \/ Yoast SEO plugin. -->","yoast_head_json":{"title":"Doba hospitalizace - Porodnice U Apolin\u00e1\u0159e","robots":{"index":"noindex","follow":"follow","max-snippet":"max-snippet:-1","max-image-preview":"max-image-preview:large","max-video-preview":"max-video-preview:-1"},"og_locale":"vi_VN","og_type":"article","og_title":"Doba hospitalizace - Porodnice U Apolin\u00e1\u0159e","og_url":"https:\/\/apolinar.capta.cz\/vi\/porodnice\/po-porodu\/doba-hospitalizace\/","og_site_name":"Porodnice U Apolin\u00e1\u0159e","twitter_card":"summary_large_image","schema":{"@context":"https:\/\/schema.org","@graph":[{"@type":"WebPage","@id":"https:\/\/apolinar.capta.cz\/vi\/porodnice\/po-porodu\/doba-hospitalizace\/","url":"https:\/\/apolinar.capta.cz\/vi\/porodnice\/po-porodu\/doba-hospitalizace\/","name":"Doba hospitalizace - Porodnice U Apolin\u00e1\u0159e","isPartOf":{"@id":"https:\/\/apolinar.capta.cz\/vi\/#website"},"datePublished":"2025-02-09T09:55:11+00:00","breadcrumb":{"@id":"https:\/\/apolinar.capta.cz\/vi\/porodnice\/po-porodu\/doba-hospitalizace\/#breadcrumb"},"inLanguage":"vi-VN","potentialAction":[{"@type":"ReadAction","target":["https:\/\/apolinar.capta.cz\/vi\/porodnice\/po-porodu\/doba-hospitalizace\/"]}]},{"@type":"BreadcrumbList","@id":"https:\/\/apolinar.capta.cz\/vi\/porodnice\/po-porodu\/doba-hospitalizace\/#breadcrumb","itemListElement":[{"@type":"ListItem","position":1,"name":"Dom\u016f","item":"https:\/\/apolinar.capta.cz\/vi\/"},{"@type":"ListItem","position":2,"name":"Porodnice","item":"https:\/\/apolinar.capta.cz\/vi\/porodnice\/"},{"@type":"ListItem","position":3,"name":"Po porodu","item":"https:\/\/apolinar.capta.cz\/vi\/porodnice\/po-porodu\/"},{"@type":"ListItem","position":4,"name":"Doba hospitalizace"}]},{"@type":"WebSite","@id":"https:\/\/apolinar.capta.cz\/vi\/#website","url":"https:\/\/apolinar.capta.cz\/vi\/","name":"Porodnice U Apolin\u00e1\u0159e","description":"Klinika gynekologie, porodnictv\u00ed a neonatologie 1. LF UK a VFN v Praze","potentialAction":[{"@type":"SearchAction","target":{"@type":"EntryPoint","urlTemplate":"https:\/\/apolinar.capta.cz\/vi\/?s={search_term_string}"},"query-input":{"@type":"PropertyValueSpecification","valueRequired":true,"valueName":"search_term_string"}}],"inLanguage":"vi-VN"}]}},"_links":{"self":[{"href":"https:\/\/apolinar.capta.cz\/vi\/wp-json\/wp\/v2\/pages\/12133","targetHints":{"allow":["GET"]}}],"collection":[{"href":"https:\/\/apolinar.capta.cz\/vi\/wp-json\/wp\/v2\/pages"}],"about":[{"href":"https:\/\/apolinar.capta.cz\/vi\/wp-json\/wp\/v2\/types\/page"}],"author":[{"embeddable":true,"href":"https:\/\/apolinar.capta.cz\/vi\/wp-json\/wp\/v2\/users\/6"}],"replies":[{"embeddable":true,"href":"https:\/\/apolinar.capta.cz\/vi\/wp-json\/wp\/v2\/comments?post=12133"}],"version-history":[{"count":0,"href":"https:\/\/apolinar.capta.cz\/vi\/wp-json\/wp\/v2\/pages\/12133\/revisions"}],"up":[{"embeddable":true,"href":"https:\/\/apolinar.capta.cz\/vi\/wp-json\/wp\/v2\/pages\/3989"}],"wp:attachment":[{"href":"https:\/\/apolinar.capta.cz\/vi\/wp-json\/wp\/v2\/media?parent=12133"}],"curies":[{"name":"wp","href":"https:\/\/api.w.org\/{rel}","templated":true}]}}