{"id":12453,"date":"2025-03-14T13:43:08","date_gmt":"2025-03-14T12:43:08","guid":{"rendered":"https:\/\/apolinar.eu\/?page_id=12453"},"modified":"2025-03-14T13:43:08","modified_gmt":"2025-03-14T12:43:08","slug":"150-let-apolinare","status":"publish","type":"page","link":"https:\/\/apolinar.capta.cz\/vi\/150-let-apolinare\/","title":{"rendered":"150 let Apolin\u00e1\u0159e"},"content":{"rendered":"    <!-- TEXT BLOCK -->\r\n    <section\r\n            class=\"pdt-40 pdb-40 \"\r\n        >\r\n        <div class=\"wrapper2\">\r\n                                                                                <\/div>\r\n    <\/section>\r\n\n\n        <section\r\n            class=\"pdt-80 pdb-40 \"\r\n        >\r\n        <div class=\"wrapper2\">\r\n                            <div class=\"grid small-space align-center\">\r\n                                            <!-- LEFT SIDE -->\r\n                        <div class=\"text_block col2 col1_mdm pdr-20 pd-0md observe anim_drop1 anim_delay\">\r\n                            <h2 class=\"title_h2 \">U Apolin\u00e1\u0159e se ji\u017e 150 let rod\u00ed \u00fa\u017easn\u00e9 v\u00fdkony<\/h2>                                                                                                                            <h3 class=\"title_h3 color2\">\r\n                                        Sta\u0148te se Apolin\u00e1\u0159 ultras, aby tomu tak mohlo b\u00fdt i d\u00e1l.                                    <\/h3>\r\n                                                                                        <div class=\"page_content reset_margins\">\r\n                                <p><p>V na\u0161\u00ed nemocnici se od roku 1875 rod\u00ed \u00fa\u017easn\u00e9 v\u00fdkony srovnateln\u00e9 s v\u00fdkony profesion\u00e1ln\u00edch sportovc\u016f. Zat\u00edmco ty jsou doprov\u00e1zeny pln\u00fdmi tribunami, vyprodan\u00fdmi stadiony a hlasitou podporou fanou\u0161k\u016f, ty na klinice prob\u00edhaj\u00ed t\u00e9m\u011b\u0159 bez pov\u0161imnut\u00ed. <\/p>\n<p>Poj\u010fme uk\u00e1zat, \u017ee i v\u00fdkony pacientek a cel\u00e9ho t\u00fdmu kliniky U Apolin\u00e1\u0159e maj\u00ed sv\u00e9 fanou\u0161ky. Sv\u00e9 Apolin\u00e1\u0159 ultras.<\/p>\n<\/p>\r\n                            <\/div>\r\n                                                    <\/div>\r\n                        <!-- RIGHT SIDE -->\r\n                        <div class=\"col2 col1_mdm list_items mgt-40md observe anim_drop1 anim_delay\">\r\n                            <div class=\"img_holder img_radius10\">\r\n                                                            <\/div>\r\n                        <\/div>\r\n                                    <\/div>\r\n                    <\/div>\r\n    <\/section>\r\n\n\n    <!-- TEXT BLOCK -->\r\n    <section\r\n            class=\"pdt-40 pdb-40 \"\r\n        >\r\n        <div class=\"wrapper2\">\r\n                                                                                <\/div>\r\n    <\/section>\r\n\n\n        <section\r\n            class=\"pdt-80 pdb-40 \"\r\n        >\r\n        <div class=\"wrapper2\">\r\n                            <div class=\"grid small-space align-center\">\r\n                                            <!-- RIGHT SIDE -->\r\n                        <div class=\"col2 col1_mdm list_items mgt-40md pdr-20 observe anim_drop1 anim_delay\">\r\n                            <div class=\"img_holder img_radius10\">\r\n                                                            <\/div>\r\n                        <\/div>\r\n                        <!-- LEFT SIDE -->\r\n                        <div class=\"text_block col2 col1_mdm pd-0md observe anim_drop1 anim_delay\">\r\n                            <h2 class=\"title_h2 \">1. Sta\u0148te se Apolin\u00e1\u0159 ultras<\/h2>                                                                                    <div class=\"page_content reset_margins\">\r\n                                <p><p>T\u00e9 nejv\u011bt\u0161\u00ed fanou\u0161kovsk\u00e9 podpo\u0159e se v\u017edy t\u011b\u0161ily a t\u011b\u0161\u00ed fotbalov\u00e9 t\u00fdmy.<\/p>\n<p>Proto jsme se inspirovali a vytvo\u0159ili <strong>n\u00e1\u0161 vlastn\u00ed fanklub Apolin\u00e1\u0159 ultras<\/strong>, do kter\u00e9ho se m\u016f\u017eete zaregistrovat i vy a uk\u00e1zat n\u00e1m t\u00edm svou podporu.<\/p>\n<\/p>\r\n                            <\/div>\r\n                                                            <a href=\"https:\/\/apolinar.capta.cz\/150-let-apolinare\/#01\"\r\n                                   title=\"Zaregistrovat se\"\r\n                                   target=\"_blank\"                                   class=\"btn_basic\">\r\n                                    Zaregistrovat se                                <\/a>\r\n                                                    <\/div>\r\n                                    <\/div>\r\n                    <\/div>\r\n    <\/section>\r\n\n\n\n\n    <!-- TEXT BLOCK -->\r\n    <section\r\n            class=\"pdt-40 pdb-40 \"\r\n        >\r\n        <div class=\"wrapper2\">\r\n                                                                                <\/div>\r\n    <\/section>\r\n\n\n                <!-- TEXT BLOCK -->\r\n        <section\r\n                class=\"pdt-40 pdb-40 \"\r\n            >\r\n            <div class=\"wrapper2 text_block\">\r\n                <h2 class=\"title_h2 text_center_mdm\">Pro\u010d se st\u00e1t na\u0161\u00edm fanou\u0161kem?<\/h2>                                                                                                <div class=\"page_content reset_margins\">\r\n                                                                                        <p style=\"text-align: left;\">\u0160pi\u010dkov\u00e9 v\u00fdkony si zaslou\u017e\u00ed i \u0161pi\u010dkov\u00e9 z\u00e1zem\u00ed. A p\u0159esto\u017ee je klinika U Apolin\u00e1\u0159e architektonick\u00fd skvost, \u010del\u00ed nejist\u00e9 budoucnosti.<strong> Budova toti\u017e nutn\u011b pot\u0159ebuje ur\u010dit\u00e9 stavebn\u00ed \u00fapravy.<\/strong><\/p>\n<p style=\"text-align: left;\">T\u00edm, \u017ee se symbolicky stanete <strong>\u010dlenem Apolin\u00e1\u0159 ultras,<\/strong> n\u00e1m pom\u016f\u017eete dok\u00e1zat, \u017ee na budoucnosti na\u0161\u00ed kliniky z\u00e1le\u017e\u00ed i \u0161irok\u00e9 ve\u0159ejnosti<\/p>\n                                    <\/div>\r\n            <\/div>\r\n        <\/section>\r\n    \n\n    <div class=\"wrapper2 pdt-40 pdb-60 pdt-30lg pdb-40lg bg3\"\r\n        id=\"01\">\r\n        <div class=\"text_block\">\r\n                        <div class=\"page_content reset_margins\">\r\n                <h3 style=\"text-align: center\"><span data-olk-copy-source=\"MessageBody\">VYJ\u00c1D\u0158ETE N\u00c1M PODPORU REGISTRAC\u00cd DO FANKLUBU APOLIN\u00c1\u0158 ULTRAS.<\/span><\/h3>\n<p style=\"text-align: center\">\n            <\/div>\r\n        <\/div>\r\n                                                    <\/div>\r\n\n\n    <!-- Napsali o n\u00e1s  -->\r\n    <section\r\n            class=\"pdt-40 pdb-40 pdt-20md pdb-20md pdt-30lg pdb-30lg \"\r\n        >\r\n                            <\/section>\r\n\n\n        <section\r\n            class=\"pdt-80 pdb-80 \"\r\n        >\r\n        <div class=\"wrapper2\">\r\n                            <div class=\"grid small-space align-center\">\r\n                                            <!-- RIGHT SIDE -->\r\n                        <div class=\"col2 col1_mdm list_items mgt-40md pdr-20 observe anim_drop1 anim_delay\">\r\n                            <div class=\"img_holder img_radius10\">\r\n                                                            <\/div>\r\n                        <\/div>\r\n                        <!-- LEFT SIDE -->\r\n                        <div class=\"text_block col2 col1_mdm pd-0md observe anim_drop1 anim_delay\">\r\n                            <h2 class=\"title_h2 \">2. Po\u0161lete to d\u00e1l<\/h2>                                                                                    <div class=\"page_content reset_margins\">\r\n                                <p><p>\u0160i\u0159te svou podporu d\u00e1l, abychom mohli st\u00e1le hr\u00e1t prvn\u00ed ligu, ve kter\u00e9 se rod\u00ed ty nejlep\u0161\u00ed v\u00fdkony.<\/p>\n<\/p>\r\n                            <\/div>\r\n                                                            <a href=\"https:\/\/twibbo.nz\/apolinar150let\"\r\n                                   title=\"Vytvo\u0159it r\u00e1me\u010dek \"\r\n                                   target=\"_blank\"                                   class=\"btn_basic\">\r\n                                    Vytvo\u0159it r\u00e1me\u010dek                                 <\/a>\r\n                                                    <\/div>\r\n                                    <\/div>\r\n                    <\/div>\r\n    <\/section>\r\n\n\n    <!-- BLOK J GALERIA -->\r\n    <section\r\n            class=\"pdt-40 pdb-40 \"\r\n        >\r\n        <div class=\"wrapper2\">\r\n            <div class=\"text_block\">\r\n                <h2 class=\"title_h2 \">Zaj\u00edmavosti<\/h2>                <div class=\"page_content reset_margins\">\r\n                                    <\/div>\r\n            <\/div>\r\n            <!-- SET LENGTH max 10 .. 10 > set length_more  -->\r\n                                                                            <\/div>\r\n    <\/section>\r\n\n\n        <section\r\n            class=\"pdt-40 pdb-80 \"\r\n        >\r\n        <div class=\"wrapper2\">\r\n                            <div class=\"text_block observe anim_drop1 anim_delay\">\r\n                    <h2 class=\"title_h2 \">Podpo\u0159te n\u00e1s finan\u010dn\u011b<\/h2>                                                            <div class=\"page_content reset_margins\">\r\n                        <p><p>V\u00e1\u017e\u00edme si v\u0161ech na\u0161ich Apolin\u00e1\u0159 ultras a budeme moc r\u00e1di, kdy\u017e se n\u00e1s rozhodnete podpo\u0159it i finan\u010dn\u011b.<\/p>\n<\/p>\r\n                    <\/div>\r\n                                            <a href=\"https:\/\/www.nadace-apolinar.cz\/chci-pomahat\/\"\r\n                           title=\"Zjistit v\u00edce\"\r\n                           target=\"_blank\"                           class=\"btn_basic\">\r\n                            Zjistit v\u00edce                        <\/a>\r\n                                    <\/div>\r\n                    <\/div>\r\n    <\/section>\r\n\n\n","protected":false},"excerpt":{"rendered":"","protected":false},"author":6,"featured_media":0,"parent":0,"menu_order":0,"comment_status":"closed","ping_status":"closed","template":"","meta":{"_acf_changed":false,"footnotes":""},"class_list":["post-12453","page","type-page","status-publish","hentry"],"acf":[],"yoast_head":"<!-- This site is optimized with the Yoast SEO plugin v25.5 - https:\/\/yoast.com\/wordpress\/plugins\/seo\/ -->\n<title>150 let Apolin\u00e1\u0159e - Porodnice U Apolin\u00e1\u0159e<\/title>\n<meta name=\"robots\" content=\"noindex, follow, max-snippet:-1, max-image-preview:large, max-video-preview:-1\" \/>\n<meta property=\"og:locale\" content=\"vi_VN\" \/>\n<meta property=\"og:type\" content=\"article\" \/>\n<meta property=\"og:title\" content=\"150 let Apolin\u00e1\u0159e - Porodnice U Apolin\u00e1\u0159e\" \/>\n<meta property=\"og:url\" content=\"https:\/\/apolinar.capta.cz\/vi\/150-let-apolinare\/\" \/>\n<meta property=\"og:site_name\" content=\"Porodnice U Apolin\u00e1\u0159e\" \/>\n<meta name=\"twitter:card\" content=\"summary_large_image\" \/>\n<script type=\"application\/ld+json\" class=\"yoast-schema-graph\">{\"@context\":\"https:\/\/schema.org\",\"@graph\":[{\"@type\":\"WebPage\",\"@id\":\"https:\/\/apolinar.capta.cz\/vi\/150-let-apolinare\/\",\"url\":\"https:\/\/apolinar.capta.cz\/vi\/150-let-apolinare\/\",\"name\":\"150 let Apolin\u00e1\u0159e - Porodnice U Apolin\u00e1\u0159e\",\"isPartOf\":{\"@id\":\"https:\/\/apolinar.capta.cz\/vi\/#website\"},\"datePublished\":\"2025-03-14T12:43:08+00:00\",\"breadcrumb\":{\"@id\":\"https:\/\/apolinar.capta.cz\/vi\/150-let-apolinare\/#breadcrumb\"},\"inLanguage\":\"vi-VN\",\"potentialAction\":[{\"@type\":\"ReadAction\",\"target\":[\"https:\/\/apolinar.capta.cz\/vi\/150-let-apolinare\/\"]}]},{\"@type\":\"BreadcrumbList\",\"@id\":\"https:\/\/apolinar.capta.cz\/vi\/150-let-apolinare\/#breadcrumb\",\"itemListElement\":[{\"@type\":\"ListItem\",\"position\":1,\"name\":\"Dom\u016f\",\"item\":\"https:\/\/apolinar.capta.cz\/vi\/\"},{\"@type\":\"ListItem\",\"position\":2,\"name\":\"150 let Apolin\u00e1\u0159e\"}]},{\"@type\":\"WebSite\",\"@id\":\"https:\/\/apolinar.capta.cz\/vi\/#website\",\"url\":\"https:\/\/apolinar.capta.cz\/vi\/\",\"name\":\"Porodnice U Apolin\u00e1\u0159e\",\"description\":\"Klinika gynekologie, porodnictv\u00ed a neonatologie 1. LF UK a VFN v Praze\",\"potentialAction\":[{\"@type\":\"SearchAction\",\"target\":{\"@type\":\"EntryPoint\",\"urlTemplate\":\"https:\/\/apolinar.capta.cz\/vi\/?s={search_term_string}\"},\"query-input\":{\"@type\":\"PropertyValueSpecification\",\"valueRequired\":true,\"valueName\":\"search_term_string\"}}],\"inLanguage\":\"vi-VN\"}]}<\/script>\n<!-- \/ Yoast SEO plugin. -->","yoast_head_json":{"title":"150 let Apolin\u00e1\u0159e - Porodnice U Apolin\u00e1\u0159e","robots":{"index":"noindex","follow":"follow","max-snippet":"max-snippet:-1","max-image-preview":"max-image-preview:large","max-video-preview":"max-video-preview:-1"},"og_locale":"vi_VN","og_type":"article","og_title":"150 let Apolin\u00e1\u0159e - Porodnice U Apolin\u00e1\u0159e","og_url":"https:\/\/apolinar.capta.cz\/vi\/150-let-apolinare\/","og_site_name":"Porodnice U Apolin\u00e1\u0159e","twitter_card":"summary_large_image","schema":{"@context":"https:\/\/schema.org","@graph":[{"@type":"WebPage","@id":"https:\/\/apolinar.capta.cz\/vi\/150-let-apolinare\/","url":"https:\/\/apolinar.capta.cz\/vi\/150-let-apolinare\/","name":"150 let Apolin\u00e1\u0159e - Porodnice U Apolin\u00e1\u0159e","isPartOf":{"@id":"https:\/\/apolinar.capta.cz\/vi\/#website"},"datePublished":"2025-03-14T12:43:08+00:00","breadcrumb":{"@id":"https:\/\/apolinar.capta.cz\/vi\/150-let-apolinare\/#breadcrumb"},"inLanguage":"vi-VN","potentialAction":[{"@type":"ReadAction","target":["https:\/\/apolinar.capta.cz\/vi\/150-let-apolinare\/"]}]},{"@type":"BreadcrumbList","@id":"https:\/\/apolinar.capta.cz\/vi\/150-let-apolinare\/#breadcrumb","itemListElement":[{"@type":"ListItem","position":1,"name":"Dom\u016f","item":"https:\/\/apolinar.capta.cz\/vi\/"},{"@type":"ListItem","position":2,"name":"150 let Apolin\u00e1\u0159e"}]},{"@type":"WebSite","@id":"https:\/\/apolinar.capta.cz\/vi\/#website","url":"https:\/\/apolinar.capta.cz\/vi\/","name":"Porodnice U Apolin\u00e1\u0159e","description":"Klinika gynekologie, porodnictv\u00ed a neonatologie 1. LF UK a VFN v Praze","potentialAction":[{"@type":"SearchAction","target":{"@type":"EntryPoint","urlTemplate":"https:\/\/apolinar.capta.cz\/vi\/?s={search_term_string}"},"query-input":{"@type":"PropertyValueSpecification","valueRequired":true,"valueName":"search_term_string"}}],"inLanguage":"vi-VN"}]}},"_links":{"self":[{"href":"https:\/\/apolinar.capta.cz\/vi\/wp-json\/wp\/v2\/pages\/12453","targetHints":{"allow":["GET"]}}],"collection":[{"href":"https:\/\/apolinar.capta.cz\/vi\/wp-json\/wp\/v2\/pages"}],"about":[{"href":"https:\/\/apolinar.capta.cz\/vi\/wp-json\/wp\/v2\/types\/page"}],"author":[{"embeddable":true,"href":"https:\/\/apolinar.capta.cz\/vi\/wp-json\/wp\/v2\/users\/6"}],"replies":[{"embeddable":true,"href":"https:\/\/apolinar.capta.cz\/vi\/wp-json\/wp\/v2\/comments?post=12453"}],"version-history":[{"count":0,"href":"https:\/\/apolinar.capta.cz\/vi\/wp-json\/wp\/v2\/pages\/12453\/revisions"}],"wp:attachment":[{"href":"https:\/\/apolinar.capta.cz\/vi\/wp-json\/wp\/v2\/media?parent=12453"}],"curies":[{"name":"wp","href":"https:\/\/api.w.org\/{rel}","templated":true}]}}