{"id":1287,"date":"2023-06-30T17:11:35","date_gmt":"2023-06-30T15:11:35","guid":{"rendered":"https:\/\/apolinar.eu\/?page_id=1287"},"modified":"2023-06-30T17:11:35","modified_gmt":"2023-06-30T15:11:35","slug":"mam-endometriozu","status":"publish","type":"page","link":"https:\/\/apolinar.capta.cz\/vi\/gynekologie\/mam-endometriozu\/","title":{"rendered":"M\u00e1m endometri\u00f3zu"},"content":{"rendered":"                <!-- TEXT BLOCK -->\r\n        <section\r\n                class=\"pdt-80 pdb-10 \"\r\n            >\r\n            <div class=\"wrapper2 text_block\">\r\n                <h2 class=\"title_h2 text_center_mdm\">Endometri\u00f3za<\/h2>                                                                                                <div class=\"page_content reset_margins\">\r\n                                                                                        <p>V na\u0161em superkonzili\u00e1rn\u00edm centru pro endometri\u00f3zu pe\u010dujeme o pacientky s nejkomplikovan\u011bj\u0161\u00edmi n\u00e1lezy z cel\u00e9 \u010cR.<\/p>\n<p>Centrum (jedno z nejv\u011bt\u0161\u00edch v republice) koncentruje nejkomplikovan\u011bj\u0161\u00ed p\u0159\u00edpady z cel\u00e9 \u010cR. Zab\u00fdv\u00e1 se vysoce specializovanou diagnostikou \u2013 expertn\u00ed UZ zaji\u0161\u0165uj\u00ed l\u00e9ka\u0159i s evropsk\u00fdmi certifikacemi, v r\u00e1mci stejn\u00e9 nemocnice (VFN) magnetickou rezonanc\u00ed (MR).<\/p>\n<p>Person\u00e1ln\u00ed prov\u00e1zanost s Odd. minim\u00e1ln\u011b invaz\u00edvn\u00ed chirurgie znamen\u00e1 kontinuitu v zaji\u0161t\u011bn\u00ed opera\u010dn\u00ed l\u00e9\u010dby, kde je zaji\u0161t\u011bna multidisciplin\u00e1rn\u00ed spolupr\u00e1ce s odborn\u00edky dal\u0161\u00edch obor\u016f, do jejich\u017e specializace problematika hlubok\u00e9 endometri\u00f3zy (DE) zasahuje- laparoskopicky erudovan\u00ed proktochirurgov\u00e9 a urologov\u00e9.<\/p>\n<p>Rovn\u011b\u017e je zaji\u0161t\u011bna spolupr\u00e1ce s Centrem asistovan\u00e9 reprodukce pro pacientky, jejich\u017e hlavn\u00edm probl\u00e9mem je sterilita.<\/p>\n<p>Vzhledem ke komplexnosti diagn\u00f3zy m\u00e1 Centrum pro endometri\u00f3zu k dispozici nutri\u010dn\u00ed terapeutku, kter\u00e1 se pod\u00edl\u00ed na p\u00e9\u010di nejen o pacientky s resek\u010dn\u00edmi v\u00fdkony na tr\u00e1vic\u00edm traktu, a spolupracuj\u00edc\u00ed fyzioterapeutku.<\/p>\n                                    <\/div>\r\n            <\/div>\r\n        <\/section>\r\n    \n\n                <!-- TEXT BLOCK -->\r\n        <section\r\n                class=\"pdt-40 pdb-40 bg3\"\r\n            >\r\n            <div class=\"wrapper2 text_block\">\r\n                                                                                                                <div class=\"page_content reset_margins\">\r\n                                                                                        <h3><strong>Co nab\u00edz\u00edme?<\/strong><\/h3>\n<p>Konzultace, vy\u0161et\u0159en\u00ed a pl\u00e1n l\u00e9\u010dby.<\/p>\n                                    <\/div>\r\n            <\/div>\r\n        <\/section>\r\n    \n\n    <!-- BLOK I - Neonatologie -->\r\n    <section\r\n            class=\"pdt-40 pdb-80 \"\r\n        >\r\n        <div class=\"wrapper2\">\r\n            <div class=\"grid small-space\">\r\n                <!-- LEFT SIDE -->\r\n                <div class=\"text_block col_equal col1_lgm pdr-20 pd-0lg observe anim_drop1 anim_delay\">\r\n                    <h2 class=\"title_h3 \">Ambulance pro endometri\u00f3zu<\/h2>                    <div class=\"tags responsive text_w500\">\r\n                        <div class=\"inner\">\r\n                                                                                                                                                <a href=\"tel:224967118\">224 967 118<\/a>\r\n                                                                                                                    <span>p\u0159\u00edzem\u00ed, vpravo, ambulance \u010d.8<\/span>\r\n                                                    <\/div>\r\n                    <\/div>\r\n                    <div class=\"page_content reset_margins\">\r\n                        Mo\u017enost objedn\u00e1n\u00ed na telefonn\u00edm \u010d\u00edsle uveden\u00e9m v\u00fd\u0161e.                    <\/div>\r\n                                                        <\/div>\r\n                <!-- RIGHT SIDE -->\r\n                <div class=\"col_default w370_lg col1_lgm list_items mgt-40lg observe anim_drop1 anim_delay\">\r\n                    <div class=\"bg3 radius10 pd-30 pd-25md\">\r\n                        <h3 class=\"title_h5 color2 text_uc text_w500\">\r\n                            Ordina\u010dn\u00ed hodiny                        <\/h3>\r\n                                                                            <table class=\"table_hours text_s16 mgt-10\">\r\n                                                                    <tr>\r\n                                        <th scope=\"row\">Uter\u00fd<\/th>\r\n                                                                                    <td>9:00 &#8211; 12:00<\/td>\r\n                                                                            <\/tr>\r\n                                                                    <tr>\r\n                                        <th scope=\"row\">St\u0159eda<\/th>\r\n                                                                                    <td>9:00 &#8211; 12:00<\/td>\r\n                                                                            <\/tr>\r\n                                                                    <tr>\r\n                                        <th scope=\"row\">\u010ctvrtek<\/th>\r\n                                                                                    <td>9:00 &#8211; 12:00<\/td>\r\n                                                                            <\/tr>\r\n                                                                    <tr>\r\n                                        <th scope=\"row\">P\u00e1tek<\/th>\r\n                                                                                    <td>9:00 &#8211; 12:00<\/td>\r\n                                                                            <\/tr>\r\n                                                            <\/table>\r\n                                            <\/div>\r\n                <\/div>\r\n            <\/div>\r\n        <\/div>\r\n    <\/section>\r\n","protected":false},"excerpt":{"rendered":"","protected":false},"author":4,"featured_media":0,"parent":4067,"menu_order":0,"comment_status":"closed","ping_status":"closed","template":"","meta":{"_acf_changed":false,"footnotes":""},"class_list":["post-1287","page","type-page","status-publish","hentry"],"acf":[],"yoast_head":"<!-- This site is optimized with the Yoast SEO plugin v25.5 - https:\/\/yoast.com\/wordpress\/plugins\/seo\/ -->\n<title>M\u00e1m endometri\u00f3zu - Porodnice U Apolin\u00e1\u0159e<\/title>\n<meta name=\"robots\" content=\"noindex, follow, max-snippet:-1, max-image-preview:large, max-video-preview:-1\" \/>\n<meta property=\"og:locale\" content=\"vi_VN\" \/>\n<meta property=\"og:type\" content=\"article\" \/>\n<meta property=\"og:title\" content=\"M\u00e1m endometri\u00f3zu - Porodnice U Apolin\u00e1\u0159e\" \/>\n<meta property=\"og:url\" content=\"https:\/\/apolinar.capta.cz\/vi\/gynekologie\/mam-endometriozu\/\" \/>\n<meta property=\"og:site_name\" content=\"Porodnice U Apolin\u00e1\u0159e\" \/>\n<meta name=\"twitter:card\" content=\"summary_large_image\" \/>\n<script type=\"application\/ld+json\" class=\"yoast-schema-graph\">{\"@context\":\"https:\/\/schema.org\",\"@graph\":[{\"@type\":\"WebPage\",\"@id\":\"https:\/\/apolinar.capta.cz\/vi\/gynekologie\/mam-endometriozu\/\",\"url\":\"https:\/\/apolinar.capta.cz\/vi\/gynekologie\/mam-endometriozu\/\",\"name\":\"M\u00e1m endometri\u00f3zu - Porodnice U Apolin\u00e1\u0159e\",\"isPartOf\":{\"@id\":\"https:\/\/apolinar.capta.cz\/vi\/#website\"},\"datePublished\":\"2023-06-30T15:11:35+00:00\",\"breadcrumb\":{\"@id\":\"https:\/\/apolinar.capta.cz\/vi\/gynekologie\/mam-endometriozu\/#breadcrumb\"},\"inLanguage\":\"vi-VN\",\"potentialAction\":[{\"@type\":\"ReadAction\",\"target\":[\"https:\/\/apolinar.capta.cz\/vi\/gynekologie\/mam-endometriozu\/\"]}]},{\"@type\":\"BreadcrumbList\",\"@id\":\"https:\/\/apolinar.capta.cz\/vi\/gynekologie\/mam-endometriozu\/#breadcrumb\",\"itemListElement\":[{\"@type\":\"ListItem\",\"position\":1,\"name\":\"Dom\u016f\",\"item\":\"https:\/\/apolinar.capta.cz\/vi\/\"},{\"@type\":\"ListItem\",\"position\":2,\"name\":\"M\u00e1m endometri\u00f3zu\"}]},{\"@type\":\"WebSite\",\"@id\":\"https:\/\/apolinar.capta.cz\/vi\/#website\",\"url\":\"https:\/\/apolinar.capta.cz\/vi\/\",\"name\":\"Porodnice U Apolin\u00e1\u0159e\",\"description\":\"Klinika gynekologie, porodnictv\u00ed a neonatologie 1. LF UK a VFN v Praze\",\"potentialAction\":[{\"@type\":\"SearchAction\",\"target\":{\"@type\":\"EntryPoint\",\"urlTemplate\":\"https:\/\/apolinar.capta.cz\/vi\/?s={search_term_string}\"},\"query-input\":{\"@type\":\"PropertyValueSpecification\",\"valueRequired\":true,\"valueName\":\"search_term_string\"}}],\"inLanguage\":\"vi-VN\"}]}<\/script>\n<!-- \/ Yoast SEO plugin. -->","yoast_head_json":{"title":"M\u00e1m endometri\u00f3zu - Porodnice U Apolin\u00e1\u0159e","robots":{"index":"noindex","follow":"follow","max-snippet":"max-snippet:-1","max-image-preview":"max-image-preview:large","max-video-preview":"max-video-preview:-1"},"og_locale":"vi_VN","og_type":"article","og_title":"M\u00e1m endometri\u00f3zu - Porodnice U Apolin\u00e1\u0159e","og_url":"https:\/\/apolinar.capta.cz\/vi\/gynekologie\/mam-endometriozu\/","og_site_name":"Porodnice U Apolin\u00e1\u0159e","twitter_card":"summary_large_image","schema":{"@context":"https:\/\/schema.org","@graph":[{"@type":"WebPage","@id":"https:\/\/apolinar.capta.cz\/vi\/gynekologie\/mam-endometriozu\/","url":"https:\/\/apolinar.capta.cz\/vi\/gynekologie\/mam-endometriozu\/","name":"M\u00e1m endometri\u00f3zu - Porodnice U Apolin\u00e1\u0159e","isPartOf":{"@id":"https:\/\/apolinar.capta.cz\/vi\/#website"},"datePublished":"2023-06-30T15:11:35+00:00","breadcrumb":{"@id":"https:\/\/apolinar.capta.cz\/vi\/gynekologie\/mam-endometriozu\/#breadcrumb"},"inLanguage":"vi-VN","potentialAction":[{"@type":"ReadAction","target":["https:\/\/apolinar.capta.cz\/vi\/gynekologie\/mam-endometriozu\/"]}]},{"@type":"BreadcrumbList","@id":"https:\/\/apolinar.capta.cz\/vi\/gynekologie\/mam-endometriozu\/#breadcrumb","itemListElement":[{"@type":"ListItem","position":1,"name":"Dom\u016f","item":"https:\/\/apolinar.capta.cz\/vi\/"},{"@type":"ListItem","position":2,"name":"M\u00e1m endometri\u00f3zu"}]},{"@type":"WebSite","@id":"https:\/\/apolinar.capta.cz\/vi\/#website","url":"https:\/\/apolinar.capta.cz\/vi\/","name":"Porodnice U Apolin\u00e1\u0159e","description":"Klinika gynekologie, porodnictv\u00ed a neonatologie 1. LF UK a VFN v Praze","potentialAction":[{"@type":"SearchAction","target":{"@type":"EntryPoint","urlTemplate":"https:\/\/apolinar.capta.cz\/vi\/?s={search_term_string}"},"query-input":{"@type":"PropertyValueSpecification","valueRequired":true,"valueName":"search_term_string"}}],"inLanguage":"vi-VN"}]}},"_links":{"self":[{"href":"https:\/\/apolinar.capta.cz\/vi\/wp-json\/wp\/v2\/pages\/1287","targetHints":{"allow":["GET"]}}],"collection":[{"href":"https:\/\/apolinar.capta.cz\/vi\/wp-json\/wp\/v2\/pages"}],"about":[{"href":"https:\/\/apolinar.capta.cz\/vi\/wp-json\/wp\/v2\/types\/page"}],"author":[{"embeddable":true,"href":"https:\/\/apolinar.capta.cz\/vi\/wp-json\/wp\/v2\/users\/4"}],"replies":[{"embeddable":true,"href":"https:\/\/apolinar.capta.cz\/vi\/wp-json\/wp\/v2\/comments?post=1287"}],"version-history":[{"count":0,"href":"https:\/\/apolinar.capta.cz\/vi\/wp-json\/wp\/v2\/pages\/1287\/revisions"}],"up":[{"embeddable":true,"href":"https:\/\/apolinar.capta.cz\/vi\/wp-json\/wp\/v2\/pages\/4067"}],"wp:attachment":[{"href":"https:\/\/apolinar.capta.cz\/vi\/wp-json\/wp\/v2\/media?parent=1287"}],"curies":[{"name":"wp","href":"https:\/\/api.w.org\/{rel}","templated":true}]}}