{"id":12879,"date":"2025-04-02T15:33:12","date_gmt":"2025-04-02T13:33:12","guid":{"rendered":"https:\/\/apolinar.eu\/?page_id=12879"},"modified":"2025-04-02T15:33:12","modified_gmt":"2025-04-02T13:33:12","slug":"centrum-onkologicke-prevence-cop","status":"publish","type":"page","link":"https:\/\/apolinar.capta.cz\/vi\/gynekologie\/onkogynekologie-2\/centrum-onkologicke-prevence-cop\/","title":{"rendered":"Centrum onkologick\u00e9 prevence (COP)"},"content":{"rendered":"                <!-- TEXT BLOCK -->\r\n        <section\r\n                class=\"pdt-80 pdb-40 \"\r\n            >\r\n            <div class=\"wrapper2 text_block\">\r\n                <h2 class=\"title_h2 text_center_mdm\">Centrum onkologick\u00e9 prevence (COP)<\/h2>                                                                                                <div class=\"page_content reset_margins\">\r\n                                                                                        <p data-olk-copy-source=\"MessageBody\">V\u00edtejte v Centru onkologick\u00e9 prevence u Apolin\u00e1\u0159e!<\/p>\n<p>Zab\u00fdv\u00e1me se zde komplexn\u00edm spektrem p\u0159edn\u00e1dorov\u00fdch a n\u00e1dorov\u00fdch stav\u016f d\u011blo\u017en\u00edho hrdla. Nab\u00edz\u00edme vysoce individu\u00e1ln\u00ed p\u0159\u00edstup ve zhodnocen\u00ed v\u00fdsledk\u016f vy\u0161et\u0159en\u00ed d\u011blo\u017en\u00edho hrdla, kter\u00e9 provedl V\u00e1\u0161 registruj\u00edc\u00ed gynekolog. Jedn\u00e1 se v\u011bt\u0161inou o\u00a0<b><u>abnorm\u00e1ln\u00ed cytologii (LSIL, HSIL a pod.) \u010di pozitivn\u00ed HPV test<\/u><\/b>. Po citliv\u00e9m vy\u0161et\u0159en\u00ed bude navr\u017een dal\u0161\u00ed postup od pouh\u00e9ho sledov\u00e1n\u00ed a\u017e po proveden\u00ed speci\u00e1ln\u00edch gynekologick\u00fdch operac\u00ed.<\/p>\n<p>Na\u0161e centrum je v\u00fdjime\u010dn\u00e9 v mo\u017enosti sledov\u00e1n\u00ed pokro\u010dil\u00fdch p\u0159edn\u00e1dorov\u00fdch stav\u016f bez nutnosti proveden\u00ed konizace. Tento postup je podm\u00edn\u011bn vysokou \u00farovn\u00ed kolposkopick\u00e9 expertizy a pou\u017e\u00edv\u00e1n\u00edm \u0161pi\u010dkov\u00fdch p\u0159\u00edstroj\u016f umo\u017e\u0148uj\u00edc\u00edch po\u0159izov\u00e1n\u00ed a archivac\u00ed fotodokumentace.<\/p>\n<p>Centrum onkologick\u00e9 prevence funguje na pozad\u00ed velk\u00e9ho onkogynekologick\u00e9ho centra. P\u0159\u00edpadn\u00fd z\u00e1chyt karcinomu je proto \u0159e\u0161en podle nejnov\u011bj\u0161\u00edch postup\u016f l\u00e9ka\u0159sk\u00e9 v\u011bdy.<\/p>\n<p>Vy\u0161et\u0159en\u00ed v na\u0161em centru je pln\u011b hrazeno z prost\u0159edk\u016f ve\u0159ejn\u00e9ho poji\u0161t\u011bn\u00ed a \u010dekac\u00ed doba se pohybuje okolo dvou t\u00fddn\u016f.<\/p>\n                                    <\/div>\r\n            <\/div>\r\n        <\/section>\r\n    \n\n                <!-- TEXT BLOCK -->\r\n        <section\r\n                class=\"pdt-40 pdb-40 bg3\"\r\n            >\r\n            <div class=\"wrapper2 text_block\">\r\n                                                                                                                <div class=\"page_content reset_margins\">\r\n                                                                                        <h4>Objedn\u00e1vejte se na email:<\/h4>\n<p><a id=\"LPlnk691399\" title=\"mailto:lukas.dostalek@vfn.cz\" href=\"mailto:lukas.dostalek@vfn.cz\" data-linkindex=\"0\">lukas.dostalek@vfn.cz<\/a><\/p>\n                                    <\/div>\r\n            <\/div>\r\n        <\/section>\r\n    ","protected":false},"excerpt":{"rendered":"","protected":false},"author":6,"featured_media":0,"parent":8471,"menu_order":0,"comment_status":"closed","ping_status":"closed","template":"","meta":{"_acf_changed":false,"footnotes":""},"class_list":["post-12879","page","type-page","status-publish","hentry"],"acf":[],"yoast_head":"<!-- This site is optimized with the Yoast SEO plugin v25.5 - https:\/\/yoast.com\/wordpress\/plugins\/seo\/ -->\n<title>Centrum onkologick\u00e9 prevence (COP) - Porodnice U Apolin\u00e1\u0159e<\/title>\n<meta name=\"robots\" content=\"noindex, follow, max-snippet:-1, max-image-preview:large, max-video-preview:-1\" \/>\n<meta property=\"og:locale\" content=\"vi_VN\" \/>\n<meta property=\"og:type\" content=\"article\" \/>\n<meta property=\"og:title\" content=\"Centrum onkologick\u00e9 prevence (COP) - Porodnice U Apolin\u00e1\u0159e\" \/>\n<meta property=\"og:url\" content=\"https:\/\/apolinar.capta.cz\/vi\/gynekologie\/onkogynekologie-2\/centrum-onkologicke-prevence-cop\/\" \/>\n<meta property=\"og:site_name\" content=\"Porodnice U Apolin\u00e1\u0159e\" \/>\n<meta name=\"twitter:card\" content=\"summary_large_image\" \/>\n<script type=\"application\/ld+json\" class=\"yoast-schema-graph\">{\"@context\":\"https:\/\/schema.org\",\"@graph\":[{\"@type\":\"WebPage\",\"@id\":\"https:\/\/apolinar.capta.cz\/vi\/gynekologie\/onkogynekologie-2\/centrum-onkologicke-prevence-cop\/\",\"url\":\"https:\/\/apolinar.capta.cz\/vi\/gynekologie\/onkogynekologie-2\/centrum-onkologicke-prevence-cop\/\",\"name\":\"Centrum onkologick\u00e9 prevence (COP) - Porodnice U Apolin\u00e1\u0159e\",\"isPartOf\":{\"@id\":\"https:\/\/apolinar.capta.cz\/vi\/#website\"},\"datePublished\":\"2025-04-02T13:33:12+00:00\",\"breadcrumb\":{\"@id\":\"https:\/\/apolinar.capta.cz\/vi\/gynekologie\/onkogynekologie-2\/centrum-onkologicke-prevence-cop\/#breadcrumb\"},\"inLanguage\":\"vi-VN\",\"potentialAction\":[{\"@type\":\"ReadAction\",\"target\":[\"https:\/\/apolinar.capta.cz\/vi\/gynekologie\/onkogynekologie-2\/centrum-onkologicke-prevence-cop\/\"]}]},{\"@type\":\"BreadcrumbList\",\"@id\":\"https:\/\/apolinar.capta.cz\/vi\/gynekologie\/onkogynekologie-2\/centrum-onkologicke-prevence-cop\/#breadcrumb\",\"itemListElement\":[{\"@type\":\"ListItem\",\"position\":1,\"name\":\"Dom\u016f\",\"item\":\"https:\/\/apolinar.capta.cz\/vi\/\"},{\"@type\":\"ListItem\",\"position\":2,\"name\":\"Gynekologie\",\"item\":\"https:\/\/apolinar.capta.cz\/vi\/gynekologie\/\"},{\"@type\":\"ListItem\",\"position\":3,\"name\":\"Onkogynekologie\",\"item\":\"https:\/\/apolinar.capta.cz\/vi\/gynekologie\/onkogynekologie-2\/\"},{\"@type\":\"ListItem\",\"position\":4,\"name\":\"Centrum onkologick\u00e9 prevence (COP)\"}]},{\"@type\":\"WebSite\",\"@id\":\"https:\/\/apolinar.capta.cz\/vi\/#website\",\"url\":\"https:\/\/apolinar.capta.cz\/vi\/\",\"name\":\"Porodnice U Apolin\u00e1\u0159e\",\"description\":\"Klinika gynekologie, porodnictv\u00ed a neonatologie 1. LF UK a VFN v Praze\",\"potentialAction\":[{\"@type\":\"SearchAction\",\"target\":{\"@type\":\"EntryPoint\",\"urlTemplate\":\"https:\/\/apolinar.capta.cz\/vi\/?s={search_term_string}\"},\"query-input\":{\"@type\":\"PropertyValueSpecification\",\"valueRequired\":true,\"valueName\":\"search_term_string\"}}],\"inLanguage\":\"vi-VN\"}]}<\/script>\n<!-- \/ Yoast SEO plugin. -->","yoast_head_json":{"title":"Centrum onkologick\u00e9 prevence (COP) - Porodnice U Apolin\u00e1\u0159e","robots":{"index":"noindex","follow":"follow","max-snippet":"max-snippet:-1","max-image-preview":"max-image-preview:large","max-video-preview":"max-video-preview:-1"},"og_locale":"vi_VN","og_type":"article","og_title":"Centrum onkologick\u00e9 prevence (COP) - Porodnice U Apolin\u00e1\u0159e","og_url":"https:\/\/apolinar.capta.cz\/vi\/gynekologie\/onkogynekologie-2\/centrum-onkologicke-prevence-cop\/","og_site_name":"Porodnice U Apolin\u00e1\u0159e","twitter_card":"summary_large_image","schema":{"@context":"https:\/\/schema.org","@graph":[{"@type":"WebPage","@id":"https:\/\/apolinar.capta.cz\/vi\/gynekologie\/onkogynekologie-2\/centrum-onkologicke-prevence-cop\/","url":"https:\/\/apolinar.capta.cz\/vi\/gynekologie\/onkogynekologie-2\/centrum-onkologicke-prevence-cop\/","name":"Centrum onkologick\u00e9 prevence (COP) - Porodnice U Apolin\u00e1\u0159e","isPartOf":{"@id":"https:\/\/apolinar.capta.cz\/vi\/#website"},"datePublished":"2025-04-02T13:33:12+00:00","breadcrumb":{"@id":"https:\/\/apolinar.capta.cz\/vi\/gynekologie\/onkogynekologie-2\/centrum-onkologicke-prevence-cop\/#breadcrumb"},"inLanguage":"vi-VN","potentialAction":[{"@type":"ReadAction","target":["https:\/\/apolinar.capta.cz\/vi\/gynekologie\/onkogynekologie-2\/centrum-onkologicke-prevence-cop\/"]}]},{"@type":"BreadcrumbList","@id":"https:\/\/apolinar.capta.cz\/vi\/gynekologie\/onkogynekologie-2\/centrum-onkologicke-prevence-cop\/#breadcrumb","itemListElement":[{"@type":"ListItem","position":1,"name":"Dom\u016f","item":"https:\/\/apolinar.capta.cz\/vi\/"},{"@type":"ListItem","position":2,"name":"Gynekologie","item":"https:\/\/apolinar.capta.cz\/vi\/gynekologie\/"},{"@type":"ListItem","position":3,"name":"Onkogynekologie","item":"https:\/\/apolinar.capta.cz\/vi\/gynekologie\/onkogynekologie-2\/"},{"@type":"ListItem","position":4,"name":"Centrum onkologick\u00e9 prevence (COP)"}]},{"@type":"WebSite","@id":"https:\/\/apolinar.capta.cz\/vi\/#website","url":"https:\/\/apolinar.capta.cz\/vi\/","name":"Porodnice U Apolin\u00e1\u0159e","description":"Klinika gynekologie, porodnictv\u00ed a neonatologie 1. LF UK a VFN v Praze","potentialAction":[{"@type":"SearchAction","target":{"@type":"EntryPoint","urlTemplate":"https:\/\/apolinar.capta.cz\/vi\/?s={search_term_string}"},"query-input":{"@type":"PropertyValueSpecification","valueRequired":true,"valueName":"search_term_string"}}],"inLanguage":"vi-VN"}]}},"_links":{"self":[{"href":"https:\/\/apolinar.capta.cz\/vi\/wp-json\/wp\/v2\/pages\/12879","targetHints":{"allow":["GET"]}}],"collection":[{"href":"https:\/\/apolinar.capta.cz\/vi\/wp-json\/wp\/v2\/pages"}],"about":[{"href":"https:\/\/apolinar.capta.cz\/vi\/wp-json\/wp\/v2\/types\/page"}],"author":[{"embeddable":true,"href":"https:\/\/apolinar.capta.cz\/vi\/wp-json\/wp\/v2\/users\/6"}],"replies":[{"embeddable":true,"href":"https:\/\/apolinar.capta.cz\/vi\/wp-json\/wp\/v2\/comments?post=12879"}],"version-history":[{"count":0,"href":"https:\/\/apolinar.capta.cz\/vi\/wp-json\/wp\/v2\/pages\/12879\/revisions"}],"up":[{"embeddable":true,"href":"https:\/\/apolinar.capta.cz\/vi\/wp-json\/wp\/v2\/pages\/8471"}],"wp:attachment":[{"href":"https:\/\/apolinar.capta.cz\/vi\/wp-json\/wp\/v2\/media?parent=12879"}],"curies":[{"name":"wp","href":"https:\/\/api.w.org\/{rel}","templated":true}]}}