{"id":1356,"date":"2023-07-04T17:06:27","date_gmt":"2023-07-04T15:06:27","guid":{"rendered":"https:\/\/apolinar.eu\/?page_id=1356"},"modified":"2023-07-04T17:06:27","modified_gmt":"2023-07-04T15:06:27","slug":"rizikove-tehotenstvi","status":"publish","type":"page","link":"https:\/\/apolinar.capta.cz\/vi\/porodnice\/tehotenstvi\/chci-se-objednat-do-tehotenske-poradny\/rizikove-tehotenstvi\/","title":{"rendered":"Rizikov\u00e9 t\u011bhotenstv\u00ed"},"content":{"rendered":"                <!-- TEXT BLOCK -->\r\n        <section\r\n                class=\"pdt-80 pdb-40 \"\r\n            >\r\n            <div class=\"wrapper2 text_block\">\r\n                <h2 class=\"title_h2 text_center_mdm\">Je va\u0161e t\u011bhotenstv\u00ed rizikov\u00e9 \u010di se b\u011bhem n\u011bj objevily komplikace?<\/h2>                                                                                                <div class=\"page_content reset_margins\">\r\n                                                                                        <h4><span style=\"color: #f56497;\">Objednejte se do na\u0161\u00ed ambulance pro rizikov\u00e9 t\u011bhotenstv\u00ed na telefonn\u00edm \u010d\u00edsle +420\u00a0224 967 401.<\/span><\/h4>\n<h4>Na\u0161e porodn\u00ed asistentky jsou tu pro v\u00e1s a nasm\u011bruj\u00ed v\u00e1s k vhodn\u00e9mu specialistovi.<\/h4>\n                                    <\/div>\r\n            <\/div>\r\n        <\/section>\r\n    \n\n    <!-- BLOK I - Neonatologie -->\r\n    <section\r\n            class=\"pdt-40 pdb-40 \"\r\n        >\r\n        <div class=\"wrapper2\">\r\n            <div class=\"grid small-space\">\r\n                <!-- LEFT SIDE -->\r\n                <div class=\"text_block col_equal col1_lgm pdr-20 pd-0lg observe anim_drop1 anim_delay\">\r\n                    <h2 class=\"title_h3 \">T\u011bhotensk\u00e1 poradna pro \u017eeny s rizikov\u00fdm t\u011bhot\u011bnstv\u00edm<\/h2>                    <div class=\"tags responsive text_w500\">\r\n                        <div class=\"inner\">\r\n                                                                                                                                                <a href=\"tel:224967401\">+420\u00a0224 967 401<\/a>\r\n                                                                                                                    <span>1. patro vpravo <\/span>\r\n                                                    <\/div>\r\n                    <\/div>\r\n                    <div class=\"page_content reset_margins\">\r\n                                            <\/div>\r\n                                                        <\/div>\r\n                <!-- RIGHT SIDE -->\r\n                <div class=\"col_default w370_lg col1_lgm list_items mgt-40lg observe anim_drop1 anim_delay\">\r\n                    <div class=\"bg3 radius10 pd-30 pd-25md\">\r\n                        <h3 class=\"title_h5 color2 text_uc text_w500\">\r\n                            Ordina\u010dn\u00ed hodiny                        <\/h3>\r\n                                                                            <table class=\"table_hours text_s16 mgt-10\">\r\n                                                                    <tr>\r\n                                        <th scope=\"row\">Pond\u011bl\u00ed<\/th>\r\n                                                                                    <td>8:00 &#8211; 12:30<\/td>\r\n                                                                                    <td>13:00 &#8211; 14:00<\/td>\r\n                                                                            <\/tr>\r\n                                                                    <tr>\r\n                                        <th scope=\"row\">Uter\u00fd<\/th>\r\n                                                                                    <td>8:00 &#8211; 12:30<\/td>\r\n                                                                                    <td>13:00 &#8211; 14:00<\/td>\r\n                                                                            <\/tr>\r\n                                                                    <tr>\r\n                                        <th scope=\"row\">St\u0159eda<\/th>\r\n                                                                                    <td>8:00 &#8211; 12:30<\/td>\r\n                                                                                    <td>13:00 &#8211; 14:00<\/td>\r\n                                                                            <\/tr>\r\n                                                                    <tr>\r\n                                        <th scope=\"row\">\u010ctvrtek<\/th>\r\n                                                                                    <td>8:00 &#8211; 12:30<\/td>\r\n                                                                                    <td>13:00 &#8211; 14:00<\/td>\r\n                                                                            <\/tr>\r\n                                                                    <tr>\r\n                                        <th scope=\"row\">P\u00e1tek<\/th>\r\n                                                                                    <td>8:00 &#8211; 12:30<\/td>\r\n                                                                                    <td><\/td>\r\n                                                                            <\/tr>\r\n                                                            <\/table>\r\n                                            <\/div>\r\n                <\/div>\r\n            <\/div>\r\n        <\/div>\r\n    <\/section>\r\n\n\n    <!-- ACCORD -->\r\n    <section\r\n            class=\"pdt-20 pdb-80 \"\r\n        >\r\n        <div class=\"wrapper2 anim_delay anim_drop1 observe\">\r\n            <h2 class=\"title_h3 \">P\u00e9\u010de o t\u011bhotn\u00e9 s komplikacemi v t\u011bhotenstv\u00ed:<\/h2>                                        <div class=\"accord mgt-30\">\r\n                                            <!-- ITEM -->\r\n                        <div class=\"item_accord item\">\r\n                            <a href=\"#\" role=\"button\" class=\"item_accord_head head\">\r\n                                <h3 class=\"item_accord_title\">M\u00e1te cukrovku (diabetes mellitus)?<\/h3>\r\n                                <div class=\"item_accord_arrow\">\r\n                                    <svg class=\"sicofill\">\r\n                                        <use href=\"https:\/\/apolinar.capta.cz\/wp-content\/themes\/apolinar\/assets\/layout\/icons.svg#s_ar2_d\"\/>\r\n                                    <\/svg>\r\n                                <\/div>\r\n                            <\/a>\r\n                            <div class=\"expand\">\r\n                                <div class=\"item_accord_inner page_content reset_margins\">\r\n                                                                                                                                                        <p><strong>Ka\u017edou st\u0159edu<\/strong> m\u016f\u017eete nav\u0161t\u00edvit na\u0161i diabetologickou ambulanci. Zajist\u00edme v\u00e1m p\u00e9\u010di na\u0161ich diabetolo\u017eek, kter\u00e9 se na cukrovku v t\u011bhotenstv\u00ed specializuj\u00ed.<\/p>\n<h4><span style=\"color: #f56497;\">Objednejte se na telefonn\u00edm \u010d\u00edsle\u00a0<\/span><span style=\"color: #f56497;\">+420\u00a0224 967 401.<\/span><\/h4>\n                                                                    <\/div>\r\n                            <\/div>\r\n                        <\/div>\r\n                                            <!-- ITEM -->\r\n                        <div class=\"item_accord item\">\r\n                            <a href=\"#\" role=\"button\" class=\"item_accord_head head\">\r\n                                <h3 class=\"item_accord_title\">Trp\u00edte onemocn\u011bn\u00edm srdce? <\/h3>\r\n                                <div class=\"item_accord_arrow\">\r\n                                    <svg class=\"sicofill\">\r\n                                        <use href=\"https:\/\/apolinar.capta.cz\/wp-content\/themes\/apolinar\/assets\/layout\/icons.svg#s_ar2_d\"\/>\r\n                                    <\/svg>\r\n                                <\/div>\r\n                            <\/a>\r\n                            <div class=\"expand\">\r\n                                <div class=\"item_accord_inner page_content reset_margins\">\r\n                                                                                                                                                        <p>Nav\u0161tivte na\u0161i ambulanci, kter\u00e1 se zam\u011b\u0159uje na <strong>nemoci ob\u011bhov\u00e9 soustavy<\/strong>, jako jsou z\u00e1va\u017en\u00e9 formy chronick\u00e9 hypertenze, kardiomyopatie, chlopenn\u00ed vady, rizikov\u00e9 stavy po operac\u00edch srdce apod. Je otev\u0159ena <strong>ka\u017ed\u00e9 \u00fater\u00fd odpoledne<\/strong>. Na m\u00edst\u011b se v\u00e1m bude v\u011bnovat l\u00e9ka\u0159-porodn\u00edk a kardiolog.<\/p>\n<h4><span style=\"color: #f56497;\">Objednejte se na telefonn\u00edm \u010d\u00edsle\u00a0<\/span><span style=\"color: #f56497;\">+420\u00a0224 967 401.<\/span><\/h4>\n                                                                    <\/div>\r\n                            <\/div>\r\n                        <\/div>\r\n                                            <!-- ITEM -->\r\n                        <div class=\"item_accord item\">\r\n                            <a href=\"#\" role=\"button\" class=\"item_accord_head head\">\r\n                                <h3 class=\"item_accord_title\">M\u00e1te nespecifick\u00e9 st\u0159evn\u00ed z\u00e1n\u011bty?<\/h3>\r\n                                <div class=\"item_accord_arrow\">\r\n                                    <svg class=\"sicofill\">\r\n                                        <use href=\"https:\/\/apolinar.capta.cz\/wp-content\/themes\/apolinar\/assets\/layout\/icons.svg#s_ar2_d\"\/>\r\n                                    <\/svg>\r\n                                <\/div>\r\n                            <\/a>\r\n                            <div class=\"expand\">\r\n                                <div class=\"item_accord_inner page_content reset_margins\">\r\n                                                                                                                                                        <p><strong>Ka\u017ed\u00fd p\u00e1tek<\/strong> m\u016f\u017eete v na\u0161\u00ed ambulanci pro rizikov\u00e1 t\u011bhotenstv\u00ed nav\u0161t\u00edvit poradnu pro t\u011bhotn\u00e9 \u017eeny s nespecifick\u00fdmi st\u0159evn\u00edmi z\u00e1n\u011bty, jako jsou Crohnova choroba, ulcer\u00f3zn\u00ed kolitida apod.<\/p>\n<h4><span style=\"color: #f56497;\">Objednejte se na telefonn\u00edm \u010d\u00edsle\u00a0<\/span><span style=\"color: #f56497;\">+420\u00a0224 967 401.<\/span><\/h4>\n                                                                    <\/div>\r\n                            <\/div>\r\n                        <\/div>\r\n                                            <!-- ITEM -->\r\n                        <div class=\"item_accord item\">\r\n                            <a href=\"#\" role=\"button\" class=\"item_accord_head head\">\r\n                                <h3 class=\"item_accord_title\">P\u0159ich\u00e1z\u00edte k n\u00e1m se z\u00e1va\u017en\u00fdmi, d\u0159\u00edve prod\u011blan\u00fdmi t\u011bhotensk\u00fdmi komplikacemi? <\/h3>\r\n                                <div class=\"item_accord_arrow\">\r\n                                    <svg class=\"sicofill\">\r\n                                        <use href=\"https:\/\/apolinar.capta.cz\/wp-content\/themes\/apolinar\/assets\/layout\/icons.svg#s_ar2_d\"\/>\r\n                                    <\/svg>\r\n                                <\/div>\r\n                            <\/a>\r\n                            <div class=\"expand\">\r\n                                <div class=\"item_accord_inner page_content reset_margins\">\r\n                                                                                                                                                        <p><strong>Ka\u017ed\u00e9 \u00fater\u00fd a \u010dtvrtek<\/strong> m\u016f\u017eete nav\u0161t\u00edvit ambulanci pro rizikov\u00e1 t\u011bhotenstv\u00ed. Specializuj\u00ed se zde na<strong> z\u00e1va\u017en\u00e9 anamnestick\u00e9 komplikace v t\u011bhotenstv<\/strong>\u00ed, jako jsou opakovan\u00e9 potraty, p\u0159ed\u010dasn\u00fd porod, \u00famrt\u00ed plodu, abrupce (odlou\u010den\u00ed) placenty, preeklampsie, r\u016fstov\u00e9 restrikce nebo komplikace p\u0159i v\u00edce\u010detn\u00fdch t\u011bhotenstv\u00edch a dal\u0161\u00ed.<\/p>\n<p>V p\u0159\u00edpad\u011b potvrzen\u00ed rizika v\u00e1m doporu\u010dujeme napl\u00e1novat si porod v na\u0161\u00ed porodnici. Specializujeme se na komplikace v t\u011bhotenstv\u00ed dlouhodob\u011b a ka\u017ed\u00e9 \u017een\u011b zajist\u00edme individu\u00e1ln\u00ed p\u00e9\u010di.<\/p>\n<p>Pokud pl\u00e1nujete porod v jin\u00e9 porodnici a zaj\u00edm\u00e1 v\u00e1s pouze individu\u00e1ln\u00ed konzultace na vy\u017e\u00e1d\u00e1n\u00ed v na\u0161\u00ed poradn\u011b pro rizikov\u00e1 t\u011bhotenstv\u00ed, konzultaci nen\u00ed mo\u017en\u00e9 vyk\u00e1zat v r\u00e1mci ve\u0159ejn\u00e9ho poji\u0161t\u011bn\u00ed, ale pouze jako p\u0159\u00edmo hrazenou platbu (odkaz na vy\u0161et\u0159en\u00ed v t\u011bhotenstv\u00ed na vy\u017e\u00e1d\u00e1n\u00ed). Do specializovan\u00e9 ambulance je v\u017edy pot\u0159eba m\u00edt doporu\u010den\u00ed odborn\u00edka, kter\u00e9 m\u016f\u017ee b\u00fdt t\u00e9\u017e dojedn\u00e1no po individu\u00e1ln\u00ed domluv\u011b s l\u00e9ka\u0159em na\u0161eho pracovi\u0161t\u011b.<\/p>\n<h4><span style=\"color: #f56497;\">Objednejte se na telefonn\u00edm \u010d\u00edsle\u00a0<\/span><span style=\"color: #f56497;\">+420\u00a0224 967 401.<\/span><\/h4>\n                                                                    <\/div>\r\n                            <\/div>\r\n                        <\/div>\r\n                                            <!-- ITEM -->\r\n                        <div class=\"item_accord item\">\r\n                            <a href=\"#\" role=\"button\" class=\"item_accord_head head\">\r\n                                <h3 class=\"item_accord_title\">M\u00e1te jin\u00e9 v\u00e1\u017en\u00e9 zdravotn\u00ed komplikace v t\u011bhotenstv\u00ed? <\/h3>\r\n                                <div class=\"item_accord_arrow\">\r\n                                    <svg class=\"sicofill\">\r\n                                        <use href=\"https:\/\/apolinar.capta.cz\/wp-content\/themes\/apolinar\/assets\/layout\/icons.svg#s_ar2_d\"\/>\r\n                                    <\/svg>\r\n                                <\/div>\r\n                            <\/a>\r\n                            <div class=\"expand\">\r\n                                <div class=\"item_accord_inner page_content reset_margins\">\r\n                                                                                                                                                        <p>Ambulance pro rizikov\u00e1 t\u011bhotenstv\u00ed je v\u00e1m k dispozici <strong>ka\u017ed\u00e9 pond\u011bl\u00ed, \u00fater\u00fd a \u010dtvrtek<\/strong>. Dok\u00e1\u017eeme vyhodnotit velkou \u0161\u00ed\u0159i r\u016fzn\u00fdch zdravotn\u00edch stav\u016f a onemocn\u011bn\u00ed b\u011bhem t\u011bhotenstv\u00ed, p\u0159edev\u0161\u00edm v r\u00e1mci intern\u00edch specializac\u00ed. Na\u0161e klinika je sou\u010d\u00e1st\u00ed V\u0161eobecn\u00e9 fakultn\u00ed nemocnice 1. LF UK a VFN v Praze. N\u00e1\u0161 multidisciplin\u00e1rn\u00ed t\u00fdm odborn\u00edk\u016f se dok\u00e1\u017ee postarat o t\u011bhotn\u00e9 \u017eeny s komplikacemi t\u00fdkaj\u00edc\u00edmi se jak\u00e9koliv oblasti medic\u00edny.<\/p>\n<h4><span style=\"color: #f56497;\">Objednejte se na telefonn\u00edm \u010d\u00edsle\u00a0+420\u00a0224 967 401.<\/span><\/h4>\n                                                                    <\/div>\r\n                            <\/div>\r\n                        <\/div>\r\n                                    <\/div>\r\n                    <\/div>\r\n    <\/section>\r\n\n\n    <!-- BLOK K -->\r\n    <section\r\n            class=\"pdt-20 pdb-80 bg3\"\r\n        >\r\n        <div class=\"wrapper2\">\r\n                                                                                            <div class=\"grid small-space\">\r\n                                                                                <!-- ITEM 1 -->\r\n                            <div class=\"col2 col1_mdm bg3 radius10 pd-35 pd-25md observe anim_drop1 anim_delay dflex flex-dir-column offset_dist\">\r\n                                <div class=\"text_block w100p mgb-auto\">\r\n                                    <h3 class=\"title_h3\">Formul\u00e1\u0159 na zapisov\u00e1n\u00ed j\u00eddeln\u00ed\u010dku \u017een s GDM<\/h3>\r\n                                                                                                        <\/div>\r\n                                <div class=\"pdt-20 w100p\">\r\n                                    <div class=\"grid small-space\">\r\n                                        <div class=\"col_default offset_half\">\r\n                                            <a href=\"#\"\r\n                                               title=\"Formul\u00e1\u0159 na zapisov\u00e1n\u00ed j\u00eddeln\u00ed\u010dku \u017een s GDM\"\r\n                                               target=\"_blank\"\r\n                                               class=\"btn_basic\">\r\n                                                Zobrazit                                            <\/a>\r\n                                        <\/div>\r\n                                        <div class=\"col_default offset_half\">\r\n                                            <a href=\"#\"\r\n                                               title=\"Formul\u00e1\u0159 na zapisov\u00e1n\u00ed j\u00eddeln\u00ed\u010dku \u017een s GDM\"\r\n                                               download\r\n                                               class=\"btn_basic border\">\r\n                                                St\u00e1hnout                                            <\/a>\r\n                                        <\/div>\r\n                                    <\/div>\r\n                                <\/div>\r\n                            <\/div>\r\n                                                                                <!-- ITEM 1 -->\r\n                            <div class=\"col2 col1_mdm bg3 radius10 pd-35 pd-25md observe anim_drop1 anim_delay dflex flex-dir-column offset_dist\">\r\n                                <div class=\"text_block w100p mgb-auto\">\r\n                                    <h3 class=\"title_h3\">Formul\u00e1\u0159 na m\u011b\u0159en\u00ed krevn\u00edho tlaku<\/h3>\r\n                                                                                                        <\/div>\r\n                                <div class=\"pdt-20 w100p\">\r\n                                    <div class=\"grid small-space\">\r\n                                        <div class=\"col_default offset_half\">\r\n                                            <a href=\"#\"\r\n                                               title=\"Formul\u00e1\u0159 na m\u011b\u0159en\u00ed krevn\u00edho tlaku\"\r\n                                               target=\"_blank\"\r\n                                               class=\"btn_basic\">\r\n                                                Zobrazit                                            <\/a>\r\n                                        <\/div>\r\n                                        <div class=\"col_default offset_half\">\r\n                                            <a href=\"#\"\r\n                                               title=\"Formul\u00e1\u0159 na m\u011b\u0159en\u00ed krevn\u00edho tlaku\"\r\n                                               download\r\n                                               class=\"btn_basic border\">\r\n                                                St\u00e1hnout                                            <\/a>\r\n                                        <\/div>\r\n                                    <\/div>\r\n                                <\/div>\r\n                            <\/div>\r\n                                            <\/div>\r\n                                    <\/div>\r\n    <\/section>\r\n","protected":false},"excerpt":{"rendered":"","protected":false},"author":3,"featured_media":0,"parent":886,"menu_order":0,"comment_status":"closed","ping_status":"closed","template":"","meta":{"_acf_changed":false,"footnotes":""},"class_list":["post-1356","page","type-page","status-publish","hentry"],"acf":[],"yoast_head":"<!-- This site is optimized with the Yoast SEO plugin v25.5 - https:\/\/yoast.com\/wordpress\/plugins\/seo\/ -->\n<title>Rizikov\u00e9 t\u011bhotenstv\u00ed - Porodnice U Apolin\u00e1\u0159e<\/title>\n<meta name=\"robots\" content=\"noindex, follow, max-snippet:-1, max-image-preview:large, max-video-preview:-1\" \/>\n<meta property=\"og:locale\" content=\"vi_VN\" \/>\n<meta property=\"og:type\" content=\"article\" \/>\n<meta property=\"og:title\" content=\"Rizikov\u00e9 t\u011bhotenstv\u00ed - Porodnice U Apolin\u00e1\u0159e\" \/>\n<meta property=\"og:url\" content=\"https:\/\/apolinar.capta.cz\/vi\/porodnice\/tehotenstvi\/chci-se-objednat-do-tehotenske-poradny\/rizikove-tehotenstvi\/\" \/>\n<meta property=\"og:site_name\" content=\"Porodnice U Apolin\u00e1\u0159e\" \/>\n<meta name=\"twitter:card\" content=\"summary_large_image\" \/>\n<script type=\"application\/ld+json\" class=\"yoast-schema-graph\">{\"@context\":\"https:\/\/schema.org\",\"@graph\":[{\"@type\":\"WebPage\",\"@id\":\"https:\/\/apolinar.capta.cz\/vi\/porodnice\/tehotenstvi\/chci-se-objednat-do-tehotenske-poradny\/rizikove-tehotenstvi\/\",\"url\":\"https:\/\/apolinar.capta.cz\/vi\/porodnice\/tehotenstvi\/chci-se-objednat-do-tehotenske-poradny\/rizikove-tehotenstvi\/\",\"name\":\"Rizikov\u00e9 t\u011bhotenstv\u00ed - Porodnice U Apolin\u00e1\u0159e\",\"isPartOf\":{\"@id\":\"https:\/\/apolinar.capta.cz\/vi\/#website\"},\"datePublished\":\"2023-07-04T15:06:27+00:00\",\"breadcrumb\":{\"@id\":\"https:\/\/apolinar.capta.cz\/vi\/porodnice\/tehotenstvi\/chci-se-objednat-do-tehotenske-poradny\/rizikove-tehotenstvi\/#breadcrumb\"},\"inLanguage\":\"vi-VN\",\"potentialAction\":[{\"@type\":\"ReadAction\",\"target\":[\"https:\/\/apolinar.capta.cz\/vi\/porodnice\/tehotenstvi\/chci-se-objednat-do-tehotenske-poradny\/rizikove-tehotenstvi\/\"]}]},{\"@type\":\"BreadcrumbList\",\"@id\":\"https:\/\/apolinar.capta.cz\/vi\/porodnice\/tehotenstvi\/chci-se-objednat-do-tehotenske-poradny\/rizikove-tehotenstvi\/#breadcrumb\",\"itemListElement\":[{\"@type\":\"ListItem\",\"position\":1,\"name\":\"Dom\u016f\",\"item\":\"https:\/\/apolinar.capta.cz\/vi\/\"},{\"@type\":\"ListItem\",\"position\":2,\"name\":\"Chci se objednat do t\u011bhotensk\u00e9 poradny\",\"item\":\"https:\/\/apolinar.capta.cz\/vi\/porodnice\/tehotenstvi\/chci-se-objednat-do-tehotenske-poradny\/\"},{\"@type\":\"ListItem\",\"position\":3,\"name\":\"Rizikov\u00e9 t\u011bhotenstv\u00ed\"}]},{\"@type\":\"WebSite\",\"@id\":\"https:\/\/apolinar.capta.cz\/vi\/#website\",\"url\":\"https:\/\/apolinar.capta.cz\/vi\/\",\"name\":\"Porodnice U Apolin\u00e1\u0159e\",\"description\":\"Klinika gynekologie, porodnictv\u00ed a neonatologie 1. LF UK a VFN v Praze\",\"potentialAction\":[{\"@type\":\"SearchAction\",\"target\":{\"@type\":\"EntryPoint\",\"urlTemplate\":\"https:\/\/apolinar.capta.cz\/vi\/?s={search_term_string}\"},\"query-input\":{\"@type\":\"PropertyValueSpecification\",\"valueRequired\":true,\"valueName\":\"search_term_string\"}}],\"inLanguage\":\"vi-VN\"}]}<\/script>\n<!-- \/ Yoast SEO plugin. -->","yoast_head_json":{"title":"Rizikov\u00e9 t\u011bhotenstv\u00ed - Porodnice U Apolin\u00e1\u0159e","robots":{"index":"noindex","follow":"follow","max-snippet":"max-snippet:-1","max-image-preview":"max-image-preview:large","max-video-preview":"max-video-preview:-1"},"og_locale":"vi_VN","og_type":"article","og_title":"Rizikov\u00e9 t\u011bhotenstv\u00ed - Porodnice U Apolin\u00e1\u0159e","og_url":"https:\/\/apolinar.capta.cz\/vi\/porodnice\/tehotenstvi\/chci-se-objednat-do-tehotenske-poradny\/rizikove-tehotenstvi\/","og_site_name":"Porodnice U Apolin\u00e1\u0159e","twitter_card":"summary_large_image","schema":{"@context":"https:\/\/schema.org","@graph":[{"@type":"WebPage","@id":"https:\/\/apolinar.capta.cz\/vi\/porodnice\/tehotenstvi\/chci-se-objednat-do-tehotenske-poradny\/rizikove-tehotenstvi\/","url":"https:\/\/apolinar.capta.cz\/vi\/porodnice\/tehotenstvi\/chci-se-objednat-do-tehotenske-poradny\/rizikove-tehotenstvi\/","name":"Rizikov\u00e9 t\u011bhotenstv\u00ed - Porodnice U Apolin\u00e1\u0159e","isPartOf":{"@id":"https:\/\/apolinar.capta.cz\/vi\/#website"},"datePublished":"2023-07-04T15:06:27+00:00","breadcrumb":{"@id":"https:\/\/apolinar.capta.cz\/vi\/porodnice\/tehotenstvi\/chci-se-objednat-do-tehotenske-poradny\/rizikove-tehotenstvi\/#breadcrumb"},"inLanguage":"vi-VN","potentialAction":[{"@type":"ReadAction","target":["https:\/\/apolinar.capta.cz\/vi\/porodnice\/tehotenstvi\/chci-se-objednat-do-tehotenske-poradny\/rizikove-tehotenstvi\/"]}]},{"@type":"BreadcrumbList","@id":"https:\/\/apolinar.capta.cz\/vi\/porodnice\/tehotenstvi\/chci-se-objednat-do-tehotenske-poradny\/rizikove-tehotenstvi\/#breadcrumb","itemListElement":[{"@type":"ListItem","position":1,"name":"Dom\u016f","item":"https:\/\/apolinar.capta.cz\/vi\/"},{"@type":"ListItem","position":2,"name":"Chci se objednat do t\u011bhotensk\u00e9 poradny","item":"https:\/\/apolinar.capta.cz\/vi\/porodnice\/tehotenstvi\/chci-se-objednat-do-tehotenske-poradny\/"},{"@type":"ListItem","position":3,"name":"Rizikov\u00e9 t\u011bhotenstv\u00ed"}]},{"@type":"WebSite","@id":"https:\/\/apolinar.capta.cz\/vi\/#website","url":"https:\/\/apolinar.capta.cz\/vi\/","name":"Porodnice U Apolin\u00e1\u0159e","description":"Klinika gynekologie, porodnictv\u00ed a neonatologie 1. LF UK a VFN v Praze","potentialAction":[{"@type":"SearchAction","target":{"@type":"EntryPoint","urlTemplate":"https:\/\/apolinar.capta.cz\/vi\/?s={search_term_string}"},"query-input":{"@type":"PropertyValueSpecification","valueRequired":true,"valueName":"search_term_string"}}],"inLanguage":"vi-VN"}]}},"_links":{"self":[{"href":"https:\/\/apolinar.capta.cz\/vi\/wp-json\/wp\/v2\/pages\/1356","targetHints":{"allow":["GET"]}}],"collection":[{"href":"https:\/\/apolinar.capta.cz\/vi\/wp-json\/wp\/v2\/pages"}],"about":[{"href":"https:\/\/apolinar.capta.cz\/vi\/wp-json\/wp\/v2\/types\/page"}],"author":[{"embeddable":true,"href":"https:\/\/apolinar.capta.cz\/vi\/wp-json\/wp\/v2\/users\/3"}],"replies":[{"embeddable":true,"href":"https:\/\/apolinar.capta.cz\/vi\/wp-json\/wp\/v2\/comments?post=1356"}],"version-history":[{"count":0,"href":"https:\/\/apolinar.capta.cz\/vi\/wp-json\/wp\/v2\/pages\/1356\/revisions"}],"up":[{"embeddable":true,"href":"https:\/\/apolinar.capta.cz\/vi\/wp-json\/wp\/v2\/pages\/886"}],"wp:attachment":[{"href":"https:\/\/apolinar.capta.cz\/vi\/wp-json\/wp\/v2\/media?parent=1356"}],"curies":[{"name":"wp","href":"https:\/\/api.w.org\/{rel}","templated":true}]}}