{"id":1431,"date":"2023-07-09T14:51:06","date_gmt":"2023-07-09T12:51:06","guid":{"rendered":"https:\/\/apolinar.eu\/?page_id=1431"},"modified":"2023-07-09T14:51:06","modified_gmt":"2023-07-09T12:51:06","slug":"samoplatci","status":"publish","type":"page","link":"https:\/\/apolinar.capta.cz\/vi\/samoplatci\/","title":{"rendered":"Samopl\u00e1tci"},"content":{"rendered":"                <div class=\"wrapper2 pdt-40 pdb-20 \"\r\n            >\r\n            <div class=\"text_block\">\r\n                <h2 class=\"title_h2 \">Samopl\u00e1tci<\/h2>                <div class=\"page_content reset_margins\">\r\n                                                                                        <p>Pacienti bez platn\u00e9ho poji\u0161t\u011bn\u00ed jsou povinni uhradit z\u00e1lohu na zdravotn\u00ed p\u00e9\u010di ve v\u00fd\u0161i 100 % p\u0159edpokl\u00e1dan\u00fdch n\u00e1klad\u016f, a to v\u017edy p\u0159ed proveden\u00edm zdravotn\u00edho v\u00fdkonu. Kalkulaci p\u0159edpokl\u00e1dan\u00fdch n\u00e1klad\u016f V\u00e1m dle stanoven\u00e9 diagn\u00f3zy a n\u00e1vrhu l\u00e9\u010debn\u00e9ho postupu vypo\u010d\u00edt\u00e1 referentka cizineck\u00e9ho odd\u011blen\u00ed.<\/p>\n                                    <\/div>\r\n            <\/div>\r\n                                <\/div>\r\n    \n\n                <!-- TEXT BLOCK -->\r\n        <section\r\n                class=\"pdt-40 pdb-40 bg3\"\r\n            >\r\n            <div class=\"wrapper2 text_block\">\r\n                                                                                                                <div class=\"page_content reset_margins\">\r\n                                                                                        <p>Pacienti s komer\u010dn\u00edm poji\u0161t\u011bn\u00edm (PVZP a.s.) jsou p\u0159i pl\u00e1novan\u00e9 zdravotn\u00ed p\u00e9\u010di (pl\u00e1novan\u00e9 vy\u0161et\u0159en\u00ed, pl\u00e1novan\u00fd opera\u010dn\u00ed z\u00e1krok) povinni nahl\u00e1sit poji\u0161\u0165ovn\u011b sv\u00e9 zdravotn\u00ed pot\u00ed\u017ee a vy\u017e\u00e1dat si garanci \u00fahrady za zdravotn\u00ed p\u00e9\u010di. Garanci je nutn\u00e9 p\u0159edlo\u017eit person\u00e1lu zdravotnick\u00e9ho za\u0159\u00edzen\u00ed.<\/p>\n                                    <\/div>\r\n            <\/div>\r\n        <\/section>\r\n    \n\n                <div class=\"pdt-40 pdb-80 \"\r\n            >\r\n            <div class=\"box wrapper2 pd-20 pdb-40 pdl-50 pdr-50 pd-25md pdt-15md pdb-35md\">\r\n                <div class=\"grid mid-space\">\r\n                                            <!-- ITEM -->\r\n                        <div class=\"col2 col1_mdm item_icon mgt-20\">\r\n                            <svg class=\"sico color2\">\r\n                                <use href=\"https:\/\/apolinar.capta.cz\/wp-content\/themes\/apolinar\/assets\/layout\/icons.svg#s_d4\"\/>\r\n                            <\/svg>\r\n                            <div class=\"item_icon_desc\">\r\n                                <div class=\"color2 dblock\"><strong>Cizineck\u00e9 odd\u011blen\u00ed kliniky<\/strong><\/div>\r\n                                                                <div class=\"no_margins\"><p><strong>tel. 224 967 474<\/strong><\/p>\n<p><strong>e-mail: <a href=\"mailto:apolinar-pojisteni@vfn.cz\" target=\"_blank\" rel=\"noopener\">apolinar-pojisteni@vfn.cz<\/a><\/strong><\/p>\n<\/div>\r\n                            <\/div>\r\n                        <\/div>\r\n                                    <\/div>\r\n            <\/div>\r\n        <\/div>\r\n    \n\n    <!-- BLOK K -->\r\n    <section\r\n            class=\"pdt-20 pdb-80 bg3\"\r\n        >\r\n        <div class=\"wrapper2\">\r\n                                                                                            <div class=\"grid small-space\">\r\n                                                                                <!-- ITEM 1 -->\r\n                            <div class=\"col2 col1_mdm bg3 radius10 pd-35 pd-25md observe anim_drop1 anim_delay dflex flex-dir-column offset_dist\">\r\n                                <div class=\"text_block w100p mgb-auto\">\r\n                                    <h3 class=\"title_h3\">Informace pro rodi\u010de<\/h3>\r\n                                                                                                                <div class=\"page_content reset_margins\">\r\n                                            <p>Zdravotn\u00ed poji\u0161t\u011bn\u00ed d\u00edt\u011bte<\/p>\r\n                                        <\/div>\r\n                                                                    <\/div>\r\n                                <div class=\"pdt-20 w100p\">\r\n                                    <div class=\"grid small-space\">\r\n                                        <div class=\"col_default offset_half\">\r\n                                            <a href=\"#\"\r\n                                               title=\"Informace pro rodi\u010de\"\r\n                                               target=\"_blank\"\r\n                                               class=\"btn_basic\">\r\n                                                Zobrazit                                            <\/a>\r\n                                        <\/div>\r\n                                        <div class=\"col_default offset_half\">\r\n                                            <a href=\"#\"\r\n                                               title=\"Informace pro rodi\u010de\"\r\n                                               download\r\n                                               class=\"btn_basic border\">\r\n                                                St\u00e1hnout                                            <\/a>\r\n                                        <\/div>\r\n                                    <\/div>\r\n                                <\/div>\r\n                            <\/div>\r\n                                                                                <!-- ITEM 1 -->\r\n                            <div class=\"col2 col1_mdm bg3 radius10 pd-35 pd-25md observe anim_drop1 anim_delay dflex flex-dir-column offset_dist\">\r\n                                <div class=\"text_block w100p mgb-auto\">\r\n                                    <h3 class=\"title_h3\">Informace pro rodi\u010de<\/h3>\r\n                                                                                                                <div class=\"page_content reset_margins\">\r\n                                            <p>Zdravotn\u00ed poji\u0161t\u011bn\u00ed d\u00edt\u011bte 2<\/p>\r\n                                        <\/div>\r\n                                                                    <\/div>\r\n                                <div class=\"pdt-20 w100p\">\r\n                                    <div class=\"grid small-space\">\r\n                                        <div class=\"col_default offset_half\">\r\n                                            <a href=\"#\"\r\n                                               title=\"Informace pro rodi\u010de\"\r\n                                               target=\"_blank\"\r\n                                               class=\"btn_basic\">\r\n                                                Zobrazit                                            <\/a>\r\n                                        <\/div>\r\n                                        <div class=\"col_default offset_half\">\r\n                                            <a href=\"#\"\r\n                                               title=\"Informace pro rodi\u010de\"\r\n                                               download\r\n                                               class=\"btn_basic border\">\r\n                                                St\u00e1hnout                                            <\/a>\r\n                                        <\/div>\r\n                                    <\/div>\r\n                                <\/div>\r\n                            <\/div>\r\n                                            <\/div>\r\n                                    <\/div>\r\n    <\/section>\r\n","protected":false},"excerpt":{"rendered":"","protected":false},"author":3,"featured_media":0,"parent":0,"menu_order":0,"comment_status":"closed","ping_status":"closed","template":"","meta":{"_acf_changed":false,"footnotes":""},"class_list":["post-1431","page","type-page","status-publish","hentry"],"acf":[],"yoast_head":"<!-- This site is optimized with the Yoast SEO plugin v25.5 - https:\/\/yoast.com\/wordpress\/plugins\/seo\/ -->\n<title>Samopl\u00e1tci - Porodnice U Apolin\u00e1\u0159e<\/title>\n<meta name=\"robots\" content=\"noindex, follow, max-snippet:-1, max-image-preview:large, max-video-preview:-1\" \/>\n<meta property=\"og:locale\" content=\"vi_VN\" \/>\n<meta property=\"og:type\" content=\"article\" \/>\n<meta property=\"og:title\" content=\"Samopl\u00e1tci - Porodnice U Apolin\u00e1\u0159e\" \/>\n<meta property=\"og:url\" content=\"https:\/\/apolinar.capta.cz\/vi\/samoplatci\/\" \/>\n<meta property=\"og:site_name\" content=\"Porodnice U Apolin\u00e1\u0159e\" \/>\n<meta name=\"twitter:card\" content=\"summary_large_image\" \/>\n<script type=\"application\/ld+json\" class=\"yoast-schema-graph\">{\"@context\":\"https:\/\/schema.org\",\"@graph\":[{\"@type\":\"WebPage\",\"@id\":\"https:\/\/apolinar.capta.cz\/vi\/samoplatci\/\",\"url\":\"https:\/\/apolinar.capta.cz\/vi\/samoplatci\/\",\"name\":\"Samopl\u00e1tci - Porodnice U Apolin\u00e1\u0159e\",\"isPartOf\":{\"@id\":\"https:\/\/apolinar.capta.cz\/vi\/#website\"},\"datePublished\":\"2023-07-09T12:51:06+00:00\",\"breadcrumb\":{\"@id\":\"https:\/\/apolinar.capta.cz\/vi\/samoplatci\/#breadcrumb\"},\"inLanguage\":\"vi-VN\",\"potentialAction\":[{\"@type\":\"ReadAction\",\"target\":[\"https:\/\/apolinar.capta.cz\/vi\/samoplatci\/\"]}]},{\"@type\":\"BreadcrumbList\",\"@id\":\"https:\/\/apolinar.capta.cz\/vi\/samoplatci\/#breadcrumb\",\"itemListElement\":[{\"@type\":\"ListItem\",\"position\":1,\"name\":\"Dom\u016f\",\"item\":\"https:\/\/apolinar.capta.cz\/vi\/\"},{\"@type\":\"ListItem\",\"position\":2,\"name\":\"Samopl\u00e1tci\"}]},{\"@type\":\"WebSite\",\"@id\":\"https:\/\/apolinar.capta.cz\/vi\/#website\",\"url\":\"https:\/\/apolinar.capta.cz\/vi\/\",\"name\":\"Porodnice U Apolin\u00e1\u0159e\",\"description\":\"Klinika gynekologie, porodnictv\u00ed a neonatologie 1. LF UK a VFN v Praze\",\"potentialAction\":[{\"@type\":\"SearchAction\",\"target\":{\"@type\":\"EntryPoint\",\"urlTemplate\":\"https:\/\/apolinar.capta.cz\/vi\/?s={search_term_string}\"},\"query-input\":{\"@type\":\"PropertyValueSpecification\",\"valueRequired\":true,\"valueName\":\"search_term_string\"}}],\"inLanguage\":\"vi-VN\"}]}<\/script>\n<!-- \/ Yoast SEO plugin. -->","yoast_head_json":{"title":"Samopl\u00e1tci - Porodnice U Apolin\u00e1\u0159e","robots":{"index":"noindex","follow":"follow","max-snippet":"max-snippet:-1","max-image-preview":"max-image-preview:large","max-video-preview":"max-video-preview:-1"},"og_locale":"vi_VN","og_type":"article","og_title":"Samopl\u00e1tci - Porodnice U Apolin\u00e1\u0159e","og_url":"https:\/\/apolinar.capta.cz\/vi\/samoplatci\/","og_site_name":"Porodnice U Apolin\u00e1\u0159e","twitter_card":"summary_large_image","schema":{"@context":"https:\/\/schema.org","@graph":[{"@type":"WebPage","@id":"https:\/\/apolinar.capta.cz\/vi\/samoplatci\/","url":"https:\/\/apolinar.capta.cz\/vi\/samoplatci\/","name":"Samopl\u00e1tci - Porodnice U Apolin\u00e1\u0159e","isPartOf":{"@id":"https:\/\/apolinar.capta.cz\/vi\/#website"},"datePublished":"2023-07-09T12:51:06+00:00","breadcrumb":{"@id":"https:\/\/apolinar.capta.cz\/vi\/samoplatci\/#breadcrumb"},"inLanguage":"vi-VN","potentialAction":[{"@type":"ReadAction","target":["https:\/\/apolinar.capta.cz\/vi\/samoplatci\/"]}]},{"@type":"BreadcrumbList","@id":"https:\/\/apolinar.capta.cz\/vi\/samoplatci\/#breadcrumb","itemListElement":[{"@type":"ListItem","position":1,"name":"Dom\u016f","item":"https:\/\/apolinar.capta.cz\/vi\/"},{"@type":"ListItem","position":2,"name":"Samopl\u00e1tci"}]},{"@type":"WebSite","@id":"https:\/\/apolinar.capta.cz\/vi\/#website","url":"https:\/\/apolinar.capta.cz\/vi\/","name":"Porodnice U Apolin\u00e1\u0159e","description":"Klinika gynekologie, porodnictv\u00ed a neonatologie 1. LF UK a VFN v Praze","potentialAction":[{"@type":"SearchAction","target":{"@type":"EntryPoint","urlTemplate":"https:\/\/apolinar.capta.cz\/vi\/?s={search_term_string}"},"query-input":{"@type":"PropertyValueSpecification","valueRequired":true,"valueName":"search_term_string"}}],"inLanguage":"vi-VN"}]}},"_links":{"self":[{"href":"https:\/\/apolinar.capta.cz\/vi\/wp-json\/wp\/v2\/pages\/1431","targetHints":{"allow":["GET"]}}],"collection":[{"href":"https:\/\/apolinar.capta.cz\/vi\/wp-json\/wp\/v2\/pages"}],"about":[{"href":"https:\/\/apolinar.capta.cz\/vi\/wp-json\/wp\/v2\/types\/page"}],"author":[{"embeddable":true,"href":"https:\/\/apolinar.capta.cz\/vi\/wp-json\/wp\/v2\/users\/3"}],"replies":[{"embeddable":true,"href":"https:\/\/apolinar.capta.cz\/vi\/wp-json\/wp\/v2\/comments?post=1431"}],"version-history":[{"count":0,"href":"https:\/\/apolinar.capta.cz\/vi\/wp-json\/wp\/v2\/pages\/1431\/revisions"}],"wp:attachment":[{"href":"https:\/\/apolinar.capta.cz\/vi\/wp-json\/wp\/v2\/media?parent=1431"}],"curies":[{"name":"wp","href":"https:\/\/api.w.org\/{rel}","templated":true}]}}