{"id":1511,"date":"2023-07-09T16:17:12","date_gmt":"2023-07-09T14:17:12","guid":{"rendered":"https:\/\/apolinar.eu\/?page_id=1511"},"modified":"2023-07-09T16:17:12","modified_gmt":"2023-07-09T14:17:12","slug":"oddeleni-minimalne-invazivni-a-reprodukcni-chirurgie","status":"publish","type":"page","link":"https:\/\/apolinar.capta.cz\/vi\/oddeleni-minimalne-invazivni-a-reprodukcni-chirurgie\/","title":{"rendered":"Odd\u011blen\u00ed minim\u00e1ln\u011b invazivn\u00ed a reproduk\u010dn\u00ed chirurgie"},"content":{"rendered":"                <div class=\"wrapper2 pdt-80 pdb-80 \"\r\n            >\r\n            <div class=\"text_block\">\r\n                <h2 class=\"title_h2 \">Odd\u011blen\u00ed minim\u00e1ln\u011b invazivn\u00ed a reproduk\u010dn\u00ed chirurgie<\/h2>                <div class=\"page_content reset_margins\">\r\n                                                                                        <p>&nbsp;<\/p>\n<p><strong>Kam se m\u016f\u017eete obr\u00e1tit?<\/strong><\/p>\n<ul>\n<li>Laparoskopick\u00e9 opera\u010dn\u00ed indikace: objedn\u00e1n\u00ed p\u0159es v\u0161eobecnou ambulanci (b\u011b\u017en\u00e9 diagn\u00f3zy), ve <strong>st\u0159edu 8:00\u201312:00 hod<\/strong>. na telefonn\u00edm \u010d\u00edsle: <strong>+420 224 967 491<\/strong>.<\/li>\n<li>Centrum pro endometri\u00f3zu, objedn\u00e1n\u00ed na telefonn\u00edm \u010d\u00edsle: +<strong>420 224 967 118<\/strong>.<\/li>\n<li>Ambulance reproduk\u010dn\u00ed chirurgie \u2013 myomy a jin\u00e9 d\u011blo\u017en\u00ed tumory, atypick\u00e9 n\u00e1lezy na d\u011bloze (NICHE, rezidua atd.), atypick\u00e9 ektopick\u00e9 gravidity \u2013 objedn\u00e1n\u00ed p\u0159es v\u0161eobecnou ambulanci na telefonn\u00edm \u010d\u00edsle: +<strong>420 224 967 491<\/strong>.<\/li>\n<li>Objedn\u00e1n\u00ed k hysteroskopii \u2013 hysteroskopick\u00e1 ambulance v <strong>p\u00e1tek od 9:00\u201312:00 hod<\/strong>. na telefonn\u00edm \u010d\u00edsle: +<strong>420 224 967 162<\/strong>.<\/li>\n<\/ul>\n                                    <\/div>\r\n            <\/div>\r\n                                <\/div>\r\n    ","protected":false},"excerpt":{"rendered":"","protected":false},"author":3,"featured_media":0,"parent":0,"menu_order":0,"comment_status":"closed","ping_status":"closed","template":"","meta":{"_acf_changed":false,"footnotes":""},"class_list":["post-1511","page","type-page","status-publish","hentry"],"acf":[],"yoast_head":"<!-- This site is optimized with the Yoast SEO plugin v25.5 - https:\/\/yoast.com\/wordpress\/plugins\/seo\/ -->\n<title>Odd\u011blen\u00ed minim\u00e1ln\u011b invazivn\u00ed a reproduk\u010dn\u00ed chirurgie - Porodnice U Apolin\u00e1\u0159e<\/title>\n<meta name=\"robots\" content=\"noindex, follow, max-snippet:-1, max-image-preview:large, max-video-preview:-1\" \/>\n<meta property=\"og:locale\" content=\"vi_VN\" \/>\n<meta property=\"og:type\" content=\"article\" \/>\n<meta property=\"og:title\" content=\"Odd\u011blen\u00ed minim\u00e1ln\u011b invazivn\u00ed a reproduk\u010dn\u00ed chirurgie - Porodnice U Apolin\u00e1\u0159e\" \/>\n<meta property=\"og:url\" content=\"https:\/\/apolinar.capta.cz\/vi\/oddeleni-minimalne-invazivni-a-reprodukcni-chirurgie\/\" \/>\n<meta property=\"og:site_name\" content=\"Porodnice U Apolin\u00e1\u0159e\" \/>\n<meta name=\"twitter:card\" content=\"summary_large_image\" \/>\n<script type=\"application\/ld+json\" class=\"yoast-schema-graph\">{\"@context\":\"https:\/\/schema.org\",\"@graph\":[{\"@type\":\"WebPage\",\"@id\":\"https:\/\/apolinar.capta.cz\/vi\/oddeleni-minimalne-invazivni-a-reprodukcni-chirurgie\/\",\"url\":\"https:\/\/apolinar.capta.cz\/vi\/oddeleni-minimalne-invazivni-a-reprodukcni-chirurgie\/\",\"name\":\"Odd\u011blen\u00ed minim\u00e1ln\u011b invazivn\u00ed a reproduk\u010dn\u00ed chirurgie - Porodnice U Apolin\u00e1\u0159e\",\"isPartOf\":{\"@id\":\"https:\/\/apolinar.capta.cz\/vi\/#website\"},\"datePublished\":\"2023-07-09T14:17:12+00:00\",\"breadcrumb\":{\"@id\":\"https:\/\/apolinar.capta.cz\/vi\/oddeleni-minimalne-invazivni-a-reprodukcni-chirurgie\/#breadcrumb\"},\"inLanguage\":\"vi-VN\",\"potentialAction\":[{\"@type\":\"ReadAction\",\"target\":[\"https:\/\/apolinar.capta.cz\/vi\/oddeleni-minimalne-invazivni-a-reprodukcni-chirurgie\/\"]}]},{\"@type\":\"BreadcrumbList\",\"@id\":\"https:\/\/apolinar.capta.cz\/vi\/oddeleni-minimalne-invazivni-a-reprodukcni-chirurgie\/#breadcrumb\",\"itemListElement\":[{\"@type\":\"ListItem\",\"position\":1,\"name\":\"Dom\u016f\",\"item\":\"https:\/\/apolinar.capta.cz\/vi\/\"},{\"@type\":\"ListItem\",\"position\":2,\"name\":\"Odd\u011blen\u00ed minim\u00e1ln\u011b invazivn\u00ed a reproduk\u010dn\u00ed chirurgie\"}]},{\"@type\":\"WebSite\",\"@id\":\"https:\/\/apolinar.capta.cz\/vi\/#website\",\"url\":\"https:\/\/apolinar.capta.cz\/vi\/\",\"name\":\"Porodnice U Apolin\u00e1\u0159e\",\"description\":\"Klinika gynekologie, porodnictv\u00ed a neonatologie 1. LF UK a VFN v Praze\",\"potentialAction\":[{\"@type\":\"SearchAction\",\"target\":{\"@type\":\"EntryPoint\",\"urlTemplate\":\"https:\/\/apolinar.capta.cz\/vi\/?s={search_term_string}\"},\"query-input\":{\"@type\":\"PropertyValueSpecification\",\"valueRequired\":true,\"valueName\":\"search_term_string\"}}],\"inLanguage\":\"vi-VN\"}]}<\/script>\n<!-- \/ Yoast SEO plugin. -->","yoast_head_json":{"title":"Odd\u011blen\u00ed minim\u00e1ln\u011b invazivn\u00ed a reproduk\u010dn\u00ed chirurgie - Porodnice U Apolin\u00e1\u0159e","robots":{"index":"noindex","follow":"follow","max-snippet":"max-snippet:-1","max-image-preview":"max-image-preview:large","max-video-preview":"max-video-preview:-1"},"og_locale":"vi_VN","og_type":"article","og_title":"Odd\u011blen\u00ed minim\u00e1ln\u011b invazivn\u00ed a reproduk\u010dn\u00ed chirurgie - Porodnice U Apolin\u00e1\u0159e","og_url":"https:\/\/apolinar.capta.cz\/vi\/oddeleni-minimalne-invazivni-a-reprodukcni-chirurgie\/","og_site_name":"Porodnice U Apolin\u00e1\u0159e","twitter_card":"summary_large_image","schema":{"@context":"https:\/\/schema.org","@graph":[{"@type":"WebPage","@id":"https:\/\/apolinar.capta.cz\/vi\/oddeleni-minimalne-invazivni-a-reprodukcni-chirurgie\/","url":"https:\/\/apolinar.capta.cz\/vi\/oddeleni-minimalne-invazivni-a-reprodukcni-chirurgie\/","name":"Odd\u011blen\u00ed minim\u00e1ln\u011b invazivn\u00ed a reproduk\u010dn\u00ed chirurgie - Porodnice U Apolin\u00e1\u0159e","isPartOf":{"@id":"https:\/\/apolinar.capta.cz\/vi\/#website"},"datePublished":"2023-07-09T14:17:12+00:00","breadcrumb":{"@id":"https:\/\/apolinar.capta.cz\/vi\/oddeleni-minimalne-invazivni-a-reprodukcni-chirurgie\/#breadcrumb"},"inLanguage":"vi-VN","potentialAction":[{"@type":"ReadAction","target":["https:\/\/apolinar.capta.cz\/vi\/oddeleni-minimalne-invazivni-a-reprodukcni-chirurgie\/"]}]},{"@type":"BreadcrumbList","@id":"https:\/\/apolinar.capta.cz\/vi\/oddeleni-minimalne-invazivni-a-reprodukcni-chirurgie\/#breadcrumb","itemListElement":[{"@type":"ListItem","position":1,"name":"Dom\u016f","item":"https:\/\/apolinar.capta.cz\/vi\/"},{"@type":"ListItem","position":2,"name":"Odd\u011blen\u00ed minim\u00e1ln\u011b invazivn\u00ed a reproduk\u010dn\u00ed chirurgie"}]},{"@type":"WebSite","@id":"https:\/\/apolinar.capta.cz\/vi\/#website","url":"https:\/\/apolinar.capta.cz\/vi\/","name":"Porodnice U Apolin\u00e1\u0159e","description":"Klinika gynekologie, porodnictv\u00ed a neonatologie 1. LF UK a VFN v Praze","potentialAction":[{"@type":"SearchAction","target":{"@type":"EntryPoint","urlTemplate":"https:\/\/apolinar.capta.cz\/vi\/?s={search_term_string}"},"query-input":{"@type":"PropertyValueSpecification","valueRequired":true,"valueName":"search_term_string"}}],"inLanguage":"vi-VN"}]}},"_links":{"self":[{"href":"https:\/\/apolinar.capta.cz\/vi\/wp-json\/wp\/v2\/pages\/1511","targetHints":{"allow":["GET"]}}],"collection":[{"href":"https:\/\/apolinar.capta.cz\/vi\/wp-json\/wp\/v2\/pages"}],"about":[{"href":"https:\/\/apolinar.capta.cz\/vi\/wp-json\/wp\/v2\/types\/page"}],"author":[{"embeddable":true,"href":"https:\/\/apolinar.capta.cz\/vi\/wp-json\/wp\/v2\/users\/3"}],"replies":[{"embeddable":true,"href":"https:\/\/apolinar.capta.cz\/vi\/wp-json\/wp\/v2\/comments?post=1511"}],"version-history":[{"count":0,"href":"https:\/\/apolinar.capta.cz\/vi\/wp-json\/wp\/v2\/pages\/1511\/revisions"}],"wp:attachment":[{"href":"https:\/\/apolinar.capta.cz\/vi\/wp-json\/wp\/v2\/media?parent=1511"}],"curies":[{"name":"wp","href":"https:\/\/api.w.org\/{rel}","templated":true}]}}