{"id":1895,"date":"2023-07-11T21:05:37","date_gmt":"2023-07-11T19:05:37","guid":{"rendered":"https:\/\/apolinar.eu\/?page_id=1895"},"modified":"2023-07-11T21:05:37","modified_gmt":"2023-07-11T19:05:37","slug":"prvni-osetreni-novorozence","status":"publish","type":"page","link":"https:\/\/apolinar.capta.cz\/vi\/neonatologie\/fyziologicky-novorozenec\/prvni-osetreni-novorozence\/","title":{"rendered":"Prvn\u00ed o\u0161et\u0159en\u00ed novorozence"},"content":{"rendered":"        <section\r\n            class=\"pdt-80 pdb-40 \"\r\n        >\r\n        <div class=\"wrapper2\">\r\n                            <div class=\"text_block observe anim_drop1 anim_delay\">\r\n                    <h1 class=\"title_h2 \">Prvn\u00ed o\u0161et\u0159en\u00ed novorozence<\/h1>                                                                                            <h2 class=\"title_h3 color2\">\r\n                                Jak prob\u00edh\u00e1 o\u0161et\u0159en\u00ed miminka po porodu?                            <\/h2>\r\n                                                                <div class=\"page_content reset_margins\">\r\n                        <p><\/p>\r\n                    <\/div>\r\n                                    <\/div>\r\n                    <\/div>\r\n    <\/section>\r\n\n\n                <!-- TEXT BLOCK -->\r\n        <section\r\n                class=\"pdt-40 pdb-30 \"\r\n            >\r\n            <div class=\"wrapper2 text_block\">\r\n                                                                                                                <div class=\"page_content reset_margins\">\r\n                                                                                        <p>Prvn\u00ed prohl\u00eddku b\u011bhem prvn\u00edch dvou hodin po porodu provede d\u011btsk\u00e1 sestra.<\/p>\n<p>O\u0161et\u0159en\u00ed prob\u00edh\u00e1 na v\u00fdh\u0159evn\u00e9m l\u016f\u017eku pro novorozence.<\/p>\n<p>Po osu\u0161en\u00ed d\u00edt\u011bte, kter\u00e9 br\u00e1n\u00ed ztr\u00e1t\u011b tepla, miminko ozna\u010d\u00ed plastov\u00fdm p\u00e1skem se jm\u00e9nem a \u010d\u00edslem a nav\u00e1\u017ee je na jeho ruku. \u010c\u00edslo se shoduje s\u202f\u010d\u00edslem na va\u0161\u00ed ruce a stejn\u00e9 m\u00e1 d\u00edt\u011b napsan\u00e9 speci\u00e1ln\u00ed barvou tak\u00e9 na hrudn\u00ed\u010dku.<\/p>\n<p>Dal\u0161\u00edm krokem je kontrola adaptace, kdy d\u011btsk\u00e1 sestra fonendoskopem poslouch\u00e1 srd\u00ed\u010dko a d\u00fdch\u00e1n\u00ed miminka, pot\u00e9 n\u00e1sleduje m\u011b\u0159en\u00ed (v\u00e1ha, d\u00e9lka), zaznamen\u00e1n\u00ed t\u011blesn\u00e9 teploty a o\u0161et\u0159en\u00ed o\u010d\u00ed o\u010dn\u00edmi kapkami (prevence o\u010dn\u00ed infekce).<br \/>\nB\u011bhem prvn\u00ed prohl\u00eddky se tak\u00e9 kontroluj\u00ed mo\u017en\u00e1 poporodn\u00ed poran\u011bn\u00ed a vylou\u010d\u00ed se z\u00e1va\u017en\u00e9 vrozen\u00e9 vady d\u00edt\u011bte a aplikuje se vitam\u00edn K k prevenci z\u00e1va\u017en\u00e9ho novorozeneck\u00e9ho krv\u00e1cen\u00ed.<\/p>\n<p>V p\u0159\u00edpad\u011b jak\u00fdchkoliv zji\u0161t\u011bn\u00fdch obt\u00ed\u017e\u00ed miminka je v\u017edy k dispozici d\u011btsk\u00fd l\u00e9ka\u0159 neonatolog a pln\u011b vybaven\u00e1 jednotka intenzivn\u00ed a resuscita\u010dn\u00ed p\u00e9\u010de.<\/p>\n<p>Pokud je v\u0161e v po\u0159\u00e1dku, jste po dvou hodin\u00e1ch i s miminkem p\u0159em\u00edst\u011bna na odd\u011blen\u00ed \u0161estined\u011bl\u00ed, kde nad\u00e1le tr\u00e1v\u00edte \u010das spole\u010dn\u011b.<\/p>\n                                    <\/div>\r\n            <\/div>\r\n        <\/section>\r\n    ","protected":false},"excerpt":{"rendered":"","protected":false},"author":2,"featured_media":0,"parent":4001,"menu_order":0,"comment_status":"closed","ping_status":"closed","template":"","meta":{"_acf_changed":false,"footnotes":""},"class_list":["post-1895","page","type-page","status-publish","hentry"],"acf":[],"yoast_head":"<!-- This site is optimized with the Yoast SEO plugin v25.5 - https:\/\/yoast.com\/wordpress\/plugins\/seo\/ -->\n<title>Prvn\u00ed o\u0161et\u0159en\u00ed novorozence - Porodnice U Apolin\u00e1\u0159e<\/title>\n<meta name=\"robots\" content=\"noindex, follow, max-snippet:-1, max-image-preview:large, max-video-preview:-1\" \/>\n<meta property=\"og:locale\" content=\"vi_VN\" \/>\n<meta property=\"og:type\" content=\"article\" \/>\n<meta property=\"og:title\" content=\"Prvn\u00ed o\u0161et\u0159en\u00ed novorozence - Porodnice U Apolin\u00e1\u0159e\" \/>\n<meta property=\"og:url\" content=\"https:\/\/apolinar.capta.cz\/vi\/neonatologie\/fyziologicky-novorozenec\/prvni-osetreni-novorozence\/\" \/>\n<meta property=\"og:site_name\" content=\"Porodnice U Apolin\u00e1\u0159e\" \/>\n<meta name=\"twitter:card\" content=\"summary_large_image\" \/>\n<script type=\"application\/ld+json\" class=\"yoast-schema-graph\">{\"@context\":\"https:\/\/schema.org\",\"@graph\":[{\"@type\":\"WebPage\",\"@id\":\"https:\/\/apolinar.capta.cz\/vi\/neonatologie\/fyziologicky-novorozenec\/prvni-osetreni-novorozence\/\",\"url\":\"https:\/\/apolinar.capta.cz\/vi\/neonatologie\/fyziologicky-novorozenec\/prvni-osetreni-novorozence\/\",\"name\":\"Prvn\u00ed o\u0161et\u0159en\u00ed novorozence - Porodnice U Apolin\u00e1\u0159e\",\"isPartOf\":{\"@id\":\"https:\/\/apolinar.capta.cz\/vi\/#website\"},\"datePublished\":\"2023-07-11T19:05:37+00:00\",\"breadcrumb\":{\"@id\":\"https:\/\/apolinar.capta.cz\/vi\/neonatologie\/fyziologicky-novorozenec\/prvni-osetreni-novorozence\/#breadcrumb\"},\"inLanguage\":\"vi-VN\",\"potentialAction\":[{\"@type\":\"ReadAction\",\"target\":[\"https:\/\/apolinar.capta.cz\/vi\/neonatologie\/fyziologicky-novorozenec\/prvni-osetreni-novorozence\/\"]}]},{\"@type\":\"BreadcrumbList\",\"@id\":\"https:\/\/apolinar.capta.cz\/vi\/neonatologie\/fyziologicky-novorozenec\/prvni-osetreni-novorozence\/#breadcrumb\",\"itemListElement\":[{\"@type\":\"ListItem\",\"position\":1,\"name\":\"Dom\u016f\",\"item\":\"https:\/\/apolinar.capta.cz\/vi\/\"},{\"@type\":\"ListItem\",\"position\":2,\"name\":\"Prvn\u00ed o\u0161et\u0159en\u00ed novorozence\"}]},{\"@type\":\"WebSite\",\"@id\":\"https:\/\/apolinar.capta.cz\/vi\/#website\",\"url\":\"https:\/\/apolinar.capta.cz\/vi\/\",\"name\":\"Porodnice U Apolin\u00e1\u0159e\",\"description\":\"Klinika gynekologie, porodnictv\u00ed a neonatologie 1. LF UK a VFN v Praze\",\"potentialAction\":[{\"@type\":\"SearchAction\",\"target\":{\"@type\":\"EntryPoint\",\"urlTemplate\":\"https:\/\/apolinar.capta.cz\/vi\/?s={search_term_string}\"},\"query-input\":{\"@type\":\"PropertyValueSpecification\",\"valueRequired\":true,\"valueName\":\"search_term_string\"}}],\"inLanguage\":\"vi-VN\"}]}<\/script>\n<!-- \/ Yoast SEO plugin. -->","yoast_head_json":{"title":"Prvn\u00ed o\u0161et\u0159en\u00ed novorozence - Porodnice U Apolin\u00e1\u0159e","robots":{"index":"noindex","follow":"follow","max-snippet":"max-snippet:-1","max-image-preview":"max-image-preview:large","max-video-preview":"max-video-preview:-1"},"og_locale":"vi_VN","og_type":"article","og_title":"Prvn\u00ed o\u0161et\u0159en\u00ed novorozence - Porodnice U Apolin\u00e1\u0159e","og_url":"https:\/\/apolinar.capta.cz\/vi\/neonatologie\/fyziologicky-novorozenec\/prvni-osetreni-novorozence\/","og_site_name":"Porodnice U Apolin\u00e1\u0159e","twitter_card":"summary_large_image","schema":{"@context":"https:\/\/schema.org","@graph":[{"@type":"WebPage","@id":"https:\/\/apolinar.capta.cz\/vi\/neonatologie\/fyziologicky-novorozenec\/prvni-osetreni-novorozence\/","url":"https:\/\/apolinar.capta.cz\/vi\/neonatologie\/fyziologicky-novorozenec\/prvni-osetreni-novorozence\/","name":"Prvn\u00ed o\u0161et\u0159en\u00ed novorozence - Porodnice U Apolin\u00e1\u0159e","isPartOf":{"@id":"https:\/\/apolinar.capta.cz\/vi\/#website"},"datePublished":"2023-07-11T19:05:37+00:00","breadcrumb":{"@id":"https:\/\/apolinar.capta.cz\/vi\/neonatologie\/fyziologicky-novorozenec\/prvni-osetreni-novorozence\/#breadcrumb"},"inLanguage":"vi-VN","potentialAction":[{"@type":"ReadAction","target":["https:\/\/apolinar.capta.cz\/vi\/neonatologie\/fyziologicky-novorozenec\/prvni-osetreni-novorozence\/"]}]},{"@type":"BreadcrumbList","@id":"https:\/\/apolinar.capta.cz\/vi\/neonatologie\/fyziologicky-novorozenec\/prvni-osetreni-novorozence\/#breadcrumb","itemListElement":[{"@type":"ListItem","position":1,"name":"Dom\u016f","item":"https:\/\/apolinar.capta.cz\/vi\/"},{"@type":"ListItem","position":2,"name":"Prvn\u00ed o\u0161et\u0159en\u00ed novorozence"}]},{"@type":"WebSite","@id":"https:\/\/apolinar.capta.cz\/vi\/#website","url":"https:\/\/apolinar.capta.cz\/vi\/","name":"Porodnice U Apolin\u00e1\u0159e","description":"Klinika gynekologie, porodnictv\u00ed a neonatologie 1. LF UK a VFN v Praze","potentialAction":[{"@type":"SearchAction","target":{"@type":"EntryPoint","urlTemplate":"https:\/\/apolinar.capta.cz\/vi\/?s={search_term_string}"},"query-input":{"@type":"PropertyValueSpecification","valueRequired":true,"valueName":"search_term_string"}}],"inLanguage":"vi-VN"}]}},"_links":{"self":[{"href":"https:\/\/apolinar.capta.cz\/vi\/wp-json\/wp\/v2\/pages\/1895","targetHints":{"allow":["GET"]}}],"collection":[{"href":"https:\/\/apolinar.capta.cz\/vi\/wp-json\/wp\/v2\/pages"}],"about":[{"href":"https:\/\/apolinar.capta.cz\/vi\/wp-json\/wp\/v2\/types\/page"}],"author":[{"embeddable":true,"href":"https:\/\/apolinar.capta.cz\/vi\/wp-json\/wp\/v2\/users\/2"}],"replies":[{"embeddable":true,"href":"https:\/\/apolinar.capta.cz\/vi\/wp-json\/wp\/v2\/comments?post=1895"}],"version-history":[{"count":0,"href":"https:\/\/apolinar.capta.cz\/vi\/wp-json\/wp\/v2\/pages\/1895\/revisions"}],"up":[{"embeddable":true,"href":"https:\/\/apolinar.capta.cz\/vi\/wp-json\/wp\/v2\/pages\/4001"}],"wp:attachment":[{"href":"https:\/\/apolinar.capta.cz\/vi\/wp-json\/wp\/v2\/media?parent=1895"}],"curies":[{"name":"wp","href":"https:\/\/api.w.org\/{rel}","templated":true}]}}