{"id":1950,"date":"2023-07-12T14:19:23","date_gmt":"2023-07-12T12:19:23","guid":{"rendered":"https:\/\/apolinar.eu\/?page_id=1950"},"modified":"2023-07-12T14:19:23","modified_gmt":"2023-07-12T12:19:23","slug":"propusteni-z-porodnice","status":"publish","type":"page","link":"https:\/\/apolinar.capta.cz\/vi\/neonatologie\/fyziologicky-novorozenec\/propusteni-z-porodnice\/","title":{"rendered":"Propu\u0161t\u011bn\u00ed z porodnice"},"content":{"rendered":"        <section\r\n            class=\"pdt-80 pdb-40 \"\r\n        >\r\n        <div class=\"wrapper2\">\r\n                            <div class=\"text_block observe anim_drop1 anim_delay\">\r\n                    <h2 class=\"title_h2 \">Propu\u0161t\u011bn\u00ed z porodnice<\/h2>                                                                                            <h3 class=\"title_h3 color2\">\r\n                                Jak prob\u00edh\u00e1 propu\u0161t\u011bn\u00ed z porodnice?                            <\/h3>\r\n                                                                <div class=\"page_content reset_margins\">\r\n                        <p><\/p>\r\n                    <\/div>\r\n                                    <\/div>\r\n                    <\/div>\r\n    <\/section>\r\n\n\n    <!-- ACCORD -->\r\n    <section\r\n            class=\" pdb-40 \"\r\n        >\r\n        <div class=\"wrapper2 anim_delay anim_drop1 observe\">\r\n                                                    <div class=\"accord mgt-30\">\r\n                                            <!-- ITEM -->\r\n                        <div class=\"item_accord item\">\r\n                            <a href=\"#\" role=\"button\" class=\"item_accord_head head\">\r\n                                <h3 class=\"item_accord_title\">B\u011b\u017en\u00e9 \/ standardn\u00ed propu\u0161t\u011bn\u00ed z porodnice<\/h3>\r\n                                <div class=\"item_accord_arrow\">\r\n                                    <svg class=\"sicofill\">\r\n                                        <use href=\"https:\/\/apolinar.capta.cz\/wp-content\/themes\/apolinar\/assets\/layout\/icons.svg#s_ar2_d\"\/>\r\n                                    <\/svg>\r\n                                <\/div>\r\n                            <\/a>\r\n                            <div class=\"expand\">\r\n                                <div class=\"item_accord_inner page_content reset_margins\">\r\n                                                                                                                                                        <p><span class=\"normaltextrun\"><span style=\"font-size: 13.0pt; font-family: 'Calibri',sans-serif; color: black;\">D\u00e9lka pobytu v porodnici je z\u00e1visl\u00e1 na zdravotn\u00edm stavu v\u00e1s i va\u0161eho d\u00edt\u011bte. Po spont\u00e1nn\u00edm porodu bez komplikac\u00ed odch\u00e1z\u00edte z\u202fporodnice nej\u010dast\u011bji mezi 48. a\u017e 72. hodinou po porodu (tj. 2\u20123 dny po porodu). <\/span><\/span><\/p>\n<p><span class=\"normaltextrun\"><span style=\"font-size: 13.0pt; font-family: 'Calibri',sans-serif; color: black;\">Po porodu c\u00edsa\u0159sk\u00fdm \u0159ezem je doba pobytu v\u00a0porodnici del\u0161\u00ed, odch\u00e1z\u00edte v\u011bt\u0161inou mezi 72. a\u017e 96. hodinou po porodu (tj. 3\u20124 dny po porodu). <\/span><\/span><\/p>\n<p><span class=\"normaltextrun\"><span style=\"font-size: 13.0pt; font-family: 'Calibri',sans-serif; color: black;\">Neonatolog (d\u011btsk\u00fd l\u00e9ka\u0159) v\u00e1m p\u0159i propu\u0161t\u011bn\u00ed p\u0159ed\u00e1 zdravotn\u00ed a o\u010dkovac\u00ed pr\u016fkaz d\u00edt\u011bte, dotazn\u00edk rizika tuberkul\u00f3zy a propou\u0161t\u011bc\u00ed zpr\u00e1vu pro va\u0161eho praktick\u00e9ho d\u011btsk\u00e9ho l\u00e9ka\u0159e. Tak\u00e9 s\u00a0v\u00e1mi probere d\u016fle\u017eit\u00e9 informace t\u00fdkaj\u00edc\u00ed se p\u00e9\u010de o miminko v\u202fdom\u00e1c\u00edm prost\u0159ed\u00ed a zodpov\u00ed va\u0161e p\u0159\u00edpadn\u00e9 dotazy.<\/span><\/span><span class=\"normaltextrun\"><span style=\"font-size: 13.0pt; font-family: 'Calibri',sans-serif;\">\u202f<\/span><\/span><span class=\"eop\"><span style=\"font-size: 13.0pt; font-family: 'Calibri',sans-serif;\">\u00a0<\/span><\/span><\/p>\n                                                                    <\/div>\r\n                            <\/div>\r\n                        <\/div>\r\n                                            <!-- ITEM -->\r\n                        <div class=\"item_accord item\">\r\n                            <a href=\"#\" role=\"button\" class=\"item_accord_head head\">\r\n                                <h3 class=\"item_accord_title\">\u010casn\u00e9 propu\u0161t\u011bn\u00ed z porodnice<\/h3>\r\n                                <div class=\"item_accord_arrow\">\r\n                                    <svg class=\"sicofill\">\r\n                                        <use href=\"https:\/\/apolinar.capta.cz\/wp-content\/themes\/apolinar\/assets\/layout\/icons.svg#s_ar2_d\"\/>\r\n                                    <\/svg>\r\n                                <\/div>\r\n                            <\/a>\r\n                            <div class=\"expand\">\r\n                                <div class=\"item_accord_inner page_content reset_margins\">\r\n                                                                                                                                                        <p class=\"paragraph\" style=\"margin: 0cm; text-align: justify; vertical-align: baseline;\"><span class=\"normaltextrun\"><span style=\"font-size: 13.0pt; font-family: 'Calibri',sans-serif; color: black;\">Propu\u0161t\u011bn\u00ed z\u00a0porodnice p\u0159ed 48. hodinou po porodu je mo\u017en\u00e9 po individu\u00e1ln\u00ed domluv\u011b a zhodnocen\u00ed zdravotn\u00edho stavu v\u00e1s i va\u0161eho d\u00edt\u011bte. Neonatolog (d\u011btsk\u00fd l\u00e9ka\u0159) v\u00e1m p\u0159i propu\u0161t\u011bn\u00ed p\u0159ed\u00e1 zdravotn\u00ed a o\u010dkovac\u00ed pr\u016fkaz d\u00edt\u011bte, dotazn\u00edk rizika tuberkul\u00f3zy a propou\u0161t\u011bc\u00ed zpr\u00e1vu pro va\u0161eho praktick\u00e9ho d\u011btsk\u00e9ho l\u00e9ka\u0159e. Tak\u00e9 s\u00a0v\u00e1mi probere d\u016fle\u017eit\u00e9 informace t\u00fdkaj\u00edc\u00ed se p\u00e9\u010de o miminko v\u202fdom\u00e1c\u00edm prost\u0159ed\u00ed a zodpov\u00ed va\u0161e p\u0159\u00edpadn\u00e9 dotazy.<\/span><\/span><span class=\"normaltextrun\"><span style=\"font-size: 13.0pt; font-family: 'Calibri',sans-serif;\">\u202f<\/span><\/span><span class=\"eop\"><span style=\"font-size: 13.0pt; font-family: 'Calibri',sans-serif;\">\u00a0<\/span><\/span><\/p>\n<p class=\"paragraph\" style=\"margin: 0cm; text-align: justify; vertical-align: baseline;\"><span class=\"normaltextrun\"><span style=\"font-size: 13.0pt; font-family: 'Calibri',sans-serif; color: black;\">\u00a0<\/span><\/span><\/p>\n<p class=\"paragraph\" style=\"margin: 0cm; text-align: justify; vertical-align: baseline;\"><span class=\"normaltextrun\"><span style=\"font-size: 13.0pt; font-family: 'Calibri',sans-serif; color: black;\">Pr\u00e1v\u011b s\u00a0n\u00edm se domluv\u00edte na mo\u017enostech dopln\u011bn\u00ed povinn\u00fdch screeningov\u00fdch vy\u0161et\u0159en\u00ed. Nezbytn\u00e1 je tak\u00e9 n\u00e1sledn\u00e1 kontrola d\u00edt\u011bte<\/span><\/span><span class=\"normaltextrun\"><span style=\"font-size: 13.0pt; font-family: 'Calibri',sans-serif;\">\u202fv\u202fr\u00e1mci ambulantn\u00ed n\u00e1v\u0161t\u011bvy porodnice po propu\u0161t\u011bn\u00ed nebo n\u00e1v\u0161t\u011bva u praktick\u00e9ho l\u00e9ka\u0159e pro d\u011bti a dorost.<\/span><\/span><span class=\"eop\"><span style=\"font-size: 13.0pt; font-family: 'Calibri',sans-serif;\">\u00a0<\/span><\/span><\/p>\n                                                                    <\/div>\r\n                            <\/div>\r\n                        <\/div>\r\n                                            <!-- ITEM -->\r\n                        <div class=\"item_accord item\">\r\n                            <a href=\"#\" role=\"button\" class=\"item_accord_head head\">\r\n                                <h3 class=\"item_accord_title\">Kontrola novorozence po propu\u0161t\u011bn\u00ed\u202f<\/h3>\r\n                                <div class=\"item_accord_arrow\">\r\n                                    <svg class=\"sicofill\">\r\n                                        <use href=\"https:\/\/apolinar.capta.cz\/wp-content\/themes\/apolinar\/assets\/layout\/icons.svg#s_ar2_d\"\/>\r\n                                    <\/svg>\r\n                                <\/div>\r\n                            <\/a>\r\n                            <div class=\"expand\">\r\n                                <div class=\"item_accord_inner page_content reset_margins\">\r\n                                                                                                                                                        <p><strong>Kdy je po propu\u0161t\u011bn\u00ed dom\u016f t\u0159eba p\u0159ij\u00edt na kontrolu d\u00edt\u011bte do porodnice?<\/strong><\/p>\n<ul>\n<li>V p\u0159\u00edpad\u011b pot\u0159eby kontroly novorozeneck\u00e9 \u017eloutenky. Kontrola \u017eloutenky v\u00a0porodnici je mo\u017en\u00e1 i na doporu\u010den\u00ed praktick\u00e9ho d\u011btsk\u00e9ho l\u00e9ka\u0159e.<\/li>\n<li>V\u00a0p\u0159\u00edpad\u011b nutnosti kontroly v\u00e1hov\u00fdch p\u0159\u00edr\u016fstk\u016f u nedono\u0161en\u00fdch nebo m\u00e1lo v\u00e1\u017e\u00edc\u00edch (hypotrofick\u00fdch) d\u011bt\u00ed.)<\/li>\n<li>V p\u0159\u00edpad\u011b jin\u00fdch laboratorn\u00edch vy\u0161et\u0159en\u00ed apod\u2026<\/li>\n<\/ul>\n<p><strong>Kdy je pot\u0159eba rehospitalizace d\u00edt\u011bte v porodnici?<\/strong><\/p>\n<ul>\n<li>P\u0159i l\u00e9\u010db\u011b \u017eloutenky fototerapi\u00ed (modr\u00fdm sv\u011btlem).<\/li>\n<li>V\u00a0p\u0159\u00edpad\u011b pod\u00e1n\u00ed krevn\u00ed transf\u00faze d\u00edt\u011bti.<\/li>\n<\/ul>\n                                                                    <\/div>\r\n                            <\/div>\r\n                        <\/div>\r\n                                            <!-- ITEM -->\r\n                        <div class=\"item_accord item\">\r\n                            <a href=\"#\" role=\"button\" class=\"item_accord_head head\">\r\n                                <h3 class=\"item_accord_title\">Zap\u016fj\u010den\u00ed monitoru dechu\u202f<\/h3>\r\n                                <div class=\"item_accord_arrow\">\r\n                                    <svg class=\"sicofill\">\r\n                                        <use href=\"https:\/\/apolinar.capta.cz\/wp-content\/themes\/apolinar\/assets\/layout\/icons.svg#s_ar2_d\"\/>\r\n                                    <\/svg>\r\n                                <\/div>\r\n                            <\/a>\r\n                            <div class=\"expand\">\r\n                                <div class=\"item_accord_inner page_content reset_margins\">\r\n                                                                                                                                                        <p><strong>Mohu si v\u00a0porodnici zap\u016fj\u010dit monitor dechu do post\u00fdlky?<\/strong><\/p>\n<p>Monitor dechu (apnoe podlo\u017eku) si m\u016f\u017eete p\u016fj\u010dit v\u00a0p\u016fj\u010dovn\u011b v\u00a0l\u00e9k\u00e1rn\u011b Urologick\u00e9 kliniky V\u0161eobecn\u00e9 fakultn\u00ed nemocnice v\u00a0Praze. Urologick\u00e1 klinika se nach\u00e1z\u00ed v\u00a0budov\u011b soused\u00edc\u00ed s porodnic\u00ed U Apolin\u00e1\u0159e<\/p>\n                                                                    <\/div>\r\n                            <\/div>\r\n                        <\/div>\r\n                                            <!-- ITEM -->\r\n                        <div class=\"item_accord item\">\r\n                            <a href=\"#\" role=\"button\" class=\"item_accord_head head\">\r\n                                <h3 class=\"item_accord_title\">Lakta\u010dn\u00ed poradna<\/h3>\r\n                                <div class=\"item_accord_arrow\">\r\n                                    <svg class=\"sicofill\">\r\n                                        <use href=\"https:\/\/apolinar.capta.cz\/wp-content\/themes\/apolinar\/assets\/layout\/icons.svg#s_ar2_d\"\/>\r\n                                    <\/svg>\r\n                                <\/div>\r\n                            <\/a>\r\n                            <div class=\"expand\">\r\n                                <div class=\"item_accord_inner page_content reset_margins\">\r\n                                                                                                                                                        <p><a href=\"mailto:laktacniporadna@vfn.cz\">laktacniporadna@vfn.cz<\/a><\/p>\n<p>tel.: +420 725 965 159<\/p>\n<ul>\n<li>telefonick\u00e1 konzultace:<\/li>\n<\/ul>\n<p style=\"padding-left: 40px;\">PO &#8211; P\u00c1 8:00 &#8211; 9:30<\/p>\n<ul>\n<li>Osobn\u00ed konzultace (v\u017edy po domluv\u011b)<\/li>\n<\/ul>\n<p style=\"padding-left: 40px;\">PO, ST, P\u00c1: 8:00 &#8211; 9:30<\/p>\n<p>&nbsp;<\/p>\n<p><a href=\"https:\/\/apolinar.capta.cz\/laktacni-poradna\/\">V\u00edce informac\u00ed<\/a><\/p>\n                                                                    <\/div>\r\n                            <\/div>\r\n                        <\/div>\r\n                                    <\/div>\r\n                    <\/div>\r\n    <\/section>\r\n\n\n    <!-- BLOK K -->\r\n    <section\r\n            class=\"pdt-80 pdb-80 \"\r\n        >\r\n        <div class=\"wrapper2\">\r\n                                                                                            <div class=\"grid small-space\">\r\n                                                                                <!-- ITEM 1 -->\r\n                            <div class=\"col2 col1_mdm bg3 radius10 pd-35 pd-25md observe anim_drop1 anim_delay dflex flex-dir-column offset_dist\">\r\n                                <div class=\"text_block w100p mgb-auto\">\r\n                                    <h3 class=\"title_h3\">Zap\u016fj\u010den\u00ed monitoru dechu<\/h3>\r\n                                                                                                                <div class=\"page_content reset_margins\">\r\n                                            <p>z\u00e1p\u016fj\u010dka monitoru dechu v\u202fl\u00e9k\u00e1rn\u011b na Urologick\u00e9 klinice <\/p>\r\n                                        <\/div>\r\n                                                                    <\/div>\r\n                                <div class=\"pdt-20 w100p\">\r\n                                    <div class=\"grid small-space\">\r\n                                        <div class=\"col_default offset_half\">\r\n                                            <a href=\"#\"\r\n                                               title=\"Zap\u016fj\u010den\u00ed monitoru dechu\"\r\n                                               target=\"_blank\"\r\n                                               class=\"btn_basic\">\r\n                                                Zobrazit                                            <\/a>\r\n                                        <\/div>\r\n                                        <div class=\"col_default offset_half\">\r\n                                            <a href=\"#\"\r\n                                               title=\"Zap\u016fj\u010den\u00ed monitoru dechu\"\r\n                                               download\r\n                                               class=\"btn_basic border\">\r\n                                                St\u00e1hnout                                            <\/a>\r\n                                        <\/div>\r\n                                    <\/div>\r\n                                <\/div>\r\n                            <\/div>\r\n                                                                                <!-- ITEM 1 -->\r\n                            <div class=\"col2 col1_mdm bg3 radius10 pd-35 pd-25md observe anim_drop1 anim_delay dflex flex-dir-column offset_dist\">\r\n                                <div class=\"text_block w100p mgb-auto\">\r\n                                    <h3 class=\"title_h3\">Sni\u017eme SIDS<\/h3>\r\n                                                                                                                <div class=\"page_content reset_margins\">\r\n                                            <p>Syndrom n\u00e1hl\u00e9ho \u00famrt\u00ed d\u00edt\u011bte<\/p>\r\n                                        <\/div>\r\n                                                                    <\/div>\r\n                                <div class=\"pdt-20 w100p\">\r\n                                    <div class=\"grid small-space\">\r\n                                        <div class=\"col_default offset_half\">\r\n                                            <a href=\"https:\/\/apolinar.capta.cz\/wp-content\/uploads\/2023\/07\/SIDS-letak.pdf\"\r\n                                               title=\"Sni\u017eme SIDS\"\r\n                                               target=\"_blank\"\r\n                                               class=\"btn_basic\">\r\n                                                Zobrazit                                            <\/a>\r\n                                        <\/div>\r\n                                        <div class=\"col_default offset_half\">\r\n                                            <a href=\"https:\/\/apolinar.capta.cz\/wp-content\/uploads\/2023\/07\/SIDS-letak.pdf\"\r\n                                               title=\"Sni\u017eme SIDS\"\r\n                                               download\r\n                                               class=\"btn_basic border\">\r\n                                                St\u00e1hnout                                            <\/a>\r\n                                        <\/div>\r\n                                    <\/div>\r\n                                <\/div>\r\n                            <\/div>\r\n                                                                                <!-- ITEM 1 -->\r\n                            <div class=\"col2 col1_mdm bg3 radius10 pd-35 pd-25md observe anim_drop1 anim_delay dflex flex-dir-column offset_dist\">\r\n                                <div class=\"text_block w100p mgb-auto\">\r\n                                    <h3 class=\"title_h3\">Informace o mo\u017enostech soci\u00e1ln\u00ed podpory pro maminky po porodu<\/h3>\r\n                                                                                                        <\/div>\r\n                                <div class=\"pdt-20 w100p\">\r\n                                    <div class=\"grid small-space\">\r\n                                        <div class=\"col_default offset_half\">\r\n                                            <a href=\"#\"\r\n                                               title=\"Informace o mo\u017enostech soci\u00e1ln\u00ed podpory pro maminky po porodu\"\r\n                                               target=\"_blank\"\r\n                                               class=\"btn_basic\">\r\n                                                Zobrazit                                            <\/a>\r\n                                        <\/div>\r\n                                        <div class=\"col_default offset_half\">\r\n                                            <a href=\"#\"\r\n                                               title=\"Informace o mo\u017enostech soci\u00e1ln\u00ed podpory pro maminky po porodu\"\r\n                                               download\r\n                                               class=\"btn_basic border\">\r\n                                                St\u00e1hnout                                            <\/a>\r\n                                        <\/div>\r\n                                    <\/div>\r\n                                <\/div>\r\n                            <\/div>\r\n                                            <\/div>\r\n                                    <\/div>\r\n    <\/section>\r\n","protected":false},"excerpt":{"rendered":"","protected":false},"author":3,"featured_media":0,"parent":4001,"menu_order":0,"comment_status":"closed","ping_status":"closed","template":"","meta":{"_acf_changed":false,"footnotes":""},"class_list":["post-1950","page","type-page","status-publish","hentry"],"acf":[],"yoast_head":"<!-- This site is optimized with the Yoast SEO plugin v25.5 - https:\/\/yoast.com\/wordpress\/plugins\/seo\/ -->\n<title>Propu\u0161t\u011bn\u00ed z porodnice - Porodnice U Apolin\u00e1\u0159e<\/title>\n<meta name=\"robots\" content=\"noindex, follow, max-snippet:-1, max-image-preview:large, max-video-preview:-1\" \/>\n<meta property=\"og:locale\" content=\"vi_VN\" \/>\n<meta property=\"og:type\" content=\"article\" \/>\n<meta property=\"og:title\" content=\"Propu\u0161t\u011bn\u00ed z porodnice - Porodnice U Apolin\u00e1\u0159e\" \/>\n<meta property=\"og:url\" content=\"https:\/\/apolinar.capta.cz\/vi\/neonatologie\/fyziologicky-novorozenec\/propusteni-z-porodnice\/\" \/>\n<meta property=\"og:site_name\" content=\"Porodnice U Apolin\u00e1\u0159e\" \/>\n<meta name=\"twitter:card\" content=\"summary_large_image\" \/>\n<script type=\"application\/ld+json\" class=\"yoast-schema-graph\">{\"@context\":\"https:\/\/schema.org\",\"@graph\":[{\"@type\":\"WebPage\",\"@id\":\"https:\/\/apolinar.capta.cz\/vi\/neonatologie\/fyziologicky-novorozenec\/propusteni-z-porodnice\/\",\"url\":\"https:\/\/apolinar.capta.cz\/vi\/neonatologie\/fyziologicky-novorozenec\/propusteni-z-porodnice\/\",\"name\":\"Propu\u0161t\u011bn\u00ed z porodnice - Porodnice U Apolin\u00e1\u0159e\",\"isPartOf\":{\"@id\":\"https:\/\/apolinar.capta.cz\/vi\/#website\"},\"datePublished\":\"2023-07-12T12:19:23+00:00\",\"breadcrumb\":{\"@id\":\"https:\/\/apolinar.capta.cz\/vi\/neonatologie\/fyziologicky-novorozenec\/propusteni-z-porodnice\/#breadcrumb\"},\"inLanguage\":\"vi-VN\",\"potentialAction\":[{\"@type\":\"ReadAction\",\"target\":[\"https:\/\/apolinar.capta.cz\/vi\/neonatologie\/fyziologicky-novorozenec\/propusteni-z-porodnice\/\"]}]},{\"@type\":\"BreadcrumbList\",\"@id\":\"https:\/\/apolinar.capta.cz\/vi\/neonatologie\/fyziologicky-novorozenec\/propusteni-z-porodnice\/#breadcrumb\",\"itemListElement\":[{\"@type\":\"ListItem\",\"position\":1,\"name\":\"Dom\u016f\",\"item\":\"https:\/\/apolinar.capta.cz\/vi\/\"},{\"@type\":\"ListItem\",\"position\":2,\"name\":\"Propu\u0161t\u011bn\u00ed z porodnice\"}]},{\"@type\":\"WebSite\",\"@id\":\"https:\/\/apolinar.capta.cz\/vi\/#website\",\"url\":\"https:\/\/apolinar.capta.cz\/vi\/\",\"name\":\"Porodnice U Apolin\u00e1\u0159e\",\"description\":\"Klinika gynekologie, porodnictv\u00ed a neonatologie 1. LF UK a VFN v Praze\",\"potentialAction\":[{\"@type\":\"SearchAction\",\"target\":{\"@type\":\"EntryPoint\",\"urlTemplate\":\"https:\/\/apolinar.capta.cz\/vi\/?s={search_term_string}\"},\"query-input\":{\"@type\":\"PropertyValueSpecification\",\"valueRequired\":true,\"valueName\":\"search_term_string\"}}],\"inLanguage\":\"vi-VN\"}]}<\/script>\n<!-- \/ Yoast SEO plugin. -->","yoast_head_json":{"title":"Propu\u0161t\u011bn\u00ed z porodnice - Porodnice U Apolin\u00e1\u0159e","robots":{"index":"noindex","follow":"follow","max-snippet":"max-snippet:-1","max-image-preview":"max-image-preview:large","max-video-preview":"max-video-preview:-1"},"og_locale":"vi_VN","og_type":"article","og_title":"Propu\u0161t\u011bn\u00ed z porodnice - Porodnice U Apolin\u00e1\u0159e","og_url":"https:\/\/apolinar.capta.cz\/vi\/neonatologie\/fyziologicky-novorozenec\/propusteni-z-porodnice\/","og_site_name":"Porodnice U Apolin\u00e1\u0159e","twitter_card":"summary_large_image","schema":{"@context":"https:\/\/schema.org","@graph":[{"@type":"WebPage","@id":"https:\/\/apolinar.capta.cz\/vi\/neonatologie\/fyziologicky-novorozenec\/propusteni-z-porodnice\/","url":"https:\/\/apolinar.capta.cz\/vi\/neonatologie\/fyziologicky-novorozenec\/propusteni-z-porodnice\/","name":"Propu\u0161t\u011bn\u00ed z porodnice - Porodnice U Apolin\u00e1\u0159e","isPartOf":{"@id":"https:\/\/apolinar.capta.cz\/vi\/#website"},"datePublished":"2023-07-12T12:19:23+00:00","breadcrumb":{"@id":"https:\/\/apolinar.capta.cz\/vi\/neonatologie\/fyziologicky-novorozenec\/propusteni-z-porodnice\/#breadcrumb"},"inLanguage":"vi-VN","potentialAction":[{"@type":"ReadAction","target":["https:\/\/apolinar.capta.cz\/vi\/neonatologie\/fyziologicky-novorozenec\/propusteni-z-porodnice\/"]}]},{"@type":"BreadcrumbList","@id":"https:\/\/apolinar.capta.cz\/vi\/neonatologie\/fyziologicky-novorozenec\/propusteni-z-porodnice\/#breadcrumb","itemListElement":[{"@type":"ListItem","position":1,"name":"Dom\u016f","item":"https:\/\/apolinar.capta.cz\/vi\/"},{"@type":"ListItem","position":2,"name":"Propu\u0161t\u011bn\u00ed z porodnice"}]},{"@type":"WebSite","@id":"https:\/\/apolinar.capta.cz\/vi\/#website","url":"https:\/\/apolinar.capta.cz\/vi\/","name":"Porodnice U Apolin\u00e1\u0159e","description":"Klinika gynekologie, porodnictv\u00ed a neonatologie 1. LF UK a VFN v Praze","potentialAction":[{"@type":"SearchAction","target":{"@type":"EntryPoint","urlTemplate":"https:\/\/apolinar.capta.cz\/vi\/?s={search_term_string}"},"query-input":{"@type":"PropertyValueSpecification","valueRequired":true,"valueName":"search_term_string"}}],"inLanguage":"vi-VN"}]}},"_links":{"self":[{"href":"https:\/\/apolinar.capta.cz\/vi\/wp-json\/wp\/v2\/pages\/1950","targetHints":{"allow":["GET"]}}],"collection":[{"href":"https:\/\/apolinar.capta.cz\/vi\/wp-json\/wp\/v2\/pages"}],"about":[{"href":"https:\/\/apolinar.capta.cz\/vi\/wp-json\/wp\/v2\/types\/page"}],"author":[{"embeddable":true,"href":"https:\/\/apolinar.capta.cz\/vi\/wp-json\/wp\/v2\/users\/3"}],"replies":[{"embeddable":true,"href":"https:\/\/apolinar.capta.cz\/vi\/wp-json\/wp\/v2\/comments?post=1950"}],"version-history":[{"count":0,"href":"https:\/\/apolinar.capta.cz\/vi\/wp-json\/wp\/v2\/pages\/1950\/revisions"}],"up":[{"embeddable":true,"href":"https:\/\/apolinar.capta.cz\/vi\/wp-json\/wp\/v2\/pages\/4001"}],"wp:attachment":[{"href":"https:\/\/apolinar.capta.cz\/vi\/wp-json\/wp\/v2\/media?parent=1950"}],"curies":[{"name":"wp","href":"https:\/\/api.w.org\/{rel}","templated":true}]}}